{"id":3499,"date":"2026-02-04T21:11:26","date_gmt":"2026-02-04T13:11:26","guid":{"rendered":"https:\/\/halleffectkeyboard.com\/?post_type=product&#038;p=3499"},"modified":"2026-02-04T21:11:26","modified_gmt":"2026-02-04T13:11:26","slug":"extracteur-de-touches","status":"publish","type":"product","link":"https:\/\/halleffectkeyboard.com\/fr\/product\/extracteur-de-touches\/","title":{"rendered":"extracteur de touches"},"content":{"rendered":"<h2 data-start=\"122\" data-end=\"164\">Acier inoxydable \u00e0 4 cl\u00e9s <strong data-start=\"147\" data-end=\"164\">extracteur de touches<\/strong><\/h2>\n<p data-start=\"166\" data-end=\"235\"><strong data-start=\"166\" data-end=\"235\">Retrait facile \u00b7 Sans dommage \u00b7 Con\u00e7u pour les claviers m\u00e9caniques<\/strong><\/p>\n<p data-start=\"237\" data-end=\"520\"><strong data-start=\"237\" data-end=\"254\">extracteur de touches<\/strong> Con\u00e7u pour un retrait rapide, s\u00fbr et efficace des touches, cet outil professionnel est dot\u00e9 d&#039;une technologie innovante. <strong data-start=\"356\" data-end=\"396\">conception \u00e0 quatre touches \u00e0 traction simultan\u00e9e<\/strong> qui permet de retirer plusieurs touches simultan\u00e9ment, am\u00e9liorant consid\u00e9rablement la vitesse de nettoyage et l&#039;efficacit\u00e9 de la personnalisation du clavier.<\/p>\n<p data-start=\"522\" data-end=\"834\">Construit avec <strong data-start=\"533\" data-end=\"568\">acier inoxydable \u00e0 haute teneur en carbone 420<\/strong>, ce <strong data-start=\"575\" data-end=\"592\">extracteur de touches<\/strong> Ce clavier offre une excellente durabilit\u00e9 et une grande r\u00e9sistance \u00e0 l&#039;usure. Les griffes m\u00e9talliques sont trait\u00e9es thermiquement et passiv\u00e9es \u00e9lectrolytiquement pour former une couche protectrice, tandis que les bords finement polis assurent une manipulation s\u00fbre et pr\u00e9viennent d&#039;endommager les touches ou les interrupteurs.<\/p>\n<p data-start=\"836\" data-end=\"1183\">Contrairement aux extracteurs de touches classiques, celui-ci <strong data-start=\"874\" data-end=\"901\">extracteur de touches multiples<\/strong> est \u00e9quip\u00e9 d&#039;un syst\u00e8me de ressorts renforc\u00e9s et d&#039;un \u00e9crou en laiton int\u00e9gr\u00e9, offrant une capacit\u00e9 de charge accrue, un fonctionnement plus fluide et une stabilit\u00e9 \u00e0 long terme. Sa structure compacte et l\u00e9g\u00e8re en fait un produit id\u00e9al. <strong data-start=\"1101\" data-end=\"1118\">extracteur de touches<\/strong> Facile \u00e0 ranger et \u00e0 transporter, id\u00e9al pour l&#039;entretien quotidien du clavier.<\/p>\n<p data-start=\"1185\" data-end=\"1555\">La poign\u00e9e ergonomique et la conception pr\u00e9cise du positionnement des doigts offrent une prise en main confortable et un contr\u00f4le sans effort, permettant ainsi aux d\u00e9butants comme aux passionn\u00e9s de claviers d&#039;utiliser cet appareil. <strong data-start=\"1354\" data-end=\"1371\">extracteur de touches<\/strong> rapidement et en toute s\u00e9curit\u00e9. Gr\u00e2ce \u00e0 sa structure de serrage pr\u00e9cise, ce <strong data-start=\"1440\" data-end=\"1457\">extracteur de touches<\/strong> est largement compatible avec la plupart des touches de claviers m\u00e9caniques, quelles que soient leur disposition et leur forme.<\/p>\n<h3 data-start=\"1557\" data-end=\"1571\">Comment utiliser<\/h3>\n<p data-start=\"1572\" data-end=\"1797\">Il suffit de placer le <strong data-start=\"1589\" data-end=\"1606\">extracteur de touches<\/strong> Les griffes situ\u00e9es de chaque c\u00f4t\u00e9 des touches permettent de les retirer facilement et proprement en tirant vers le haut. Inutile de r\u00e9aligner les touches\u00a0: la personnalisation et le nettoyage sont rapides et sans effort.<\/p>\n<h3 data-start=\"1799\" data-end=\"1810\">R\u00e9sum\u00e9<\/h3>\n<p data-start=\"1811\" data-end=\"2046\">Combinaison <strong data-start=\"1821\" data-end=\"1854\">retrait simultan\u00e9 des quatre cl\u00e9s<\/strong>, <strong data-start=\"1856\" data-end=\"1881\">fonctionnement sans dommage<\/strong>, et un <strong data-start=\"1889\" data-end=\"1922\">construction robuste en acier inoxydable<\/strong>, ce <strong data-start=\"1929\" data-end=\"1946\">extracteur de touches<\/strong> est un outil indispensable pour quiconque nettoie, personnalise ou am\u00e9liore r\u00e9guli\u00e8rement des claviers m\u00e9caniques.<\/p>\n<p data-start=\"1811\" data-end=\"2046\"><img loading=\"lazy\" decoding=\"async\" class=\"alignnone size-full wp-image-3517\" src=\"https:\/\/halleffectkeyboard.com\/wp-content\/uploads\/2026\/02\/12-2.jpg\" alt=\"extracteur de touches\" width=\"1883\" height=\"1981\" srcset=\"https:\/\/halleffectkeyboard.com\/wp-content\/uploads\/2026\/02\/12-2.jpg 1883w, https:\/\/halleffectkeyboard.com\/wp-content\/uploads\/2026\/02\/12-2-285x300.jpg 285w, https:\/\/halleffectkeyboard.com\/wp-content\/uploads\/2026\/02\/12-2-973x1024.jpg 973w, https:\/\/halleffectkeyboard.com\/wp-content\/uploads\/2026\/02\/12-2-768x808.jpg 768w, https:\/\/halleffectkeyboard.com\/wp-content\/uploads\/2026\/02\/12-2-1460x1536.jpg 1460w, https:\/\/halleffectkeyboard.com\/wp-content\/uploads\/2026\/02\/12-2-11x12.jpg 11w, https:\/\/halleffectkeyboard.com\/wp-content\/uploads\/2026\/02\/12-2-300x316.jpg 300w, https:\/\/halleffectkeyboard.com\/wp-content\/uploads\/2026\/02\/12-2-1200x1262.jpg 1200w\" sizes=\"auto, (max-width: 1883px) 100vw, 1883px\" \/><img loading=\"lazy\" decoding=\"async\" class=\"alignnone size-full wp-image-3518\" src=\"https:\/\/halleffectkeyboard.com\/wp-content\/uploads\/2026\/02\/13.jpg\" alt=\"extracteur de touches\" width=\"2000\" height=\"1708\" srcset=\"https:\/\/halleffectkeyboard.com\/wp-content\/uploads\/2026\/02\/13.jpg 2000w, https:\/\/halleffectkeyboard.com\/wp-content\/uploads\/2026\/02\/13-300x256.jpg 300w, https:\/\/halleffectkeyboard.com\/wp-content\/uploads\/2026\/02\/13-1024x874.jpg 1024w, https:\/\/halleffectkeyboard.com\/wp-content\/uploads\/2026\/02\/13-768x656.jpg 768w, https:\/\/halleffectkeyboard.com\/wp-content\/uploads\/2026\/02\/13-1536x1312.jpg 1536w, https:\/\/halleffectkeyboard.com\/wp-content\/uploads\/2026\/02\/13-14x12.jpg 14w, https:\/\/halleffectkeyboard.com\/wp-content\/uploads\/2026\/02\/13-1200x1025.jpg 1200w\" sizes=\"auto, (max-width: 2000px) 100vw, 2000px\" \/><\/p>\n<p data-start=\"1811\" data-end=\"2046\">","protected":false},"excerpt":{"rendered":"<p>4-Key Stainless Steel Keycap Puller Effortless Removal \u00b7 Damage-Free \u00b7 Built for Mechanical Keyboards Keycap Puller designed for fast, safe, and efficient keycap removal, this professional tool features an innovative four-key simultaneous pulling design that allows multiple keycaps to be removed at once, greatly improving cleaning speed and keyboard customization efficiency. Built with 420 high-carbon [&hellip;]<\/p>\n","protected":false},"featured_media":3502,"comment_status":"open","ping_status":"closed","template":"","meta":[],"product_brand":[191],"product_cat":[290],"product_tag":[291,292],"class_list":{"0":"post-3499","1":"product","2":"type-product","3":"status-publish","4":"has-post-thumbnail","6":"product_brand-hek","7":"product_cat-tool","8":"product_tag-keycap-puller","9":"product_tag-tool","11":"first","12":"instock","13":"taxable","14":"shipping-taxable","15":"purchasable","16":"product-type-variable","17":"wvs-archive-product-wrapper"},"aioseo_notices":[],"ct_brands":[{"id":191,"name":"HEK","slug":"hek"}],"jetpack_sharing_enabled":true,"_links":{"self":[{"href":"https:\/\/halleffectkeyboard.com\/fr\/wp-json\/wp\/v2\/product\/3499","targetHints":{"allow":["GET"]}}],"collection":[{"href":"https:\/\/halleffectkeyboard.com\/fr\/wp-json\/wp\/v2\/product"}],"about":[{"href":"https:\/\/halleffectkeyboard.com\/fr\/wp-json\/wp\/v2\/types\/product"}],"replies":[{"embeddable":true,"href":"https:\/\/halleffectkeyboard.com\/fr\/wp-json\/wp\/v2\/comments?post=3499"}],"version-history":[{"count":5,"href":"https:\/\/halleffectkeyboard.com\/fr\/wp-json\/wp\/v2\/product\/3499\/revisions"}],"predecessor-version":[{"id":3519,"href":"https:\/\/halleffectkeyboard.com\/fr\/wp-json\/wp\/v2\/product\/3499\/revisions\/3519"}],"wp:featuredmedia":[{"embeddable":true,"href":"https:\/\/halleffectkeyboard.com\/fr\/wp-json\/wp\/v2\/media\/3502"}],"wp:attachment":[{"href":"https:\/\/halleffectkeyboard.com\/fr\/wp-json\/wp\/v2\/media?parent=3499"}],"wp:term":[{"taxonomy":"product_brand","embeddable":true,"href":"https:\/\/halleffectkeyboard.com\/fr\/wp-json\/wp\/v2\/product_brand?post=3499"},{"taxonomy":"product_cat","embeddable":true,"href":"https:\/\/halleffectkeyboard.com\/fr\/wp-json\/wp\/v2\/product_cat?post=3499"},{"taxonomy":"product_tag","embeddable":true,"href":"https:\/\/halleffectkeyboard.com\/fr\/wp-json\/wp\/v2\/product_tag?post=3499"}],"curies":[{"name":"wp","href":"https:\/\/api.w.org\/{rel}","templated":true}]}}