{"id":3308,"date":"2026-01-08T18:40:39","date_gmt":"2026-01-08T10:40:39","guid":{"rendered":"https:\/\/halleffectkeyboard.com\/?post_type=product&#038;p=3308"},"modified":"2026-03-16T17:55:34","modified_gmt":"2026-03-16T09:55:34","slug":"attaque-rs6-air","status":"publish","type":"product","link":"https:\/\/halleffectkeyboard.com\/fr\/product\/attaque-rs6-air\/","title":{"rendered":"ATK RS6 Air"},"content":{"rendered":"<p><strong>ATK RS6 Air\u00a0: Am\u00e9liorez votre exp\u00e9rience de jeu<\/strong><\/p>\n<p>Le clavier gaming ATK RS6 Air est un mod\u00e8le haute performance qui allie technologie de pointe et qualit\u00e9 de fabrication exceptionnelle. Con\u00e7u pour les joueurs exigeants, il offre une gamme de fonctionnalit\u00e9s qui propulsent votre exp\u00e9rience de jeu vers de nouveaux sommets.<\/p>\n<p><strong>Caract\u00e9ristiques principales :<\/strong><\/p>\n<ul>\n<li>Interrupteurs ATK Iceblade ou Zenith pour une activation fluide et r\u00e9active<\/li>\n<li>Plage de temps de r\u00e9ponse (RT) r\u00e9glable avec pr\u00e9cision de 0,001 \u00e0 3,3 mm<\/li>\n<li>Pr\u00e9cision de r\u00e9glage RT de 0,001 mm pour des r\u00e9actions ultra-rapides<\/li>\n<li>D\u00e9lai de r\u00e9ponse complet de 0,28 ms pour une r\u00e9activit\u00e9 in\u00e9gal\u00e9e<\/li>\n<li>Vitesses de balayage de 32\u00a0000 touches compl\u00e8tes et de 256\u00a0000 touches individuelles pour une d\u00e9tection d&#039;entr\u00e9e rapide<\/li>\n<li>Fr\u00e9quence d&#039;interrogation de 8 kHz pour une communication fluide avec votre syst\u00e8me<\/li>\n<li>D\u00e9lai de transmission de 0,08 ms pour une ex\u00e9cution instantan\u00e9e des commandes<\/li>\n<li>Connexion filaire compatible avec Windows, macOS et Linux<\/li>\n<li>Pilote ATK HUB 3.0 pour la personnalisation et les fonctionnalit\u00e9s avanc\u00e9es<\/li>\n<li>Zone morte r\u00e9glable, SOCD et fonctions de visualisation musicale<\/li>\n<\/ul>\n<p><strong>Conception et construction sans compromis\u00a0:<\/strong><\/p>\n<ul>\n<li>Un design \u00e9l\u00e9gant et moderne, disponible en blanc, noir ou rose.<\/li>\n<li>Plaque de montage en aluminium durable pour une stabilit\u00e9 et une rigidit\u00e9 accrues<\/li>\n<li>Montage de commutateur avec joint de qualit\u00e9 sup\u00e9rieure pour une exp\u00e9rience de frappe satisfaisante et confortable<\/li>\n<li>Des composants internes con\u00e7us avec une grande pr\u00e9cision, notamment de la mousse enduite de silicone et des coussinets de commutateurs en XPE, pour des performances et une long\u00e9vit\u00e9 optimales.<\/li>\n<\/ul>\n<p>D\u00e9couvrez le summum des p\u00e9riph\u00e9riques de jeu avec l&#039;ATK RS6 Air. Atteignez de nouveaux sommets et dominez la comp\u00e9tition gr\u00e2ce \u00e0 ce clavier m\u00e9canique exceptionnel.<img loading=\"lazy\" decoding=\"async\" class=\"alignnone wp-image-3315 size-full\" src=\"https:\/\/halleffectkeyboard.com\/wp-content\/uploads\/2026\/01\/17678623312620.jpg\" alt=\"ATK RS6 Air\" width=\"1500\" height=\"2217\" srcset=\"https:\/\/halleffectkeyboard.com\/wp-content\/uploads\/2026\/01\/17678623312620.jpg 1500w, https:\/\/halleffectkeyboard.com\/wp-content\/uploads\/2026\/01\/17678623312620-203x300.jpg 203w, https:\/\/halleffectkeyboard.com\/wp-content\/uploads\/2026\/01\/17678623312620-693x1024.jpg 693w, https:\/\/halleffectkeyboard.com\/wp-content\/uploads\/2026\/01\/17678623312620-768x1135.jpg 768w, https:\/\/halleffectkeyboard.com\/wp-content\/uploads\/2026\/01\/17678623312620-1039x1536.jpg 1039w, https:\/\/halleffectkeyboard.com\/wp-content\/uploads\/2026\/01\/17678623312620-1386x2048.jpg 1386w, https:\/\/halleffectkeyboard.com\/wp-content\/uploads\/2026\/01\/17678623312620-8x12.jpg 8w, https:\/\/halleffectkeyboard.com\/wp-content\/uploads\/2026\/01\/17678623312620-300x443.jpg 300w, https:\/\/halleffectkeyboard.com\/wp-content\/uploads\/2026\/01\/17678623312620-1200x1774.jpg 1200w\" sizes=\"auto, (max-width: 1500px) 100vw, 1500px\" \/> <img loading=\"lazy\" decoding=\"async\" class=\"alignnone wp-image-3316 size-full\" src=\"https:\/\/halleffectkeyboard.com\/wp-content\/uploads\/2026\/01\/17678623315461.png\" alt=\"ATK RS6 Air\" width=\"1500\" height=\"1967\" srcset=\"https:\/\/halleffectkeyboard.com\/wp-content\/uploads\/2026\/01\/17678623315461.png 1500w, https:\/\/halleffectkeyboard.com\/wp-content\/uploads\/2026\/01\/17678623315461-229x300.png 229w, https:\/\/halleffectkeyboard.com\/wp-content\/uploads\/2026\/01\/17678623315461-781x1024.png 781w, https:\/\/halleffectkeyboard.com\/wp-content\/uploads\/2026\/01\/17678623315461-768x1007.png 768w, https:\/\/halleffectkeyboard.com\/wp-content\/uploads\/2026\/01\/17678623315461-1171x1536.png 1171w, https:\/\/halleffectkeyboard.com\/wp-content\/uploads\/2026\/01\/17678623315461-9x12.png 9w, https:\/\/halleffectkeyboard.com\/wp-content\/uploads\/2026\/01\/17678623315461-300x393.png 300w, https:\/\/halleffectkeyboard.com\/wp-content\/uploads\/2026\/01\/17678623315461-1200x1574.png 1200w\" sizes=\"auto, (max-width: 1500px) 100vw, 1500px\" \/> <img loading=\"lazy\" decoding=\"async\" class=\"alignnone wp-image-3317 size-full\" src=\"https:\/\/halleffectkeyboard.com\/wp-content\/uploads\/2026\/01\/17678623317822.png\" alt=\"ATK RS6 Air\" width=\"1500\" height=\"2096\" srcset=\"https:\/\/halleffectkeyboard.com\/wp-content\/uploads\/2026\/01\/17678623317822.png 1500w, https:\/\/halleffectkeyboard.com\/wp-content\/uploads\/2026\/01\/17678623317822-215x300.png 215w, https:\/\/halleffectkeyboard.com\/wp-content\/uploads\/2026\/01\/17678623317822-733x1024.png 733w, https:\/\/halleffectkeyboard.com\/wp-content\/uploads\/2026\/01\/17678623317822-768x1073.png 768w, https:\/\/halleffectkeyboard.com\/wp-content\/uploads\/2026\/01\/17678623317822-1099x1536.png 1099w, https:\/\/halleffectkeyboard.com\/wp-content\/uploads\/2026\/01\/17678623317822-1466x2048.png 1466w, https:\/\/halleffectkeyboard.com\/wp-content\/uploads\/2026\/01\/17678623317822-9x12.png 9w, https:\/\/halleffectkeyboard.com\/wp-content\/uploads\/2026\/01\/17678623317822-300x419.png 300w, https:\/\/halleffectkeyboard.com\/wp-content\/uploads\/2026\/01\/17678623317822-1200x1677.png 1200w\" sizes=\"auto, (max-width: 1500px) 100vw, 1500px\" \/> <img loading=\"lazy\" decoding=\"async\" class=\"alignnone wp-image-3318 size-full\" src=\"https:\/\/halleffectkeyboard.com\/wp-content\/uploads\/2026\/01\/17678623320243.png\" alt=\"ATK RS6 Air\" width=\"1500\" height=\"1567\" srcset=\"https:\/\/halleffectkeyboard.com\/wp-content\/uploads\/2026\/01\/17678623320243.png 1500w, https:\/\/halleffectkeyboard.com\/wp-content\/uploads\/2026\/01\/17678623320243-287x300.png 287w, https:\/\/halleffectkeyboard.com\/wp-content\/uploads\/2026\/01\/17678623320243-980x1024.png 980w, https:\/\/halleffectkeyboard.com\/wp-content\/uploads\/2026\/01\/17678623320243-768x802.png 768w, https:\/\/halleffectkeyboard.com\/wp-content\/uploads\/2026\/01\/17678623320243-1470x1536.png 1470w, https:\/\/halleffectkeyboard.com\/wp-content\/uploads\/2026\/01\/17678623320243-11x12.png 11w, https:\/\/halleffectkeyboard.com\/wp-content\/uploads\/2026\/01\/17678623320243-300x313.png 300w, https:\/\/halleffectkeyboard.com\/wp-content\/uploads\/2026\/01\/17678623320243-1200x1254.png 1200w\" sizes=\"auto, (max-width: 1500px) 100vw, 1500px\" \/> <img loading=\"lazy\" decoding=\"async\" class=\"alignnone wp-image-3319 size-full\" src=\"https:\/\/halleffectkeyboard.com\/wp-content\/uploads\/2026\/01\/17678623331424.jpg\" alt=\"ATK RS6 Air\" width=\"1500\" height=\"2147\" srcset=\"https:\/\/halleffectkeyboard.com\/wp-content\/uploads\/2026\/01\/17678623331424.jpg 1500w, https:\/\/halleffectkeyboard.com\/wp-content\/uploads\/2026\/01\/17678623331424-210x300.jpg 210w, https:\/\/halleffectkeyboard.com\/wp-content\/uploads\/2026\/01\/17678623331424-715x1024.jpg 715w, https:\/\/halleffectkeyboard.com\/wp-content\/uploads\/2026\/01\/17678623331424-768x1099.jpg 768w, https:\/\/halleffectkeyboard.com\/wp-content\/uploads\/2026\/01\/17678623331424-1073x1536.jpg 1073w, https:\/\/halleffectkeyboard.com\/wp-content\/uploads\/2026\/01\/17678623331424-1431x2048.jpg 1431w, https:\/\/halleffectkeyboard.com\/wp-content\/uploads\/2026\/01\/17678623331424-8x12.jpg 8w, https:\/\/halleffectkeyboard.com\/wp-content\/uploads\/2026\/01\/17678623331424-300x429.jpg 300w, https:\/\/halleffectkeyboard.com\/wp-content\/uploads\/2026\/01\/17678623331424-1200x1718.jpg 1200w\" sizes=\"auto, (max-width: 1500px) 100vw, 1500px\" \/> <img loading=\"lazy\" decoding=\"async\" class=\"alignnone wp-image-3320 size-full\" src=\"https:\/\/halleffectkeyboard.com\/wp-content\/uploads\/2026\/01\/17678623339545-scaled.jpg\" alt=\"ATK RS6 Air\" width=\"1451\" height=\"2560\" srcset=\"https:\/\/halleffectkeyboard.com\/wp-content\/uploads\/2026\/01\/17678623339545-scaled.jpg 1451w, https:\/\/halleffectkeyboard.com\/wp-content\/uploads\/2026\/01\/17678623339545-170x300.jpg 170w, https:\/\/halleffectkeyboard.com\/wp-content\/uploads\/2026\/01\/17678623339545-580x1024.jpg 580w, https:\/\/halleffectkeyboard.com\/wp-content\/uploads\/2026\/01\/17678623339545-768x1355.jpg 768w, https:\/\/halleffectkeyboard.com\/wp-content\/uploads\/2026\/01\/17678623339545-871x1536.jpg 871w, https:\/\/halleffectkeyboard.com\/wp-content\/uploads\/2026\/01\/17678623339545-1161x2048.jpg 1161w, https:\/\/halleffectkeyboard.com\/wp-content\/uploads\/2026\/01\/17678623339545-7x12.jpg 7w, https:\/\/halleffectkeyboard.com\/wp-content\/uploads\/2026\/01\/17678623339545-300x529.jpg 300w, https:\/\/halleffectkeyboard.com\/wp-content\/uploads\/2026\/01\/17678623339545-1200x2117.jpg 1200w\" sizes=\"auto, (max-width: 1451px) 100vw, 1451px\" \/> <img loading=\"lazy\" decoding=\"async\" class=\"alignnone wp-image-3321 size-full\" src=\"https:\/\/halleffectkeyboard.com\/wp-content\/uploads\/2026\/01\/17678623342146-scaled.png\" alt=\"ATK RS6 Air\" width=\"1321\" height=\"2560\" srcset=\"https:\/\/halleffectkeyboard.com\/wp-content\/uploads\/2026\/01\/17678623342146-scaled.png 1321w, https:\/\/halleffectkeyboard.com\/wp-content\/uploads\/2026\/01\/17678623342146-155x300.png 155w, https:\/\/halleffectkeyboard.com\/wp-content\/uploads\/2026\/01\/17678623342146-529x1024.png 529w, https:\/\/halleffectkeyboard.com\/wp-content\/uploads\/2026\/01\/17678623342146-768x1488.png 768w, https:\/\/halleffectkeyboard.com\/wp-content\/uploads\/2026\/01\/17678623342146-793x1536.png 793w, https:\/\/halleffectkeyboard.com\/wp-content\/uploads\/2026\/01\/17678623342146-1057x2048.png 1057w, https:\/\/halleffectkeyboard.com\/wp-content\/uploads\/2026\/01\/17678623342146-6x12.png 6w, https:\/\/halleffectkeyboard.com\/wp-content\/uploads\/2026\/01\/17678623342146-300x581.png 300w, https:\/\/halleffectkeyboard.com\/wp-content\/uploads\/2026\/01\/17678623342146-1200x2325.png 1200w\" sizes=\"auto, (max-width: 1321px) 100vw, 1321px\" \/> <img loading=\"lazy\" decoding=\"async\" class=\"alignnone wp-image-3322 size-full\" src=\"https:\/\/halleffectkeyboard.com\/wp-content\/uploads\/2026\/01\/17678623348037-scaled.png\" alt=\"ATK RS6 Air\" width=\"1342\" height=\"2560\" srcset=\"https:\/\/halleffectkeyboard.com\/wp-content\/uploads\/2026\/01\/17678623348037-scaled.png 1342w, https:\/\/halleffectkeyboard.com\/wp-content\/uploads\/2026\/01\/17678623348037-157x300.png 157w, https:\/\/halleffectkeyboard.com\/wp-content\/uploads\/2026\/01\/17678623348037-537x1024.png 537w, https:\/\/halleffectkeyboard.com\/wp-content\/uploads\/2026\/01\/17678623348037-768x1465.png 768w, https:\/\/halleffectkeyboard.com\/wp-content\/uploads\/2026\/01\/17678623348037-805x1536.png 805w, https:\/\/halleffectkeyboard.com\/wp-content\/uploads\/2026\/01\/17678623348037-1073x2048.png 1073w, https:\/\/halleffectkeyboard.com\/wp-content\/uploads\/2026\/01\/17678623348037-6x12.png 6w, https:\/\/halleffectkeyboard.com\/wp-content\/uploads\/2026\/01\/17678623348037-300x572.png 300w, https:\/\/halleffectkeyboard.com\/wp-content\/uploads\/2026\/01\/17678623348037-1200x2290.png 1200w\" sizes=\"auto, (max-width: 1342px) 100vw, 1342px\" \/> <img loading=\"lazy\" decoding=\"async\" class=\"alignnone wp-image-3323 size-full\" src=\"https:\/\/halleffectkeyboard.com\/wp-content\/uploads\/2026\/01\/17678623350628-scaled.png\" alt=\"ATK RS6 Air\" width=\"1441\" height=\"2560\" srcset=\"https:\/\/halleffectkeyboard.com\/wp-content\/uploads\/2026\/01\/17678623350628-scaled.png 1441w, https:\/\/halleffectkeyboard.com\/wp-content\/uploads\/2026\/01\/17678623350628-169x300.png 169w, https:\/\/halleffectkeyboard.com\/wp-content\/uploads\/2026\/01\/17678623350628-577x1024.png 577w, https:\/\/halleffectkeyboard.com\/wp-content\/uploads\/2026\/01\/17678623350628-768x1364.png 768w, https:\/\/halleffectkeyboard.com\/wp-content\/uploads\/2026\/01\/17678623350628-865x1536.png 865w, https:\/\/halleffectkeyboard.com\/wp-content\/uploads\/2026\/01\/17678623350628-1153x2048.png 1153w, https:\/\/halleffectkeyboard.com\/wp-content\/uploads\/2026\/01\/17678623350628-7x12.png 7w, https:\/\/halleffectkeyboard.com\/wp-content\/uploads\/2026\/01\/17678623350628-300x533.png 300w, https:\/\/halleffectkeyboard.com\/wp-content\/uploads\/2026\/01\/17678623350628-1200x2131.png 1200w\" sizes=\"auto, (max-width: 1441px) 100vw, 1441px\" \/> <img loading=\"lazy\" decoding=\"async\" class=\"alignnone wp-image-3324 size-full\" src=\"https:\/\/halleffectkeyboard.com\/wp-content\/uploads\/2026\/01\/17678623358089.png\" alt=\"ATK RS6 Air\" width=\"1500\" height=\"2313\" srcset=\"https:\/\/halleffectkeyboard.com\/wp-content\/uploads\/2026\/01\/17678623358089.png 1500w, https:\/\/halleffectkeyboard.com\/wp-content\/uploads\/2026\/01\/17678623358089-195x300.png 195w, https:\/\/halleffectkeyboard.com\/wp-content\/uploads\/2026\/01\/17678623358089-664x1024.png 664w, https:\/\/halleffectkeyboard.com\/wp-content\/uploads\/2026\/01\/17678623358089-768x1184.png 768w, https:\/\/halleffectkeyboard.com\/wp-content\/uploads\/2026\/01\/17678623358089-996x1536.png 996w, https:\/\/halleffectkeyboard.com\/wp-content\/uploads\/2026\/01\/17678623358089-1328x2048.png 1328w, https:\/\/halleffectkeyboard.com\/wp-content\/uploads\/2026\/01\/17678623358089-8x12.png 8w, https:\/\/halleffectkeyboard.com\/wp-content\/uploads\/2026\/01\/17678623358089-300x463.png 300w, https:\/\/halleffectkeyboard.com\/wp-content\/uploads\/2026\/01\/17678623358089-1200x1850.png 1200w\" sizes=\"auto, (max-width: 1500px) 100vw, 1500px\" \/> <img loading=\"lazy\" decoding=\"async\" class=\"alignnone wp-image-3325 size-full\" src=\"https:\/\/halleffectkeyboard.com\/wp-content\/uploads\/2026\/01\/176786233669510.jpg\" alt=\"ATK RS6 Air\" width=\"1500\" height=\"2319\" srcset=\"https:\/\/halleffectkeyboard.com\/wp-content\/uploads\/2026\/01\/176786233669510.jpg 1500w, https:\/\/halleffectkeyboard.com\/wp-content\/uploads\/2026\/01\/176786233669510-194x300.jpg 194w, https:\/\/halleffectkeyboard.com\/wp-content\/uploads\/2026\/01\/176786233669510-662x1024.jpg 662w, https:\/\/halleffectkeyboard.com\/wp-content\/uploads\/2026\/01\/176786233669510-768x1187.jpg 768w, https:\/\/halleffectkeyboard.com\/wp-content\/uploads\/2026\/01\/176786233669510-994x1536.jpg 994w, https:\/\/halleffectkeyboard.com\/wp-content\/uploads\/2026\/01\/176786233669510-1325x2048.jpg 1325w, https:\/\/halleffectkeyboard.com\/wp-content\/uploads\/2026\/01\/176786233669510-8x12.jpg 8w, https:\/\/halleffectkeyboard.com\/wp-content\/uploads\/2026\/01\/176786233669510-300x464.jpg 300w, https:\/\/halleffectkeyboard.com\/wp-content\/uploads\/2026\/01\/176786233669510-1200x1855.jpg 1200w\" sizes=\"auto, (max-width: 1500px) 100vw, 1500px\" \/> <img loading=\"lazy\" decoding=\"async\" class=\"alignnone wp-image-3326 size-full\" src=\"https:\/\/halleffectkeyboard.com\/wp-content\/uploads\/2026\/01\/176786233767011.jpg\" alt=\"ATK RS6 Air\" width=\"1500\" height=\"2219\" srcset=\"https:\/\/halleffectkeyboard.com\/wp-content\/uploads\/2026\/01\/176786233767011.jpg 1500w, https:\/\/halleffectkeyboard.com\/wp-content\/uploads\/2026\/01\/176786233767011-203x300.jpg 203w, https:\/\/halleffectkeyboard.com\/wp-content\/uploads\/2026\/01\/176786233767011-692x1024.jpg 692w, https:\/\/halleffectkeyboard.com\/wp-content\/uploads\/2026\/01\/176786233767011-768x1136.jpg 768w, https:\/\/halleffectkeyboard.com\/wp-content\/uploads\/2026\/01\/176786233767011-1038x1536.jpg 1038w, https:\/\/halleffectkeyboard.com\/wp-content\/uploads\/2026\/01\/176786233767011-1384x2048.jpg 1384w, https:\/\/halleffectkeyboard.com\/wp-content\/uploads\/2026\/01\/176786233767011-8x12.jpg 8w, https:\/\/halleffectkeyboard.com\/wp-content\/uploads\/2026\/01\/176786233767011-300x444.jpg 300w, https:\/\/halleffectkeyboard.com\/wp-content\/uploads\/2026\/01\/176786233767011-1200x1775.jpg 1200w\" sizes=\"auto, (max-width: 1500px) 100vw, 1500px\" \/> <img loading=\"lazy\" decoding=\"async\" class=\"alignnone wp-image-3327 size-full\" src=\"https:\/\/halleffectkeyboard.com\/wp-content\/uploads\/2026\/01\/176786233790812.png\" alt=\"ATK RS6 Air\" width=\"1500\" height=\"2300\" srcset=\"https:\/\/halleffectkeyboard.com\/wp-content\/uploads\/2026\/01\/176786233790812.png 1500w, https:\/\/halleffectkeyboard.com\/wp-content\/uploads\/2026\/01\/176786233790812-196x300.png 196w, https:\/\/halleffectkeyboard.com\/wp-content\/uploads\/2026\/01\/176786233790812-668x1024.png 668w, https:\/\/halleffectkeyboard.com\/wp-content\/uploads\/2026\/01\/176786233790812-768x1178.png 768w, https:\/\/halleffectkeyboard.com\/wp-content\/uploads\/2026\/01\/176786233790812-1002x1536.png 1002w, https:\/\/halleffectkeyboard.com\/wp-content\/uploads\/2026\/01\/176786233790812-1336x2048.png 1336w, https:\/\/halleffectkeyboard.com\/wp-content\/uploads\/2026\/01\/176786233790812-8x12.png 8w, https:\/\/halleffectkeyboard.com\/wp-content\/uploads\/2026\/01\/176786233790812-300x460.png 300w, https:\/\/halleffectkeyboard.com\/wp-content\/uploads\/2026\/01\/176786233790812-1200x1840.png 1200w\" sizes=\"auto, (max-width: 1500px) 100vw, 1500px\" \/> <img loading=\"lazy\" decoding=\"async\" class=\"alignnone wp-image-3328 size-full\" src=\"https:\/\/halleffectkeyboard.com\/wp-content\/uploads\/2026\/01\/176786233815513.png\" alt=\"ATK RS6 Air\" width=\"1500\" height=\"2145\" srcset=\"https:\/\/halleffectkeyboard.com\/wp-content\/uploads\/2026\/01\/176786233815513.png 1500w, https:\/\/halleffectkeyboard.com\/wp-content\/uploads\/2026\/01\/176786233815513-210x300.png 210w, https:\/\/halleffectkeyboard.com\/wp-content\/uploads\/2026\/01\/176786233815513-716x1024.png 716w, https:\/\/halleffectkeyboard.com\/wp-content\/uploads\/2026\/01\/176786233815513-768x1098.png 768w, https:\/\/halleffectkeyboard.com\/wp-content\/uploads\/2026\/01\/176786233815513-1074x1536.png 1074w, https:\/\/halleffectkeyboard.com\/wp-content\/uploads\/2026\/01\/176786233815513-1432x2048.png 1432w, https:\/\/halleffectkeyboard.com\/wp-content\/uploads\/2026\/01\/176786233815513-8x12.png 8w, https:\/\/halleffectkeyboard.com\/wp-content\/uploads\/2026\/01\/176786233815513-300x429.png 300w, https:\/\/halleffectkeyboard.com\/wp-content\/uploads\/2026\/01\/176786233815513-1200x1716.png 1200w\" sizes=\"auto, (max-width: 1500px) 100vw, 1500px\" \/> <img loading=\"lazy\" decoding=\"async\" class=\"alignnone wp-image-3329 size-full\" src=\"https:\/\/halleffectkeyboard.com\/wp-content\/uploads\/2026\/01\/176786233842514.png\" alt=\"ATK RS6 Air\" width=\"1500\" height=\"2180\" srcset=\"https:\/\/halleffectkeyboard.com\/wp-content\/uploads\/2026\/01\/176786233842514.png 1500w, https:\/\/halleffectkeyboard.com\/wp-content\/uploads\/2026\/01\/176786233842514-206x300.png 206w, https:\/\/halleffectkeyboard.com\/wp-content\/uploads\/2026\/01\/176786233842514-705x1024.png 705w, https:\/\/halleffectkeyboard.com\/wp-content\/uploads\/2026\/01\/176786233842514-768x1116.png 768w, https:\/\/halleffectkeyboard.com\/wp-content\/uploads\/2026\/01\/176786233842514-1057x1536.png 1057w, https:\/\/halleffectkeyboard.com\/wp-content\/uploads\/2026\/01\/176786233842514-1409x2048.png 1409w, https:\/\/halleffectkeyboard.com\/wp-content\/uploads\/2026\/01\/176786233842514-8x12.png 8w, https:\/\/halleffectkeyboard.com\/wp-content\/uploads\/2026\/01\/176786233842514-300x436.png 300w, https:\/\/halleffectkeyboard.com\/wp-content\/uploads\/2026\/01\/176786233842514-1200x1744.png 1200w\" sizes=\"auto, (max-width: 1500px) 100vw, 1500px\" \/> <img loading=\"lazy\" decoding=\"async\" class=\"alignnone wp-image-3330 size-full\" src=\"https:\/\/halleffectkeyboard.com\/wp-content\/uploads\/2026\/01\/176786233861215.png\" alt=\"ATK RS6 Air\" width=\"1500\" height=\"1681\" srcset=\"https:\/\/halleffectkeyboard.com\/wp-content\/uploads\/2026\/01\/176786233861215.png 1500w, https:\/\/halleffectkeyboard.com\/wp-content\/uploads\/2026\/01\/176786233861215-268x300.png 268w, https:\/\/halleffectkeyboard.com\/wp-content\/uploads\/2026\/01\/176786233861215-914x1024.png 914w, https:\/\/halleffectkeyboard.com\/wp-content\/uploads\/2026\/01\/176786233861215-768x861.png 768w, https:\/\/halleffectkeyboard.com\/wp-content\/uploads\/2026\/01\/176786233861215-1371x1536.png 1371w, https:\/\/halleffectkeyboard.com\/wp-content\/uploads\/2026\/01\/176786233861215-11x12.png 11w, https:\/\/halleffectkeyboard.com\/wp-content\/uploads\/2026\/01\/176786233861215-300x336.png 300w, https:\/\/halleffectkeyboard.com\/wp-content\/uploads\/2026\/01\/176786233861215-1200x1345.png 1200w\" sizes=\"auto, (max-width: 1500px) 100vw, 1500px\" \/> <img loading=\"lazy\" decoding=\"async\" class=\"alignnone wp-image-3331 size-full\" src=\"https:\/\/halleffectkeyboard.com\/wp-content\/uploads\/2026\/01\/176786233878516.png\" alt=\"ATK RS6 Air\" width=\"1500\" height=\"1727\" srcset=\"https:\/\/halleffectkeyboard.com\/wp-content\/uploads\/2026\/01\/176786233878516.png 1500w, https:\/\/halleffectkeyboard.com\/wp-content\/uploads\/2026\/01\/176786233878516-261x300.png 261w, https:\/\/halleffectkeyboard.com\/wp-content\/uploads\/2026\/01\/176786233878516-889x1024.png 889w, https:\/\/halleffectkeyboard.com\/wp-content\/uploads\/2026\/01\/176786233878516-768x884.png 768w, https:\/\/halleffectkeyboard.com\/wp-content\/uploads\/2026\/01\/176786233878516-1334x1536.png 1334w, https:\/\/halleffectkeyboard.com\/wp-content\/uploads\/2026\/01\/176786233878516-10x12.png 10w, https:\/\/halleffectkeyboard.com\/wp-content\/uploads\/2026\/01\/176786233878516-300x345.png 300w, https:\/\/halleffectkeyboard.com\/wp-content\/uploads\/2026\/01\/176786233878516-1200x1382.png 1200w\" sizes=\"auto, (max-width: 1500px) 100vw, 1500px\" \/><\/p>","protected":false},"excerpt":{"rendered":"<ul>\n<li><strong>D\u00e9couvrez notre clavier m\u00e9canique 65% dot\u00e9 de 68 touches, d&#039;une plaque en aluminium et d&#039;un bo\u00eetier en ABS durable, offrant des r\u00e9glages pr\u00e9cis de 0,001 mm \u00e0 3,3 mm, parfait pour les jeux et une utilisation bureautique.<\/strong><\/li>\n<\/ul>","protected":false},"featured_media":3310,"comment_status":"open","ping_status":"closed","template":"","meta":[],"product_brand":[226],"product_cat":[322,20],"product_tag":[251,58,22],"class_list":{"0":"post-3308","1":"product","2":"type-product","3":"status-publish","4":"has-post-thumbnail","6":"product_brand-atk","7":"product_cat-hall-effect-keyboard","8":"product_cat-keyboard","9":"product_tag-atk-rs6-air","10":"product_tag-hall-effect-keyboard","11":"product_tag-keyboard","13":"first","14":"instock","15":"sale","16":"taxable","17":"shipping-taxable","18":"purchasable","19":"product-type-variable","20":"wvs-archive-product-wrapper"},"aioseo_notices":[],"ct_brands":[{"id":226,"name":"ATK","slug":"atk"}],"jetpack_sharing_enabled":true,"_links":{"self":[{"href":"https:\/\/halleffectkeyboard.com\/fr\/wp-json\/wp\/v2\/product\/3308","targetHints":{"allow":["GET"]}}],"collection":[{"href":"https:\/\/halleffectkeyboard.com\/fr\/wp-json\/wp\/v2\/product"}],"about":[{"href":"https:\/\/halleffectkeyboard.com\/fr\/wp-json\/wp\/v2\/types\/product"}],"replies":[{"embeddable":true,"href":"https:\/\/halleffectkeyboard.com\/fr\/wp-json\/wp\/v2\/comments?post=3308"}],"version-history":[{"count":6,"href":"https:\/\/halleffectkeyboard.com\/fr\/wp-json\/wp\/v2\/product\/3308\/revisions"}],"predecessor-version":[{"id":3349,"href":"https:\/\/halleffectkeyboard.com\/fr\/wp-json\/wp\/v2\/product\/3308\/revisions\/3349"}],"wp:featuredmedia":[{"embeddable":true,"href":"https:\/\/halleffectkeyboard.com\/fr\/wp-json\/wp\/v2\/media\/3310"}],"wp:attachment":[{"href":"https:\/\/halleffectkeyboard.com\/fr\/wp-json\/wp\/v2\/media?parent=3308"}],"wp:term":[{"taxonomy":"product_brand","embeddable":true,"href":"https:\/\/halleffectkeyboard.com\/fr\/wp-json\/wp\/v2\/product_brand?post=3308"},{"taxonomy":"product_cat","embeddable":true,"href":"https:\/\/halleffectkeyboard.com\/fr\/wp-json\/wp\/v2\/product_cat?post=3308"},{"taxonomy":"product_tag","embeddable":true,"href":"https:\/\/halleffectkeyboard.com\/fr\/wp-json\/wp\/v2\/product_tag?post=3308"}],"curies":[{"name":"wp","href":"https:\/\/api.w.org\/{rel}","templated":true}]}}