{"id":2915,"date":"2025-08-18T20:26:30","date_gmt":"2025-08-18T12:26:30","guid":{"rendered":"https:\/\/halleffectkeyboard.com\/?post_type=product&#038;p=2915"},"modified":"2026-03-16T17:59:02","modified_gmt":"2026-03-16T09:59:02","slug":"interrupteurs-a-effet-hall-4","status":"publish","type":"product","link":"https:\/\/halleffectkeyboard.com\/fr\/product\/interrupteurs-a-effet-hall-4\/","title":{"rendered":"Interrupteurs \u00e0 effet Hall Gateron Magnetic Jade Max"},"content":{"rendered":"<h2 data-start=\"179\" data-end=\"271\"><strong data-start=\"182\" data-end=\"269\">Commutateurs Gateron Magnetic Jade Max \u00e0 effet Hall\u00a0: pr\u00e9cision transparente et son HiFi<\/strong><\/h2>\n<p data-start=\"273\" data-end=\"587\">Apportez clart\u00e9 et performance \u00e0 votre build avec le <strong data-start=\"326\" data-end=\"376\">Interrupteurs \u00e0 effet Hall Gateron Magnetic Jade Max<\/strong>Dot\u00e9s d&#039;une conception enti\u00e8rement transparente, d&#039;une technologie magn\u00e9tique avanc\u00e9e et d&#039;une acoustique HiFi, ces commutateurs sont con\u00e7us pour les joueurs, les cr\u00e9ateurs et les amateurs de claviers personnalis\u00e9s qui exigent \u00e0 la fois beaut\u00e9 et performances.<\/p>\n<h3 data-start=\"589\" data-end=\"624\"><strong data-start=\"593\" data-end=\"622\">Principales caract\u00e9ristiques et avantages<\/strong><\/h3>\n<ul data-start=\"625\" data-end=\"1474\">\n<li data-start=\"625\" data-end=\"759\">\n<p data-start=\"627\" data-end=\"759\"><strong data-start=\"627\" data-end=\"653\">Technologie \u00e0 effet Hall<\/strong> \u2013 Les commutateurs magn\u00e9tiques offrent une r\u00e9ponse ultra-rapide, une pr\u00e9cision constante et jusqu&#039;\u00e0 150 millions de frappes.<\/p>\n<\/li>\n<li data-start=\"760\" data-end=\"897\">\n<p data-start=\"762\" data-end=\"897\"><strong data-start=\"762\" data-end=\"790\">Logement enti\u00e8rement transparent<\/strong> \u2013 La conception cristalline am\u00e9liore la brillance RVB avec un \u00e9clairage 3.0 am\u00e9lior\u00e9 et une lentille de diffusion en forme d&#039;arc.<\/p>\n<\/li>\n<li data-start=\"898\" data-end=\"1034\">\n<p data-start=\"900\" data-end=\"1034\"><strong data-start=\"900\" data-end=\"933\">Course d&#039;actionnement personnalisable<\/strong> \u2013 Ajustez le point d\u2019actionnement via votre pilote de clavier \u00e0 effet Hall pour un contr\u00f4le pr\u00e9cis dans n\u2019importe quel sc\u00e9nario.<\/p>\n<\/li>\n<li data-start=\"1035\" data-end=\"1139\">\n<p data-start=\"1037\" data-end=\"1139\"><strong data-start=\"1037\" data-end=\"1065\">Exp\u00e9rience acoustique HiFi<\/strong> \u2013 La conception du fond scell\u00e9 produit un son pur et immersif \u00e0 chaque pression.<\/p>\n<\/li>\n<li data-start=\"1140\" data-end=\"1242\">\n<p data-start=\"1142\" data-end=\"1242\"><strong data-start=\"1142\" data-end=\"1165\">Structure \u00e0 double rail<\/strong> \u2013 Le bo\u00eetier renforc\u00e9 r\u00e9duit les oscillations pour des pressions de touches plus fluides et plus stables.<\/p>\n<\/li>\n<li data-start=\"1243\" data-end=\"1365\">\n<p data-start=\"1245\" data-end=\"1365\"><strong data-start=\"1245\" data-end=\"1267\">Ressort plaqu\u00e9 or<\/strong> \u2013 Anti-oxydation, r\u00e9sistant \u00e0 la corrosion, endurance \u00e0 haute temp\u00e9rature pour des performances durables.<\/p>\n<\/li>\n<li data-start=\"1366\" data-end=\"1474\">\n<p data-start=\"1368\" data-end=\"1474\"><strong data-start=\"1368\" data-end=\"1394\">Pr\u00e9-lubrifi\u00e9 en usine<\/strong> \u2013 R\u00e9duit le bruit et am\u00e9liore la fluidit\u00e9 pour une sensation de frappe et de jeu haut de gamme.<\/p>\n<\/li>\n<\/ul>\n<h3 data-start=\"1476\" data-end=\"1508\"><strong data-start=\"1480\" data-end=\"1506\">Sp\u00e9cifications du produit<\/strong><\/h3>\n<ul data-start=\"1509\" data-end=\"1879\">\n<li data-start=\"1509\" data-end=\"1551\">\n<p data-start=\"1511\" data-end=\"1551\">Type de commutateur : commutateur \u00e0 effet Hall lin\u00e9aire<\/p>\n<\/li>\n<li data-start=\"1552\" data-end=\"1582\">\n<p data-start=\"1554\" data-end=\"1582\">Course totale : 3,5 \u00b1 0,1 mm<\/p>\n<\/li>\n<li data-start=\"1583\" data-end=\"1610\">\n<p data-start=\"1585\" data-end=\"1610\">Force initiale : 36 \u00b1 5 gf<\/p>\n<\/li>\n<li data-start=\"1611\" data-end=\"1659\">\n<p data-start=\"1613\" data-end=\"1659\">Flux magn\u00e9tique initial\u00a0: 120 \u00b1 8\u00a0Gs (PCB 1,2\u00a0mm)<\/p>\n<\/li>\n<li data-start=\"1660\" data-end=\"1712\">\n<p data-start=\"1662\" data-end=\"1712\">Flux magn\u00e9tique de fond\u00a0: 700 \u00b1 30\u00a0Gs (PCB 1,2\u00a0mm)<\/p>\n<\/li>\n<li data-start=\"1713\" data-end=\"1758\">\n<p data-start=\"1715\" data-end=\"1758\">Dur\u00e9e de vie : 50 000 000 \u2013 150 000 000 cycles<\/p>\n<\/li>\n<li data-start=\"1759\" data-end=\"1811\">\n<p data-start=\"1761\" data-end=\"1811\">Mat\u00e9riau : Bo\u00eetier enti\u00e8rement transparent (POM\/PC\/PA66)<\/p>\n<\/li>\n<li data-start=\"1812\" data-end=\"1850\">\n<p data-start=\"1814\" data-end=\"1850\">Ressort : Plaqu\u00e9 or, design personnalis\u00e9<\/p>\n<\/li>\n<li data-start=\"1851\" data-end=\"1879\">\n<p data-start=\"1853\" data-end=\"1879\">Lubrification en usine : Oui<\/p>\n<\/li>\n<\/ul>\n<h3 data-start=\"1881\" data-end=\"1949\"><strong data-start=\"1885\" data-end=\"1947\">Pourquoi choisir les commutateurs \u00e0 effet Hall Gateron Magnetic Jade Max\u00a0?<\/strong><\/h3>\n<p data-start=\"1950\" data-end=\"2194\">Le <strong data-start=\"1954\" data-end=\"1974\">Gateron Jade Max<\/strong> allie une esth\u00e9tique \u00e9poustouflante \u00e0 une pr\u00e9cision digne de l&#039;e-sport. Du bo\u00eetier cristallin au son HiFi, <strong data-start=\"2079\" data-end=\"2100\">interrupteurs magn\u00e9tiques<\/strong> con\u00e7u pour l&#039;endurance, c&#039;est le choix ultime pour \u00e9lever votre <strong data-start=\"2166\" data-end=\"2185\">clavier personnalis\u00e9<\/strong> installation.<\/p>\n<p data-start=\"1950\" data-end=\"2194\"><img loading=\"lazy\" decoding=\"async\" class=\"alignnone size-full wp-image-2927\" src=\"https:\/\/halleffectkeyboard.com\/wp-content\/uploads\/2025\/08\/44.jpg\" alt=\"Interrupteurs \u00e0 effet Hall\" width=\"1861\" height=\"1131\" srcset=\"https:\/\/halleffectkeyboard.com\/wp-content\/uploads\/2025\/08\/44.jpg 1861w, https:\/\/halleffectkeyboard.com\/wp-content\/uploads\/2025\/08\/44-300x182.jpg 300w, https:\/\/halleffectkeyboard.com\/wp-content\/uploads\/2025\/08\/44-1024x622.jpg 1024w, https:\/\/halleffectkeyboard.com\/wp-content\/uploads\/2025\/08\/44-768x467.jpg 768w, https:\/\/halleffectkeyboard.com\/wp-content\/uploads\/2025\/08\/44-1536x933.jpg 1536w, https:\/\/halleffectkeyboard.com\/wp-content\/uploads\/2025\/08\/44-1200x729.jpg 1200w\" sizes=\"auto, (max-width: 1861px) 100vw, 1861px\" \/> <img loading=\"lazy\" decoding=\"async\" class=\"alignnone size-full wp-image-2928\" src=\"https:\/\/halleffectkeyboard.com\/wp-content\/uploads\/2025\/08\/555.jpg\" alt=\"Interrupteurs \u00e0 effet Hall\" width=\"1861\" height=\"1131\" srcset=\"https:\/\/halleffectkeyboard.com\/wp-content\/uploads\/2025\/08\/555.jpg 1861w, https:\/\/halleffectkeyboard.com\/wp-content\/uploads\/2025\/08\/555-300x182.jpg 300w, https:\/\/halleffectkeyboard.com\/wp-content\/uploads\/2025\/08\/555-1024x622.jpg 1024w, https:\/\/halleffectkeyboard.com\/wp-content\/uploads\/2025\/08\/555-768x467.jpg 768w, https:\/\/halleffectkeyboard.com\/wp-content\/uploads\/2025\/08\/555-1536x933.jpg 1536w, https:\/\/halleffectkeyboard.com\/wp-content\/uploads\/2025\/08\/555-1200x729.jpg 1200w\" sizes=\"auto, (max-width: 1861px) 100vw, 1861px\" \/><\/p>","protected":false},"excerpt":{"rendered":"<p>Gateron Magnetic Jade Max Hall Effect Switches \u2013 Transparent Precision &amp; HiFi Sound Bring clarity and performance to your build with the Gateron Magnetic Jade Max Hall Effect Switches. Featuring a full-transparent design, advanced magnetic technology, and HiFi acoustics, these switches are crafted for gamers, creators, and custom keyboard enthusiasts who demand both beauty and [&hellip;]<\/p>\n","protected":false},"featured_media":2919,"comment_status":"open","ping_status":"closed","template":"","meta":[],"product_brand":[184],"product_cat":[138,323],"product_tag":[185],"class_list":{"0":"post-2915","1":"product","2":"type-product","3":"status-publish","4":"has-post-thumbnail","6":"product_brand-gateron","7":"product_cat-hall-effect-switches","8":"product_cat-switches","9":"product_tag-hall-effect-switches","11":"first","12":"instock","13":"sale","14":"taxable","15":"shipping-taxable","16":"purchasable","17":"product-type-variable","18":"wvs-archive-product-wrapper"},"aioseo_notices":[],"ct_brands":[{"id":184,"name":"Gateron","slug":"gateron"}],"jetpack_sharing_enabled":true,"_links":{"self":[{"href":"https:\/\/halleffectkeyboard.com\/fr\/wp-json\/wp\/v2\/product\/2915","targetHints":{"allow":["GET"]}}],"collection":[{"href":"https:\/\/halleffectkeyboard.com\/fr\/wp-json\/wp\/v2\/product"}],"about":[{"href":"https:\/\/halleffectkeyboard.com\/fr\/wp-json\/wp\/v2\/types\/product"}],"replies":[{"embeddable":true,"href":"https:\/\/halleffectkeyboard.com\/fr\/wp-json\/wp\/v2\/comments?post=2915"}],"version-history":[{"count":3,"href":"https:\/\/halleffectkeyboard.com\/fr\/wp-json\/wp\/v2\/product\/2915\/revisions"}],"predecessor-version":[{"id":2929,"href":"https:\/\/halleffectkeyboard.com\/fr\/wp-json\/wp\/v2\/product\/2915\/revisions\/2929"}],"wp:featuredmedia":[{"embeddable":true,"href":"https:\/\/halleffectkeyboard.com\/fr\/wp-json\/wp\/v2\/media\/2919"}],"wp:attachment":[{"href":"https:\/\/halleffectkeyboard.com\/fr\/wp-json\/wp\/v2\/media?parent=2915"}],"wp:term":[{"taxonomy":"product_brand","embeddable":true,"href":"https:\/\/halleffectkeyboard.com\/fr\/wp-json\/wp\/v2\/product_brand?post=2915"},{"taxonomy":"product_cat","embeddable":true,"href":"https:\/\/halleffectkeyboard.com\/fr\/wp-json\/wp\/v2\/product_cat?post=2915"},{"taxonomy":"product_tag","embeddable":true,"href":"https:\/\/halleffectkeyboard.com\/fr\/wp-json\/wp\/v2\/product_tag?post=2915"}],"curies":[{"name":"wp","href":"https:\/\/api.w.org\/{rel}","templated":true}]}}