{"id":2239,"date":"2025-05-05T19:49:51","date_gmt":"2025-05-05T11:49:51","guid":{"rendered":"https:\/\/halleffectkeyboard.com\/?page_id=2239"},"modified":"2025-05-05T19:49:52","modified_gmt":"2025-05-05T11:49:52","slug":"refund-and-returns-policy","status":"publish","type":"page","link":"https:\/\/halleffectkeyboard.com\/fr\/politique-de-remboursement-et-de-retour\/","title":{"rendered":"Politique de remboursement et de retour"},"content":{"rendered":"<h2 class=\"wp-block-heading\">Champ d&#039;application<\/h2>\n\n\n\n<p>Les politiques suivantes s&#039;appliquent uniquement aux produits achet\u00e9s aupr\u00e8s de\u00a0<a href=\"https:\/\/halleffectkeyboard.com\/fr\/\" target=\"_blank\" rel=\"noopener\" title=\"\">halleffectkeyboard.com<\/a>. Si vous avez achet\u00e9 votre article ailleurs, veuillez contacter le revendeur d&#039;origine pour les retours ou le service client. Pour toute question ou probl\u00e8me concernant un produit, n&#039;h\u00e9sitez pas \u00e0 nous contacter \u00e0 l&#039;adresse support@halleffectkeyboard.com.<\/p>\n\n\n\n<h2 class=\"wp-block-heading\">Annulation de commande<\/h2>\n\n\n\n<p>Si vous souhaitez annuler une commande, veuillez en faire la demande avant son exp\u00e9dition. Le traitement des commandes prend g\u00e9n\u00e9ralement entre un et trois jours ouvrables. Si votre commande a d\u00e9j\u00e0 \u00e9t\u00e9 exp\u00e9di\u00e9e, vous recevrez une confirmation d&#039;exp\u00e9dition par courriel.<\/p>\n\n\n\n<p>Si vous souhaitez annuler votre commande apr\u00e8s son exp\u00e9dition, nous tenterons de contacter le transporteur pour intercepter le colis\u00a0; toutefois, l\u2019interception n\u2019est pas garantie. En cas de succ\u00e8s, nous annulerons la commande, mais les frais d\u2019exp\u00e9dition engag\u00e9s ne seront pas remboursables. Si l\u2019interception \u00e9choue, vous devrez nous retourner le colis d\u00e8s sa r\u00e9ception. Les frais de retour seront \u00e0 votre charge. Apr\u00e8s v\u00e9rification de l\u2019\u00e9tat du colis retourn\u00e9, nous vous rembourserons le prix du produit. Veuillez noter que les frais d\u2019exp\u00e9dition ne sont pas remboursables.<\/p>\n\n\n\n<h2 class=\"wp-block-heading\">Politique de retour de 7 jours<\/h2>\n\n\n\n<p>Nous proposons une politique de retour de 7 jours, vous permettant de demander un retour dans les 7 jours suivant la r\u00e9ception de votre article (comme confirm\u00e9 par le suivi d&#039;exp\u00e9dition).<\/p>\n\n\n\n<p>Pour \u00eatre admissible \u00e0 un retour, votre article doit r\u00e9pondre aux crit\u00e8res suivants\u00a0:<\/p>\n\n\n\n<ul class=\"wp-block-list\">\n<li>L&#039;article doit \u00eatre dans le m\u00eame \u00e9tat que lors de sa r\u00e9ception.<\/li>\n\n\n\n<li>Il doit \u00eatre neuf, non port\u00e9 et avec ses \u00e9tiquettes.<\/li>\n\n\n\n<li>L&#039;article doit \u00eatre dans son emballage d&#039;origine.<\/li>\n\n\n\n<li>Vous devez fournir le re\u00e7u ou une preuve d&#039;achat.<\/li>\n<\/ul>\n\n\n\n<p><strong>Frais d&#039;exp\u00e9dition<\/strong>Les frais de retour sont \u00e0 la charge du client. Veuillez noter que les frais d&#039;exp\u00e9dition initiaux et les droits de douane ne sont pas remboursables.<\/p>\n\n\n\n<h2 class=\"wp-block-heading\">Exceptions\/Articles non retournables<\/h2>\n\n\n\n<ul class=\"wp-block-list\">\n<li>Articles en solde<\/li>\n\n\n\n<li>cartes-cadeaux<\/li>\n<\/ul>\n\n\n\n<p>Notre politique de retour s&#039;applique exclusivement aux produits destin\u00e9s \u00e0 un usage personnel et ne couvre pas les usages commerciaux, la location ou toute utilisation non conforme. De plus, les retours ne sont pas accept\u00e9s en cas de dommages r\u00e9sultant d&#039;une mauvaise utilisation, d&#039;un entretien inad\u00e9quat, d&#039;un d\u00e9faut d&#039;entretien pr\u00e9ventif ou du non-respect du manuel d&#039;utilisation.<\/p>\n\n\n\n<p>Veuillez noter que les retours al\u00e9atoires ne sont pas accept\u00e9s. Les retours sont uniquement autoris\u00e9s pour les produits pr\u00e9sentant des probl\u00e8mes de qualit\u00e9 qui ne peuvent \u00eatre r\u00e9solus par le biais du support technique. \u00c0 r\u00e9ception de votre commande, veuillez l&#039;inspecter soigneusement. Si vous constatez des d\u00e9fauts, des dommages ou si vous avez re\u00e7u le mauvais article, veuillez nous contacter imm\u00e9diatement \u00e0 l&#039;adresse suivante\u00a0:\u00a0<a href=\"mailto:support@halleffectkeyboard.com\" title=\"\">support@halleffectkeyboard.com<\/a>. Veuillez inclure une photo du colis et du produit, votre num\u00e9ro de commande et une description du probl\u00e8me. Cela nous permettra d&#039;\u00e9valuer et de r\u00e9soudre rapidement la situation.<\/p>\n\n\n\n<h2 class=\"wp-block-heading\">Processus de retour<\/h2>\n\n\n\n<ol class=\"wp-block-list\">\n<li><strong>Contactez le service client\u00a0:\u00a0<\/strong>Contactez notre service client \u00e0 l&#039;adresse suivante :\u00a0<a href=\"mailto:support@halleffectkeyboard.com\" title=\"\">support@halleffectkeyboard.com<\/a>\u00a0Pour toute demande de retour ou de remboursement, veuillez indiquer votre num\u00e9ro de commande et le motif du retour dans votre message.<\/li>\n\n\n\n<li><strong>Approbation du retour\u00a0:\u00a0<\/strong>Une fois votre demande de retour approuv\u00e9e par notre \u00e9quipe, vous recevrez des instructions suppl\u00e9mentaires par courriel.<\/li>\n\n\n\n<li><strong>Emballez votre article\u00a0:\u00a0<\/strong>Emballez soigneusement l&#039;article dans son emballage d&#039;origine pour garantir un transport en toute s\u00e9curit\u00e9.<\/li>\n\n\n\n<li><strong>Instructions d&#039;exp\u00e9dition\u00a0:\u00a0<\/strong>Une fois le retour autoris\u00e9, notre service client vous fournira l&#039;adresse de livraison, y compris les coordonn\u00e9es du destinataire et son num\u00e9ro de t\u00e9l\u00e9phone.<\/li>\n<\/ol>\n\n\n\n<h2 class=\"wp-block-heading\">Remboursements<\/h2>\n\n\n\n<p>Nous vous informerons d\u00e8s r\u00e9ception et inspection de votre retour et vous indiquerons si votre remboursement a \u00e9t\u00e9 approuv\u00e9. En cas d&#039;approbation, le remboursement sera effectu\u00e9 sur votre moyen de paiement initial sous 10 jours ouvr\u00e9s. Veuillez noter que le traitement et l&#039;affichage du remboursement par votre banque ou soci\u00e9t\u00e9 de carte de cr\u00e9dit peuvent prendre un d\u00e9lai suppl\u00e9mentaire.<\/p>\n\n\n\n<p>Si plus de 15 jours ouvrables se sont \u00e9coul\u00e9s depuis l&#039;approbation de votre remboursement et que vous ne l&#039;avez pas re\u00e7u, veuillez nous contacter pour confirmer son statut \u00e0 l&#039;adresse suivante :\u00a0<a href=\"mailto:support@aulakeyboard.com\">soutien@<\/a><a href=\"mailto:support@halleffectkeyboard.com\" title=\"\">clavier \u00e0 effet de hall<\/a><a href=\"mailto:support@aulakeyboard.com\">.com<\/a>.<\/p>\n\n\n\n<h2 class=\"wp-block-heading\">\u00c9changes<\/h2>\n\n\n\n<p>Nous n&#039;acceptons les \u00e9changes que pour les articles d\u00e9fectueux ou endommag\u00e9s \u00e0 la r\u00e9ception. Si vous souhaitez \u00e9changer un article contre le m\u00eame produit, voici la proc\u00e9dure la plus rapide pour un \u00e9change sans encombre\u00a0:<\/p>\n\n\n\n<ol class=\"wp-block-list\">\n<li>Pour retourner un article d\u00e9fectueux ou endommag\u00e9, veuillez suivre les \u00e9tapes d\u00e9crites dans notre politique de retour.<\/li>\n\n\n\n<li>Une fois votre retour accept\u00e9 et trait\u00e9, effectuez un achat s\u00e9par\u00e9 pour le nouvel article que vous souhaitez recevoir.<\/li>\n<\/ol>\n\n\n\n<h2 class=\"wp-block-heading\">Clause de non-responsabilit\u00e9<\/h2>\n\n\n\n<p>Veuillez noter que nous ne sommes pas responsables des dommages indirects r\u00e9sultant de l&#039;utilisation du produit. De plus, notre politique de remboursement ne couvre pas les dommages caus\u00e9s par des facteurs externes.<\/p>\n\n\n\n<p>Si vous avez des questions concernant le retour ou l&#039;\u00e9change de votre article, veuillez nous contacter \u00e0 l&#039;adresse suivante :\u00a0<a href=\"mailto:support@halleffectkeyboard.com\" title=\"\">support@halleffectkeyboard.com<\/a>.<\/p>\n\n\n\n<p><\/p>","protected":false},"excerpt":{"rendered":"<p>Scope of Application The following policies apply only to products purchased from\u00a0halleffectkeyboard.com. If you purchased your item elsewhere, please contact the original retailer for returns or customer support.\u00a0If you have any product issues or questions, you are welcome to contact us at\u00a0support@halleffectkeyboard.com. Order Cancellation Should you wish to cancel an order, please make the request [&hellip;]<\/p>\n","protected":false},"author":1,"featured_media":0,"parent":0,"menu_order":0,"comment_status":"closed","ping_status":"closed","template":"","meta":{"footnotes":""},"class_list":["post-2239","page","type-page","status-publish","hentry"],"blocksy_meta":[],"aioseo_notices":[],"jetpack_sharing_enabled":true,"_links":{"self":[{"href":"https:\/\/halleffectkeyboard.com\/fr\/wp-json\/wp\/v2\/pages\/2239","targetHints":{"allow":["GET"]}}],"collection":[{"href":"https:\/\/halleffectkeyboard.com\/fr\/wp-json\/wp\/v2\/pages"}],"about":[{"href":"https:\/\/halleffectkeyboard.com\/fr\/wp-json\/wp\/v2\/types\/page"}],"author":[{"embeddable":true,"href":"https:\/\/halleffectkeyboard.com\/fr\/wp-json\/wp\/v2\/users\/1"}],"replies":[{"embeddable":true,"href":"https:\/\/halleffectkeyboard.com\/fr\/wp-json\/wp\/v2\/comments?post=2239"}],"version-history":[{"count":2,"href":"https:\/\/halleffectkeyboard.com\/fr\/wp-json\/wp\/v2\/pages\/2239\/revisions"}],"predecessor-version":[{"id":2271,"href":"https:\/\/halleffectkeyboard.com\/fr\/wp-json\/wp\/v2\/pages\/2239\/revisions\/2271"}],"wp:attachment":[{"href":"https:\/\/halleffectkeyboard.com\/fr\/wp-json\/wp\/v2\/media?parent=2239"}],"curies":[{"name":"wp","href":"https:\/\/api.w.org\/{rel}","templated":true}]}}