{"id":6192,"date":"2026-05-15T15:18:37","date_gmt":"2026-05-15T07:18:37","guid":{"rendered":"https:\/\/halleffectkeyboard.com\/?post_type=product&#038;p=6192"},"modified":"2026-05-15T15:18:39","modified_gmt":"2026-05-15T07:18:39","slug":"payson-2-in-1-aluminum-alloy-switch-opener","status":"publish","type":"product","link":"https:\/\/halleffectkeyboard.com\/fi\/tuote\/payson-2-in-1-alumiiniseoksesta-valmistettu-kytkimenavaaja\/","title":{"rendered":"PAYSON 2-in-1 alumiiniseoskytkimen avaaja"},"content":{"rendered":"<h1><strong>PAYSON 2-in-1 alumiiniseoskytkimen avaaja: Paras mekaaninen n\u00e4pp\u00e4imist\u00f6ty\u00f6kalu<\/strong><\/h1>\n<p><strong>Tuotteen yleiskatsaus<\/strong> Pura, tarkista ja mukauta n\u00e4pp\u00e4imist\u00f6n kytkimi\u00e4 vaivattomasti <strong>PAYSON 2-in-1 alumiiniseoskytkimen avaaja<\/strong>. Suunniteltu <strong>ensiluokkainen alumiininen kytkimenavaaja<\/strong> sek\u00e4 magneettisille ett\u00e4 mekaanisille kytkimille t\u00e4m\u00e4 <strong>kest\u00e4v\u00e4 kytkimenavaaja<\/strong> yksinkertaistaa kytkimien avaamista aiheuttamatta vaurioita.<\/p>\n<p>Olitpa sitten harrastaja, innokas tai ammattilainen, t\u00e4m\u00e4 <strong>n\u00e4pp\u00e4imist\u00f6kytkimen purkuty\u00f6kalu<\/strong> on v\u00e4ltt\u00e4m\u00e4t\u00f6n lis\u00e4 kokoelmaasi. Ihanteellinen <strong>Tee-se-itse-n\u00e4pp\u00e4imist\u00f6modity\u00f6kalu<\/strong>, se on saatavilla monipuolisissa kokoonpanoissa \u2013 toimien t\u00e4ydellisesti <strong>2-in-1-kytkimenavaaja<\/strong> ja jopa tarpeiden huomioiminen <strong>3-in-1 mekaaninen kytkimenavaaja<\/strong>. Se toimii saumattomasti useimpien markkinoilla olevien kytkimien kanssa, mik\u00e4 tekee siit\u00e4 todella <strong>yleisk\u00e4ytt\u00f6inen kytkimen avaaja<\/strong>.<\/p>\n<p><img loading=\"lazy\" decoding=\"async\" class=\"alignnone size-full wp-image-6202\" src=\"https:\/\/halleffectkeyboard.com\/wp-content\/uploads\/2026\/05\/1-62-scaled.jpg\" alt=\"PAYSON 2-in-1 Aluminum Alloy Switch Opener\" width=\"2560\" height=\"1437\" srcset=\"https:\/\/halleffectkeyboard.com\/wp-content\/uploads\/2026\/05\/1-62-scaled.jpg 2560w, https:\/\/halleffectkeyboard.com\/wp-content\/uploads\/2026\/05\/1-62-300x168.jpg 300w, https:\/\/halleffectkeyboard.com\/wp-content\/uploads\/2026\/05\/1-62-1024x575.jpg 1024w, https:\/\/halleffectkeyboard.com\/wp-content\/uploads\/2026\/05\/1-62-768x431.jpg 768w, https:\/\/halleffectkeyboard.com\/wp-content\/uploads\/2026\/05\/1-62-1536x862.jpg 1536w, https:\/\/halleffectkeyboard.com\/wp-content\/uploads\/2026\/05\/1-62-2048x1150.jpg 2048w, https:\/\/halleffectkeyboard.com\/wp-content\/uploads\/2026\/05\/1-62-18x10.jpg 18w, https:\/\/halleffectkeyboard.com\/wp-content\/uploads\/2026\/05\/1-62-1200x674.jpg 1200w\" sizes=\"auto, (max-width: 2560px) 100vw, 2560px\" data-no-translation=\"\" \/><\/p>\n<h3><strong>T\u00e4rkeimm\u00e4t ominaisuudet<\/strong><\/h3>\n<ul>\n<li><strong>Monitoimiyhteensopivuus:<\/strong>\u00a0T\u00e4m\u00e4\u00a0<strong>monitoiminen kytkimen avaaja<\/strong>\u00a0tukee sek\u00e4 mekaanisia ett\u00e4 magneettisia kytkimi\u00e4. Se toimii luotettavana\u00a0<strong>Cherry MX -kytkimen avaaja<\/strong>, optinen kytkinty\u00f6kalu ja\u00a0<strong>magneettinen akselikytkimen avaaja<\/strong>.<\/li>\n<li><strong>Ensiluokkainen CNC-koneistettu alumiini:<\/strong>\u00a0Valmistettu korkealaatuisista materiaaleista, t\u00e4m\u00e4\u00a0<strong>CNC-koneistettu kytkimenavaaja<\/strong>\u00a0on eritt\u00e4in kest\u00e4v\u00e4 ja suunniteltu pitk\u00e4aikaiseen k\u00e4ytt\u00f6\u00f6n, joten se on t\u00e4ydellinen\u00a0<strong>alumiininen n\u00e4pp\u00e4imist\u00f6n vaihtoty\u00f6kalu<\/strong>.<\/li>\n<li><strong>Kaksipuolinen toiminnallisuus:<\/strong>\u00a0The\u00a0<strong>kaksipuolinen kytkimen avaaja<\/strong>\u00a0Rakenne mahdollistaa kytkimien avaamisen kummaltakin puolelta, mik\u00e4 tarjoaa maksimaalisen joustavuuden erityyppisille kytkimille.<\/li>\n<li><strong>Tarkkuuskoneistettu sis\u00e4osa:<\/strong>\u00a0Suunniteltu kuten\u00a0<strong>tarkkuuskytkimen avaaja<\/strong>, Sen sis\u00e4iset urat varmistavat tukevan istuvuuden ja est\u00e4v\u00e4t herkkien kytkinkomponenttien vaurioitumisen purkamisen aikana.<\/li>\n<li><strong>Kompakti ja kannettava:<\/strong>\u00a0Pieni, neli\u00f6nmuotoinen muoto tekee t\u00e4st\u00e4\u00a0<strong>kompakti kytkimenavaaja<\/strong>\u00a0helppo s\u00e4ilytt\u00e4\u00e4 ja kuljettaa, t\u00e4ydellinen mukauttamiseen tai korjausprojekteihin tien p\u00e4\u00e4ll\u00e4.<\/li>\n<li><strong>Sile\u00e4, hankaamaton pinta:<\/strong>\u00a0Kiillotettu alumiinipinta tekee siit\u00e4\u00a0<strong>naarmuuntumaton kytkimen avaaja<\/strong>, suojaa kytkimi\u00e4si kosmeettisilta vaurioilta ja tarjoaa samalla mukavan otteen.<br \/>\n<img loading=\"lazy\" decoding=\"async\" class=\"alignnone size-full wp-image-6203\" src=\"https:\/\/halleffectkeyboard.com\/wp-content\/uploads\/2026\/05\/2-69-scaled.jpg\" alt=\"PAYSON 2-in-1 Aluminum Alloy Switch Opener\" width=\"2560\" height=\"1437\" srcset=\"https:\/\/halleffectkeyboard.com\/wp-content\/uploads\/2026\/05\/2-69-scaled.jpg 2560w, https:\/\/halleffectkeyboard.com\/wp-content\/uploads\/2026\/05\/2-69-300x168.jpg 300w, https:\/\/halleffectkeyboard.com\/wp-content\/uploads\/2026\/05\/2-69-1024x575.jpg 1024w, https:\/\/halleffectkeyboard.com\/wp-content\/uploads\/2026\/05\/2-69-768x431.jpg 768w, https:\/\/halleffectkeyboard.com\/wp-content\/uploads\/2026\/05\/2-69-1536x862.jpg 1536w, https:\/\/halleffectkeyboard.com\/wp-content\/uploads\/2026\/05\/2-69-2048x1150.jpg 2048w, https:\/\/halleffectkeyboard.com\/wp-content\/uploads\/2026\/05\/2-69-18x10.jpg 18w, https:\/\/halleffectkeyboard.com\/wp-content\/uploads\/2026\/05\/2-69-1200x674.jpg 1200w\" sizes=\"auto, (max-width: 2560px) 100vw, 2560px\" data-no-translation=\"\" \/><\/li>\n<\/ul>\n<h3><strong>Tekniset tiedot<\/strong><\/h3>\n<table>\n<thead>\n<tr>\n<th>Ominaisuus<\/th>\n<th>Tiedot<\/th>\n<\/tr>\n<\/thead>\n<tbody>\n<tr>\n<td><strong>Tuotteen nimi<\/strong><\/td>\n<td><strong>PAYSON 2-in-1 alumiiniseoskytkimen avaaja<\/strong>\u00a0(2-in-1 \/ 3-in-1-yhteensopiva)<\/td>\n<\/tr>\n<tr>\n<td><strong>Materiaali<\/strong><\/td>\n<td>CNC-koneistettu alumiiniseos<\/td>\n<\/tr>\n<tr>\n<td><strong>V\u00e4rivaihtoehdot<\/strong><\/td>\n<td>Hopea, kulta, punainen, musta<\/td>\n<\/tr>\n<tr>\n<td><strong>Yhteensopivuus<\/strong><\/td>\n<td>Cherry MX -tyyliset mekaaniset kytkimet, magneettiset akselikytkimet, optiset kytkimet ja yleisimm\u00e4t n\u00e4pp\u00e4imist\u00f6kytkimet<\/td>\n<\/tr>\n<tr>\n<td><strong>Design<\/strong><\/td>\n<td>Kaksipuoliset, monitoimiset aukot<\/td>\n<\/tr>\n<\/tbody>\n<\/table>\n<h3><img loading=\"lazy\" decoding=\"async\" class=\"alignnone size-full wp-image-6204\" src=\"https:\/\/halleffectkeyboard.com\/wp-content\/uploads\/2026\/05\/3-69-scaled.jpg\" alt=\"PAYSON 2-in-1 Aluminum Alloy Switch Opener\" width=\"2560\" height=\"1437\" srcset=\"https:\/\/halleffectkeyboard.com\/wp-content\/uploads\/2026\/05\/3-69-scaled.jpg 2560w, https:\/\/halleffectkeyboard.com\/wp-content\/uploads\/2026\/05\/3-69-300x168.jpg 300w, https:\/\/halleffectkeyboard.com\/wp-content\/uploads\/2026\/05\/3-69-1024x575.jpg 1024w, https:\/\/halleffectkeyboard.com\/wp-content\/uploads\/2026\/05\/3-69-768x431.jpg 768w, https:\/\/halleffectkeyboard.com\/wp-content\/uploads\/2026\/05\/3-69-1536x862.jpg 1536w, https:\/\/halleffectkeyboard.com\/wp-content\/uploads\/2026\/05\/3-69-2048x1150.jpg 2048w, https:\/\/halleffectkeyboard.com\/wp-content\/uploads\/2026\/05\/3-69-18x10.jpg 18w, https:\/\/halleffectkeyboard.com\/wp-content\/uploads\/2026\/05\/3-69-1200x674.jpg 1200w\" sizes=\"auto, (max-width: 2560px) 100vw, 2560px\" data-no-translation=\"\" \/> <img loading=\"lazy\" decoding=\"async\" class=\"alignnone size-full wp-image-6205\" src=\"https:\/\/halleffectkeyboard.com\/wp-content\/uploads\/2026\/05\/4-67-scaled.jpg\" alt=\"PAYSON 2-in-1 Aluminum Alloy Switch Opener\" width=\"2560\" height=\"1437\" srcset=\"https:\/\/halleffectkeyboard.com\/wp-content\/uploads\/2026\/05\/4-67-scaled.jpg 2560w, https:\/\/halleffectkeyboard.com\/wp-content\/uploads\/2026\/05\/4-67-300x168.jpg 300w, https:\/\/halleffectkeyboard.com\/wp-content\/uploads\/2026\/05\/4-67-1024x575.jpg 1024w, https:\/\/halleffectkeyboard.com\/wp-content\/uploads\/2026\/05\/4-67-768x431.jpg 768w, https:\/\/halleffectkeyboard.com\/wp-content\/uploads\/2026\/05\/4-67-1536x862.jpg 1536w, https:\/\/halleffectkeyboard.com\/wp-content\/uploads\/2026\/05\/4-67-2048x1150.jpg 2048w, https:\/\/halleffectkeyboard.com\/wp-content\/uploads\/2026\/05\/4-67-18x10.jpg 18w, https:\/\/halleffectkeyboard.com\/wp-content\/uploads\/2026\/05\/4-67-1200x674.jpg 1200w\" sizes=\"auto, (max-width: 2560px) 100vw, 2560px\" data-no-translation=\"\" \/> <img loading=\"lazy\" decoding=\"async\" class=\"alignnone size-full wp-image-6206\" src=\"https:\/\/halleffectkeyboard.com\/wp-content\/uploads\/2026\/05\/5-62-scaled.jpg\" alt=\"PAYSON 2-in-1 Aluminum Alloy Switch Opener\" width=\"2560\" height=\"1437\" srcset=\"https:\/\/halleffectkeyboard.com\/wp-content\/uploads\/2026\/05\/5-62-scaled.jpg 2560w, https:\/\/halleffectkeyboard.com\/wp-content\/uploads\/2026\/05\/5-62-300x168.jpg 300w, https:\/\/halleffectkeyboard.com\/wp-content\/uploads\/2026\/05\/5-62-1024x575.jpg 1024w, https:\/\/halleffectkeyboard.com\/wp-content\/uploads\/2026\/05\/5-62-768x431.jpg 768w, https:\/\/halleffectkeyboard.com\/wp-content\/uploads\/2026\/05\/5-62-1536x862.jpg 1536w, https:\/\/halleffectkeyboard.com\/wp-content\/uploads\/2026\/05\/5-62-2048x1150.jpg 2048w, https:\/\/halleffectkeyboard.com\/wp-content\/uploads\/2026\/05\/5-62-18x10.jpg 18w, https:\/\/halleffectkeyboard.com\/wp-content\/uploads\/2026\/05\/5-62-1200x674.jpg 1200w\" sizes=\"auto, (max-width: 2560px) 100vw, 2560px\" data-no-translation=\"\" \/><\/h3>\n<h3><strong>Miksi valita t\u00e4m\u00e4 avaaja?<\/strong><\/h3>\n<ul>\n<li><strong>Vaurioitumaton purkaminen:<\/strong>\u00a0Tarkkuusleikattu muotoilu varmistaa, ett\u00e4 voit avata kytkimet taivuttamatta nastoja tai vahingoittamatta sis\u00e4osia. Se on \u00e4\u00e4rimm\u00e4inen\u00a0<strong>pelin\u00e4pp\u00e4imist\u00f6n huoltoty\u00f6kalu<\/strong>.<\/li>\n<li><strong>Pitk\u00e4kestoinen kest\u00e4vyys:<\/strong>\u00a0Toisin kuin muoviset vaihtoehdot, t\u00e4m\u00e4\u00a0<strong>alumiiniseoksesta valmistettu kytkimen avaaja<\/strong>\u00a0ei v\u00e4\u00e4ntyile tai katkea edes toistuvasta k\u00e4yt\u00f6st\u00e4.<\/li>\n<li><strong>Monipuolinen toiminnallisuus:<\/strong>\u00a0Monikokoonpanoinen muotoilu tukee sek\u00e4 mekaanisia ett\u00e4 magneettisia kytkimi\u00e4, joten se on eritt\u00e4in suositeltava\u00a0<strong>kytkimen avaaja moddereille<\/strong>\u00a0ja pakollinen hankinta\u00a0<strong>mekaaninen n\u00e4pp\u00e4imist\u00f6ty\u00f6kalu<\/strong>.<\/li>\n<li><strong>K\u00e4ytt\u00e4j\u00e4yst\u00e4v\u00e4llinen:<\/strong>\u00a0Yksinkertainen ja intuitiivinen muotoilu ei vaadi erityistaitoja \u2013 aseta vain kytkin paikalleen ja avaa painamalla sit\u00e4 kevyesti.<\/li>\n<\/ul>\n<h3><strong>Paketti sis\u00e4lt\u00e4\u00e4<\/strong><\/h3>\n<ul>\n<li>1 \u00d7\u00a0<strong>2-in-1 alumiiniseoksesta valmistettu kytkimenavaaja<\/strong>\u00a0(tai 3-in-1, valitsemasi v\u00e4ri)<\/li>\n<\/ul>\n<h3><strong>T\u00e4rkeit\u00e4 huomioita:<\/strong><\/h3>\n<ul>\n<li>T\u00e4m\u00e4 ty\u00f6kalu on suunniteltu vain n\u00e4pp\u00e4imist\u00f6kytkimi\u00e4 varten; \u00e4l\u00e4 k\u00e4yt\u00e4 sit\u00e4 muihin tarkoituksiin.<\/li>\n<li>K\u00e4sittele kytkimi\u00e4 aina varoen avaajaa k\u00e4ytt\u00e4ess\u00e4si, jotta v\u00e4lt\u00e4t vahingoittamasta herkki\u00e4 osia.<\/li>\n<li>V\u00e4riss\u00e4 voi olla pieni\u00e4 vaihteluita erilaisten n\u00e4ytt\u00f6jen vuoksi.<\/li>\n<\/ul>","protected":false},"excerpt":{"rendered":"<ul>\n<li><strong>Materiaali:<\/strong>\u00a0Ensiluokkainen CNC-koneistettu alumiiniseos<\/li>\n<li><strong>Yhteensopivuus:<\/strong>\u00a0Cherry MX -tyyliset mekaaniset ja magneettiset akselikytkimet<\/li>\n<li><strong>T\u00e4rkeimm\u00e4t ominaisuudet:<\/strong>\u00a0Kaksipuolinen, naarmuuntumaton ja kompakti muotoilu<\/li>\n<li><strong>T\u00e4ydellinen:<\/strong>\u00a0Kytkimen nopea ja vaurioton purkaminen ja tee-se-itse-modifiointi<\/li>\n<\/ul>","protected":false},"featured_media":6201,"comment_status":"open","ping_status":"closed","template":"","meta":[],"product_brand":[678],"product_cat":[290],"product_tag":[700,292],"class_list":{"0":"post-6192","1":"product","2":"type-product","3":"status-publish","4":"has-post-thumbnail","6":"product_brand-payson","7":"product_cat-tool","8":"product_tag-keyboard-tool","9":"product_tag-tool","11":"first","12":"instock","13":"taxable","14":"shipping-taxable","15":"purchasable","16":"product-type-variable","17":"wvs-archive-product-wrapper"},"aioseo_notices":[],"ct_brands":[{"id":678,"name":"PAYSON","slug":"payson"}],"jetpack_sharing_enabled":true,"_links":{"self":[{"href":"https:\/\/halleffectkeyboard.com\/fi\/wp-json\/wp\/v2\/product\/6192","targetHints":{"allow":["GET"]}}],"collection":[{"href":"https:\/\/halleffectkeyboard.com\/fi\/wp-json\/wp\/v2\/product"}],"about":[{"href":"https:\/\/halleffectkeyboard.com\/fi\/wp-json\/wp\/v2\/types\/product"}],"replies":[{"embeddable":true,"href":"https:\/\/halleffectkeyboard.com\/fi\/wp-json\/wp\/v2\/comments?post=6192"}],"version-history":[{"count":1,"href":"https:\/\/halleffectkeyboard.com\/fi\/wp-json\/wp\/v2\/product\/6192\/revisions"}],"predecessor-version":[{"id":6207,"href":"https:\/\/halleffectkeyboard.com\/fi\/wp-json\/wp\/v2\/product\/6192\/revisions\/6207"}],"wp:featuredmedia":[{"embeddable":true,"href":"https:\/\/halleffectkeyboard.com\/fi\/wp-json\/wp\/v2\/media\/6201"}],"wp:attachment":[{"href":"https:\/\/halleffectkeyboard.com\/fi\/wp-json\/wp\/v2\/media?parent=6192"}],"wp:term":[{"taxonomy":"product_brand","embeddable":true,"href":"https:\/\/halleffectkeyboard.com\/fi\/wp-json\/wp\/v2\/product_brand?post=6192"},{"taxonomy":"product_cat","embeddable":true,"href":"https:\/\/halleffectkeyboard.com\/fi\/wp-json\/wp\/v2\/product_cat?post=6192"},{"taxonomy":"product_tag","embeddable":true,"href":"https:\/\/halleffectkeyboard.com\/fi\/wp-json\/wp\/v2\/product_tag?post=6192"}],"curies":[{"name":"wp","href":"https:\/\/api.w.org\/{rel}","templated":true}]}}