{"id":5885,"date":"2026-05-13T15:46:27","date_gmt":"2026-05-13T07:46:27","guid":{"rendered":"https:\/\/halleffectkeyboard.com\/?post_type=product&#038;p=5885"},"modified":"2026-05-13T16:10:24","modified_gmt":"2026-05-13T08:10:24","slug":"payson-keyboard-spacebar-foam-dampener","status":"publish","type":"product","link":"https:\/\/halleffectkeyboard.com\/fi\/tuote\/payson-nappaimiston-valilyontipainikkeen-vaahtomuovivaimennin\/","title":{"rendered":"PAYSON-n\u00e4pp\u00e4imist\u00f6n v\u00e4lily\u00f6ntipainikkeen vaahtomuovipehmuste"},"content":{"rendered":"<h1><strong>PAYSON-n\u00e4pp\u00e4imist\u00f6n v\u00e4lily\u00f6nnin vaahtomuovivaimennin \u2013 t\u00e4ydellinen v\u00e4lily\u00f6nnin kolinan korjaus<\/strong><\/h1>\n<p><strong>Metakuvaus:<\/strong> P\u00e4ivit\u00e4 kirjoituskokemustasi PAYSON-n\u00e4pp\u00e4imist\u00f6n v\u00e4lily\u00f6ntivaahtomuovivaimentimella. Poista ontot \u00e4\u00e4net ja vakaajan r\u00e4tin\u00e4n ensiluokkaisella PORON- ja EVA-n\u00e4pp\u00e4imist\u00f6vaahdollamme. Yhteensopiva piirilevy- ja levykiinnitysten vakaajien kanssa.<br \/>\n<img loading=\"lazy\" decoding=\"async\" class=\"alignnone size-full wp-image-5898\" src=\"https:\/\/halleffectkeyboard.com\/wp-content\/uploads\/2026\/05\/5-36-scaled.jpg\" alt=\"PAYSON Keyboard Spacebar Foam Dampener\" width=\"2560\" height=\"1437\" srcset=\"https:\/\/halleffectkeyboard.com\/wp-content\/uploads\/2026\/05\/5-36-scaled.jpg 2560w, https:\/\/halleffectkeyboard.com\/wp-content\/uploads\/2026\/05\/5-36-300x168.jpg 300w, https:\/\/halleffectkeyboard.com\/wp-content\/uploads\/2026\/05\/5-36-1024x575.jpg 1024w, https:\/\/halleffectkeyboard.com\/wp-content\/uploads\/2026\/05\/5-36-768x431.jpg 768w, https:\/\/halleffectkeyboard.com\/wp-content\/uploads\/2026\/05\/5-36-1536x862.jpg 1536w, https:\/\/halleffectkeyboard.com\/wp-content\/uploads\/2026\/05\/5-36-2048x1150.jpg 2048w, https:\/\/halleffectkeyboard.com\/wp-content\/uploads\/2026\/05\/5-36-18x10.jpg 18w, https:\/\/halleffectkeyboard.com\/wp-content\/uploads\/2026\/05\/5-36-1200x674.jpg 1200w\" sizes=\"auto, (max-width: 2560px) 100vw, 2560px\" data-no-translation=\"\" \/><\/p>\n<h2><strong>Tuotteen yleiskatsaus<\/strong><\/h2>\n<p>Muuta kirjoituskokemuksesi uudella tavalla <strong>PAYSON-n\u00e4pp\u00e4imist\u00f6n v\u00e4lily\u00f6ntipainikkeen vaahtomuovipehmuste<\/strong>. Jos olet kyll\u00e4stynyt \u00e4rsytt\u00e4viin kaikuihin, t\u00e4m\u00e4 ensiluokkainen <strong>n\u00e4pp\u00e4imist\u00f6n \u00e4\u00e4nt\u00e4 vaimentava vaahto<\/strong> on \u00e4\u00e4rimm\u00e4inen <strong>n\u00e4pp\u00e4imist\u00f6n onton \u00e4\u00e4nen korjaus<\/strong>. Suunniteltu toimimaan eritt\u00e4in tehokkaana <strong>v\u00e4lily\u00f6nti ping-korjausvaahto<\/strong>, se poistaa v\u00e4lily\u00f6nnin ja muiden suurten n\u00e4pp\u00e4inten onton &quot;plingin&quot; ja kolinan. Tarkkuusleikattu helpottaa asennusta, t\u00e4m\u00e4 <strong>mekaanisen n\u00e4pp\u00e4imist\u00f6n vaahtomuovi<\/strong> on yhteensopiva molempien kanssa <strong>Piirilevyn stabilointivaahto<\/strong> asetukset ja <strong>levykiinnityksen tukivaahto<\/strong> kokoonpanoissa, jotka toimivat saumattomasti kaikkien yleisten n\u00e4pp\u00e4inhattuprofiilien kanssa.<br \/>\n<img loading=\"lazy\" decoding=\"async\" class=\"alignnone size-full wp-image-5899\" src=\"https:\/\/halleffectkeyboard.com\/wp-content\/uploads\/2026\/05\/6-18-scaled.jpg\" alt=\"PAYSON Keyboard Spacebar Foam Dampener\" width=\"2560\" height=\"1437\" srcset=\"https:\/\/halleffectkeyboard.com\/wp-content\/uploads\/2026\/05\/6-18-scaled.jpg 2560w, https:\/\/halleffectkeyboard.com\/wp-content\/uploads\/2026\/05\/6-18-300x168.jpg 300w, https:\/\/halleffectkeyboard.com\/wp-content\/uploads\/2026\/05\/6-18-1024x575.jpg 1024w, https:\/\/halleffectkeyboard.com\/wp-content\/uploads\/2026\/05\/6-18-768x431.jpg 768w, https:\/\/halleffectkeyboard.com\/wp-content\/uploads\/2026\/05\/6-18-1536x862.jpg 1536w, https:\/\/halleffectkeyboard.com\/wp-content\/uploads\/2026\/05\/6-18-2048x1150.jpg 2048w, https:\/\/halleffectkeyboard.com\/wp-content\/uploads\/2026\/05\/6-18-18x10.jpg 18w, https:\/\/halleffectkeyboard.com\/wp-content\/uploads\/2026\/05\/6-18-1200x674.jpg 1200w\" sizes=\"auto, (max-width: 2560px) 100vw, 2560px\" data-no-translation=\"\" \/><\/p>\n<h2><strong>T\u00e4rkeimm\u00e4t ominaisuudet<\/strong><\/h2>\n<ul>\n<li><strong>V\u00e4lit\u00f6n \u00e4\u00e4nenvaimennus:<\/strong>\u00a0Toimii voimakkaana\u00a0<strong>n\u00e4pp\u00e4imist\u00f6n kaiunvaimennin<\/strong>\u00a0ja\u00a0<strong>n\u00e4pp\u00e4imist\u00f6n \u00e4\u00e4nenvaimennin<\/strong>, mik\u00e4 poistaa ontot kaiut, jousen kilin\u00e4n ja vakaajan r\u00e4tin\u00e4n syvemm\u00e4n ja vakaamman \u00e4\u00e4niprofiilin saavuttamiseksi.<\/li>\n<li><strong>Usean profiilin yhteensopivuus:<\/strong>\u00a0T\u00e4m\u00e4 monipuolinen\u00a0<strong>v\u00e4lily\u00f6ntivaimentimen vaahtomuovi<\/strong>\u00a0Toimii OEM-, Cherry-, SA-, XDA- ja muiden n\u00e4pp\u00e4inhattukorkeuksien kanssa, joissa on yksinkertaiset aukot.<\/li>\n<li><strong>Helppo modulaarinen asennus:<\/strong>\u00a0T\u00e4m\u00e4n esiasennettu muotoilu\u00a0<strong>n\u00e4pp\u00e4imist\u00f6n mod-vaahto<\/strong>\u00a0jonka avulla voit helposti leikata\u00a0<strong>n\u00e4pp\u00e4imist\u00f6n v\u00e4lily\u00f6nnin pehmuste<\/strong>\u00a0sopimaan mihin tahansa vakaajatyyppiin tai n\u00e4pp\u00e4inhatun korkeuteen.<\/li>\n<li><strong>Korkealaatuiset materiaalit:<\/strong>\u00a0Saatavilla premium-versiona\u00a0<strong>PORON-n\u00e4pp\u00e4imist\u00f6vaahto<\/strong>\u00a0ja\u00a0<strong>EVA-n\u00e4pp\u00e4imist\u00f6vaahto<\/strong>\u00a0vaihtoehtoja juuri sinun \u00e4\u00e4nenvaimennustarpeisiisi.<\/li>\n<li><strong>Pitk\u00e4kestoinen kest\u00e4vyys:<\/strong>\u00a0Luotettava\u00a0<strong>n\u00e4pp\u00e4imist\u00f6n vaahtomuovipehmuste<\/strong>\u00a0s\u00e4ilytt\u00e4\u00e4 muotonsa ja suorituskykyns\u00e4 jopa tuhansien n\u00e4pp\u00e4inpainallusten j\u00e4lkeen.<br \/>\n<img loading=\"lazy\" decoding=\"async\" class=\"alignnone size-full wp-image-5900\" src=\"https:\/\/halleffectkeyboard.com\/wp-content\/uploads\/2026\/05\/7-14-scaled.jpg\" alt=\"PAYSON Keyboard Spacebar Foam Dampener\" width=\"2560\" height=\"1437\" srcset=\"https:\/\/halleffectkeyboard.com\/wp-content\/uploads\/2026\/05\/7-14-scaled.jpg 2560w, https:\/\/halleffectkeyboard.com\/wp-content\/uploads\/2026\/05\/7-14-300x168.jpg 300w, https:\/\/halleffectkeyboard.com\/wp-content\/uploads\/2026\/05\/7-14-1024x575.jpg 1024w, https:\/\/halleffectkeyboard.com\/wp-content\/uploads\/2026\/05\/7-14-768x431.jpg 768w, https:\/\/halleffectkeyboard.com\/wp-content\/uploads\/2026\/05\/7-14-1536x862.jpg 1536w, https:\/\/halleffectkeyboard.com\/wp-content\/uploads\/2026\/05\/7-14-2048x1150.jpg 2048w, https:\/\/halleffectkeyboard.com\/wp-content\/uploads\/2026\/05\/7-14-18x10.jpg 18w, https:\/\/halleffectkeyboard.com\/wp-content\/uploads\/2026\/05\/7-14-1200x674.jpg 1200w\" sizes=\"auto, (max-width: 2560px) 100vw, 2560px\" data-no-translation=\"\" \/><\/li>\n<\/ul>\n<h2><strong>Keycap Profilen asennusopas<\/strong><\/h2>\n<p>Mukauta omaa <strong>n\u00e4pp\u00e4inhatun \u00e4\u00e4nenvaimennin<\/strong> asetukset profiilisi mukaan parhaiden tulosten saavuttamiseksi:<\/p>\n<p><strong>1. OEM \/ Cherry \/ Oletusn\u00e4pp\u00e4imet<\/strong><\/p>\n<ul>\n<li><strong>Kerros 1:<\/strong>\u00a0K\u00e4yt\u00e4 t\u00e4yspitk\u00e4\u00e4 2,5 mm:n PORON-vaahtomuovia (t\u00e4ysi peitto).<\/li>\n<li><strong>Kerros 2:<\/strong>\u00a0K\u00e4yt\u00e4 3,5 mm:n PORON-vaahtomuovin 2\/3-osaa (h\u00e4vit\u00e4 keskiosa).<\/li>\n<li><em>Huomautus tukijaloista, joissa on kaaret:<\/em>\u00a0Vaahtomuovi voidaan jakaa kahtia asennuksen helpottamiseksi.<\/li>\n<\/ul>\n<p><strong>2. SA-profiilin n\u00e4pp\u00e4inhatut<\/strong><\/p>\n<ul>\n<li><strong>Kerros 1:<\/strong>\u00a0K\u00e4yt\u00e4 t\u00e4yspitk\u00e4\u00e4 2,5 mm:n PORON-vaahtomuovia (t\u00e4ysi peitto).<\/li>\n<li><strong>Kerros 2:<\/strong>\u00a0K\u00e4yt\u00e4 3 mm:n EVA-vaahtomuovin 2\/3-osaa (h\u00e4vit\u00e4 keskiosa).<\/li>\n<li><strong>Kerros 3:<\/strong>\u00a0K\u00e4yt\u00e4 3,5 mm:n PORON-vaahtomuovin 2\/3-osaa (h\u00e4vit\u00e4 keskiosa).<\/li>\n<\/ul>\n<p><strong>3. XDA \/ matalaprofiiliset n\u00e4pp\u00e4inhatut<\/strong><\/p>\n<ul>\n<li><strong>Kerros 1:<\/strong>\u00a0K\u00e4yt\u00e4 t\u00e4yspitk\u00e4\u00e4 2,5 mm:n PORON-vaahtomuovia (t\u00e4ysi peitto).<\/li>\n<li><strong>Kerros 2:<\/strong>\u00a0K\u00e4yt\u00e4 3,5 mm:n PORON-vaahtomuovin 2\/3-osaa (h\u00e4vit\u00e4 keskiosa).<\/li>\n<\/ul>\n<h3><strong>T\u00e4rke\u00e4 huomautus levykiinnitteisille tukijaloille<\/strong><\/h3>\n<p>T\u00e4t\u00e4 k\u00e4ytett\u00e4ess\u00e4 <strong>tukijalan vaahtomuovipehmuste<\/strong> Levykiinnitteisten tukijalkojen kanssa sinun on irrotettava vaahtomuoviliuskan molemmista p\u00e4ist\u00e4 ulommat &quot;3&quot;-osat varmistaaksesi tukijalkojen t\u00e4ydellisen yhteensopivuuden ja toiminnan. <strong>n\u00e4pp\u00e4imist\u00f6n tukilevy<\/strong>.<br \/>\n<img loading=\"lazy\" decoding=\"async\" class=\"alignnone size-full wp-image-5894\" src=\"https:\/\/halleffectkeyboard.com\/wp-content\/uploads\/2026\/05\/1-36-scaled.jpg\" alt=\"PAYSON Keyboard Spacebar Foam Dampener\" width=\"2560\" height=\"1437\" srcset=\"https:\/\/halleffectkeyboard.com\/wp-content\/uploads\/2026\/05\/1-36-scaled.jpg 2560w, https:\/\/halleffectkeyboard.com\/wp-content\/uploads\/2026\/05\/1-36-300x168.jpg 300w, https:\/\/halleffectkeyboard.com\/wp-content\/uploads\/2026\/05\/1-36-1024x575.jpg 1024w, https:\/\/halleffectkeyboard.com\/wp-content\/uploads\/2026\/05\/1-36-768x431.jpg 768w, https:\/\/halleffectkeyboard.com\/wp-content\/uploads\/2026\/05\/1-36-1536x862.jpg 1536w, https:\/\/halleffectkeyboard.com\/wp-content\/uploads\/2026\/05\/1-36-2048x1150.jpg 2048w, https:\/\/halleffectkeyboard.com\/wp-content\/uploads\/2026\/05\/1-36-18x10.jpg 18w, https:\/\/halleffectkeyboard.com\/wp-content\/uploads\/2026\/05\/1-36-1200x674.jpg 1200w\" sizes=\"auto, (max-width: 2560px) 100vw, 2560px\" data-no-translation=\"\" \/> <img loading=\"lazy\" decoding=\"async\" class=\"alignnone size-full wp-image-5895\" src=\"https:\/\/halleffectkeyboard.com\/wp-content\/uploads\/2026\/05\/2-39-scaled.jpg\" alt=\"PAYSON Keyboard Spacebar Foam Dampener\" width=\"2560\" height=\"1437\" srcset=\"https:\/\/halleffectkeyboard.com\/wp-content\/uploads\/2026\/05\/2-39-scaled.jpg 2560w, https:\/\/halleffectkeyboard.com\/wp-content\/uploads\/2026\/05\/2-39-300x168.jpg 300w, https:\/\/halleffectkeyboard.com\/wp-content\/uploads\/2026\/05\/2-39-1024x575.jpg 1024w, https:\/\/halleffectkeyboard.com\/wp-content\/uploads\/2026\/05\/2-39-768x431.jpg 768w, https:\/\/halleffectkeyboard.com\/wp-content\/uploads\/2026\/05\/2-39-1536x862.jpg 1536w, https:\/\/halleffectkeyboard.com\/wp-content\/uploads\/2026\/05\/2-39-2048x1150.jpg 2048w, https:\/\/halleffectkeyboard.com\/wp-content\/uploads\/2026\/05\/2-39-18x10.jpg 18w, https:\/\/halleffectkeyboard.com\/wp-content\/uploads\/2026\/05\/2-39-1200x674.jpg 1200w\" sizes=\"auto, (max-width: 2560px) 100vw, 2560px\" data-no-translation=\"\" \/> <img loading=\"lazy\" decoding=\"async\" class=\"alignnone size-full wp-image-5896\" src=\"https:\/\/halleffectkeyboard.com\/wp-content\/uploads\/2026\/05\/3-39-scaled.jpg\" alt=\"PAYSON Keyboard Spacebar Foam Dampener\" width=\"2560\" height=\"1437\" srcset=\"https:\/\/halleffectkeyboard.com\/wp-content\/uploads\/2026\/05\/3-39-scaled.jpg 2560w, https:\/\/halleffectkeyboard.com\/wp-content\/uploads\/2026\/05\/3-39-300x168.jpg 300w, https:\/\/halleffectkeyboard.com\/wp-content\/uploads\/2026\/05\/3-39-1024x575.jpg 1024w, https:\/\/halleffectkeyboard.com\/wp-content\/uploads\/2026\/05\/3-39-768x431.jpg 768w, https:\/\/halleffectkeyboard.com\/wp-content\/uploads\/2026\/05\/3-39-1536x862.jpg 1536w, https:\/\/halleffectkeyboard.com\/wp-content\/uploads\/2026\/05\/3-39-2048x1150.jpg 2048w, https:\/\/halleffectkeyboard.com\/wp-content\/uploads\/2026\/05\/3-39-18x10.jpg 18w, https:\/\/halleffectkeyboard.com\/wp-content\/uploads\/2026\/05\/3-39-1200x674.jpg 1200w\" sizes=\"auto, (max-width: 2560px) 100vw, 2560px\" data-no-translation=\"\" \/> <img loading=\"lazy\" decoding=\"async\" class=\"alignnone size-full wp-image-5897\" src=\"https:\/\/halleffectkeyboard.com\/wp-content\/uploads\/2026\/05\/4-38-scaled.jpg\" alt=\"PAYSON Keyboard Spacebar Foam Dampener\" width=\"2560\" height=\"1437\" srcset=\"https:\/\/halleffectkeyboard.com\/wp-content\/uploads\/2026\/05\/4-38-scaled.jpg 2560w, https:\/\/halleffectkeyboard.com\/wp-content\/uploads\/2026\/05\/4-38-300x168.jpg 300w, https:\/\/halleffectkeyboard.com\/wp-content\/uploads\/2026\/05\/4-38-1024x575.jpg 1024w, https:\/\/halleffectkeyboard.com\/wp-content\/uploads\/2026\/05\/4-38-768x431.jpg 768w, https:\/\/halleffectkeyboard.com\/wp-content\/uploads\/2026\/05\/4-38-1536x862.jpg 1536w, https:\/\/halleffectkeyboard.com\/wp-content\/uploads\/2026\/05\/4-38-2048x1150.jpg 2048w, https:\/\/halleffectkeyboard.com\/wp-content\/uploads\/2026\/05\/4-38-18x10.jpg 18w, https:\/\/halleffectkeyboard.com\/wp-content\/uploads\/2026\/05\/4-38-1200x674.jpg 1200w\" sizes=\"auto, (max-width: 2560px) 100vw, 2560px\" data-no-translation=\"\" \/><\/p>\n<h2><strong>Asennusohjeet<\/strong><\/h2>\n<p>Saavuta lopullinen <strong>v\u00e4lily\u00f6nnin helistin korjaus<\/strong> muutamassa minuutissa n\u00e4ill\u00e4 yksinkertaisilla vaiheilla:<\/p>\n<ol>\n<li>Irrota v\u00e4lily\u00f6nnin\u00e4pp\u00e4imen suojus ja pura vakaaja tarvittaessa.<\/li>\n<li>Valitse sopiva\u00a0<strong>mukautettu n\u00e4pp\u00e4imist\u00f6vaahto<\/strong>\u00a0kerros(et) yll\u00e4 olevan n\u00e4pp\u00e4inhattuprofiilioppaan perusteella.<\/li>\n<li>Leikkaa tai revi vaahtomuoviliuska valmiiksi tehtyjen viivojen kohdalta ohjeen mukaisesti.<\/li>\n<li>Irrota liimapinta ja kiinnit\u00e4 se varovasti\u00a0<strong>n\u00e4pp\u00e4imist\u00f6n v\u00e4lily\u00f6ntivaahto<\/strong>\u00a0v\u00e4lily\u00f6ntipainikkeen kotelon sis\u00e4ll\u00e4 ja kohdista se vakaajarakenteen kanssa.<\/li>\n<li>Kokoa vakaaja uudelleen ja kiinnit\u00e4 n\u00e4pp\u00e4inhattu takaisin.<\/li>\n<\/ol>\n<h2><strong>Paketti sis\u00e4lt\u00e4\u00e4<\/strong><\/h2>\n<ul>\n<li>Valmiiksi leikattu\u00a0<strong>PAYSON-n\u00e4pp\u00e4imist\u00f6n v\u00e4lily\u00f6ntipainikkeen vaahtomuovipehmuste<\/strong>\u00a0suikaleet<\/li>\n<li>Yksityiskohtainen asennusopas<\/li>\n<\/ul>","protected":false},"excerpt":{"rendered":"<ul>\n<li><strong>Ensiluokkaiset materiaalit:<\/strong>\u00a0Valmistettu korkealaatuisesta PORON- ja EVA-vaahtomuovista.<\/li>\n<li><strong>Universaali istuvuus:<\/strong>\u00a0Yhteensopiva sek\u00e4 piirilevylle ett\u00e4 levyasenteisille stabilisaattoreille.<\/li>\n<li><strong>Moniprofiilituki:<\/strong>\u00a0Modulaarinen, valmiiksi uritettu muotoilu sopii t\u00e4ydellisesti Cherry-, OEM-, SA- ja XDA-n\u00e4pp\u00e4inhattuihin.<\/li>\n<li><strong>Helppo asennus:<\/strong>\u00a0Ved\u00e4 ja kiinnit\u00e4 -kiinnitys \u00e4\u00e4nen v\u00e4litt\u00f6m\u00e4\u00e4n parantamiseen.<\/li>\n<\/ul>","protected":false},"featured_media":5891,"comment_status":"open","ping_status":"closed","template":"","meta":[],"product_brand":[678],"product_cat":[290],"product_tag":[700,292],"class_list":{"0":"post-5885","1":"product","2":"type-product","3":"status-publish","4":"has-post-thumbnail","6":"product_brand-payson","7":"product_cat-tool","8":"product_tag-keyboard-tool","9":"product_tag-tool","11":"first","12":"instock","13":"taxable","14":"shipping-taxable","15":"purchasable","16":"product-type-variable","17":"wvs-archive-product-wrapper"},"aioseo_notices":[],"ct_brands":[{"id":678,"name":"PAYSON","slug":"payson"}],"jetpack_sharing_enabled":true,"_links":{"self":[{"href":"https:\/\/halleffectkeyboard.com\/fi\/wp-json\/wp\/v2\/product\/5885","targetHints":{"allow":["GET"]}}],"collection":[{"href":"https:\/\/halleffectkeyboard.com\/fi\/wp-json\/wp\/v2\/product"}],"about":[{"href":"https:\/\/halleffectkeyboard.com\/fi\/wp-json\/wp\/v2\/types\/product"}],"replies":[{"embeddable":true,"href":"https:\/\/halleffectkeyboard.com\/fi\/wp-json\/wp\/v2\/comments?post=5885"}],"version-history":[{"count":3,"href":"https:\/\/halleffectkeyboard.com\/fi\/wp-json\/wp\/v2\/product\/5885\/revisions"}],"predecessor-version":[{"id":5901,"href":"https:\/\/halleffectkeyboard.com\/fi\/wp-json\/wp\/v2\/product\/5885\/revisions\/5901"}],"wp:featuredmedia":[{"embeddable":true,"href":"https:\/\/halleffectkeyboard.com\/fi\/wp-json\/wp\/v2\/media\/5891"}],"wp:attachment":[{"href":"https:\/\/halleffectkeyboard.com\/fi\/wp-json\/wp\/v2\/media?parent=5885"}],"wp:term":[{"taxonomy":"product_brand","embeddable":true,"href":"https:\/\/halleffectkeyboard.com\/fi\/wp-json\/wp\/v2\/product_brand?post=5885"},{"taxonomy":"product_cat","embeddable":true,"href":"https:\/\/halleffectkeyboard.com\/fi\/wp-json\/wp\/v2\/product_cat?post=5885"},{"taxonomy":"product_tag","embeddable":true,"href":"https:\/\/halleffectkeyboard.com\/fi\/wp-json\/wp\/v2\/product_tag?post=5885"}],"curies":[{"name":"wp","href":"https:\/\/api.w.org\/{rel}","templated":true}]}}