{"id":5614,"date":"2026-05-11T13:51:38","date_gmt":"2026-05-11T05:51:38","guid":{"rendered":"https:\/\/halleffectkeyboard.com\/?post_type=product&#038;p=5614"},"modified":"2026-05-11T15:52:55","modified_gmt":"2026-05-11T07:52:55","slug":"aula-mini60-he-pro-hall-effect-keyboard","status":"publish","type":"product","link":"https:\/\/halleffectkeyboard.com\/fi\/tuote\/aula-mini60-he-pro-hall-efektinappaimisto\/","title":{"rendered":"AULA Mini60 HE PRO Hall-kosketinsoitin"},"content":{"rendered":"<h1>AULA Mini60 HE PRO Hall Effect -n\u00e4pp\u00e4imist\u00f6: Huippuluokan 60%-pelin\u00e4pp\u00e4imist\u00f6 nopeasti liipaisimella<br \/>\n<img loading=\"lazy\" decoding=\"async\" class=\"alignnone size-full wp-image-5654\" src=\"https:\/\/halleffectkeyboard.com\/wp-content\/uploads\/2026\/05\/7-10-scaled.jpg\" alt=\"AULA Mini60 HE PRO Hall Effect Keyboard\" width=\"2560\" height=\"1437\" srcset=\"https:\/\/halleffectkeyboard.com\/wp-content\/uploads\/2026\/05\/7-10-scaled.jpg 2560w, https:\/\/halleffectkeyboard.com\/wp-content\/uploads\/2026\/05\/7-10-300x168.jpg 300w, https:\/\/halleffectkeyboard.com\/wp-content\/uploads\/2026\/05\/7-10-1024x575.jpg 1024w, https:\/\/halleffectkeyboard.com\/wp-content\/uploads\/2026\/05\/7-10-768x431.jpg 768w, https:\/\/halleffectkeyboard.com\/wp-content\/uploads\/2026\/05\/7-10-1536x862.jpg 1536w, https:\/\/halleffectkeyboard.com\/wp-content\/uploads\/2026\/05\/7-10-2048x1150.jpg 2048w, https:\/\/halleffectkeyboard.com\/wp-content\/uploads\/2026\/05\/7-10-18x10.jpg 18w, https:\/\/halleffectkeyboard.com\/wp-content\/uploads\/2026\/05\/7-10-1200x674.jpg 1200w\" sizes=\"auto, (max-width: 2560px) 100vw, 2560px\" data-no-translation=\"\" \/><\/h1>\n<p><strong>Tuotteen yleiskatsaus<\/strong> L\u00f6yd\u00e4 kilpailullisen pelaamisen huippu t\u00e4ll\u00e4 <strong>AULA Mini60 HE PRO<\/strong>, palkkio <strong>Hall-efektin\u00e4pp\u00e4imist\u00f6<\/strong> suunniteltu esports-ammattilaisille ja mekaanisten n\u00e4pp\u00e4imist\u00f6jen harrastajille. Huipputason <strong>60 n\u00e4pp\u00e4imist\u00f6\u00e4<\/strong>, se yhdist\u00e4\u00e4 t\u00e4ydellisesti huippuluokan magneettikytkimen tekniikan tilaa s\u00e4\u00e4st\u00e4v\u00e4\u00e4n muotoiluun. Etsitp\u00e4 sitten parasta mahdollista <strong>FPS-pelin\u00e4pp\u00e4imist\u00f6<\/strong>, eritt\u00e4in reagoiva <strong>Valorant-n\u00e4pp\u00e4imist\u00f6<\/strong>, tai salamannopeasti <strong>osu!-n\u00e4pp\u00e4imist\u00f6<\/strong>, AULA Mini60 HE PRO tarjoaa vertaansa vailla olevaa tarkkuutta ja nopeutta kaikkeen <strong>nopeatempoisten pelien n\u00e4pp\u00e4imist\u00f6<\/strong> tarpeita.<br \/>\n<img loading=\"lazy\" decoding=\"async\" class=\"alignnone size-full wp-image-5648\" src=\"https:\/\/halleffectkeyboard.com\/wp-content\/uploads\/2026\/05\/1-22-scaled.jpg\" alt=\"AULA Mini60 HE PRO Hall Effect Keyboard\" width=\"2560\" height=\"1437\" srcset=\"https:\/\/halleffectkeyboard.com\/wp-content\/uploads\/2026\/05\/1-22-scaled.jpg 2560w, https:\/\/halleffectkeyboard.com\/wp-content\/uploads\/2026\/05\/1-22-300x168.jpg 300w, https:\/\/halleffectkeyboard.com\/wp-content\/uploads\/2026\/05\/1-22-1024x575.jpg 1024w, https:\/\/halleffectkeyboard.com\/wp-content\/uploads\/2026\/05\/1-22-768x431.jpg 768w, https:\/\/halleffectkeyboard.com\/wp-content\/uploads\/2026\/05\/1-22-1536x862.jpg 1536w, https:\/\/halleffectkeyboard.com\/wp-content\/uploads\/2026\/05\/1-22-2048x1150.jpg 2048w, https:\/\/halleffectkeyboard.com\/wp-content\/uploads\/2026\/05\/1-22-18x10.jpg 18w, https:\/\/halleffectkeyboard.com\/wp-content\/uploads\/2026\/05\/1-22-1200x674.jpg 1200w\" sizes=\"auto, (max-width: 2560px) 100vw, 2560px\" data-no-translation=\"\" \/><\/p>\n<h3><strong>T\u00e4rkeimm\u00e4t ominaisuudet<\/strong><\/h3>\n<p><strong>Seuraavan sukupolven Hall-efektikytkimet ja 0,01 mm:n RT-herkkyys<\/strong> Astu pelaamisen tulevaisuuteen edistyneiden ominaisuuksien avulla <strong>Hall-ilmi\u00f6kytkimet<\/strong>. Tosiasia on, ett\u00e4 <strong>Rapid Trigger -n\u00e4pp\u00e4imist\u00f6 \/ RT-n\u00e4pp\u00e4imist\u00f6<\/strong>, Mini60 HE PRO mahdollistaa yksityiskohtaisen toiminnanohjauksen web-ajurinsa kautta. T\u00e4m\u00e4 <strong>s\u00e4\u00e4dett\u00e4v\u00e4 k\u00e4ytt\u00f6pisten\u00e4pp\u00e4imist\u00f6<\/strong> voit mukauttaa liipaisupisteit\u00e4 salamannopeasta 0,1 mm:st\u00e4 ampujille harkittuun 3,4 mm:iin kirjoittamista varten. Koe \u00e4\u00e4rimm\u00e4inen <strong>Magneettinen kytkinn\u00e4pp\u00e4imist\u00f6<\/strong> joka mukautuu saumattomasti sek\u00e4 intensiiviseen esportsiin ett\u00e4 p\u00e4ivitt\u00e4iseen tuottavuuteen.<\/p>\n<p><img loading=\"lazy\" decoding=\"async\" class=\"alignnone size-full wp-image-5649\" src=\"https:\/\/halleffectkeyboard.com\/wp-content\/uploads\/2026\/05\/2-23-scaled.jpg\" alt=\"AULA Mini60 HE PRO Hall Effect Keyboard\" width=\"2560\" height=\"1437\" srcset=\"https:\/\/halleffectkeyboard.com\/wp-content\/uploads\/2026\/05\/2-23-scaled.jpg 2560w, https:\/\/halleffectkeyboard.com\/wp-content\/uploads\/2026\/05\/2-23-300x168.jpg 300w, https:\/\/halleffectkeyboard.com\/wp-content\/uploads\/2026\/05\/2-23-1024x575.jpg 1024w, https:\/\/halleffectkeyboard.com\/wp-content\/uploads\/2026\/05\/2-23-768x431.jpg 768w, https:\/\/halleffectkeyboard.com\/wp-content\/uploads\/2026\/05\/2-23-1536x862.jpg 1536w, https:\/\/halleffectkeyboard.com\/wp-content\/uploads\/2026\/05\/2-23-2048x1150.jpg 2048w, https:\/\/halleffectkeyboard.com\/wp-content\/uploads\/2026\/05\/2-23-18x10.jpg 18w, https:\/\/halleffectkeyboard.com\/wp-content\/uploads\/2026\/05\/2-23-1200x674.jpg 1200w\" sizes=\"auto, (max-width: 2560px) 100vw, 2560px\" data-no-translation=\"\" \/><\/p>\n<p><strong>Salamannopea 8000 Hz:n kyselytaajuus ja 128 kHz:n skannaustaajuus<\/strong> Nosta pelaamistasi uudelle tasolle eritt\u00e4in responsiivisella n\u00e4yt\u00f6ll\u00e4 <strong>8000 Hz:n kyselytaajuus<\/strong>. T\u00e4m\u00e4 edistynyt <strong>magneettinen n\u00e4pp\u00e4imist\u00f6<\/strong> takaa nollaviiveen ja salamannopeat p\u00e4ivitykset jokaisella n\u00e4pp\u00e4inpainalluksella. Yhdess\u00e4 128 kHz:n skannausnopeuden kanssa se on ihanteellinen <strong>Rytmipelin n\u00e4pp\u00e4imist\u00f6<\/strong> jossa jokainen millisekunti on t\u00e4rke\u00e4, mik\u00e4 takaa jokaisen nopean komennon v\u00e4litt\u00f6m\u00e4n vastaanottamisen.<br \/>\n<img loading=\"lazy\" decoding=\"async\" class=\"alignnone size-full wp-image-5653\" src=\"https:\/\/halleffectkeyboard.com\/wp-content\/uploads\/2026\/05\/6-11-scaled.jpg\" alt=\"AULA Mini60 HE PRO Hall Effect Keyboard\" width=\"2560\" height=\"1437\" srcset=\"https:\/\/halleffectkeyboard.com\/wp-content\/uploads\/2026\/05\/6-11-scaled.jpg 2560w, https:\/\/halleffectkeyboard.com\/wp-content\/uploads\/2026\/05\/6-11-300x168.jpg 300w, https:\/\/halleffectkeyboard.com\/wp-content\/uploads\/2026\/05\/6-11-1024x575.jpg 1024w, https:\/\/halleffectkeyboard.com\/wp-content\/uploads\/2026\/05\/6-11-768x431.jpg 768w, https:\/\/halleffectkeyboard.com\/wp-content\/uploads\/2026\/05\/6-11-1536x862.jpg 1536w, https:\/\/halleffectkeyboard.com\/wp-content\/uploads\/2026\/05\/6-11-2048x1150.jpg 2048w, https:\/\/halleffectkeyboard.com\/wp-content\/uploads\/2026\/05\/6-11-18x10.jpg 18w, https:\/\/halleffectkeyboard.com\/wp-content\/uploads\/2026\/05\/6-11-1200x674.jpg 1200w\" sizes=\"auto, (max-width: 2560px) 100vw, 2560px\" data-no-translation=\"\" \/><\/p>\n<p><strong>Kompakti 60%-n\u00e4pp\u00e4imist\u00f6asettelu maksimaaliseen tehokkuuteen<\/strong> Maksimoi ty\u00f6p\u00f6yt\u00e4tilasi t\u00e4ll\u00e4 tyylikk\u00e4\u00e4ll\u00e4 laitteella <strong>60 pelin\u00e4pp\u00e4imist\u00f6<\/strong>. Minimalistinen <strong>60 prosentin n\u00e4pp\u00e4imist\u00f6asettelu<\/strong> poistaa tarpeettomat n\u00e4pp\u00e4imet, jotta hiirell\u00e4 on enemm\u00e4n liukutilaa, mik\u00e4 tekee siit\u00e4 t\u00e4ydellisen vaihtoehdon pelaajille, joilla on alhainen herkkyys. Koostaan huolimatta se s\u00e4ilytt\u00e4\u00e4 kaikki toiminnot \u2013 voit helposti mukauttaa makroita tai uudelleenm\u00e4\u00e4ritt\u00e4\u00e4 n\u00e4pp\u00e4imet. <strong>60-n\u00e4pp\u00e4imist\u00f6n oletuskotin\u00e4pp\u00e4in<\/strong> asetukset intuitiivisen ohjelmiston avulla. Kaikista <strong>60 n\u00e4pp\u00e4imist\u00f6\u00e4<\/strong> markkinoilla, t\u00e4m\u00e4 <strong>60 n\u00e4pp\u00e4imist\u00f6asettelu<\/strong> erottuu edukseen ergonomisilla kaksitasoisilla jalustoilla, jotka yll\u00e4pit\u00e4v\u00e4t mukavuutta maratonpelisessioiden aikana.<br \/>\n<img loading=\"lazy\" decoding=\"async\" class=\"alignnone size-full wp-image-5651\" src=\"https:\/\/halleffectkeyboard.com\/wp-content\/uploads\/2026\/05\/4-23-scaled.jpg\" alt=\"AULA Mini60 HE PRO Hall Effect Keyboard\" width=\"2560\" height=\"1437\" srcset=\"https:\/\/halleffectkeyboard.com\/wp-content\/uploads\/2026\/05\/4-23-scaled.jpg 2560w, https:\/\/halleffectkeyboard.com\/wp-content\/uploads\/2026\/05\/4-23-300x168.jpg 300w, https:\/\/halleffectkeyboard.com\/wp-content\/uploads\/2026\/05\/4-23-1024x575.jpg 1024w, https:\/\/halleffectkeyboard.com\/wp-content\/uploads\/2026\/05\/4-23-768x431.jpg 768w, https:\/\/halleffectkeyboard.com\/wp-content\/uploads\/2026\/05\/4-23-1536x862.jpg 1536w, https:\/\/halleffectkeyboard.com\/wp-content\/uploads\/2026\/05\/4-23-2048x1150.jpg 2048w, https:\/\/halleffectkeyboard.com\/wp-content\/uploads\/2026\/05\/4-23-18x10.jpg 18w, https:\/\/halleffectkeyboard.com\/wp-content\/uploads\/2026\/05\/4-23-1200x674.jpg 1200w\" sizes=\"auto, (max-width: 2560px) 100vw, 2560px\" data-no-translation=\"\" \/><\/p>\n<p><strong>Kolmitilainen langaton ja monialustainen hallinta<\/strong> AULA Mini60 HE PRO on eritt\u00e4in monipuolinen <strong>Mac- ja Windows-yhteensopiva pelin\u00e4pp\u00e4imist\u00f6<\/strong>. Siin\u00e4 on saumaton kolmimoodinen yhteys: Bluetooth, matalan viiveen 2,4 GHz:n langaton yhteys ja USB-C-langallinen yhteys. Kest\u00e4v\u00e4n 4000 mAh:n akun ansiosta voit vaihtaa vaivattomasti PC:n, Macin tai tabletin v\u00e4lill\u00e4 murehtimatta tiheist\u00e4 latausv\u00e4leist\u00e4.<br \/>\n<img loading=\"lazy\" decoding=\"async\" class=\"alignnone size-full wp-image-5650\" src=\"https:\/\/halleffectkeyboard.com\/wp-content\/uploads\/2026\/05\/3-24-scaled.jpg\" alt=\"AULA Mini60 HE PRO Hall Effect Keyboard\" width=\"2560\" height=\"1437\" srcset=\"https:\/\/halleffectkeyboard.com\/wp-content\/uploads\/2026\/05\/3-24-scaled.jpg 2560w, https:\/\/halleffectkeyboard.com\/wp-content\/uploads\/2026\/05\/3-24-300x168.jpg 300w, https:\/\/halleffectkeyboard.com\/wp-content\/uploads\/2026\/05\/3-24-1024x575.jpg 1024w, https:\/\/halleffectkeyboard.com\/wp-content\/uploads\/2026\/05\/3-24-768x431.jpg 768w, https:\/\/halleffectkeyboard.com\/wp-content\/uploads\/2026\/05\/3-24-1536x862.jpg 1536w, https:\/\/halleffectkeyboard.com\/wp-content\/uploads\/2026\/05\/3-24-2048x1150.jpg 2048w, https:\/\/halleffectkeyboard.com\/wp-content\/uploads\/2026\/05\/3-24-18x10.jpg 18w, https:\/\/halleffectkeyboard.com\/wp-content\/uploads\/2026\/05\/3-24-1200x674.jpg 1200w\" sizes=\"auto, (max-width: 2560px) 100vw, 2560px\" data-no-translation=\"\" \/><\/p>\n<p><strong>Upeat RGB-taustavalot ja Cherry Profile -n\u00e4pp\u00e4inhatut<\/strong> Valaise taisteluasemasi eloisalla, mukautettavalla RGB-taustavalaistuksella. <strong>Mukautettu n\u00e4pp\u00e4imist\u00f6<\/strong> ominaisuudet premium <strong>Kirsikkaprofiilista valmistetut PBT-sivupainetut n\u00e4pp\u00e4inhatut<\/strong> jotka mahdollistavat RGB-l\u00e4pikuultavan valaistuksen kauniisti jopa h\u00e4m\u00e4r\u00e4ss\u00e4. Valitse dynaamisten valaistustehosteiden kirjosta luodaksesi mukaansatempaavan pelitunnelman.<\/p>\n<p><strong>Ohjelmoitava verkkoajuri \u00e4\u00e4rimm\u00e4ist\u00e4 hallintaa varten<\/strong> Avaa koko potentiaalisi <strong>60 prosenttia n\u00e4pp\u00e4imist\u00f6st\u00e4<\/strong> ohjelmoitavan verkkoajurin avulla. Toteuta Mod Tap- tai Dynamic Keystroke -toimintoja m\u00e4\u00e4ritt\u00e4\u00e4ksesi useita toimintoja yhdelle n\u00e4pp\u00e4imelle napautuksen, pidon tai painalluksen syvyyden perusteella, mik\u00e4 mahdollistaa monimutkaisten komentojen aktivoinnin s\u00e4ilytt\u00e4en samalla liiken\u00e4pp\u00e4inten t\u00e4yden hallinnan.<br \/>\n<img loading=\"lazy\" decoding=\"async\" class=\"alignnone size-full wp-image-5652\" src=\"https:\/\/halleffectkeyboard.com\/wp-content\/uploads\/2026\/05\/5-25-scaled.jpg\" alt=\"AULA Mini60 HE PRO Hall Effect Keyboard\" width=\"2560\" height=\"1437\" srcset=\"https:\/\/halleffectkeyboard.com\/wp-content\/uploads\/2026\/05\/5-25-scaled.jpg 2560w, https:\/\/halleffectkeyboard.com\/wp-content\/uploads\/2026\/05\/5-25-300x168.jpg 300w, https:\/\/halleffectkeyboard.com\/wp-content\/uploads\/2026\/05\/5-25-1024x575.jpg 1024w, https:\/\/halleffectkeyboard.com\/wp-content\/uploads\/2026\/05\/5-25-768x431.jpg 768w, https:\/\/halleffectkeyboard.com\/wp-content\/uploads\/2026\/05\/5-25-1536x862.jpg 1536w, https:\/\/halleffectkeyboard.com\/wp-content\/uploads\/2026\/05\/5-25-2048x1150.jpg 2048w, https:\/\/halleffectkeyboard.com\/wp-content\/uploads\/2026\/05\/5-25-18x10.jpg 18w, https:\/\/halleffectkeyboard.com\/wp-content\/uploads\/2026\/05\/5-25-1200x674.jpg 1200w\" sizes=\"auto, (max-width: 2560px) 100vw, 2560px\" data-no-translation=\"\" \/><\/p>\n<hr \/>\n<h3><strong>MAX-versio: Premium-p\u00e4ivitys<\/strong><\/h3>\n<p>Tee-se-itse-harrastajille ja kustomoitujen kosketinsoittajien <strong>AULA Mini60 HE PRO MAX -versio<\/strong> vie rakenteen laadun uudelle tasolle. T\u00e4m\u00e4 p\u00e4ivitetty <strong>Yl\u00e4kiinnitteinen magneettinen n\u00e4pp\u00e4imist\u00f6<\/strong> Lis\u00e4varuste on optimoitu materiaalin, rakenteen ja yhteensopivuuden suhteen.<\/p>\n<ul>\n<li><strong>Ensiluokkaiset materiaalit ja ammattitaito:<\/strong>\u00a0Siin\u00e4 on tihe\u00e4 ja kova levy, jossa on CNC-integroitu muovausprosessi. Kulutusta ja naarmuuntumista kest\u00e4v\u00e4 pinta varmistaa, ettei se kellastu ajan my\u00f6t\u00e4, ja sile\u00e4t, py\u00f6ristetyt reunat takaavat turvallisen ja purseettoman asennuksen.<\/li>\n<li><strong>HIFI-akustinen suorituskyky:<\/strong>\u00a0Integroitu vahvistettu rakenne poistaa ontot \u00e4\u00e4net ja t\u00e4rin\u00e4n kirjoittamisen aikana, tuottaen puhtaamman ja tekstuurisemman HIFI-\u00e4\u00e4niprofiilin.<\/li>\n<li><strong>Huippuluokan tarkkuus ja yhteensopivuus:<\/strong>\u00a0Se on suunniteltu virheett\u00f6m\u00e4ll\u00e4 rei\u00e4n sijoittelulla, joten se sopii t\u00e4ydellisesti valtavirran hot-swap-piirilevyille, perinteisille mekaanisille kytkimille ja satelliittiakseleille.<\/li>\n<li><strong>Rakennettu kest\u00e4m\u00e4\u00e4n:<\/strong>\u00a0Paksummat p\u00e4ivitetyt materiaalit tarjoavat vahvemman paineenkest\u00e4vyyden, est\u00e4v\u00e4t taipumisen ja varmistavat pidemm\u00e4n k\u00e4ytt\u00f6i\u00e4n\u00a0<strong>Pelin\u00e4pp\u00e4imist\u00f6<\/strong>.<\/li>\n<\/ul>\n<p><strong>K\u00e4ytt\u00f6tilanteet:<\/strong> T\u00e4ydellinen e-urheilukilpailuihin, p\u00e4ivitt\u00e4iseen toimistoty\u00f6h\u00f6n, n\u00e4pp\u00e4imist\u00f6n tee-se-itse-muokkauksiin ja nykyisen kokoonpanosi p\u00e4ivitt\u00e4miseen. Dominoi tulostaulukoita ja nosta kirjoituskokemuksesi uudelle tasolle AULA Mini60 HE PRO:lla jo t\u00e4n\u00e4\u00e4n!<\/p>","protected":false},"excerpt":{"rendered":"<ul>\n<li><strong>Seuraavan sukupolven tarkkuus:<\/strong>\u00a0Hall-ilmi\u00f6\u00f6n perustuvat magneettikytkimet, joiden s\u00e4\u00e4dett\u00e4v\u00e4 herkkyys on 0,01 mm.<\/li>\n<li><strong>Nolla latenssi:<\/strong>\u00a08000 Hz:n kyselytaajuus ja 128 kHz:n skannaustaajuus v\u00e4litt\u00f6m\u00e4\u00e4n reagointiin nopeatempoisissa peleiss\u00e4.<\/li>\n<li><strong>Kompakti tehokkuus:<\/strong>\u00a060%-asettelu, jossa ensiluokkaiset Cherry-profiililla varustetut PBT-n\u00e4pp\u00e4inhatut ja upea RGB-valaistus.<\/li>\n<li><strong>Eri alustojen hallinta:<\/strong>\u00a0Kolmitilayhteys (Bluetooth, 2,4 GHz, USB-C), t\u00e4ysin yhteensopiva Macin ja Windowsin kanssa.<\/li>\n<\/ul>","protected":false},"featured_media":5643,"comment_status":"open","ping_status":"closed","template":"","meta":[],"product_brand":[54],"product_cat":[571,322,20],"product_tag":[606,58,22],"class_list":{"0":"post-5614","1":"product","2":"type-product","3":"status-publish","4":"has-post-thumbnail","6":"product_brand-aula","7":"product_cat-60-keyboard","8":"product_cat-hall-effect-keyboard","9":"product_cat-keyboard","10":"product_tag-60-keyboard","11":"product_tag-hall-effect-keyboard","12":"product_tag-keyboard","14":"first","15":"instock","16":"sale","17":"taxable","18":"shipping-taxable","19":"purchasable","20":"product-type-variable","21":"wvs-archive-product-wrapper"},"aioseo_notices":[],"ct_brands":[{"id":54,"name":"AULA","slug":"aula"}],"jetpack_sharing_enabled":true,"_links":{"self":[{"href":"https:\/\/halleffectkeyboard.com\/fi\/wp-json\/wp\/v2\/product\/5614","targetHints":{"allow":["GET"]}}],"collection":[{"href":"https:\/\/halleffectkeyboard.com\/fi\/wp-json\/wp\/v2\/product"}],"about":[{"href":"https:\/\/halleffectkeyboard.com\/fi\/wp-json\/wp\/v2\/types\/product"}],"replies":[{"embeddable":true,"href":"https:\/\/halleffectkeyboard.com\/fi\/wp-json\/wp\/v2\/comments?post=5614"}],"version-history":[{"count":3,"href":"https:\/\/halleffectkeyboard.com\/fi\/wp-json\/wp\/v2\/product\/5614\/revisions"}],"predecessor-version":[{"id":5656,"href":"https:\/\/halleffectkeyboard.com\/fi\/wp-json\/wp\/v2\/product\/5614\/revisions\/5656"}],"wp:featuredmedia":[{"embeddable":true,"href":"https:\/\/halleffectkeyboard.com\/fi\/wp-json\/wp\/v2\/media\/5643"}],"wp:attachment":[{"href":"https:\/\/halleffectkeyboard.com\/fi\/wp-json\/wp\/v2\/media?parent=5614"}],"wp:term":[{"taxonomy":"product_brand","embeddable":true,"href":"https:\/\/halleffectkeyboard.com\/fi\/wp-json\/wp\/v2\/product_brand?post=5614"},{"taxonomy":"product_cat","embeddable":true,"href":"https:\/\/halleffectkeyboard.com\/fi\/wp-json\/wp\/v2\/product_cat?post=5614"},{"taxonomy":"product_tag","embeddable":true,"href":"https:\/\/halleffectkeyboard.com\/fi\/wp-json\/wp\/v2\/product_tag?post=5614"}],"curies":[{"name":"wp","href":"https:\/\/api.w.org\/{rel}","templated":true}]}}