{"id":5541,"date":"2026-05-09T15:46:27","date_gmt":"2026-05-09T07:46:27","guid":{"rendered":"https:\/\/halleffectkeyboard.com\/?post_type=product&#038;p=5541"},"modified":"2026-05-11T10:21:17","modified_gmt":"2026-05-11T02:21:17","slug":"aula-ag75-hall-effect-keyboard","status":"publish","type":"product","link":"https:\/\/halleffectkeyboard.com\/fi\/tuote\/aula-ag75-hall-efektinappaimisto\/","title":{"rendered":"AULA AG75 Hall-efekti-kosketinsoitin"},"content":{"rendered":"<h1>AULA AG75 Hall-efektin\u00e4pp\u00e4imist\u00f6: Huippuluokan 75%-magneettinen pelin\u00e4pp\u00e4imist\u00f6<br \/>\n<img loading=\"lazy\" decoding=\"async\" class=\"alignnone size-full wp-image-5596\" src=\"https:\/\/halleffectkeyboard.com\/wp-content\/uploads\/2026\/05\/1-20-scaled.jpg\" alt=\"AULA AG75 Hall Effect Keyboard\" width=\"2560\" height=\"1437\" srcset=\"https:\/\/halleffectkeyboard.com\/wp-content\/uploads\/2026\/05\/1-20-scaled.jpg 2560w, https:\/\/halleffectkeyboard.com\/wp-content\/uploads\/2026\/05\/1-20-300x168.jpg 300w, https:\/\/halleffectkeyboard.com\/wp-content\/uploads\/2026\/05\/1-20-1024x575.jpg 1024w, https:\/\/halleffectkeyboard.com\/wp-content\/uploads\/2026\/05\/1-20-768x431.jpg 768w, https:\/\/halleffectkeyboard.com\/wp-content\/uploads\/2026\/05\/1-20-1536x862.jpg 1536w, https:\/\/halleffectkeyboard.com\/wp-content\/uploads\/2026\/05\/1-20-2048x1150.jpg 2048w, https:\/\/halleffectkeyboard.com\/wp-content\/uploads\/2026\/05\/1-20-18x10.jpg 18w, https:\/\/halleffectkeyboard.com\/wp-content\/uploads\/2026\/05\/1-20-1200x674.jpg 1200w\" sizes=\"auto, (max-width: 2560px) 100vw, 2560px\" data-no-translation=\"\" \/><\/h1>\n<p>Koe kilpailullisen pelaamisen ja n\u00e4pp\u00e4ilytarkkuuden seuraava taso... <strong>AULA AG75<\/strong>, palkkio <strong>Hall-efektin\u00e4pp\u00e4imist\u00f6<\/strong> suunniteltu \u00e4\u00e4rimm\u00e4ist\u00e4 suorituskyky\u00e4 varten. Tyylikk\u00e4\u00e4ll\u00e4 t\u00e4ysalumiinisella CNC-rungolla ja huippuluokan magneettikytkimill\u00e4 varustettuna t\u00e4m\u00e4 <strong>75 n\u00e4pp\u00e4imist\u00f6\u00e4<\/strong> yhdist\u00e4\u00e4 t\u00e4ydellisesti kompaktin koon ja tinkim\u00e4tt\u00f6m\u00e4n toiminnallisuuden. Olitpa sitten esportsin ammattilainen tai mekaanisten n\u00e4pp\u00e4imist\u00f6jen harrastaja, AG75-sarja (Standard, Pro ja Ultra) tarjoaa vertaansa vailla olevan kokemuksen.<br \/>\n<img loading=\"lazy\" decoding=\"async\" class=\"alignnone size-full wp-image-5599\" src=\"https:\/\/halleffectkeyboard.com\/wp-content\/uploads\/2026\/05\/4-21-scaled.jpg\" alt=\"AULA AG75 Hall Effect Keyboard\" width=\"2560\" height=\"1437\" srcset=\"https:\/\/halleffectkeyboard.com\/wp-content\/uploads\/2026\/05\/4-21-scaled.jpg 2560w, https:\/\/halleffectkeyboard.com\/wp-content\/uploads\/2026\/05\/4-21-300x168.jpg 300w, https:\/\/halleffectkeyboard.com\/wp-content\/uploads\/2026\/05\/4-21-1024x575.jpg 1024w, https:\/\/halleffectkeyboard.com\/wp-content\/uploads\/2026\/05\/4-21-768x431.jpg 768w, https:\/\/halleffectkeyboard.com\/wp-content\/uploads\/2026\/05\/4-21-1536x862.jpg 1536w, https:\/\/halleffectkeyboard.com\/wp-content\/uploads\/2026\/05\/4-21-2048x1150.jpg 2048w, https:\/\/halleffectkeyboard.com\/wp-content\/uploads\/2026\/05\/4-21-18x10.jpg 18w, https:\/\/halleffectkeyboard.com\/wp-content\/uploads\/2026\/05\/4-21-1200x674.jpg 1200w\" sizes=\"auto, (max-width: 2560px) 100vw, 2560px\" data-no-translation=\"\" \/><\/p>\n<h2>Dominoi huippunopealla suorituskyvyll\u00e4<\/h2>\n<p>Nopeutta silm\u00e4ll\u00e4 pit\u00e4en rakennettu AULA AG75 on todellinen <strong>Rapid Trigger -n\u00e4pp\u00e4imist\u00f6 \/ RT-n\u00e4pp\u00e4imist\u00f6<\/strong> joka poistaa perinteisen sy\u00f6tt\u00f6viiveen.<\/p>\n<ul>\n<li><strong>Salamannopea vaste:<\/strong>\u00a0Koe aito viiveet\u00f6n pelaaminen\u00a0<strong>8000 Hz:n kyselytaajuus<\/strong>\u00a0ja h\u00e4mm\u00e4stytt\u00e4v\u00e4n alhainen keskim\u00e4\u00e4r\u00e4inen latenssi, jopa 0,08 ms (Ultra-versio).<\/li>\n<li><strong>S\u00e4\u00e4dett\u00e4v\u00e4n k\u00e4ytt\u00f6pisteen n\u00e4pp\u00e4imist\u00f6:<\/strong>\u00a0Mukauta n\u00e4pp\u00e4imen liikett\u00e4 0,001 mm:st\u00e4 3,4 mm:iin. 0,001 mm:n askeltarkkuus ja s\u00e4\u00e4dett\u00e4v\u00e4 &quot;0&quot;-kuollut alue tekev\u00e4t siit\u00e4 t\u00e4ydellisen.\u00a0<strong>FPS-pelin\u00e4pp\u00e4imist\u00f6<\/strong>\u00a0ja\u00a0<strong>Valorant-n\u00e4pp\u00e4imist\u00f6<\/strong>, mik\u00e4 mahdollistaa v\u00e4litt\u00f6m\u00e4t pys\u00e4ytykset ja \u00e4\u00e4rimm\u00e4isen tarkkuuden.<br \/>\n<img loading=\"lazy\" decoding=\"async\" class=\"alignnone size-full wp-image-5602\" src=\"https:\/\/halleffectkeyboard.com\/wp-content\/uploads\/2026\/05\/7-9-scaled.jpg\" alt=\"AULA AG75 Hall Effect Keyboard\" width=\"2560\" height=\"1437\" srcset=\"https:\/\/halleffectkeyboard.com\/wp-content\/uploads\/2026\/05\/7-9-scaled.jpg 2560w, https:\/\/halleffectkeyboard.com\/wp-content\/uploads\/2026\/05\/7-9-300x168.jpg 300w, https:\/\/halleffectkeyboard.com\/wp-content\/uploads\/2026\/05\/7-9-1024x575.jpg 1024w, https:\/\/halleffectkeyboard.com\/wp-content\/uploads\/2026\/05\/7-9-768x431.jpg 768w, https:\/\/halleffectkeyboard.com\/wp-content\/uploads\/2026\/05\/7-9-1536x862.jpg 1536w, https:\/\/halleffectkeyboard.com\/wp-content\/uploads\/2026\/05\/7-9-2048x1150.jpg 2048w, https:\/\/halleffectkeyboard.com\/wp-content\/uploads\/2026\/05\/7-9-18x10.jpg 18w, https:\/\/halleffectkeyboard.com\/wp-content\/uploads\/2026\/05\/7-9-1200x674.jpg 1200w\" sizes=\"auto, (max-width: 2560px) 100vw, 2560px\" data-no-translation=\"\" \/><\/li>\n<li><strong>Rakennettu nopeutta varten:<\/strong>\u00a0Tarvitsetko\u00a0<strong>osu!-n\u00e4pp\u00e4imist\u00f6<\/strong>, a\u00a0<strong>Rytmipelin n\u00e4pp\u00e4imist\u00f6<\/strong>, tai luotettava\u00a0<strong>Nopeatempoisten pelien n\u00e4pp\u00e4imist\u00f6<\/strong>, edistynyt 3. ja 4. sukupolvi\u00a0<strong>Hall-ilmi\u00f6kytkimet<\/strong>\u00a0varmista, ett\u00e4 jokainen n\u00e4pp\u00e4inpainallus rekister\u00f6ityy v\u00e4litt\u00f6m\u00e4sti.<br \/>\n<img loading=\"lazy\" decoding=\"async\" class=\"alignnone size-full wp-image-5597\" src=\"https:\/\/halleffectkeyboard.com\/wp-content\/uploads\/2026\/05\/2-21-scaled.jpg\" alt=\"AULA AG75 Hall Effect Keyboard\" width=\"2560\" height=\"1437\" srcset=\"https:\/\/halleffectkeyboard.com\/wp-content\/uploads\/2026\/05\/2-21-scaled.jpg 2560w, https:\/\/halleffectkeyboard.com\/wp-content\/uploads\/2026\/05\/2-21-300x168.jpg 300w, https:\/\/halleffectkeyboard.com\/wp-content\/uploads\/2026\/05\/2-21-1024x575.jpg 1024w, https:\/\/halleffectkeyboard.com\/wp-content\/uploads\/2026\/05\/2-21-768x431.jpg 768w, https:\/\/halleffectkeyboard.com\/wp-content\/uploads\/2026\/05\/2-21-1536x862.jpg 1536w, https:\/\/halleffectkeyboard.com\/wp-content\/uploads\/2026\/05\/2-21-2048x1150.jpg 2048w, https:\/\/halleffectkeyboard.com\/wp-content\/uploads\/2026\/05\/2-21-18x10.jpg 18w, https:\/\/halleffectkeyboard.com\/wp-content\/uploads\/2026\/05\/2-21-1200x674.jpg 1200w\" sizes=\"auto, (max-width: 2560px) 100vw, 2560px\" data-no-translation=\"\" \/><\/li>\n<\/ul>\n<h2>Ensiluokkainen mukautettu n\u00e4pp\u00e4imist\u00f6kokemus<\/h2>\n<p>Koe huippuluokan akustiikka ja tunnelma <strong>Mukautettu n\u00e4pp\u00e4imist\u00f6<\/strong> suoraan laatikosta.<\/p>\n<ul>\n<li><strong>Ylivertainen rakennus:<\/strong>\u00a0220-meshin anodisoituun tai hienoelektroforeesiin perustuvaan t\u00e4ysalumiinikuoreen koteloitu\u00a0<strong>magneettinen n\u00e4pp\u00e4imist\u00f6<\/strong>\u00a0ylpeilee j\u00e4yk\u00e4ll\u00e4, ensiluokkaisella rakenteella.<\/li>\n<li><strong>HIFI-akustiikka:<\/strong>\u00a0Kuusikerroksisella t\u00e4yspehmustej\u00e4rjestelm\u00e4ll\u00e4 (mukaan lukien hitaasti palautuva PO-vaahto, PET-shimmit ja hiilikuituinen kohdistuslevy) varustettuna se tuottaa puhtaan ja tukevan \u00e4\u00e4niprofiilin.<\/li>\n<li><strong>Monipuolinen muotoilu:<\/strong>\u00a0Suunniteltu kilpailemaan mink\u00e4 tahansa\u00a0<strong>yl\u00e4kiinnitteinen magneettinen n\u00e4pp\u00e4imist\u00f6<\/strong>, siin\u00e4 on pikalukittava magneettinen kokoonpano helppoa modaamista varten. Se sopii kauniisti yhteen erilaisten n\u00e4pp\u00e4inhattutyylien kanssa, mukaan lukien premium-\u00a0<strong>Kirsikkaprofiilista valmistetut PBT-sivupainetut n\u00e4pp\u00e4inhatut<\/strong>\u00a0ja mukana tulevat himme\u00e4-\/metalliteemaiset setit.<br \/>\n<img loading=\"lazy\" decoding=\"async\" class=\"alignnone size-full wp-image-5601\" src=\"https:\/\/halleffectkeyboard.com\/wp-content\/uploads\/2026\/05\/6-10-scaled.jpg\" alt=\"AULA AG75 Hall Effect Keyboard\" width=\"2560\" height=\"1437\" srcset=\"https:\/\/halleffectkeyboard.com\/wp-content\/uploads\/2026\/05\/6-10-scaled.jpg 2560w, https:\/\/halleffectkeyboard.com\/wp-content\/uploads\/2026\/05\/6-10-300x168.jpg 300w, https:\/\/halleffectkeyboard.com\/wp-content\/uploads\/2026\/05\/6-10-1024x575.jpg 1024w, https:\/\/halleffectkeyboard.com\/wp-content\/uploads\/2026\/05\/6-10-768x431.jpg 768w, https:\/\/halleffectkeyboard.com\/wp-content\/uploads\/2026\/05\/6-10-1536x862.jpg 1536w, https:\/\/halleffectkeyboard.com\/wp-content\/uploads\/2026\/05\/6-10-2048x1150.jpg 2048w, https:\/\/halleffectkeyboard.com\/wp-content\/uploads\/2026\/05\/6-10-18x10.jpg 18w, https:\/\/halleffectkeyboard.com\/wp-content\/uploads\/2026\/05\/6-10-1200x674.jpg 1200w\" sizes=\"auto, (max-width: 2560px) 100vw, 2560px\" data-no-translation=\"\" \/><\/li>\n<\/ul>\n<h2>Seuraavan sukupolven magneettinen kytkinn\u00e4pp\u00e4imist\u00f6<\/h2>\n<p>Astu tulevaisuuteen <strong>HE-n\u00e4pp\u00e4imist\u00f6t<\/strong> AULAn r\u00e4\u00e4t\u00e4l\u00f6idyill\u00e4 kytkimill\u00e4. T\u00e4m\u00e4 <strong>Magneettinen kytkinn\u00e4pp\u00e4imist\u00f6<\/strong> tarjoaa nelj\u00e4 erilaista kytkinvaihtoehtoa juuri sinun mieltymystesi mukaan:<\/p>\n<ul>\n<li><strong>Mixue-magneettinen kytkin:<\/strong>\u00a0Sujuva lineaarinen tuntuma ja v\u00e4lit\u00f6n liipaisin.<\/li>\n<li><strong>Bingxin hopeinen magneettikytkin:<\/strong>\u00a0Taktiili ja selke\u00e4 palaute.<\/li>\n<li><strong>Chaoshenin magneettikytkin:<\/strong>\u00a0Lineaarinen ja ultranopea kilpailulliseen pelaamiseen.<\/li>\n<li><strong>Babao-magneettinen kytkin:<\/strong>\u00a0Kirkas &quot;vesipisara&quot;-\u00e4\u00e4ni puhtaalla, vaimentamattomalla pohja\u00e4\u00e4nell\u00e4.<br \/>\n<img loading=\"lazy\" decoding=\"async\" class=\"alignnone size-full wp-image-5600\" src=\"https:\/\/halleffectkeyboard.com\/wp-content\/uploads\/2026\/05\/5-23-scaled.jpg\" alt=\"AULA AG75 Hall Effect Keyboard\" width=\"2560\" height=\"1437\" srcset=\"https:\/\/halleffectkeyboard.com\/wp-content\/uploads\/2026\/05\/5-23-scaled.jpg 2560w, https:\/\/halleffectkeyboard.com\/wp-content\/uploads\/2026\/05\/5-23-300x168.jpg 300w, https:\/\/halleffectkeyboard.com\/wp-content\/uploads\/2026\/05\/5-23-1024x575.jpg 1024w, https:\/\/halleffectkeyboard.com\/wp-content\/uploads\/2026\/05\/5-23-768x431.jpg 768w, https:\/\/halleffectkeyboard.com\/wp-content\/uploads\/2026\/05\/5-23-1536x862.jpg 1536w, https:\/\/halleffectkeyboard.com\/wp-content\/uploads\/2026\/05\/5-23-2048x1150.jpg 2048w, https:\/\/halleffectkeyboard.com\/wp-content\/uploads\/2026\/05\/5-23-18x10.jpg 18w, https:\/\/halleffectkeyboard.com\/wp-content\/uploads\/2026\/05\/5-23-1200x674.jpg 1200w\" sizes=\"auto, (max-width: 2560px) 100vw, 2560px\" data-no-translation=\"\" \/><\/li>\n<\/ul>\n<h2>\u00c4lyk\u00e4s asettelu ja laaja yhteensopivuus<\/h2>\n<ul>\n<li><strong>Tilaa s\u00e4\u00e4st\u00e4v\u00e4 muotoilu:<\/strong>\u00a0The\u00a0<strong>75 prosenttia n\u00e4pp\u00e4imist\u00f6st\u00e4<\/strong>\u00a0kokoluokka s\u00e4\u00e4st\u00e4\u00e4 25% ty\u00f6p\u00f6yt\u00e4tilaa verrattuna t\u00e4ysikokoisiin malleihin. Optimoitu\u00a0<strong>75 n\u00e4pp\u00e4imist\u00f6asettelu<\/strong>\u00a0s\u00e4ilytt\u00e4\u00e4 t\u00e4rkeimm\u00e4t toiminton\u00e4pp\u00e4imet ja nuolin\u00e4pp\u00e4imet, mik\u00e4 tekee siit\u00e4 yhden k\u00e4yt\u00e4nn\u00f6llisimmist\u00e4\u00a0<strong>75 n\u00e4pp\u00e4imist\u00f6\u00e4<\/strong>\u00a0markkinoilla.<\/li>\n<li><strong>Saumaton integrointi:<\/strong>\u00a0T\u00e4m\u00e4 on t\u00e4ysin\u00a0<strong>Mac- ja Windows-yhteensopiva pelin\u00e4pp\u00e4imist\u00f6<\/strong>\u00a0(tukee my\u00f6s Linuxia).<\/li>\n<li><strong>Edistynyt ohjelmisto:<\/strong>\u00a0AULA Web Driver 3.0:n avulla voit helposti m\u00e4\u00e4ritt\u00e4\u00e4 RT\/SOCD-asetuksia, m\u00e4\u00e4ritt\u00e4\u00e4 ammattilaistason esiasetuksia ja mukauttaa eloisaa 170 LEDin ARGB-valaistusta ilman turhauttavia ohjelmia.<\/li>\n<li><strong>Kaksoisliipaisin \u201cKaksoissielu\u201d:<\/strong>\u00a0Vaihda kahden mukautetun tilan v\u00e4lill\u00e4 yhdell\u00e4 napsautuksella \u2013 t\u00e4ydellinen siirtymiseen ty\u00f6st\u00e4 pelaamiseen.<br \/>\n<img loading=\"lazy\" decoding=\"async\" class=\"alignnone size-full wp-image-5598\" src=\"https:\/\/halleffectkeyboard.com\/wp-content\/uploads\/2026\/05\/3-22-scaled.jpg\" alt=\"AULA AG75 Hall Effect Keyboard\" width=\"2560\" height=\"1437\" srcset=\"https:\/\/halleffectkeyboard.com\/wp-content\/uploads\/2026\/05\/3-22-scaled.jpg 2560w, https:\/\/halleffectkeyboard.com\/wp-content\/uploads\/2026\/05\/3-22-300x168.jpg 300w, https:\/\/halleffectkeyboard.com\/wp-content\/uploads\/2026\/05\/3-22-1024x575.jpg 1024w, https:\/\/halleffectkeyboard.com\/wp-content\/uploads\/2026\/05\/3-22-768x431.jpg 768w, https:\/\/halleffectkeyboard.com\/wp-content\/uploads\/2026\/05\/3-22-1536x862.jpg 1536w, https:\/\/halleffectkeyboard.com\/wp-content\/uploads\/2026\/05\/3-22-2048x1150.jpg 2048w, https:\/\/halleffectkeyboard.com\/wp-content\/uploads\/2026\/05\/3-22-18x10.jpg 18w, https:\/\/halleffectkeyboard.com\/wp-content\/uploads\/2026\/05\/3-22-1200x674.jpg 1200w\" sizes=\"auto, (max-width: 2560px) 100vw, 2560px\" data-no-translation=\"\" \/><\/li>\n<\/ul>\n<hr \/>\n<h2>AULA AG75 -sarjan vertailu: Kumpi sopii sinulle parhaiten?<\/h2>\n<table>\n<thead>\n<tr>\n<th>Ominaisuus<\/th>\n<th>AULA AG75<\/th>\n<th>AULA AG75 Pro<\/th>\n<th>AULA AG75 Ultra<\/th>\n<\/tr>\n<\/thead>\n<tbody>\n<tr>\n<td><strong>Kohdek\u00e4ytt\u00e4j\u00e4<\/strong><\/td>\n<td>Aloittelijan kilpailukykyinen<\/td>\n<td>Edistyneet pelaajat<\/td>\n<td>Esports-ammattilaiset<\/td>\n<\/tr>\n<tr>\n<td><strong>Anturi<\/strong><\/td>\n<td>3. sukupolven Hall-anturi<\/td>\n<td>3. sukupolven Hall-anturi<\/td>\n<td><strong>4. sukupolven Hall-anturi<\/strong>\u00a0(Tarkin)<\/td>\n<\/tr>\n<tr>\n<td><strong>Skannausnopeus \/ latenssi<\/strong><\/td>\n<td>256K \/ 0,1 ms<\/td>\n<td>256K \/ 0,1 ms<\/td>\n<td><strong>2304K \/ 0,08 ms<\/strong><\/td>\n<\/tr>\n<tr>\n<td><strong>Piirilevyratkaisu<\/strong><\/td>\n<td>Yhden aseman ratkaisu<\/td>\n<td>Kahden aseman ratkaisu<\/td>\n<td><strong>Starlight 3-ytiminen suoraliit\u00e4nt\u00e4<\/strong><\/td>\n<\/tr>\n<tr>\n<td><strong>Osakevaihdot<\/strong><\/td>\n<td>Mixue Magnetic<\/td>\n<td>Bingxin hopeamagneettinen<\/td>\n<td>Chaoshen \/ Babao Magnetic<\/td>\n<\/tr>\n<tr>\n<td><strong>Kuoren viimeistely<\/strong><\/td>\n<td>220-mesh anodisoitu<\/td>\n<td>Hieno elektroforeesi<\/td>\n<td>220-mesh anodisoitu<\/td>\n<\/tr>\n<tr>\n<td><strong>N\u00e4pp\u00e4inhatut<\/strong><\/td>\n<td>Himme\u00e4 l\u00e4pikuultava<\/td>\n<td>Metalli\/L\u00e4mp\u00f6sublimaatio<\/td>\n<td>Metalli\/3-osainen l\u00e4pin\u00e4kyv\u00e4<\/td>\n<\/tr>\n<\/tbody>\n<\/table>\n<p><strong>P\u00e4ivit\u00e4 kokoonpanoasi jo t\u00e4n\u00e4\u00e4n AULA AG75 Hall -kosketinsoittimella \u2013 jossa tarkkuustekniikka kohtaa kilpailukyvyn.<br \/>\n<img loading=\"lazy\" decoding=\"async\" class=\"alignnone size-full wp-image-5603\" src=\"https:\/\/halleffectkeyboard.com\/wp-content\/uploads\/2026\/05\/8-4-scaled.jpg\" alt=\"AULA AG75 Hall Effect Keyboard\" width=\"2560\" height=\"1437\" srcset=\"https:\/\/halleffectkeyboard.com\/wp-content\/uploads\/2026\/05\/8-4-scaled.jpg 2560w, https:\/\/halleffectkeyboard.com\/wp-content\/uploads\/2026\/05\/8-4-300x168.jpg 300w, https:\/\/halleffectkeyboard.com\/wp-content\/uploads\/2026\/05\/8-4-1024x575.jpg 1024w, https:\/\/halleffectkeyboard.com\/wp-content\/uploads\/2026\/05\/8-4-768x431.jpg 768w, https:\/\/halleffectkeyboard.com\/wp-content\/uploads\/2026\/05\/8-4-1536x862.jpg 1536w, https:\/\/halleffectkeyboard.com\/wp-content\/uploads\/2026\/05\/8-4-2048x1150.jpg 2048w, https:\/\/halleffectkeyboard.com\/wp-content\/uploads\/2026\/05\/8-4-18x10.jpg 18w, https:\/\/halleffectkeyboard.com\/wp-content\/uploads\/2026\/05\/8-4-1200x674.jpg 1200w\" sizes=\"auto, (max-width: 2560px) 100vw, 2560px\" data-no-translation=\"\" \/><br \/>\n<\/strong><\/p>","protected":false},"excerpt":{"rendered":"<ul>\n<li><strong>Eritt\u00e4in nopea vasteaika:<\/strong>\u00a08000 Hz:n kyselytaajuus ja jopa 0,08 ms:n latenssi.<\/li>\n<li><strong>Nopea laukaisu (RT):<\/strong>\u00a0S\u00e4\u00e4dett\u00e4v\u00e4 k\u00e4ytt\u00f6 0,001 mm:n tarkkuudella v\u00e4litt\u00f6m\u00e4\u00e4n iskutukseen.<\/li>\n<li><strong>Premium-koontiversio:<\/strong>\u00a0T\u00e4ysalumiininen CNC-kuori, jossa on 6-kerroksinen HIFI-\u00e4\u00e4nenvaimennusj\u00e4rjestelm\u00e4.<\/li>\n<li><strong>\u00c4lyk\u00e4s 75% -mallin asettelu:<\/strong>\u00a0S\u00e4\u00e4st\u00e4\u00e4 ty\u00f6p\u00f6yt\u00e4tilaa tinkim\u00e4tt\u00e4 t\u00e4rkeist\u00e4 n\u00e4pp\u00e4imist\u00e4.<\/li>\n<li><strong>Laaja yhteensopivuus:<\/strong>\u00a0Toimii saumattomasti Macin ja Windowsin kanssa.<\/li>\n<\/ul>","protected":false},"featured_media":5574,"comment_status":"open","ping_status":"closed","template":"","meta":[],"product_brand":[54],"product_cat":[574,322,20],"product_tag":[626,58,22],"class_list":{"0":"post-5541","1":"product","2":"type-product","3":"status-publish","4":"has-post-thumbnail","6":"product_brand-aula","7":"product_cat-75-keyboard","8":"product_cat-hall-effect-keyboard","9":"product_cat-keyboard","10":"product_tag-75-keyboard","11":"product_tag-hall-effect-keyboard","12":"product_tag-keyboard","14":"first","15":"instock","16":"taxable","17":"shipping-taxable","18":"purchasable","19":"product-type-variable","20":"wvs-archive-product-wrapper"},"aioseo_notices":[],"ct_brands":[{"id":54,"name":"AULA","slug":"aula"}],"jetpack_sharing_enabled":true,"_links":{"self":[{"href":"https:\/\/halleffectkeyboard.com\/fi\/wp-json\/wp\/v2\/product\/5541","targetHints":{"allow":["GET"]}}],"collection":[{"href":"https:\/\/halleffectkeyboard.com\/fi\/wp-json\/wp\/v2\/product"}],"about":[{"href":"https:\/\/halleffectkeyboard.com\/fi\/wp-json\/wp\/v2\/types\/product"}],"replies":[{"embeddable":true,"href":"https:\/\/halleffectkeyboard.com\/fi\/wp-json\/wp\/v2\/comments?post=5541"}],"version-history":[{"count":3,"href":"https:\/\/halleffectkeyboard.com\/fi\/wp-json\/wp\/v2\/product\/5541\/revisions"}],"predecessor-version":[{"id":5605,"href":"https:\/\/halleffectkeyboard.com\/fi\/wp-json\/wp\/v2\/product\/5541\/revisions\/5605"}],"wp:featuredmedia":[{"embeddable":true,"href":"https:\/\/halleffectkeyboard.com\/fi\/wp-json\/wp\/v2\/media\/5574"}],"wp:attachment":[{"href":"https:\/\/halleffectkeyboard.com\/fi\/wp-json\/wp\/v2\/media?parent=5541"}],"wp:term":[{"taxonomy":"product_brand","embeddable":true,"href":"https:\/\/halleffectkeyboard.com\/fi\/wp-json\/wp\/v2\/product_brand?post=5541"},{"taxonomy":"product_cat","embeddable":true,"href":"https:\/\/halleffectkeyboard.com\/fi\/wp-json\/wp\/v2\/product_cat?post=5541"},{"taxonomy":"product_tag","embeddable":true,"href":"https:\/\/halleffectkeyboard.com\/fi\/wp-json\/wp\/v2\/product_tag?post=5541"}],"curies":[{"name":"wp","href":"https:\/\/api.w.org\/{rel}","templated":true}]}}