{"id":5500,"date":"2026-05-09T11:36:29","date_gmt":"2026-05-09T03:36:29","guid":{"rendered":"https:\/\/halleffectkeyboard.com\/?post_type=product&#038;p=5500"},"modified":"2026-05-09T15:26:21","modified_gmt":"2026-05-09T07:26:21","slug":"aula-ag60-hall-effect-keyboard","status":"publish","type":"product","link":"https:\/\/halleffectkeyboard.com\/fi\/tuote\/aula-ag60-hall-efektinappaimisto\/","title":{"rendered":"AULA AG60 Hall-efekti-kosketinsoitin"},"content":{"rendered":"<h1>AULA AG60 Hall Effect -n\u00e4pp\u00e4imist\u00f6: Huippuluokan 60%-pelin\u00e4pp\u00e4imist\u00f6 nopeasti liipaisimella<br \/>\n<img loading=\"lazy\" decoding=\"async\" class=\"alignnone size-full wp-image-5508\" src=\"https:\/\/halleffectkeyboard.com\/wp-content\/uploads\/2026\/05\/1-16-scaled.jpg\" alt=\"AULA AG60 Hall Effect Keyboard\" width=\"2560\" height=\"1437\" srcset=\"https:\/\/halleffectkeyboard.com\/wp-content\/uploads\/2026\/05\/1-16-scaled.jpg 2560w, https:\/\/halleffectkeyboard.com\/wp-content\/uploads\/2026\/05\/1-16-300x168.jpg 300w, https:\/\/halleffectkeyboard.com\/wp-content\/uploads\/2026\/05\/1-16-1024x575.jpg 1024w, https:\/\/halleffectkeyboard.com\/wp-content\/uploads\/2026\/05\/1-16-768x431.jpg 768w, https:\/\/halleffectkeyboard.com\/wp-content\/uploads\/2026\/05\/1-16-1536x862.jpg 1536w, https:\/\/halleffectkeyboard.com\/wp-content\/uploads\/2026\/05\/1-16-2048x1150.jpg 2048w, https:\/\/halleffectkeyboard.com\/wp-content\/uploads\/2026\/05\/1-16-18x10.jpg 18w, https:\/\/halleffectkeyboard.com\/wp-content\/uploads\/2026\/05\/1-16-1200x674.jpg 1200w\" sizes=\"auto, (max-width: 2560px) 100vw, 2560px\" data-no-translation=\"\" \/><\/h1>\n<p><strong>Nosta kilpailuetuasi AULA AG60 -sarjalla \u2013 ensiluokkaisella Hall-efektin\u00e4pp\u00e4imist\u00f6ll\u00e4, joka on suunniteltu nopeutta, tarkkuutta ja minimalistista estetiikkaa silm\u00e4ll\u00e4 pit\u00e4en.<\/strong><\/p>\n<p>The <strong>AULA AG60 Hall-efektill\u00e4 varustettu kosketinsoitin<\/strong> on suunniteltu hallitsemaan. Sis\u00e4lt\u00e4\u00e4 alan johtavaa <strong>magneettikytkin<\/strong> teknologia <strong>8000 Hz:n kyselytaajuus<\/strong>, ja kompakti <strong>60%-n\u00e4pp\u00e4imist\u00f6asettelu<\/strong>, t\u00e4m\u00e4 on <strong>budjetti Rapid Trigger -n\u00e4pp\u00e4imist\u00f6<\/strong> olet odottanut.<br \/>\n<img loading=\"lazy\" decoding=\"async\" class=\"alignnone size-full wp-image-5515\" src=\"https:\/\/halleffectkeyboard.com\/wp-content\/uploads\/2026\/05\/7-7-scaled.jpg\" alt=\"AULA AG60 Hall Effect Keyboard\" width=\"2560\" height=\"1437\" srcset=\"https:\/\/halleffectkeyboard.com\/wp-content\/uploads\/2026\/05\/7-7-scaled.jpg 2560w, https:\/\/halleffectkeyboard.com\/wp-content\/uploads\/2026\/05\/7-7-300x168.jpg 300w, https:\/\/halleffectkeyboard.com\/wp-content\/uploads\/2026\/05\/7-7-1024x575.jpg 1024w, https:\/\/halleffectkeyboard.com\/wp-content\/uploads\/2026\/05\/7-7-768x431.jpg 768w, https:\/\/halleffectkeyboard.com\/wp-content\/uploads\/2026\/05\/7-7-1536x862.jpg 1536w, https:\/\/halleffectkeyboard.com\/wp-content\/uploads\/2026\/05\/7-7-2048x1150.jpg 2048w, https:\/\/halleffectkeyboard.com\/wp-content\/uploads\/2026\/05\/7-7-18x10.jpg 18w, https:\/\/halleffectkeyboard.com\/wp-content\/uploads\/2026\/05\/7-7-1200x674.jpg 1200w\" sizes=\"auto, (max-width: 2560px) 100vw, 2560px\" data-no-translation=\"\" \/><\/p>\n<hr \/>\n<h2>Miksi valita AULA AG60 Hall-kosketinsoitin?<\/h2>\n<p>AULA AG60 ei ole vain yksi muiden <strong>60 pelin\u00e4pp\u00e4imist\u00f6<\/strong>; se on tehokas ty\u00f6kalu, joka on rakennettu pelaajille, jotka vaativat nollalatenssia.<\/p>\n<h3>Huippuluokan magneettikytkintekniikka<\/h3>\n<p>Varustettu edistyneill\u00e4 <strong>Hall-ilmi\u00f6kytkimet<\/strong>, AULA AG60 tarjoaa <strong>s\u00e4\u00e4dett\u00e4v\u00e4 k\u00e4ytt\u00f6piste<\/strong> (0,1 mm:st\u00e4 4,0 mm:iin). Tarvitsetpa sitten h\u00f6yhenenkevyen kosketuksen <strong>nopeatempoiset pelit<\/strong> tai tahallinen kirjoitusj\u00e4lki, t\u00e4m\u00e4 <strong>magneettinen kytkinn\u00e4pp\u00e4imist\u00f6<\/strong> sopeutuu sinuun.<\/p>\n<ul>\n<li><strong>Nopea laukaisu (RT):<\/strong>\u00a0Koe l\u00e4hes v\u00e4lit\u00f6n nollaus\u00a0<strong>RT 0,001 mm<\/strong>\u00a0tarkkuus, v\u00e4ltt\u00e4m\u00e4t\u00f6n\u00a0<strong>Valorantti<\/strong>,\u00a0<strong>CS2<\/strong>, ja\u00a0<strong>Osu!-n\u00e4pp\u00e4imist\u00f6<\/strong>\u00a0harrastajat.<\/li>\n<li><strong>8000 Hz:n kyselytaajuus:<\/strong>\u00a0Kanssa\u00a0<strong>8K-kyselynopeus<\/strong>, nauti 0,1 ms:n tulolatenssista, joka pit\u00e4\u00e4 sinut kilpailijoiden edell\u00e4.<br \/>\n<img loading=\"lazy\" decoding=\"async\" class=\"alignnone size-full wp-image-5509\" src=\"https:\/\/halleffectkeyboard.com\/wp-content\/uploads\/2026\/05\/2-16-scaled.jpg\" alt=\"AULA AG60 Hall Effect Keyboard\" width=\"2560\" height=\"1437\" srcset=\"https:\/\/halleffectkeyboard.com\/wp-content\/uploads\/2026\/05\/2-16-scaled.jpg 2560w, https:\/\/halleffectkeyboard.com\/wp-content\/uploads\/2026\/05\/2-16-300x168.jpg 300w, https:\/\/halleffectkeyboard.com\/wp-content\/uploads\/2026\/05\/2-16-1024x575.jpg 1024w, https:\/\/halleffectkeyboard.com\/wp-content\/uploads\/2026\/05\/2-16-768x431.jpg 768w, https:\/\/halleffectkeyboard.com\/wp-content\/uploads\/2026\/05\/2-16-1536x862.jpg 1536w, https:\/\/halleffectkeyboard.com\/wp-content\/uploads\/2026\/05\/2-16-2048x1150.jpg 2048w, https:\/\/halleffectkeyboard.com\/wp-content\/uploads\/2026\/05\/2-16-18x10.jpg 18w, https:\/\/halleffectkeyboard.com\/wp-content\/uploads\/2026\/05\/2-16-1200x674.jpg 1200w\" sizes=\"auto, (max-width: 2560px) 100vw, 2560px\" data-no-translation=\"\" \/><\/li>\n<\/ul>\n<h3>Kompakti 60%-asettelu minimalistisiin asetelmiin<\/h3>\n<p>The <strong>60 prosentin n\u00e4pp\u00e4imist\u00f6asettelu<\/strong> on kultastandardi <strong>FPS-pelin\u00e4pp\u00e4imist\u00f6t<\/strong>. Poistamalla numeron\u00e4pp\u00e4imist\u00f6n ja toimintorivin saat valtavasti p\u00f6yt\u00e4tilaa herkille hiiren liikkeille. <em>Huomautus: Tarvitsetko navigointin\u00e4pp\u00e4imi\u00e4? <strong>60-n\u00e4pp\u00e4imist\u00f6n oletuskotin\u00e4pp\u00e4in<\/strong> on helposti k\u00e4ytett\u00e4viss\u00e4 intuitiivisten Fn-kerroksen pikan\u00e4pp\u00e4inten avulla, jotka ovat t\u00e4ysin muokattavissa ohjelmistossamme.<\/em><\/p>\n<h3>Premium-koonti ja -mukautus<\/h3>\n<ul>\n<li><strong>Mukautettu n\u00e4pp\u00e4imist\u00f6kokemus:<\/strong>\u00a0Esittelee\u00a0<strong>kaikki n\u00e4pp\u00e4imet vaihdettavissa k\u00e4yt\u00f6n aikana<\/strong>\u00a0pistorasioissa voit helposti vaihtaa kytkimi\u00e4 ilman juottamista.<\/li>\n<li><strong>Erinomainen akustiikka:<\/strong>\u00a0Meid\u00e4n\u00a0<strong>yl\u00e4kiinnitteinen magneettinen n\u00e4pp\u00e4imist\u00f6<\/strong>\u00a0Suunnitteluun kuuluu monikerroksinen \u00e4\u00e4nenvaimennus, joka varmistaa &quot;j\u00e4m\u00e4k\u00e4n&quot; ja tyydytt\u00e4v\u00e4n \u00e4\u00e4niprofiilin.<\/li>\n<li><strong>Kest\u00e4v\u00e4 estetiikka:<\/strong>\u00a0Varustettu\u00a0<strong>Kirsikkaprofiililla varustetut PBT-sivupainetut n\u00e4pp\u00e4inhatut<\/strong>\u00a0jotka ovat \u00f6ljynkest\u00e4vi\u00e4 ja haalistumattomia, yhdistettyn\u00e4 eloisaan\u00a0<strong>Twin Star RGB -taustavalo<\/strong>.<br \/>\n<img loading=\"lazy\" decoding=\"async\" class=\"alignnone size-full wp-image-5510\" src=\"https:\/\/halleffectkeyboard.com\/wp-content\/uploads\/2026\/05\/3-17-scaled.jpg\" alt=\"AULA AG60 Hall Effect Keyboard\" width=\"2560\" height=\"1437\" srcset=\"https:\/\/halleffectkeyboard.com\/wp-content\/uploads\/2026\/05\/3-17-scaled.jpg 2560w, https:\/\/halleffectkeyboard.com\/wp-content\/uploads\/2026\/05\/3-17-300x168.jpg 300w, https:\/\/halleffectkeyboard.com\/wp-content\/uploads\/2026\/05\/3-17-1024x575.jpg 1024w, https:\/\/halleffectkeyboard.com\/wp-content\/uploads\/2026\/05\/3-17-768x431.jpg 768w, https:\/\/halleffectkeyboard.com\/wp-content\/uploads\/2026\/05\/3-17-1536x862.jpg 1536w, https:\/\/halleffectkeyboard.com\/wp-content\/uploads\/2026\/05\/3-17-2048x1150.jpg 2048w, https:\/\/halleffectkeyboard.com\/wp-content\/uploads\/2026\/05\/3-17-18x10.jpg 18w, https:\/\/halleffectkeyboard.com\/wp-content\/uploads\/2026\/05\/3-17-1200x674.jpg 1200w\" sizes=\"auto, (max-width: 2560px) 100vw, 2560px\" data-no-translation=\"\" \/><\/li>\n<\/ul>\n<hr \/>\n<h2>T\u00e4rkeimm\u00e4t tekniset tiedot<\/h2>\n<table>\n<thead>\n<tr>\n<th>Ominaisuus<\/th>\n<th>Tekniset tiedot<\/th>\n<\/tr>\n<\/thead>\n<tbody>\n<tr>\n<td><strong>Tuote<\/strong><\/td>\n<td>AULA AG60 -sarja<\/td>\n<\/tr>\n<tr>\n<td><strong>Kytkimen tyyppi<\/strong><\/td>\n<td>Hall-ilmi\u00f6 \/ magneettikytkin<\/td>\n<\/tr>\n<tr>\n<td><strong>\u00c4\u00e4nestysprosentti<\/strong><\/td>\n<td>8000 Hz (0,1 ms latenssi)<\/td>\n<\/tr>\n<tr>\n<td><strong>Nopea laukaisin<\/strong><\/td>\n<td>Kyll\u00e4 (0,001 mm:n tarkkuus)<\/td>\n<\/tr>\n<tr>\n<td><strong>Layout<\/strong><\/td>\n<td>60% (61 n\u00e4pp\u00e4int\u00e4)<\/td>\n<\/tr>\n<tr>\n<td><strong>Yhteensopivuus<\/strong><\/td>\n<td>Mac- ja Windows-yhteensopiva pelin\u00e4pp\u00e4imist\u00f6<\/td>\n<\/tr>\n<tr>\n<td><strong>Yhteydet<\/strong><\/td>\n<td>Vakaa langallinen USB<\/td>\n<\/tr>\n<\/tbody>\n<\/table>\n<p>&nbsp;<\/p>\n<p><img loading=\"lazy\" decoding=\"async\" class=\"alignnone size-full wp-image-5511\" src=\"https:\/\/halleffectkeyboard.com\/wp-content\/uploads\/2026\/05\/4-16-scaled.jpg\" alt=\"AULA AG60 Hall Effect Keyboard\" width=\"2560\" height=\"1437\" srcset=\"https:\/\/halleffectkeyboard.com\/wp-content\/uploads\/2026\/05\/4-16-scaled.jpg 2560w, https:\/\/halleffectkeyboard.com\/wp-content\/uploads\/2026\/05\/4-16-300x168.jpg 300w, https:\/\/halleffectkeyboard.com\/wp-content\/uploads\/2026\/05\/4-16-1024x575.jpg 1024w, https:\/\/halleffectkeyboard.com\/wp-content\/uploads\/2026\/05\/4-16-768x431.jpg 768w, https:\/\/halleffectkeyboard.com\/wp-content\/uploads\/2026\/05\/4-16-1536x862.jpg 1536w, https:\/\/halleffectkeyboard.com\/wp-content\/uploads\/2026\/05\/4-16-2048x1150.jpg 2048w, https:\/\/halleffectkeyboard.com\/wp-content\/uploads\/2026\/05\/4-16-18x10.jpg 18w, https:\/\/halleffectkeyboard.com\/wp-content\/uploads\/2026\/05\/4-16-1200x674.jpg 1200w\" sizes=\"auto, (max-width: 2560px) 100vw, 2560px\" data-no-translation=\"\" \/><\/p>\n<hr \/>\n<h2>Optimoitu kilpailulliseen esportsiin<\/h2>\n<p>Olitpa sitten <strong>esports-pelaaja<\/strong> tai satunnaisk\u00e4ytt\u00e4j\u00e4lle, AULA AG60 on t\u00e4ydellinen <strong>60 prosenttia n\u00e4pp\u00e4imist\u00f6st\u00e4<\/strong>.<\/p>\n<ul>\n<li><strong>FPS-pelit:<\/strong>\u00a0Lopullinen\u00a0<strong>Valorant-n\u00e4pp\u00e4imist\u00f6<\/strong>\u00a0ja\u00a0<strong>CS2-n\u00e4pp\u00e4imist\u00f6<\/strong>\u00a0tarkkaa liikett\u00e4 varten.<\/li>\n<li><strong>Rytmipelit:<\/strong>\u00a0Ensisijainen\u00a0<strong>Osu!-n\u00e4pp\u00e4imist\u00f6<\/strong>\u00a0suurnopeuskierteitykseen.<\/li>\n<li><strong>Monipuolisuus:<\/strong>\u00a0T\u00e4ysin\u00a0<strong>Mac- ja Windows-yhteensopiva pelin\u00e4pp\u00e4imist\u00f6<\/strong>\u00a0joka sopii mihin tahansa ty\u00f6asemaan.<br \/>\n<img loading=\"lazy\" decoding=\"async\" class=\"alignnone size-full wp-image-5515\" src=\"https:\/\/halleffectkeyboard.com\/wp-content\/uploads\/2026\/05\/7-7-scaled.jpg\" alt=\"AULA AG60 Hall Effect Keyboard\" width=\"2560\" height=\"1437\" srcset=\"https:\/\/halleffectkeyboard.com\/wp-content\/uploads\/2026\/05\/7-7-scaled.jpg 2560w, https:\/\/halleffectkeyboard.com\/wp-content\/uploads\/2026\/05\/7-7-300x168.jpg 300w, https:\/\/halleffectkeyboard.com\/wp-content\/uploads\/2026\/05\/7-7-1024x575.jpg 1024w, https:\/\/halleffectkeyboard.com\/wp-content\/uploads\/2026\/05\/7-7-768x431.jpg 768w, https:\/\/halleffectkeyboard.com\/wp-content\/uploads\/2026\/05\/7-7-1536x862.jpg 1536w, https:\/\/halleffectkeyboard.com\/wp-content\/uploads\/2026\/05\/7-7-2048x1150.jpg 2048w, https:\/\/halleffectkeyboard.com\/wp-content\/uploads\/2026\/05\/7-7-18x10.jpg 18w, https:\/\/halleffectkeyboard.com\/wp-content\/uploads\/2026\/05\/7-7-1200x674.jpg 1200w\" sizes=\"auto, (max-width: 2560px) 100vw, 2560px\" data-no-translation=\"\" \/><\/li>\n<\/ul>\n<hr \/>\n<h2><img loading=\"lazy\" decoding=\"async\" class=\"alignnone size-full wp-image-5516\" src=\"https:\/\/halleffectkeyboard.com\/wp-content\/uploads\/2026\/05\/5-17-scaled.jpg\" alt=\"AULA AG60 Hall Effect Keyboard\" width=\"2560\" height=\"1437\" srcset=\"https:\/\/halleffectkeyboard.com\/wp-content\/uploads\/2026\/05\/5-17-scaled.jpg 2560w, https:\/\/halleffectkeyboard.com\/wp-content\/uploads\/2026\/05\/5-17-300x168.jpg 300w, https:\/\/halleffectkeyboard.com\/wp-content\/uploads\/2026\/05\/5-17-1024x575.jpg 1024w, https:\/\/halleffectkeyboard.com\/wp-content\/uploads\/2026\/05\/5-17-768x431.jpg 768w, https:\/\/halleffectkeyboard.com\/wp-content\/uploads\/2026\/05\/5-17-1536x862.jpg 1536w, https:\/\/halleffectkeyboard.com\/wp-content\/uploads\/2026\/05\/5-17-2048x1150.jpg 2048w, https:\/\/halleffectkeyboard.com\/wp-content\/uploads\/2026\/05\/5-17-18x10.jpg 18w, https:\/\/halleffectkeyboard.com\/wp-content\/uploads\/2026\/05\/5-17-1200x674.jpg 1200w\" sizes=\"auto, (max-width: 2560px) 100vw, 2560px\" data-no-translation=\"\" \/><br \/>\nUsein kysytyt kysymykset (UKK)<\/h2>\n<p><strong>K: Onko AULA AG60 hyv\u00e4 vaihtoehto Wooting 60HE:lle?<\/strong> A: Ehdottomasti. AULA AG60 tarjoaa ammattilaistason <strong>Hall-ilmi\u00f6<\/strong> suorituskyky, mukaan lukien <strong>Nopea laukaisin<\/strong> ja <strong>8000 Hz:n kysely<\/strong>, murto-osalla kustannuksista.<\/p>\n<p><strong>K: Mit\u00e4 eroa on AULA AG60:lla, Prolla ja Maxilla?<\/strong> A: The <strong>AULA AG60 -sarja<\/strong> tarjoaa useita tasoja. Vaikka perus-AG60 tarjoaa ydinosaamisen <strong>magneettinen n\u00e4pp\u00e4imist\u00f6<\/strong> suorituskyky\u00e4 varten Pro- ja Max-versiot sis\u00e4lt\u00e4v\u00e4t p\u00e4ivitettyj\u00e4 materiaaleja ja edistyneit\u00e4 ohjelmisto-ominaisuuksia.<\/p>\n<p><strong>K: Onko t\u00e4m\u00e4 mukautettu n\u00e4pp\u00e4imist\u00f6?<\/strong> V: Kyll\u00e4, se on <strong>mukautettu n\u00e4pp\u00e4imist\u00f6<\/strong> alusta. Kanssa <strong>hot swap -kytkimet<\/strong> ja <strong>yl\u00e4kiinnitys<\/strong> rakenne, se sopii t\u00e4ydellisesti harrastajille.<\/p>","protected":false},"excerpt":{"rendered":"<p>Dominoi kilpailua AULA AG60:lla, ensiluokkaisella 60%-magneettikytkimell\u00e4 varustetulla n\u00e4pp\u00e4imist\u00f6ll\u00e4. 0,1 ms:n latenssin, 8000 Hz:n pollausnopeuden ja eritt\u00e4in tarkan Rapid Trigger -teknologian ansiosta se on \u00e4\u00e4rimm\u00e4isen kompakti pelin\u00e4pp\u00e4imist\u00f6 FPS-, Valorant- ja rytmipeleihin. Koe ammattilaistason suorituskyky tyylikk\u00e4\u00e4ss\u00e4, hot swap -yhteensopivassa ja minimalistisessa muotoilussa.<\/p>","protected":false},"featured_media":5504,"comment_status":"open","ping_status":"closed","template":"","meta":[],"product_brand":[54],"product_cat":[571,322,20],"product_tag":[606,58,22],"class_list":{"0":"post-5500","1":"product","2":"type-product","3":"status-publish","4":"has-post-thumbnail","6":"product_brand-aula","7":"product_cat-60-keyboard","8":"product_cat-hall-effect-keyboard","9":"product_cat-keyboard","10":"product_tag-60-keyboard","11":"product_tag-hall-effect-keyboard","12":"product_tag-keyboard","14":"first","15":"instock","16":"taxable","17":"shipping-taxable","18":"purchasable","19":"product-type-variable","20":"wvs-archive-product-wrapper"},"aioseo_notices":[],"ct_brands":[{"id":54,"name":"AULA","slug":"aula"}],"jetpack_sharing_enabled":true,"_links":{"self":[{"href":"https:\/\/halleffectkeyboard.com\/fi\/wp-json\/wp\/v2\/product\/5500","targetHints":{"allow":["GET"]}}],"collection":[{"href":"https:\/\/halleffectkeyboard.com\/fi\/wp-json\/wp\/v2\/product"}],"about":[{"href":"https:\/\/halleffectkeyboard.com\/fi\/wp-json\/wp\/v2\/types\/product"}],"replies":[{"embeddable":true,"href":"https:\/\/halleffectkeyboard.com\/fi\/wp-json\/wp\/v2\/comments?post=5500"}],"version-history":[{"count":4,"href":"https:\/\/halleffectkeyboard.com\/fi\/wp-json\/wp\/v2\/product\/5500\/revisions"}],"predecessor-version":[{"id":5517,"href":"https:\/\/halleffectkeyboard.com\/fi\/wp-json\/wp\/v2\/product\/5500\/revisions\/5517"}],"wp:featuredmedia":[{"embeddable":true,"href":"https:\/\/halleffectkeyboard.com\/fi\/wp-json\/wp\/v2\/media\/5504"}],"wp:attachment":[{"href":"https:\/\/halleffectkeyboard.com\/fi\/wp-json\/wp\/v2\/media?parent=5500"}],"wp:term":[{"taxonomy":"product_brand","embeddable":true,"href":"https:\/\/halleffectkeyboard.com\/fi\/wp-json\/wp\/v2\/product_brand?post=5500"},{"taxonomy":"product_cat","embeddable":true,"href":"https:\/\/halleffectkeyboard.com\/fi\/wp-json\/wp\/v2\/product_cat?post=5500"},{"taxonomy":"product_tag","embeddable":true,"href":"https:\/\/halleffectkeyboard.com\/fi\/wp-json\/wp\/v2\/product_tag?post=5500"}],"curies":[{"name":"wp","href":"https:\/\/api.w.org\/{rel}","templated":true}]}}