{"id":5297,"date":"2026-05-07T16:29:22","date_gmt":"2026-05-07T08:29:22","guid":{"rendered":"https:\/\/halleffectkeyboard.com\/?post_type=product&#038;p=5297"},"modified":"2026-05-07T16:49:58","modified_gmt":"2026-05-07T08:49:58","slug":"atk-x-qk-hex80-hall-effect-keyboard","status":"publish","type":"product","link":"https:\/\/halleffectkeyboard.com\/fi\/tuote\/atk-x-qk-hex80-hall-efektinappaimisto\/","title":{"rendered":"ATK x QK Hex80 Hall-efektin\u00e4pp\u00e4imist\u00f6"},"content":{"rendered":"<h1><strong>ATK x QK Hex80: Huippuluokan 8K TKL Hall -koskettimisto<br \/>\n<img loading=\"lazy\" decoding=\"async\" class=\"alignnone size-full wp-image-5325\" src=\"https:\/\/halleffectkeyboard.com\/wp-content\/uploads\/2026\/05\/7-5-scaled.jpg\" alt=\"ATK x QK Hex80 Hall Effect Keyboard\" width=\"2560\" height=\"1437\" srcset=\"https:\/\/halleffectkeyboard.com\/wp-content\/uploads\/2026\/05\/7-5-scaled.jpg 2560w, https:\/\/halleffectkeyboard.com\/wp-content\/uploads\/2026\/05\/7-5-300x168.jpg 300w, https:\/\/halleffectkeyboard.com\/wp-content\/uploads\/2026\/05\/7-5-1024x575.jpg 1024w, https:\/\/halleffectkeyboard.com\/wp-content\/uploads\/2026\/05\/7-5-768x431.jpg 768w, https:\/\/halleffectkeyboard.com\/wp-content\/uploads\/2026\/05\/7-5-1536x862.jpg 1536w, https:\/\/halleffectkeyboard.com\/wp-content\/uploads\/2026\/05\/7-5-2048x1150.jpg 2048w, https:\/\/halleffectkeyboard.com\/wp-content\/uploads\/2026\/05\/7-5-18x10.jpg 18w, https:\/\/halleffectkeyboard.com\/wp-content\/uploads\/2026\/05\/7-5-1200x674.jpg 1200w\" sizes=\"auto, (max-width: 2560px) 100vw, 2560px\" data-no-translation=\"\" \/><br \/>\n<\/strong><\/h1>\n<p>Etsin sit\u00e4 <strong>Paras TKL-magneettinen n\u00e4pp\u00e4imist\u00f6<\/strong> nostaaksesi pelikokemuksesi uudelle tasolle? Tutustu <strong>ATK x QK Hex80 Hall-efektin\u00e4pp\u00e4imist\u00f6<\/strong>, lippulaivayhteisty\u00f6n <strong>ATK<\/strong> ja <strong>Qwerty-n\u00e4pp\u00e4imet (QK)<\/strong>. Kilpailuhenkisille pelaajille ja kustomoitujen n\u00e4pp\u00e4imist\u00f6jen harrastajille suunniteltu t\u00e4m\u00e4 <strong>80%-n\u00e4pp\u00e4imist\u00f6<\/strong> yhdist\u00e4\u00e4 huipputeknologian <strong>Nopea laukaisin<\/strong> teknologiaa ja ensiluokkaista r\u00e4\u00e4t\u00e4l\u00f6ity\u00e4 akustiikkaa.<\/p>\n<p>Etsitp\u00e4 sitten <strong>paras n\u00e4pp\u00e4imist\u00f6 Valorantille<\/strong>, salamannopeasti <strong>Rapid Trigger -n\u00e4pp\u00e4imist\u00f6 OSU:lle!<\/strong>, tai <strong>paras n\u00e4pp\u00e4imist\u00f6 CS2:n strafgaukseen<\/strong>, the <strong>ATK Hex80<\/strong> tarjoaa vertaansa vailla olevaa tarkkuutta ja ensiluokkaisen kirjoituskokemuksen.<br \/>\n<img loading=\"lazy\" decoding=\"async\" class=\"alignnone size-full wp-image-5319\" src=\"https:\/\/halleffectkeyboard.com\/wp-content\/uploads\/2026\/05\/1-11-scaled.jpg\" alt=\"ATK x QK Hex80 Hall Effect Keyboard\" width=\"2560\" height=\"1437\" srcset=\"https:\/\/halleffectkeyboard.com\/wp-content\/uploads\/2026\/05\/1-11-scaled.jpg 2560w, https:\/\/halleffectkeyboard.com\/wp-content\/uploads\/2026\/05\/1-11-300x168.jpg 300w, https:\/\/halleffectkeyboard.com\/wp-content\/uploads\/2026\/05\/1-11-1024x575.jpg 1024w, https:\/\/halleffectkeyboard.com\/wp-content\/uploads\/2026\/05\/1-11-768x431.jpg 768w, https:\/\/halleffectkeyboard.com\/wp-content\/uploads\/2026\/05\/1-11-1536x862.jpg 1536w, https:\/\/halleffectkeyboard.com\/wp-content\/uploads\/2026\/05\/1-11-2048x1150.jpg 2048w, https:\/\/halleffectkeyboard.com\/wp-content\/uploads\/2026\/05\/1-11-18x10.jpg 18w, https:\/\/halleffectkeyboard.com\/wp-content\/uploads\/2026\/05\/1-11-1200x674.jpg 1200w\" sizes=\"auto, (max-width: 2560px) 100vw, 2560px\" data-no-translation=\"\" \/><\/p>\n<h2><strong>Vertaansa vailla olevaa esports-suorituskyky\u00e4<\/strong><\/h2>\n<p>Voimanl\u00e4hteen\u00e4 ATK Blazing Wind -magneettikytkinratkaisu ja ensiluokkaiset ominaisuudet <strong>OwLab Ti -magneettikytkimet<\/strong>, t\u00e4m\u00e4 <strong>HE-n\u00e4pp\u00e4imist\u00f6<\/strong> on rakennettu puhdasta nopeutta varten.<\/p>\n<ul>\n<li><strong>0,005 mm:n k\u00e4ytt\u00f6n\u00e4pp\u00e4imist\u00f6:<\/strong>\u00a0Alan johtava s\u00e4\u00e4dett\u00e4v\u00e4 liipaisinsyvyys (0,005 mm \u2013 3,3 mm) pikselintarkkaa hallintaa varten.<\/li>\n<li><strong>8K Hz:n nopealiipaisun\u00e4pp\u00e4imist\u00f6:<\/strong>\u00a0Koe viiveet\u00f6n\u00a0<strong>8K-kyselynopeusn\u00e4pp\u00e4imist\u00f6<\/strong>\u00a0arkkitehtuuri, joka tarjoaa eritt\u00e4in alhaisen 0,08 ms:n latenssin.<\/li>\n<li><strong>\u00c4\u00e4rimm\u00e4inen tila:<\/strong>\u00a0Avaa eritt\u00e4in nopean ja vakaan liipaisun ilman ohitettuja sy\u00f6tteit\u00e4, mik\u00e4 tekee siit\u00e4 \u00e4\u00e4rimm\u00e4isen\u00a0<strong>esports-pelin\u00e4pp\u00e4imist\u00f6<\/strong>.<img loading=\"lazy\" decoding=\"async\" class=\"alignnone size-full wp-image-5320\" src=\"https:\/\/halleffectkeyboard.com\/wp-content\/uploads\/2026\/05\/2-11-scaled.jpg\" alt=\"ATK x QK Hex80 Hall Effect Keyboard\" width=\"2560\" height=\"1437\" srcset=\"https:\/\/halleffectkeyboard.com\/wp-content\/uploads\/2026\/05\/2-11-scaled.jpg 2560w, https:\/\/halleffectkeyboard.com\/wp-content\/uploads\/2026\/05\/2-11-300x168.jpg 300w, https:\/\/halleffectkeyboard.com\/wp-content\/uploads\/2026\/05\/2-11-1024x575.jpg 1024w, https:\/\/halleffectkeyboard.com\/wp-content\/uploads\/2026\/05\/2-11-768x431.jpg 768w, https:\/\/halleffectkeyboard.com\/wp-content\/uploads\/2026\/05\/2-11-1536x862.jpg 1536w, https:\/\/halleffectkeyboard.com\/wp-content\/uploads\/2026\/05\/2-11-2048x1150.jpg 2048w, https:\/\/halleffectkeyboard.com\/wp-content\/uploads\/2026\/05\/2-11-18x10.jpg 18w, https:\/\/halleffectkeyboard.com\/wp-content\/uploads\/2026\/05\/2-11-1200x674.jpg 1200w\" sizes=\"auto, (max-width: 2560px) 100vw, 2560px\" data-no-translation=\"\" \/><\/li>\n<\/ul>\n<h2><strong><img loading=\"lazy\" decoding=\"async\" class=\"alignnone size-full wp-image-5321\" src=\"https:\/\/halleffectkeyboard.com\/wp-content\/uploads\/2026\/05\/3-12-scaled.jpg\" alt=\"ATK x QK Hex80 Hall Effect Keyboard\" width=\"2560\" height=\"1437\" srcset=\"https:\/\/halleffectkeyboard.com\/wp-content\/uploads\/2026\/05\/3-12-scaled.jpg 2560w, https:\/\/halleffectkeyboard.com\/wp-content\/uploads\/2026\/05\/3-12-300x168.jpg 300w, https:\/\/halleffectkeyboard.com\/wp-content\/uploads\/2026\/05\/3-12-1024x575.jpg 1024w, https:\/\/halleffectkeyboard.com\/wp-content\/uploads\/2026\/05\/3-12-768x431.jpg 768w, https:\/\/halleffectkeyboard.com\/wp-content\/uploads\/2026\/05\/3-12-1536x862.jpg 1536w, https:\/\/halleffectkeyboard.com\/wp-content\/uploads\/2026\/05\/3-12-2048x1150.jpg 2048w, https:\/\/halleffectkeyboard.com\/wp-content\/uploads\/2026\/05\/3-12-18x10.jpg 18w, https:\/\/halleffectkeyboard.com\/wp-content\/uploads\/2026\/05\/3-12-1200x674.jpg 1200w\" sizes=\"auto, (max-width: 2560px) 100vw, 2560px\" data-no-translation=\"\" \/><br \/>\nEnsiluokkainen rakenne ja &quot;paksu&quot; akustiikka<\/strong><\/h2>\n<p>Toisin kuin tavalliset pelilaitteet, <strong>QK Hex80<\/strong> on <strong>mukautettu valmiiksi rakennettu n\u00e4pp\u00e4imist\u00f6<\/strong> joka kielt\u00e4ytyy tinkim\u00e4st\u00e4 \u00e4\u00e4nest\u00e4 tai tuntumasta.<\/p>\n<ul>\n<li><strong>Tiivistekiinnitteinen HE-n\u00e4pp\u00e4imist\u00f6:<\/strong>\u00a0Monikerroksinen \u00e4\u00e4nenvaimennusj\u00e4rjestelm\u00e4 tuottaa puhtaan ja syv\u00e4n \u00e4\u00e4niprofiilin, joka tekee siit\u00e4 todella...\u00a0<strong>paksu magneettinen n\u00e4pp\u00e4imist\u00f6<\/strong>.<\/li>\n<li><strong>Alumiinikoteloinen HE-n\u00e4pp\u00e4imist\u00f6:<\/strong>\u00a0CNC-koneistettua alumiinia, jossa on hienostunut 220-mesh-anodisoitu\/ruiskupinnoitettu pinta poikkeuksellisen kest\u00e4vyyden ja rakenteen takaamiseksi.<\/li>\n<li><strong>Himme\u00e4t PC-n\u00e4pp\u00e4inhatut:<\/strong>\u00a0Mukavat Cherry-profiilin n\u00e4pp\u00e4inhatut, jotka tarjoavat erinomaisen RGB-valonl\u00e4p\u00e4isyn.<br \/>\n<img loading=\"lazy\" decoding=\"async\" class=\"alignnone size-full wp-image-5322\" src=\"https:\/\/halleffectkeyboard.com\/wp-content\/uploads\/2026\/05\/4-11-scaled.jpg\" alt=\"ATK x QK Hex80 Hall Effect Keyboard\" width=\"2560\" height=\"1437\" srcset=\"https:\/\/halleffectkeyboard.com\/wp-content\/uploads\/2026\/05\/4-11-scaled.jpg 2560w, https:\/\/halleffectkeyboard.com\/wp-content\/uploads\/2026\/05\/4-11-300x168.jpg 300w, https:\/\/halleffectkeyboard.com\/wp-content\/uploads\/2026\/05\/4-11-1024x575.jpg 1024w, https:\/\/halleffectkeyboard.com\/wp-content\/uploads\/2026\/05\/4-11-768x431.jpg 768w, https:\/\/halleffectkeyboard.com\/wp-content\/uploads\/2026\/05\/4-11-1536x862.jpg 1536w, https:\/\/halleffectkeyboard.com\/wp-content\/uploads\/2026\/05\/4-11-2048x1150.jpg 2048w, https:\/\/halleffectkeyboard.com\/wp-content\/uploads\/2026\/05\/4-11-18x10.jpg 18w, https:\/\/halleffectkeyboard.com\/wp-content\/uploads\/2026\/05\/4-11-1200x674.jpg 1200w\" sizes=\"auto, (max-width: 2560px) 100vw, 2560px\" data-no-translation=\"\" \/><\/li>\n<\/ul>\n<h2><strong>Miten se vertautuu?<\/strong><\/h2>\n<p>Jos etsit <strong>paras Wooting-vaihtoehto<\/strong>, the <strong>ATK QK Hex80 Hall-efektin\u00e4pp\u00e4imist\u00f6<\/strong> on lopullinen vastaus. Kun verrataan <strong>ATK Hex80 vs. Wooting 80HE<\/strong>, <strong>QK Hex80 vs. Boog75<\/strong>, tai <strong>ATK Hex80 vs. DrunkDeer A75<\/strong>, Hex80 erottuu edukseen tarjoamalla erinomaisen r\u00e4\u00e4t\u00e4l\u00f6idyn akustiikan sen ansiosta <strong>tiivisteelliseen kiinnitykseen Hall-ilmi\u00f6ll\u00e4 varustettu n\u00e4pp\u00e4imist\u00f6<\/strong> rakenne. Kuuntele mit\u00e4 tahansa <strong>Qwertykeys Hex80 -arvostelu<\/strong> tai <strong>ATK Hex80 -\u00e4\u00e4nitesti<\/strong> kuulla valtavan eron kirjoituslaadussa.<br \/>\n<img loading=\"lazy\" decoding=\"async\" class=\"alignnone size-full wp-image-5324\" src=\"https:\/\/halleffectkeyboard.com\/wp-content\/uploads\/2026\/05\/6-5-scaled.jpg\" alt=\"ATK x QK Hex80 Hall Effect Keyboard\" width=\"2560\" height=\"1437\" srcset=\"https:\/\/halleffectkeyboard.com\/wp-content\/uploads\/2026\/05\/6-5-scaled.jpg 2560w, https:\/\/halleffectkeyboard.com\/wp-content\/uploads\/2026\/05\/6-5-300x168.jpg 300w, https:\/\/halleffectkeyboard.com\/wp-content\/uploads\/2026\/05\/6-5-1024x575.jpg 1024w, https:\/\/halleffectkeyboard.com\/wp-content\/uploads\/2026\/05\/6-5-768x431.jpg 768w, https:\/\/halleffectkeyboard.com\/wp-content\/uploads\/2026\/05\/6-5-1536x862.jpg 1536w, https:\/\/halleffectkeyboard.com\/wp-content\/uploads\/2026\/05\/6-5-2048x1150.jpg 2048w, https:\/\/halleffectkeyboard.com\/wp-content\/uploads\/2026\/05\/6-5-18x10.jpg 18w, https:\/\/halleffectkeyboard.com\/wp-content\/uploads\/2026\/05\/6-5-1200x674.jpg 1200w\" sizes=\"auto, (max-width: 2560px) 100vw, 2560px\" data-no-translation=\"\" \/><\/p>\n<h2><strong>Ydintiedot<\/strong><\/h2>\n<ul>\n<li><strong>Layout:<\/strong>\u00a0<strong>TKL-n\u00e4pp\u00e4imist\u00f6<\/strong>\u00a0\/ 88 kosketinta<\/li>\n<li><strong>Rakenne:<\/strong>\u00a0Tiivistekiinnitys monikerroksisella vaimennuksella<\/li>\n<li><strong>Kotelon materiaali:<\/strong>\u00a0CNC-koneistettu alumiini<\/li>\n<li><strong>Kytkimet:<\/strong>\u00a0<strong>OwLab Ti -kytkinn\u00e4pp\u00e4imist\u00f6<\/strong>\u00a0(Magneettikytkimell\u00e4 varustettu n\u00e4pp\u00e4imist\u00f6)<\/li>\n<li><strong>RT-alue:<\/strong>\u00a00,005 mm \u2013 3,3 mm (0,005 mm:n v\u00e4lein)<\/li>\n<li><strong>\u00c4\u00e4nestysprosentti:<\/strong>\u00a0Jopa 8000 Hz (8K)<\/li>\n<li><strong>Latenssi:<\/strong>\u00a00,08 ms<\/li>\n<li><strong>Ominaisuudet:<\/strong>\u00a0RT Extreme -tila, t\u00e4ysin ohjelmoitavat n\u00e4pp\u00e4imet, RGB-valaistus<br \/>\n<img loading=\"lazy\" decoding=\"async\" class=\"alignnone size-full wp-image-5323\" src=\"https:\/\/halleffectkeyboard.com\/wp-content\/uploads\/2026\/05\/5-10-scaled.jpg\" alt=\"ATK x QK Hex80 Hall Effect Keyboard\" width=\"2560\" height=\"1437\" srcset=\"https:\/\/halleffectkeyboard.com\/wp-content\/uploads\/2026\/05\/5-10-scaled.jpg 2560w, https:\/\/halleffectkeyboard.com\/wp-content\/uploads\/2026\/05\/5-10-300x168.jpg 300w, https:\/\/halleffectkeyboard.com\/wp-content\/uploads\/2026\/05\/5-10-1024x575.jpg 1024w, https:\/\/halleffectkeyboard.com\/wp-content\/uploads\/2026\/05\/5-10-768x431.jpg 768w, https:\/\/halleffectkeyboard.com\/wp-content\/uploads\/2026\/05\/5-10-1536x862.jpg 1536w, https:\/\/halleffectkeyboard.com\/wp-content\/uploads\/2026\/05\/5-10-2048x1150.jpg 2048w, https:\/\/halleffectkeyboard.com\/wp-content\/uploads\/2026\/05\/5-10-18x10.jpg 18w, https:\/\/halleffectkeyboard.com\/wp-content\/uploads\/2026\/05\/5-10-1200x674.jpg 1200w\" sizes=\"auto, (max-width: 2560px) 100vw, 2560px\" data-no-translation=\"\" \/><\/li>\n<\/ul>\n<h2><strong>P\u00e4ivit\u00e4 kokoonpanosi t\u00e4n\u00e4\u00e4n<\/strong><\/h2>\n<p>Oletko valmis hallitsemaan tulostaulukoita? Jos haluat <strong>osta ATK QK Hex80<\/strong>, sijoitat huippuluokan <strong>mukautettu HE-pelin\u00e4pp\u00e4imist\u00f6 varastossa<\/strong> joka m\u00e4\u00e4rittelee metan uudelleen. Tarjoaa uskomattoman kilpailukykyisen <strong>Qwertykeys Hex80 HE hinta<\/strong> Ominaisuuksiensa puolesta se on t\u00e4ydellinen yhdistelm\u00e4 raakaa esportsin nopeutta ja harrastajatason ammattitaitoa.<\/p>","protected":false},"excerpt":{"rendered":"<p>Hallitse kilpailua parhaalla mahdollisella tavalla <strong>TKL-magneettin\u00e4pp\u00e4imist\u00f6<\/strong>, jonka ovat luoneet ATK ja Qwertykeys. Yhdist\u00e4m\u00e4ll\u00e4 raakaa esports-nopeutta r\u00e4\u00e4t\u00e4l\u00f6ityyn akustiikkaan, Hex80 on rakennettu pelaajille, jotka kielt\u00e4ytyv\u00e4t kompromisseista.<\/p>\n<ul>\n<li><strong>Eritt\u00e4in nopea nopeus:<\/strong>\u00a08 kHz:n kyselytaajuus l\u00e4hes nollan 0,08 ms:n latenssilla.<\/li>\n<li><strong>Pikselintarkka hallinta:<\/strong>\u00a0S\u00e4\u00e4dett\u00e4v\u00e4 pikaliipaisin (RT) alan johtavalla 0,005 mm:n tarkkuudella.<\/li>\n<li><strong>Premium-tason kustomoitu versio:<\/strong>\u00a0CNC-koneistettu alumiinikotelo tiivistetyll\u00e4 kiinnitysrakenteella.<\/li>\n<li><strong>Erinomainen akustiikka:<\/strong>\u00a0Monikerroksinen \u00e4\u00e4nenvaimennus ja OwLab Ti -magneettikytkimet takaavat eritt\u00e4in tyydytt\u00e4v\u00e4n ja &quot;j\u00e4m\u00e4k\u00e4n&quot; kirjoituskokemuksen.<\/li>\n<\/ul>","protected":false},"featured_media":5312,"comment_status":"open","ping_status":"closed","template":"","meta":[],"product_brand":[226],"product_cat":[322,20],"product_tag":[386,185,22],"class_list":{"0":"post-5297","1":"product","2":"type-product","3":"status-publish","4":"has-post-thumbnail","6":"product_brand-atk","7":"product_cat-hall-effect-keyboard","8":"product_cat-keyboard","9":"product_tag-gaming-keyboard","10":"product_tag-hall-effect-switches","11":"product_tag-keyboard","13":"first","14":"instock","15":"taxable","16":"shipping-taxable","17":"purchasable","18":"product-type-variable","19":"wvs-archive-product-wrapper"},"aioseo_notices":[],"ct_brands":[{"id":226,"name":"ATK","slug":"atk"}],"jetpack_sharing_enabled":true,"_links":{"self":[{"href":"https:\/\/halleffectkeyboard.com\/fi\/wp-json\/wp\/v2\/product\/5297","targetHints":{"allow":["GET"]}}],"collection":[{"href":"https:\/\/halleffectkeyboard.com\/fi\/wp-json\/wp\/v2\/product"}],"about":[{"href":"https:\/\/halleffectkeyboard.com\/fi\/wp-json\/wp\/v2\/types\/product"}],"replies":[{"embeddable":true,"href":"https:\/\/halleffectkeyboard.com\/fi\/wp-json\/wp\/v2\/comments?post=5297"}],"version-history":[{"count":3,"href":"https:\/\/halleffectkeyboard.com\/fi\/wp-json\/wp\/v2\/product\/5297\/revisions"}],"predecessor-version":[{"id":5328,"href":"https:\/\/halleffectkeyboard.com\/fi\/wp-json\/wp\/v2\/product\/5297\/revisions\/5328"}],"wp:featuredmedia":[{"embeddable":true,"href":"https:\/\/halleffectkeyboard.com\/fi\/wp-json\/wp\/v2\/media\/5312"}],"wp:attachment":[{"href":"https:\/\/halleffectkeyboard.com\/fi\/wp-json\/wp\/v2\/media?parent=5297"}],"wp:term":[{"taxonomy":"product_brand","embeddable":true,"href":"https:\/\/halleffectkeyboard.com\/fi\/wp-json\/wp\/v2\/product_brand?post=5297"},{"taxonomy":"product_cat","embeddable":true,"href":"https:\/\/halleffectkeyboard.com\/fi\/wp-json\/wp\/v2\/product_cat?post=5297"},{"taxonomy":"product_tag","embeddable":true,"href":"https:\/\/halleffectkeyboard.com\/fi\/wp-json\/wp\/v2\/product_tag?post=5297"}],"curies":[{"name":"wp","href":"https:\/\/api.w.org\/{rel}","templated":true}]}}