{"id":5264,"date":"2026-05-07T14:04:15","date_gmt":"2026-05-07T06:04:15","guid":{"rendered":"https:\/\/halleffectkeyboard.com\/?post_type=product&#038;p=5264"},"modified":"2026-05-07T15:09:52","modified_gmt":"2026-05-07T07:09:52","slug":"atk-f1-extreme-wireless-mouse-leviatan-edition","status":"publish","type":"product","link":"https:\/\/halleffectkeyboard.com\/fi\/tuote\/atk-f1-extreme-langaton-hiiri-leviatan-edition\/","title":{"rendered":"ATK F1 Extreme langaton hiiri \u2013 LEVIATAN-versio"},"content":{"rendered":"<h1>ATK F1 Extreme langaton hiiri \u2013 LEVIATAN-versio<\/h1>\n<h2>Huippuluokan co-br\u00e4nd\u00e4tty pelihiiri e-urheilun ammattilaisille<br \/>\n<img loading=\"lazy\" decoding=\"async\" class=\"alignnone size-full wp-image-5271\" src=\"https:\/\/halleffectkeyboard.com\/wp-content\/uploads\/2026\/05\/1-9-scaled.jpg\" alt=\"ATK F1 Extreme Wireless Mouse - LEVIATAN Edition\" width=\"2560\" height=\"1437\" srcset=\"https:\/\/halleffectkeyboard.com\/wp-content\/uploads\/2026\/05\/1-9-scaled.jpg 2560w, https:\/\/halleffectkeyboard.com\/wp-content\/uploads\/2026\/05\/1-9-300x168.jpg 300w, https:\/\/halleffectkeyboard.com\/wp-content\/uploads\/2026\/05\/1-9-1024x575.jpg 1024w, https:\/\/halleffectkeyboard.com\/wp-content\/uploads\/2026\/05\/1-9-768x431.jpg 768w, https:\/\/halleffectkeyboard.com\/wp-content\/uploads\/2026\/05\/1-9-1536x862.jpg 1536w, https:\/\/halleffectkeyboard.com\/wp-content\/uploads\/2026\/05\/1-9-2048x1150.jpg 2048w, https:\/\/halleffectkeyboard.com\/wp-content\/uploads\/2026\/05\/1-9-18x10.jpg 18w, https:\/\/halleffectkeyboard.com\/wp-content\/uploads\/2026\/05\/1-9-1200x674.jpg 1200w\" sizes=\"auto, (max-width: 2560px) 100vw, 2560px\" data-no-translation=\"\" \/><\/h2>\n<p>Koe kilpailullisen pelaamisen huippu t\u00e4ll\u00e4 <strong>ATK F1 Extreme langaton hiiri \u2013 LEVIATAN-versio<\/strong>. Syntynyt ainutlaatuisesta <strong>LEVIATAN-yhteisty\u00f6<\/strong>, t\u00e4m\u00e4 huippuluokan <strong>Langaton e-urheiluhiiri<\/strong> yhdist\u00e4\u00e4 huippuluokan laitteiston eritt\u00e4in kevyeen ja ergonomiseen muotoiluun. Kuten virallinen <strong>Leviatan Team -pelihiiri<\/strong>, the <strong>ATK Blasting Sky F1 Extreme<\/strong> on suunniteltu tarjoamaan tarkkaa seurantaa, eritt\u00e4in pient\u00e4 latenssia ja koko p\u00e4iv\u00e4n k\u00e4ytt\u00f6mukavuutta niin ammattipelaajille kuin FPS-harrastajillekin.<\/p>\n<h2><img loading=\"lazy\" decoding=\"async\" class=\"alignnone size-full wp-image-5274\" src=\"https:\/\/halleffectkeyboard.com\/wp-content\/uploads\/2026\/05\/4-9-scaled.jpg\" alt=\"ATK F1 Extreme Wireless Mouse - LEVIATAN Edition\" width=\"2560\" height=\"1437\" srcset=\"https:\/\/halleffectkeyboard.com\/wp-content\/uploads\/2026\/05\/4-9-scaled.jpg 2560w, https:\/\/halleffectkeyboard.com\/wp-content\/uploads\/2026\/05\/4-9-300x168.jpg 300w, https:\/\/halleffectkeyboard.com\/wp-content\/uploads\/2026\/05\/4-9-1024x575.jpg 1024w, https:\/\/halleffectkeyboard.com\/wp-content\/uploads\/2026\/05\/4-9-768x431.jpg 768w, https:\/\/halleffectkeyboard.com\/wp-content\/uploads\/2026\/05\/4-9-1536x862.jpg 1536w, https:\/\/halleffectkeyboard.com\/wp-content\/uploads\/2026\/05\/4-9-2048x1150.jpg 2048w, https:\/\/halleffectkeyboard.com\/wp-content\/uploads\/2026\/05\/4-9-18x10.jpg 18w, https:\/\/halleffectkeyboard.com\/wp-content\/uploads\/2026\/05\/4-9-1200x674.jpg 1200w\" sizes=\"auto, (max-width: 2560px) 100vw, 2560px\" data-no-translation=\"\" \/><br \/>\nVertaansa vailla oleva ydinosaaminen ja laitteisto<\/h2>\n<ul>\n<li><strong>Lippulaiva PAW3950-anturi:<\/strong>\u00a0Hallitse kilpailua alan johtavien toimijoiden kanssa\u00a0<strong>PAW3950-anturi<\/strong>. T\u00e4m\u00e4\u00a0<strong>PAW3950 langaton hiiri<\/strong>\u00a0tarjoaa natiivin eritt\u00e4in korkean DPI:n, ei kohdistimen kiihdytyst\u00e4 eik\u00e4 seuranta-ajautumista, mik\u00e4 tekee siit\u00e4\u00a0<strong>paras hiiri Valorant-e-urheiluun<\/strong>\u00a0joissa nopea t\u00e4ht\u00e4ys ja mikros\u00e4\u00e4d\u00f6t ovat kriittisi\u00e4.<\/li>\n<li><strong>8K Hz:n langaton pelihiiri:<\/strong>\u00a0\u00c4l\u00e4 koskaan missaa yht\u00e4k\u00e4\u00e4n ruutua. Mukana on\u00a0<strong>8K-kyselynopeushiiri \/ 8K-sovitin<\/strong>\u00a0asennus, t\u00e4m\u00e4\u00a0<strong>PAW3950 8K langaton hiiri<\/strong>\u00a0takaa eritt\u00e4in pienen latenssin ja vakaan signaalinsiirron.<\/li>\n<li><strong>Seuraavan sukupolven ohjauspiiri:<\/strong>\u00a0Sis\u00e4\u00e4nrakennettu huippuluokan p\u00e4\u00e4ohjauspiiri varmistaa eritt\u00e4in sujuvan osoittimen seurannan. Lis\u00e4ksi, kuten\u00a0<strong>verkkopohjainen pelihiiriohjelmisto<\/strong>, voit helposti mukauttaa DPI:t\u00e4, kyselytaajuutta ja RGB-valaistusta ilman turhia ty\u00f6p\u00f6yt\u00e4sovelluksia.<br \/>\n<img loading=\"lazy\" decoding=\"async\" class=\"alignnone size-full wp-image-5273\" src=\"https:\/\/halleffectkeyboard.com\/wp-content\/uploads\/2026\/05\/3-10-scaled.jpg\" alt=\"ATK F1 Extreme Wireless Mouse - LEVIATAN Edition\" width=\"2560\" height=\"1437\" srcset=\"https:\/\/halleffectkeyboard.com\/wp-content\/uploads\/2026\/05\/3-10-scaled.jpg 2560w, https:\/\/halleffectkeyboard.com\/wp-content\/uploads\/2026\/05\/3-10-300x168.jpg 300w, https:\/\/halleffectkeyboard.com\/wp-content\/uploads\/2026\/05\/3-10-1024x575.jpg 1024w, https:\/\/halleffectkeyboard.com\/wp-content\/uploads\/2026\/05\/3-10-768x431.jpg 768w, https:\/\/halleffectkeyboard.com\/wp-content\/uploads\/2026\/05\/3-10-1536x862.jpg 1536w, https:\/\/halleffectkeyboard.com\/wp-content\/uploads\/2026\/05\/3-10-2048x1150.jpg 2048w, https:\/\/halleffectkeyboard.com\/wp-content\/uploads\/2026\/05\/3-10-18x10.jpg 18w, https:\/\/halleffectkeyboard.com\/wp-content\/uploads\/2026\/05\/3-10-1200x674.jpg 1200w\" sizes=\"auto, (max-width: 2560px) 100vw, 2560px\" data-no-translation=\"\" \/><\/li>\n<\/ul>\n<h2>Eritt\u00e4in kevyt, ergonominen ja ainutlaatuinen muotoilu<\/h2>\n<ul>\n<li><strong>35 g:n ultrakevyt pelihiiri:<\/strong>\u00a0Painaen h\u00e4mm\u00e4stytt\u00e4v\u00e4t 35 grammaa, t\u00e4m\u00e4\u00a0<strong>35g pelihiiri<\/strong>\u00a0mahdollistaa vaivattoman vet\u00e4misen ja heilauttamisen. Sen klassinen oikeak\u00e4tinen ergonominen muoto tekee siit\u00e4 t\u00e4ydellisen\u00a0<strong>kevyt hiiri kynsiotteeseen<\/strong>\u00a0ja ihanteellinen\u00a0<strong>sormenp\u00e4\u00e4ll\u00e4 tarttuva pelihiiri<\/strong>, mik\u00e4 v\u00e4hent\u00e4\u00e4 merkitt\u00e4v\u00e4sti ranteen v\u00e4symist\u00e4.<br \/>\n<img loading=\"lazy\" decoding=\"async\" class=\"alignnone size-full wp-image-5272\" src=\"https:\/\/halleffectkeyboard.com\/wp-content\/uploads\/2026\/05\/2-9-scaled.jpg\" alt=\"ATK F1 Extreme Wireless Mouse - LEVIATAN Edition\" width=\"2560\" height=\"1437\" srcset=\"https:\/\/halleffectkeyboard.com\/wp-content\/uploads\/2026\/05\/2-9-scaled.jpg 2560w, https:\/\/halleffectkeyboard.com\/wp-content\/uploads\/2026\/05\/2-9-300x168.jpg 300w, https:\/\/halleffectkeyboard.com\/wp-content\/uploads\/2026\/05\/2-9-1024x575.jpg 1024w, https:\/\/halleffectkeyboard.com\/wp-content\/uploads\/2026\/05\/2-9-768x431.jpg 768w, https:\/\/halleffectkeyboard.com\/wp-content\/uploads\/2026\/05\/2-9-1536x862.jpg 1536w, https:\/\/halleffectkeyboard.com\/wp-content\/uploads\/2026\/05\/2-9-2048x1150.jpg 2048w, https:\/\/halleffectkeyboard.com\/wp-content\/uploads\/2026\/05\/2-9-18x10.jpg 18w, https:\/\/halleffectkeyboard.com\/wp-content\/uploads\/2026\/05\/2-9-1200x674.jpg 1200w\" sizes=\"auto, (max-width: 2560px) 100vw, 2560px\" data-no-translation=\"\" \/><\/li>\n<li><strong>Ensiluokkainen j\u00e4\u00e4n tuntuinen viimeistely:<\/strong>\u00a0Erotu joukosta ainutlaatuisella\u00a0<strong>LEVIATAN-version hiiri<\/strong>\u00a0esteettinen. Siin\u00e4 on mukautettu v\u00e4rimaailma, ikoninen yhteisbr\u00e4nd\u00e4ys ja ensiluokkainen liukueste\u00a0<strong>J\u00e4\u00e4n tuntuinen viimeistely<\/strong>. T\u00e4m\u00e4 hike\u00e4 hylkiv\u00e4\u00a0<strong>j\u00e4\u00e4pinnoitteinen pelihiiri<\/strong>\u00a0takaa tukevan pidon tiukoissakin otteluissa.<\/li>\n<li><strong>Kest\u00e4v\u00e4t optiset kytkimet:<\/strong>\u00a0Rakennettu tehokkaaksi\u00a0<strong>optiset kytkimet langaton hiiri<\/strong>, se tarjoaa ter\u00e4v\u00e4n napsautuspalautteen, nopean palautumisen ja pidennetty\u00e4 k\u00e4ytt\u00f6ik\u00e4\u00e4 jatkuvaa nopeaa napsauttelua varten.<br \/>\n<img loading=\"lazy\" decoding=\"async\" class=\"alignnone size-full wp-image-5276\" src=\"https:\/\/halleffectkeyboard.com\/wp-content\/uploads\/2026\/05\/6-4-scaled.jpg\" alt=\"ATK F1 Extreme Wireless Mouse - LEVIATAN Edition\" width=\"2560\" height=\"1437\" srcset=\"https:\/\/halleffectkeyboard.com\/wp-content\/uploads\/2026\/05\/6-4-scaled.jpg 2560w, https:\/\/halleffectkeyboard.com\/wp-content\/uploads\/2026\/05\/6-4-300x168.jpg 300w, https:\/\/halleffectkeyboard.com\/wp-content\/uploads\/2026\/05\/6-4-1024x575.jpg 1024w, https:\/\/halleffectkeyboard.com\/wp-content\/uploads\/2026\/05\/6-4-768x431.jpg 768w, https:\/\/halleffectkeyboard.com\/wp-content\/uploads\/2026\/05\/6-4-1536x862.jpg 1536w, https:\/\/halleffectkeyboard.com\/wp-content\/uploads\/2026\/05\/6-4-2048x1150.jpg 2048w, https:\/\/halleffectkeyboard.com\/wp-content\/uploads\/2026\/05\/6-4-18x10.jpg 18w, https:\/\/halleffectkeyboard.com\/wp-content\/uploads\/2026\/05\/6-4-1200x674.jpg 1200w\" sizes=\"auto, (max-width: 2560px) 100vw, 2560px\" data-no-translation=\"\" \/><\/li>\n<\/ul>\n<h2>Teknisten tietojen yhteenveto<\/h2>\n<ul>\n<li><strong>Tuote:<\/strong>\u00a0<strong>ATK Blazing Sky F1<\/strong>\u00a0(\u00c4\u00e4rimm\u00e4inen versio)<\/li>\n<li><strong>Anturi:<\/strong>\u00a0PAW3950 Optinen anturi<\/li>\n<li><strong>Paino:<\/strong>\u00a035 g<\/li>\n<li><strong>\u00c4\u00e4nestysprosentti:<\/strong>\u00a0Jopa 8000 Hz (8K-sovitin sis\u00e4ltyy)<\/li>\n<li><strong>Yhteydet:<\/strong>\u00a02.4G langaton + langallinen kaksoistila<\/li>\n<li><strong>Akku:<\/strong>\u00a0Suurikapasiteettinen ladattava akku, jossa on pikalataustuki<\/li>\n<li><strong>Liukuesteet:<\/strong>\u00a0Ensiluokkaiset, eritt\u00e4in pehme\u00e4t PTFE-hiirenjalat<\/li>\n<li><strong>Yhteensopivuus:<\/strong>\u00a0Plug-and-play-toiminto Windowsille, macOS:lle ja Linuxille<\/li>\n<\/ul>\n<h2><img loading=\"lazy\" decoding=\"async\" class=\"alignnone size-full wp-image-5275\" src=\"https:\/\/halleffectkeyboard.com\/wp-content\/uploads\/2026\/05\/5-8-scaled.jpg\" alt=\"ATK F1 Extreme Wireless Mouse - LEVIATAN Edition\" width=\"2560\" height=\"1437\" srcset=\"https:\/\/halleffectkeyboard.com\/wp-content\/uploads\/2026\/05\/5-8-scaled.jpg 2560w, https:\/\/halleffectkeyboard.com\/wp-content\/uploads\/2026\/05\/5-8-300x168.jpg 300w, https:\/\/halleffectkeyboard.com\/wp-content\/uploads\/2026\/05\/5-8-1024x575.jpg 1024w, https:\/\/halleffectkeyboard.com\/wp-content\/uploads\/2026\/05\/5-8-768x431.jpg 768w, https:\/\/halleffectkeyboard.com\/wp-content\/uploads\/2026\/05\/5-8-1536x862.jpg 1536w, https:\/\/halleffectkeyboard.com\/wp-content\/uploads\/2026\/05\/5-8-2048x1150.jpg 2048w, https:\/\/halleffectkeyboard.com\/wp-content\/uploads\/2026\/05\/5-8-18x10.jpg 18w, https:\/\/halleffectkeyboard.com\/wp-content\/uploads\/2026\/05\/5-8-1200x674.jpg 1200w\" sizes=\"auto, (max-width: 2560px) 100vw, 2560px\" data-no-translation=\"\" \/><br \/>\nP\u00e4ivit\u00e4 kokoonpanosi t\u00e4n\u00e4\u00e4n<\/h2>\n<p>Oletko valmis nostamaan pelaamistasi uudelle tasolle ammattilaisten k\u00e4ytt\u00e4mill\u00e4 varusteilla? Tutustu <strong>ATK Blazing Sky F1 Extreme -hinta<\/strong> ja <strong>osta ATK F1 Extreme Leviatan<\/strong> t\u00e4n\u00e4\u00e4n varmistaaksesi palasi esports-historiaa. Liity eliittipelaajien joukkoon <strong>ATK F1 Extreme langaton hiiri<\/strong>.<\/p>","protected":false},"excerpt":{"rendered":"<p>Koe huippuluokan esports-suorituskyky <strong>ATK F1 Extreme langaton hiiri \u2013 LEVIATAN-versio<\/strong>. T\u00e4m\u00e4 eksklusiivinen, yhteisty\u00f6ss\u00e4 tuotemerkkien kehitt\u00e4m\u00e4 pelihiiri painaa h\u00e4mm\u00e4stytt\u00e4v\u00e4t 35 g, ja siin\u00e4 on lippulaiva-PAW3950-anturi, eritt\u00e4in matalan latenssin takaava 8K-kyselytaajuus ja ensiluokkainen liukumaton Ice-Feeling-viimeistely. Suunniteltu ammattimaisille FPS-pelaajille, jotka vaativat \u00e4\u00e4rimm\u00e4ist\u00e4 tarkkuutta ja nopeutta.<\/p>","protected":false},"featured_media":5266,"comment_status":"open","ping_status":"closed","template":"","meta":[],"product_brand":[226],"product_cat":[331],"product_tag":[499,338,498],"class_list":{"0":"post-5264","1":"product","2":"type-product","3":"status-publish","4":"has-post-thumbnail","6":"product_brand-atk","7":"product_cat-mouse","8":"product_tag-gaming-mouse","9":"product_tag-mouse","10":"product_tag-wireless-mouse","12":"first","13":"instock","14":"taxable","15":"shipping-taxable","16":"purchasable","17":"product-type-variable","18":"wvs-archive-product-wrapper"},"aioseo_notices":[],"ct_brands":[{"id":226,"name":"ATK","slug":"atk"}],"jetpack_sharing_enabled":true,"_links":{"self":[{"href":"https:\/\/halleffectkeyboard.com\/fi\/wp-json\/wp\/v2\/product\/5264","targetHints":{"allow":["GET"]}}],"collection":[{"href":"https:\/\/halleffectkeyboard.com\/fi\/wp-json\/wp\/v2\/product"}],"about":[{"href":"https:\/\/halleffectkeyboard.com\/fi\/wp-json\/wp\/v2\/types\/product"}],"replies":[{"embeddable":true,"href":"https:\/\/halleffectkeyboard.com\/fi\/wp-json\/wp\/v2\/comments?post=5264"}],"version-history":[{"count":3,"href":"https:\/\/halleffectkeyboard.com\/fi\/wp-json\/wp\/v2\/product\/5264\/revisions"}],"predecessor-version":[{"id":5279,"href":"https:\/\/halleffectkeyboard.com\/fi\/wp-json\/wp\/v2\/product\/5264\/revisions\/5279"}],"wp:featuredmedia":[{"embeddable":true,"href":"https:\/\/halleffectkeyboard.com\/fi\/wp-json\/wp\/v2\/media\/5266"}],"wp:attachment":[{"href":"https:\/\/halleffectkeyboard.com\/fi\/wp-json\/wp\/v2\/media?parent=5264"}],"wp:term":[{"taxonomy":"product_brand","embeddable":true,"href":"https:\/\/halleffectkeyboard.com\/fi\/wp-json\/wp\/v2\/product_brand?post=5264"},{"taxonomy":"product_cat","embeddable":true,"href":"https:\/\/halleffectkeyboard.com\/fi\/wp-json\/wp\/v2\/product_cat?post=5264"},{"taxonomy":"product_tag","embeddable":true,"href":"https:\/\/halleffectkeyboard.com\/fi\/wp-json\/wp\/v2\/product_tag?post=5264"}],"curies":[{"name":"wp","href":"https:\/\/api.w.org\/{rel}","templated":true}]}}