{"id":5243,"date":"2026-05-07T11:10:15","date_gmt":"2026-05-07T03:10:15","guid":{"rendered":"https:\/\/halleffectkeyboard.com\/?post_type=product&#038;p=5243"},"modified":"2026-05-07T17:09:50","modified_gmt":"2026-05-07T09:09:50","slug":"atk-99g-mouse-pad","status":"publish","type":"product","link":"https:\/\/halleffectkeyboard.com\/fi\/tuote\/atk-99g-hiirimatto\/","title":{"rendered":"ATK 99G -hiirimatto"},"content":{"rendered":"<h1><strong>ATK 99G -hiirimatto: Huippuluokan XSoft-e-urheilupelihiirimatto<br \/>\n<img loading=\"lazy\" decoding=\"async\" class=\"alignnone size-full wp-image-5256\" src=\"https:\/\/halleffectkeyboard.com\/wp-content\/uploads\/2026\/05\/1-7-scaled.jpg\" alt=\"ATK 99G Mouse Pad\" width=\"2560\" height=\"1437\" srcset=\"https:\/\/halleffectkeyboard.com\/wp-content\/uploads\/2026\/05\/1-7-scaled.jpg 2560w, https:\/\/halleffectkeyboard.com\/wp-content\/uploads\/2026\/05\/1-7-300x168.jpg 300w, https:\/\/halleffectkeyboard.com\/wp-content\/uploads\/2026\/05\/1-7-1024x575.jpg 1024w, https:\/\/halleffectkeyboard.com\/wp-content\/uploads\/2026\/05\/1-7-768x431.jpg 768w, https:\/\/halleffectkeyboard.com\/wp-content\/uploads\/2026\/05\/1-7-1536x862.jpg 1536w, https:\/\/halleffectkeyboard.com\/wp-content\/uploads\/2026\/05\/1-7-2048x1150.jpg 2048w, https:\/\/halleffectkeyboard.com\/wp-content\/uploads\/2026\/05\/1-7-18x10.jpg 18w, https:\/\/halleffectkeyboard.com\/wp-content\/uploads\/2026\/05\/1-7-1200x674.jpg 1200w\" sizes=\"auto, (max-width: 2560px) 100vw, 2560px\" data-no-translation=\"\" \/><br \/>\n<\/strong><\/h1>\n<p>Nosta pelikokemuksesi uudelle tasolle t\u00e4ll\u00e4 <strong>ATK 99G<\/strong>, huipputason <strong>Esport-pelihiirimatto<\/strong> suunniteltu kilpapelaajille ja ammattilaisille. Seuraatpa sitten maaleja nopeatempoisissa ammuntapeleiss\u00e4 tai suoritat tarkkoja klikkauksia MOBA-peleiss\u00e4, t\u00e4m\u00e4 <strong>ATK-hiirimatto<\/strong> tarjoaa t\u00e4ydellisen yhdistelm\u00e4n nopeutta ja hallintaa. Jos etsit <strong>osta ATK 99G hiirimatto<\/strong>, investoit ensiluokkaiseen kentt\u00e4peittoalustaan, joka mullistaa kokoonpanosi.<br \/>\n<img loading=\"lazy\" decoding=\"async\" class=\"alignnone size-full wp-image-5260\" src=\"https:\/\/halleffectkeyboard.com\/wp-content\/uploads\/2026\/05\/5-6-scaled.jpg\" alt=\"ATK 99G Mouse Pad\" width=\"2560\" height=\"1437\" srcset=\"https:\/\/halleffectkeyboard.com\/wp-content\/uploads\/2026\/05\/5-6-scaled.jpg 2560w, https:\/\/halleffectkeyboard.com\/wp-content\/uploads\/2026\/05\/5-6-300x168.jpg 300w, https:\/\/halleffectkeyboard.com\/wp-content\/uploads\/2026\/05\/5-6-1024x575.jpg 1024w, https:\/\/halleffectkeyboard.com\/wp-content\/uploads\/2026\/05\/5-6-768x431.jpg 768w, https:\/\/halleffectkeyboard.com\/wp-content\/uploads\/2026\/05\/5-6-1536x862.jpg 1536w, https:\/\/halleffectkeyboard.com\/wp-content\/uploads\/2026\/05\/5-6-2048x1150.jpg 2048w, https:\/\/halleffectkeyboard.com\/wp-content\/uploads\/2026\/05\/5-6-18x10.jpg 18w, https:\/\/halleffectkeyboard.com\/wp-content\/uploads\/2026\/05\/5-6-1200x674.jpg 1200w\" sizes=\"auto, (max-width: 2560px) 100vw, 2560px\" data-no-translation=\"\" \/><\/p>\n<h2><strong>Vertaansa vailla oleva pinta ja hallinta<\/strong><\/h2>\n<p>Ytimess\u00e4 <strong>ATK 99G<\/strong> on <strong>ensiluokkainen komposiittikuituhiirimatto<\/strong> suunnittelu. <strong>komposiittikuitupinta<\/strong> tarjoaa ihoyst\u00e4v\u00e4llisen mikrofleece-rakenteen, joka takaa <strong>tasainen liukuminen<\/strong> samalla yll\u00e4pit\u00e4en <strong>tasapainoinen jarrutusvoima<\/strong>. T\u00e4m\u00e4 tekee siit\u00e4 poikkeuksellisen <strong>sujuvasti liukuva ohjauslevy<\/strong> ja lopullinen <strong>pys\u00e4ytt\u00e4v\u00e4 tehokas pelihiirimatto<\/strong>.<\/p>\n<p>Pelaajille, jotka vaativat tasaisuutta, <strong>ATK 99G<\/strong> on suunniteltu my\u00f6s sellaiseksi <strong>kosteutta kest\u00e4v\u00e4 pelihiirimatto<\/strong>, varmistaen, ett\u00e4 t\u00e4ht\u00e4yksesi pysyy virheett\u00f6m\u00e4n\u00e4 s\u00e4\u00e4st\u00e4 tai intensiivisist\u00e4 pelisessioista riippumatta.<br \/>\n<img loading=\"lazy\" decoding=\"async\" class=\"alignnone size-full wp-image-5257\" src=\"https:\/\/halleffectkeyboard.com\/wp-content\/uploads\/2026\/05\/2-7-scaled.jpg\" alt=\"ATK 99G Mouse Pad\" width=\"2560\" height=\"1437\" srcset=\"https:\/\/halleffectkeyboard.com\/wp-content\/uploads\/2026\/05\/2-7-scaled.jpg 2560w, https:\/\/halleffectkeyboard.com\/wp-content\/uploads\/2026\/05\/2-7-300x168.jpg 300w, https:\/\/halleffectkeyboard.com\/wp-content\/uploads\/2026\/05\/2-7-1024x575.jpg 1024w, https:\/\/halleffectkeyboard.com\/wp-content\/uploads\/2026\/05\/2-7-768x431.jpg 768w, https:\/\/halleffectkeyboard.com\/wp-content\/uploads\/2026\/05\/2-7-1536x862.jpg 1536w, https:\/\/halleffectkeyboard.com\/wp-content\/uploads\/2026\/05\/2-7-2048x1150.jpg 2048w, https:\/\/halleffectkeyboard.com\/wp-content\/uploads\/2026\/05\/2-7-18x10.jpg 18w, https:\/\/halleffectkeyboard.com\/wp-content\/uploads\/2026\/05\/2-7-1200x674.jpg 1200w\" sizes=\"auto, (max-width: 2560px) 100vw, 2560px\" data-no-translation=\"\" \/><\/p>\n<h2><strong>Suunniteltu kilpapelaamiseen<\/strong><\/h2>\n<p>T\u00e4t\u00e4 tyyny\u00e4 pidet\u00e4\u00e4n laajalti mm. <strong>Paras hiirimatto Valorantin matalaherkkyyteen<\/strong> ja <strong>paras hiirimatto CS2:lle<\/strong>. Omistautuneena <strong>FPS-pelihiirimatto<\/strong> ja <strong>ohjaa hiirimattoa FPS-peleihin<\/strong>, se loistaa lyhyiss\u00e4 TTK (Time-to-Kill) -skenaarioissa, kuten Apex Legendsiss\u00e4, CS:GO:ssa ja Valorantissa.<\/p>\n<p>Ei vain ampujille, sen monipuolisuus tekee siit\u00e4 erinomaisen <strong>MOBA-hiirimatto<\/strong>. Pelaajille, jotka pit\u00e4v\u00e4t leveist\u00e4 k\u00e4siliikkeist\u00e4, t\u00e4m\u00e4 <strong>suuri pelihiirimatto<\/strong> tukee <strong>Matala-DPI-pelaaminen<\/strong> vaivattomasti. Kuten <strong>suuri e-urheiluhiirimatto 490 \u00d7 420<\/strong>, se tarjoaa runsaasti tilaa sek\u00e4 k\u00e4si- ett\u00e4 rannet\u00e4ht\u00e4imille.<br \/>\n<img loading=\"lazy\" decoding=\"async\" class=\"alignnone size-full wp-image-5259\" src=\"https:\/\/halleffectkeyboard.com\/wp-content\/uploads\/2026\/05\/4-7-scaled.jpg\" alt=\"ATK 99G Mouse Pad\" width=\"2560\" height=\"1437\" srcset=\"https:\/\/halleffectkeyboard.com\/wp-content\/uploads\/2026\/05\/4-7-scaled.jpg 2560w, https:\/\/halleffectkeyboard.com\/wp-content\/uploads\/2026\/05\/4-7-300x168.jpg 300w, https:\/\/halleffectkeyboard.com\/wp-content\/uploads\/2026\/05\/4-7-1024x575.jpg 1024w, https:\/\/halleffectkeyboard.com\/wp-content\/uploads\/2026\/05\/4-7-768x431.jpg 768w, https:\/\/halleffectkeyboard.com\/wp-content\/uploads\/2026\/05\/4-7-1536x862.jpg 1536w, https:\/\/halleffectkeyboard.com\/wp-content\/uploads\/2026\/05\/4-7-2048x1150.jpg 2048w, https:\/\/halleffectkeyboard.com\/wp-content\/uploads\/2026\/05\/4-7-18x10.jpg 18w, https:\/\/halleffectkeyboard.com\/wp-content\/uploads\/2026\/05\/4-7-1200x674.jpg 1200w\" sizes=\"auto, (max-width: 2560px) 100vw, 2560px\" data-no-translation=\"\" \/><\/p>\n<h2><strong>Ensiluokkainen pohja ja kest\u00e4vyys<\/strong><\/h2>\n<p>Saatavilla Air- ja Carbon-versioina <strong>ATK 99G<\/strong> sis\u00e4lt\u00e4\u00e4 mukautetun <strong>XSoft-pohjainen hiirimatto<\/strong> kaava. Hiilikuituversioissa k\u00e4ytet\u00e4\u00e4n korkealaatuista korealaista polyuretaani (PU) -pohjaa, mink\u00e4 ansiosta se toimii t\u00e4sm\u00e4lleen yht\u00e4 hyvin kuin premium-luokan <strong>Poron Base -pelihiirimatto<\/strong> uskomattomilla liukuesteominaisuuksilla.<\/p>\n<p>Kest\u00e4vyyden takaavat tarkkuusompeleet, jotka upottavat pintaan. Korkealaatuisena <strong>ommeltu reuna pelihiirimatto<\/strong>, reunat ovat pinnan alapuolella rispaantumisen est\u00e4miseksi ja varmistaakseen, ettei se \u00e4rsyt\u00e4 k\u00e4sivarttasi pitkien sessioiden aikana.<br \/>\n<img loading=\"lazy\" decoding=\"async\" class=\"alignnone size-full wp-image-5261\" src=\"https:\/\/halleffectkeyboard.com\/wp-content\/uploads\/2026\/05\/6-3-scaled.jpg\" alt=\"ATK 99G Mouse Pad\" width=\"2560\" height=\"1437\" srcset=\"https:\/\/halleffectkeyboard.com\/wp-content\/uploads\/2026\/05\/6-3-scaled.jpg 2560w, https:\/\/halleffectkeyboard.com\/wp-content\/uploads\/2026\/05\/6-3-300x168.jpg 300w, https:\/\/halleffectkeyboard.com\/wp-content\/uploads\/2026\/05\/6-3-1024x575.jpg 1024w, https:\/\/halleffectkeyboard.com\/wp-content\/uploads\/2026\/05\/6-3-768x431.jpg 768w, https:\/\/halleffectkeyboard.com\/wp-content\/uploads\/2026\/05\/6-3-1536x862.jpg 1536w, https:\/\/halleffectkeyboard.com\/wp-content\/uploads\/2026\/05\/6-3-2048x1150.jpg 2048w, https:\/\/halleffectkeyboard.com\/wp-content\/uploads\/2026\/05\/6-3-18x10.jpg 18w, https:\/\/halleffectkeyboard.com\/wp-content\/uploads\/2026\/05\/6-3-1200x674.jpg 1200w\" sizes=\"auto, (max-width: 2560px) 100vw, 2560px\" data-no-translation=\"\" \/><\/p>\n<h2><strong>Miten se vertautuu?<\/strong><\/h2>\n<p>Kilpailluilla oheislaitemarkkinoilla <strong>ATK 99G -arvostelu<\/strong> Yksimielisyys on eritt\u00e4in my\u00f6nteinen. Kun tarkastellaan <strong>ATK 99G vs. Artisan Zero<\/strong>, monet harrastajat pit\u00e4v\u00e4t ATK 99G:t\u00e4 <strong>paras k\u00e4sity\u00f6l\u00e4inen nollavaihtoehto<\/strong> saatavilla t\u00e4n\u00e4\u00e4n ja tarjoaa vastaavaa ensiluokkaista suorituskyky\u00e4 edullisempaan hintaan.<\/p>\n<p>Niille, jotka keskustelevat pehmeystasojen v\u00e4lill\u00e4, <strong>ATK 99G XSoft vs. Mid<\/strong> keskusteluissa suositaan yleens\u00e4 XSoftia sen ylivoimaisen jarrutuskyvyn ja pehme\u00e4n mukavuuden vuoksi. Lis\u00e4ksi vertailuissa, kuten <strong>ATK 99G vs. Lethal Gaming Gear (LGG)<\/strong>, ATK 99G erottuu ainutlaatuisen komposiittikuitusekoituksensa ja poikkeuksellisen arvonsa ansiosta. Jokainen <strong>ATK 99G -hiirimaton arvostelu<\/strong> korostaa sen uskomatonta hinta-laatusuhdetta.<br \/>\n<img loading=\"lazy\" decoding=\"async\" class=\"alignnone size-full wp-image-5262\" src=\"https:\/\/halleffectkeyboard.com\/wp-content\/uploads\/2026\/05\/7-3-scaled.jpg\" alt=\"ATK 99G Mouse Pad\" width=\"2560\" height=\"1437\" srcset=\"https:\/\/halleffectkeyboard.com\/wp-content\/uploads\/2026\/05\/7-3-scaled.jpg 2560w, https:\/\/halleffectkeyboard.com\/wp-content\/uploads\/2026\/05\/7-3-300x168.jpg 300w, https:\/\/halleffectkeyboard.com\/wp-content\/uploads\/2026\/05\/7-3-1024x575.jpg 1024w, https:\/\/halleffectkeyboard.com\/wp-content\/uploads\/2026\/05\/7-3-768x431.jpg 768w, https:\/\/halleffectkeyboard.com\/wp-content\/uploads\/2026\/05\/7-3-1536x862.jpg 1536w, https:\/\/halleffectkeyboard.com\/wp-content\/uploads\/2026\/05\/7-3-2048x1150.jpg 2048w, https:\/\/halleffectkeyboard.com\/wp-content\/uploads\/2026\/05\/7-3-18x10.jpg 18w, https:\/\/halleffectkeyboard.com\/wp-content\/uploads\/2026\/05\/7-3-1200x674.jpg 1200w\" sizes=\"auto, (max-width: 2560px) 100vw, 2560px\" data-no-translation=\"\" \/><\/p>\n<h2><strong>Tuotteen tekniset tiedot<\/strong><\/h2>\n<ul>\n<li><strong>Merkki:<\/strong>\u00a0<strong>ATK<\/strong><\/li>\n<li><strong>Malli:<\/strong>\u00a0<strong>ATK 99G<\/strong>\u00a0XSoft<\/li>\n<li><strong>Versiot:<\/strong>\u00a0Ilma, hiilikuitu, ammattimainen<\/li>\n<li><strong>V\u00e4rit:<\/strong>\u00a0Matcha-vihre\u00e4, musta<\/li>\n<li><strong>Mitat:<\/strong>\u00a0<strong>490x420 mm hiirimatto<\/strong><\/li>\n<li><strong>Paksuus:<\/strong>\u00a04 mm (Pro\/Hiili) \/ 4,5 \u00b1 0,5 mm (Ilma)<\/li>\n<li><strong>Pinta:<\/strong>\u00a0Mikrofleece-komposiittikuitu<\/li>\n<li><strong>Pohja:<\/strong>\u00a0Korealainen PU-pohja (Pro\/Carbon) \/ Sakeutettu liukumaton kumi (Air)<\/li>\n<\/ul>\n<h2><strong>Hoito ja yll\u00e4pito<\/strong><\/h2>\n<p>S\u00e4ilytt\u00e4\u00e4ksesi <strong>paras XSoft-pelihiirimatto<\/strong> moitteettomassa kunnossa:<\/p>\n<ul>\n<li>V\u00e4lt\u00e4 hiirimaton altistamista korkeille l\u00e4mp\u00f6tiloille tai \u00e4\u00e4rimm\u00e4iselle kosteudelle.<\/li>\n<li><strong>Puhdistus:<\/strong>\u00a0Pyyhi pinta varovasti hieman kostealla liinalla tai alkoholittomalla pyyhkeell\u00e4.\u00a0<strong>Ei lioteta eik\u00e4 koneessa pest\u00e4.<\/strong><\/li>\n<li><em>Huomautus: Laatikosta purkamisen yhteydess\u00e4 voi esiinty\u00e4 liev\u00e4\u00e4 kumin hajua, joka on normaalia ja h\u00e4vi\u00e4\u00e4 lyhyen tuuletuksen j\u00e4lkeen.<\/em><\/li>\n<\/ul>\n<p><strong>Oletko valmis p\u00e4ivitt\u00e4m\u00e4\u00e4n tavoitteesi?<\/strong> \u00c4l\u00e4 tyydy v\u00e4hemp\u00e4\u00e4n. Koe t\u00e4ydellinen tasapaino nopeuden ja hallinnan v\u00e4lill\u00e4 jo t\u00e4n\u00e4\u00e4n ATK 99G:n avulla.<\/p>","protected":false},"excerpt":{"rendered":"<p>Koe \u00e4\u00e4rimm\u00e4ist\u00e4 tarkkuutta <strong>ATK 99G XSoft -pelihiirimatto<\/strong>, suunniteltu kilpailukykyiseen esportsiin.<\/p>\n<ul>\n<li><strong>Ensiluokkainen pinta:<\/strong>\u00a0Komposiittikuitusekoitus tasaiseen liukuun ja tasapainoiseen pys\u00e4ytystehoon.<\/li>\n<li><strong>XSoft-pohja:<\/strong>\u00a0Uskomaton liukumaton tuki ja pehme\u00e4 mukavuus pitkiinkin k\u00e4ytt\u00f6kertoihin.<\/li>\n<li><strong>E-urheilun koko:<\/strong>\u00a0490x420 mm, mik\u00e4 tarjoaa runsaasti tilaa matalan DPI:n varren t\u00e4ht\u00e4ykseen.<\/li>\n<li><strong>Kest\u00e4v\u00e4 rakenne:<\/strong>\u00a0Pinnan alla ommellut reunat est\u00e4v\u00e4t rispaantumista ja ranteen \u00e4rsytyst\u00e4.<\/li>\n<\/ul>","protected":false},"featured_media":5250,"comment_status":"open","ping_status":"closed","template":"","meta":[],"product_brand":[226],"product_cat":[553],"product_tag":[555,554],"class_list":{"0":"post-5243","1":"product","2":"type-product","3":"status-publish","4":"has-post-thumbnail","6":"product_brand-atk","7":"product_cat-mousepad","8":"product_tag-gaming-mousepad","9":"product_tag-mousepad","11":"first","12":"instock","13":"taxable","14":"shipping-taxable","15":"purchasable","16":"product-type-variable","17":"wvs-archive-product-wrapper"},"aioseo_notices":[],"ct_brands":[{"id":226,"name":"ATK","slug":"atk"}],"jetpack_sharing_enabled":true,"_links":{"self":[{"href":"https:\/\/halleffectkeyboard.com\/fi\/wp-json\/wp\/v2\/product\/5243","targetHints":{"allow":["GET"]}}],"collection":[{"href":"https:\/\/halleffectkeyboard.com\/fi\/wp-json\/wp\/v2\/product"}],"about":[{"href":"https:\/\/halleffectkeyboard.com\/fi\/wp-json\/wp\/v2\/types\/product"}],"replies":[{"embeddable":true,"href":"https:\/\/halleffectkeyboard.com\/fi\/wp-json\/wp\/v2\/comments?post=5243"}],"version-history":[{"count":4,"href":"https:\/\/halleffectkeyboard.com\/fi\/wp-json\/wp\/v2\/product\/5243\/revisions"}],"predecessor-version":[{"id":5263,"href":"https:\/\/halleffectkeyboard.com\/fi\/wp-json\/wp\/v2\/product\/5243\/revisions\/5263"}],"wp:featuredmedia":[{"embeddable":true,"href":"https:\/\/halleffectkeyboard.com\/fi\/wp-json\/wp\/v2\/media\/5250"}],"wp:attachment":[{"href":"https:\/\/halleffectkeyboard.com\/fi\/wp-json\/wp\/v2\/media?parent=5243"}],"wp:term":[{"taxonomy":"product_brand","embeddable":true,"href":"https:\/\/halleffectkeyboard.com\/fi\/wp-json\/wp\/v2\/product_brand?post=5243"},{"taxonomy":"product_cat","embeddable":true,"href":"https:\/\/halleffectkeyboard.com\/fi\/wp-json\/wp\/v2\/product_cat?post=5243"},{"taxonomy":"product_tag","embeddable":true,"href":"https:\/\/halleffectkeyboard.com\/fi\/wp-json\/wp\/v2\/product_tag?post=5243"}],"curies":[{"name":"wp","href":"https:\/\/api.w.org\/{rel}","templated":true}]}}