{"id":5030,"date":"2026-04-30T11:22:03","date_gmt":"2026-04-30T03:22:03","guid":{"rendered":"https:\/\/halleffectkeyboard.com\/?post_type=product&#038;p=5030"},"modified":"2026-04-30T14:04:03","modified_gmt":"2026-04-30T06:04:03","slug":"attack-shark-x3-wireless-gaming-mouse","status":"publish","type":"product","link":"https:\/\/halleffectkeyboard.com\/fi\/tuote\/attack-shark-x3-langaton-pelihiiri\/","title":{"rendered":"ATTACK SHARK X3 Langaton Pelihiiri"},"content":{"rendered":"<h1><img loading=\"lazy\" decoding=\"async\" class=\"alignnone size-full wp-image-5050\" src=\"https:\/\/halleffectkeyboard.com\/wp-content\/uploads\/2026\/04\/1-34-scaled.jpg\" alt=\"ATTACK SHARK X3 Wireless Gaming Mouse\" width=\"2560\" height=\"1049\" srcset=\"https:\/\/halleffectkeyboard.com\/wp-content\/uploads\/2026\/04\/1-34-scaled.jpg 2560w, https:\/\/halleffectkeyboard.com\/wp-content\/uploads\/2026\/04\/1-34-300x123.jpg 300w, https:\/\/halleffectkeyboard.com\/wp-content\/uploads\/2026\/04\/1-34-1024x420.jpg 1024w, https:\/\/halleffectkeyboard.com\/wp-content\/uploads\/2026\/04\/1-34-768x315.jpg 768w, https:\/\/halleffectkeyboard.com\/wp-content\/uploads\/2026\/04\/1-34-1536x630.jpg 1536w, https:\/\/halleffectkeyboard.com\/wp-content\/uploads\/2026\/04\/1-34-2048x840.jpg 2048w, https:\/\/halleffectkeyboard.com\/wp-content\/uploads\/2026\/04\/1-34-18x7.jpg 18w, https:\/\/halleffectkeyboard.com\/wp-content\/uploads\/2026\/04\/1-34-1200x492.jpg 1200w\" sizes=\"auto, (max-width: 2560px) 100vw, 2560px\" data-no-translation=\"\" \/><\/h1>\n<h1>Attack Shark X3 langaton pelihiiri: Huippuluokan kevyt suorituskyky<\/h1>\n<p>Nosta pelaamisesi uudelle tasolle t\u00e4ll\u00e4 <strong>Hy\u00f6kk\u00e4yshai X3<\/strong>, the <strong>paras langaton pelihiiri<\/strong> Kilpailuhenkisille pelaajille, jotka vaativat nopeutta, tarkkuutta ja mukavuutta. Suunniteltu huipputehokkaaksi. <strong>kevyt pelihiiri<\/strong>, X3 painaa vain 49 g, mik\u00e4 tekee siit\u00e4 huippuluokan <strong>superkevyt pelihiiri<\/strong> joka kilpailee premium-kilpailijoilla ilman premium-hintalappua.<br \/>\n<img loading=\"lazy\" decoding=\"async\" class=\"alignnone size-full wp-image-5059\" src=\"https:\/\/halleffectkeyboard.com\/wp-content\/uploads\/2026\/04\/10-9-scaled.jpg\" alt=\"ATTACK SHARK X3 Wireless Gaming Mouse\" width=\"2560\" height=\"1049\" srcset=\"https:\/\/halleffectkeyboard.com\/wp-content\/uploads\/2026\/04\/10-9-scaled.jpg 2560w, https:\/\/halleffectkeyboard.com\/wp-content\/uploads\/2026\/04\/10-9-300x123.jpg 300w, https:\/\/halleffectkeyboard.com\/wp-content\/uploads\/2026\/04\/10-9-1024x420.jpg 1024w, https:\/\/halleffectkeyboard.com\/wp-content\/uploads\/2026\/04\/10-9-768x315.jpg 768w, https:\/\/halleffectkeyboard.com\/wp-content\/uploads\/2026\/04\/10-9-1536x630.jpg 1536w, https:\/\/halleffectkeyboard.com\/wp-content\/uploads\/2026\/04\/10-9-2048x840.jpg 2048w, https:\/\/halleffectkeyboard.com\/wp-content\/uploads\/2026\/04\/10-9-18x7.jpg 18w, https:\/\/halleffectkeyboard.com\/wp-content\/uploads\/2026\/04\/10-9-1200x492.jpg 1200w\" sizes=\"auto, (max-width: 2560px) 100vw, 2560px\" data-no-translation=\"\" \/><\/p>\n<h3>Tarkkuustekniikka kohtaa ammattilaistason suorituskyvyn<\/h3>\n<p>T\u00e4m\u00e4n ytimess\u00e4 <strong>PAW3395 pelihiiri<\/strong> piilee lippulaiva PAW3395-anturi, joka tuottaa h\u00e4mm\u00e4stytt\u00e4v\u00e4t 26 000 DPI:n tarkkuuden vertaansa vailla olevalla tarkkuudella. Olitpa sitten selailemassa CS:GO:ssa, seuraamassa Valorantissa tai dominoimassa MOBA-pelej\u00e4, t\u00e4m\u00e4 <strong>eritt\u00e4in tarkka hiiri<\/strong> varmistaa, ett\u00e4 jokainen liike on pikselintarkka.<br \/>\n<img loading=\"lazy\" decoding=\"async\" class=\"alignnone size-full wp-image-5051\" src=\"https:\/\/halleffectkeyboard.com\/wp-content\/uploads\/2026\/04\/2-30-scaled.jpg\" alt=\"ATTACK SHARK X3 Wireless Gaming Mouse\" width=\"2560\" height=\"1049\" srcset=\"https:\/\/halleffectkeyboard.com\/wp-content\/uploads\/2026\/04\/2-30-scaled.jpg 2560w, https:\/\/halleffectkeyboard.com\/wp-content\/uploads\/2026\/04\/2-30-300x123.jpg 300w, https:\/\/halleffectkeyboard.com\/wp-content\/uploads\/2026\/04\/2-30-1024x420.jpg 1024w, https:\/\/halleffectkeyboard.com\/wp-content\/uploads\/2026\/04\/2-30-768x315.jpg 768w, https:\/\/halleffectkeyboard.com\/wp-content\/uploads\/2026\/04\/2-30-1536x630.jpg 1536w, https:\/\/halleffectkeyboard.com\/wp-content\/uploads\/2026\/04\/2-30-2048x840.jpg 2048w, https:\/\/halleffectkeyboard.com\/wp-content\/uploads\/2026\/04\/2-30-18x7.jpg 18w, https:\/\/halleffectkeyboard.com\/wp-content\/uploads\/2026\/04\/2-30-1200x492.jpg 1200w\" sizes=\"auto, (max-width: 2560px) 100vw, 2560px\" data-no-translation=\"\" \/><\/p>\n<h3>Vertaansa vailla olevaa monipuolisuutta kolmitilayhteydell\u00e4<\/h3>\n<p>Koe todellinen vapaus kanssamme <strong>kolmitilapelihiiri<\/strong> teknologiaa. Valitse kokoonpanoosi sopivaksi eritt\u00e4in nopea 2.4G langaton yhteys, Bluetooth tai langallinen yhteys. Monipuolisena <strong>langaton ja langallinen hiiri<\/strong>, se on t\u00e4ydellinen <strong>PC-pelien asennuslis\u00e4varuste<\/strong> sek\u00e4 p\u00f6yt\u00e4tietokoneiden harrastajille ett\u00e4 paljon liikkuville pelaajille.<br \/>\n<img loading=\"lazy\" decoding=\"async\" class=\"alignnone size-full wp-image-5053\" src=\"https:\/\/halleffectkeyboard.com\/wp-content\/uploads\/2026\/04\/4-31-scaled.jpg\" alt=\"ATTACK SHARK X3 Wireless Gaming Mouse\" width=\"2560\" height=\"1049\" srcset=\"https:\/\/halleffectkeyboard.com\/wp-content\/uploads\/2026\/04\/4-31-scaled.jpg 2560w, https:\/\/halleffectkeyboard.com\/wp-content\/uploads\/2026\/04\/4-31-300x123.jpg 300w, https:\/\/halleffectkeyboard.com\/wp-content\/uploads\/2026\/04\/4-31-1024x420.jpg 1024w, https:\/\/halleffectkeyboard.com\/wp-content\/uploads\/2026\/04\/4-31-768x315.jpg 768w, https:\/\/halleffectkeyboard.com\/wp-content\/uploads\/2026\/04\/4-31-1536x630.jpg 1536w, https:\/\/halleffectkeyboard.com\/wp-content\/uploads\/2026\/04\/4-31-2048x840.jpg 2048w, https:\/\/halleffectkeyboard.com\/wp-content\/uploads\/2026\/04\/4-31-18x7.jpg 18w, https:\/\/halleffectkeyboard.com\/wp-content\/uploads\/2026\/04\/4-31-1200x492.jpg 1200w\" sizes=\"auto, (max-width: 2560px) 100vw, 2560px\" data-no-translation=\"\" \/><\/p>\n<h3>Ergonominen muotoilu ja ensiluokkainen rakenne<\/h3>\n<p>Attack Shark X3:ssa on hienostunut, ei-kennomainen symmetrinen muotoilu. Toisin kuin muut kevyet vaihtoehdot, siin\u00e4 on tukeva, ergonominen kuori, joka tuntuu ensiluokkaiselta k\u00e4dess\u00e4.<br \/>\n<img loading=\"lazy\" decoding=\"async\" class=\"alignnone size-full wp-image-5052\" src=\"https:\/\/halleffectkeyboard.com\/wp-content\/uploads\/2026\/04\/3-30-scaled.jpg\" alt=\"ATTACK SHARK X3 Wireless Gaming Mouse\" width=\"2560\" height=\"1049\" srcset=\"https:\/\/halleffectkeyboard.com\/wp-content\/uploads\/2026\/04\/3-30-scaled.jpg 2560w, https:\/\/halleffectkeyboard.com\/wp-content\/uploads\/2026\/04\/3-30-300x123.jpg 300w, https:\/\/halleffectkeyboard.com\/wp-content\/uploads\/2026\/04\/3-30-1024x420.jpg 1024w, https:\/\/halleffectkeyboard.com\/wp-content\/uploads\/2026\/04\/3-30-768x315.jpg 768w, https:\/\/halleffectkeyboard.com\/wp-content\/uploads\/2026\/04\/3-30-1536x630.jpg 1536w, https:\/\/halleffectkeyboard.com\/wp-content\/uploads\/2026\/04\/3-30-2048x840.jpg 2048w, https:\/\/halleffectkeyboard.com\/wp-content\/uploads\/2026\/04\/3-30-18x7.jpg 18w, https:\/\/halleffectkeyboard.com\/wp-content\/uploads\/2026\/04\/3-30-1200x492.jpg 1200w\" sizes=\"auto, (max-width: 2560px) 100vw, 2560px\" data-no-translation=\"\" \/><\/p>\n<p><strong>Paranna pitoasi mittatilausty\u00f6n\u00e4 tehdyll\u00e4 liukumattomalla pitoteipill\u00e4mme:<\/strong><\/p>\n<ul>\n<li><strong>Tarkka esileikkaus:<\/strong>\u00a0Suunniteltu erityisesti X3:lle varmistaen ammattimaisen ja koko vartalon istuvuuden.<\/li>\n<li><strong>Ylivertainen hallinta:<\/strong>\u00a0Teksturoitu, hike\u00e4 imev\u00e4 materiaali parantaa kitkaa intensiivisiss\u00e4 pelisessioissa.<\/li>\n<li><strong>Eritt\u00e4in ohut:<\/strong>\u00a0Vain 0,5 mm:n paksuudella se s\u00e4ilytt\u00e4\u00e4 hiiren matalan profiilin.<\/li>\n<li><strong>J\u00e4\u00e4m\u00e4t\u00f6n:<\/strong>\u00a03M-liimapinnan ansiosta se pysyy tukevasti paikallaan ja irtoaa puhtaana.<\/li>\n<\/ul>\n<h3>Miksi valita Attack Shark X3?<\/h3>\n<ul>\n<li><strong>Paras budjettiluokan langaton pelihiiri:<\/strong>\u00a0Hanki lippulaivamallin tekniset tiedot murto-osalla hinnasta. Se on \u00e4\u00e4rimm\u00e4inen\u00a0<strong>Logitech G Pro X Superlight -vaihtoehto<\/strong>\u00a0ja suora kilpailija Razer Viper V2 Prolle, Pulsar X2:lle ja Lamzu Atlantisille.<\/li>\n<li><strong>Pro-tason kytkimet:<\/strong>\u00a0Varustettu kest\u00e4vill\u00e4 Kailh GM 8.0 -kytkimill\u00e4, jotka takaavat ter\u00e4v\u00e4t ja tuntuvat napsautukset.<\/li>\n<li><strong>Mukautettava:<\/strong>\u00a0K\u00e4yt\u00e4\u00a0<strong>Attack Shark X3 -ohjelmisto<\/strong>\u00a0painikkeiden uudelleenm\u00e4\u00e4ritt\u00e4miseen, makrojen s\u00e4\u00e4t\u00e4miseen ja suorituskyvyn hienos\u00e4\u00e4t\u00f6\u00f6n.<\/li>\n<li><strong>Laaja yhteensopivuus:<\/strong>\u00a0T\u00e4ysin yhteensopiva mm.\u00a0<strong>Windows-pelihiiri<\/strong>\u00a0ja\u00a0<strong>Mac-yhteensopiva langaton hiiri<\/strong>.<br \/>\n<img loading=\"lazy\" decoding=\"async\" class=\"alignnone size-full wp-image-5058\" src=\"https:\/\/halleffectkeyboard.com\/wp-content\/uploads\/2026\/04\/9-10-scaled.jpg\" alt=\"ATTACK SHARK X3 Wireless Gaming Mouse\" width=\"2560\" height=\"1049\" srcset=\"https:\/\/halleffectkeyboard.com\/wp-content\/uploads\/2026\/04\/9-10-scaled.jpg 2560w, https:\/\/halleffectkeyboard.com\/wp-content\/uploads\/2026\/04\/9-10-300x123.jpg 300w, https:\/\/halleffectkeyboard.com\/wp-content\/uploads\/2026\/04\/9-10-1024x420.jpg 1024w, https:\/\/halleffectkeyboard.com\/wp-content\/uploads\/2026\/04\/9-10-768x315.jpg 768w, https:\/\/halleffectkeyboard.com\/wp-content\/uploads\/2026\/04\/9-10-1536x630.jpg 1536w, https:\/\/halleffectkeyboard.com\/wp-content\/uploads\/2026\/04\/9-10-2048x840.jpg 2048w, https:\/\/halleffectkeyboard.com\/wp-content\/uploads\/2026\/04\/9-10-18x7.jpg 18w, https:\/\/halleffectkeyboard.com\/wp-content\/uploads\/2026\/04\/9-10-1200x492.jpg 1200w\" sizes=\"auto, (max-width: 2560px) 100vw, 2560px\" data-no-translation=\"\" \/><\/li>\n<\/ul>\n<h3>Tekniset tiedot<\/h3>\n<ul>\n<li><strong>Paino:<\/strong>\u00a049 g (eritt\u00e4in kevyt)<\/li>\n<li><strong>Anturi:<\/strong>\u00a0PAW3395 (26000 DPI)<\/li>\n<li><strong>Kytkimet:<\/strong>\u00a0Kailh GM 8.0<\/li>\n<li><strong>Yhteys:<\/strong>\u00a02.4G \/ Bluetooth \/ Langallinen<\/li>\n<li><strong>Akku:<\/strong>\u00a0Pitk\u00e4kestoinen akunkesto pidennettyyn pelaamiseen<br \/>\n<img loading=\"lazy\" decoding=\"async\" class=\"alignnone size-full wp-image-5057\" src=\"https:\/\/halleffectkeyboard.com\/wp-content\/uploads\/2026\/04\/8-15-scaled.jpg\" alt=\"ATTACK SHARK X3 Wireless Gaming Mouse\" width=\"2560\" height=\"1049\" srcset=\"https:\/\/halleffectkeyboard.com\/wp-content\/uploads\/2026\/04\/8-15-scaled.jpg 2560w, https:\/\/halleffectkeyboard.com\/wp-content\/uploads\/2026\/04\/8-15-300x123.jpg 300w, https:\/\/halleffectkeyboard.com\/wp-content\/uploads\/2026\/04\/8-15-1024x420.jpg 1024w, https:\/\/halleffectkeyboard.com\/wp-content\/uploads\/2026\/04\/8-15-768x315.jpg 768w, https:\/\/halleffectkeyboard.com\/wp-content\/uploads\/2026\/04\/8-15-1536x630.jpg 1536w, https:\/\/halleffectkeyboard.com\/wp-content\/uploads\/2026\/04\/8-15-2048x840.jpg 2048w, https:\/\/halleffectkeyboard.com\/wp-content\/uploads\/2026\/04\/8-15-18x7.jpg 18w, https:\/\/halleffectkeyboard.com\/wp-content\/uploads\/2026\/04\/8-15-1200x492.jpg 1200w\" sizes=\"auto, (max-width: 2560px) 100vw, 2560px\" data-no-translation=\"\" \/><\/li>\n<\/ul>\n<p><strong>Paketti sis\u00e4lt\u00e4\u00e4:<\/strong> 1 x Attack Shark X3 -pelihiiri 1 x hiiren liukumaton teippisetti (6 osaa) 1 x USB-vastaanotin ja -kaapeli <em>(Huomaa: Hiiri EI sis\u00e4lly erikseen teippisarjaan; t\u00e4m\u00e4 pakkaus sis\u00e4lt\u00e4\u00e4 hiiren ja teippisarjan.)<br \/>\n<img loading=\"lazy\" decoding=\"async\" class=\"alignnone size-full wp-image-5054\" src=\"https:\/\/halleffectkeyboard.com\/wp-content\/uploads\/2026\/04\/5-30-scaled.jpg\" alt=\"ATTACK SHARK X3 Wireless Gaming Mouse\" width=\"2560\" height=\"1049\" srcset=\"https:\/\/halleffectkeyboard.com\/wp-content\/uploads\/2026\/04\/5-30-scaled.jpg 2560w, https:\/\/halleffectkeyboard.com\/wp-content\/uploads\/2026\/04\/5-30-300x123.jpg 300w, https:\/\/halleffectkeyboard.com\/wp-content\/uploads\/2026\/04\/5-30-1024x420.jpg 1024w, https:\/\/halleffectkeyboard.com\/wp-content\/uploads\/2026\/04\/5-30-768x315.jpg 768w, https:\/\/halleffectkeyboard.com\/wp-content\/uploads\/2026\/04\/5-30-1536x630.jpg 1536w, https:\/\/halleffectkeyboard.com\/wp-content\/uploads\/2026\/04\/5-30-2048x840.jpg 2048w, https:\/\/halleffectkeyboard.com\/wp-content\/uploads\/2026\/04\/5-30-18x7.jpg 18w, https:\/\/halleffectkeyboard.com\/wp-content\/uploads\/2026\/04\/5-30-1200x492.jpg 1200w\" sizes=\"auto, (max-width: 2560px) 100vw, 2560px\" data-no-translation=\"\" \/> <img loading=\"lazy\" decoding=\"async\" class=\"alignnone size-full wp-image-5055\" src=\"https:\/\/halleffectkeyboard.com\/wp-content\/uploads\/2026\/04\/6-18-scaled.jpg\" alt=\"ATTACK SHARK X3 Wireless Gaming Mouse\" width=\"2560\" height=\"1049\" srcset=\"https:\/\/halleffectkeyboard.com\/wp-content\/uploads\/2026\/04\/6-18-scaled.jpg 2560w, https:\/\/halleffectkeyboard.com\/wp-content\/uploads\/2026\/04\/6-18-300x123.jpg 300w, https:\/\/halleffectkeyboard.com\/wp-content\/uploads\/2026\/04\/6-18-1024x420.jpg 1024w, https:\/\/halleffectkeyboard.com\/wp-content\/uploads\/2026\/04\/6-18-768x315.jpg 768w, https:\/\/halleffectkeyboard.com\/wp-content\/uploads\/2026\/04\/6-18-1536x630.jpg 1536w, https:\/\/halleffectkeyboard.com\/wp-content\/uploads\/2026\/04\/6-18-2048x840.jpg 2048w, https:\/\/halleffectkeyboard.com\/wp-content\/uploads\/2026\/04\/6-18-18x7.jpg 18w, https:\/\/halleffectkeyboard.com\/wp-content\/uploads\/2026\/04\/6-18-1200x492.jpg 1200w\" sizes=\"auto, (max-width: 2560px) 100vw, 2560px\" data-no-translation=\"\" \/> <img loading=\"lazy\" decoding=\"async\" class=\"alignnone size-full wp-image-5056\" src=\"https:\/\/halleffectkeyboard.com\/wp-content\/uploads\/2026\/04\/7-15-scaled.jpg\" alt=\"ATTACK SHARK X3 Wireless Gaming Mouse\" width=\"2560\" height=\"1049\" srcset=\"https:\/\/halleffectkeyboard.com\/wp-content\/uploads\/2026\/04\/7-15-scaled.jpg 2560w, https:\/\/halleffectkeyboard.com\/wp-content\/uploads\/2026\/04\/7-15-300x123.jpg 300w, https:\/\/halleffectkeyboard.com\/wp-content\/uploads\/2026\/04\/7-15-1024x420.jpg 1024w, https:\/\/halleffectkeyboard.com\/wp-content\/uploads\/2026\/04\/7-15-768x315.jpg 768w, https:\/\/halleffectkeyboard.com\/wp-content\/uploads\/2026\/04\/7-15-1536x630.jpg 1536w, https:\/\/halleffectkeyboard.com\/wp-content\/uploads\/2026\/04\/7-15-2048x840.jpg 2048w, https:\/\/halleffectkeyboard.com\/wp-content\/uploads\/2026\/04\/7-15-18x7.jpg 18w, https:\/\/halleffectkeyboard.com\/wp-content\/uploads\/2026\/04\/7-15-1200x492.jpg 1200w\" sizes=\"auto, (max-width: 2560px) 100vw, 2560px\" data-no-translation=\"\" \/><br \/>\n<\/em><\/p>","protected":false},"excerpt":{"rendered":"<p><strong>Attack Shark X3: The Ultimate 49g Lightweight Wireless Gaming Mouse.<\/strong> Engineered with the flagship PAW3395 sensor and tri-mode connectivity, the X3 delivers pro-grade precision at a budget-friendly price. Experience elite performance, zero lag, and unmatched comfort in every match.<\/p>","protected":false},"featured_media":5031,"comment_status":"open","ping_status":"closed","template":"","meta":[],"product_brand":[411],"product_cat":[331],"product_tag":[499,338,498],"class_list":{"0":"post-5030","1":"product","2":"type-product","3":"status-publish","4":"has-post-thumbnail","6":"product_brand-attack-shark","7":"product_cat-mouse","8":"product_tag-gaming-mouse","9":"product_tag-mouse","10":"product_tag-wireless-mouse","12":"first","13":"instock","14":"taxable","15":"shipping-taxable","16":"purchasable","17":"product-type-variable","18":"wvs-archive-product-wrapper"},"aioseo_notices":[],"ct_brands":[{"id":411,"name":"HY\u00d6KK\u00c4\u00c4V\u00c4 HAI","slug":"attack-shark"}],"jetpack_sharing_enabled":true,"_links":{"self":[{"href":"https:\/\/halleffectkeyboard.com\/fi\/wp-json\/wp\/v2\/product\/5030","targetHints":{"allow":["GET"]}}],"collection":[{"href":"https:\/\/halleffectkeyboard.com\/fi\/wp-json\/wp\/v2\/product"}],"about":[{"href":"https:\/\/halleffectkeyboard.com\/fi\/wp-json\/wp\/v2\/types\/product"}],"replies":[{"embeddable":true,"href":"https:\/\/halleffectkeyboard.com\/fi\/wp-json\/wp\/v2\/comments?post=5030"}],"version-history":[{"count":4,"href":"https:\/\/halleffectkeyboard.com\/fi\/wp-json\/wp\/v2\/product\/5030\/revisions"}],"predecessor-version":[{"id":5060,"href":"https:\/\/halleffectkeyboard.com\/fi\/wp-json\/wp\/v2\/product\/5030\/revisions\/5060"}],"wp:featuredmedia":[{"embeddable":true,"href":"https:\/\/halleffectkeyboard.com\/fi\/wp-json\/wp\/v2\/media\/5031"}],"wp:attachment":[{"href":"https:\/\/halleffectkeyboard.com\/fi\/wp-json\/wp\/v2\/media?parent=5030"}],"wp:term":[{"taxonomy":"product_brand","embeddable":true,"href":"https:\/\/halleffectkeyboard.com\/fi\/wp-json\/wp\/v2\/product_brand?post=5030"},{"taxonomy":"product_cat","embeddable":true,"href":"https:\/\/halleffectkeyboard.com\/fi\/wp-json\/wp\/v2\/product_cat?post=5030"},{"taxonomy":"product_tag","embeddable":true,"href":"https:\/\/halleffectkeyboard.com\/fi\/wp-json\/wp\/v2\/product_tag?post=5030"}],"curies":[{"name":"wp","href":"https:\/\/api.w.org\/{rel}","templated":true}]}}