{"id":4996,"date":"2026-04-29T13:52:35","date_gmt":"2026-04-29T05:52:35","guid":{"rendered":"https:\/\/halleffectkeyboard.com\/?post_type=product&#038;p=4996"},"modified":"2026-04-29T14:47:29","modified_gmt":"2026-04-29T06:47:29","slug":"carbon-fiber-keycaps","status":"publish","type":"product","link":"https:\/\/halleffectkeyboard.com\/fi\/tuote\/carbon-fiber-keycaps\/","title":{"rendered":"Hiilikuituiset n\u00e4pp\u00e4inhatut"},"content":{"rendered":"<h1>Hiilikuituiset n\u00e4pp\u00e4inhatut \u2013 taotut hiilikuituiset kirsikanv\u00e4riset n\u00e4pp\u00e4inhattusetti (119 n\u00e4pp\u00e4int\u00e4)<br \/>\n<img loading=\"lazy\" decoding=\"async\" class=\"alignnone size-full wp-image-5011\" src=\"https:\/\/halleffectkeyboard.com\/wp-content\/uploads\/2026\/04\/5-28-scaled.jpg\" alt=\"Carbon Fiber Keycaps\" width=\"2560\" height=\"1049\" srcset=\"https:\/\/halleffectkeyboard.com\/wp-content\/uploads\/2026\/04\/5-28-scaled.jpg 2560w, https:\/\/halleffectkeyboard.com\/wp-content\/uploads\/2026\/04\/5-28-300x123.jpg 300w, https:\/\/halleffectkeyboard.com\/wp-content\/uploads\/2026\/04\/5-28-1024x420.jpg 1024w, https:\/\/halleffectkeyboard.com\/wp-content\/uploads\/2026\/04\/5-28-768x315.jpg 768w, https:\/\/halleffectkeyboard.com\/wp-content\/uploads\/2026\/04\/5-28-1536x630.jpg 1536w, https:\/\/halleffectkeyboard.com\/wp-content\/uploads\/2026\/04\/5-28-2048x840.jpg 2048w, https:\/\/halleffectkeyboard.com\/wp-content\/uploads\/2026\/04\/5-28-18x7.jpg 18w, https:\/\/halleffectkeyboard.com\/wp-content\/uploads\/2026\/04\/5-28-1200x492.jpg 1200w\" sizes=\"auto, (max-width: 2560px) 100vw, 2560px\" data-no-translation=\"\" \/><\/h1>\n<p>Nosta mekaanisen n\u00e4pp\u00e4imist\u00f6si uudelle tasolle ensiluokkaisilla n\u00e4pp\u00e4imist\u00f6ill\u00e4mme. <strong>Hiilikuituiset n\u00e4pp\u00e4inhatut<\/strong>. Suunniteltu sek\u00e4 tyyli\u00e4 ett\u00e4 sis\u00e4lt\u00f6\u00e4 vaativille harrastajille. <strong>119-n\u00e4pp\u00e4iminen n\u00e4pp\u00e4imist\u00f6<\/strong> setiss\u00e4 on silmiinpist\u00e4v\u00e4 taotun hiilikuidun estetiikka, joka muuttaa ty\u00f6tilasi tyylikk\u00e4\u00e4ksi ja ammattimaiseksi komentokeskukseksi.<\/p>\n<h3>Ensiluokkainen rakenne ja huomaamaton estetiikka<br \/>\n<img loading=\"lazy\" decoding=\"async\" class=\"alignnone size-full wp-image-5007\" src=\"https:\/\/halleffectkeyboard.com\/wp-content\/uploads\/2026\/04\/1-31-scaled.jpg\" alt=\"Carbon Fiber Keycaps\" width=\"2560\" height=\"1049\" srcset=\"https:\/\/halleffectkeyboard.com\/wp-content\/uploads\/2026\/04\/1-31-scaled.jpg 2560w, https:\/\/halleffectkeyboard.com\/wp-content\/uploads\/2026\/04\/1-31-300x123.jpg 300w, https:\/\/halleffectkeyboard.com\/wp-content\/uploads\/2026\/04\/1-31-1024x420.jpg 1024w, https:\/\/halleffectkeyboard.com\/wp-content\/uploads\/2026\/04\/1-31-768x315.jpg 768w, https:\/\/halleffectkeyboard.com\/wp-content\/uploads\/2026\/04\/1-31-1536x630.jpg 1536w, https:\/\/halleffectkeyboard.com\/wp-content\/uploads\/2026\/04\/1-31-2048x840.jpg 2048w, https:\/\/halleffectkeyboard.com\/wp-content\/uploads\/2026\/04\/1-31-18x7.jpg 18w, https:\/\/halleffectkeyboard.com\/wp-content\/uploads\/2026\/04\/1-31-1200x492.jpg 1200w\" sizes=\"auto, (max-width: 2560px) 100vw, 2560px\" data-no-translation=\"\" \/><\/h3>\n<p>N\u00e4m\u00e4 on valmistettu patentoidusta hiilikuituisesta PC-materiaalista. <strong>Mustat n\u00e4pp\u00e4inhatut<\/strong> tarjoavat poikkeuksellisen rakenteellisen eheyden ja iskunkest\u00e4vyyden. Ainutlaatuinen taottu hiilikuituinen viimeistely tarjoaa hienovaraisen ja miellytt\u00e4v\u00e4n tekstuurin, joka parantaa otetta ja tarjoaa ensiluokkaisen tuntokokemuksen jokaisella n\u00e4pp\u00e4inpainalluksella. Sivulle painetut tekstit kest\u00e4v\u00e4t kulumista ja haalistumista, joten n\u00e4pp\u00e4imist\u00f6si s\u00e4ilytt\u00e4\u00e4 puhtaan, huomaamattoman ja minimalistisen ulkon\u00e4k\u00f6ns\u00e4 ajan my\u00f6t\u00e4.<br \/>\n<img loading=\"lazy\" decoding=\"async\" class=\"alignnone size-full wp-image-5008\" src=\"https:\/\/halleffectkeyboard.com\/wp-content\/uploads\/2026\/04\/2-27-scaled.jpg\" alt=\"Carbon Fiber Keycaps\" width=\"2560\" height=\"1049\" srcset=\"https:\/\/halleffectkeyboard.com\/wp-content\/uploads\/2026\/04\/2-27-scaled.jpg 2560w, https:\/\/halleffectkeyboard.com\/wp-content\/uploads\/2026\/04\/2-27-300x123.jpg 300w, https:\/\/halleffectkeyboard.com\/wp-content\/uploads\/2026\/04\/2-27-1024x420.jpg 1024w, https:\/\/halleffectkeyboard.com\/wp-content\/uploads\/2026\/04\/2-27-768x315.jpg 768w, https:\/\/halleffectkeyboard.com\/wp-content\/uploads\/2026\/04\/2-27-1536x630.jpg 1536w, https:\/\/halleffectkeyboard.com\/wp-content\/uploads\/2026\/04\/2-27-2048x840.jpg 2048w, https:\/\/halleffectkeyboard.com\/wp-content\/uploads\/2026\/04\/2-27-18x7.jpg 18w, https:\/\/halleffectkeyboard.com\/wp-content\/uploads\/2026\/04\/2-27-1200x492.jpg 1200w\" sizes=\"auto, (max-width: 2560px) 100vw, 2560px\" data-no-translation=\"\" \/><\/p>\n<h3>Ergonominen muotoilu huippusuorituskykyyn<\/h3>\n<p>Koe \u00e4\u00e4rimm\u00e4ist\u00e4 mukavuutta meid\u00e4n <strong>Taotut hiilikuituiset kirsikkaprofiilin n\u00e4pp\u00e4inhatut<\/strong>. Klassinen Cherry-profiili on ergonomisesti muotoiltu v\u00e4hent\u00e4m\u00e4\u00e4n sormien v\u00e4symist\u00e4, joten se on t\u00e4ydellinen valinta pitkiin pelisessioihin tai vaativiin kirjoitusteht\u00e4viin.<br \/>\n<img loading=\"lazy\" decoding=\"async\" class=\"alignnone size-full wp-image-5010\" src=\"https:\/\/halleffectkeyboard.com\/wp-content\/uploads\/2026\/04\/4-28-scaled.jpg\" alt=\"Carbon Fiber Keycaps\" width=\"2560\" height=\"1049\" srcset=\"https:\/\/halleffectkeyboard.com\/wp-content\/uploads\/2026\/04\/4-28-scaled.jpg 2560w, https:\/\/halleffectkeyboard.com\/wp-content\/uploads\/2026\/04\/4-28-300x123.jpg 300w, https:\/\/halleffectkeyboard.com\/wp-content\/uploads\/2026\/04\/4-28-1024x420.jpg 1024w, https:\/\/halleffectkeyboard.com\/wp-content\/uploads\/2026\/04\/4-28-768x315.jpg 768w, https:\/\/halleffectkeyboard.com\/wp-content\/uploads\/2026\/04\/4-28-1536x630.jpg 1536w, https:\/\/halleffectkeyboard.com\/wp-content\/uploads\/2026\/04\/4-28-2048x840.jpg 2048w, https:\/\/halleffectkeyboard.com\/wp-content\/uploads\/2026\/04\/4-28-18x7.jpg 18w, https:\/\/halleffectkeyboard.com\/wp-content\/uploads\/2026\/04\/4-28-1200x492.jpg 1200w\" sizes=\"auto, (max-width: 2560px) 100vw, 2560px\" data-no-translation=\"\" \/><\/p>\n<h3>Yleinen yhteensopivuus<\/h3>\n<p>T\u00e4m\u00e4 monipuolinen <strong>119-n\u00e4pp\u00e4imisen n\u00e4pp\u00e4imist\u00f6n n\u00e4pp\u00e4inhattuyhteensopivuus ANSI Layout MX Switches -mekaanisen n\u00e4pp\u00e4imist\u00f6n kanssa<\/strong> takaa saumattoman p\u00e4ivityksen useimmille kokoonpanoille. Sarja sis\u00e4lt\u00e4\u00e4 104 vakion\u00e4pp\u00e4int\u00e4 ja 15 lis\u00e4n\u00e4pp\u00e4int\u00e4, jotka tarjoavat t\u00e4yden tuen 60%-, 61%-, 68%-, 75%-, 87%-, 98%- ja 104-n\u00e4pp\u00e4imisen mekaanisen n\u00e4pp\u00e4imist\u00f6n n\u00e4pp\u00e4imist\u00f6ille, joissa on MX-varsikytkimet (ristinmuotoiset kytkimet).<br \/>\n<img loading=\"lazy\" decoding=\"async\" class=\"alignnone size-full wp-image-5018\" src=\"https:\/\/halleffectkeyboard.com\/wp-content\/uploads\/2026\/04\/8-14-scaled.jpg\" alt=\"Carbon Fiber Keycaps\" width=\"2560\" height=\"1049\" srcset=\"https:\/\/halleffectkeyboard.com\/wp-content\/uploads\/2026\/04\/8-14-scaled.jpg 2560w, https:\/\/halleffectkeyboard.com\/wp-content\/uploads\/2026\/04\/8-14-300x123.jpg 300w, https:\/\/halleffectkeyboard.com\/wp-content\/uploads\/2026\/04\/8-14-1024x420.jpg 1024w, https:\/\/halleffectkeyboard.com\/wp-content\/uploads\/2026\/04\/8-14-768x315.jpg 768w, https:\/\/halleffectkeyboard.com\/wp-content\/uploads\/2026\/04\/8-14-1536x630.jpg 1536w, https:\/\/halleffectkeyboard.com\/wp-content\/uploads\/2026\/04\/8-14-2048x840.jpg 2048w, https:\/\/halleffectkeyboard.com\/wp-content\/uploads\/2026\/04\/8-14-18x7.jpg 18w, https:\/\/halleffectkeyboard.com\/wp-content\/uploads\/2026\/04\/8-14-1200x492.jpg 1200w\" sizes=\"auto, (max-width: 2560px) 100vw, 2560px\" data-no-translation=\"\" \/><\/p>\n<h3>Mit\u00e4 laatikossa on?<\/h3>\n<ul>\n<li><strong>119 x hiilikuituiset n\u00e4pp\u00e4inhatut<\/strong><\/li>\n<li><strong>Ensiluokkainen s\u00e4ilytyslaatikko:<\/strong>\u00a0Pid\u00e4 ylim\u00e4\u00e4r\u00e4iset tai k\u00e4ytt\u00e4m\u00e4tt\u00f6m\u00e4t n\u00e4pp\u00e4inhattusi j\u00e4rjestyksess\u00e4 ja suojattuina tulevina vuosina.<\/li>\n<li><em>Huomautus: images-mallissa esitetty n\u00e4pp\u00e4imist\u00f6 on vain esittelytarkoituksiin eik\u00e4 se sis\u00e4lly toimitukseen.<br \/>\n<img loading=\"lazy\" decoding=\"async\" class=\"alignnone size-full wp-image-5009\" src=\"https:\/\/halleffectkeyboard.com\/wp-content\/uploads\/2026\/04\/3-27-scaled.jpg\" alt=\"Carbon Fiber Keycaps\" width=\"2560\" height=\"1049\" srcset=\"https:\/\/halleffectkeyboard.com\/wp-content\/uploads\/2026\/04\/3-27-scaled.jpg 2560w, https:\/\/halleffectkeyboard.com\/wp-content\/uploads\/2026\/04\/3-27-300x123.jpg 300w, https:\/\/halleffectkeyboard.com\/wp-content\/uploads\/2026\/04\/3-27-1024x420.jpg 1024w, https:\/\/halleffectkeyboard.com\/wp-content\/uploads\/2026\/04\/3-27-768x315.jpg 768w, https:\/\/halleffectkeyboard.com\/wp-content\/uploads\/2026\/04\/3-27-1536x630.jpg 1536w, https:\/\/halleffectkeyboard.com\/wp-content\/uploads\/2026\/04\/3-27-2048x840.jpg 2048w, https:\/\/halleffectkeyboard.com\/wp-content\/uploads\/2026\/04\/3-27-18x7.jpg 18w, https:\/\/halleffectkeyboard.com\/wp-content\/uploads\/2026\/04\/3-27-1200x492.jpg 1200w\" sizes=\"auto, (max-width: 2560px) 100vw, 2560px\" data-no-translation=\"\" \/><br \/>\n<\/em><\/li>\n<\/ul>\n<hr \/>\n<h3>T\u00e4rkeimpien ominaisuuksien yhteenveto:<\/h3>\n<ul>\n<li><strong>Materiaali:<\/strong>\u00a0Eritt\u00e4in kest\u00e4v\u00e4 hiilikuituinen PC-sekoitus.<\/li>\n<li><strong>Profiili:<\/strong>\u00a0Ergonominen kirsikkaprofiili.<\/li>\n<li><strong>Design:<\/strong>\u00a0Taottu hiilikuituinen estetiikka sivupainatetuilla legendoilla.<\/li>\n<li><strong>Layout:<\/strong>\u00a0119-n\u00e4pp\u00e4iminen sarja (ANSI-asettelun tuki).<\/li>\n<li><strong>Yhteensopivuus:<\/strong>\u00a0Sopii useimpiin MX-stem-mekaanisiin n\u00e4pp\u00e4imist\u00f6ihin (asettelut 60% - 104%).<\/li>\n<\/ul>\n<p><strong>P\u00e4ivit\u00e4 kirjoituskokemuksesi t\u00e4n\u00e4\u00e4n t\u00e4ydellisell\u00e4 yhdistelm\u00e4ll\u00e4 kest\u00e4vyytt\u00e4 ja huippuluokan muotoilua.<\/p>\n<p><\/strong><\/p>","protected":false},"excerpt":{"rendered":"<p>Paranna mekaanista n\u00e4pp\u00e4imist\u00f6\u00e4si 119-n\u00e4pp\u00e4imisen hiilikuitun\u00e4pp\u00e4imist\u00f6setin avulla. Ensiluokkaisesta taotusta hiilikuituj\u00e4ljitelm\u00e4st\u00e4, kest\u00e4v\u00e4st\u00e4 hiilikuituisella PC-materiaalilla ja ergonomisella Cherry-profiililla varustetut n\u00e4pp\u00e4inhatut tarjoavat tyylikk\u00e4\u00e4n, huomaamattoman estetiikan ja erinomaisen tuntuman mihin tahansa ANSI-asettelun omaavaan MX-kytkinn\u00e4pp\u00e4imist\u00f6\u00f6n.<\/p>","protected":false},"featured_media":5000,"comment_status":"open","ping_status":"closed","template":"","meta":[],"product_brand":[191],"product_cat":[134],"product_tag":[273,136],"class_list":{"0":"post-4996","1":"product","2":"type-product","3":"status-publish","4":"has-post-thumbnail","6":"product_brand-hek","7":"product_cat-keycaps","8":"product_tag-carbon-fiber-keycaps","9":"product_tag-keycaps","11":"first","12":"instock","13":"taxable","14":"shipping-taxable","15":"purchasable","16":"product-type-variable","17":"wvs-archive-product-wrapper"},"aioseo_notices":[],"ct_brands":[{"id":191,"name":"HEK","slug":"hek"}],"jetpack_sharing_enabled":true,"_links":{"self":[{"href":"https:\/\/halleffectkeyboard.com\/fi\/wp-json\/wp\/v2\/product\/4996","targetHints":{"allow":["GET"]}}],"collection":[{"href":"https:\/\/halleffectkeyboard.com\/fi\/wp-json\/wp\/v2\/product"}],"about":[{"href":"https:\/\/halleffectkeyboard.com\/fi\/wp-json\/wp\/v2\/types\/product"}],"replies":[{"embeddable":true,"href":"https:\/\/halleffectkeyboard.com\/fi\/wp-json\/wp\/v2\/comments?post=4996"}],"version-history":[{"count":4,"href":"https:\/\/halleffectkeyboard.com\/fi\/wp-json\/wp\/v2\/product\/4996\/revisions"}],"predecessor-version":[{"id":5019,"href":"https:\/\/halleffectkeyboard.com\/fi\/wp-json\/wp\/v2\/product\/4996\/revisions\/5019"}],"wp:featuredmedia":[{"embeddable":true,"href":"https:\/\/halleffectkeyboard.com\/fi\/wp-json\/wp\/v2\/media\/5000"}],"wp:attachment":[{"href":"https:\/\/halleffectkeyboard.com\/fi\/wp-json\/wp\/v2\/media?parent=4996"}],"wp:term":[{"taxonomy":"product_brand","embeddable":true,"href":"https:\/\/halleffectkeyboard.com\/fi\/wp-json\/wp\/v2\/product_brand?post=4996"},{"taxonomy":"product_cat","embeddable":true,"href":"https:\/\/halleffectkeyboard.com\/fi\/wp-json\/wp\/v2\/product_cat?post=4996"},{"taxonomy":"product_tag","embeddable":true,"href":"https:\/\/halleffectkeyboard.com\/fi\/wp-json\/wp\/v2\/product_tag?post=4996"}],"curies":[{"name":"wp","href":"https:\/\/api.w.org\/{rel}","templated":true}]}}