{"id":4320,"date":"2026-04-17T16:46:59","date_gmt":"2026-04-17T08:46:59","guid":{"rendered":"https:\/\/halleffectkeyboard.com\/"},"modified":"2026-04-17T17:16:45","modified_gmt":"2026-04-17T09:16:45","slug":"madlions-mad-light-60-quattro","status":"publish","type":"product","link":"https:\/\/halleffectkeyboard.com\/fi\/product\/madlions-mad-light-60-quattro\/","title":{"rendered":"MADLIONS MAD Light 60 Quattro"},"content":{"rendered":"<h2>MADLIONS MAD Light 60 Quattro \u2014 Huippuluokan 60-prosenttisen Hall-efektin pelin\u00e4pp\u00e4imist\u00f6<\/h2>\n<p>Koe seuraava suorituskyvyn taso tuotteella <strong>MADLIONS MAD Light 60 Quattro<\/strong> \u2014 ensiluokkainen r\u00e4\u00e4t\u00e4l\u00f6ity n\u00e4pp\u00e4imist\u00f6, joka on suunniteltu pelaajille ja harrastajille, jotka vaativat nopeutta, tarkkuutta ja tyyli\u00e4. T\u00e4m\u00e4 <strong>60 n\u00e4pp\u00e4imist\u00f6\u00e4<\/strong> yhdist\u00e4\u00e4 huipputeknologian upeaan estetiikkaan, mik\u00e4 tekee siit\u00e4 parhaan Hall-efektin\u00e4pp\u00e4imist\u00f6n kilpailupelaamiseen ja p\u00e4ivitt\u00e4iseen k\u00e4ytt\u00f6\u00f6n.<\/p>\n<h3>T\u00e4rkeimm\u00e4t ominaisuudet<\/h3>\n<ul>\n<li><strong>Kristallinvalkoinen ja j\u00e4\u00e4npunainen v\u00e4rit:<\/strong>\u00a0Valitse tyylisi kahdella s\u00e4teilev\u00e4ll\u00e4 viimeistelyll\u00e4, jotka molemmat on valmistettu edistyneell\u00e4 elektroforeesilla kest\u00e4v\u00e4n ja ylellisen ilmeen saavuttamiseksi.<\/li>\n<li><strong>Hall-ilmi\u00f6\u00f6n perustuvat magneettikytkimet:<\/strong>\u00a0Koe huippunopea k\u00e4ytt\u00f6 kristallimagneettisilla kytkimill\u00e4, joiden s\u00e4\u00e4dett\u00e4v\u00e4 k\u00e4ytt\u00f6alue (RT) on 0,005 mm - 3,0 mm ja askeleen tarkkuus 0,005 mm. T\u00e4ydellinen niille, jotka etsiv\u00e4t parasta magneettisen n\u00e4pp\u00e4imist\u00f6n suorituskyky\u00e4.<\/li>\n<li><strong>Salamannopea vaste:<\/strong>\u00a0Nauti nopeasta 0,08 ms:n vasteajasta, 512k skannausnopeudesta ja alan johtavasta 8000 Hz:n kyselynopeudesta ly\u00f6m\u00e4tt\u00f6m\u00e4n nopeuden saavuttamiseksi jokaisessa peliss\u00e4.<\/li>\n<li><strong>Kristallilasikuvun n\u00e4pp\u00e4inhatut:<\/strong>\u00a0Ainutlaatuiset vedenkirkkaat kupun\u00e4pp\u00e4imist\u00f6t tarjoavat tuntuman ja eloisan RGB-valaistuksen.<\/li>\n<li><strong>Ensiluokkainen rakenne:<\/strong>\u00a0Alumiiniseoksesta valmistettu asemointilevy, silikoniv\u00e4likerros, kytkinalustat ja PET-t\u00e4yte parantavat \u00e4\u00e4nenvaimennusta ja takaavat vankan kirjoituskokemuksen.<\/li>\n<li><strong>Mukautettava RGB-taustavalo:<\/strong>\u00a016 miljoonan v\u00e4rin RGB-valaistus nelj\u00e4ll\u00e4 erillisell\u00e4 LED-asennolla, mik\u00e4 mahdollistaa t\u00e4yden personoinnin.<\/li>\n<li><strong>S\u00e4\u00e4dett\u00e4v\u00e4 kuollut alue:<\/strong>\u00a0Hienos\u00e4\u00e4d\u00e4 kuollut alue nollaan maksimaalisen hallinnan saavuttamiseksi, mik\u00e4 sopii erinomaisesti FPS-peleihin ja nopeatempoisiin peleihin.<\/li>\n<li><strong>Verkkopohjainen mukautettu ohjain:<\/strong>\u00a0M\u00e4\u00e4rit\u00e4 n\u00e4pp\u00e4imist\u00f6si helposti omalla verkkoajurilla.<\/li>\n<li><strong>Langallinen yhteys:<\/strong>\u00a0Vakaa ja viiveet\u00f6n langallinen yhteys ammattimaisiin peliymp\u00e4rist\u00f6ihin.<\/li>\n<\/ul>\n<h3>Miksi valita MAD Light 60 Quattro?<\/h3>\n<ul>\n<li><strong>60 prosentin n\u00e4pp\u00e4imist\u00f6asettelu:<\/strong>\u00a0Kompakti muotoilu ja oletusasetuksilla varustettu kotin\u00e4pp\u00e4in \u2013 t\u00e4ydellinen minimalistisiin asetelmiin ja tehokkaaseen pelaamiseen.<\/li>\n<li><strong>Paras Hall-efektin\u00e4pp\u00e4imist\u00f6:<\/strong>\u00a0Magneettiset kytkimet tarjoavat vertaansa vailla olevaa kest\u00e4vyytt\u00e4 ja tarkkuutta, jotka p\u00e4ihitt\u00e4v\u00e4t perinteiset mekaaniset n\u00e4pp\u00e4imist\u00f6t.<\/li>\n<li><strong>Mukautettu n\u00e4pp\u00e4imist\u00f6 pelaamiseen:<\/strong>\u00a0Pelaajille r\u00e4\u00e4t\u00e4l\u00f6ityj\u00e4 ominaisuuksia, kuten s\u00e4\u00e4dett\u00e4v\u00e4 k\u00e4ytt\u00f6, RGB-valaistus ja nopea kyselynopeus.<\/li>\n<li><strong>Ihanteellinen kaikille k\u00e4ytt\u00e4jille:<\/strong>\u00a0Etsitp\u00e4 sitten 60-pelin\u00e4pp\u00e4imist\u00f6\u00e4, r\u00e4\u00e4t\u00e4l\u00f6ity\u00e4 n\u00e4pp\u00e4imist\u00f6\u00e4 ty\u00f6k\u00e4ytt\u00f6\u00f6n tai parasta Hall-efektin\u00e4pp\u00e4imist\u00f6\u00e4 e-urheiluun, MAD Light 60 Quattro on paras valintasi.<\/li>\n<\/ul>\n<h3>Tekniset tiedot<\/h3>\n<ul>\n<li><strong>V\u00e4rit:<\/strong>\u00a0Kristallinvalkoinen, j\u00e4\u00e4npunainen<\/li>\n<li><strong>Simpukankuoriveistos:<\/strong>\u00a0Elektroforeesi<\/li>\n<li><strong>Kytkimen tyyppi:<\/strong>\u00a0Kristallimagneettinen Hall-ilmi\u00f6<\/li>\n<li><strong>RT-s\u00e4\u00e4t\u00f6alue:<\/strong>\u00a00,005\u20133,0 mm<\/li>\n<li><strong>RT-askeleen tarkkuus:<\/strong>\u00a00,005 mm<\/li>\n<li><strong>Viivevaste:<\/strong>\u00a00,08 ms<\/li>\n<li><strong>Skannausnopeus:<\/strong>\u00a0512k<\/li>\n<li><strong>\u00c4\u00e4nestysprosentti:<\/strong>\u00a08000 Hz<\/li>\n<li><strong>N\u00e4pp\u00e4inhatut:<\/strong>\u00a0Kristalli kupoli<\/li>\n<li><strong>Sis\u00e4inen t\u00e4ytt\u00f6:<\/strong>\u00a0Silikonikerros + kytkinlevy + PET<\/li>\n<li><strong>Paikannuslevy:<\/strong>\u00a0Alumiiniseos<\/li>\n<li><strong>Taustavalo:<\/strong>\u00a016 miljoonaa RGB-v\u00e4ri\u00e4<\/li>\n<li><strong>Kuollut alue:<\/strong>\u00a0S\u00e4\u00e4dett\u00e4viss\u00e4 nollaan<\/li>\n<li><strong>LED-valojen sijainnit:<\/strong>\u00a04<\/li>\n<li><strong>Kuljettaja:<\/strong>\u00a0Verkko-osio<\/li>\n<li><strong>Yhteys:<\/strong>\u00a0Langallinen<\/li>\n<li><img loading=\"lazy\" decoding=\"async\" class=\"alignnone size-full wp-image-4335\" src=\"https:\/\/halleffectkeyboard.com\/wp-content\/uploads\/2026\/04\/55-1.jpg\" alt=\"MADLIONS MAD Light 60 Quattro\" width=\"2083\" height=\"1819\" srcset=\"https:\/\/halleffectkeyboard.com\/wp-content\/uploads\/2026\/04\/55-1.jpg 2083w, https:\/\/halleffectkeyboard.com\/wp-content\/uploads\/2026\/04\/55-1-300x262.jpg 300w, https:\/\/halleffectkeyboard.com\/wp-content\/uploads\/2026\/04\/55-1-1024x894.jpg 1024w, https:\/\/halleffectkeyboard.com\/wp-content\/uploads\/2026\/04\/55-1-768x671.jpg 768w, https:\/\/halleffectkeyboard.com\/wp-content\/uploads\/2026\/04\/55-1-1536x1341.jpg 1536w, https:\/\/halleffectkeyboard.com\/wp-content\/uploads\/2026\/04\/55-1-2048x1788.jpg 2048w, https:\/\/halleffectkeyboard.com\/wp-content\/uploads\/2026\/04\/55-1-14x12.jpg 14w, https:\/\/halleffectkeyboard.com\/wp-content\/uploads\/2026\/04\/55-1-1200x1048.jpg 1200w\" sizes=\"auto, (max-width: 2083px) 100vw, 2083px\" \/> <img loading=\"lazy\" decoding=\"async\" class=\"alignnone size-full wp-image-4334\" src=\"https:\/\/halleffectkeyboard.com\/wp-content\/uploads\/2026\/04\/33-2.jpg\" alt=\"MADLIONS MAD Light 60 Quattro\" width=\"2083\" height=\"1819\" srcset=\"https:\/\/halleffectkeyboard.com\/wp-content\/uploads\/2026\/04\/33-2.jpg 2083w, https:\/\/halleffectkeyboard.com\/wp-content\/uploads\/2026\/04\/33-2-300x262.jpg 300w, https:\/\/halleffectkeyboard.com\/wp-content\/uploads\/2026\/04\/33-2-1024x894.jpg 1024w, https:\/\/halleffectkeyboard.com\/wp-content\/uploads\/2026\/04\/33-2-768x671.jpg 768w, https:\/\/halleffectkeyboard.com\/wp-content\/uploads\/2026\/04\/33-2-1536x1341.jpg 1536w, https:\/\/halleffectkeyboard.com\/wp-content\/uploads\/2026\/04\/33-2-2048x1788.jpg 2048w, https:\/\/halleffectkeyboard.com\/wp-content\/uploads\/2026\/04\/33-2-14x12.jpg 14w, https:\/\/halleffectkeyboard.com\/wp-content\/uploads\/2026\/04\/33-2-1200x1048.jpg 1200w\" sizes=\"auto, (max-width: 2083px) 100vw, 2083px\" \/> <img loading=\"lazy\" decoding=\"async\" class=\"alignnone size-full wp-image-4333\" src=\"https:\/\/halleffectkeyboard.com\/wp-content\/uploads\/2026\/04\/22-2.jpg\" alt=\"MADLIONS MAD Light 60 Quattro\" width=\"2083\" height=\"2089\" srcset=\"https:\/\/halleffectkeyboard.com\/wp-content\/uploads\/2026\/04\/22-2.jpg 2083w, https:\/\/halleffectkeyboard.com\/wp-content\/uploads\/2026\/04\/22-2-300x300.jpg 300w, https:\/\/halleffectkeyboard.com\/wp-content\/uploads\/2026\/04\/22-2-1021x1024.jpg 1021w, https:\/\/halleffectkeyboard.com\/wp-content\/uploads\/2026\/04\/22-2-150x150.jpg 150w, https:\/\/halleffectkeyboard.com\/wp-content\/uploads\/2026\/04\/22-2-768x770.jpg 768w, https:\/\/halleffectkeyboard.com\/wp-content\/uploads\/2026\/04\/22-2-1532x1536.jpg 1532w, https:\/\/halleffectkeyboard.com\/wp-content\/uploads\/2026\/04\/22-2-2042x2048.jpg 2042w, https:\/\/halleffectkeyboard.com\/wp-content\/uploads\/2026\/04\/22-2-12x12.jpg 12w, https:\/\/halleffectkeyboard.com\/wp-content\/uploads\/2026\/04\/22-2-1200x1203.jpg 1200w, https:\/\/halleffectkeyboard.com\/wp-content\/uploads\/2026\/04\/22-2-100x100.jpg 100w, https:\/\/halleffectkeyboard.com\/wp-content\/uploads\/2026\/04\/22-2-50x50.jpg 50w\" sizes=\"auto, (max-width: 2083px) 100vw, 2083px\" \/> <img loading=\"lazy\" decoding=\"async\" class=\"alignnone size-full wp-image-4332\" src=\"https:\/\/halleffectkeyboard.com\/wp-content\/uploads\/2026\/04\/1-9.jpg\" alt=\"MADLIONS MAD Light 60 Quattro\" width=\"2083\" height=\"2087\" srcset=\"https:\/\/halleffectkeyboard.com\/wp-content\/uploads\/2026\/04\/1-9.jpg 2083w, https:\/\/halleffectkeyboard.com\/wp-content\/uploads\/2026\/04\/1-9-300x300.jpg 300w, https:\/\/halleffectkeyboard.com\/wp-content\/uploads\/2026\/04\/1-9-1022x1024.jpg 1022w, https:\/\/halleffectkeyboard.com\/wp-content\/uploads\/2026\/04\/1-9-150x150.jpg 150w, https:\/\/halleffectkeyboard.com\/wp-content\/uploads\/2026\/04\/1-9-768x769.jpg 768w, https:\/\/halleffectkeyboard.com\/wp-content\/uploads\/2026\/04\/1-9-1533x1536.jpg 1533w, https:\/\/halleffectkeyboard.com\/wp-content\/uploads\/2026\/04\/1-9-2044x2048.jpg 2044w, https:\/\/halleffectkeyboard.com\/wp-content\/uploads\/2026\/04\/1-9-12x12.jpg 12w, https:\/\/halleffectkeyboard.com\/wp-content\/uploads\/2026\/04\/1-9-1200x1202.jpg 1200w, https:\/\/halleffectkeyboard.com\/wp-content\/uploads\/2026\/04\/1-9-100x100.jpg 100w, https:\/\/halleffectkeyboard.com\/wp-content\/uploads\/2026\/04\/1-9-50x50.jpg 50w\" sizes=\"auto, (max-width: 2083px) 100vw, 2083px\" \/><img loading=\"lazy\" decoding=\"async\" class=\"alignnone size-full wp-image-4340\" src=\"https:\/\/halleffectkeyboard.com\/wp-content\/uploads\/2026\/04\/\u753b\u677f-1.jpg\" alt=\"MADLIONS MAD Light 60 Quattro\" width=\"1440\" height=\"1440\" srcset=\"https:\/\/halleffectkeyboard.com\/wp-content\/uploads\/2026\/04\/\u753b\u677f-1.jpg 1440w, https:\/\/halleffectkeyboard.com\/wp-content\/uploads\/2026\/04\/\u753b\u677f-1-300x300.jpg 300w, https:\/\/halleffectkeyboard.com\/wp-content\/uploads\/2026\/04\/\u753b\u677f-1-1024x1024.jpg 1024w, https:\/\/halleffectkeyboard.com\/wp-content\/uploads\/2026\/04\/\u753b\u677f-1-150x150.jpg 150w, https:\/\/halleffectkeyboard.com\/wp-content\/uploads\/2026\/04\/\u753b\u677f-1-768x768.jpg 768w, https:\/\/halleffectkeyboard.com\/wp-content\/uploads\/2026\/04\/\u753b\u677f-1-12x12.jpg 12w, https:\/\/halleffectkeyboard.com\/wp-content\/uploads\/2026\/04\/\u753b\u677f-1-1200x1200.jpg 1200w, https:\/\/halleffectkeyboard.com\/wp-content\/uploads\/2026\/04\/\u753b\u677f-1-100x100.jpg 100w, https:\/\/halleffectkeyboard.com\/wp-content\/uploads\/2026\/04\/\u753b\u677f-1-50x50.jpg 50w\" sizes=\"auto, (max-width: 1440px) 100vw, 1440px\" \/> <img loading=\"lazy\" decoding=\"async\" class=\"alignnone size-full wp-image-4341\" src=\"https:\/\/halleffectkeyboard.com\/wp-content\/uploads\/2026\/04\/\u753b\u677f-1-2.jpg\" alt=\"MADLIONS MAD Light 60 Quattro\" width=\"1440\" height=\"1440\" srcset=\"https:\/\/halleffectkeyboard.com\/wp-content\/uploads\/2026\/04\/\u753b\u677f-1-2.jpg 1440w, https:\/\/halleffectkeyboard.com\/wp-content\/uploads\/2026\/04\/\u753b\u677f-1-2-300x300.jpg 300w, https:\/\/halleffectkeyboard.com\/wp-content\/uploads\/2026\/04\/\u753b\u677f-1-2-1024x1024.jpg 1024w, https:\/\/halleffectkeyboard.com\/wp-content\/uploads\/2026\/04\/\u753b\u677f-1-2-150x150.jpg 150w, https:\/\/halleffectkeyboard.com\/wp-content\/uploads\/2026\/04\/\u753b\u677f-1-2-768x768.jpg 768w, https:\/\/halleffectkeyboard.com\/wp-content\/uploads\/2026\/04\/\u753b\u677f-1-2-12x12.jpg 12w, https:\/\/halleffectkeyboard.com\/wp-content\/uploads\/2026\/04\/\u753b\u677f-1-2-1200x1200.jpg 1200w, https:\/\/halleffectkeyboard.com\/wp-content\/uploads\/2026\/04\/\u753b\u677f-1-2-100x100.jpg 100w, https:\/\/halleffectkeyboard.com\/wp-content\/uploads\/2026\/04\/\u753b\u677f-1-2-50x50.jpg 50w\" sizes=\"auto, (max-width: 1440px) 100vw, 1440px\" \/> <img loading=\"lazy\" decoding=\"async\" class=\"alignnone size-full wp-image-4342\" src=\"https:\/\/halleffectkeyboard.com\/wp-content\/uploads\/2026\/04\/66-1.jpg\" alt=\"MADLIONS MAD Light 60 Quattro\" width=\"2083\" height=\"1668\" srcset=\"https:\/\/halleffectkeyboard.com\/wp-content\/uploads\/2026\/04\/66-1.jpg 2083w, https:\/\/halleffectkeyboard.com\/wp-content\/uploads\/2026\/04\/66-1-300x240.jpg 300w, https:\/\/halleffectkeyboard.com\/wp-content\/uploads\/2026\/04\/66-1-1024x820.jpg 1024w, https:\/\/halleffectkeyboard.com\/wp-content\/uploads\/2026\/04\/66-1-768x615.jpg 768w, https:\/\/halleffectkeyboard.com\/wp-content\/uploads\/2026\/04\/66-1-1536x1230.jpg 1536w, https:\/\/halleffectkeyboard.com\/wp-content\/uploads\/2026\/04\/66-1-2048x1640.jpg 2048w, https:\/\/halleffectkeyboard.com\/wp-content\/uploads\/2026\/04\/66-1-15x12.jpg 15w, https:\/\/halleffectkeyboard.com\/wp-content\/uploads\/2026\/04\/66-1-1200x961.jpg 1200w\" sizes=\"auto, (max-width: 2083px) 100vw, 2083px\" \/><\/li>\n<\/ul>","protected":false},"excerpt":{"rendered":"<p>Nosta pelaamisesi uudelle tasolle t\u00e4ll\u00e4 <strong>MADLIONS MAD Light 60 Quattro<\/strong>, ensiluokkainen 60%-pelin\u00e4pp\u00e4imist\u00f6. Crystal Hall -ilmi\u00f6ll\u00e4 varustetuilla magneettikytkimill\u00e4 varustettu n\u00e4pp\u00e4imist\u00f6 tarjoaa viiveett\u00f6m\u00e4n suorituskyvyn ja \u00e4\u00e4rimm\u00e4isen tarkkuuden kilpapelaajille.<\/p>\n<ul>\n<li><strong>Eritt\u00e4in nopea nopeus:<\/strong>\u00a08000 Hz:n kyselytaajuus ja salamannopea 0,08 ms:n vasteaika.<\/li>\n<li><strong>\u00c4\u00e4rimm\u00e4inen tarkkuus:<\/strong>\u00a0T\u00e4ysin s\u00e4\u00e4dett\u00e4v\u00e4 pikaliipaisin (RT) 0,005 mm:n askeltarkkuudella.<\/li>\n<li><strong>Upea estetiikka:<\/strong>\u00a0Ainutlaatuiset Crystal Dome -n\u00e4pp\u00e4inhatut, joissa on 16 miljoonaa mukautettavaa RGB-valaistusta.<\/li>\n<li><strong>Premium-koontiversio:<\/strong>\u00a0Alumiiniseoslevy, jossa on monikerroksinen \u00e4\u00e4nenvaimennus, takaa vakaan ja tyydytt\u00e4v\u00e4n kirjoituskokemuksen.<\/li>\n<\/ul>","protected":false},"featured_media":4323,"comment_status":"open","ping_status":"closed","template":"","meta":[],"product_brand":[79],"product_cat":[322],"product_tag":[59,58,22],"class_list":{"0":"post-4320","1":"product","2":"type-product","3":"status-publish","4":"has-post-thumbnail","6":"product_brand-madlions","7":"product_cat-hall-effect-keyboard","8":"product_tag-custom-keyboard","9":"product_tag-hall-effect-keyboard","10":"product_tag-keyboard","12":"first","13":"instock","14":"sale","15":"taxable","16":"shipping-taxable","17":"purchasable","18":"product-type-variable","19":"wvs-archive-product-wrapper"},"aioseo_notices":[],"ct_brands":[{"id":79,"name":"MADLIONS","slug":"madlions"}],"jetpack_sharing_enabled":true,"_links":{"self":[{"href":"https:\/\/halleffectkeyboard.com\/fi\/wp-json\/wp\/v2\/product\/4320","targetHints":{"allow":["GET"]}}],"collection":[{"href":"https:\/\/halleffectkeyboard.com\/fi\/wp-json\/wp\/v2\/product"}],"about":[{"href":"https:\/\/halleffectkeyboard.com\/fi\/wp-json\/wp\/v2\/types\/product"}],"replies":[{"embeddable":true,"href":"https:\/\/halleffectkeyboard.com\/fi\/wp-json\/wp\/v2\/comments?post=4320"}],"version-history":[{"count":3,"href":"https:\/\/halleffectkeyboard.com\/fi\/wp-json\/wp\/v2\/product\/4320\/revisions"}],"predecessor-version":[{"id":4343,"href":"https:\/\/halleffectkeyboard.com\/fi\/wp-json\/wp\/v2\/product\/4320\/revisions\/4343"}],"wp:featuredmedia":[{"embeddable":true,"href":"https:\/\/halleffectkeyboard.com\/fi\/wp-json\/wp\/v2\/media\/4323"}],"wp:attachment":[{"href":"https:\/\/halleffectkeyboard.com\/fi\/wp-json\/wp\/v2\/media?parent=4320"}],"wp:term":[{"taxonomy":"product_brand","embeddable":true,"href":"https:\/\/halleffectkeyboard.com\/fi\/wp-json\/wp\/v2\/product_brand?post=4320"},{"taxonomy":"product_cat","embeddable":true,"href":"https:\/\/halleffectkeyboard.com\/fi\/wp-json\/wp\/v2\/product_cat?post=4320"},{"taxonomy":"product_tag","embeddable":true,"href":"https:\/\/halleffectkeyboard.com\/fi\/wp-json\/wp\/v2\/product_tag?post=4320"}],"curies":[{"name":"wp","href":"https:\/\/api.w.org\/{rel}","templated":true}]}}