{"id":4277,"date":"2026-04-17T14:10:46","date_gmt":"2026-04-17T06:10:46","guid":{"rendered":"https:\/\/halleffectkeyboard.com\/"},"modified":"2026-04-17T14:21:09","modified_gmt":"2026-04-17T06:21:09","slug":"madlions-hullu-valo-60he","status":"publish","type":"product","link":"https:\/\/halleffectkeyboard.com\/fi\/product\/madlions-hullu-valo-60he\/","title":{"rendered":"MADLIONS MAD Light 60HE"},"content":{"rendered":"<h1>MADLIONS MAD Light 60HE: Huippuluokan Hall Effect 60 -n\u00e4pp\u00e4imist\u00f6 pelaamiseen<\/h1>\n<p>Etsin sit\u00e4 <strong>paras Hall-efektin\u00e4pp\u00e4imist\u00f6<\/strong> nostaaksesi peliasetelmasi uudelle tasolle? Tutustu <strong>MADLIONS MAD Light 60HE<\/strong>, palkkio <strong>60 prosenttia n\u00e4pp\u00e4imist\u00f6st\u00e4<\/strong> Suunniteltu kilpapelaajille ja n\u00e4pp\u00e4imist\u00f6harrastajille. Edistykselliset ominaisuudet <strong>Hall-ilmi\u00f6kytkin<\/strong> teknologia, t\u00e4m\u00e4 <strong>magneettinen n\u00e4pp\u00e4imist\u00f6<\/strong> tarjoaa vertaansa vailla olevaa nopeutta, tarkkuutta ja kest\u00e4vyytt\u00e4. Olitpa sitten rakentamassa <strong>mukautettu n\u00e4pp\u00e4imist\u00f6<\/strong> tai p\u00e4ivitt\u00e4\u00e4 nykyist\u00e4 taisteluasemaasi, sen ultrakompakti <strong>60 n\u00e4pp\u00e4imist\u00f6asettelu<\/strong> s\u00e4\u00e4st\u00e4\u00e4 arvokasta p\u00f6yt\u00e4tilaa tinkim\u00e4tt\u00e4 suorituskyvyst\u00e4.<\/p>\n<h2>Ly\u00f6m\u00e4t\u00f6n nopeus Hall-ilmi\u00f6teknologialla<\/h2>\n<p>Koe pelaamisen tulevaisuus huippuluokan laitteiden avulla <strong>Hall-efektin\u00e4pp\u00e4imist\u00f6<\/strong>. MADLIONS MAD Light 60HE k\u00e4ytt\u00e4\u00e4 magneettisia kytkimi\u00e4, joiden latenssi on eritt\u00e4in lyhyt, 0,1 ms. Eritt\u00e4in tarkan, s\u00e4\u00e4dett\u00e4v\u00e4n Rapid Trigger (RT) -alueen (0,01 mm - 3,5 mm) ansiosta voit m\u00e4\u00e4ritt\u00e4\u00e4 tarkan aktivointipisteen v\u00e4litt\u00f6m\u00e4n reagoinnin saavuttamiseksi. Yhdess\u00e4 massiivisen... <strong>8 kHz:n kyselytaajuus<\/strong> ja <strong>128 kHz:n skannausnopeus<\/strong>, t\u00e4m\u00e4 <strong>60 pelin\u00e4pp\u00e4imist\u00f6<\/strong> on 8 kertaa nopeampi kuin perinteiset mekaaniset n\u00e4pp\u00e4imist\u00f6t, mik\u00e4 antaa sinulle ly\u00f6m\u00e4tt\u00f6m\u00e4n kilpailuedun.<\/p>\n<h2>Ensiluokkainen alumiininen ontto kotelo ja RGB-valaistus<\/h2>\n<p>Erotu joukosta upealla CNC-koneistetulla, pulverimaalatulla alumiinirungolla. Ainutlaatuisen onton rakenteen ansiosta piirilevyn pohjavalo \u00e4\u00e4riviivat reunat luoden vertaansa vailla olevan pelitunnelman. 16,8 miljoonan mukautettavan pohjoiseen suunnatun RGB-taustavalon ja l\u00e4pin\u00e4kyvien Cherry Profile -tietokonen\u00e4pp\u00e4inhattujen ansiosta t\u00e4m\u00e4... <strong>60 n\u00e4pp\u00e4imist\u00f6\u00e4<\/strong> varmistaa, ett\u00e4 etuhahmosi loistavat kirkkaasti ja valaisevat pelisi juuri haluamallasi tavalla.<\/p>\n<h2>Kompakti 60 prosentin n\u00e4pp\u00e4imist\u00f6asettelu<\/h2>\n<p>Maksimoi hiiren liiketila t\u00e4ll\u00e4 ultrakompaktilla <strong>60 prosentin n\u00e4pp\u00e4imist\u00f6asettelu<\/strong>. Se s\u00e4\u00e4st\u00e4\u00e4 jopa 401 TB:t\u00e4 ty\u00f6p\u00f6yt\u00e4tilaa s\u00e4ilytt\u00e4en samalla \u00e4lykk\u00e4\u00e4sti t\u00e4rke\u00e4t toiminnot, kuten nuolin\u00e4pp\u00e4imet, mik\u00e4 tekee siit\u00e4 yhden monipuolisimmista. <strong>60 n\u00e4pp\u00e4imist\u00f6\u00e4<\/strong> markkinoilla. Jos olet joskus miettinyt, <strong>60-n\u00e4pp\u00e4imist\u00f6n oletuskotin\u00e4pp\u00e4in<\/strong> asetukset, intuitiivinen suunnittelumme varmistaa saumattoman siirtymisen sek\u00e4 kirjoittamiseen ett\u00e4 pelaamiseen.<\/p>\n<h2>Ohjelmoitava verkkoajuri ja t\u00e4ysi mukautusmahdollisuus<\/h2>\n<p>Ei ohjelmistolatauksia! Mukauta omaasi <strong>pelin\u00e4pp\u00e4imist\u00f6<\/strong> suoraan ammattimaisen web-ajurimme kautta. S\u00e4\u00e4d\u00e4 helposti RT-, SOCD-, DKS-, MT- ja TGL-toimintoja, m\u00e4\u00e4rit\u00e4 makroja, uudelleenohjelmoi n\u00e4pp\u00e4imi\u00e4 ja mukauta RGB-valaistusta. T\u00e4ysin vaihdettavien n\u00e4pp\u00e4inten ansiosta voit helposti tehd\u00e4 kytkimet itse ilman juottamista. Vakaan Type-C-johdotetun yhteyden ansiosta se tarjoaa saumattoman yhteensopivuuden sek\u00e4 Windows- ett\u00e4 Mac-j\u00e4rjestelmien kanssa.<\/p>\n<h3>Tekniset tiedot<\/h3>\n<ul>\n<li><strong>Mallin nimi:<\/strong> MAD LIGHT 60 HE magneettikytkimell\u00e4 varustettu alumiininen ontto n\u00e4pp\u00e4imist\u00f6<\/li>\n<li><strong>Layout:<\/strong>\u00a061 n\u00e4pp\u00e4int\u00e4 (<strong>60 n\u00e4pp\u00e4imist\u00f6asettelu<\/strong>)<\/li>\n<li><strong>Kytkimen tyyppi:<\/strong>\u00a0<strong>Hall-ilmi\u00f6kytkin<\/strong>\u00a0(Magneettinen)<\/li>\n<li><strong>Yhteys:<\/strong>\u00a0Irrotettava Type-C-langallinen n\u00e4pp\u00e4imist\u00f6<\/li>\n<li><strong>\u00c4\u00e4nestysprosentti:<\/strong>\u00a08 kHz<\/li>\n<li><strong>Skannausnopeus:<\/strong> 128 kHz<\/li>\n<li><strong>S\u00e4\u00e4dett\u00e4v\u00e4 RT-liike:<\/strong>\u00a00,01\u20133,5 mm (0,01 mm:n tarkkuus)<\/li>\n<li><strong>Kokonaismatka:<\/strong>\u00a03,6 mm<\/li>\n<li><strong>Liipaisuvoima:<\/strong>\u00a033\u00b15 gf<\/li>\n<li><strong>Kytkimen k\u00e4ytt\u00f6ik\u00e4:<\/strong>\u00a0100 miljoonaa n\u00e4pp\u00e4inpainallusta<\/li>\n<li><strong>Kotelon ja levyn materiaali:<\/strong>\u00a0Kiinte\u00e4 CNC-alumiiniseos<\/li>\n<li><strong>Taustavalo:<\/strong>\u00a016,8 miljoonan RGB-valon tuki (yli 20 esiasetettua valoa)<\/li>\n<li><strong>NKRO:<\/strong>\u00a0Tuettu<\/li>\n<li><strong>Edistynyt tekniikka:<\/strong>\u00a0Tukee DKS \/ MT \/ TGL \/ SOCD<\/li>\n<li><strong>J\u00e4rjestelm\u00e4n yhteensopivuus:<\/strong>\u00a0Windows \/ Mac<\/li>\n<li><strong>Ohjelmisto:<\/strong>\u00a0Online-verkkoajuri (ei lataamista tarvita)<\/li>\n<\/ul>\n<p><img loading=\"lazy\" decoding=\"async\" class=\"alignnone size-full wp-image-4291\" src=\"https:\/\/halleffectkeyboard.com\/wp-content\/uploads\/2026\/04\/MAD-LIGHT-60-HE-scaled.jpg\" alt=\"MADLIONS MAD Light 60HE\" width=\"2560\" height=\"2489\" srcset=\"https:\/\/halleffectkeyboard.com\/wp-content\/uploads\/2026\/04\/MAD-LIGHT-60-HE-scaled.jpg 2560w, https:\/\/halleffectkeyboard.com\/wp-content\/uploads\/2026\/04\/MAD-LIGHT-60-HE-300x292.jpg 300w, https:\/\/halleffectkeyboard.com\/wp-content\/uploads\/2026\/04\/MAD-LIGHT-60-HE-1024x996.jpg 1024w, https:\/\/halleffectkeyboard.com\/wp-content\/uploads\/2026\/04\/MAD-LIGHT-60-HE-768x747.jpg 768w, https:\/\/halleffectkeyboard.com\/wp-content\/uploads\/2026\/04\/MAD-LIGHT-60-HE-1536x1494.jpg 1536w, https:\/\/halleffectkeyboard.com\/wp-content\/uploads\/2026\/04\/MAD-LIGHT-60-HE-2048x1991.jpg 2048w, https:\/\/halleffectkeyboard.com\/wp-content\/uploads\/2026\/04\/MAD-LIGHT-60-HE-12x12.jpg 12w, https:\/\/halleffectkeyboard.com\/wp-content\/uploads\/2026\/04\/MAD-LIGHT-60-HE-1200x1167.jpg 1200w, https:\/\/halleffectkeyboard.com\/wp-content\/uploads\/2026\/04\/MAD-LIGHT-60-HE-50x50.jpg 50w\" sizes=\"auto, (max-width: 2560px) 100vw, 2560px\" \/> <img loading=\"lazy\" decoding=\"async\" class=\"alignnone size-full wp-image-4292\" src=\"https:\/\/halleffectkeyboard.com\/wp-content\/uploads\/2026\/04\/MAD-LIGHT-60-HE-1-scaled.jpg\" alt=\"MADLIONS MAD Light 60HE\" width=\"2560\" height=\"2489\" srcset=\"https:\/\/halleffectkeyboard.com\/wp-content\/uploads\/2026\/04\/MAD-LIGHT-60-HE-1-scaled.jpg 2560w, https:\/\/halleffectkeyboard.com\/wp-content\/uploads\/2026\/04\/MAD-LIGHT-60-HE-1-300x292.jpg 300w, https:\/\/halleffectkeyboard.com\/wp-content\/uploads\/2026\/04\/MAD-LIGHT-60-HE-1-1024x996.jpg 1024w, https:\/\/halleffectkeyboard.com\/wp-content\/uploads\/2026\/04\/MAD-LIGHT-60-HE-1-768x747.jpg 768w, https:\/\/halleffectkeyboard.com\/wp-content\/uploads\/2026\/04\/MAD-LIGHT-60-HE-1-1536x1494.jpg 1536w, https:\/\/halleffectkeyboard.com\/wp-content\/uploads\/2026\/04\/MAD-LIGHT-60-HE-1-2048x1991.jpg 2048w, https:\/\/halleffectkeyboard.com\/wp-content\/uploads\/2026\/04\/MAD-LIGHT-60-HE-1-12x12.jpg 12w, https:\/\/halleffectkeyboard.com\/wp-content\/uploads\/2026\/04\/MAD-LIGHT-60-HE-1-1200x1167.jpg 1200w, https:\/\/halleffectkeyboard.com\/wp-content\/uploads\/2026\/04\/MAD-LIGHT-60-HE-1-50x50.jpg 50w\" sizes=\"auto, (max-width: 2560px) 100vw, 2560px\" \/> <img loading=\"lazy\" decoding=\"async\" class=\"alignnone size-full wp-image-4293\" src=\"https:\/\/halleffectkeyboard.com\/wp-content\/uploads\/2026\/04\/MAD-LIGHT-60-HE-2-scaled.jpg\" alt=\"MADLIONS MAD Light 60HE\" width=\"2560\" height=\"2489\" srcset=\"https:\/\/halleffectkeyboard.com\/wp-content\/uploads\/2026\/04\/MAD-LIGHT-60-HE-2-scaled.jpg 2560w, https:\/\/halleffectkeyboard.com\/wp-content\/uploads\/2026\/04\/MAD-LIGHT-60-HE-2-300x292.jpg 300w, https:\/\/halleffectkeyboard.com\/wp-content\/uploads\/2026\/04\/MAD-LIGHT-60-HE-2-1024x996.jpg 1024w, https:\/\/halleffectkeyboard.com\/wp-content\/uploads\/2026\/04\/MAD-LIGHT-60-HE-2-768x747.jpg 768w, https:\/\/halleffectkeyboard.com\/wp-content\/uploads\/2026\/04\/MAD-LIGHT-60-HE-2-1536x1494.jpg 1536w, https:\/\/halleffectkeyboard.com\/wp-content\/uploads\/2026\/04\/MAD-LIGHT-60-HE-2-2048x1991.jpg 2048w, https:\/\/halleffectkeyboard.com\/wp-content\/uploads\/2026\/04\/MAD-LIGHT-60-HE-2-12x12.jpg 12w, https:\/\/halleffectkeyboard.com\/wp-content\/uploads\/2026\/04\/MAD-LIGHT-60-HE-2-1200x1167.jpg 1200w, https:\/\/halleffectkeyboard.com\/wp-content\/uploads\/2026\/04\/MAD-LIGHT-60-HE-2-50x50.jpg 50w\" sizes=\"auto, (max-width: 2560px) 100vw, 2560px\" \/> <img loading=\"lazy\" decoding=\"async\" class=\"alignnone size-full wp-image-4294\" src=\"https:\/\/halleffectkeyboard.com\/wp-content\/uploads\/2026\/04\/MAD-LIGHT-60-HE-3-scaled.jpg\" alt=\"MADLIONS MAD Light 60HE\" width=\"2560\" height=\"2489\" srcset=\"https:\/\/halleffectkeyboard.com\/wp-content\/uploads\/2026\/04\/MAD-LIGHT-60-HE-3-scaled.jpg 2560w, https:\/\/halleffectkeyboard.com\/wp-content\/uploads\/2026\/04\/MAD-LIGHT-60-HE-3-300x292.jpg 300w, https:\/\/halleffectkeyboard.com\/wp-content\/uploads\/2026\/04\/MAD-LIGHT-60-HE-3-1024x996.jpg 1024w, https:\/\/halleffectkeyboard.com\/wp-content\/uploads\/2026\/04\/MAD-LIGHT-60-HE-3-768x747.jpg 768w, https:\/\/halleffectkeyboard.com\/wp-content\/uploads\/2026\/04\/MAD-LIGHT-60-HE-3-1536x1494.jpg 1536w, https:\/\/halleffectkeyboard.com\/wp-content\/uploads\/2026\/04\/MAD-LIGHT-60-HE-3-2048x1991.jpg 2048w, https:\/\/halleffectkeyboard.com\/wp-content\/uploads\/2026\/04\/MAD-LIGHT-60-HE-3-12x12.jpg 12w, https:\/\/halleffectkeyboard.com\/wp-content\/uploads\/2026\/04\/MAD-LIGHT-60-HE-3-1200x1167.jpg 1200w, https:\/\/halleffectkeyboard.com\/wp-content\/uploads\/2026\/04\/MAD-LIGHT-60-HE-3-50x50.jpg 50w\" sizes=\"auto, (max-width: 2560px) 100vw, 2560px\" \/> <img loading=\"lazy\" decoding=\"async\" class=\"alignnone size-full wp-image-4295\" src=\"https:\/\/halleffectkeyboard.com\/wp-content\/uploads\/2026\/04\/MAD-LIGHT-60-HE-4-scaled.jpg\" alt=\"MADLIONS MAD Light 60HE\" width=\"2560\" height=\"2489\" srcset=\"https:\/\/halleffectkeyboard.com\/wp-content\/uploads\/2026\/04\/MAD-LIGHT-60-HE-4-scaled.jpg 2560w, https:\/\/halleffectkeyboard.com\/wp-content\/uploads\/2026\/04\/MAD-LIGHT-60-HE-4-300x292.jpg 300w, https:\/\/halleffectkeyboard.com\/wp-content\/uploads\/2026\/04\/MAD-LIGHT-60-HE-4-1024x996.jpg 1024w, https:\/\/halleffectkeyboard.com\/wp-content\/uploads\/2026\/04\/MAD-LIGHT-60-HE-4-768x747.jpg 768w, https:\/\/halleffectkeyboard.com\/wp-content\/uploads\/2026\/04\/MAD-LIGHT-60-HE-4-1536x1494.jpg 1536w, https:\/\/halleffectkeyboard.com\/wp-content\/uploads\/2026\/04\/MAD-LIGHT-60-HE-4-2048x1991.jpg 2048w, https:\/\/halleffectkeyboard.com\/wp-content\/uploads\/2026\/04\/MAD-LIGHT-60-HE-4-12x12.jpg 12w, https:\/\/halleffectkeyboard.com\/wp-content\/uploads\/2026\/04\/MAD-LIGHT-60-HE-4-1200x1167.jpg 1200w, https:\/\/halleffectkeyboard.com\/wp-content\/uploads\/2026\/04\/MAD-LIGHT-60-HE-4-50x50.jpg 50w\" sizes=\"auto, (max-width: 2560px) 100vw, 2560px\" \/> <img loading=\"lazy\" decoding=\"async\" class=\"alignnone size-full wp-image-4296\" src=\"https:\/\/halleffectkeyboard.com\/wp-content\/uploads\/2026\/04\/MAD-LIGHT-60-HE-5-1-scaled.jpg\" alt=\"MADLIONS MAD Light 60HE\" width=\"2560\" height=\"2489\" srcset=\"https:\/\/halleffectkeyboard.com\/wp-content\/uploads\/2026\/04\/MAD-LIGHT-60-HE-5-1-scaled.jpg 2560w, https:\/\/halleffectkeyboard.com\/wp-content\/uploads\/2026\/04\/MAD-LIGHT-60-HE-5-1-300x292.jpg 300w, https:\/\/halleffectkeyboard.com\/wp-content\/uploads\/2026\/04\/MAD-LIGHT-60-HE-5-1-1024x996.jpg 1024w, https:\/\/halleffectkeyboard.com\/wp-content\/uploads\/2026\/04\/MAD-LIGHT-60-HE-5-1-768x747.jpg 768w, https:\/\/halleffectkeyboard.com\/wp-content\/uploads\/2026\/04\/MAD-LIGHT-60-HE-5-1-1536x1494.jpg 1536w, https:\/\/halleffectkeyboard.com\/wp-content\/uploads\/2026\/04\/MAD-LIGHT-60-HE-5-1-2048x1991.jpg 2048w, https:\/\/halleffectkeyboard.com\/wp-content\/uploads\/2026\/04\/MAD-LIGHT-60-HE-5-1-12x12.jpg 12w, https:\/\/halleffectkeyboard.com\/wp-content\/uploads\/2026\/04\/MAD-LIGHT-60-HE-5-1-1200x1167.jpg 1200w, https:\/\/halleffectkeyboard.com\/wp-content\/uploads\/2026\/04\/MAD-LIGHT-60-HE-5-1-50x50.jpg 50w\" sizes=\"auto, (max-width: 2560px) 100vw, 2560px\" \/> <img loading=\"lazy\" decoding=\"async\" class=\"alignnone size-full wp-image-4297\" src=\"https:\/\/halleffectkeyboard.com\/wp-content\/uploads\/2026\/04\/MAD-LIGHT-60-HE-6-scaled.jpg\" alt=\"MADLIONS MAD Light 60HE\" width=\"2560\" height=\"2560\" srcset=\"https:\/\/halleffectkeyboard.com\/wp-content\/uploads\/2026\/04\/MAD-LIGHT-60-HE-6-scaled.jpg 2560w, https:\/\/halleffectkeyboard.com\/wp-content\/uploads\/2026\/04\/MAD-LIGHT-60-HE-6-300x300.jpg 300w, https:\/\/halleffectkeyboard.com\/wp-content\/uploads\/2026\/04\/MAD-LIGHT-60-HE-6-1024x1024.jpg 1024w, https:\/\/halleffectkeyboard.com\/wp-content\/uploads\/2026\/04\/MAD-LIGHT-60-HE-6-150x150.jpg 150w, https:\/\/halleffectkeyboard.com\/wp-content\/uploads\/2026\/04\/MAD-LIGHT-60-HE-6-768x768.jpg 768w, https:\/\/halleffectkeyboard.com\/wp-content\/uploads\/2026\/04\/MAD-LIGHT-60-HE-6-1536x1536.jpg 1536w, https:\/\/halleffectkeyboard.com\/wp-content\/uploads\/2026\/04\/MAD-LIGHT-60-HE-6-2048x2048.jpg 2048w, https:\/\/halleffectkeyboard.com\/wp-content\/uploads\/2026\/04\/MAD-LIGHT-60-HE-6-12x12.jpg 12w, https:\/\/halleffectkeyboard.com\/wp-content\/uploads\/2026\/04\/MAD-LIGHT-60-HE-6-1200x1200.jpg 1200w, https:\/\/halleffectkeyboard.com\/wp-content\/uploads\/2026\/04\/MAD-LIGHT-60-HE-6-100x100.jpg 100w, https:\/\/halleffectkeyboard.com\/wp-content\/uploads\/2026\/04\/MAD-LIGHT-60-HE-6-50x50.jpg 50w\" sizes=\"auto, (max-width: 2560px) 100vw, 2560px\" \/> <img loading=\"lazy\" decoding=\"async\" class=\"alignnone size-full wp-image-4298\" src=\"https:\/\/halleffectkeyboard.com\/wp-content\/uploads\/2026\/04\/MAD-LIGHT-60-HE-7-scaled.jpg\" alt=\"MADLIONS MAD Light 60HE\" width=\"2281\" height=\"2560\" srcset=\"https:\/\/halleffectkeyboard.com\/wp-content\/uploads\/2026\/04\/MAD-LIGHT-60-HE-7-scaled.jpg 2281w, https:\/\/halleffectkeyboard.com\/wp-content\/uploads\/2026\/04\/MAD-LIGHT-60-HE-7-267x300.jpg 267w, https:\/\/halleffectkeyboard.com\/wp-content\/uploads\/2026\/04\/MAD-LIGHT-60-HE-7-912x1024.jpg 912w, https:\/\/halleffectkeyboard.com\/wp-content\/uploads\/2026\/04\/MAD-LIGHT-60-HE-7-768x862.jpg 768w, https:\/\/halleffectkeyboard.com\/wp-content\/uploads\/2026\/04\/MAD-LIGHT-60-HE-7-1369x1536.jpg 1369w, https:\/\/halleffectkeyboard.com\/wp-content\/uploads\/2026\/04\/MAD-LIGHT-60-HE-7-1825x2048.jpg 1825w, https:\/\/halleffectkeyboard.com\/wp-content\/uploads\/2026\/04\/MAD-LIGHT-60-HE-7-11x12.jpg 11w, https:\/\/halleffectkeyboard.com\/wp-content\/uploads\/2026\/04\/MAD-LIGHT-60-HE-7-300x337.jpg 300w, https:\/\/halleffectkeyboard.com\/wp-content\/uploads\/2026\/04\/MAD-LIGHT-60-HE-7-1200x1347.jpg 1200w\" sizes=\"auto, (max-width: 2281px) 100vw, 2281px\" \/> <img loading=\"lazy\" decoding=\"async\" class=\"alignnone size-full wp-image-4299\" src=\"https:\/\/halleffectkeyboard.com\/wp-content\/uploads\/2026\/04\/MAD-LIGHT-60-HE-8-scaled.jpg\" alt=\"MADLIONS MAD Light 60HE\" width=\"2560\" height=\"2509\" srcset=\"https:\/\/halleffectkeyboard.com\/wp-content\/uploads\/2026\/04\/MAD-LIGHT-60-HE-8-scaled.jpg 2560w, https:\/\/halleffectkeyboard.com\/wp-content\/uploads\/2026\/04\/MAD-LIGHT-60-HE-8-300x294.jpg 300w, https:\/\/halleffectkeyboard.com\/wp-content\/uploads\/2026\/04\/MAD-LIGHT-60-HE-8-1024x1004.jpg 1024w, https:\/\/halleffectkeyboard.com\/wp-content\/uploads\/2026\/04\/MAD-LIGHT-60-HE-8-768x753.jpg 768w, https:\/\/halleffectkeyboard.com\/wp-content\/uploads\/2026\/04\/MAD-LIGHT-60-HE-8-1536x1505.jpg 1536w, https:\/\/halleffectkeyboard.com\/wp-content\/uploads\/2026\/04\/MAD-LIGHT-60-HE-8-2048x2007.jpg 2048w, https:\/\/halleffectkeyboard.com\/wp-content\/uploads\/2026\/04\/MAD-LIGHT-60-HE-8-12x12.jpg 12w, https:\/\/halleffectkeyboard.com\/wp-content\/uploads\/2026\/04\/MAD-LIGHT-60-HE-8-1200x1176.jpg 1200w, https:\/\/halleffectkeyboard.com\/wp-content\/uploads\/2026\/04\/MAD-LIGHT-60-HE-8-50x50.jpg 50w\" sizes=\"auto, (max-width: 2560px) 100vw, 2560px\" \/><\/p>\n<p>&nbsp;<\/p>","protected":false},"excerpt":{"rendered":"<p><strong>MADLIONS MAD Light 60HE:<\/strong> Ensiluokkainen 60% Hall -pelin\u00e4pp\u00e4imist\u00f6 CNC-alumiinikuorella, 8 kHz:n pollaustaajuudella ja s\u00e4\u00e4dett\u00e4v\u00e4ll\u00e4 Rapid Trigger -toiminnolla eritt\u00e4in tarkkaan pelaamiseen 0,1 ms:n latenssilla.<\/p>","protected":false},"featured_media":4286,"comment_status":"open","ping_status":"closed","template":"","meta":[],"product_brand":[79],"product_cat":[322],"product_tag":[59,58,22],"class_list":{"0":"post-4277","1":"product","2":"type-product","3":"status-publish","4":"has-post-thumbnail","6":"product_brand-madlions","7":"product_cat-hall-effect-keyboard","8":"product_tag-custom-keyboard","9":"product_tag-hall-effect-keyboard","10":"product_tag-keyboard","12":"first","13":"instock","14":"taxable","15":"shipping-taxable","16":"purchasable","17":"product-type-variable","18":"wvs-archive-product-wrapper"},"aioseo_notices":[],"ct_brands":[{"id":79,"name":"MADLIONS","slug":"madlions"}],"jetpack_sharing_enabled":true,"_links":{"self":[{"href":"https:\/\/halleffectkeyboard.com\/fi\/wp-json\/wp\/v2\/product\/4277","targetHints":{"allow":["GET"]}}],"collection":[{"href":"https:\/\/halleffectkeyboard.com\/fi\/wp-json\/wp\/v2\/product"}],"about":[{"href":"https:\/\/halleffectkeyboard.com\/fi\/wp-json\/wp\/v2\/types\/product"}],"replies":[{"embeddable":true,"href":"https:\/\/halleffectkeyboard.com\/fi\/wp-json\/wp\/v2\/comments?post=4277"}],"version-history":[{"count":3,"href":"https:\/\/halleffectkeyboard.com\/fi\/wp-json\/wp\/v2\/product\/4277\/revisions"}],"predecessor-version":[{"id":4302,"href":"https:\/\/halleffectkeyboard.com\/fi\/wp-json\/wp\/v2\/product\/4277\/revisions\/4302"}],"wp:featuredmedia":[{"embeddable":true,"href":"https:\/\/halleffectkeyboard.com\/fi\/wp-json\/wp\/v2\/media\/4286"}],"wp:attachment":[{"href":"https:\/\/halleffectkeyboard.com\/fi\/wp-json\/wp\/v2\/media?parent=4277"}],"wp:term":[{"taxonomy":"product_brand","embeddable":true,"href":"https:\/\/halleffectkeyboard.com\/fi\/wp-json\/wp\/v2\/product_brand?post=4277"},{"taxonomy":"product_cat","embeddable":true,"href":"https:\/\/halleffectkeyboard.com\/fi\/wp-json\/wp\/v2\/product_cat?post=4277"},{"taxonomy":"product_tag","embeddable":true,"href":"https:\/\/halleffectkeyboard.com\/fi\/wp-json\/wp\/v2\/product_tag?post=4277"}],"curies":[{"name":"wp","href":"https:\/\/api.w.org\/{rel}","templated":true}]}}