{"id":3690,"date":"2026-03-11T16:25:51","date_gmt":"2026-03-11T08:25:51","guid":{"rendered":"https:\/\/halleffectkeyboard.com\/?post_type=product&#038;p=3690"},"modified":"2026-03-16T17:47:30","modified_gmt":"2026-03-16T09:47:30","slug":"gravastar-ufo-hall-efektikytkimet","status":"publish","type":"product","link":"https:\/\/halleffectkeyboard.com\/fi\/product\/gravastar-ufo-hall-efektikytkimet\/","title":{"rendered":"GravaStar UFO Hall-kytkimet"},"content":{"rendered":"<h1>GravaStar UFO Hall -kytkimet: Seuraavan sukupolven tarkkuutta n\u00e4pp\u00e4imist\u00f6llesi<\/h1>\n<p>P\u00e4ivit\u00e4 peli- ja kirjoituskokemuksesi vallankumouksellisella <strong>GravaStar UFO Hall-kytkimet<\/strong>. \u201cLuuranko muotona, magneettinen ydin\u2018 -filosofialla rakennetut kytkimet rikkovat perinteisi\u00e4 rajoja ja tarjoavat ennenn\u00e4kem\u00e4t\u00f6nt\u00e4 nopeutta, kest\u00e4vyytt\u00e4 ja rohkeaa, mecha-henkist\u00e4 scifi-estettiikkaa.<\/p>\n<p>T\u00e4ydellisesti suunniteltu yhteensopiville Hall-koskettimille, n\u00e4m\u00e4 <strong>Hall-kytkimet<\/strong> Avaa mikrotason tarkkuus ja salamannopeat vasteajat FPS-, MOBA-, MMORPG- ja kilpa-ajosimulaattoreissa.<\/p>\n<h2>T\u00e4rkeimm\u00e4t ominaisuudet ja suorituskyky<\/h2>\n<ul>\n<li><strong>Mikrotason tarkkuusohjaus:<\/strong>\u00a0N\u00e4m\u00e4 kytkimet toimivat ensiluokkaisilla N52H-harvinaisten maametallien magneeteilla ja 600GS:n magneettivuontiheydell\u00e4, eiv\u00e4tk\u00e4 ne heikenn\u00e4 kosketusta lainkaan. S\u00e4\u00e4dett\u00e4v\u00e4n Rapid Trigger (RT) -tarkkuuden ansiosta voit s\u00e4\u00e4t\u00e4\u00e4 mikroliikkeit\u00e4si 0,005 mm:n ja 0,001 mm:n v\u00e4lilt\u00e4.<\/li>\n<li><strong>Innovatiivinen 360\u00b0 luurankoarkkitehtuuri:<\/strong>\u00a0Ainutlaatuinen py\u00f6re\u00e4 kaksoiskiskorakenne poistaa tarpeettoman materiaalin. T\u00e4m\u00e4 optimoi voiman jakautumisen, parantaa l\u00e4mm\u00f6n haihtumista ja tarjoaa loistavan, esteett\u00f6m\u00e4n RGB-l\u00e4pivalon.<\/li>\n<li><strong>Eritt\u00e4in pehme\u00e4 lineaarinen tuntuma:<\/strong>\u00a023 mm:n pidennettyll\u00e4 jousella (alkuper\u00e4inen painallus 40 gf) varustetut kytkimet tarjoavat tasaisen, mukavan ja vakaan lineaarisen n\u00e4pp\u00e4inpainalluksen k\u00e4yt\u00e4nn\u00f6ss\u00e4 ilman varren heilumista.<\/li>\n<li><strong>Ensiluokkainen akustinen tunnus:<\/strong>\u00a0POM-ristim\u00e4isess\u00e4 sein\u00e4akselissa on varhainen pohjasta ulosp\u00e4in suuntautuva rakenne, joka yhdistet\u00e4\u00e4n pohjasta suljettuun akustiikkaan ja PA66-pohjakoteloon, jolloin syntyy keskittynyt, syv\u00e4 &quot;HIFI mahjong -laatta&quot; -\u00e4\u00e4niprofiili.<\/li>\n<li><strong>Mukautettava k\u00e4ytt\u00f6:<\/strong>\u00a0Hy\u00f6dynn\u00e4 Hall-n\u00e4pp\u00e4imist\u00f6si ominaisuuksia t\u00e4ysim\u00e4\u00e4r\u00e4isesti mukautettavalla 0\u20133,5 mm:n liikeradalla, joka mukautuu v\u00e4litt\u00f6m\u00e4sti haluamaasi peli- tai kirjoitustyyliin.<\/li>\n<\/ul>\n<h2>Tekniset tiedot<\/h2>\n<ul>\n<li><strong>Kytkimen tyyppi:<\/strong>\u00a0Lineaarinen magneettikytkin<\/li>\n<li><strong>Elinik\u00e4:<\/strong>\u00a0Yli 100 miljoonaa sykli\u00e4<\/li>\n<li><strong>Alkuper\u00e4inen k\u00e4ytt\u00f6voima:<\/strong>\u00a040\u00b110 gf<\/li>\n<li><strong>Pohjasta ulosp\u00e4in suuntautuva voima:<\/strong>\u00a050\u00b110 gf<\/li>\n<li><strong>K\u00e4ytt\u00f6liike:<\/strong>\u00a00\u20133,5 mm (muokattava)<\/li>\n<li><strong>Kokonaismatka:<\/strong>\u00a03,50 \u00b1 0,2 mm<\/li>\n<li><strong>Jousen pituus:<\/strong>\u00a023 mm<\/li>\n<li><strong>Varren materiaali:<\/strong>\u00a0POM (sein\u00e4m\u00e4inen varsirakenne)<\/li>\n<li><strong>Huippuluokan asuminen:<\/strong>\u00a0PC (kiilt\u00e4v\u00e4 pinta)<\/li>\n<li><strong>Pohjakotelo:<\/strong>\u00a0PA66 (korkea vetolujuus)<\/li>\n<li><strong>Valo-opas:<\/strong>\u00a0PC-himme\u00e4 itsen\u00e4inen valo-opaspylv\u00e4s<\/li>\n<\/ul>\n<h2>T\u00e4rke\u00e4 yhteensopivuus- ja asennustiedote<\/h2>\n<p>Varmistaaksesi Hall-n\u00e4pp\u00e4imist\u00f6si optimaalisen suorituskyvyn, huomioi seuraavat asennusohjeet:<\/p>\n<ul>\n<li><strong>Vaadittava erillinen ty\u00f6kalu:<\/strong>\u00a0Ainutlaatuisen luurankorakenteensa ansiosta,\u00a0<strong>GravaStar UFO Hall-kytkimet<\/strong>\u00a0Vaatii erillisen kytkimen ulosvedtimen turvallista asennusta ja irrottamista varten (sis\u00e4ltyy toimitukseen).<\/li>\n<li><strong>Stabilisaattorin yhteensopivuus:<\/strong>\u00a0Tietyiss\u00e4 levytyypeiss\u00e4 k\u00e4ytett\u00e4ess\u00e4 tukijalkojen kanssa voi olla pieni irtoamisriski (vaikka t\u00e4m\u00e4 ei vaikuta toimintaan).<\/li>\n<li><strong>Asennusta edelt\u00e4v\u00e4 tarkistus:<\/strong>\u00a0Stabiloitujen n\u00e4pp\u00e4inten (v\u00e4lily\u00f6nti, vaihto, Enter jne.) kohdalla suosittelemme tarkistamaan n\u00e4pp\u00e4imist\u00f6n levyjen yhteensopivuuden ennen asennusta parhaan mahdollisen suorituskyvyn varmistamiseksi.<\/li>\n<\/ul>\n<hr \/>\n<p><strong>Oletko valmis mullistamaan kokoonpanosi?<\/strong> Varusta n\u00e4pp\u00e4imist\u00f6si seuraavilla ominaisuuksilla: <strong>GravaStar UFO Hall-kytkimet<\/strong> t\u00e4n\u00e4\u00e4n ja koe scifi-muotoilun ja kovan luokan magneettisen suorituskyvyn t\u00e4ydellinen yhdistelm\u00e4.<\/p>\n<p><img loading=\"lazy\" decoding=\"async\" class=\"alignnone size-full wp-image-3723\" src=\"https:\/\/halleffectkeyboard.com\/wp-content\/uploads\/2026\/03\/Hall-Effect-Switches-scaled.jpg\" alt=\"GravaStar UFO -magneettikytkin Hall-ilmi\u00f6kytkimet\" width=\"2560\" height=\"1440\" srcset=\"https:\/\/halleffectkeyboard.com\/wp-content\/uploads\/2026\/03\/Hall-Effect-Switches-scaled.jpg 2560w, https:\/\/halleffectkeyboard.com\/wp-content\/uploads\/2026\/03\/Hall-Effect-Switches-300x169.jpg 300w, https:\/\/halleffectkeyboard.com\/wp-content\/uploads\/2026\/03\/Hall-Effect-Switches-1024x576.jpg 1024w, https:\/\/halleffectkeyboard.com\/wp-content\/uploads\/2026\/03\/Hall-Effect-Switches-768x432.jpg 768w, https:\/\/halleffectkeyboard.com\/wp-content\/uploads\/2026\/03\/Hall-Effect-Switches-1536x864.jpg 1536w, https:\/\/halleffectkeyboard.com\/wp-content\/uploads\/2026\/03\/Hall-Effect-Switches-2048x1152.jpg 2048w, https:\/\/halleffectkeyboard.com\/wp-content\/uploads\/2026\/03\/Hall-Effect-Switches-18x10.jpg 18w, https:\/\/halleffectkeyboard.com\/wp-content\/uploads\/2026\/03\/Hall-Effect-Switches-1200x675.jpg 1200w\" sizes=\"auto, (max-width: 2560px) 100vw, 2560px\" \/><img loading=\"lazy\" decoding=\"async\" class=\"alignnone size-full wp-image-3724\" src=\"https:\/\/halleffectkeyboard.com\/wp-content\/uploads\/2026\/03\/Hall-Effect-Switches-2-scaled.jpg\" alt=\"GravaStar UFO -magneettikytkin Hall-ilmi\u00f6kytkimet\" width=\"2560\" height=\"1440\" srcset=\"https:\/\/halleffectkeyboard.com\/wp-content\/uploads\/2026\/03\/Hall-Effect-Switches-2-scaled.jpg 2560w, https:\/\/halleffectkeyboard.com\/wp-content\/uploads\/2026\/03\/Hall-Effect-Switches-2-300x169.jpg 300w, https:\/\/halleffectkeyboard.com\/wp-content\/uploads\/2026\/03\/Hall-Effect-Switches-2-1024x576.jpg 1024w, https:\/\/halleffectkeyboard.com\/wp-content\/uploads\/2026\/03\/Hall-Effect-Switches-2-768x432.jpg 768w, https:\/\/halleffectkeyboard.com\/wp-content\/uploads\/2026\/03\/Hall-Effect-Switches-2-1536x864.jpg 1536w, https:\/\/halleffectkeyboard.com\/wp-content\/uploads\/2026\/03\/Hall-Effect-Switches-2-2048x1152.jpg 2048w, https:\/\/halleffectkeyboard.com\/wp-content\/uploads\/2026\/03\/Hall-Effect-Switches-2-18x10.jpg 18w, https:\/\/halleffectkeyboard.com\/wp-content\/uploads\/2026\/03\/Hall-Effect-Switches-2-1200x675.jpg 1200w\" sizes=\"auto, (max-width: 2560px) 100vw, 2560px\" \/><img loading=\"lazy\" decoding=\"async\" class=\"alignnone size-full wp-image-3725\" src=\"https:\/\/halleffectkeyboard.com\/wp-content\/uploads\/2026\/03\/Hall-Effect-Switches-3-scaled.jpg\" alt=\"GravaStar UFO -magneettikytkin Hall-ilmi\u00f6kytkimet\" width=\"2560\" height=\"1440\" srcset=\"https:\/\/halleffectkeyboard.com\/wp-content\/uploads\/2026\/03\/Hall-Effect-Switches-3-scaled.jpg 2560w, https:\/\/halleffectkeyboard.com\/wp-content\/uploads\/2026\/03\/Hall-Effect-Switches-3-300x169.jpg 300w, https:\/\/halleffectkeyboard.com\/wp-content\/uploads\/2026\/03\/Hall-Effect-Switches-3-1024x576.jpg 1024w, https:\/\/halleffectkeyboard.com\/wp-content\/uploads\/2026\/03\/Hall-Effect-Switches-3-768x432.jpg 768w, https:\/\/halleffectkeyboard.com\/wp-content\/uploads\/2026\/03\/Hall-Effect-Switches-3-1536x864.jpg 1536w, https:\/\/halleffectkeyboard.com\/wp-content\/uploads\/2026\/03\/Hall-Effect-Switches-3-2048x1152.jpg 2048w, https:\/\/halleffectkeyboard.com\/wp-content\/uploads\/2026\/03\/Hall-Effect-Switches-3-18x10.jpg 18w, https:\/\/halleffectkeyboard.com\/wp-content\/uploads\/2026\/03\/Hall-Effect-Switches-3-1200x675.jpg 1200w\" sizes=\"auto, (max-width: 2560px) 100vw, 2560px\" \/><img loading=\"lazy\" decoding=\"async\" class=\"alignnone size-full wp-image-3726\" src=\"https:\/\/halleffectkeyboard.com\/wp-content\/uploads\/2026\/03\/Hall-Effect-Switches-4-scaled.jpg\" alt=\"GravaStar UFO -magneettikytkin Hall-ilmi\u00f6kytkimet\" width=\"2560\" height=\"1440\" srcset=\"https:\/\/halleffectkeyboard.com\/wp-content\/uploads\/2026\/03\/Hall-Effect-Switches-4-scaled.jpg 2560w, https:\/\/halleffectkeyboard.com\/wp-content\/uploads\/2026\/03\/Hall-Effect-Switches-4-300x169.jpg 300w, https:\/\/halleffectkeyboard.com\/wp-content\/uploads\/2026\/03\/Hall-Effect-Switches-4-1024x576.jpg 1024w, https:\/\/halleffectkeyboard.com\/wp-content\/uploads\/2026\/03\/Hall-Effect-Switches-4-768x432.jpg 768w, https:\/\/halleffectkeyboard.com\/wp-content\/uploads\/2026\/03\/Hall-Effect-Switches-4-1536x864.jpg 1536w, https:\/\/halleffectkeyboard.com\/wp-content\/uploads\/2026\/03\/Hall-Effect-Switches-4-2048x1152.jpg 2048w, https:\/\/halleffectkeyboard.com\/wp-content\/uploads\/2026\/03\/Hall-Effect-Switches-4-18x10.jpg 18w, https:\/\/halleffectkeyboard.com\/wp-content\/uploads\/2026\/03\/Hall-Effect-Switches-4-1200x675.jpg 1200w\" sizes=\"auto, (max-width: 2560px) 100vw, 2560px\" \/><img loading=\"lazy\" decoding=\"async\" class=\"alignnone size-full wp-image-3727\" src=\"https:\/\/halleffectkeyboard.com\/wp-content\/uploads\/2026\/03\/Hall-Effect-Switches-5.jpg\" alt=\"GravaStar UFO -magneettikytkin Hall-ilmi\u00f6kytkimet\" width=\"2513\" height=\"1406\" srcset=\"https:\/\/halleffectkeyboard.com\/wp-content\/uploads\/2026\/03\/Hall-Effect-Switches-5.jpg 2513w, https:\/\/halleffectkeyboard.com\/wp-content\/uploads\/2026\/03\/Hall-Effect-Switches-5-300x168.jpg 300w, https:\/\/halleffectkeyboard.com\/wp-content\/uploads\/2026\/03\/Hall-Effect-Switches-5-1024x573.jpg 1024w, https:\/\/halleffectkeyboard.com\/wp-content\/uploads\/2026\/03\/Hall-Effect-Switches-5-768x430.jpg 768w, https:\/\/halleffectkeyboard.com\/wp-content\/uploads\/2026\/03\/Hall-Effect-Switches-5-1536x859.jpg 1536w, https:\/\/halleffectkeyboard.com\/wp-content\/uploads\/2026\/03\/Hall-Effect-Switches-5-2048x1146.jpg 2048w, https:\/\/halleffectkeyboard.com\/wp-content\/uploads\/2026\/03\/Hall-Effect-Switches-5-18x10.jpg 18w, https:\/\/halleffectkeyboard.com\/wp-content\/uploads\/2026\/03\/Hall-Effect-Switches-5-1200x671.jpg 1200w\" sizes=\"auto, (max-width: 2513px) 100vw, 2513px\" \/><img loading=\"lazy\" decoding=\"async\" class=\"alignnone size-full wp-image-3728\" src=\"https:\/\/halleffectkeyboard.com\/wp-content\/uploads\/2026\/03\/Hall-Effect-Switches-6.jpg\" alt=\"GravaStar UFO -magneettikytkin Hall-ilmi\u00f6kytkimet\" width=\"2513\" height=\"1406\" srcset=\"https:\/\/halleffectkeyboard.com\/wp-content\/uploads\/2026\/03\/Hall-Effect-Switches-6.jpg 2513w, https:\/\/halleffectkeyboard.com\/wp-content\/uploads\/2026\/03\/Hall-Effect-Switches-6-300x168.jpg 300w, https:\/\/halleffectkeyboard.com\/wp-content\/uploads\/2026\/03\/Hall-Effect-Switches-6-1024x573.jpg 1024w, https:\/\/halleffectkeyboard.com\/wp-content\/uploads\/2026\/03\/Hall-Effect-Switches-6-768x430.jpg 768w, https:\/\/halleffectkeyboard.com\/wp-content\/uploads\/2026\/03\/Hall-Effect-Switches-6-1536x859.jpg 1536w, https:\/\/halleffectkeyboard.com\/wp-content\/uploads\/2026\/03\/Hall-Effect-Switches-6-2048x1146.jpg 2048w, https:\/\/halleffectkeyboard.com\/wp-content\/uploads\/2026\/03\/Hall-Effect-Switches-6-18x10.jpg 18w, https:\/\/halleffectkeyboard.com\/wp-content\/uploads\/2026\/03\/Hall-Effect-Switches-6-1200x671.jpg 1200w\" sizes=\"auto, (max-width: 2513px) 100vw, 2513px\" \/><img loading=\"lazy\" decoding=\"async\" class=\"alignnone size-full wp-image-3729\" src=\"https:\/\/halleffectkeyboard.com\/wp-content\/uploads\/2026\/03\/Hall-Effect-Switches-7.jpg\" alt=\"GravaStar UFO -magneettikytkin Hall-ilmi\u00f6kytkimet\" width=\"2513\" height=\"1406\" srcset=\"https:\/\/halleffectkeyboard.com\/wp-content\/uploads\/2026\/03\/Hall-Effect-Switches-7.jpg 2513w, https:\/\/halleffectkeyboard.com\/wp-content\/uploads\/2026\/03\/Hall-Effect-Switches-7-300x168.jpg 300w, https:\/\/halleffectkeyboard.com\/wp-content\/uploads\/2026\/03\/Hall-Effect-Switches-7-1024x573.jpg 1024w, https:\/\/halleffectkeyboard.com\/wp-content\/uploads\/2026\/03\/Hall-Effect-Switches-7-768x430.jpg 768w, https:\/\/halleffectkeyboard.com\/wp-content\/uploads\/2026\/03\/Hall-Effect-Switches-7-1536x859.jpg 1536w, https:\/\/halleffectkeyboard.com\/wp-content\/uploads\/2026\/03\/Hall-Effect-Switches-7-2048x1146.jpg 2048w, https:\/\/halleffectkeyboard.com\/wp-content\/uploads\/2026\/03\/Hall-Effect-Switches-7-18x10.jpg 18w, https:\/\/halleffectkeyboard.com\/wp-content\/uploads\/2026\/03\/Hall-Effect-Switches-7-1200x671.jpg 1200w\" sizes=\"auto, (max-width: 2513px) 100vw, 2513px\" \/><img loading=\"lazy\" decoding=\"async\" class=\"alignnone size-full wp-image-3730\" src=\"https:\/\/halleffectkeyboard.com\/wp-content\/uploads\/2026\/03\/Hall-Effect-Switches-8-scaled.jpg\" alt=\"GravaStar UFO -magneettikytkin Hall-ilmi\u00f6kytkimet\" width=\"2560\" height=\"1440\" srcset=\"https:\/\/halleffectkeyboard.com\/wp-content\/uploads\/2026\/03\/Hall-Effect-Switches-8-scaled.jpg 2560w, https:\/\/halleffectkeyboard.com\/wp-content\/uploads\/2026\/03\/Hall-Effect-Switches-8-300x169.jpg 300w, https:\/\/halleffectkeyboard.com\/wp-content\/uploads\/2026\/03\/Hall-Effect-Switches-8-1024x576.jpg 1024w, https:\/\/halleffectkeyboard.com\/wp-content\/uploads\/2026\/03\/Hall-Effect-Switches-8-768x432.jpg 768w, https:\/\/halleffectkeyboard.com\/wp-content\/uploads\/2026\/03\/Hall-Effect-Switches-8-1536x864.jpg 1536w, https:\/\/halleffectkeyboard.com\/wp-content\/uploads\/2026\/03\/Hall-Effect-Switches-8-2048x1152.jpg 2048w, https:\/\/halleffectkeyboard.com\/wp-content\/uploads\/2026\/03\/Hall-Effect-Switches-8-18x10.jpg 18w, https:\/\/halleffectkeyboard.com\/wp-content\/uploads\/2026\/03\/Hall-Effect-Switches-8-1200x675.jpg 1200w\" sizes=\"auto, (max-width: 2560px) 100vw, 2560px\" \/><img loading=\"lazy\" decoding=\"async\" class=\"alignnone size-full wp-image-3732\" src=\"https:\/\/halleffectkeyboard.com\/wp-content\/uploads\/2026\/03\/Hall-Effect-Switches-10-scaled.jpg\" alt=\"GravaStar UFO -magneettikytkin Hall-ilmi\u00f6kytkimet\" width=\"2560\" height=\"1440\" srcset=\"https:\/\/halleffectkeyboard.com\/wp-content\/uploads\/2026\/03\/Hall-Effect-Switches-10-scaled.jpg 2560w, https:\/\/halleffectkeyboard.com\/wp-content\/uploads\/2026\/03\/Hall-Effect-Switches-10-300x169.jpg 300w, https:\/\/halleffectkeyboard.com\/wp-content\/uploads\/2026\/03\/Hall-Effect-Switches-10-1024x576.jpg 1024w, https:\/\/halleffectkeyboard.com\/wp-content\/uploads\/2026\/03\/Hall-Effect-Switches-10-768x432.jpg 768w, https:\/\/halleffectkeyboard.com\/wp-content\/uploads\/2026\/03\/Hall-Effect-Switches-10-1536x864.jpg 1536w, https:\/\/halleffectkeyboard.com\/wp-content\/uploads\/2026\/03\/Hall-Effect-Switches-10-2048x1152.jpg 2048w, https:\/\/halleffectkeyboard.com\/wp-content\/uploads\/2026\/03\/Hall-Effect-Switches-10-18x10.jpg 18w, https:\/\/halleffectkeyboard.com\/wp-content\/uploads\/2026\/03\/Hall-Effect-Switches-10-1200x675.jpg 1200w\" sizes=\"auto, (max-width: 2560px) 100vw, 2560px\" \/><img loading=\"lazy\" decoding=\"async\" class=\"alignnone size-full wp-image-3733\" src=\"https:\/\/halleffectkeyboard.com\/wp-content\/uploads\/2026\/03\/Hall-Effect-Switches-11-scaled.jpg\" alt=\"GravaStar UFO -magneettikytkin Hall-ilmi\u00f6kytkimet\" width=\"2560\" height=\"1440\" srcset=\"https:\/\/halleffectkeyboard.com\/wp-content\/uploads\/2026\/03\/Hall-Effect-Switches-11-scaled.jpg 2560w, https:\/\/halleffectkeyboard.com\/wp-content\/uploads\/2026\/03\/Hall-Effect-Switches-11-300x169.jpg 300w, https:\/\/halleffectkeyboard.com\/wp-content\/uploads\/2026\/03\/Hall-Effect-Switches-11-1024x576.jpg 1024w, https:\/\/halleffectkeyboard.com\/wp-content\/uploads\/2026\/03\/Hall-Effect-Switches-11-768x432.jpg 768w, https:\/\/halleffectkeyboard.com\/wp-content\/uploads\/2026\/03\/Hall-Effect-Switches-11-1536x864.jpg 1536w, https:\/\/halleffectkeyboard.com\/wp-content\/uploads\/2026\/03\/Hall-Effect-Switches-11-2048x1152.jpg 2048w, https:\/\/halleffectkeyboard.com\/wp-content\/uploads\/2026\/03\/Hall-Effect-Switches-11-18x10.jpg 18w, https:\/\/halleffectkeyboard.com\/wp-content\/uploads\/2026\/03\/Hall-Effect-Switches-11-1200x675.jpg 1200w\" sizes=\"auto, (max-width: 2560px) 100vw, 2560px\" \/> <img loading=\"lazy\" decoding=\"async\" class=\"alignnone size-full wp-image-3734\" src=\"https:\/\/halleffectkeyboard.com\/wp-content\/uploads\/2026\/03\/Hall-Effect-Switches-12-scaled.jpg\" alt=\"GravaStar UFO -magneettikytkin Hall-ilmi\u00f6kytkimet\" width=\"2560\" height=\"1440\" srcset=\"https:\/\/halleffectkeyboard.com\/wp-content\/uploads\/2026\/03\/Hall-Effect-Switches-12-scaled.jpg 2560w, https:\/\/halleffectkeyboard.com\/wp-content\/uploads\/2026\/03\/Hall-Effect-Switches-12-300x169.jpg 300w, https:\/\/halleffectkeyboard.com\/wp-content\/uploads\/2026\/03\/Hall-Effect-Switches-12-1024x576.jpg 1024w, https:\/\/halleffectkeyboard.com\/wp-content\/uploads\/2026\/03\/Hall-Effect-Switches-12-768x432.jpg 768w, https:\/\/halleffectkeyboard.com\/wp-content\/uploads\/2026\/03\/Hall-Effect-Switches-12-1536x864.jpg 1536w, https:\/\/halleffectkeyboard.com\/wp-content\/uploads\/2026\/03\/Hall-Effect-Switches-12-2048x1152.jpg 2048w, https:\/\/halleffectkeyboard.com\/wp-content\/uploads\/2026\/03\/Hall-Effect-Switches-12-18x10.jpg 18w, https:\/\/halleffectkeyboard.com\/wp-content\/uploads\/2026\/03\/Hall-Effect-Switches-12-1200x675.jpg 1200w\" sizes=\"auto, (max-width: 2560px) 100vw, 2560px\" \/><\/p>","protected":false},"excerpt":{"rendered":"<p>GravaStar UFO Hall -kytkimet tarjoavat \u00e4\u00e4rimm\u00e4isen tarkkuuden pelaamiseen. Nauti salamannopeasta lineaarisesta vasteajasta ja s\u00e4\u00e4dett\u00e4v\u00e4st\u00e4 RT-toiminnasta.<\/p>","protected":false},"featured_media":3707,"comment_status":"open","ping_status":"closed","template":"","meta":[],"product_brand":[320],"product_cat":[138,323],"product_tag":[185],"class_list":{"0":"post-3690","1":"product","2":"type-product","3":"status-publish","4":"has-post-thumbnail","6":"product_brand-gravastar","7":"product_cat-hall-effect-switches","8":"product_cat-switches","9":"product_tag-hall-effect-switches","11":"first","12":"instock","13":"taxable","14":"shipping-taxable","15":"purchasable","16":"product-type-variable","17":"wvs-archive-product-wrapper"},"aioseo_notices":[],"ct_brands":[{"id":320,"name":"GravaStar","slug":"gravastar"}],"jetpack_sharing_enabled":true,"_links":{"self":[{"href":"https:\/\/halleffectkeyboard.com\/fi\/wp-json\/wp\/v2\/product\/3690","targetHints":{"allow":["GET"]}}],"collection":[{"href":"https:\/\/halleffectkeyboard.com\/fi\/wp-json\/wp\/v2\/product"}],"about":[{"href":"https:\/\/halleffectkeyboard.com\/fi\/wp-json\/wp\/v2\/types\/product"}],"replies":[{"embeddable":true,"href":"https:\/\/halleffectkeyboard.com\/fi\/wp-json\/wp\/v2\/comments?post=3690"}],"version-history":[{"count":3,"href":"https:\/\/halleffectkeyboard.com\/fi\/wp-json\/wp\/v2\/product\/3690\/revisions"}],"predecessor-version":[{"id":3735,"href":"https:\/\/halleffectkeyboard.com\/fi\/wp-json\/wp\/v2\/product\/3690\/revisions\/3735"}],"wp:featuredmedia":[{"embeddable":true,"href":"https:\/\/halleffectkeyboard.com\/fi\/wp-json\/wp\/v2\/media\/3707"}],"wp:attachment":[{"href":"https:\/\/halleffectkeyboard.com\/fi\/wp-json\/wp\/v2\/media?parent=3690"}],"wp:term":[{"taxonomy":"product_brand","embeddable":true,"href":"https:\/\/halleffectkeyboard.com\/fi\/wp-json\/wp\/v2\/product_brand?post=3690"},{"taxonomy":"product_cat","embeddable":true,"href":"https:\/\/halleffectkeyboard.com\/fi\/wp-json\/wp\/v2\/product_cat?post=3690"},{"taxonomy":"product_tag","embeddable":true,"href":"https:\/\/halleffectkeyboard.com\/fi\/wp-json\/wp\/v2\/product_tag?post=3690"}],"curies":[{"name":"wp","href":"https:\/\/api.w.org\/{rel}","templated":true}]}}