{"id":3499,"date":"2026-02-04T21:11:26","date_gmt":"2026-02-04T13:11:26","guid":{"rendered":"https:\/\/halleffectkeyboard.com\/?post_type=product&#038;p=3499"},"modified":"2026-02-04T21:11:26","modified_gmt":"2026-02-04T13:11:26","slug":"nappainhatun-ulosvetaja","status":"publish","type":"product","link":"https:\/\/halleffectkeyboard.com\/fi\/product\/nappainhatun-ulosvetaja\/","title":{"rendered":"N\u00e4pp\u00e4inhatun ulosvet\u00e4j\u00e4"},"content":{"rendered":"<h2 data-start=\"122\" data-end=\"164\">4-n\u00e4pp\u00e4ininen ruostumaton ter\u00e4s <strong data-start=\"147\" data-end=\"164\">N\u00e4pp\u00e4inhatun ulosvet\u00e4j\u00e4<\/strong><\/h2>\n<p data-start=\"166\" data-end=\"235\"><strong data-start=\"166\" data-end=\"235\">Vaivaton poisto \u00b7 Vaurioitumaton \u00b7 Rakennettu mekaanisille n\u00e4pp\u00e4imist\u00f6ille<\/strong><\/p>\n<p data-start=\"237\" data-end=\"520\"><strong data-start=\"237\" data-end=\"254\">N\u00e4pp\u00e4inhatun ulosvet\u00e4j\u00e4<\/strong> T\u00e4m\u00e4 ammattilaistason ty\u00f6kalu on suunniteltu nopeaan, turvalliseen ja tehokkaaseen n\u00e4pp\u00e4inhattujen poistoon, ja siin\u00e4 on innovatiivinen <strong data-start=\"356\" data-end=\"396\">nelj\u00e4n n\u00e4pp\u00e4imen samanaikainen veto<\/strong> jonka avulla useita n\u00e4pp\u00e4inhattuja voidaan irrottaa kerralla, mik\u00e4 parantaa huomattavasti puhdistusnopeutta ja n\u00e4pp\u00e4imist\u00f6n mukauttamisen tehokkuutta.<\/p>\n<p data-start=\"522\" data-end=\"834\">Rakennettu <strong data-start=\"533\" data-end=\"568\">420 runsashiilinen ruostumaton ter\u00e4s<\/strong>, t\u00e4m\u00e4 <strong data-start=\"575\" data-end=\"592\">n\u00e4pp\u00e4inhatun ulosvet\u00e4j\u00e4<\/strong> tarjoaa erinomaisen kest\u00e4vyyden ja kulutuskest\u00e4vyyden. Metallikynnet on l\u00e4mp\u00f6k\u00e4sitelty ja elektrolyyttisesti passivoitu suojaavan pintakerroksen muodostamiseksi, ja hienoksi kiillotetut reunat takaavat turvallisen k\u00e4sittelyn ja est\u00e4v\u00e4t n\u00e4pp\u00e4inhattujen tai kytkimien vaurioitumisen.<\/p>\n<p data-start=\"836\" data-end=\"1183\">Toisin kuin tavalliset n\u00e4pp\u00e4inhattuirrottajat, t\u00e4m\u00e4 <strong data-start=\"874\" data-end=\"901\">monin\u00e4pp\u00e4inn\u00e4pp\u00e4inhatun vedin<\/strong> on varustettu vahvistetulla jousij\u00e4rjestelm\u00e4ll\u00e4 ja upotetulla messinkimutterilla, jotka tarjoavat suuremman kuormituskapasiteetin, tasaisemman toiminnan ja pitk\u00e4aikaisen vakauden. Kompakti ja kevyt rakenne tekee t\u00e4st\u00e4 <strong data-start=\"1101\" data-end=\"1118\">n\u00e4pp\u00e4inhatun ulosvet\u00e4j\u00e4<\/strong> Helppo s\u00e4ilytt\u00e4\u00e4 ja kuljettaa, t\u00e4ydellinen n\u00e4pp\u00e4imist\u00f6n p\u00e4ivitt\u00e4iseen huoltoon.<\/p>\n<p data-start=\"1185\" data-end=\"1555\">Ergonominen kahva ja tarkka sormien asettelu takaavat mukavan otteen ja vaivattoman hallinnan, joten sek\u00e4 aloittelijat ett\u00e4 n\u00e4pp\u00e4imist\u00f6harrastajat voivat k\u00e4ytt\u00e4\u00e4 t\u00e4t\u00e4 soitinta. <strong data-start=\"1354\" data-end=\"1371\">n\u00e4pp\u00e4inhatun ulosvet\u00e4j\u00e4<\/strong> nopeasti ja turvallisesti. Tarkan kiinnitysrakenteensa ansiosta t\u00e4m\u00e4 <strong data-start=\"1440\" data-end=\"1457\">n\u00e4pp\u00e4inhatun ulosvet\u00e4j\u00e4<\/strong> on laajalti yhteensopiva useimpien mekaanisten n\u00e4pp\u00e4imist\u00f6jen n\u00e4pp\u00e4inhattujen kanssa eri asetteluissa ja profiileissa.<\/p>\n<h3 data-start=\"1557\" data-end=\"1571\">K\u00e4ytt\u00f6ohjeet<\/h3>\n<p data-start=\"1572\" data-end=\"1797\">Aseta vain <strong data-start=\"1589\" data-end=\"1606\">n\u00e4pp\u00e4inhatun ulosvet\u00e4j\u00e4<\/strong> Tartu n\u00e4pp\u00e4inhattuihin molemmin puolin oleviin kynsiin, ved\u00e4 tasaisesti yl\u00f6sp\u00e4in ja irrota n\u00e4pp\u00e4inhatut siististi. N\u00e4pp\u00e4inten paikkoja ei tarvitse sovittaa uudelleen, joten mukauttaminen ja puhdistaminen on nopeaa ja vaivatonta.<\/p>\n<h3 data-start=\"1799\" data-end=\"1810\">Yhteenveto<\/h3>\n<p data-start=\"1811\" data-end=\"2046\">Yhdist\u00e4minen <strong data-start=\"1821\" data-end=\"1854\">nelj\u00e4n n\u00e4pp\u00e4imen samanaikainen poisto<\/strong>, <strong data-start=\"1856\" data-end=\"1881\">vaurioton toiminta<\/strong>ja <strong data-start=\"1889\" data-end=\"1922\">kest\u00e4v\u00e4 ruostumattomasta ter\u00e4ksest\u00e4 valmistettu rakenne<\/strong>, t\u00e4m\u00e4 <strong data-start=\"1929\" data-end=\"1946\">n\u00e4pp\u00e4inhatun ulosvet\u00e4j\u00e4<\/strong> on v\u00e4ltt\u00e4m\u00e4t\u00f6n ty\u00f6kalu kaikille, jotka s\u00e4\u00e4nn\u00f6llisesti puhdistavat, mukauttavat tai p\u00e4ivitt\u00e4v\u00e4t mekaanisia n\u00e4pp\u00e4imist\u00f6j\u00e4.<\/p>\n<p data-start=\"1811\" data-end=\"2046\"><img loading=\"lazy\" decoding=\"async\" class=\"alignnone size-full wp-image-3517\" src=\"https:\/\/halleffectkeyboard.com\/wp-content\/uploads\/2026\/02\/12-2.jpg\" alt=\"n\u00e4pp\u00e4inhatun ulosvet\u00e4j\u00e4\" width=\"1883\" height=\"1981\" srcset=\"https:\/\/halleffectkeyboard.com\/wp-content\/uploads\/2026\/02\/12-2.jpg 1883w, https:\/\/halleffectkeyboard.com\/wp-content\/uploads\/2026\/02\/12-2-285x300.jpg 285w, https:\/\/halleffectkeyboard.com\/wp-content\/uploads\/2026\/02\/12-2-973x1024.jpg 973w, https:\/\/halleffectkeyboard.com\/wp-content\/uploads\/2026\/02\/12-2-768x808.jpg 768w, https:\/\/halleffectkeyboard.com\/wp-content\/uploads\/2026\/02\/12-2-1460x1536.jpg 1460w, https:\/\/halleffectkeyboard.com\/wp-content\/uploads\/2026\/02\/12-2-11x12.jpg 11w, https:\/\/halleffectkeyboard.com\/wp-content\/uploads\/2026\/02\/12-2-300x316.jpg 300w, https:\/\/halleffectkeyboard.com\/wp-content\/uploads\/2026\/02\/12-2-1200x1262.jpg 1200w\" sizes=\"auto, (max-width: 1883px) 100vw, 1883px\" \/><img loading=\"lazy\" decoding=\"async\" class=\"alignnone size-full wp-image-3518\" src=\"https:\/\/halleffectkeyboard.com\/wp-content\/uploads\/2026\/02\/13.jpg\" alt=\"n\u00e4pp\u00e4inhatun ulosvet\u00e4j\u00e4\" width=\"2000\" height=\"1708\" srcset=\"https:\/\/halleffectkeyboard.com\/wp-content\/uploads\/2026\/02\/13.jpg 2000w, https:\/\/halleffectkeyboard.com\/wp-content\/uploads\/2026\/02\/13-300x256.jpg 300w, https:\/\/halleffectkeyboard.com\/wp-content\/uploads\/2026\/02\/13-1024x874.jpg 1024w, https:\/\/halleffectkeyboard.com\/wp-content\/uploads\/2026\/02\/13-768x656.jpg 768w, https:\/\/halleffectkeyboard.com\/wp-content\/uploads\/2026\/02\/13-1536x1312.jpg 1536w, https:\/\/halleffectkeyboard.com\/wp-content\/uploads\/2026\/02\/13-14x12.jpg 14w, https:\/\/halleffectkeyboard.com\/wp-content\/uploads\/2026\/02\/13-1200x1025.jpg 1200w\" sizes=\"auto, (max-width: 2000px) 100vw, 2000px\" \/><\/p>\n<p data-start=\"1811\" data-end=\"2046\">","protected":false},"excerpt":{"rendered":"<p>4-Key Stainless Steel Keycap Puller Effortless Removal \u00b7 Damage-Free \u00b7 Built for Mechanical Keyboards Keycap Puller designed for fast, safe, and efficient keycap removal, this professional tool features an innovative four-key simultaneous pulling design that allows multiple keycaps to be removed at once, greatly improving cleaning speed and keyboard customization efficiency. Built with 420 high-carbon [&hellip;]<\/p>\n","protected":false},"featured_media":3502,"comment_status":"open","ping_status":"closed","template":"","meta":[],"product_brand":[191],"product_cat":[290],"product_tag":[291,292],"class_list":{"0":"post-3499","1":"product","2":"type-product","3":"status-publish","4":"has-post-thumbnail","6":"product_brand-hek","7":"product_cat-tool","8":"product_tag-keycap-puller","9":"product_tag-tool","11":"first","12":"instock","13":"taxable","14":"shipping-taxable","15":"purchasable","16":"product-type-variable","17":"wvs-archive-product-wrapper"},"aioseo_notices":[],"ct_brands":[{"id":191,"name":"HEK","slug":"hek"}],"jetpack_sharing_enabled":true,"_links":{"self":[{"href":"https:\/\/halleffectkeyboard.com\/fi\/wp-json\/wp\/v2\/product\/3499","targetHints":{"allow":["GET"]}}],"collection":[{"href":"https:\/\/halleffectkeyboard.com\/fi\/wp-json\/wp\/v2\/product"}],"about":[{"href":"https:\/\/halleffectkeyboard.com\/fi\/wp-json\/wp\/v2\/types\/product"}],"replies":[{"embeddable":true,"href":"https:\/\/halleffectkeyboard.com\/fi\/wp-json\/wp\/v2\/comments?post=3499"}],"version-history":[{"count":5,"href":"https:\/\/halleffectkeyboard.com\/fi\/wp-json\/wp\/v2\/product\/3499\/revisions"}],"predecessor-version":[{"id":3519,"href":"https:\/\/halleffectkeyboard.com\/fi\/wp-json\/wp\/v2\/product\/3499\/revisions\/3519"}],"wp:featuredmedia":[{"embeddable":true,"href":"https:\/\/halleffectkeyboard.com\/fi\/wp-json\/wp\/v2\/media\/3502"}],"wp:attachment":[{"href":"https:\/\/halleffectkeyboard.com\/fi\/wp-json\/wp\/v2\/media?parent=3499"}],"wp:term":[{"taxonomy":"product_brand","embeddable":true,"href":"https:\/\/halleffectkeyboard.com\/fi\/wp-json\/wp\/v2\/product_brand?post=3499"},{"taxonomy":"product_cat","embeddable":true,"href":"https:\/\/halleffectkeyboard.com\/fi\/wp-json\/wp\/v2\/product_cat?post=3499"},{"taxonomy":"product_tag","embeddable":true,"href":"https:\/\/halleffectkeyboard.com\/fi\/wp-json\/wp\/v2\/product_tag?post=3499"}],"curies":[{"name":"wp","href":"https:\/\/api.w.org\/{rel}","templated":true}]}}