{"id":2863,"date":"2025-08-16T20:58:25","date_gmt":"2025-08-16T12:58:25","guid":{"rendered":"https:\/\/halleffectkeyboard.com\/?post_type=product&#038;p=2863"},"modified":"2026-03-16T18:04:33","modified_gmt":"2026-03-16T10:04:33","slug":"gateron-jade-hall-effect-switches","status":"publish","type":"product","link":"https:\/\/halleffectkeyboard.com\/fi\/tuote\/gateronin-jade-halliefektikytkimet\/","title":{"rendered":"Gateron Jade Hall -efektikytkimet"},"content":{"rendered":"<h1 data-start=\"147\" data-end=\"212\">Gateron Jade Hall -efektikytkimet \u2013 Sulavat, kest\u00e4v\u00e4t ja tarkat<\/h1>\n<p data-start=\"214\" data-end=\"546\">The <strong data-start=\"218\" data-end=\"255\">Gateron Jade Hall -efektikytkimet<\/strong> tuovat uuden tason sujuvuutta ja kest\u00e4vyytt\u00e4 nykyaikaisiin <strong data-start=\"313\" data-end=\"338\">Hall-ilmi\u00f6ll\u00e4 toimivat n\u00e4pp\u00e4imist\u00f6t<\/strong>. Rakennettu edistyneill\u00e4 ominaisuuksilla <strong data-start=\"360\" data-end=\"379\">magneettikytkin<\/strong> teknologian ansiosta ne tarjoavat vakaan suorituskyvyn, mukautettavan toiminnan ja eritt\u00e4in pitk\u00e4n k\u00e4ytt\u00f6i\u00e4n, mik\u00e4 tekee niist\u00e4 t\u00e4ydellisen valinnan sek\u00e4 pelaajille ett\u00e4 kirjoitusharrastajille.<\/p>\n<h2 data-start=\"548\" data-end=\"565\">T\u00e4rkeimm\u00e4t ominaisuudet<\/h2>\n<h3 data-start=\"567\" data-end=\"599\">Eritt\u00e4in sujuva lineaarinen kirjoittaminen<\/h3>\n<p data-start=\"600\" data-end=\"838\">Jade-kytkimiss\u00e4 on <strong data-start=\"628\" data-end=\"651\">lineaarinen kirjoitustyyli<\/strong> kanssa <strong data-start=\"660\" data-end=\"687\">alkuvoima 30\u00b17 gf<\/strong> ja <strong data-start=\"692\" data-end=\"730\">kokonaisliikematka 3,5 \u00b1 0,2 mm<\/strong>. Jokainen n\u00e4pp\u00e4inpainallus tuntuu vaivattomalta ja herk\u00e4lt\u00e4, mik\u00e4 tarjoaa eritt\u00e4in sulavan kirjoitus- ja pelikokemuksen.<\/p>\n<h3 data-start=\"840\" data-end=\"878\">Magneettinen tarkkuus ja joustavuus<\/h3>\n<p data-start=\"879\" data-end=\"1162\">Kanssa <strong data-start=\"887\" data-end=\"924\">alkumagneettivuo 120\u00b115Gs<\/strong> ja <strong data-start=\"929\" data-end=\"969\">alhaalta yl\u00f6sp\u00e4in suuntautuva magneettivuo 700\u00b180Gs<\/strong>, n\u00e4m\u00e4 <strong data-start=\"977\" data-end=\"1001\">Hall-kytkimet<\/strong> tarjoavat tarkan n\u00e4pp\u00e4inpainallusten tunnistuksen. Vapaasti s\u00e4\u00e4dett\u00e4v\u00e4n esiliikkeen ansiosta k\u00e4ytt\u00e4j\u00e4t voivat mukauttaa k\u00e4ytt\u00f6pisteit\u00e4 vastaamaan omaa pelityyli\u00e4\u00e4n tai ty\u00f6nkulkuaan.<\/p>\n<h3 data-start=\"1164\" data-end=\"1195\">Esivoideltu tasalaatuisuuden takaamiseksi<\/h3>\n<p data-start=\"1196\" data-end=\"1363\">Jokainen kytkin on <strong data-start=\"1212\" data-end=\"1225\">esivoideltu<\/strong> minimoi kitkan ja tarjoaa tasaisen tasaisuuden heti pakkauksesta otettaessa, varmistaen hienostuneen tuntuman ilman ylim\u00e4\u00e4r\u00e4ist\u00e4 s\u00e4\u00e4t\u00f6\u00e4.<\/p>\n<h3 data-start=\"1365\" data-end=\"1394\">Pitk\u00e4kestoinen kest\u00e4vyys<\/h3>\n<p data-start=\"1395\" data-end=\"1585\">Gateron Jade -magneettikytkimet on suunniteltu kovaan k\u00e4ytt\u00f6\u00f6n, ja niiss\u00e4 on uskomaton ominaisuus. <strong data-start=\"1474\" data-end=\"1508\">100 miljoonan n\u00e4pp\u00e4inpainalluksen k\u00e4ytt\u00f6ik\u00e4<\/strong>, mik\u00e4 tekee niist\u00e4 yhden luotettavimmista <strong data-start=\"1547\" data-end=\"1568\">n\u00e4pp\u00e4imist\u00f6kytkimet<\/strong> markkinoilla.<\/p>\n<h2 data-start=\"1587\" data-end=\"1613\">T\u00e4ydellinen mihin tahansa asetelmaan<\/h2>\n<p data-start=\"1614\" data-end=\"1672\">The <strong data-start=\"1618\" data-end=\"1655\">Gateron Jade Hall -efektikytkimet<\/strong> sopivat erinomaisesti:<\/p>\n<ul data-start=\"1673\" data-end=\"1922\">\n<li data-start=\"1673\" data-end=\"1737\">\n<p data-start=\"1675\" data-end=\"1737\">Kilpailukykyinen <strong data-start=\"1687\" data-end=\"1707\">pelin\u00e4pp\u00e4imist\u00f6t<\/strong> mukautettavalla toimilaitteella<\/p>\n<\/li>\n<li data-start=\"1738\" data-end=\"1802\">\n<p data-start=\"1740\" data-end=\"1802\">Huippusuorituskykyinen <strong data-start=\"1757\" data-end=\"1782\">Hall-ilmi\u00f6ll\u00e4 toimivat n\u00e4pp\u00e4imist\u00f6t<\/strong> ammattilaisille<\/p>\n<\/li>\n<li data-start=\"1803\" data-end=\"1862\">\n<p data-start=\"1805\" data-end=\"1862\">Harrastaja rakentaa premium-tasoa <strong data-start=\"1839\" data-end=\"1860\">magneettikytkimet<\/strong><\/p>\n<\/li>\n<li data-start=\"1863\" data-end=\"1922\">\n<p data-start=\"1865\" data-end=\"1922\">Kest\u00e4v\u00e4t asetukset pitk\u00e4aikaiseen tuottavuuteen ja tarkkuuteen<\/p>\n<\/li>\n<\/ul>","protected":false},"excerpt":{"rendered":"<p>Gateron Jade Hall Effect Switches \u2013 Smooth, Durable &amp; Precise The Gateron Jade Hall Effect Switches bring a new level of smoothness and durability to modern Hall Effect keyboards. Built with advanced magnetic switch technology, they deliver stable performance, customizable actuation, and ultra-long lifespan, making them the perfect choice for both gamers and typing enthusiasts. [&hellip;]<\/p>\n","protected":false},"featured_media":2864,"comment_status":"open","ping_status":"closed","template":"","meta":[],"product_brand":[184],"product_cat":[138,323],"product_tag":[185],"class_list":{"0":"post-2863","1":"product","2":"type-product","3":"status-publish","4":"has-post-thumbnail","6":"product_brand-gateron","7":"product_cat-hall-effect-switches","8":"product_cat-switches","9":"product_tag-hall-effect-switches","11":"first","12":"instock","13":"taxable","14":"shipping-taxable","15":"purchasable","16":"product-type-variable","17":"wvs-archive-product-wrapper"},"aioseo_notices":[],"ct_brands":[{"id":184,"name":"Gateron","slug":"gateron"}],"jetpack_sharing_enabled":true,"_links":{"self":[{"href":"https:\/\/halleffectkeyboard.com\/fi\/wp-json\/wp\/v2\/product\/2863","targetHints":{"allow":["GET"]}}],"collection":[{"href":"https:\/\/halleffectkeyboard.com\/fi\/wp-json\/wp\/v2\/product"}],"about":[{"href":"https:\/\/halleffectkeyboard.com\/fi\/wp-json\/wp\/v2\/types\/product"}],"replies":[{"embeddable":true,"href":"https:\/\/halleffectkeyboard.com\/fi\/wp-json\/wp\/v2\/comments?post=2863"}],"version-history":[{"count":1,"href":"https:\/\/halleffectkeyboard.com\/fi\/wp-json\/wp\/v2\/product\/2863\/revisions"}],"predecessor-version":[{"id":2868,"href":"https:\/\/halleffectkeyboard.com\/fi\/wp-json\/wp\/v2\/product\/2863\/revisions\/2868"}],"wp:featuredmedia":[{"embeddable":true,"href":"https:\/\/halleffectkeyboard.com\/fi\/wp-json\/wp\/v2\/media\/2864"}],"wp:attachment":[{"href":"https:\/\/halleffectkeyboard.com\/fi\/wp-json\/wp\/v2\/media?parent=2863"}],"wp:term":[{"taxonomy":"product_brand","embeddable":true,"href":"https:\/\/halleffectkeyboard.com\/fi\/wp-json\/wp\/v2\/product_brand?post=2863"},{"taxonomy":"product_cat","embeddable":true,"href":"https:\/\/halleffectkeyboard.com\/fi\/wp-json\/wp\/v2\/product_cat?post=2863"},{"taxonomy":"product_tag","embeddable":true,"href":"https:\/\/halleffectkeyboard.com\/fi\/wp-json\/wp\/v2\/product_tag?post=2863"}],"curies":[{"name":"wp","href":"https:\/\/api.w.org\/{rel}","templated":true}]}}