{"id":2272,"date":"2025-05-05T19:53:17","date_gmt":"2025-05-05T11:53:17","guid":{"rendered":"https:\/\/halleffectkeyboard.com\/?page_id=2272"},"modified":"2025-05-05T20:09:22","modified_gmt":"2025-05-05T12:09:22","slug":"shipping-policy","status":"publish","type":"page","link":"https:\/\/halleffectkeyboard.com\/fi\/toimituskaytanto\/","title":{"rendered":"Toimitusk\u00e4yt\u00e4nt\u00f6"},"content":{"rendered":"<h1 class=\"wp-block-heading\">Aula-n\u00e4pp\u00e4imist\u00f6n toimitusk\u00e4yt\u00e4nt\u00f6 | Maailmanlaajuinen toimitus- ja palveluopas<\/h1>\n\n\n\n<h2 class=\"wp-block-heading\">Osoitetiedot ja niiden muokkaaminen<\/h2>\n\n\n\n<h3 class=\"wp-block-heading\">Osoitteen tarkkuus<\/h3>\n\n\n\n<ul class=\"wp-block-list\">\n<li><strong>Kielitaitovaatimukset<\/strong>Anna osoitteet englanniksi, mukaan lukien katunumero, rakennuksen numero, huoneen numero ja postinumero.<\/li>\n\n\n\n<li><strong>Muokkausprosessi<\/strong>Muutoksia varten ota meihin yhteytt\u00e4 ennen l\u00e4hetyst\u00e4; ei muutoksia l\u00e4hetyksen j\u00e4lkeen.<\/li>\n<\/ul>\n\n\n\n<h2 class=\"wp-block-heading\">Tilauksen k\u00e4sittelyaika<\/h2>\n\n\n\n<ul class=\"wp-block-list\">\n<li><strong>Vakiok\u00e4sittely<\/strong>L\u00e4hetet\u00e4\u00e4n 1\u20133 arkip\u00e4iv\u00e4n kuluessa.<\/li>\n\n\n\n<li><strong>Huippuk\u00e4sittely<\/strong>Jopa 15 arkip\u00e4iv\u00e4\u00e4 kampanja-aikoina.<\/li>\n<\/ul>\n\n\n\n<h2 class=\"wp-block-heading\">Toimitustavat<\/h2>\n\n\n\n<h3 class=\"wp-block-heading\">Vakiotoimitus \u2013 Yun Express<\/h3>\n\n\n\n<ul class=\"wp-block-list\">\n<li><strong>Aikataulu<\/strong>7\u201314 arkip\u00e4iv\u00e4\u00e4<\/li>\n\n\n\n<li><strong>Paras<\/strong>Kustannustehokas vaihtoehto ei-kiireellisille tilauksille.<\/li>\n<\/ul>\n\n\n\n<h3 class=\"wp-block-heading\">Pikatoimitus \u2013 DHL\/UPS\/Fedex<\/h3>\n\n\n\n<ul class=\"wp-block-list\">\n<li><strong>Aikataulu<\/strong>1\u20135 arkip\u00e4iv\u00e4\u00e4<\/li>\n\n\n\n<li><strong>Paras<\/strong>Kiireelliset tilaukset, jotka vaativat nopeaa toimitusta.<\/li>\n<\/ul>\n\n\n\n<h2 class=\"wp-block-heading\">Toimituskohteet<\/h2>\n\n\n\n<p>Toimitamme t\u00e4ll\u00e4 hetkell\u00e4 seuraaviin maihin:<\/p>\n\n\n\n<h3 class=\"wp-block-heading\">DHL\/UPS\/Fedex-kattavuus<\/h3>\n\n\n\n<ul class=\"wp-block-list\">\n<li>Afganistan, Albania, Andorra, Argentiina, Armenia, Australia, It\u00e4valta, Bahrain, Valko-Ven\u00e4j\u00e4, Belgia, Bermuda, Brasilia, Brunei, Bulgaria, Burkina Faso, Burundi, Kambod\u017ea, Kanada, Chile, Kroatia, Kypros, T\u0161ekki, Tanska, Egypti, Viro, Suomi, Ranska, Saksa, Gibraltar, Kreikka, Guernsey, Hongkong, Unkari, Islanti, Indonesia, Irlanti, Israel, Italia, Japani, Jersey, Kazakstan, Kuwait, Laos, Latvia, Liechtenstein, Liettua, Luxemburg, Macao, Malesia, Malta, Meksiko, Monaco, Alankomaat, Uusi-Seelanti, Norja, Filippiinit, Puola, Portugali, Romania, San Marino, Saudi-Arabia, Singapore, Slovakia, Slovenia, Etel\u00e4-Afrikka, Etel\u00e4-Korea, Espanja, Ruotsi, Sveitsi, Taiwan, Thaimaa, Turkki, Arabiemiirikunnat, Yhdistynyt kuningaskunta, Yhdysvallat, Vatikaanivaltio, Vietnam.<\/li>\n<\/ul>\n\n\n\n<h3 class=\"wp-block-heading\">Yun Expressin kattavuus<\/h3>\n\n\n\n<ul class=\"wp-block-list\">\n<li><strong>\u00a0<\/strong>Angola, Australia, It\u00e4valta, Bahrain, Belgia, Brasilia, Bulgaria, Kanada, Chile, Kolumbia, Kroatia, Kypros, T\u0161ekki, Tanska, Egypti, Viro, Suomi, Ranska, Saksa, Ghana, Kreikka, Unkari, Irlanti, Israel, Italia, Japani, Jordania, Kenia, Kuwait, Latvia, Libanon, Liettua, Luxemburg, Malesia, Malta, Meksiko, Alankomaat, Uusi-Seelanti, Nigeria, Norja, Pakistan, Filippiinit, Puola, Portugali, Qatar, Romania, Ruanda, Saudi-Arabia, Singapore, Slovakia, Slovenia, Etel\u00e4-Afrikka, Etel\u00e4-Korea, Espanja, Ruotsi, Sveitsi, Tansania, Thaimaa, Turkki, Uganda, Arabiemiirikunnat, Yhdistynyt kuningaskunta, Yhdysvallat, Vietnam.<\/li>\n<\/ul>\n\n\n\n<h2 class=\"wp-block-heading\">Toimittamattomat alueet<\/h2>\n\n\n\n<p><strong>Yun Expressin vakiotoimituksilla on toimittamattomia alueita.<\/strong>&nbsp;Varmista, ett\u00e4 toimitusosoitteesi ei ole n\u00e4ill\u00e4 alueilla, ennen kuin teet tilauksen vakiotoimituksella.<\/p>\n\n\n\n<ol class=\"wp-block-list\">\n<li><strong>Yhteisty\u00f6ss\u00e4 olevat saaret eiv\u00e4t ole oikeutettuja toimitukseen.<\/strong><\/li>\n\n\n\n<li><strong>Yhdistynyt kuningaskunta:<\/strong>\u00a0Merentakaiset alueet ja avomerell\u00e4 sijaitsevat saaret, kuten Brittil\u00e4inen Intian valtameren alue, Brittil\u00e4iset Neitsytsaaret, Guernsey ja Jersey, eiv\u00e4t ole oikeutettuja toimitukseen.<\/li>\n\n\n\n<li><strong>Yhdysvallat:<\/strong>\u00a0Syrj\u00e4iset alueet ja merentakaiset alueet, kuten Puerto Rico ja Guam, eiv\u00e4t kuulu toimituksen piiriin. My\u00f6sk\u00e4\u00e4n APO\/FPO-sotilasosoitteet eiv\u00e4t ole oikeutettuja toimitukseen.<\/li>\n\n\n\n<li><strong>Etel\u00e4-Afrikka:<\/strong>\u00a0Osoitteita, jotka sis\u00e4lt\u00e4v\u00e4t avainsanoja kuten box, posbus, plot, plaas, farm, private bag tai private sak, sek\u00e4 liit\u00e4nn\u00e4issaarten osoitteita ei toimiteta.<\/li>\n\n\n\n<li><strong>Filippiinit\/Chile\/Kolumbia:<\/strong>\u00a0Tietyille rajoitetuille alueille toimitus ei ole mahdollista.<\/li>\n\n\n\n<li><strong>Singapore:<\/strong>\u00a0Toimitus ei ole saatavilla tietyille alueille.<\/li>\n\n\n\n<li><strong>Japani:\u00a0<\/strong>APO\/FPO-sotilasosoitteet ja Amazon-osoitteet eiv\u00e4t kuulu toimitukseen.<\/li>\n\n\n\n<li><strong>Etel\u00e4-Korea:\u00a0<\/strong>Tietyt syrj\u00e4iset alueet eiv\u00e4t ole oikeutettuja toimitukseen. My\u00f6sk\u00e4\u00e4n postilokero- ja sotilasosoitteet eiv\u00e4t ole toimitettavissa.<\/li>\n\n\n\n<li><strong>Arabiemiirikunnat, Saudi-Arabia, Jordania, Libanon:\u00a0<\/strong>Postilokero-osoitteisiin ei voi toimittaa. Varmista, ett\u00e4 antamasi osoite ja puhelinnumero ovat oikein toimitusongelmien v\u00e4ltt\u00e4miseksi, sill\u00e4 yritys ei ole vastuussa virheellisten tietojen aiheuttamista perille toimittamattomista l\u00e4hetyksist\u00e4.<\/li>\n<\/ol>\n\n\n\n<h2 class=\"wp-block-heading\">Tullit ja tuontiverot<\/h2>\n\n\n\n<p><strong>Yleinen k\u00e4yt\u00e4nt\u00f6<\/strong>Vaihtelevien tullik\u00e4yt\u00e4nt\u00f6jen vuoksi emme voi hallita veroja. Tuotteidemme hinnat eiv\u00e4t sis\u00e4ll\u00e4 arvonlis\u00e4veroa tai maasi tuontiveroja. Saat lis\u00e4tietoja n\u00e4ist\u00e4 maksuista ottamalla yhteytt\u00e4 paikalliseen tullitoimistoon.<\/p>\n\n\n\n<p><strong>Verollinen toimitus<\/strong>Yun Expressin vakiotoimitus sis\u00e4lt\u00e4\u00e4 verot useimmissa maissa. Aula Keyboard ei kuitenkaan ole vastuussa paikallisen kuriirin tai tullin aiheuttamista hallinnollisista tai k\u00e4sittelykuluista. Tarkista mahdolliset lis\u00e4maksut paikalliselta tulliviranomaiselta.<\/p>\n\n\n\n<h2 class=\"wp-block-heading\">Toimittamattomat paketit<\/h2>\n\n\n\n<p><strong>Tulliasiat<\/strong>Jos pakettisi on tullivarastossa, ilmoitamme siit\u00e4 sinulle mahdollisimman pian. Vaadittujen tietojen (esim. verojen maksamisen) antamatta j\u00e4tt\u00e4minen voi johtaa paketin palauttamiseen toimitusyhti\u00f6n alkuper\u00e4iseen varastoon tai joissakin tapauksissa sen tuhoutumiseen. Uudelleenl\u00e4hetyksest\u00e4 perit\u00e4\u00e4n lis\u00e4maksu. Jos et nouda pakettia, palautusl\u00e4hetyskulut v\u00e4hennet\u00e4\u00e4n hyvityksest\u00e4si.<\/p>\n\n\n\n<p><strong>Palautetut paketit<\/strong>Jos toimittamaton paketti palautetaan meille, otamme sinuun yhteytt\u00e4 mahdollisten ongelmien ratkaisemiseksi ja uuden l\u00e4hetyksen j\u00e4rjest\u00e4miseksi. Jos uuden l\u00e4hetyksen toimittaminen ei ole mahdollista, hyvit\u00e4mme rahat kokonaisuudessaan, josta on v\u00e4hennetty alkuper\u00e4iset toimituskulut.<\/p>\n\n\n\n<p><strong>Asiakkaan vastuu:&nbsp;<\/strong>Asiakas on vastuussa kaikista seurauksista tai maksuista, jotka aiheutuvat, jos pakettia ei toimiteta seuraavista syist\u00e4:<\/p>\n\n\n\n<ul class=\"wp-block-list\">\n<li>Virheellinen tai puutteellinen osoite tai puhelinnumero.<\/li>\n\n\n\n<li>Vastaanottajaan ei saada yhteytt\u00e4.<\/li>\n\n\n\n<li>Kielt\u00e4ytyminen kuittaamasta pakettia toimituksen yhteydess\u00e4.<\/li>\n\n\n\n<li>Valitsemalla &quot;toimituksen ilman allekirjoitusta&quot;.\u201c<\/li>\n\n\n\n<li>Kielt\u00e4ytyminen maksamasta paikallisia veroja tai k\u00e4sittelymaksuja.<\/li>\n\n\n\n<li>Tarvittavien asiakirjojen toimittamatta j\u00e4tt\u00e4minen tulliselvityst\u00e4 varten.<\/li>\n\n\n\n<li>Vastaanottajan huolimattomuudesta johtuva varkaus tai menetys.<\/li>\n<\/ul>\n\n\n\n<h2 class=\"wp-block-heading\">Miten saan apua tilaukseeni?<\/h2>\n\n\n\n<p><strong>Vahvistus<\/strong>Kun vastaanotat paketin, varmista sen sis\u00e4lt\u00f6 ja kunto ennen kuin allekirjoitat sen vastaanottamisen. Suosittelemme vahvasti, ett\u00e4 kuvaat videon avatessasi paketteja ja tuotteita laatikoista.<\/p>\n\n\n\n<p><strong>Vialliset tai puuttuvat tuotteet<\/strong>Jos tuotteesta puuttuu tai se on viallinen, l\u00e4het\u00e4 s\u00e4hk\u00f6postia osoitteeseen support@halleffectkeyboard.com ja liit\u00e4 mukaan:<\/p>\n\n\n\n<ol class=\"wp-block-list\">\n<li>Sopiva otsikko aiheelle<\/li>\n\n\n\n<li>Tilausnumerosi ja selke\u00e4 kuvaus ongelmasta<\/li>\n\n\n\n<li>Kuvia ja videoita, jotka n\u00e4ytt\u00e4v\u00e4t viallisen\/puuttuvan tuotteen ja toimitustiedot paketissa<\/li>\n<\/ol>\n\n\n\n<p>Jos lis\u00e4todisteita tarvitaan, pyyd\u00e4mme lis\u00e4tietoja. Vahvistuksen j\u00e4lkeen j\u00e4rjest\u00e4mme korvaavan tuotteen, osittaisen hyvityksen tai t\u00e4yden hyvityksen tilanteen mukaan.<\/p>\n\n\n\n<p><strong>V\u00e4\u00e4r\u00e4t tuotteet<\/strong>Aula Keyboard pid\u00e4tt\u00e4\u00e4 oikeuden p\u00e4\u00e4tt\u00e4\u00e4, onko sinun palautettava v\u00e4\u00e4r\u00e4 tuote. Ota meihin ensin yhteytt\u00e4 s\u00e4hk\u00f6postitse. Pyrimme tarkistamaan s\u00e4hk\u00f6postisi 3 arkip\u00e4iv\u00e4n kuluessa.<\/p>\n\n\n\n<h2 class=\"wp-block-heading\">Erityisvaatimukset<\/h2>\n\n\n\n<p><strong>Kiina<\/strong>Macaon (SAR), Hongkongin (SAR) ja Taiwanin osalta t\u00e4yt\u00e4 osoite ja nimet kiinaksi.<\/p>\n\n\n\n<p><strong>Taiwan<\/strong>Anna henkil\u00f6llisyystodistuksesi numero (tai passisi numero, jos olet ulkomaalainen). Vastaanottajien on ladattava Ezway-sovellus ja rekister\u00f6it\u00e4v\u00e4 tili tulliselvityst\u00e4 varten. Rekister\u00f6itym\u00e4tt\u00e4 j\u00e4tt\u00e4minen voi johtaa tavaroiden takavarikointiin tullissa, eik\u00e4 Aula Keyboard ole t\u00e4st\u00e4 vastuussa.<\/p>\n\n\n\n<p><strong>Korea<\/strong>Anna henkil\u00f6kohtainen verotunnuksesi ja korealainen nimesi (korealainen nimi + korealainen osoite + vaadittu henkil\u00f6kohtainen verotunnus (P + 12 numeroa) + vastaanottajan puhelinnumero (010 + 8 numeroa)) Korean tullin vaatimusten mukaisesti.<\/p>\n\n\n\n<p><strong>Brasilia, Chile, Kolumbia, Turkki, Norja<\/strong>Anna vastaanottajan verotunnus tai VOEC-numero sujuvan tulliselvityksen varmistamiseksi.<\/p>\n\n\n\n<h2 class=\"wp-block-heading\">Tilauksesi seuranta<\/h2>\n\n\n\n<p><strong>Seurantatiedot<\/strong>Kun tilauksesi on l\u00e4hetetty, saat seurantanumeron s\u00e4hk\u00f6postitse. T\u00e4m\u00e4n seurantanumeron tai linkin avulla voit seurata l\u00e4hetyksesi tilaa kuljetusyhti\u00f6n verkkosivuston kautta.<\/p>\n\n\n\n<h2 class=\"wp-block-heading\">Tilausapu<\/h2>\n\n\n\n<ul class=\"wp-block-list\">\n<li><strong>Vahvistusohjeet<\/strong>Tarkista pakkauksen sis\u00e4lt\u00f6 vastaanotettaessa; harkitse pakkauksen avaamisesta videon tallentamista.<\/li>\n\n\n\n<li><strong>Ongelmien k\u00e4sittely<\/strong>Yhteystiedot\u00a0<a href=\"mailto:support@halleffectkeyboard.com\" target=\"_blank\" rel=\"noopener\" title=\"\">support@halleffectkeyboard.com<\/a>\u00a0mahdollisten ongelmien varalta.<\/li>\n<\/ul>\n\n\n\n<h2 class=\"wp-block-heading\">Erityisvaatimukset<\/h2>\n\n\n\n<ul class=\"wp-block-list\">\n<li><strong>Peru, Etel\u00e4-Afrikka, Turkki<\/strong>Asiakkaiden on esitett\u00e4v\u00e4 voimassa oleva henkil\u00f6llisyystodistus tulliselvityst\u00e4 varten.<\/li>\n\n\n\n<li><strong>Kiina<\/strong>Macaon, Hongkongin ja Taiwanin osoitteissa k\u00e4yt\u00e4 kiinaa.<\/li>\n\n\n\n<li><strong>Korea<\/strong>Anna henkil\u00f6kohtainen verotunnus (P + 12 numeroa).<\/li>\n\n\n\n<li><strong>Brasilia, Chile, Kolumbia, Norja<\/strong>Anna verotunnus tai VOEC-numero sujuvaa tulliselvityst\u00e4 varten.<\/li>\n<\/ul>\n\n\n\n<h2 class=\"wp-block-heading\">Tilauksesi seuranta<\/h2>\n\n\n\n<ul class=\"wp-block-list\">\n<li>Saat l\u00e4hetyksen j\u00e4lkeen seurantanumeron, jolla voit seurata paketin tilaa.<\/li>\n<\/ul>\n\n\n\n<p>Kiitos, ett\u00e4 valitsit Aula Keyboardin. Olemme sitoutuneet tarjoamaan parhaan mahdollisen toimituskokemuksen. Jos sinulla on kysytt\u00e4v\u00e4\u00e4, ota yhteytt\u00e4 asiakaspalveluumme.<\/p>","protected":false},"excerpt":{"rendered":"<p>Aula Keyboard Shipping Policy | Global Delivery and Service Guide Address Information and Modification Address Accuracy Order Processing Time Shipping Methods Standard Shipping \u2013 Yun Express Express Shipping \u2013 DHL\/UPS\/Fedex Shipping Destinations We currently ship to the following countries: DHL\/UPS\/Fedex Coverage Yun Express Coverage Undeliverable Regions Standard Shipping via Yun Express has undeliverable regions.&nbsp;Please verify [&hellip;]<\/p>\n","protected":false},"author":1,"featured_media":0,"parent":0,"menu_order":0,"comment_status":"closed","ping_status":"closed","template":"","meta":{"footnotes":""},"class_list":["post-2272","page","type-page","status-publish","hentry"],"blocksy_meta":[],"aioseo_notices":[],"jetpack_sharing_enabled":true,"_links":{"self":[{"href":"https:\/\/halleffectkeyboard.com\/fi\/wp-json\/wp\/v2\/pages\/2272","targetHints":{"allow":["GET"]}}],"collection":[{"href":"https:\/\/halleffectkeyboard.com\/fi\/wp-json\/wp\/v2\/pages"}],"about":[{"href":"https:\/\/halleffectkeyboard.com\/fi\/wp-json\/wp\/v2\/types\/page"}],"author":[{"embeddable":true,"href":"https:\/\/halleffectkeyboard.com\/fi\/wp-json\/wp\/v2\/users\/1"}],"replies":[{"embeddable":true,"href":"https:\/\/halleffectkeyboard.com\/fi\/wp-json\/wp\/v2\/comments?post=2272"}],"version-history":[{"count":4,"href":"https:\/\/halleffectkeyboard.com\/fi\/wp-json\/wp\/v2\/pages\/2272\/revisions"}],"predecessor-version":[{"id":2287,"href":"https:\/\/halleffectkeyboard.com\/fi\/wp-json\/wp\/v2\/pages\/2272\/revisions\/2287"}],"wp:attachment":[{"href":"https:\/\/halleffectkeyboard.com\/fi\/wp-json\/wp\/v2\/media?parent=2272"}],"curies":[{"name":"wp","href":"https:\/\/api.w.org\/{rel}","templated":true}]}}