{"id":2239,"date":"2025-05-05T19:49:51","date_gmt":"2025-05-05T11:49:51","guid":{"rendered":"https:\/\/halleffectkeyboard.com\/?page_id=2239"},"modified":"2025-05-05T19:49:52","modified_gmt":"2025-05-05T11:49:52","slug":"refund-and-returns-policy","status":"publish","type":"page","link":"https:\/\/halleffectkeyboard.com\/fi\/hyvitys-ja-palautuskaytanto\/","title":{"rendered":"Palautus- ja palautusk\u00e4yt\u00e4nt\u00f6"},"content":{"rendered":"<h2 class=\"wp-block-heading\">Soveltamisala<\/h2>\n\n\n\n<p>Seuraavat k\u00e4yt\u00e4nn\u00f6t koskevat vain tuotteita, jotka on ostettu\u00a0<a href=\"https:\/\/halleffectkeyboard.com\/fi\/\" target=\"_blank\" rel=\"noopener\" title=\"\">halleffectkeyboard.com<\/a>. Jos ostit tuotteesi muualta, ota yhteytt\u00e4 alkuper\u00e4iseen j\u00e4lleenmyyj\u00e4\u00e4n palautusta tai asiakastukea varten. Jos sinulla on tuotteeseen liittyvi\u00e4 kysymyksi\u00e4 tai ongelmia, voit ottaa meihin yhteytt\u00e4 osoitteessa support@halleffectkeyboard.com.<\/p>\n\n\n\n<h2 class=\"wp-block-heading\">Tilauksen peruutus<\/h2>\n\n\n\n<p>Jos haluat peruuttaa tilauksen, tee pyynt\u00f6 ennen tilauksen l\u00e4hett\u00e4mist\u00e4. Tilausten k\u00e4sittely kest\u00e4\u00e4 yleens\u00e4 1\u20133 arkip\u00e4iv\u00e4\u00e4, ja jos tilaus on jo l\u00e4hetetty, l\u00e4het\u00e4mme l\u00e4hetysilmoituksen s\u00e4hk\u00f6postitse.<\/p>\n\n\n\n<p>Jos haluat peruuttaa tilauksen sen l\u00e4hett\u00e4misen j\u00e4lkeen, yrit\u00e4mme ottaa yhteytt\u00e4 kuriiriin paketin sieppaamiseksi. Sieppausta ei kuitenkaan voida taata. Jos pys\u00e4ytt\u00e4minen onnistuu, peruutamme tilauksen, mutta mahdollisia toimituskuluja ei hyvitet\u00e4. Jos pys\u00e4ytt\u00e4minen ep\u00e4onnistuu, sinun on palautettava paketti sen vastaanottamisen j\u00e4lkeen. Palautuskulut ovat sinun vastuullasi. Vahvistettuamme palautetun paketin kunnon, hyvit\u00e4mme tuotteen hinnan. Huomaathan, ett\u00e4 toimituskuluja ei hyvitet\u00e4.<\/p>\n\n\n\n<h2 class=\"wp-block-heading\">7 p\u00e4iv\u00e4n palautusoikeus<\/h2>\n\n\n\n<p>Tarjoamme 7 p\u00e4iv\u00e4n palautusoikeuden, jonka avulla voit pyyt\u00e4\u00e4 palautusta 7 p\u00e4iv\u00e4n kuluessa tuotteen vastaanottamisesta (l\u00e4hetyksen seurantatietueen mukaisesti).<\/p>\n\n\n\n<p>Jotta voit palauttaa tuotteen, sen on t\u00e4ytett\u00e4v\u00e4 seuraavat kriteerit:<\/p>\n\n\n\n<ul class=\"wp-block-list\">\n<li>Tuotteen on oltava samassa kunnossa kuin se oli vastaanottaessasi sen.<\/li>\n\n\n\n<li>Sen on oltava k\u00e4ytt\u00e4m\u00e4t\u00f6n tai k\u00e4ytt\u00e4m\u00e4t\u00f6n, ja laput on oltava kiinni.<\/li>\n\n\n\n<li>Tuotteen on oltava alkuper\u00e4ispakkauksessaan.<\/li>\n\n\n\n<li>Sinun on toimitettava kuitti tai ostotodistus.<\/li>\n<\/ul>\n\n\n\n<p><strong>Toimituskulut<\/strong>Asiakas on vastuussa palautuskuluista. Huomaa, ett\u00e4 alkuper\u00e4isi\u00e4 toimituskuluja ja tullimaksuja ei palauteta.<\/p>\n\n\n\n<h2 class=\"wp-block-heading\">Poikkeukset\/palautuskelvottomat tuotteet<\/h2>\n\n\n\n<ul class=\"wp-block-list\">\n<li>Ale-tuotteet<\/li>\n\n\n\n<li>Lahjakortit<\/li>\n<\/ul>\n\n\n\n<p>Palautusk\u00e4yt\u00e4nt\u00f6mme koskee yksinomaan henkil\u00f6kohtaiseen k\u00e4ytt\u00f6\u00f6n tarkoitettuja tuotteita, eik\u00e4 se kata kaupallista, vuokraus- tai k\u00e4ytt\u00f6tarkoitusta. Lis\u00e4ksi palautuksia ei voida k\u00e4sitell\u00e4 vahingoista, jotka johtuvat v\u00e4\u00e4rink\u00e4yt\u00f6st\u00e4, virheellisest\u00e4 huollosta, ennakoivan huollon laiminly\u00f6nnist\u00e4 tai k\u00e4ytt\u00f6ohjeen noudattamatta j\u00e4tt\u00e4misest\u00e4.<\/p>\n\n\n\n<p>Huomaa, ett\u00e4 satunnaisia palautuksia ei hyv\u00e4ksyt\u00e4. Palautukset ovat sallittuja vain tuotteille, joissa on laatuongelmia, joita ei voida ratkaista teknisen tuen avulla. Tarkasta tilauksesi huolellisesti saatuasi sen. Jos huomaat vikoja, vaurioita tai jos olet saanut v\u00e4\u00e4r\u00e4n tuotteen, ota meihin v\u00e4litt\u00f6m\u00e4sti yhteytt\u00e4 osoitteessa\u00a0<a href=\"mailto:support@halleffectkeyboard.com\" title=\"\">support@halleffectkeyboard.com<\/a>. Liit\u00e4 mukaan kuva paketista ja tuotteesta, tilausnumerosi ja kuvaus ongelmasta. N\u00e4in voimme arvioida tilanteen ja puuttua siihen nopeasti.<\/p>\n\n\n\n<h2 class=\"wp-block-heading\">Palautusprosessi<\/h2>\n\n\n\n<ol class=\"wp-block-list\">\n<li><strong>Ota yhteytt\u00e4 asiakaspalveluun:\u00a0<\/strong>Ota yhteytt\u00e4 asiakaspalveluumme osoitteessa\u00a0<a href=\"mailto:support@halleffectkeyboard.com\" title=\"\">support@halleffectkeyboard.com<\/a>\u00a0aloittaaksesi palautus- tai hyvityskyselyn. Kirjoita viestiisi tilausnumerosi ja palautuksen syy.<\/li>\n\n\n\n<li><strong>Palautuksen hyv\u00e4ksynt\u00e4:\u00a0<\/strong>Kun tiimimme on hyv\u00e4ksynyt palautuspyynt\u00f6si, saat lis\u00e4ohjeet s\u00e4hk\u00f6postitse.<\/li>\n\n\n\n<li><strong>Pakkaa tuotteesi:\u00a0<\/strong>Pakkaa tuote turvallisesti alkuper\u00e4ispakkaukseensa turvallisen kuljetuksen varmistamiseksi.<\/li>\n\n\n\n<li><strong>Toimitusohjeet:\u00a0<\/strong>Kun palautus on hyv\u00e4ksytty, asiakaspalvelutiimimme antaa toimitusosoitteen, mukaan lukien vastaanottajan tiedot ja puhelinnumeron.<\/li>\n<\/ol>\n\n\n\n<h2 class=\"wp-block-heading\">Hyvitykset<\/h2>\n\n\n\n<p>Ilmoitamme sinulle, kun olemme vastaanottaneet ja tarkastaneet palautuksesi, ja kerromme, onko hyvityksesi hyv\u00e4ksytty. Jos hyvitys hyv\u00e4ksyt\u00e4\u00e4n, se k\u00e4sitell\u00e4\u00e4n alkuper\u00e4iselle maksutavallesi 10 arkip\u00e4iv\u00e4n kuluessa. Huomaathan, ett\u00e4 pankkisi tai luottokorttiyhti\u00f6si voi tarvita lis\u00e4aikaa hyvityksen k\u00e4sittelyyn ja l\u00e4hett\u00e4miseen.<\/p>\n\n\n\n<p>Jos hyvityksesi hyv\u00e4ksymisest\u00e4 on kulunut yli 15 arkip\u00e4iv\u00e4\u00e4 etk\u00e4 ole saanut sit\u00e4, ota meihin yhteytt\u00e4 vahvistaaksesi tilan osoitteessa\u00a0<a href=\"mailto:support@aulakeyboard.com\">tukea@<\/a><a href=\"mailto:support@halleffectkeyboard.com\" title=\"\">halleffect-n\u00e4pp\u00e4imist\u00f6<\/a><a href=\"mailto:support@aulakeyboard.com\">.com<\/a>.<\/p>\n\n\n\n<h2 class=\"wp-block-heading\">Vaihdot<\/h2>\n\n\n\n<p>Tarjoamme vaihtoja vain tuotteille, jotka ovat viallisia tai vaurioituneita vastaanottamisen yhteydess\u00e4. Jos haluat vaihtaa tuotteen samaan tuotteeseen, nopein tapa varmistaa sujuva vaihtoprosessi on seuraava:<\/p>\n\n\n\n<ol class=\"wp-block-list\">\n<li>Aloita viallisen tai vaurioituneen tuotteen palautus palautusk\u00e4yt\u00e4nn\u00f6ss\u00e4mme kuvattujen vaiheiden mukaisesti.<\/li>\n\n\n\n<li>Kun palautuksesi on hyv\u00e4ksytty ja k\u00e4sitelty, tee erillinen ostos haluamallesi uudelle tuotteelle.<\/li>\n<\/ol>\n\n\n\n<h2 class=\"wp-block-heading\">Vastuuvapauslauseke<\/h2>\n\n\n\n<p>Huomaathan, ettemme ole vastuussa mist\u00e4\u00e4n tuotteen k\u00e4yt\u00f6st\u00e4 aiheutuvista v\u00e4lillisist\u00e4 vahingoista. Lis\u00e4ksi hyvitysk\u00e4yt\u00e4nt\u00f6mme ei kata ulkoisten tekij\u00f6iden aiheuttamia vahinkoja.<\/p>\n\n\n\n<p>Jos sinulla on kysytt\u00e4v\u00e4\u00e4 tuotteen palauttamisesta tai vaihtamisesta, ota meihin yhteytt\u00e4 osoitteessa\u00a0<a href=\"mailto:support@halleffectkeyboard.com\" title=\"\">support@halleffectkeyboard.com<\/a>.<\/p>\n\n\n\n<p><\/p>","protected":false},"excerpt":{"rendered":"<p>Scope of Application The following policies apply only to products purchased from\u00a0halleffectkeyboard.com. If you purchased your item elsewhere, please contact the original retailer for returns or customer support.\u00a0If you have any product issues or questions, you are welcome to contact us at\u00a0support@halleffectkeyboard.com. Order Cancellation Should you wish to cancel an order, please make the request [&hellip;]<\/p>\n","protected":false},"author":1,"featured_media":0,"parent":0,"menu_order":0,"comment_status":"closed","ping_status":"closed","template":"","meta":{"footnotes":""},"class_list":["post-2239","page","type-page","status-publish","hentry"],"blocksy_meta":[],"aioseo_notices":[],"jetpack_sharing_enabled":true,"_links":{"self":[{"href":"https:\/\/halleffectkeyboard.com\/fi\/wp-json\/wp\/v2\/pages\/2239","targetHints":{"allow":["GET"]}}],"collection":[{"href":"https:\/\/halleffectkeyboard.com\/fi\/wp-json\/wp\/v2\/pages"}],"about":[{"href":"https:\/\/halleffectkeyboard.com\/fi\/wp-json\/wp\/v2\/types\/page"}],"author":[{"embeddable":true,"href":"https:\/\/halleffectkeyboard.com\/fi\/wp-json\/wp\/v2\/users\/1"}],"replies":[{"embeddable":true,"href":"https:\/\/halleffectkeyboard.com\/fi\/wp-json\/wp\/v2\/comments?post=2239"}],"version-history":[{"count":2,"href":"https:\/\/halleffectkeyboard.com\/fi\/wp-json\/wp\/v2\/pages\/2239\/revisions"}],"predecessor-version":[{"id":2271,"href":"https:\/\/halleffectkeyboard.com\/fi\/wp-json\/wp\/v2\/pages\/2239\/revisions\/2271"}],"wp:attachment":[{"href":"https:\/\/halleffectkeyboard.com\/fi\/wp-json\/wp\/v2\/media?parent=2239"}],"curies":[{"name":"wp","href":"https:\/\/api.w.org\/{rel}","templated":true}]}}