{"id":5902,"date":"2026-05-13T16:35:11","date_gmt":"2026-05-13T08:35:11","guid":{"rendered":"https:\/\/halleffectkeyboard.com\/?post_type=product&#038;p=5902"},"modified":"2026-05-13T17:02:31","modified_gmt":"2026-05-13T09:02:31","slug":"payson-2-in-1-keycap-switch-puller","status":"publish","type":"product","link":"https:\/\/halleffectkeyboard.com\/es\/producto\/extractor-de-interruptores-de-teclas-payson-2-en-1\/","title":{"rendered":"Extractor de interruptores de teclas 2 en 1 PAYSON"},"content":{"rendered":"<h1><strong>Extractor de interruptores de teclas 2 en 1 PAYSON: La herramienta definitiva para el mantenimiento de teclados mec\u00e1nicos.<br \/>\n<img loading=\"lazy\" decoding=\"async\" class=\"alignnone size-full wp-image-5916\" src=\"https:\/\/halleffectkeyboard.com\/wp-content\/uploads\/2026\/05\/1-38-scaled.jpg\" alt=\"PAYSON 2-in-1 Keycap Switch Puller\" width=\"2560\" height=\"1437\" srcset=\"https:\/\/halleffectkeyboard.com\/wp-content\/uploads\/2026\/05\/1-38-scaled.jpg 2560w, https:\/\/halleffectkeyboard.com\/wp-content\/uploads\/2026\/05\/1-38-300x168.jpg 300w, https:\/\/halleffectkeyboard.com\/wp-content\/uploads\/2026\/05\/1-38-1024x575.jpg 1024w, https:\/\/halleffectkeyboard.com\/wp-content\/uploads\/2026\/05\/1-38-768x431.jpg 768w, https:\/\/halleffectkeyboard.com\/wp-content\/uploads\/2026\/05\/1-38-1536x862.jpg 1536w, https:\/\/halleffectkeyboard.com\/wp-content\/uploads\/2026\/05\/1-38-2048x1150.jpg 2048w, https:\/\/halleffectkeyboard.com\/wp-content\/uploads\/2026\/05\/1-38-18x10.jpg 18w, https:\/\/halleffectkeyboard.com\/wp-content\/uploads\/2026\/05\/1-38-1200x674.jpg 1200w\" sizes=\"auto, (max-width: 2560px) 100vw, 2560px\" data-no-translation=\"\" \/><br \/>\n<\/strong><\/h1>\n<h2><strong>Descripci\u00f3n general del producto<\/strong><\/h2>\n<p>Mejora tu configuraci\u00f3n con el <strong>Extractor de interruptores de teclas 2 en 1 PAYSON<\/strong>, lo esencial <strong>Accesorio para teclado mec\u00e1nico<\/strong> Dise\u00f1ado para la extracci\u00f3n sin esfuerzo tanto de las teclas como de los interruptores. Ya sea que seas un principiante o un entusiasta experimentado, este <strong>Herramienta de teclado 2 en 1<\/strong> Es perfecto para personalizar y mantener tu teclado mec\u00e1nico.<\/p>\n<p>Con una construcci\u00f3n duradera y un dise\u00f1o f\u00e1cil de usar, este vers\u00e1til <strong>Extractor de teclas e interruptores<\/strong> Funciona a la perfecci\u00f3n tanto con teclados mec\u00e1nicos con interruptores intercambiables en caliente como con teclados con interruptores magn\u00e9ticos. Haz que tu pr\u00f3ximo montaje sea pan comido con la soluci\u00f3n definitiva. <strong>Herramienta de personalizaci\u00f3n de teclado<\/strong>.<br \/>\n<img loading=\"lazy\" decoding=\"async\" class=\"alignnone size-full wp-image-5917\" src=\"https:\/\/halleffectkeyboard.com\/wp-content\/uploads\/2026\/05\/2-42-scaled.jpg\" alt=\"PAYSON 2-in-1 Keycap Switch Puller\" width=\"2560\" height=\"1437\" srcset=\"https:\/\/halleffectkeyboard.com\/wp-content\/uploads\/2026\/05\/2-42-scaled.jpg 2560w, https:\/\/halleffectkeyboard.com\/wp-content\/uploads\/2026\/05\/2-42-300x168.jpg 300w, https:\/\/halleffectkeyboard.com\/wp-content\/uploads\/2026\/05\/2-42-1024x575.jpg 1024w, https:\/\/halleffectkeyboard.com\/wp-content\/uploads\/2026\/05\/2-42-768x431.jpg 768w, https:\/\/halleffectkeyboard.com\/wp-content\/uploads\/2026\/05\/2-42-1536x862.jpg 1536w, https:\/\/halleffectkeyboard.com\/wp-content\/uploads\/2026\/05\/2-42-2048x1150.jpg 2048w, https:\/\/halleffectkeyboard.com\/wp-content\/uploads\/2026\/05\/2-42-18x10.jpg 18w, https:\/\/halleffectkeyboard.com\/wp-content\/uploads\/2026\/05\/2-42-1200x674.jpg 1200w\" sizes=\"auto, (max-width: 2560px) 100vw, 2560px\" data-no-translation=\"\" \/><\/p>\n<h2><strong>Caracter\u00edsticas principales<\/strong><\/h2>\n<ul>\n<li><strong>Dise\u00f1o verdaderamente 2 en 1:<\/strong>\u00a0Transici\u00f3n sin problemas entre un\u00a0<strong>Herramienta para quitar teclas<\/strong>\u00a0y un\u00a0<strong>Herramienta para extraer interruptores<\/strong>\u00a0con un \u00fanico dispositivo compacto.<\/li>\n<li><strong>Compatibilidad universal:<\/strong>\u00a0Un excelente\u00a0<strong>Extractor de teclado universal<\/strong>\u00a0que funciona con todos los interruptores estilo Cherry MX, interruptores magn\u00e9ticos y la mayor\u00eda de los perfiles de teclas. Tambi\u00e9n sirve como un confiable\u00a0<strong>extractor de interruptor magn\u00e9tico<\/strong>.<\/li>\n<li><strong>Materiales de alta resistencia:<\/strong>\u00a0Construido para durar, este\u00a0<strong>extractor de interruptores de acero inoxidable<\/strong>\u00a0cuenta con puntas de acero al manganeso duraderas para un uso prolongado, lo que garantiza que seguir\u00e1 siendo su opci\u00f3n preferida.\u00a0<strong>herramienta para desmontar el teclado<\/strong>.<\/li>\n<li><strong>Mango ergon\u00f3mico de ABS:<\/strong>\u00a0Dise\u00f1ado como un\u00a0<strong>Extractor de teclas ergon\u00f3mico<\/strong>, la alta calidad\u00a0<strong>Extractor de teclas ABS<\/strong>\u00a0El mango proporciona un agarre c\u00f3modo que no se resbala durante las sesiones de modificaci\u00f3n intensas.<\/li>\n<li><strong>Seguro y eficiente:<\/strong>\u00a0El dise\u00f1o de precisi\u00f3n\u00a0<strong>Extractor de interruptores de 4 puntas<\/strong>\u00a0Su dise\u00f1o garantiza que, si se utiliza correctamente, no exista riesgo de rayar el teclado ni de doblar los delicados pines.<br \/>\n<img loading=\"lazy\" decoding=\"async\" class=\"alignnone size-full wp-image-5918\" src=\"https:\/\/halleffectkeyboard.com\/wp-content\/uploads\/2026\/05\/3-42-scaled.jpg\" alt=\"PAYSON 2-in-1 Keycap Switch Puller\" width=\"2560\" height=\"1437\" srcset=\"https:\/\/halleffectkeyboard.com\/wp-content\/uploads\/2026\/05\/3-42-scaled.jpg 2560w, https:\/\/halleffectkeyboard.com\/wp-content\/uploads\/2026\/05\/3-42-300x168.jpg 300w, https:\/\/halleffectkeyboard.com\/wp-content\/uploads\/2026\/05\/3-42-1024x575.jpg 1024w, https:\/\/halleffectkeyboard.com\/wp-content\/uploads\/2026\/05\/3-42-768x431.jpg 768w, https:\/\/halleffectkeyboard.com\/wp-content\/uploads\/2026\/05\/3-42-1536x862.jpg 1536w, https:\/\/halleffectkeyboard.com\/wp-content\/uploads\/2026\/05\/3-42-2048x1150.jpg 2048w, https:\/\/halleffectkeyboard.com\/wp-content\/uploads\/2026\/05\/3-42-18x10.jpg 18w, https:\/\/halleffectkeyboard.com\/wp-content\/uploads\/2026\/05\/3-42-1200x674.jpg 1200w\" sizes=\"auto, (max-width: 2560px) 100vw, 2560px\" data-no-translation=\"\" \/><\/li>\n<\/ul>\n<h2><strong>Presupuesto<\/strong><\/h2>\n<table>\n<thead>\n<tr>\n<th>Art\u00edculo<\/th>\n<th>Detalles<\/th>\n<\/tr>\n<\/thead>\n<tbody>\n<tr>\n<td><strong>Nombre del producto<\/strong><\/td>\n<td>Extractor de teclas e interruptores 2 en 1 de 4 puntas PAYSON<\/td>\n<\/tr>\n<tr>\n<td><strong>Material de la carcasa<\/strong><\/td>\n<td>Pl\u00e1stico ABS<\/td>\n<\/tr>\n<tr>\n<td><strong>Material de las puntas met\u00e1licas<\/strong><\/td>\n<td>Acero al manganeso + acero inoxidable<\/td>\n<\/tr>\n<tr>\n<td><strong>Dimensiones<\/strong><\/td>\n<td>20 \u00d7 20 \u00d7 115 mm<\/td>\n<\/tr>\n<tr>\n<td><strong>Peso<\/strong><\/td>\n<td>25 g<\/td>\n<\/tr>\n<tr>\n<td><strong>Compatibilidad<\/strong><\/td>\n<td>Teclados mec\u00e1nicos con interruptores intercambiables en caliente, teclados con interruptores magn\u00e9ticos intercambiables en caliente<\/td>\n<\/tr>\n<\/tbody>\n<\/table>\n<p><img loading=\"lazy\" decoding=\"async\" class=\"alignnone size-full wp-image-5919\" src=\"https:\/\/halleffectkeyboard.com\/wp-content\/uploads\/2026\/05\/4-41-scaled.jpg\" alt=\"PAYSON 2-in-1 Keycap Switch Puller\" width=\"2560\" height=\"1437\" srcset=\"https:\/\/halleffectkeyboard.com\/wp-content\/uploads\/2026\/05\/4-41-scaled.jpg 2560w, https:\/\/halleffectkeyboard.com\/wp-content\/uploads\/2026\/05\/4-41-300x168.jpg 300w, https:\/\/halleffectkeyboard.com\/wp-content\/uploads\/2026\/05\/4-41-1024x575.jpg 1024w, https:\/\/halleffectkeyboard.com\/wp-content\/uploads\/2026\/05\/4-41-768x431.jpg 768w, https:\/\/halleffectkeyboard.com\/wp-content\/uploads\/2026\/05\/4-41-1536x862.jpg 1536w, https:\/\/halleffectkeyboard.com\/wp-content\/uploads\/2026\/05\/4-41-2048x1150.jpg 2048w, https:\/\/halleffectkeyboard.com\/wp-content\/uploads\/2026\/05\/4-41-18x10.jpg 18w, https:\/\/halleffectkeyboard.com\/wp-content\/uploads\/2026\/05\/4-41-1200x674.jpg 1200w\" sizes=\"auto, (max-width: 2560px) 100vw, 2560px\" data-no-translation=\"\" \/><\/p>\n<h2><strong>C\u00f3mo usar la herramienta de modificaci\u00f3n de teclado<\/strong><\/h2>\n<h3><strong>Extracci\u00f3n de teclas (utilizando como extractor de teclas)<\/strong><\/h3>\n<ol>\n<li>Engancha las dos puntas curvas debajo de la tecla desde lados opuestos.<\/li>\n<li>Tira de la\u00a0<strong>Extractor de teclados mec\u00e1nicos<\/strong>\u00a0Levante la tecla con fuerza uniforme para retirarla de forma segura.<\/li>\n<\/ol>\n<h3><strong>Extracci\u00f3n de interruptores (utilizado como extractor de interruptores para intercambio en caliente)<\/strong><\/h3>\n<ol>\n<li>Alinea las cuatro puntas del\u00a0<strong>Herramienta para interruptores de intercambio en caliente<\/strong>\u00a0con los clips de montaje del interruptor (dos arriba, dos abajo).<\/li>\n<li>Aprieta el mango para cerrar las puntas y soltar los clips de forma segura.<\/li>\n<li>Extraiga el interruptor directamente de la placa de circuito impreso.<\/li>\n<\/ol>\n<h2><strong>El paquete incluye<\/strong><\/h2>\n<ul>\n<li>1 \u00d7\u00a0<strong>Extractor de interruptores de teclas 2 en 1 PAYSON<br \/>\n<img loading=\"lazy\" decoding=\"async\" class=\"alignnone size-full wp-image-5920\" src=\"https:\/\/halleffectkeyboard.com\/wp-content\/uploads\/2026\/05\/5-39-scaled.jpg\" alt=\"PAYSON 2-in-1 Keycap Switch Puller\" width=\"2560\" height=\"1437\" srcset=\"https:\/\/halleffectkeyboard.com\/wp-content\/uploads\/2026\/05\/5-39-scaled.jpg 2560w, https:\/\/halleffectkeyboard.com\/wp-content\/uploads\/2026\/05\/5-39-300x168.jpg 300w, https:\/\/halleffectkeyboard.com\/wp-content\/uploads\/2026\/05\/5-39-1024x575.jpg 1024w, https:\/\/halleffectkeyboard.com\/wp-content\/uploads\/2026\/05\/5-39-768x431.jpg 768w, https:\/\/halleffectkeyboard.com\/wp-content\/uploads\/2026\/05\/5-39-1536x862.jpg 1536w, https:\/\/halleffectkeyboard.com\/wp-content\/uploads\/2026\/05\/5-39-2048x1150.jpg 2048w, https:\/\/halleffectkeyboard.com\/wp-content\/uploads\/2026\/05\/5-39-18x10.jpg 18w, https:\/\/halleffectkeyboard.com\/wp-content\/uploads\/2026\/05\/5-39-1200x674.jpg 1200w\" sizes=\"auto, (max-width: 2560px) 100vw, 2560px\" data-no-translation=\"\" \/><br \/>\n<\/strong><\/li>\n<\/ul>","protected":false},"excerpt":{"rendered":"<p>El <strong>Extractor de interruptores de teclas 2 en 1 PAYSON<\/strong> Es el complemento ideal para los entusiastas de los teclados mec\u00e1nicos. Al combinar un extractor de teclas y un extractor de interruptores de precisi\u00f3n de 4 puntas en una herramienta compacta, garantiza un mantenimiento seguro y sin rayones para todos tus teclados con interruptores magn\u00e9ticos y de intercambio en caliente.<\/p>","protected":false},"featured_media":5908,"comment_status":"open","ping_status":"closed","template":"","meta":[],"product_brand":[678],"product_cat":[290],"product_tag":[700,292],"class_list":{"0":"post-5902","1":"product","2":"type-product","3":"status-publish","4":"has-post-thumbnail","6":"product_brand-payson","7":"product_cat-tool","8":"product_tag-keyboard-tool","9":"product_tag-tool","11":"first","12":"instock","13":"taxable","14":"shipping-taxable","15":"purchasable","16":"product-type-variable","17":"wvs-archive-product-wrapper"},"aioseo_notices":[],"ct_brands":[{"id":678,"name":"PAYSON","slug":"payson"}],"jetpack_sharing_enabled":true,"_links":{"self":[{"href":"https:\/\/halleffectkeyboard.com\/es\/wp-json\/wp\/v2\/product\/5902","targetHints":{"allow":["GET"]}}],"collection":[{"href":"https:\/\/halleffectkeyboard.com\/es\/wp-json\/wp\/v2\/product"}],"about":[{"href":"https:\/\/halleffectkeyboard.com\/es\/wp-json\/wp\/v2\/types\/product"}],"replies":[{"embeddable":true,"href":"https:\/\/halleffectkeyboard.com\/es\/wp-json\/wp\/v2\/comments?post=5902"}],"version-history":[{"count":3,"href":"https:\/\/halleffectkeyboard.com\/es\/wp-json\/wp\/v2\/product\/5902\/revisions"}],"predecessor-version":[{"id":5921,"href":"https:\/\/halleffectkeyboard.com\/es\/wp-json\/wp\/v2\/product\/5902\/revisions\/5921"}],"wp:featuredmedia":[{"embeddable":true,"href":"https:\/\/halleffectkeyboard.com\/es\/wp-json\/wp\/v2\/media\/5908"}],"wp:attachment":[{"href":"https:\/\/halleffectkeyboard.com\/es\/wp-json\/wp\/v2\/media?parent=5902"}],"wp:term":[{"taxonomy":"product_brand","embeddable":true,"href":"https:\/\/halleffectkeyboard.com\/es\/wp-json\/wp\/v2\/product_brand?post=5902"},{"taxonomy":"product_cat","embeddable":true,"href":"https:\/\/halleffectkeyboard.com\/es\/wp-json\/wp\/v2\/product_cat?post=5902"},{"taxonomy":"product_tag","embeddable":true,"href":"https:\/\/halleffectkeyboard.com\/es\/wp-json\/wp\/v2\/product_tag?post=5902"}],"curies":[{"name":"wp","href":"https:\/\/api.w.org\/{rel}","templated":true}]}}