{"id":5838,"date":"2026-05-13T11:23:38","date_gmt":"2026-05-13T03:23:38","guid":{"rendered":"https:\/\/halleffectkeyboard.com\/?post_type=product&#038;p=5838"},"modified":"2026-05-13T15:14:47","modified_gmt":"2026-05-13T07:14:47","slug":"payson-keyboard-lubricant","status":"publish","type":"product","link":"https:\/\/halleffectkeyboard.com\/es\/producto\/lubricante-para-teclados-payson\/","title":{"rendered":"Lubricante para teclados PAYSON"},"content":{"rendered":"<h1>Kit de lubricantes para teclados PAYSON: Lubricante premium para teclados mec\u00e1nicos, interruptores y estabilizadores.<br \/>\n<img loading=\"lazy\" decoding=\"async\" class=\"alignnone size-full wp-image-5845\" src=\"https:\/\/halleffectkeyboard.com\/wp-content\/uploads\/2026\/05\/2-37-scaled.jpg\" alt=\"PAYSON Keyboard Lubricant\" width=\"2560\" height=\"1437\" srcset=\"https:\/\/halleffectkeyboard.com\/wp-content\/uploads\/2026\/05\/2-37-scaled.jpg 2560w, https:\/\/halleffectkeyboard.com\/wp-content\/uploads\/2026\/05\/2-37-300x168.jpg 300w, https:\/\/halleffectkeyboard.com\/wp-content\/uploads\/2026\/05\/2-37-1024x575.jpg 1024w, https:\/\/halleffectkeyboard.com\/wp-content\/uploads\/2026\/05\/2-37-768x431.jpg 768w, https:\/\/halleffectkeyboard.com\/wp-content\/uploads\/2026\/05\/2-37-1536x862.jpg 1536w, https:\/\/halleffectkeyboard.com\/wp-content\/uploads\/2026\/05\/2-37-2048x1150.jpg 2048w, https:\/\/halleffectkeyboard.com\/wp-content\/uploads\/2026\/05\/2-37-18x10.jpg 18w, https:\/\/halleffectkeyboard.com\/wp-content\/uploads\/2026\/05\/2-37-1200x674.jpg 1200w\" sizes=\"auto, (max-width: 2560px) 100vw, 2560px\" data-no-translation=\"\" \/><\/h1>\n<p><strong>Descripci\u00f3n general del producto<\/strong><\/p>\n<p>Mejora tu experiencia de escritura con el <strong>Juego de lubricantes para teclados PAYSON<\/strong>, una l\u00ednea completa de productos de calidad profesional <strong>lubricante para teclados mec\u00e1nicos<\/strong> Dise\u00f1ado para construcciones personalizadas. Ya sea que seas principiante o constructor experimentado, este elemento esencial <strong>Accesorio para modificar el teclado<\/strong> ofrece la soluci\u00f3n perfecta para eliminar la fricci\u00f3n, reducir el chasquido del muelle y personalizar la sensaci\u00f3n al teclear. Desde una pulsaci\u00f3n n\u00edtida y r\u00e1pida hasta una suavidad excepcional, nuestra amplia gama de <strong>grasa para afinar teclados<\/strong> y los aceites garantizan que cada pulsaci\u00f3n de tecla sea impecable.<\/p>\n<p>Dise\u00f1ado como lo \u00faltimo <strong>lubricante para teclados de entusiastas<\/strong>, La serie PAYSON proporciona todo lo que necesitas para interruptores, resortes y estabilizadores en una pr\u00e1ctica colecci\u00f3n.<br \/>\n<img loading=\"lazy\" decoding=\"async\" class=\"alignnone size-full wp-image-5846\" src=\"https:\/\/halleffectkeyboard.com\/wp-content\/uploads\/2026\/05\/3-38-scaled.jpg\" alt=\"PAYSON Keyboard Lubricant\" width=\"2560\" height=\"1437\" srcset=\"https:\/\/halleffectkeyboard.com\/wp-content\/uploads\/2026\/05\/3-38-scaled.jpg 2560w, https:\/\/halleffectkeyboard.com\/wp-content\/uploads\/2026\/05\/3-38-300x168.jpg 300w, https:\/\/halleffectkeyboard.com\/wp-content\/uploads\/2026\/05\/3-38-1024x575.jpg 1024w, https:\/\/halleffectkeyboard.com\/wp-content\/uploads\/2026\/05\/3-38-768x431.jpg 768w, https:\/\/halleffectkeyboard.com\/wp-content\/uploads\/2026\/05\/3-38-1536x862.jpg 1536w, https:\/\/halleffectkeyboard.com\/wp-content\/uploads\/2026\/05\/3-38-2048x1150.jpg 2048w, https:\/\/halleffectkeyboard.com\/wp-content\/uploads\/2026\/05\/3-38-18x10.jpg 18w, https:\/\/halleffectkeyboard.com\/wp-content\/uploads\/2026\/05\/3-38-1200x674.jpg 1200w\" sizes=\"auto, (max-width: 2560px) 100vw, 2560px\" data-no-translation=\"\" \/><\/p>\n<h2>\u00bfPor qu\u00e9 elegir el lubricante para teclados PAYSON?<\/h2>\n<ul>\n<li><strong>Base lubricante PFPE de primera calidad:<\/strong>\u00a0Formulado con aceite base PFPE de alta calidad, lo que garantiza un rendimiento no corrosivo y duradero que no se degrada con el tiempo.<\/li>\n<li><strong>F\u00f3rmulas espec\u00edficas para cada componente:<\/strong>\u00a0Cada\u00a0<strong>grasa para teclados<\/strong>\u00a0y el aceite est\u00e1 meticulosamente optimizado para piezas espec\u00edficas, actuando como el perfecto\u00a0<strong>lubricante de resorte<\/strong>,\u00a0<strong>lubricante para interruptores<\/strong>, o\u00a0<strong>lubricante estabilizador<\/strong>.<\/li>\n<li><strong>Gama de viscosidad vers\u00e1til:<\/strong>\u00a0Desde delgado\u00a0<strong>aceite de mantenimiento para teclados<\/strong>\u00a0Para grasas espesas, personaliza tu placa exactamente como quieras.<\/li>\n<li><strong>Rendimiento rentable:<\/strong>\u00a0Nuestro hogar\u00a0<strong>Lubricante alternativo a Krytox<\/strong>\u00a0(como la Custom 3204 y la G0) ofrece un rendimiento de primera categor\u00eda a una fracci\u00f3n del costo.<\/li>\n<li><strong>Apto para principiantes:<\/strong>\u00a0Nuestro\u00a0<strong>lubricante premezclado<\/strong>\u00a0Las opciones (como la mezcla 105+205) eliminan las conjeturas, lo que facilita que los constructores novatos logren resultados profesionales.<br \/>\n<img loading=\"lazy\" decoding=\"async\" class=\"alignnone size-full wp-image-5847\" src=\"https:\/\/halleffectkeyboard.com\/wp-content\/uploads\/2026\/05\/4-37-scaled.jpg\" alt=\"PAYSON Keyboard Lubricant\" width=\"2560\" height=\"1437\" srcset=\"https:\/\/halleffectkeyboard.com\/wp-content\/uploads\/2026\/05\/4-37-scaled.jpg 2560w, https:\/\/halleffectkeyboard.com\/wp-content\/uploads\/2026\/05\/4-37-300x168.jpg 300w, https:\/\/halleffectkeyboard.com\/wp-content\/uploads\/2026\/05\/4-37-1024x575.jpg 1024w, https:\/\/halleffectkeyboard.com\/wp-content\/uploads\/2026\/05\/4-37-768x431.jpg 768w, https:\/\/halleffectkeyboard.com\/wp-content\/uploads\/2026\/05\/4-37-1536x862.jpg 1536w, https:\/\/halleffectkeyboard.com\/wp-content\/uploads\/2026\/05\/4-37-2048x1150.jpg 2048w, https:\/\/halleffectkeyboard.com\/wp-content\/uploads\/2026\/05\/4-37-18x10.jpg 18w, https:\/\/halleffectkeyboard.com\/wp-content\/uploads\/2026\/05\/4-37-1200x674.jpg 1200w\" sizes=\"auto, (max-width: 2560px) 100vw, 2560px\" data-no-translation=\"\" \/><\/li>\n<\/ul>\n<h2>Gama de productos y especificaciones<\/h2>\n<p><strong>1. Lubricante GPL105 (l\u00edquido)<\/strong><\/p>\n<ul>\n<li><strong>Contenido neto:<\/strong>\u00a010 g \/ 20 g \/ 50 g (Botella: \u03c622\u00d755 mm)<\/li>\n<li><strong>Textura:<\/strong>\u00a0L\u00edquido de baja viscosidad<\/li>\n<li><strong>Uso recomendado:<\/strong>\u00a0El ideal\u00a0<strong>lubricante de resorte<\/strong>\u00a0(Cubre m\u00e1s de 500 resortes por cada 20 g).<\/li>\n<li><strong>Efecto:<\/strong>\u00a0Mantiene una sensaci\u00f3n n\u00edtida y con buena capacidad de respuesta, eliminando por completo el ruido met\u00e1lico de los muelles.<\/li>\n<\/ul>\n<p><strong>2. Lubricante de pel\u00edcula seca PFPE (SSP-605)<\/strong><\/p>\n<ul>\n<li><strong>Contenido neto:<\/strong>\u00a010 g \/ 20 g \/ 50 g (Botella: \u03c622\u00d736 mm)<\/li>\n<li><strong>Textura:<\/strong>\u00a0Deja una pel\u00edcula seca despu\u00e9s de que el disolvente se evapore.<\/li>\n<li><strong>Uso recomendado:<\/strong>\u00a0V\u00e1stagos y rieles de interruptores (m\u00e1s de 200 interruptores por cada 10 g).<\/li>\n<li><strong>Efecto:<\/strong>\u00a0Fricci\u00f3n ultrabaja y resistente al polvo. Muy recomendable como\u00a0<strong>lubricante para interruptores t\u00e1ctiles<\/strong>\u00a0para que el relieve t\u00e1ctil se mantenga n\u00edtido y pronunciado.<\/li>\n<\/ul>\n<p><strong>3. Grasa mixta GPL 105 + 205<\/strong><\/p>\n<ul>\n<li><strong>Contenido neto:<\/strong>\u00a010 g \/ 20 g \/ 50 g (Botella: \u03c636\u00d733 mm)<\/li>\n<li><strong>Textura:<\/strong>\u00a0Viscosidad equilibrada (NLGI #00)<\/li>\n<li><strong>Uso recomendado:<\/strong>\u00a0V\u00e1stagos y rieles de interruptores (m\u00e1s de 500 interruptores por cada 20 g).<\/li>\n<li><strong>Efecto:<\/strong>\u00a0Ofrece una sensaci\u00f3n suave y equilibrada. Este es el m\u00e1ximo exponente.\u00a0<strong>lubricante para interruptores lineales<\/strong>\u00a0Para una experiencia de escritura fluida y sin complicaciones.<\/li>\n<\/ul>\n<p><strong>4. Grasa personalizada 3204 (alternativa nacional)<\/strong><\/p>\n<ul>\n<li><strong>Contenido neto:<\/strong>\u00a010 g \/ 20 g \/ 50 g (Botella: \u03c652\u00d740 mm)<\/li>\n<li><strong>Textura:<\/strong>\u00a0Ligeramente crujiente (NLGI #0)<\/li>\n<li><strong>Uso recomendado:<\/strong>\u00a0V\u00e1stagos\/rieles de interruptores y carcasas de estabilizadores (m\u00e1s de 1250 interruptores por 50 g).<\/li>\n<li><strong>Efecto:<\/strong>\u00a0Comparte la misma f\u00f3rmula que Krytox 3204. Un fant\u00e1stico\u00a0<strong>lubricante personalizado para teclados<\/strong>\u00a0Ofrece una excelente relaci\u00f3n calidad-precio para proyectos con presupuesto ajustado.<\/li>\n<\/ul>\n<p><strong>5. Grasa GPL205 (mezcla G0)<\/strong><\/p>\n<ul>\n<li><strong>Contenido neto:<\/strong>\u00a010 g \/ 20 g \/ 50 g (Botella: \u03c636\u00d733 mm)<\/li>\n<li><strong>Textura:<\/strong>\u00a0Cremoso, de alta viscosidad (NLGI #0)<\/li>\n<li><strong>Uso recomendado:<\/strong>\u00a0Carcasas de estabilizadores y v\u00e1stagos de interruptores (m\u00e1s de 500 interruptores por cada 20 g).<\/li>\n<li><strong>Efecto:<\/strong>\u00a0Un excepcional\u00a0<strong>lubricante antivibraci\u00f3n<\/strong>\u00a0Esto reduce significativamente el ruido del estabilizador y crea un perfil de sonido suave, cremoso y con un sonido &quot;contundente&quot;.<br \/>\n<img loading=\"lazy\" decoding=\"async\" class=\"alignnone size-full wp-image-5848\" src=\"https:\/\/halleffectkeyboard.com\/wp-content\/uploads\/2026\/05\/5-35-scaled.jpg\" alt=\"PAYSON Keyboard Lubricant\" width=\"2560\" height=\"1437\" srcset=\"https:\/\/halleffectkeyboard.com\/wp-content\/uploads\/2026\/05\/5-35-scaled.jpg 2560w, https:\/\/halleffectkeyboard.com\/wp-content\/uploads\/2026\/05\/5-35-300x168.jpg 300w, https:\/\/halleffectkeyboard.com\/wp-content\/uploads\/2026\/05\/5-35-1024x575.jpg 1024w, https:\/\/halleffectkeyboard.com\/wp-content\/uploads\/2026\/05\/5-35-768x431.jpg 768w, https:\/\/halleffectkeyboard.com\/wp-content\/uploads\/2026\/05\/5-35-1536x862.jpg 1536w, https:\/\/halleffectkeyboard.com\/wp-content\/uploads\/2026\/05\/5-35-2048x1150.jpg 2048w, https:\/\/halleffectkeyboard.com\/wp-content\/uploads\/2026\/05\/5-35-18x10.jpg 18w, https:\/\/halleffectkeyboard.com\/wp-content\/uploads\/2026\/05\/5-35-1200x674.jpg 1200w\" sizes=\"auto, (max-width: 2560px) 100vw, 2560px\" data-no-translation=\"\" \/><\/li>\n<\/ul>\n<h2>Gu\u00eda de lubricaci\u00f3n para principiantes<\/h2>\n<p>\u00bfNo sabes por d\u00f3nde empezar? Usa esta pr\u00e1ctica gu\u00eda para lograr la sensaci\u00f3n de escritura que deseas con nuestra <strong>lubricante para teclados<\/strong> rango:<\/p>\n<table>\n<thead>\n<tr>\n<th>Componente<\/th>\n<th>Sensaci\u00f3n t\u00e1ctil\/silenciosa<\/th>\n<th>Sensaci\u00f3n crujiente\/r\u00e1pida<\/th>\n<\/tr>\n<\/thead>\n<tbody>\n<tr>\n<td><strong>Cuerpo del interruptor<\/strong><\/td>\n<td>Grasa mixta 105 + 205<\/td>\n<td>Lubricante de pel\u00edcula seca de PFPE<\/td>\n<\/tr>\n<tr>\n<td><strong>Primavera<\/strong><\/td>\n<td>Aceite de silicona Dow Corning \/ GPL 105<\/td>\n<td>GPL 105 L\u00edquido<\/td>\n<\/tr>\n<tr>\n<td><strong>Cable estabilizador<\/strong><\/td>\n<td>Taiyang 22058 \/ XHT-BDZ<\/td>\n<td>\u2014<\/td>\n<\/tr>\n<tr>\n<td><strong>Carcasa del estabilizador<\/strong><\/td>\n<td>Mezcla personalizada 205 G0 \/ 205 G0 (o 105+205)<\/td>\n<td>\u2014<\/td>\n<\/tr>\n<\/tbody>\n<\/table>\n<h2>Comparaci\u00f3n t\u00e9cnica b\u00e1sica<\/h2>\n<table>\n<thead>\n<tr>\n<th>Atributo del producto<\/th>\n<th>GPL 205 (Est\u00e1ndar)<\/th>\n<th>Grasa G0 personalizada<\/th>\n<th>Grasa G00 personalizada<\/th>\n<\/tr>\n<\/thead>\n<tbody>\n<tr>\n<td><strong>Apariencia<\/strong><\/td>\n<td>Grasa blanca<\/td>\n<td>Grasa blanca<\/td>\n<td>Grasa blanca<\/td>\n<\/tr>\n<tr>\n<td><strong>Rango de temperatura<\/strong><\/td>\n<td>-36~204\u2103<\/td>\n<td>-36~200\u2103<\/td>\n<td>-36~200\u2103<\/td>\n<\/tr>\n<tr>\n<td><strong>Aceite base<\/strong><\/td>\n<td>PFPE<\/td>\n<td>PFPE<\/td>\n<td>PFPE<\/td>\n<\/tr>\n<tr>\n<td><strong>Viscosidad (cSt a 20\u2103)<\/strong><\/td>\n<td>522<\/td>\n<td>522<\/td>\n<td>522<\/td>\n<\/tr>\n<tr>\n<td><strong>Espesante<\/strong><\/td>\n<td>PTFE<\/td>\n<td>PTFE<\/td>\n<td>PTFE<\/td>\n<\/tr>\n<tr>\n<td><strong>Grado NLGI<\/strong><\/td>\n<td>#2<\/td>\n<td>#0<\/td>\n<td>#00<\/td>\n<\/tr>\n<tr>\n<td><strong>Uso principal<\/strong><\/td>\n<td>Estabilizadores<\/td>\n<td>Estabilizadores \/ Interruptores<\/td>\n<td>Interruptores<\/td>\n<\/tr>\n<\/tbody>\n<\/table>\n<p>&nbsp;<\/p>\n<h2>El paquete incluye<img loading=\"lazy\" decoding=\"async\" class=\"alignnone size-full wp-image-5849\" src=\"https:\/\/halleffectkeyboard.com\/wp-content\/uploads\/2026\/05\/6-17-scaled.jpg\" alt=\"PAYSON Keyboard Lubricant\" width=\"2560\" height=\"1437\" srcset=\"https:\/\/halleffectkeyboard.com\/wp-content\/uploads\/2026\/05\/6-17-scaled.jpg 2560w, https:\/\/halleffectkeyboard.com\/wp-content\/uploads\/2026\/05\/6-17-300x168.jpg 300w, https:\/\/halleffectkeyboard.com\/wp-content\/uploads\/2026\/05\/6-17-1024x575.jpg 1024w, https:\/\/halleffectkeyboard.com\/wp-content\/uploads\/2026\/05\/6-17-768x431.jpg 768w, https:\/\/halleffectkeyboard.com\/wp-content\/uploads\/2026\/05\/6-17-1536x862.jpg 1536w, https:\/\/halleffectkeyboard.com\/wp-content\/uploads\/2026\/05\/6-17-2048x1150.jpg 2048w, https:\/\/halleffectkeyboard.com\/wp-content\/uploads\/2026\/05\/6-17-18x10.jpg 18w, https:\/\/halleffectkeyboard.com\/wp-content\/uploads\/2026\/05\/6-17-1200x674.jpg 1200w\" sizes=\"auto, (max-width: 2560px) 100vw, 2560px\" data-no-translation=\"\" \/>es<\/h2>\n<p>Personaliza tu pedido para que se ajuste a tus necesidades espec\u00edficas de montaje. Elige entre:<\/p>\n<ul>\n<li>Frascos individuales de 10 g \/ 20 g \/ 50 g (disponibles para cada tipo de lubricante).<\/li>\n<li>Paquetes combinados (incluye\u00a0<strong>lubricante para interruptores<\/strong>,\u00a0<strong>lubricante de resorte<\/strong>, y\u00a0<strong>lubricante estabilizador<\/strong>\u00a0para una construcci\u00f3n completa).<\/li>\n<\/ul>","protected":false},"excerpt":{"rendered":"<p>Mejora tu teclado mec\u00e1nico con el <strong>Juego de lubricantes para teclados PAYSON<\/strong>. Dise\u00f1ada para entusiastas de los teclados personalizados, esta colecci\u00f3n premium incluye lubricante para interruptores, aceite para resortes y grasa estabilizadora de alta calidad a base de PFPE, incluyendo alternativas GPL105 y GPL205. Ya sea que desee eliminar el ruido met\u00e1lico de los resortes, silenciar el traqueteo de los estabilizadores o lograr una sensaci\u00f3n lineal suave como la seda, nuestras f\u00f3rmulas premezcladas, ideales para principiantes, le brindan todo lo que necesita para perfeccionar su experiencia de escritura.<\/p>","protected":false},"featured_media":5840,"comment_status":"open","ping_status":"closed","template":"","meta":[],"product_brand":[678],"product_cat":[290],"product_tag":[688,292],"class_list":{"0":"post-5838","1":"product","2":"type-product","3":"status-publish","4":"has-post-thumbnail","6":"product_brand-payson","7":"product_cat-tool","8":"product_tag-keyboard-lubricant","9":"product_tag-tool","11":"first","12":"instock","13":"taxable","14":"shipping-taxable","15":"purchasable","16":"product-type-variable","17":"wvs-archive-product-wrapper"},"aioseo_notices":[],"ct_brands":[{"id":678,"name":"PAYSON","slug":"payson"}],"jetpack_sharing_enabled":true,"_links":{"self":[{"href":"https:\/\/halleffectkeyboard.com\/es\/wp-json\/wp\/v2\/product\/5838","targetHints":{"allow":["GET"]}}],"collection":[{"href":"https:\/\/halleffectkeyboard.com\/es\/wp-json\/wp\/v2\/product"}],"about":[{"href":"https:\/\/halleffectkeyboard.com\/es\/wp-json\/wp\/v2\/types\/product"}],"replies":[{"embeddable":true,"href":"https:\/\/halleffectkeyboard.com\/es\/wp-json\/wp\/v2\/comments?post=5838"}],"version-history":[{"count":3,"href":"https:\/\/halleffectkeyboard.com\/es\/wp-json\/wp\/v2\/product\/5838\/revisions"}],"predecessor-version":[{"id":5850,"href":"https:\/\/halleffectkeyboard.com\/es\/wp-json\/wp\/v2\/product\/5838\/revisions\/5850"}],"wp:featuredmedia":[{"embeddable":true,"href":"https:\/\/halleffectkeyboard.com\/es\/wp-json\/wp\/v2\/media\/5840"}],"wp:attachment":[{"href":"https:\/\/halleffectkeyboard.com\/es\/wp-json\/wp\/v2\/media?parent=5838"}],"wp:term":[{"taxonomy":"product_brand","embeddable":true,"href":"https:\/\/halleffectkeyboard.com\/es\/wp-json\/wp\/v2\/product_brand?post=5838"},{"taxonomy":"product_cat","embeddable":true,"href":"https:\/\/halleffectkeyboard.com\/es\/wp-json\/wp\/v2\/product_cat?post=5838"},{"taxonomy":"product_tag","embeddable":true,"href":"https:\/\/halleffectkeyboard.com\/es\/wp-json\/wp\/v2\/product_tag?post=5838"}],"curies":[{"name":"wp","href":"https:\/\/api.w.org\/{rel}","templated":true}]}}