{"id":5614,"date":"2026-05-11T13:51:38","date_gmt":"2026-05-11T05:51:38","guid":{"rendered":"https:\/\/halleffectkeyboard.com\/?post_type=product&#038;p=5614"},"modified":"2026-05-11T15:52:55","modified_gmt":"2026-05-11T07:52:55","slug":"aula-mini60-he-pro-hall-effect-keyboard","status":"publish","type":"product","link":"https:\/\/halleffectkeyboard.com\/es\/producto\/teclado-con-efecto-hall-aula-mini60-he-pro\/","title":{"rendered":"Teclado con efecto Hall AULA Mini60 HE PRO"},"content":{"rendered":"<h1>Teclado AULA Mini60 HE PRO con efecto Hall: El teclado para juegos 60% de activaci\u00f3n r\u00e1pida definitivo<br \/>\n<img loading=\"lazy\" decoding=\"async\" class=\"alignnone size-full wp-image-5654\" src=\"https:\/\/halleffectkeyboard.com\/wp-content\/uploads\/2026\/05\/7-10-scaled.jpg\" alt=\"AULA Mini60 HE PRO Hall Effect Keyboard\" width=\"2560\" height=\"1437\" srcset=\"https:\/\/halleffectkeyboard.com\/wp-content\/uploads\/2026\/05\/7-10-scaled.jpg 2560w, https:\/\/halleffectkeyboard.com\/wp-content\/uploads\/2026\/05\/7-10-300x168.jpg 300w, https:\/\/halleffectkeyboard.com\/wp-content\/uploads\/2026\/05\/7-10-1024x575.jpg 1024w, https:\/\/halleffectkeyboard.com\/wp-content\/uploads\/2026\/05\/7-10-768x431.jpg 768w, https:\/\/halleffectkeyboard.com\/wp-content\/uploads\/2026\/05\/7-10-1536x862.jpg 1536w, https:\/\/halleffectkeyboard.com\/wp-content\/uploads\/2026\/05\/7-10-2048x1150.jpg 2048w, https:\/\/halleffectkeyboard.com\/wp-content\/uploads\/2026\/05\/7-10-18x10.jpg 18w, https:\/\/halleffectkeyboard.com\/wp-content\/uploads\/2026\/05\/7-10-1200x674.jpg 1200w\" sizes=\"auto, (max-width: 2560px) 100vw, 2560px\" data-no-translation=\"\" \/><\/h1>\n<p><strong>Descripci\u00f3n general del producto<\/strong> Descubre la cima del juego competitivo con el <strong>AULA Mini60 HE PRO<\/strong>, un premium <strong>teclado de efecto Hall<\/strong> Dise\u00f1ado para profesionales de los esports y entusiastas de los teclados mec\u00e1nicos. Como un producto de primera categor\u00eda. <strong>Teclado de 60 teclas<\/strong>, Combina a la perfecci\u00f3n la tecnolog\u00eda de interruptor magn\u00e9tico de vanguardia con un dise\u00f1o que ahorra espacio. Tanto si buscas lo \u00faltimo <strong>Teclado para juegos FPS<\/strong>, un sistema altamente receptivo <strong>Teclado de Valorant<\/strong>, o una velocidad vertiginosa <strong>teclado de osu!<\/strong>, el AULA Mini60 HE PRO ofrece una precisi\u00f3n y velocidad inigualables para todas sus necesidades. <strong>teclado para juegos de ritmo r\u00e1pido<\/strong> necesidades.<br \/>\n<img loading=\"lazy\" decoding=\"async\" class=\"alignnone size-full wp-image-5648\" src=\"https:\/\/halleffectkeyboard.com\/wp-content\/uploads\/2026\/05\/1-22-scaled.jpg\" alt=\"AULA Mini60 HE PRO Hall Effect Keyboard\" width=\"2560\" height=\"1437\" srcset=\"https:\/\/halleffectkeyboard.com\/wp-content\/uploads\/2026\/05\/1-22-scaled.jpg 2560w, https:\/\/halleffectkeyboard.com\/wp-content\/uploads\/2026\/05\/1-22-300x168.jpg 300w, https:\/\/halleffectkeyboard.com\/wp-content\/uploads\/2026\/05\/1-22-1024x575.jpg 1024w, https:\/\/halleffectkeyboard.com\/wp-content\/uploads\/2026\/05\/1-22-768x431.jpg 768w, https:\/\/halleffectkeyboard.com\/wp-content\/uploads\/2026\/05\/1-22-1536x862.jpg 1536w, https:\/\/halleffectkeyboard.com\/wp-content\/uploads\/2026\/05\/1-22-2048x1150.jpg 2048w, https:\/\/halleffectkeyboard.com\/wp-content\/uploads\/2026\/05\/1-22-18x10.jpg 18w, https:\/\/halleffectkeyboard.com\/wp-content\/uploads\/2026\/05\/1-22-1200x674.jpg 1200w\" sizes=\"auto, (max-width: 2560px) 100vw, 2560px\" data-no-translation=\"\" \/><\/p>\n<h3><strong>Caracter\u00edsticas principales<\/strong><\/h3>\n<p><strong>Interruptores de efecto Hall de \u00faltima generaci\u00f3n y sensibilidad RT de 0,01 mm<\/strong> Ad\u00e9ntrate en el futuro de los videojuegos con tecnolog\u00eda avanzada. <strong>interruptores de efecto Hall<\/strong>. Como un verdadero <strong>Teclado de activaci\u00f3n r\u00e1pida \/ Teclado RT<\/strong>, el Mini60 HE PRO permite un control de actuaci\u00f3n granular a trav\u00e9s de su controlador web. <strong>teclado con punto de actuaci\u00f3n ajustable<\/strong> Te permite personalizar los puntos de activaci\u00f3n desde unos ultrarr\u00e1pidos 0,1 mm para tiradores hasta unos deliberados 3,4 mm para escribir. Experimenta lo \u00faltimo. <strong>Teclado con interruptores magn\u00e9ticos<\/strong> que se adapta a la perfecci\u00f3n tanto a los deportes electr\u00f3nicos de alta intensidad como a la productividad diaria.<\/p>\n<p><img loading=\"lazy\" decoding=\"async\" class=\"alignnone size-full wp-image-5649\" src=\"https:\/\/halleffectkeyboard.com\/wp-content\/uploads\/2026\/05\/2-23-scaled.jpg\" alt=\"AULA Mini60 HE PRO Hall Effect Keyboard\" width=\"2560\" height=\"1437\" srcset=\"https:\/\/halleffectkeyboard.com\/wp-content\/uploads\/2026\/05\/2-23-scaled.jpg 2560w, https:\/\/halleffectkeyboard.com\/wp-content\/uploads\/2026\/05\/2-23-300x168.jpg 300w, https:\/\/halleffectkeyboard.com\/wp-content\/uploads\/2026\/05\/2-23-1024x575.jpg 1024w, https:\/\/halleffectkeyboard.com\/wp-content\/uploads\/2026\/05\/2-23-768x431.jpg 768w, https:\/\/halleffectkeyboard.com\/wp-content\/uploads\/2026\/05\/2-23-1536x862.jpg 1536w, https:\/\/halleffectkeyboard.com\/wp-content\/uploads\/2026\/05\/2-23-2048x1150.jpg 2048w, https:\/\/halleffectkeyboard.com\/wp-content\/uploads\/2026\/05\/2-23-18x10.jpg 18w, https:\/\/halleffectkeyboard.com\/wp-content\/uploads\/2026\/05\/2-23-1200x674.jpg 1200w\" sizes=\"auto, (max-width: 2560px) 100vw, 2560px\" data-no-translation=\"\" \/><\/p>\n<p><strong>Frecuencia de sondeo ultrarr\u00e1pida de 8000 Hz y frecuencia de escaneo de 128 kHz.<\/strong> Mejora tu experiencia de juego con una respuesta ultrarr\u00e1pida. <strong>Frecuencia de sondeo de 8000 Hz<\/strong>. Este avanzado <strong>teclado magn\u00e9tico<\/strong> Garantiza latencia cero y actualizaciones ultrarr\u00e1pidas con cada pulsaci\u00f3n de tecla. Junto con una frecuencia de escaneo de 128 kHz, es la opci\u00f3n ideal. <strong>Teclado para juegos de ritmo<\/strong> donde cada milisegundo cuenta, garantizando que cada comando r\u00e1pido se capture al instante.<br \/>\n<img loading=\"lazy\" decoding=\"async\" class=\"alignnone size-full wp-image-5653\" src=\"https:\/\/halleffectkeyboard.com\/wp-content\/uploads\/2026\/05\/6-11-scaled.jpg\" alt=\"AULA Mini60 HE PRO Hall Effect Keyboard\" width=\"2560\" height=\"1437\" srcset=\"https:\/\/halleffectkeyboard.com\/wp-content\/uploads\/2026\/05\/6-11-scaled.jpg 2560w, https:\/\/halleffectkeyboard.com\/wp-content\/uploads\/2026\/05\/6-11-300x168.jpg 300w, https:\/\/halleffectkeyboard.com\/wp-content\/uploads\/2026\/05\/6-11-1024x575.jpg 1024w, https:\/\/halleffectkeyboard.com\/wp-content\/uploads\/2026\/05\/6-11-768x431.jpg 768w, https:\/\/halleffectkeyboard.com\/wp-content\/uploads\/2026\/05\/6-11-1536x862.jpg 1536w, https:\/\/halleffectkeyboard.com\/wp-content\/uploads\/2026\/05\/6-11-2048x1150.jpg 2048w, https:\/\/halleffectkeyboard.com\/wp-content\/uploads\/2026\/05\/6-11-18x10.jpg 18w, https:\/\/halleffectkeyboard.com\/wp-content\/uploads\/2026\/05\/6-11-1200x674.jpg 1200w\" sizes=\"auto, (max-width: 2560px) 100vw, 2560px\" data-no-translation=\"\" \/><\/p>\n<p><strong>Dise\u00f1o de teclado compacto 60% para una m\u00e1xima eficiencia.<\/strong> Maximiza el espacio de tu escritorio con este elegante <strong>Teclado para juegos de 60 teclas<\/strong>. El minimalista <strong>Dise\u00f1o de teclado del 60 por ciento<\/strong> Elimina teclas innecesarias para darle a tu rat\u00f3n m\u00e1s espacio para deslizarse, lo que lo hace perfecto para jugadores de baja sensibilidad. A pesar de su tama\u00f1o, conserva toda la funcionalidad: puedes personalizar f\u00e1cilmente las macros o reasignar las teclas. <strong>Tecla de inicio predeterminada para teclado de 60 teclas<\/strong> configuraciones mediante el software intuitivo. Entre todos <strong>60 teclados<\/strong> en el mercado, este <strong>Dise\u00f1o de teclado de 60 teclas<\/strong> Destaca por sus soportes ergon\u00f3micos de 2 niveles que garantizan la comodidad durante largas sesiones de juego.<br \/>\n<img loading=\"lazy\" decoding=\"async\" class=\"alignnone size-full wp-image-5651\" src=\"https:\/\/halleffectkeyboard.com\/wp-content\/uploads\/2026\/05\/4-23-scaled.jpg\" alt=\"AULA Mini60 HE PRO Hall Effect Keyboard\" width=\"2560\" height=\"1437\" srcset=\"https:\/\/halleffectkeyboard.com\/wp-content\/uploads\/2026\/05\/4-23-scaled.jpg 2560w, https:\/\/halleffectkeyboard.com\/wp-content\/uploads\/2026\/05\/4-23-300x168.jpg 300w, https:\/\/halleffectkeyboard.com\/wp-content\/uploads\/2026\/05\/4-23-1024x575.jpg 1024w, https:\/\/halleffectkeyboard.com\/wp-content\/uploads\/2026\/05\/4-23-768x431.jpg 768w, https:\/\/halleffectkeyboard.com\/wp-content\/uploads\/2026\/05\/4-23-1536x862.jpg 1536w, https:\/\/halleffectkeyboard.com\/wp-content\/uploads\/2026\/05\/4-23-2048x1150.jpg 2048w, https:\/\/halleffectkeyboard.com\/wp-content\/uploads\/2026\/05\/4-23-18x10.jpg 18w, https:\/\/halleffectkeyboard.com\/wp-content\/uploads\/2026\/05\/4-23-1200x674.jpg 1200w\" sizes=\"auto, (max-width: 2560px) 100vw, 2560px\" data-no-translation=\"\" \/><\/p>\n<p><strong>Conexi\u00f3n inal\u00e1mbrica trimodal y dominio multiplataforma<\/strong> El AULA Mini60 HE PRO es un dispositivo muy vers\u00e1til. <strong>Teclado para juegos compatible con Mac y Windows<\/strong>. Ofrece conectividad trimodal sin interrupciones: Bluetooth, conexi\u00f3n inal\u00e1mbrica de baja latencia de 2,4 GHz y conexi\u00f3n por cable USB-C. Gracias a su potente bater\u00eda de 4000 mAh, puedes alternar f\u00e1cilmente entre tu PC, Mac o tableta sin preocuparte por recargarla con frecuencia.<br \/>\n<img loading=\"lazy\" decoding=\"async\" class=\"alignnone size-full wp-image-5650\" src=\"https:\/\/halleffectkeyboard.com\/wp-content\/uploads\/2026\/05\/3-24-scaled.jpg\" alt=\"AULA Mini60 HE PRO Hall Effect Keyboard\" width=\"2560\" height=\"1437\" srcset=\"https:\/\/halleffectkeyboard.com\/wp-content\/uploads\/2026\/05\/3-24-scaled.jpg 2560w, https:\/\/halleffectkeyboard.com\/wp-content\/uploads\/2026\/05\/3-24-300x168.jpg 300w, https:\/\/halleffectkeyboard.com\/wp-content\/uploads\/2026\/05\/3-24-1024x575.jpg 1024w, https:\/\/halleffectkeyboard.com\/wp-content\/uploads\/2026\/05\/3-24-768x431.jpg 768w, https:\/\/halleffectkeyboard.com\/wp-content\/uploads\/2026\/05\/3-24-1536x862.jpg 1536w, https:\/\/halleffectkeyboard.com\/wp-content\/uploads\/2026\/05\/3-24-2048x1150.jpg 2048w, https:\/\/halleffectkeyboard.com\/wp-content\/uploads\/2026\/05\/3-24-18x10.jpg 18w, https:\/\/halleffectkeyboard.com\/wp-content\/uploads\/2026\/05\/3-24-1200x674.jpg 1200w\" sizes=\"auto, (max-width: 2560px) 100vw, 2560px\" data-no-translation=\"\" \/><\/p>\n<p><strong>Impresionante retroiluminaci\u00f3n RGB y teclas con perfil Cherry.<\/strong> Ilumina tu estaci\u00f3n de batalla con retroiluminaci\u00f3n RGB vibrante y personalizable. <strong>Teclado personalizado<\/strong> caracter\u00edsticas premium <strong>Teclas PBT con perfil Cherry impresas lateralmente<\/strong> que permiten que la iluminaci\u00f3n RGB brille con intensidad, incluso en condiciones de poca luz. Elige entre una variedad de efectos de iluminaci\u00f3n din\u00e1micos para crear una atm\u00f3sfera de juego inmersiva.<\/p>\n<p><strong>Controlador web programable para un control total.<\/strong> Desbloquea todo el potencial de tu <strong>teclado del 60 por ciento<\/strong> Con el controlador web programable, implemente Mod Tap o Dynamic Keystroke para asignar m\u00faltiples funciones a una sola tecla seg\u00fan la pulsaci\u00f3n, la pulsaci\u00f3n prolongada o la profundidad de la pulsaci\u00f3n, lo que permite activar comandos complejos manteniendo el control total de las teclas de movimiento.<br \/>\n<img loading=\"lazy\" decoding=\"async\" class=\"alignnone size-full wp-image-5652\" src=\"https:\/\/halleffectkeyboard.com\/wp-content\/uploads\/2026\/05\/5-25-scaled.jpg\" alt=\"AULA Mini60 HE PRO Hall Effect Keyboard\" width=\"2560\" height=\"1437\" srcset=\"https:\/\/halleffectkeyboard.com\/wp-content\/uploads\/2026\/05\/5-25-scaled.jpg 2560w, https:\/\/halleffectkeyboard.com\/wp-content\/uploads\/2026\/05\/5-25-300x168.jpg 300w, https:\/\/halleffectkeyboard.com\/wp-content\/uploads\/2026\/05\/5-25-1024x575.jpg 1024w, https:\/\/halleffectkeyboard.com\/wp-content\/uploads\/2026\/05\/5-25-768x431.jpg 768w, https:\/\/halleffectkeyboard.com\/wp-content\/uploads\/2026\/05\/5-25-1536x862.jpg 1536w, https:\/\/halleffectkeyboard.com\/wp-content\/uploads\/2026\/05\/5-25-2048x1150.jpg 2048w, https:\/\/halleffectkeyboard.com\/wp-content\/uploads\/2026\/05\/5-25-18x10.jpg 18w, https:\/\/halleffectkeyboard.com\/wp-content\/uploads\/2026\/05\/5-25-1200x674.jpg 1200w\" sizes=\"auto, (max-width: 2560px) 100vw, 2560px\" data-no-translation=\"\" \/><\/p>\n<hr \/>\n<h3><strong>Versi\u00f3n MAX: La actualizaci\u00f3n Premium<\/strong><\/h3>\n<p>Para los entusiastas del bricolaje y los teclistas personalizados, el <strong>Versi\u00f3n AULA Mini60 HE PRO MAX<\/strong> lleva la calidad de construcci\u00f3n al siguiente nivel. Esta versi\u00f3n mejorada <strong>Teclado magn\u00e9tico de montaje superior<\/strong> El accesorio est\u00e1 optimizado en cuanto a material, estructura y compatibilidad.<\/p>\n<ul>\n<li><strong>Materiales y mano de obra de primera calidad:<\/strong>\u00a0Presenta una placa de alta densidad y dureza, moldeada mediante un proceso CNC integrado. Su superficie resistente al desgaste y a los ara\u00f1azos evita que se amarillee con el tiempo, mientras que sus bordes redondeados y suaves facilitan una instalaci\u00f3n segura y sin rebabas.<\/li>\n<li><strong>Rendimiento ac\u00fastico HIFI:<\/strong>\u00a0La estructura reforzada integrada elimina el ruido hueco y las vibraciones al teclear, ofreciendo un perfil de sonido HIFI m\u00e1s limpio y con mayor textura.<\/li>\n<li><strong>M\u00e1xima precisi\u00f3n y compatibilidad:<\/strong>\u00a0Dise\u00f1ado con un posicionamiento de orificios sin errores, se adapta perfectamente a las placas de circuito impreso de intercambio en caliente m\u00e1s comunes, a los interruptores mec\u00e1nicos convencionales y a los ejes sat\u00e9lite.<\/li>\n<li><strong>Dise\u00f1ado para durar:<\/strong>\u00a0Los materiales mejorados m\u00e1s gruesos ofrecen una mayor resistencia a la presi\u00f3n, evitando que se doblen y asegurando una vida \u00fatil m\u00e1s larga para su\u00a0<strong>Teclado para juegos<\/strong>.<\/li>\n<\/ul>\n<p><strong>Escenarios de uso:<\/strong> Perfecto para competiciones de eSports, escritura diaria en la oficina, modificaciones de teclados y para actualizar tu configuraci\u00f3n actual. \u00a1Domina las clasificaciones y mejora tu experiencia de escritura con el AULA Mini60 HE PRO hoy mismo!<\/p>","protected":false},"excerpt":{"rendered":"<ul>\n<li><strong>Precisi\u00f3n de \u00faltima generaci\u00f3n:<\/strong>\u00a0Interruptores magn\u00e9ticos de efecto Hall con sensibilidad de disparo r\u00e1pido (RT) ajustable de 0,01 mm.<\/li>\n<li><strong>Latencia cero:<\/strong>\u00a0Frecuencia de sondeo de 8000 Hz y frecuencia de escaneo de 128 kHz para una respuesta instant\u00e1nea en juegos de ritmo r\u00e1pido.<\/li>\n<li><strong>Eficiencia compacta:<\/strong>\u00a0Dise\u00f1o 60% con teclas PBT de perfil Cherry de primera calidad impresas lateralmente e impresionante iluminaci\u00f3n RGB.<\/li>\n<li><strong>Dominio multiplataforma:<\/strong>\u00a0Conectividad trimodal (Bluetooth, 2,4 GHz, USB-C) totalmente compatible con Mac y Windows.<\/li>\n<\/ul>","protected":false},"featured_media":5643,"comment_status":"open","ping_status":"closed","template":"","meta":[],"product_brand":[54],"product_cat":[571,322,20],"product_tag":[606,58,22],"class_list":{"0":"post-5614","1":"product","2":"type-product","3":"status-publish","4":"has-post-thumbnail","6":"product_brand-aula","7":"product_cat-60-keyboard","8":"product_cat-hall-effect-keyboard","9":"product_cat-keyboard","10":"product_tag-60-keyboard","11":"product_tag-hall-effect-keyboard","12":"product_tag-keyboard","14":"first","15":"instock","16":"sale","17":"taxable","18":"shipping-taxable","19":"purchasable","20":"product-type-variable","21":"wvs-archive-product-wrapper"},"aioseo_notices":[],"ct_brands":[{"id":54,"name":"AULA","slug":"aula"}],"jetpack_sharing_enabled":true,"_links":{"self":[{"href":"https:\/\/halleffectkeyboard.com\/es\/wp-json\/wp\/v2\/product\/5614","targetHints":{"allow":["GET"]}}],"collection":[{"href":"https:\/\/halleffectkeyboard.com\/es\/wp-json\/wp\/v2\/product"}],"about":[{"href":"https:\/\/halleffectkeyboard.com\/es\/wp-json\/wp\/v2\/types\/product"}],"replies":[{"embeddable":true,"href":"https:\/\/halleffectkeyboard.com\/es\/wp-json\/wp\/v2\/comments?post=5614"}],"version-history":[{"count":3,"href":"https:\/\/halleffectkeyboard.com\/es\/wp-json\/wp\/v2\/product\/5614\/revisions"}],"predecessor-version":[{"id":5656,"href":"https:\/\/halleffectkeyboard.com\/es\/wp-json\/wp\/v2\/product\/5614\/revisions\/5656"}],"wp:featuredmedia":[{"embeddable":true,"href":"https:\/\/halleffectkeyboard.com\/es\/wp-json\/wp\/v2\/media\/5643"}],"wp:attachment":[{"href":"https:\/\/halleffectkeyboard.com\/es\/wp-json\/wp\/v2\/media?parent=5614"}],"wp:term":[{"taxonomy":"product_brand","embeddable":true,"href":"https:\/\/halleffectkeyboard.com\/es\/wp-json\/wp\/v2\/product_brand?post=5614"},{"taxonomy":"product_cat","embeddable":true,"href":"https:\/\/halleffectkeyboard.com\/es\/wp-json\/wp\/v2\/product_cat?post=5614"},{"taxonomy":"product_tag","embeddable":true,"href":"https:\/\/halleffectkeyboard.com\/es\/wp-json\/wp\/v2\/product_tag?post=5614"}],"curies":[{"name":"wp","href":"https:\/\/api.w.org\/{rel}","templated":true}]}}