{"id":5541,"date":"2026-05-09T15:46:27","date_gmt":"2026-05-09T07:46:27","guid":{"rendered":"https:\/\/halleffectkeyboard.com\/?post_type=product&#038;p=5541"},"modified":"2026-05-11T10:21:17","modified_gmt":"2026-05-11T02:21:17","slug":"aula-ag75-hall-effect-keyboard","status":"publish","type":"product","link":"https:\/\/halleffectkeyboard.com\/es\/producto\/teclado-de-efecto-hall-aula-ag75\/","title":{"rendered":"Teclado de efecto Hall AULA AG75"},"content":{"rendered":"<h1>Teclado AULA AG75 con efecto Hall: El teclado magn\u00e9tico para juegos 75% definitivo<br \/>\n<img loading=\"lazy\" decoding=\"async\" class=\"alignnone size-full wp-image-5596\" src=\"https:\/\/halleffectkeyboard.com\/wp-content\/uploads\/2026\/05\/1-20-scaled.jpg\" alt=\"AULA AG75 Hall Effect Keyboard\" width=\"2560\" height=\"1437\" srcset=\"https:\/\/halleffectkeyboard.com\/wp-content\/uploads\/2026\/05\/1-20-scaled.jpg 2560w, https:\/\/halleffectkeyboard.com\/wp-content\/uploads\/2026\/05\/1-20-300x168.jpg 300w, https:\/\/halleffectkeyboard.com\/wp-content\/uploads\/2026\/05\/1-20-1024x575.jpg 1024w, https:\/\/halleffectkeyboard.com\/wp-content\/uploads\/2026\/05\/1-20-768x431.jpg 768w, https:\/\/halleffectkeyboard.com\/wp-content\/uploads\/2026\/05\/1-20-1536x862.jpg 1536w, https:\/\/halleffectkeyboard.com\/wp-content\/uploads\/2026\/05\/1-20-2048x1150.jpg 2048w, https:\/\/halleffectkeyboard.com\/wp-content\/uploads\/2026\/05\/1-20-18x10.jpg 18w, https:\/\/halleffectkeyboard.com\/wp-content\/uploads\/2026\/05\/1-20-1200x674.jpg 1200w\" sizes=\"auto, (max-width: 2560px) 100vw, 2560px\" data-no-translation=\"\" \/><\/h1>\n<p>Descubre el siguiente nivel de precisi\u00f3n en juegos competitivos y mecanograf\u00eda con el <strong>AULA AG75<\/strong>, un premium <strong>teclado de efecto Hall<\/strong> Dise\u00f1ado para un rendimiento m\u00e1ximo. Con un elegante cuerpo de aluminio CNC y conmutadores magn\u00e9ticos de vanguardia, este <strong>Teclado 75<\/strong> Combina a la perfecci\u00f3n un dise\u00f1o compacto con una funcionalidad excepcional. Tanto si eres un profesional de los esports como un entusiasta de los teclados mec\u00e1nicos personalizados, la serie AG75 (Est\u00e1ndar, Pro y Ultra) ofrece una experiencia inigualable.<br \/>\n<img loading=\"lazy\" decoding=\"async\" class=\"alignnone size-full wp-image-5599\" src=\"https:\/\/halleffectkeyboard.com\/wp-content\/uploads\/2026\/05\/4-21-scaled.jpg\" alt=\"AULA AG75 Hall Effect Keyboard\" width=\"2560\" height=\"1437\" srcset=\"https:\/\/halleffectkeyboard.com\/wp-content\/uploads\/2026\/05\/4-21-scaled.jpg 2560w, https:\/\/halleffectkeyboard.com\/wp-content\/uploads\/2026\/05\/4-21-300x168.jpg 300w, https:\/\/halleffectkeyboard.com\/wp-content\/uploads\/2026\/05\/4-21-1024x575.jpg 1024w, https:\/\/halleffectkeyboard.com\/wp-content\/uploads\/2026\/05\/4-21-768x431.jpg 768w, https:\/\/halleffectkeyboard.com\/wp-content\/uploads\/2026\/05\/4-21-1536x862.jpg 1536w, https:\/\/halleffectkeyboard.com\/wp-content\/uploads\/2026\/05\/4-21-2048x1150.jpg 2048w, https:\/\/halleffectkeyboard.com\/wp-content\/uploads\/2026\/05\/4-21-18x10.jpg 18w, https:\/\/halleffectkeyboard.com\/wp-content\/uploads\/2026\/05\/4-21-1200x674.jpg 1200w\" sizes=\"auto, (max-width: 2560px) 100vw, 2560px\" data-no-translation=\"\" \/><\/p>\n<h2>Domina con un rendimiento ultrarr\u00e1pido.<\/h2>\n<p>Dise\u00f1ado para la velocidad, el AULA AG75 es un verdadero <strong>Teclado de activaci\u00f3n r\u00e1pida \/ Teclado RT<\/strong> Eso elimina el retardo de entrada tradicional.<\/p>\n<ul>\n<li><strong>Respuesta ultrarr\u00e1pida:<\/strong>\u00a0Experimenta una verdadera experiencia de juego sin latencia con un\u00a0<strong>Frecuencia de sondeo de 8000 Hz<\/strong>\u00a0y una latencia media sorprendentemente baja de tan solo 0,08 ms (versi\u00f3n Ultra).<\/li>\n<li><strong>Teclado con punto de actuaci\u00f3n ajustable:<\/strong>\u00a0Personaliza el recorrido de la tecla desde 0,001 mm hasta 3,4 mm. La precisi\u00f3n de paso de 0,001 mm y la zona muerta ajustable &quot;0&quot; la convierten en la herramienta perfecta.\u00a0<strong>Teclado para juegos FPS<\/strong>\u00a0y\u00a0<strong>Teclado de Valorant<\/strong>, lo que permite paradas de ametrallamiento instant\u00e1neas y una precisi\u00f3n milim\u00e9trica.<br \/>\n<img loading=\"lazy\" decoding=\"async\" class=\"alignnone size-full wp-image-5602\" src=\"https:\/\/halleffectkeyboard.com\/wp-content\/uploads\/2026\/05\/7-9-scaled.jpg\" alt=\"AULA AG75 Hall Effect Keyboard\" width=\"2560\" height=\"1437\" srcset=\"https:\/\/halleffectkeyboard.com\/wp-content\/uploads\/2026\/05\/7-9-scaled.jpg 2560w, https:\/\/halleffectkeyboard.com\/wp-content\/uploads\/2026\/05\/7-9-300x168.jpg 300w, https:\/\/halleffectkeyboard.com\/wp-content\/uploads\/2026\/05\/7-9-1024x575.jpg 1024w, https:\/\/halleffectkeyboard.com\/wp-content\/uploads\/2026\/05\/7-9-768x431.jpg 768w, https:\/\/halleffectkeyboard.com\/wp-content\/uploads\/2026\/05\/7-9-1536x862.jpg 1536w, https:\/\/halleffectkeyboard.com\/wp-content\/uploads\/2026\/05\/7-9-2048x1150.jpg 2048w, https:\/\/halleffectkeyboard.com\/wp-content\/uploads\/2026\/05\/7-9-18x10.jpg 18w, https:\/\/halleffectkeyboard.com\/wp-content\/uploads\/2026\/05\/7-9-1200x674.jpg 1200w\" sizes=\"auto, (max-width: 2560px) 100vw, 2560px\" data-no-translation=\"\" \/><\/li>\n<li><strong>Dise\u00f1ado para la velocidad:<\/strong>\u00a0Ya sea que necesite un\u00a0<strong>teclado de osu!<\/strong>, a\u00a0<strong>Teclado para juegos de ritmo<\/strong>, o un confiable\u00a0<strong>Teclado para juegos de ritmo r\u00e1pido<\/strong>, la avanzada tercera y cuarta generaci\u00f3n\u00a0<strong>interruptores de efecto Hall<\/strong>\u00a0Garantiza que cada pulsaci\u00f3n de tecla se registre instant\u00e1neamente.<br \/>\n<img loading=\"lazy\" decoding=\"async\" class=\"alignnone size-full wp-image-5597\" src=\"https:\/\/halleffectkeyboard.com\/wp-content\/uploads\/2026\/05\/2-21-scaled.jpg\" alt=\"AULA AG75 Hall Effect Keyboard\" width=\"2560\" height=\"1437\" srcset=\"https:\/\/halleffectkeyboard.com\/wp-content\/uploads\/2026\/05\/2-21-scaled.jpg 2560w, https:\/\/halleffectkeyboard.com\/wp-content\/uploads\/2026\/05\/2-21-300x168.jpg 300w, https:\/\/halleffectkeyboard.com\/wp-content\/uploads\/2026\/05\/2-21-1024x575.jpg 1024w, https:\/\/halleffectkeyboard.com\/wp-content\/uploads\/2026\/05\/2-21-768x431.jpg 768w, https:\/\/halleffectkeyboard.com\/wp-content\/uploads\/2026\/05\/2-21-1536x862.jpg 1536w, https:\/\/halleffectkeyboard.com\/wp-content\/uploads\/2026\/05\/2-21-2048x1150.jpg 2048w, https:\/\/halleffectkeyboard.com\/wp-content\/uploads\/2026\/05\/2-21-18x10.jpg 18w, https:\/\/halleffectkeyboard.com\/wp-content\/uploads\/2026\/05\/2-21-1200x674.jpg 1200w\" sizes=\"auto, (max-width: 2560px) 100vw, 2560px\" data-no-translation=\"\" \/><\/li>\n<\/ul>\n<h2>Experiencia de teclado personalizado premium<\/h2>\n<p>Experimenta la ac\u00fastica y la sensaci\u00f3n de un equipo de alta gama. <strong>Teclado personalizado<\/strong> Listo para usar nada m\u00e1s sacarlo de la caja.<\/p>\n<ul>\n<li><strong>Construcci\u00f3n superior:<\/strong>\u00a0Encapsulado en una carcasa de aluminio anodizado de malla 220 o de electroforesis fina, este\u00a0<strong>teclado magn\u00e9tico<\/strong>\u00a0Presenta una textura r\u00edgida y de primera calidad.<\/li>\n<li><strong>Ac\u00fastica HIFI:<\/strong>\u00a0Equipado con un sistema de acolchado completo de 6 capas (que incluye espuma de polietileno de baja recuperaci\u00f3n, cu\u00f1as de PET y una placa de posicionamiento de fibra de carbono), ofrece un perfil de sonido limpio y contundente.<\/li>\n<li><strong>Dise\u00f1o vers\u00e1til:<\/strong>\u00a0Dise\u00f1ado para rivalizar con cualquier\u00a0<strong>teclado magn\u00e9tico de montaje superior<\/strong>, Cuenta con un sistema de montaje magn\u00e9tico de liberaci\u00f3n r\u00e1pida para facilitar la modificaci\u00f3n. Combina a la perfecci\u00f3n con varios estilos de teclas, incluyendo las de alta gama.\u00a0<strong>Teclas PBT con perfil Cherry impresas lateralmente<\/strong>\u00a0y los conjuntos incluidos con tem\u00e1tica met\u00e1lica\/esmerilada.<br \/>\n<img loading=\"lazy\" decoding=\"async\" class=\"alignnone size-full wp-image-5601\" src=\"https:\/\/halleffectkeyboard.com\/wp-content\/uploads\/2026\/05\/6-10-scaled.jpg\" alt=\"AULA AG75 Hall Effect Keyboard\" width=\"2560\" height=\"1437\" srcset=\"https:\/\/halleffectkeyboard.com\/wp-content\/uploads\/2026\/05\/6-10-scaled.jpg 2560w, https:\/\/halleffectkeyboard.com\/wp-content\/uploads\/2026\/05\/6-10-300x168.jpg 300w, https:\/\/halleffectkeyboard.com\/wp-content\/uploads\/2026\/05\/6-10-1024x575.jpg 1024w, https:\/\/halleffectkeyboard.com\/wp-content\/uploads\/2026\/05\/6-10-768x431.jpg 768w, https:\/\/halleffectkeyboard.com\/wp-content\/uploads\/2026\/05\/6-10-1536x862.jpg 1536w, https:\/\/halleffectkeyboard.com\/wp-content\/uploads\/2026\/05\/6-10-2048x1150.jpg 2048w, https:\/\/halleffectkeyboard.com\/wp-content\/uploads\/2026\/05\/6-10-18x10.jpg 18w, https:\/\/halleffectkeyboard.com\/wp-content\/uploads\/2026\/05\/6-10-1200x674.jpg 1200w\" sizes=\"auto, (max-width: 2560px) 100vw, 2560px\" data-no-translation=\"\" \/><\/li>\n<\/ul>\n<h2>Teclado con interruptores magn\u00e9ticos de \u00faltima generaci\u00f3n<\/h2>\n<p>Ad\u00e9ntrate en el futuro de <strong>teclados HE<\/strong> con interruptores personalizados de AULA. <strong>Teclado con interruptores magn\u00e9ticos<\/strong> Ofrece cuatro opciones de interruptor distintas para adaptarse a sus preferencias exactas:<\/p>\n<ul>\n<li><strong>Interruptor magn\u00e9tico Mixue:<\/strong>\u00a0Sensaci\u00f3n lineal suave con disparo instant\u00e1neo.<\/li>\n<li><strong>Interruptor magn\u00e9tico plateado Bingxin:<\/strong>\u00a0T\u00e1ctil con respuesta clara.<\/li>\n<li><strong>Interruptor magn\u00e9tico Chaoshen:<\/strong>\u00a0Lineal y ultrarr\u00e1pido para el juego competitivo.<\/li>\n<li><strong>Interruptor magn\u00e9tico Babao:<\/strong>\u00a0Sonido n\u00edtido de &quot;gota de agua&quot; con un final limpio y sin amortiguaci\u00f3n.<br \/>\n<img loading=\"lazy\" decoding=\"async\" class=\"alignnone size-full wp-image-5600\" src=\"https:\/\/halleffectkeyboard.com\/wp-content\/uploads\/2026\/05\/5-23-scaled.jpg\" alt=\"AULA AG75 Hall Effect Keyboard\" width=\"2560\" height=\"1437\" srcset=\"https:\/\/halleffectkeyboard.com\/wp-content\/uploads\/2026\/05\/5-23-scaled.jpg 2560w, https:\/\/halleffectkeyboard.com\/wp-content\/uploads\/2026\/05\/5-23-300x168.jpg 300w, https:\/\/halleffectkeyboard.com\/wp-content\/uploads\/2026\/05\/5-23-1024x575.jpg 1024w, https:\/\/halleffectkeyboard.com\/wp-content\/uploads\/2026\/05\/5-23-768x431.jpg 768w, https:\/\/halleffectkeyboard.com\/wp-content\/uploads\/2026\/05\/5-23-1536x862.jpg 1536w, https:\/\/halleffectkeyboard.com\/wp-content\/uploads\/2026\/05\/5-23-2048x1150.jpg 2048w, https:\/\/halleffectkeyboard.com\/wp-content\/uploads\/2026\/05\/5-23-18x10.jpg 18w, https:\/\/halleffectkeyboard.com\/wp-content\/uploads\/2026\/05\/5-23-1200x674.jpg 1200w\" sizes=\"auto, (max-width: 2560px) 100vw, 2560px\" data-no-translation=\"\" \/><\/li>\n<\/ul>\n<h2>Dise\u00f1o inteligente y amplia compatibilidad<\/h2>\n<ul>\n<li><strong>Dise\u00f1o que ahorra espacio:<\/strong>\u00a0El\u00a0<strong>teclado al 75 por ciento<\/strong>\u00a0El formato compacto ahorra 25% de espacio en su escritorio en comparaci\u00f3n con los modelos de tama\u00f1o completo. La optimizaci\u00f3n\u00a0<strong>Dise\u00f1o de teclado 75<\/strong>\u00a0conserva las teclas de funci\u00f3n esenciales y las teclas de flecha, lo que lo convierte en uno de los m\u00e1s pr\u00e1cticos.\u00a0<strong>75 teclados<\/strong>\u00a0en el mercado.<\/li>\n<li><strong>Integraci\u00f3n perfecta:<\/strong>\u00a0Este es un completo\u00a0<strong>Teclado para juegos compatible con Mac y Windows<\/strong>\u00a0(Tambi\u00e9n compatible con Linux).<\/li>\n<li><strong>Software avanzado:<\/strong>\u00a0Gracias al controlador web AULA 3.0, puedes configurar f\u00e1cilmente los ajustes RT\/SOCD, establecer preajustes para jugadores profesionales y personalizar la vibrante iluminaci\u00f3n ARGB de 170 LED sin necesidad de descargar software innecesario.<\/li>\n<li><strong>Doble gatillo \u201cAlma dual\u201d:<\/strong>\u00a0Cambia instant\u00e1neamente entre dos modos personalizados con un solo clic: perfecto para pasar del trabajo a los juegos.<br \/>\n<img loading=\"lazy\" decoding=\"async\" class=\"alignnone size-full wp-image-5598\" src=\"https:\/\/halleffectkeyboard.com\/wp-content\/uploads\/2026\/05\/3-22-scaled.jpg\" alt=\"AULA AG75 Hall Effect Keyboard\" width=\"2560\" height=\"1437\" srcset=\"https:\/\/halleffectkeyboard.com\/wp-content\/uploads\/2026\/05\/3-22-scaled.jpg 2560w, https:\/\/halleffectkeyboard.com\/wp-content\/uploads\/2026\/05\/3-22-300x168.jpg 300w, https:\/\/halleffectkeyboard.com\/wp-content\/uploads\/2026\/05\/3-22-1024x575.jpg 1024w, https:\/\/halleffectkeyboard.com\/wp-content\/uploads\/2026\/05\/3-22-768x431.jpg 768w, https:\/\/halleffectkeyboard.com\/wp-content\/uploads\/2026\/05\/3-22-1536x862.jpg 1536w, https:\/\/halleffectkeyboard.com\/wp-content\/uploads\/2026\/05\/3-22-2048x1150.jpg 2048w, https:\/\/halleffectkeyboard.com\/wp-content\/uploads\/2026\/05\/3-22-18x10.jpg 18w, https:\/\/halleffectkeyboard.com\/wp-content\/uploads\/2026\/05\/3-22-1200x674.jpg 1200w\" sizes=\"auto, (max-width: 2560px) 100vw, 2560px\" data-no-translation=\"\" \/><\/li>\n<\/ul>\n<hr \/>\n<h2>Comparativa de la serie AULA AG75: \u00bfCu\u00e1l es la adecuada para ti?<\/h2>\n<table>\n<thead>\n<tr>\n<th>Caracter\u00edstica<\/th>\n<th>AULA AG75<\/th>\n<th>AULA AG75 Pro<\/th>\n<th>AULA AG75 Ultra<\/th>\n<\/tr>\n<\/thead>\n<tbody>\n<tr>\n<td><strong>Usuario objetivo<\/strong><\/td>\n<td>Competitivo de nivel inicial<\/td>\n<td>Jugadores avanzados<\/td>\n<td>Profesionales de los deportes electr\u00f3nicos<\/td>\n<\/tr>\n<tr>\n<td><strong>Sensor<\/strong><\/td>\n<td>Sensor Hall de tercera generaci\u00f3n<\/td>\n<td>Sensor Hall de tercera generaci\u00f3n<\/td>\n<td><strong>Sensor Hall de cuarta generaci\u00f3n<\/strong>\u00a0(M\u00e1s preciso)<\/td>\n<\/tr>\n<tr>\n<td><strong>Frecuencia de escaneo \/ Latencia<\/strong><\/td>\n<td>256K \/ 0,1ms<\/td>\n<td>256K \/ 0,1ms<\/td>\n<td><strong>2304K \/ 0,08ms<\/strong><\/td>\n<\/tr>\n<tr>\n<td><strong>Soluci\u00f3n PCB<\/strong><\/td>\n<td>Soluci\u00f3n de estaci\u00f3n \u00fanica<\/td>\n<td>Soluci\u00f3n de doble estaci\u00f3n<\/td>\n<td><strong>Conexi\u00f3n directa Starlight de 3 n\u00facleos<\/strong><\/td>\n<\/tr>\n<tr>\n<td><strong>Cambios de acciones<\/strong><\/td>\n<td>Mezcla magn\u00e9tica<\/td>\n<td>Magn\u00e9tico de plata Bingxin<\/td>\n<td>Chaoshen \/ Babao Magn\u00e9tico<\/td>\n<\/tr>\n<tr>\n<td><strong>Acabado de la concha<\/strong><\/td>\n<td>Anodizado de malla 220<\/td>\n<td>Electroforesis fina<\/td>\n<td>Anodizado de malla 220<\/td>\n<\/tr>\n<tr>\n<td><strong>Teclas<\/strong><\/td>\n<td>Transl\u00facido esmerilado<\/td>\n<td>Metal\/Sublimaci\u00f3n t\u00e9rmica<\/td>\n<td>Metal\/3 piezas transparentes<\/td>\n<\/tr>\n<\/tbody>\n<\/table>\n<p><strong>Mejora tu equipo hoy mismo con el teclado de efecto Hall AULA AG75, donde la ingenier\u00eda de precisi\u00f3n se une al dominio de la competencia.<br \/>\n<img loading=\"lazy\" decoding=\"async\" class=\"alignnone size-full wp-image-5603\" src=\"https:\/\/halleffectkeyboard.com\/wp-content\/uploads\/2026\/05\/8-4-scaled.jpg\" alt=\"AULA AG75 Hall Effect Keyboard\" width=\"2560\" height=\"1437\" srcset=\"https:\/\/halleffectkeyboard.com\/wp-content\/uploads\/2026\/05\/8-4-scaled.jpg 2560w, https:\/\/halleffectkeyboard.com\/wp-content\/uploads\/2026\/05\/8-4-300x168.jpg 300w, https:\/\/halleffectkeyboard.com\/wp-content\/uploads\/2026\/05\/8-4-1024x575.jpg 1024w, https:\/\/halleffectkeyboard.com\/wp-content\/uploads\/2026\/05\/8-4-768x431.jpg 768w, https:\/\/halleffectkeyboard.com\/wp-content\/uploads\/2026\/05\/8-4-1536x862.jpg 1536w, https:\/\/halleffectkeyboard.com\/wp-content\/uploads\/2026\/05\/8-4-2048x1150.jpg 2048w, https:\/\/halleffectkeyboard.com\/wp-content\/uploads\/2026\/05\/8-4-18x10.jpg 18w, https:\/\/halleffectkeyboard.com\/wp-content\/uploads\/2026\/05\/8-4-1200x674.jpg 1200w\" sizes=\"auto, (max-width: 2560px) 100vw, 2560px\" data-no-translation=\"\" \/><br \/>\n<\/strong><\/p>","protected":false},"excerpt":{"rendered":"<ul>\n<li><strong>Respuesta ultrarr\u00e1pida:<\/strong>\u00a0Frecuencia de sondeo de 8000 Hz con una latencia de hasta 0,08 ms.<\/li>\n<li><strong>Disparo r\u00e1pido (TR):<\/strong>\u00a0Accionamiento ajustable con una precisi\u00f3n de 0,001 mm para un desplazamiento lateral instant\u00e1neo.<\/li>\n<li><strong>Versi\u00f3n Premium:<\/strong>\u00a0Carcasa de aluminio mecanizado CNC con sistema de amortiguaci\u00f3n de sonido HIFI de 6 capas.<\/li>\n<li><strong>Dise\u00f1o del Smart 75%:<\/strong>\u00a0Ahorra espacio en el escritorio sin sacrificar las teclas esenciales.<\/li>\n<li><strong>Amplia compatibilidad:<\/strong>\u00a0Funciona a la perfecci\u00f3n con Mac y Windows.<\/li>\n<\/ul>","protected":false},"featured_media":5574,"comment_status":"open","ping_status":"closed","template":"","meta":[],"product_brand":[54],"product_cat":[574,322,20],"product_tag":[626,58,22],"class_list":{"0":"post-5541","1":"product","2":"type-product","3":"status-publish","4":"has-post-thumbnail","6":"product_brand-aula","7":"product_cat-75-keyboard","8":"product_cat-hall-effect-keyboard","9":"product_cat-keyboard","10":"product_tag-75-keyboard","11":"product_tag-hall-effect-keyboard","12":"product_tag-keyboard","14":"first","15":"instock","16":"taxable","17":"shipping-taxable","18":"purchasable","19":"product-type-variable","20":"wvs-archive-product-wrapper"},"aioseo_notices":[],"ct_brands":[{"id":54,"name":"AULA","slug":"aula"}],"jetpack_sharing_enabled":true,"_links":{"self":[{"href":"https:\/\/halleffectkeyboard.com\/es\/wp-json\/wp\/v2\/product\/5541","targetHints":{"allow":["GET"]}}],"collection":[{"href":"https:\/\/halleffectkeyboard.com\/es\/wp-json\/wp\/v2\/product"}],"about":[{"href":"https:\/\/halleffectkeyboard.com\/es\/wp-json\/wp\/v2\/types\/product"}],"replies":[{"embeddable":true,"href":"https:\/\/halleffectkeyboard.com\/es\/wp-json\/wp\/v2\/comments?post=5541"}],"version-history":[{"count":3,"href":"https:\/\/halleffectkeyboard.com\/es\/wp-json\/wp\/v2\/product\/5541\/revisions"}],"predecessor-version":[{"id":5605,"href":"https:\/\/halleffectkeyboard.com\/es\/wp-json\/wp\/v2\/product\/5541\/revisions\/5605"}],"wp:featuredmedia":[{"embeddable":true,"href":"https:\/\/halleffectkeyboard.com\/es\/wp-json\/wp\/v2\/media\/5574"}],"wp:attachment":[{"href":"https:\/\/halleffectkeyboard.com\/es\/wp-json\/wp\/v2\/media?parent=5541"}],"wp:term":[{"taxonomy":"product_brand","embeddable":true,"href":"https:\/\/halleffectkeyboard.com\/es\/wp-json\/wp\/v2\/product_brand?post=5541"},{"taxonomy":"product_cat","embeddable":true,"href":"https:\/\/halleffectkeyboard.com\/es\/wp-json\/wp\/v2\/product_cat?post=5541"},{"taxonomy":"product_tag","embeddable":true,"href":"https:\/\/halleffectkeyboard.com\/es\/wp-json\/wp\/v2\/product_tag?post=5541"}],"curies":[{"name":"wp","href":"https:\/\/api.w.org\/{rel}","templated":true}]}}