{"id":5500,"date":"2026-05-09T11:36:29","date_gmt":"2026-05-09T03:36:29","guid":{"rendered":"https:\/\/halleffectkeyboard.com\/?post_type=product&#038;p=5500"},"modified":"2026-05-09T15:26:21","modified_gmt":"2026-05-09T07:26:21","slug":"aula-ag60-hall-effect-keyboard","status":"publish","type":"product","link":"https:\/\/halleffectkeyboard.com\/es\/producto\/teclado-de-efecto-hall-aula-ag60\/","title":{"rendered":"Teclado de efecto Hall AULA AG60"},"content":{"rendered":"<h1>Teclado AULA AG60 con efecto Hall: El teclado para juegos 60% de activaci\u00f3n r\u00e1pida definitivo<br \/>\n<img loading=\"lazy\" decoding=\"async\" class=\"alignnone size-full wp-image-5508\" src=\"https:\/\/halleffectkeyboard.com\/wp-content\/uploads\/2026\/05\/1-16-scaled.jpg\" alt=\"AULA AG60 Hall Effect Keyboard\" width=\"2560\" height=\"1437\" srcset=\"https:\/\/halleffectkeyboard.com\/wp-content\/uploads\/2026\/05\/1-16-scaled.jpg 2560w, https:\/\/halleffectkeyboard.com\/wp-content\/uploads\/2026\/05\/1-16-300x168.jpg 300w, https:\/\/halleffectkeyboard.com\/wp-content\/uploads\/2026\/05\/1-16-1024x575.jpg 1024w, https:\/\/halleffectkeyboard.com\/wp-content\/uploads\/2026\/05\/1-16-768x431.jpg 768w, https:\/\/halleffectkeyboard.com\/wp-content\/uploads\/2026\/05\/1-16-1536x862.jpg 1536w, https:\/\/halleffectkeyboard.com\/wp-content\/uploads\/2026\/05\/1-16-2048x1150.jpg 2048w, https:\/\/halleffectkeyboard.com\/wp-content\/uploads\/2026\/05\/1-16-18x10.jpg 18w, https:\/\/halleffectkeyboard.com\/wp-content\/uploads\/2026\/05\/1-16-1200x674.jpg 1200w\" sizes=\"auto, (max-width: 2560px) 100vw, 2560px\" data-no-translation=\"\" \/><\/h1>\n<p><strong>Mejora tu ventaja competitiva con la serie AULA AG60: el teclado de efecto Hall de primera l\u00ednea dise\u00f1ado para ofrecer velocidad, precisi\u00f3n y una est\u00e9tica minimalista.<\/strong><\/p>\n<p>El <strong>Teclado de efecto Hall AULA AG60<\/strong> Est\u00e1 dise\u00f1ado para dominar. Cuenta con tecnolog\u00eda l\u00edder en la industria. <strong>interruptor magn\u00e9tico<\/strong> tecnolog\u00eda, una <strong>Frecuencia de sondeo de 8000 Hz<\/strong>, y un compacto <strong>Dise\u00f1o de teclado 60%<\/strong>, este es el <strong>Teclado Rapid Trigger econ\u00f3mico<\/strong> Lo que estabas esperando.<br \/>\n<img loading=\"lazy\" decoding=\"async\" class=\"alignnone size-full wp-image-5515\" src=\"https:\/\/halleffectkeyboard.com\/wp-content\/uploads\/2026\/05\/7-7-scaled.jpg\" alt=\"AULA AG60 Hall Effect Keyboard\" width=\"2560\" height=\"1437\" srcset=\"https:\/\/halleffectkeyboard.com\/wp-content\/uploads\/2026\/05\/7-7-scaled.jpg 2560w, https:\/\/halleffectkeyboard.com\/wp-content\/uploads\/2026\/05\/7-7-300x168.jpg 300w, https:\/\/halleffectkeyboard.com\/wp-content\/uploads\/2026\/05\/7-7-1024x575.jpg 1024w, https:\/\/halleffectkeyboard.com\/wp-content\/uploads\/2026\/05\/7-7-768x431.jpg 768w, https:\/\/halleffectkeyboard.com\/wp-content\/uploads\/2026\/05\/7-7-1536x862.jpg 1536w, https:\/\/halleffectkeyboard.com\/wp-content\/uploads\/2026\/05\/7-7-2048x1150.jpg 2048w, https:\/\/halleffectkeyboard.com\/wp-content\/uploads\/2026\/05\/7-7-18x10.jpg 18w, https:\/\/halleffectkeyboard.com\/wp-content\/uploads\/2026\/05\/7-7-1200x674.jpg 1200w\" sizes=\"auto, (max-width: 2560px) 100vw, 2560px\" data-no-translation=\"\" \/><\/p>\n<hr \/>\n<h2>\u00bfPor qu\u00e9 elegir el teclado con efecto Hall AULA AG60?<\/h2>\n<p>El AULA AG60 no es solo otro <strong>Teclado para juegos de 60 teclas<\/strong>; Es una herramienta de alto rendimiento dise\u00f1ada para jugadores que exigen latencia cero.<\/p>\n<h3>Tecnolog\u00eda de interruptores magn\u00e9ticos de vanguardia<\/h3>\n<p>Equipado con tecnolog\u00eda avanzada <strong>interruptores de efecto Hall<\/strong>, el AULA AG60 ofrece un <strong>punto de actuaci\u00f3n ajustable<\/strong> (de 0,1 mm a 4,0 mm). Tanto si necesita un toque ligero como una pluma para <strong>juegos de ritmo r\u00e1pido<\/strong> o un trazo deliberado para escribir, esto <strong>teclado con interruptores magn\u00e9ticos<\/strong> Se adapta a ti.<\/p>\n<ul>\n<li><strong>Disparo r\u00e1pido (TR):<\/strong>\u00a0Experimenta un reinicio casi instant\u00e1neo con\u00a0<strong>RT 0,001 mm<\/strong>\u00a0precisi\u00f3n, esencial para\u00a0<strong>Valorant<\/strong>,\u00a0<strong>CS2<\/strong>, y\u00a0<strong>Teclado de Osu!<\/strong>\u00a0entusiastas.<\/li>\n<li><strong>Frecuencia de sondeo de 8000 Hz:<\/strong>\u00a0Con un\u00a0<strong>Tasa de sondeo de 8K<\/strong>, Disfruta de una latencia de entrada de 0,1 ms que te mantiene por delante de la competencia.<br \/>\n<img loading=\"lazy\" decoding=\"async\" class=\"alignnone size-full wp-image-5509\" src=\"https:\/\/halleffectkeyboard.com\/wp-content\/uploads\/2026\/05\/2-16-scaled.jpg\" alt=\"AULA AG60 Hall Effect Keyboard\" width=\"2560\" height=\"1437\" srcset=\"https:\/\/halleffectkeyboard.com\/wp-content\/uploads\/2026\/05\/2-16-scaled.jpg 2560w, https:\/\/halleffectkeyboard.com\/wp-content\/uploads\/2026\/05\/2-16-300x168.jpg 300w, https:\/\/halleffectkeyboard.com\/wp-content\/uploads\/2026\/05\/2-16-1024x575.jpg 1024w, https:\/\/halleffectkeyboard.com\/wp-content\/uploads\/2026\/05\/2-16-768x431.jpg 768w, https:\/\/halleffectkeyboard.com\/wp-content\/uploads\/2026\/05\/2-16-1536x862.jpg 1536w, https:\/\/halleffectkeyboard.com\/wp-content\/uploads\/2026\/05\/2-16-2048x1150.jpg 2048w, https:\/\/halleffectkeyboard.com\/wp-content\/uploads\/2026\/05\/2-16-18x10.jpg 18w, https:\/\/halleffectkeyboard.com\/wp-content\/uploads\/2026\/05\/2-16-1200x674.jpg 1200w\" sizes=\"auto, (max-width: 2560px) 100vw, 2560px\" data-no-translation=\"\" \/><\/li>\n<\/ul>\n<h3>Dise\u00f1o compacto 60% para configuraciones minimalistas<\/h3>\n<p>El <strong>Dise\u00f1o de teclado del 60 por ciento<\/strong> es el est\u00e1ndar de oro para <strong>Teclados para juegos FPS<\/strong>. Al eliminar el teclado num\u00e9rico y la fila de teclas de funci\u00f3n, se obtiene un enorme espacio en el escritorio para realizar movimientos r\u00e1pidos del rat\u00f3n con baja sensibilidad. <em>Nota: \u00bfNecesita teclas de navegaci\u00f3n? <strong>Tecla de inicio predeterminada para teclado de 60 teclas<\/strong> Es f\u00e1cilmente accesible mediante atajos de teclado intuitivos de la capa Fn, totalmente personalizables en nuestro software.<\/em><\/p>\n<h3>Construcci\u00f3n y personalizaci\u00f3n premium<\/h3>\n<ul>\n<li><strong>Experiencia de teclado personalizada:<\/strong>\u00a0Presentando\u00a0<strong>Teclas totalmente intercambiables en caliente<\/strong>\u00a0En los enchufes, puedes cambiar f\u00e1cilmente los interruptores sin necesidad de soldar.<\/li>\n<li><strong>Ac\u00fastica superior:<\/strong>\u00a0Nuestro\u00a0<strong>teclado magn\u00e9tico de montaje superior<\/strong>\u00a0El dise\u00f1o incluye amortiguaci\u00f3n de sonido multicapa, lo que garantiza un perfil sonoro contundente y satisfactorio.<\/li>\n<li><strong>Est\u00e9tica duradera:<\/strong>\u00a0Equipado con\u00a0<strong>Teclas PBT con perfil Cherry impresas lateralmente<\/strong>\u00a0que son resistentes al aceite y a la decoloraci\u00f3n, combinados con un vibrante\u00a0<strong>Retroiluminaci\u00f3n RGB Twin-Star<\/strong>.<br \/>\n<img loading=\"lazy\" decoding=\"async\" class=\"alignnone size-full wp-image-5510\" src=\"https:\/\/halleffectkeyboard.com\/wp-content\/uploads\/2026\/05\/3-17-scaled.jpg\" alt=\"AULA AG60 Hall Effect Keyboard\" width=\"2560\" height=\"1437\" srcset=\"https:\/\/halleffectkeyboard.com\/wp-content\/uploads\/2026\/05\/3-17-scaled.jpg 2560w, https:\/\/halleffectkeyboard.com\/wp-content\/uploads\/2026\/05\/3-17-300x168.jpg 300w, https:\/\/halleffectkeyboard.com\/wp-content\/uploads\/2026\/05\/3-17-1024x575.jpg 1024w, https:\/\/halleffectkeyboard.com\/wp-content\/uploads\/2026\/05\/3-17-768x431.jpg 768w, https:\/\/halleffectkeyboard.com\/wp-content\/uploads\/2026\/05\/3-17-1536x862.jpg 1536w, https:\/\/halleffectkeyboard.com\/wp-content\/uploads\/2026\/05\/3-17-2048x1150.jpg 2048w, https:\/\/halleffectkeyboard.com\/wp-content\/uploads\/2026\/05\/3-17-18x10.jpg 18w, https:\/\/halleffectkeyboard.com\/wp-content\/uploads\/2026\/05\/3-17-1200x674.jpg 1200w\" sizes=\"auto, (max-width: 2560px) 100vw, 2560px\" data-no-translation=\"\" \/><\/li>\n<\/ul>\n<hr \/>\n<h2>Especificaciones clave<\/h2>\n<table>\n<thead>\n<tr>\n<th>Caracter\u00edstica<\/th>\n<th>Especificaci\u00f3n<\/th>\n<\/tr>\n<\/thead>\n<tbody>\n<tr>\n<td><strong>Producto<\/strong><\/td>\n<td>Serie AULA AG60<\/td>\n<\/tr>\n<tr>\n<td><strong>Tipo de interruptor<\/strong><\/td>\n<td>Interruptor magn\u00e9tico\/de efecto Hall<\/td>\n<\/tr>\n<tr>\n<td><strong>\u00cdndice de sondeo<\/strong><\/td>\n<td>8000 Hz (latencia de 0,1 ms)<\/td>\n<\/tr>\n<tr>\n<td><strong>Disparo r\u00e1pido<\/strong><\/td>\n<td>S\u00ed (precisi\u00f3n de 0,001 mm)<\/td>\n<\/tr>\n<tr>\n<td><strong>Disposici\u00f3n<\/strong><\/td>\n<td>60% (61 teclas)<\/td>\n<\/tr>\n<tr>\n<td><strong>Compatibilidad<\/strong><\/td>\n<td>Teclado para juegos compatible con Mac y Windows<\/td>\n<\/tr>\n<tr>\n<td><strong>Conectividad<\/strong><\/td>\n<td>USB con cable estable<\/td>\n<\/tr>\n<\/tbody>\n<\/table>\n<p>&nbsp;<\/p>\n<p><img loading=\"lazy\" decoding=\"async\" class=\"alignnone size-full wp-image-5511\" src=\"https:\/\/halleffectkeyboard.com\/wp-content\/uploads\/2026\/05\/4-16-scaled.jpg\" alt=\"AULA AG60 Hall Effect Keyboard\" width=\"2560\" height=\"1437\" srcset=\"https:\/\/halleffectkeyboard.com\/wp-content\/uploads\/2026\/05\/4-16-scaled.jpg 2560w, https:\/\/halleffectkeyboard.com\/wp-content\/uploads\/2026\/05\/4-16-300x168.jpg 300w, https:\/\/halleffectkeyboard.com\/wp-content\/uploads\/2026\/05\/4-16-1024x575.jpg 1024w, https:\/\/halleffectkeyboard.com\/wp-content\/uploads\/2026\/05\/4-16-768x431.jpg 768w, https:\/\/halleffectkeyboard.com\/wp-content\/uploads\/2026\/05\/4-16-1536x862.jpg 1536w, https:\/\/halleffectkeyboard.com\/wp-content\/uploads\/2026\/05\/4-16-2048x1150.jpg 2048w, https:\/\/halleffectkeyboard.com\/wp-content\/uploads\/2026\/05\/4-16-18x10.jpg 18w, https:\/\/halleffectkeyboard.com\/wp-content\/uploads\/2026\/05\/4-16-1200x674.jpg 1200w\" sizes=\"auto, (max-width: 2560px) 100vw, 2560px\" data-no-translation=\"\" \/><\/p>\n<hr \/>\n<h2>Optimizado para deportes electr\u00f3nicos competitivos<\/h2>\n<p>Ya sea que usted sea un <strong>jugador de esports<\/strong> Para un usuario ocasional, el AULA AG60 es perfecto. <strong>teclado del 60 por ciento<\/strong>.<\/p>\n<ul>\n<li><strong>Juegos FPS:<\/strong>\u00a0Lo \u00faltimo\u00a0<strong>Teclado de Valorant<\/strong>\u00a0y\u00a0<strong>Teclado CS2<\/strong>\u00a0para un movimiento preciso.<\/li>\n<li><strong>Juegos de ritmo:<\/strong>\u00a0El preferido\u00a0<strong>Teclado de Osu!<\/strong>\u00a0para golpeteo de alta velocidad.<\/li>\n<li><strong>Versatilidad:<\/strong>\u00a0Un completo\u00a0<strong>Teclado para juegos compatible con Mac y Windows<\/strong>\u00a0que se adapta a cualquier estaci\u00f3n de trabajo.<br \/>\n<img loading=\"lazy\" decoding=\"async\" class=\"alignnone size-full wp-image-5515\" src=\"https:\/\/halleffectkeyboard.com\/wp-content\/uploads\/2026\/05\/7-7-scaled.jpg\" alt=\"AULA AG60 Hall Effect Keyboard\" width=\"2560\" height=\"1437\" srcset=\"https:\/\/halleffectkeyboard.com\/wp-content\/uploads\/2026\/05\/7-7-scaled.jpg 2560w, https:\/\/halleffectkeyboard.com\/wp-content\/uploads\/2026\/05\/7-7-300x168.jpg 300w, https:\/\/halleffectkeyboard.com\/wp-content\/uploads\/2026\/05\/7-7-1024x575.jpg 1024w, https:\/\/halleffectkeyboard.com\/wp-content\/uploads\/2026\/05\/7-7-768x431.jpg 768w, https:\/\/halleffectkeyboard.com\/wp-content\/uploads\/2026\/05\/7-7-1536x862.jpg 1536w, https:\/\/halleffectkeyboard.com\/wp-content\/uploads\/2026\/05\/7-7-2048x1150.jpg 2048w, https:\/\/halleffectkeyboard.com\/wp-content\/uploads\/2026\/05\/7-7-18x10.jpg 18w, https:\/\/halleffectkeyboard.com\/wp-content\/uploads\/2026\/05\/7-7-1200x674.jpg 1200w\" sizes=\"auto, (max-width: 2560px) 100vw, 2560px\" data-no-translation=\"\" \/><\/li>\n<\/ul>\n<hr \/>\n<h2><img loading=\"lazy\" decoding=\"async\" class=\"alignnone size-full wp-image-5516\" src=\"https:\/\/halleffectkeyboard.com\/wp-content\/uploads\/2026\/05\/5-17-scaled.jpg\" alt=\"AULA AG60 Hall Effect Keyboard\" width=\"2560\" height=\"1437\" srcset=\"https:\/\/halleffectkeyboard.com\/wp-content\/uploads\/2026\/05\/5-17-scaled.jpg 2560w, https:\/\/halleffectkeyboard.com\/wp-content\/uploads\/2026\/05\/5-17-300x168.jpg 300w, https:\/\/halleffectkeyboard.com\/wp-content\/uploads\/2026\/05\/5-17-1024x575.jpg 1024w, https:\/\/halleffectkeyboard.com\/wp-content\/uploads\/2026\/05\/5-17-768x431.jpg 768w, https:\/\/halleffectkeyboard.com\/wp-content\/uploads\/2026\/05\/5-17-1536x862.jpg 1536w, https:\/\/halleffectkeyboard.com\/wp-content\/uploads\/2026\/05\/5-17-2048x1150.jpg 2048w, https:\/\/halleffectkeyboard.com\/wp-content\/uploads\/2026\/05\/5-17-18x10.jpg 18w, https:\/\/halleffectkeyboard.com\/wp-content\/uploads\/2026\/05\/5-17-1200x674.jpg 1200w\" sizes=\"auto, (max-width: 2560px) 100vw, 2560px\" data-no-translation=\"\" \/><br \/>\nPreguntas frecuentes (FAQ)<\/h2>\n<p><strong>P: \u00bfEs el AULA AG60 una buena alternativa al Wooting 60HE?<\/strong> A: Absolutamente. El AULA AG60 ofrece calidad profesional. <strong>Efecto Hall<\/strong> desempe\u00f1o, incluyendo <strong>Disparo r\u00e1pido<\/strong> y <strong>Sondeo de 8000 Hz<\/strong>, a una fracci\u00f3n del costo.<\/p>\n<p><strong>P: \u00bfCu\u00e1l es la diferencia entre AULA AG60, Pro y Max?<\/strong> A: El <strong>Serie AULA AG60<\/strong> ofrece varios niveles. Mientras que el AG60 b\u00e1sico ofrece funciones principales. <strong>teclado magn\u00e9tico<\/strong> En cuanto al rendimiento, las versiones Pro y Max incluyen materiales mejorados y funciones de software avanzadas.<\/p>\n<p><strong>P: \u00bfEs este un teclado personalizado?<\/strong> A: S\u00ed, lo es. <strong>teclado personalizado<\/strong> plataforma. Con <strong>interruptores intercambiables en caliente<\/strong> y un <strong>montaje superior<\/strong> Su estructura es perfecta para los aficionados.<\/p>","protected":false},"excerpt":{"rendered":"<p>Domina la competencia con el AULA AG60, un teclado premium con interruptores magn\u00e9ticos 60%. Con una latencia de 0,1 ms, una tasa de sondeo de 8000 Hz y la tecnolog\u00eda Rapid Trigger de ultra precisi\u00f3n, es el teclado compacto ideal para juegos FPS, Valorant y juegos de ritmo. Disfruta de un rendimiento profesional en un dise\u00f1o elegante, minimalista y con interruptores intercambiables en caliente.<\/p>","protected":false},"featured_media":5504,"comment_status":"open","ping_status":"closed","template":"","meta":[],"product_brand":[54],"product_cat":[571,322,20],"product_tag":[606,58,22],"class_list":{"0":"post-5500","1":"product","2":"type-product","3":"status-publish","4":"has-post-thumbnail","6":"product_brand-aula","7":"product_cat-60-keyboard","8":"product_cat-hall-effect-keyboard","9":"product_cat-keyboard","10":"product_tag-60-keyboard","11":"product_tag-hall-effect-keyboard","12":"product_tag-keyboard","14":"first","15":"instock","16":"taxable","17":"shipping-taxable","18":"purchasable","19":"product-type-variable","20":"wvs-archive-product-wrapper"},"aioseo_notices":[],"ct_brands":[{"id":54,"name":"AULA","slug":"aula"}],"jetpack_sharing_enabled":true,"_links":{"self":[{"href":"https:\/\/halleffectkeyboard.com\/es\/wp-json\/wp\/v2\/product\/5500","targetHints":{"allow":["GET"]}}],"collection":[{"href":"https:\/\/halleffectkeyboard.com\/es\/wp-json\/wp\/v2\/product"}],"about":[{"href":"https:\/\/halleffectkeyboard.com\/es\/wp-json\/wp\/v2\/types\/product"}],"replies":[{"embeddable":true,"href":"https:\/\/halleffectkeyboard.com\/es\/wp-json\/wp\/v2\/comments?post=5500"}],"version-history":[{"count":4,"href":"https:\/\/halleffectkeyboard.com\/es\/wp-json\/wp\/v2\/product\/5500\/revisions"}],"predecessor-version":[{"id":5517,"href":"https:\/\/halleffectkeyboard.com\/es\/wp-json\/wp\/v2\/product\/5500\/revisions\/5517"}],"wp:featuredmedia":[{"embeddable":true,"href":"https:\/\/halleffectkeyboard.com\/es\/wp-json\/wp\/v2\/media\/5504"}],"wp:attachment":[{"href":"https:\/\/halleffectkeyboard.com\/es\/wp-json\/wp\/v2\/media?parent=5500"}],"wp:term":[{"taxonomy":"product_brand","embeddable":true,"href":"https:\/\/halleffectkeyboard.com\/es\/wp-json\/wp\/v2\/product_brand?post=5500"},{"taxonomy":"product_cat","embeddable":true,"href":"https:\/\/halleffectkeyboard.com\/es\/wp-json\/wp\/v2\/product_cat?post=5500"},{"taxonomy":"product_tag","embeddable":true,"href":"https:\/\/halleffectkeyboard.com\/es\/wp-json\/wp\/v2\/product_tag?post=5500"}],"curies":[{"name":"wp","href":"https:\/\/api.w.org\/{rel}","templated":true}]}}