{"id":5297,"date":"2026-05-07T16:29:22","date_gmt":"2026-05-07T08:29:22","guid":{"rendered":"https:\/\/halleffectkeyboard.com\/?post_type=product&#038;p=5297"},"modified":"2026-05-07T16:49:58","modified_gmt":"2026-05-07T08:49:58","slug":"atk-x-qk-hex80-hall-effect-keyboard","status":"publish","type":"product","link":"https:\/\/halleffectkeyboard.com\/es\/producto\/teclado-de-efecto-hall-atk-x-qk-hex80\/","title":{"rendered":"Teclado con efecto Hall ATK x QK Hex80"},"content":{"rendered":"<h1><strong>ATK x QK Hex80: El teclado TKL 8K definitivo con efecto Hall<br \/>\n<img loading=\"lazy\" decoding=\"async\" class=\"alignnone size-full wp-image-5325\" src=\"https:\/\/halleffectkeyboard.com\/wp-content\/uploads\/2026\/05\/7-5-scaled.jpg\" alt=\"ATK x QK Hex80 Hall Effect Keyboard\" width=\"2560\" height=\"1437\" srcset=\"https:\/\/halleffectkeyboard.com\/wp-content\/uploads\/2026\/05\/7-5-scaled.jpg 2560w, https:\/\/halleffectkeyboard.com\/wp-content\/uploads\/2026\/05\/7-5-300x168.jpg 300w, https:\/\/halleffectkeyboard.com\/wp-content\/uploads\/2026\/05\/7-5-1024x575.jpg 1024w, https:\/\/halleffectkeyboard.com\/wp-content\/uploads\/2026\/05\/7-5-768x431.jpg 768w, https:\/\/halleffectkeyboard.com\/wp-content\/uploads\/2026\/05\/7-5-1536x862.jpg 1536w, https:\/\/halleffectkeyboard.com\/wp-content\/uploads\/2026\/05\/7-5-2048x1150.jpg 2048w, https:\/\/halleffectkeyboard.com\/wp-content\/uploads\/2026\/05\/7-5-18x10.jpg 18w, https:\/\/halleffectkeyboard.com\/wp-content\/uploads\/2026\/05\/7-5-1200x674.jpg 1200w\" sizes=\"auto, (max-width: 2560px) 100vw, 2560px\" data-no-translation=\"\" \/><br \/>\n<\/strong><\/h1>\n<p>Buscando el <strong>El mejor teclado magn\u00e9tico TKL<\/strong> \u00bfQuieres mejorar tu juego? Conoce el <strong>Teclado ATK x QK Hex80 con efecto Hall<\/strong>, una colaboraci\u00f3n emblem\u00e1tica entre <strong>ATQ<\/strong> y <strong>Teclas QWERTY (QK)<\/strong>. Dise\u00f1ado para jugadores competitivos y entusiastas de los teclados personalizados, este <strong>Teclado 80%<\/strong> combina tecnolog\u00eda de vanguardia <strong>Disparo r\u00e1pido<\/strong> Tecnolog\u00eda con ac\u00fastica personalizada de primera calidad.<\/p>\n<p>Ya sea que est\u00e9 buscando el <strong>El mejor teclado para Valorant<\/strong>, una velocidad vertiginosa <strong>Teclado Rapid Trigger para osu!<\/strong>, o el <strong>mejor teclado para strafing en CS2<\/strong>, el <strong>ATK Hex80<\/strong> Ofrece una precisi\u00f3n inigualable y una experiencia de escritura de primera calidad.<br \/>\n<img loading=\"lazy\" decoding=\"async\" class=\"alignnone size-full wp-image-5319\" src=\"https:\/\/halleffectkeyboard.com\/wp-content\/uploads\/2026\/05\/1-11-scaled.jpg\" alt=\"ATK x QK Hex80 Hall Effect Keyboard\" width=\"2560\" height=\"1437\" srcset=\"https:\/\/halleffectkeyboard.com\/wp-content\/uploads\/2026\/05\/1-11-scaled.jpg 2560w, https:\/\/halleffectkeyboard.com\/wp-content\/uploads\/2026\/05\/1-11-300x168.jpg 300w, https:\/\/halleffectkeyboard.com\/wp-content\/uploads\/2026\/05\/1-11-1024x575.jpg 1024w, https:\/\/halleffectkeyboard.com\/wp-content\/uploads\/2026\/05\/1-11-768x431.jpg 768w, https:\/\/halleffectkeyboard.com\/wp-content\/uploads\/2026\/05\/1-11-1536x862.jpg 1536w, https:\/\/halleffectkeyboard.com\/wp-content\/uploads\/2026\/05\/1-11-2048x1150.jpg 2048w, https:\/\/halleffectkeyboard.com\/wp-content\/uploads\/2026\/05\/1-11-18x10.jpg 18w, https:\/\/halleffectkeyboard.com\/wp-content\/uploads\/2026\/05\/1-11-1200x674.jpg 1200w\" sizes=\"auto, (max-width: 2560px) 100vw, 2560px\" data-no-translation=\"\" \/><\/p>\n<h2><strong>Rendimiento inigualable en los deportes electr\u00f3nicos<\/strong><\/h2>\n<p>Impulsado por la soluci\u00f3n de interruptor magn\u00e9tico ATK Blazing Wind y con componentes de primera calidad. <strong>Interruptores magn\u00e9ticos OwLab Ti<\/strong>, este <strong>teclado HE<\/strong> Est\u00e1 dise\u00f1ado para la velocidad pura.<\/p>\n<ul>\n<li><strong>Teclado con accionamiento de 0,005 mm:<\/strong>\u00a0Profundidad de disparo ajustable l\u00edder en la industria (0,005 mm \u2013 3,3 mm) para un control perfecto p\u00edxel a p\u00edxel.<\/li>\n<li><strong>Teclado de disparo r\u00e1pido de 8 kHz:<\/strong>\u00a0Experimente cero retrasos con un\u00a0<strong>Teclado con tasa de sondeo de 8K<\/strong>\u00a0arquitectura, que ofrece una latencia ultrabaja de 0,08 ms.<\/li>\n<li><strong>Modo Extremo:<\/strong>\u00a0Desbloquea un disparo ultrarr\u00e1pido y estable con cero entradas perdidas, lo que lo convierte en lo \u00faltimo.\u00a0<strong>teclado para juegos de esports<\/strong>.<img loading=\"lazy\" decoding=\"async\" class=\"alignnone size-full wp-image-5320\" src=\"https:\/\/halleffectkeyboard.com\/wp-content\/uploads\/2026\/05\/2-11-scaled.jpg\" alt=\"ATK x QK Hex80 Hall Effect Keyboard\" width=\"2560\" height=\"1437\" srcset=\"https:\/\/halleffectkeyboard.com\/wp-content\/uploads\/2026\/05\/2-11-scaled.jpg 2560w, https:\/\/halleffectkeyboard.com\/wp-content\/uploads\/2026\/05\/2-11-300x168.jpg 300w, https:\/\/halleffectkeyboard.com\/wp-content\/uploads\/2026\/05\/2-11-1024x575.jpg 1024w, https:\/\/halleffectkeyboard.com\/wp-content\/uploads\/2026\/05\/2-11-768x431.jpg 768w, https:\/\/halleffectkeyboard.com\/wp-content\/uploads\/2026\/05\/2-11-1536x862.jpg 1536w, https:\/\/halleffectkeyboard.com\/wp-content\/uploads\/2026\/05\/2-11-2048x1150.jpg 2048w, https:\/\/halleffectkeyboard.com\/wp-content\/uploads\/2026\/05\/2-11-18x10.jpg 18w, https:\/\/halleffectkeyboard.com\/wp-content\/uploads\/2026\/05\/2-11-1200x674.jpg 1200w\" sizes=\"auto, (max-width: 2560px) 100vw, 2560px\" data-no-translation=\"\" \/><\/li>\n<\/ul>\n<h2><strong><img loading=\"lazy\" decoding=\"async\" class=\"alignnone size-full wp-image-5321\" src=\"https:\/\/halleffectkeyboard.com\/wp-content\/uploads\/2026\/05\/3-12-scaled.jpg\" alt=\"ATK x QK Hex80 Hall Effect Keyboard\" width=\"2560\" height=\"1437\" srcset=\"https:\/\/halleffectkeyboard.com\/wp-content\/uploads\/2026\/05\/3-12-scaled.jpg 2560w, https:\/\/halleffectkeyboard.com\/wp-content\/uploads\/2026\/05\/3-12-300x168.jpg 300w, https:\/\/halleffectkeyboard.com\/wp-content\/uploads\/2026\/05\/3-12-1024x575.jpg 1024w, https:\/\/halleffectkeyboard.com\/wp-content\/uploads\/2026\/05\/3-12-768x431.jpg 768w, https:\/\/halleffectkeyboard.com\/wp-content\/uploads\/2026\/05\/3-12-1536x862.jpg 1536w, https:\/\/halleffectkeyboard.com\/wp-content\/uploads\/2026\/05\/3-12-2048x1150.jpg 2048w, https:\/\/halleffectkeyboard.com\/wp-content\/uploads\/2026\/05\/3-12-18x10.jpg 18w, https:\/\/halleffectkeyboard.com\/wp-content\/uploads\/2026\/05\/3-12-1200x674.jpg 1200w\" sizes=\"auto, (max-width: 2560px) 100vw, 2560px\" data-no-translation=\"\" \/><br \/>\nConstrucci\u00f3n de primera calidad y ac\u00fastica &quot;contundente&quot;<\/strong><\/h2>\n<p>A diferencia de los perif\u00e9ricos de juego est\u00e1ndar, el <strong>QK Hex80<\/strong> es un <strong>teclado prefabricado personalizado<\/strong> que se niega a transigir en cuanto al sonido o la sensaci\u00f3n.<\/p>\n<ul>\n<li><strong>Teclado HE con montaje de junta:<\/strong>\u00a0Cuenta con un sistema de amortiguaci\u00f3n de sonido multicapa, lo que resulta en un perfil de sonido limpio y profundo que lo convierte en un verdadero\u00a0<strong>teclado magn\u00e9tico thocky<\/strong>.<\/li>\n<li><strong>Teclado HE con carcasa de aluminio:<\/strong>\u00a0Aluminio mecanizado por CNC con un refinado acabado anodizado\/recubierto por pulverizaci\u00f3n de malla 220 para una durabilidad y textura excepcionales.<\/li>\n<li><strong>Teclas de PC esmeriladas:<\/strong>\u00a0Teclas c\u00f3modas con perfil Cherry que proporcionan una excelente transmisi\u00f3n de luz RGB.<br \/>\n<img loading=\"lazy\" decoding=\"async\" class=\"alignnone size-full wp-image-5322\" src=\"https:\/\/halleffectkeyboard.com\/wp-content\/uploads\/2026\/05\/4-11-scaled.jpg\" alt=\"ATK x QK Hex80 Hall Effect Keyboard\" width=\"2560\" height=\"1437\" srcset=\"https:\/\/halleffectkeyboard.com\/wp-content\/uploads\/2026\/05\/4-11-scaled.jpg 2560w, https:\/\/halleffectkeyboard.com\/wp-content\/uploads\/2026\/05\/4-11-300x168.jpg 300w, https:\/\/halleffectkeyboard.com\/wp-content\/uploads\/2026\/05\/4-11-1024x575.jpg 1024w, https:\/\/halleffectkeyboard.com\/wp-content\/uploads\/2026\/05\/4-11-768x431.jpg 768w, https:\/\/halleffectkeyboard.com\/wp-content\/uploads\/2026\/05\/4-11-1536x862.jpg 1536w, https:\/\/halleffectkeyboard.com\/wp-content\/uploads\/2026\/05\/4-11-2048x1150.jpg 2048w, https:\/\/halleffectkeyboard.com\/wp-content\/uploads\/2026\/05\/4-11-18x10.jpg 18w, https:\/\/halleffectkeyboard.com\/wp-content\/uploads\/2026\/05\/4-11-1200x674.jpg 1200w\" sizes=\"auto, (max-width: 2560px) 100vw, 2560px\" data-no-translation=\"\" \/><\/li>\n<\/ul>\n<h2><strong>\u00bfC\u00f3mo se compara?<\/strong><\/h2>\n<p>Si est\u00e1s buscando el <strong>La mejor alternativa a Wooting<\/strong>, el <strong>Teclado ATK QK Hex80 con efecto Hall<\/strong> es la respuesta definitiva. Al comparar la <strong>ATK Hex80 contra Wooting 80HE<\/strong>, <strong>QK Hex80 contra Boog75<\/strong>, o <strong>ATK Hex80 contra DrunkDeer A75<\/strong>, el Hex80 se destaca por ofrecer una ac\u00fastica superior de grado personalizado gracias a su <strong>Teclado con efecto Hall y montaje de junta<\/strong> estructura. Solo escucha cualquiera <strong>An\u00e1lisis del teclado Qwertykeys Hex80<\/strong> o <strong>Prueba de sonido del ATK Hex80<\/strong> para escuchar la enorme diferencia en la calidad de escritura.<br \/>\n<img loading=\"lazy\" decoding=\"async\" class=\"alignnone size-full wp-image-5324\" src=\"https:\/\/halleffectkeyboard.com\/wp-content\/uploads\/2026\/05\/6-5-scaled.jpg\" alt=\"ATK x QK Hex80 Hall Effect Keyboard\" width=\"2560\" height=\"1437\" srcset=\"https:\/\/halleffectkeyboard.com\/wp-content\/uploads\/2026\/05\/6-5-scaled.jpg 2560w, https:\/\/halleffectkeyboard.com\/wp-content\/uploads\/2026\/05\/6-5-300x168.jpg 300w, https:\/\/halleffectkeyboard.com\/wp-content\/uploads\/2026\/05\/6-5-1024x575.jpg 1024w, https:\/\/halleffectkeyboard.com\/wp-content\/uploads\/2026\/05\/6-5-768x431.jpg 768w, https:\/\/halleffectkeyboard.com\/wp-content\/uploads\/2026\/05\/6-5-1536x862.jpg 1536w, https:\/\/halleffectkeyboard.com\/wp-content\/uploads\/2026\/05\/6-5-2048x1150.jpg 2048w, https:\/\/halleffectkeyboard.com\/wp-content\/uploads\/2026\/05\/6-5-18x10.jpg 18w, https:\/\/halleffectkeyboard.com\/wp-content\/uploads\/2026\/05\/6-5-1200x674.jpg 1200w\" sizes=\"auto, (max-width: 2560px) 100vw, 2560px\" data-no-translation=\"\" \/><\/p>\n<h2><strong>Especificaciones b\u00e1sicas<\/strong><\/h2>\n<ul>\n<li><strong>Disposici\u00f3n:<\/strong>\u00a0<strong>teclado TKL<\/strong>\u00a0\/ 88 teclas<\/li>\n<li><strong>Estructura:<\/strong>\u00a0Montaje con junta y amortiguaci\u00f3n multicapa<\/li>\n<li><strong>Material de la carcasa:<\/strong>\u00a0Aluminio mecanizado por CNC<\/li>\n<li><strong>Interruptores:<\/strong>\u00a0<strong>Teclado con interruptores OwLab Ti<\/strong>\u00a0(Teclado con interruptores magn\u00e9ticos)<\/li>\n<li><strong>Rango RT:<\/strong>\u00a00,005 mm \u2013 3,3 mm (pasos de 0,005 mm)<\/li>\n<li><strong>Tasa de sondeo:<\/strong>\u00a0Hasta 8000 Hz (8K)<\/li>\n<li><strong>Estado latente:<\/strong>\u00a00,08 ms<\/li>\n<li><strong>Caracter\u00edsticas:<\/strong>\u00a0Modo RT Extreme, teclas totalmente programables, iluminaci\u00f3n RGB.<br \/>\n<img loading=\"lazy\" decoding=\"async\" class=\"alignnone size-full wp-image-5323\" src=\"https:\/\/halleffectkeyboard.com\/wp-content\/uploads\/2026\/05\/5-10-scaled.jpg\" alt=\"ATK x QK Hex80 Hall Effect Keyboard\" width=\"2560\" height=\"1437\" srcset=\"https:\/\/halleffectkeyboard.com\/wp-content\/uploads\/2026\/05\/5-10-scaled.jpg 2560w, https:\/\/halleffectkeyboard.com\/wp-content\/uploads\/2026\/05\/5-10-300x168.jpg 300w, https:\/\/halleffectkeyboard.com\/wp-content\/uploads\/2026\/05\/5-10-1024x575.jpg 1024w, https:\/\/halleffectkeyboard.com\/wp-content\/uploads\/2026\/05\/5-10-768x431.jpg 768w, https:\/\/halleffectkeyboard.com\/wp-content\/uploads\/2026\/05\/5-10-1536x862.jpg 1536w, https:\/\/halleffectkeyboard.com\/wp-content\/uploads\/2026\/05\/5-10-2048x1150.jpg 2048w, https:\/\/halleffectkeyboard.com\/wp-content\/uploads\/2026\/05\/5-10-18x10.jpg 18w, https:\/\/halleffectkeyboard.com\/wp-content\/uploads\/2026\/05\/5-10-1200x674.jpg 1200w\" sizes=\"auto, (max-width: 2560px) 100vw, 2560px\" data-no-translation=\"\" \/><\/li>\n<\/ul>\n<h2><strong>Actualiza tu configuraci\u00f3n hoy mismo.<\/strong><\/h2>\n<p>\u00bfListo para dominar las clasificaciones? Si quieres <strong>comprar ATK QK Hex80<\/strong>, Est\u00e1s invirtiendo en un producto de primera categor\u00eda. <strong>Teclado para juegos HE personalizado disponible<\/strong> que redefine el meta. Ofreciendo una experiencia incre\u00edblemente competitiva. <strong>Precio del teclado Qwertykeys Hex80 HE<\/strong> Por sus caracter\u00edsticas, es la combinaci\u00f3n perfecta de velocidad pura de los esports y artesan\u00eda de nivel aficionado.<\/p>","protected":false},"excerpt":{"rendered":"<p>Domina la competencia con lo \u00faltimo <strong>Teclado magn\u00e9tico TKL<\/strong>, Creado en colaboraci\u00f3n por ATK y Qwertykeys, el Hex80 combina la velocidad pura de los esports con una ac\u00fastica de alta calidad, dise\u00f1ado para jugadores que no se conforman con menos.<\/p>\n<ul>\n<li><strong>Velocidad ultrarr\u00e1pida:<\/strong>\u00a0Frecuencia de sondeo de 8 kHz con una latencia pr\u00e1cticamente nula de 0,08 ms.<\/li>\n<li><strong>Control con precisi\u00f3n de p\u00edxel:<\/strong>\u00a0Disparador r\u00e1pido ajustable (RT) con una precisi\u00f3n l\u00edder en la industria de 0,005 mm.<\/li>\n<li><strong>Construcci\u00f3n personalizada premium:<\/strong>\u00a0Carcasa de aluminio mecanizada por CNC con estructura de montaje mediante junta.<\/li>\n<li><strong>Ac\u00fastica superior:<\/strong>\u00a0Amortiguaci\u00f3n de sonido multicapa e interruptores magn\u00e9ticos OwLab Ti para una experiencia de escritura profundamente satisfactoria y con un tacto contundente.<\/li>\n<\/ul>","protected":false},"featured_media":5312,"comment_status":"open","ping_status":"closed","template":"","meta":[],"product_brand":[226],"product_cat":[322,20],"product_tag":[386,185,22],"class_list":{"0":"post-5297","1":"product","2":"type-product","3":"status-publish","4":"has-post-thumbnail","6":"product_brand-atk","7":"product_cat-hall-effect-keyboard","8":"product_cat-keyboard","9":"product_tag-gaming-keyboard","10":"product_tag-hall-effect-switches","11":"product_tag-keyboard","13":"first","14":"instock","15":"taxable","16":"shipping-taxable","17":"purchasable","18":"product-type-variable","19":"wvs-archive-product-wrapper"},"aioseo_notices":[],"ct_brands":[{"id":226,"name":"ATQ","slug":"atk"}],"jetpack_sharing_enabled":true,"_links":{"self":[{"href":"https:\/\/halleffectkeyboard.com\/es\/wp-json\/wp\/v2\/product\/5297","targetHints":{"allow":["GET"]}}],"collection":[{"href":"https:\/\/halleffectkeyboard.com\/es\/wp-json\/wp\/v2\/product"}],"about":[{"href":"https:\/\/halleffectkeyboard.com\/es\/wp-json\/wp\/v2\/types\/product"}],"replies":[{"embeddable":true,"href":"https:\/\/halleffectkeyboard.com\/es\/wp-json\/wp\/v2\/comments?post=5297"}],"version-history":[{"count":3,"href":"https:\/\/halleffectkeyboard.com\/es\/wp-json\/wp\/v2\/product\/5297\/revisions"}],"predecessor-version":[{"id":5328,"href":"https:\/\/halleffectkeyboard.com\/es\/wp-json\/wp\/v2\/product\/5297\/revisions\/5328"}],"wp:featuredmedia":[{"embeddable":true,"href":"https:\/\/halleffectkeyboard.com\/es\/wp-json\/wp\/v2\/media\/5312"}],"wp:attachment":[{"href":"https:\/\/halleffectkeyboard.com\/es\/wp-json\/wp\/v2\/media?parent=5297"}],"wp:term":[{"taxonomy":"product_brand","embeddable":true,"href":"https:\/\/halleffectkeyboard.com\/es\/wp-json\/wp\/v2\/product_brand?post=5297"},{"taxonomy":"product_cat","embeddable":true,"href":"https:\/\/halleffectkeyboard.com\/es\/wp-json\/wp\/v2\/product_cat?post=5297"},{"taxonomy":"product_tag","embeddable":true,"href":"https:\/\/halleffectkeyboard.com\/es\/wp-json\/wp\/v2\/product_tag?post=5297"}],"curies":[{"name":"wp","href":"https:\/\/api.w.org\/{rel}","templated":true}]}}