{"id":5264,"date":"2026-05-07T14:04:15","date_gmt":"2026-05-07T06:04:15","guid":{"rendered":"https:\/\/halleffectkeyboard.com\/?post_type=product&#038;p=5264"},"modified":"2026-05-07T15:09:52","modified_gmt":"2026-05-07T07:09:52","slug":"atk-f1-extreme-wireless-mouse-leviatan-edition","status":"publish","type":"product","link":"https:\/\/halleffectkeyboard.com\/es\/producto\/raton-inalambrico-atk-f1-extreme-edicion-leviatan\/","title":{"rendered":"Rat\u00f3n inal\u00e1mbrico ATK F1 Extreme \u2013 Edici\u00f3n LEVIATAN"},"content":{"rendered":"<h1>Rat\u00f3n inal\u00e1mbrico ATK F1 Extreme \u2013 Edici\u00f3n LEVIATAN<\/h1>\n<h2>El rat\u00f3n gaming definitivo de marca compartida para profesionales de los eSports.<br \/>\n<img loading=\"lazy\" decoding=\"async\" class=\"alignnone size-full wp-image-5271\" src=\"https:\/\/halleffectkeyboard.com\/wp-content\/uploads\/2026\/05\/1-9-scaled.jpg\" alt=\"ATK F1 Extreme Wireless Mouse - LEVIATAN Edition\" width=\"2560\" height=\"1437\" srcset=\"https:\/\/halleffectkeyboard.com\/wp-content\/uploads\/2026\/05\/1-9-scaled.jpg 2560w, https:\/\/halleffectkeyboard.com\/wp-content\/uploads\/2026\/05\/1-9-300x168.jpg 300w, https:\/\/halleffectkeyboard.com\/wp-content\/uploads\/2026\/05\/1-9-1024x575.jpg 1024w, https:\/\/halleffectkeyboard.com\/wp-content\/uploads\/2026\/05\/1-9-768x431.jpg 768w, https:\/\/halleffectkeyboard.com\/wp-content\/uploads\/2026\/05\/1-9-1536x862.jpg 1536w, https:\/\/halleffectkeyboard.com\/wp-content\/uploads\/2026\/05\/1-9-2048x1150.jpg 2048w, https:\/\/halleffectkeyboard.com\/wp-content\/uploads\/2026\/05\/1-9-18x10.jpg 18w, https:\/\/halleffectkeyboard.com\/wp-content\/uploads\/2026\/05\/1-9-1200x674.jpg 1200w\" sizes=\"auto, (max-width: 2560px) 100vw, 2560px\" data-no-translation=\"\" \/><\/h2>\n<p>Experimenta la cima del juego competitivo con el <strong>Rat\u00f3n inal\u00e1mbrico ATK F1 Extreme \u2013 Edici\u00f3n LEVIATAN<\/strong>. Nacido de una familia exclusiva <strong>Colaboraci\u00f3n LEVIATAN<\/strong>, este de alta gama <strong>rat\u00f3n inal\u00e1mbrico para deportes electr\u00f3nicos<\/strong> Combina hardware de primera categor\u00eda con un dise\u00f1o ergon\u00f3mico ultraligero. Como el oficial <strong>Rat\u00f3n para juegos del equipo Leviat\u00e1n<\/strong>, el <strong>ATK Blazing Sky F1 Extreme<\/strong> Est\u00e1 dise\u00f1ado para ofrecer un seguimiento preciso, una latencia ultrabaja y comodidad durante todo el d\u00eda, tanto para jugadores profesionales como para aficionados a los juegos FPS.<\/p>\n<h2><img loading=\"lazy\" decoding=\"async\" class=\"alignnone size-full wp-image-5274\" src=\"https:\/\/halleffectkeyboard.com\/wp-content\/uploads\/2026\/05\/4-9-scaled.jpg\" alt=\"ATK F1 Extreme Wireless Mouse - LEVIATAN Edition\" width=\"2560\" height=\"1437\" srcset=\"https:\/\/halleffectkeyboard.com\/wp-content\/uploads\/2026\/05\/4-9-scaled.jpg 2560w, https:\/\/halleffectkeyboard.com\/wp-content\/uploads\/2026\/05\/4-9-300x168.jpg 300w, https:\/\/halleffectkeyboard.com\/wp-content\/uploads\/2026\/05\/4-9-1024x575.jpg 1024w, https:\/\/halleffectkeyboard.com\/wp-content\/uploads\/2026\/05\/4-9-768x431.jpg 768w, https:\/\/halleffectkeyboard.com\/wp-content\/uploads\/2026\/05\/4-9-1536x862.jpg 1536w, https:\/\/halleffectkeyboard.com\/wp-content\/uploads\/2026\/05\/4-9-2048x1150.jpg 2048w, https:\/\/halleffectkeyboard.com\/wp-content\/uploads\/2026\/05\/4-9-18x10.jpg 18w, https:\/\/halleffectkeyboard.com\/wp-content\/uploads\/2026\/05\/4-9-1200x674.jpg 1200w\" sizes=\"auto, (max-width: 2560px) 100vw, 2560px\" data-no-translation=\"\" \/><br \/>\nRendimiento y hardware de n\u00facleo inigualables<\/h2>\n<ul>\n<li><strong>Sensor insignia PAW3950:<\/strong>\u00a0Domina la competencia con la soluci\u00f3n l\u00edder en la industria.\u00a0<strong>Sensor PAW3950<\/strong>. Este\u00a0<strong>Rat\u00f3n inal\u00e1mbrico PAW3950<\/strong>\u00a0ofrece DPI ultra alto nativo, aceleraci\u00f3n de cursor cero y sin deriva de seguimiento, lo que lo convierte en el\u00a0<strong>El mejor rat\u00f3n para los eSports de Valorant<\/strong>\u00a0donde la punter\u00eda r\u00e1pida y los microajustes son fundamentales.<\/li>\n<li><strong>Rat\u00f3n inal\u00e1mbrico para juegos de 8K Hz:<\/strong>\u00a0No te pierdas ni un fotograma. Presentando un\u00a0<strong>Rat\u00f3n con tasa de sondeo de 8K \/ Adaptador USB de 8K<\/strong>\u00a0configuraci\u00f3n, esta\u00a0<strong>Rat\u00f3n inal\u00e1mbrico PAW3950 8K<\/strong>\u00a0Garantiza una conexi\u00f3n de latencia ultrabaja con transmisi\u00f3n de se\u00f1al estable.<\/li>\n<li><strong>Chip de control de \u00faltima generaci\u00f3n:<\/strong>\u00a0El chip de control principal de alta especificaci\u00f3n incorporado garantiza un seguimiento del cursor ultrasuave. Adem\u00e1s, como\u00a0<strong>Rat\u00f3n para juegos con software basado en web<\/strong>, Puedes personalizar f\u00e1cilmente el DPI, la tasa de sondeo y la iluminaci\u00f3n RGB sin necesidad de aplicaciones de escritorio pesadas.<br \/>\n<img loading=\"lazy\" decoding=\"async\" class=\"alignnone size-full wp-image-5273\" src=\"https:\/\/halleffectkeyboard.com\/wp-content\/uploads\/2026\/05\/3-10-scaled.jpg\" alt=\"ATK F1 Extreme Wireless Mouse - LEVIATAN Edition\" width=\"2560\" height=\"1437\" srcset=\"https:\/\/halleffectkeyboard.com\/wp-content\/uploads\/2026\/05\/3-10-scaled.jpg 2560w, https:\/\/halleffectkeyboard.com\/wp-content\/uploads\/2026\/05\/3-10-300x168.jpg 300w, https:\/\/halleffectkeyboard.com\/wp-content\/uploads\/2026\/05\/3-10-1024x575.jpg 1024w, https:\/\/halleffectkeyboard.com\/wp-content\/uploads\/2026\/05\/3-10-768x431.jpg 768w, https:\/\/halleffectkeyboard.com\/wp-content\/uploads\/2026\/05\/3-10-1536x862.jpg 1536w, https:\/\/halleffectkeyboard.com\/wp-content\/uploads\/2026\/05\/3-10-2048x1150.jpg 2048w, https:\/\/halleffectkeyboard.com\/wp-content\/uploads\/2026\/05\/3-10-18x10.jpg 18w, https:\/\/halleffectkeyboard.com\/wp-content\/uploads\/2026\/05\/3-10-1200x674.jpg 1200w\" sizes=\"auto, (max-width: 2560px) 100vw, 2560px\" data-no-translation=\"\" \/><\/li>\n<\/ul>\n<h2>Ergonom\u00eda ultraligera y dise\u00f1o exclusivo<\/h2>\n<ul>\n<li><strong>Rat\u00f3n para juegos ultraligero de 35 g:<\/strong>\u00a0Con un peso asombroso de 35 gramos, este\u00a0<strong>rat\u00f3n para juegos de 35 g<\/strong>\u00a0Permite arrastrar y deslizar sin esfuerzo. Su cl\u00e1sica forma ergon\u00f3mica para diestros lo convierte en el...\u00a0<strong>Rat\u00f3n ligero para agarre de garra<\/strong>\u00a0y un ideal\u00a0<strong>rat\u00f3n para juegos con agarre de punta de los dedos<\/strong>, reduciendo significativamente la fatiga de la mu\u00f1eca.<br \/>\n<img loading=\"lazy\" decoding=\"async\" class=\"alignnone size-full wp-image-5272\" src=\"https:\/\/halleffectkeyboard.com\/wp-content\/uploads\/2026\/05\/2-9-scaled.jpg\" alt=\"ATK F1 Extreme Wireless Mouse - LEVIATAN Edition\" width=\"2560\" height=\"1437\" srcset=\"https:\/\/halleffectkeyboard.com\/wp-content\/uploads\/2026\/05\/2-9-scaled.jpg 2560w, https:\/\/halleffectkeyboard.com\/wp-content\/uploads\/2026\/05\/2-9-300x168.jpg 300w, https:\/\/halleffectkeyboard.com\/wp-content\/uploads\/2026\/05\/2-9-1024x575.jpg 1024w, https:\/\/halleffectkeyboard.com\/wp-content\/uploads\/2026\/05\/2-9-768x431.jpg 768w, https:\/\/halleffectkeyboard.com\/wp-content\/uploads\/2026\/05\/2-9-1536x862.jpg 1536w, https:\/\/halleffectkeyboard.com\/wp-content\/uploads\/2026\/05\/2-9-2048x1150.jpg 2048w, https:\/\/halleffectkeyboard.com\/wp-content\/uploads\/2026\/05\/2-9-18x10.jpg 18w, https:\/\/halleffectkeyboard.com\/wp-content\/uploads\/2026\/05\/2-9-1200x674.jpg 1200w\" sizes=\"auto, (max-width: 2560px) 100vw, 2560px\" data-no-translation=\"\" \/><\/li>\n<li><strong>Acabado premium con sensaci\u00f3n de hielo:<\/strong>\u00a0Destaca con la exclusividad\u00a0<strong>rat\u00f3n edici\u00f3n LEVIATAN<\/strong>\u00a0est\u00e9tica. Presenta una combinaci\u00f3n de colores personalizada, una ic\u00f3nica marca compartida y una superficie antideslizante de primera calidad.\u00a0<strong>Acabado con sensaci\u00f3n de hielo<\/strong>. Este resistente al sudor\u00a0<strong>rat\u00f3n para juegos con revestimiento de hielo<\/strong>\u00a0Garantiza una sujeci\u00f3n firme durante los partidos intensos.<\/li>\n<li><strong>Conmutadores \u00f3pticos duraderos:<\/strong>\u00a0Construido como un veh\u00edculo de alto rendimiento\u00a0<strong>interruptores \u00f3pticos rat\u00f3n inal\u00e1mbrico<\/strong>, Proporciona una respuesta t\u00e1ctil n\u00edtida, un rebote r\u00e1pido y una vida \u00fatil prolongada para clics r\u00e1pidos y continuos.<br \/>\n<img loading=\"lazy\" decoding=\"async\" class=\"alignnone size-full wp-image-5276\" src=\"https:\/\/halleffectkeyboard.com\/wp-content\/uploads\/2026\/05\/6-4-scaled.jpg\" alt=\"ATK F1 Extreme Wireless Mouse - LEVIATAN Edition\" width=\"2560\" height=\"1437\" srcset=\"https:\/\/halleffectkeyboard.com\/wp-content\/uploads\/2026\/05\/6-4-scaled.jpg 2560w, https:\/\/halleffectkeyboard.com\/wp-content\/uploads\/2026\/05\/6-4-300x168.jpg 300w, https:\/\/halleffectkeyboard.com\/wp-content\/uploads\/2026\/05\/6-4-1024x575.jpg 1024w, https:\/\/halleffectkeyboard.com\/wp-content\/uploads\/2026\/05\/6-4-768x431.jpg 768w, https:\/\/halleffectkeyboard.com\/wp-content\/uploads\/2026\/05\/6-4-1536x862.jpg 1536w, https:\/\/halleffectkeyboard.com\/wp-content\/uploads\/2026\/05\/6-4-2048x1150.jpg 2048w, https:\/\/halleffectkeyboard.com\/wp-content\/uploads\/2026\/05\/6-4-18x10.jpg 18w, https:\/\/halleffectkeyboard.com\/wp-content\/uploads\/2026\/05\/6-4-1200x674.jpg 1200w\" sizes=\"auto, (max-width: 2560px) 100vw, 2560px\" data-no-translation=\"\" \/><\/li>\n<\/ul>\n<h2>Resumen de especificaciones t\u00e9cnicas<\/h2>\n<ul>\n<li><strong>Producto:<\/strong>\u00a0<strong>ATK Blazing Sky F1<\/strong>\u00a0(Edici\u00f3n Extrema)<\/li>\n<li><strong>Sensor:<\/strong>\u00a0Sensor \u00f3ptico PAW3950<\/li>\n<li><strong>Peso:<\/strong>\u00a035 g<\/li>\n<li><strong>Tasa de sondeo:<\/strong>\u00a0Hasta 8000 Hz (adaptador 8K incluido)<\/li>\n<li><strong>Conectividad:<\/strong>\u00a0Modo dual inal\u00e1mbrico 2.4G + cableado<\/li>\n<li><strong>Bater\u00eda:<\/strong>\u00a0Bater\u00eda recargable de alta capacidad con soporte para carga r\u00e1pida.<\/li>\n<li><strong>Deslizamientos:<\/strong>\u00a0Patas de rat\u00f3n de PTFE ultrasuaves de primera calidad<\/li>\n<li><strong>Compatibilidad:<\/strong>\u00a0Plug-and-play para Windows, macOS y Linux.<\/li>\n<\/ul>\n<h2><img loading=\"lazy\" decoding=\"async\" class=\"alignnone size-full wp-image-5275\" src=\"https:\/\/halleffectkeyboard.com\/wp-content\/uploads\/2026\/05\/5-8-scaled.jpg\" alt=\"ATK F1 Extreme Wireless Mouse - LEVIATAN Edition\" width=\"2560\" height=\"1437\" srcset=\"https:\/\/halleffectkeyboard.com\/wp-content\/uploads\/2026\/05\/5-8-scaled.jpg 2560w, https:\/\/halleffectkeyboard.com\/wp-content\/uploads\/2026\/05\/5-8-300x168.jpg 300w, https:\/\/halleffectkeyboard.com\/wp-content\/uploads\/2026\/05\/5-8-1024x575.jpg 1024w, https:\/\/halleffectkeyboard.com\/wp-content\/uploads\/2026\/05\/5-8-768x431.jpg 768w, https:\/\/halleffectkeyboard.com\/wp-content\/uploads\/2026\/05\/5-8-1536x862.jpg 1536w, https:\/\/halleffectkeyboard.com\/wp-content\/uploads\/2026\/05\/5-8-2048x1150.jpg 2048w, https:\/\/halleffectkeyboard.com\/wp-content\/uploads\/2026\/05\/5-8-18x10.jpg 18w, https:\/\/halleffectkeyboard.com\/wp-content\/uploads\/2026\/05\/5-8-1200x674.jpg 1200w\" sizes=\"auto, (max-width: 2560px) 100vw, 2560px\" data-no-translation=\"\" \/><br \/>\nActualiza tu configuraci\u00f3n hoy mismo.<\/h2>\n<p>\u00bfListo para mejorar tu juego con el equipo exacto que usan los profesionales? Echa un vistazo a <strong>Precio de la ATK Blazing Sky F1 Extreme<\/strong> y <strong>comprar ATK F1 Extreme Leviatan<\/strong> hoy mismo para asegurar tu pedazo de historia de los esports. \u00danete a las filas de los jugadores de \u00e9lite con el <strong>Rat\u00f3n inal\u00e1mbrico ATK F1 Extreme<\/strong>.<\/p>","protected":false},"excerpt":{"rendered":"<p>Experimenta un rendimiento de \u00e9lite en los deportes electr\u00f3nicos con el <strong>Rat\u00f3n inal\u00e1mbrico ATK F1 Extreme \u2013 Edici\u00f3n LEVIATAN<\/strong>. Con un peso sorprendente de tan solo 35 g, este exclusivo rat\u00f3n para juegos, fruto de una colaboraci\u00f3n entre marcas, incorpora el sensor insignia PAW3950, una tasa de sondeo de 8K para una latencia ultrabaja y un acabado antideslizante Ice-Feeling de primera calidad. Dise\u00f1ado para jugadores profesionales de FPS que exigen la m\u00e1xima precisi\u00f3n y velocidad.<\/p>","protected":false},"featured_media":5266,"comment_status":"open","ping_status":"closed","template":"","meta":[],"product_brand":[226],"product_cat":[331],"product_tag":[499,338,498],"class_list":{"0":"post-5264","1":"product","2":"type-product","3":"status-publish","4":"has-post-thumbnail","6":"product_brand-atk","7":"product_cat-mouse","8":"product_tag-gaming-mouse","9":"product_tag-mouse","10":"product_tag-wireless-mouse","12":"first","13":"instock","14":"taxable","15":"shipping-taxable","16":"purchasable","17":"product-type-variable","18":"wvs-archive-product-wrapper"},"aioseo_notices":[],"ct_brands":[{"id":226,"name":"ATQ","slug":"atk"}],"jetpack_sharing_enabled":true,"_links":{"self":[{"href":"https:\/\/halleffectkeyboard.com\/es\/wp-json\/wp\/v2\/product\/5264","targetHints":{"allow":["GET"]}}],"collection":[{"href":"https:\/\/halleffectkeyboard.com\/es\/wp-json\/wp\/v2\/product"}],"about":[{"href":"https:\/\/halleffectkeyboard.com\/es\/wp-json\/wp\/v2\/types\/product"}],"replies":[{"embeddable":true,"href":"https:\/\/halleffectkeyboard.com\/es\/wp-json\/wp\/v2\/comments?post=5264"}],"version-history":[{"count":3,"href":"https:\/\/halleffectkeyboard.com\/es\/wp-json\/wp\/v2\/product\/5264\/revisions"}],"predecessor-version":[{"id":5279,"href":"https:\/\/halleffectkeyboard.com\/es\/wp-json\/wp\/v2\/product\/5264\/revisions\/5279"}],"wp:featuredmedia":[{"embeddable":true,"href":"https:\/\/halleffectkeyboard.com\/es\/wp-json\/wp\/v2\/media\/5266"}],"wp:attachment":[{"href":"https:\/\/halleffectkeyboard.com\/es\/wp-json\/wp\/v2\/media?parent=5264"}],"wp:term":[{"taxonomy":"product_brand","embeddable":true,"href":"https:\/\/halleffectkeyboard.com\/es\/wp-json\/wp\/v2\/product_brand?post=5264"},{"taxonomy":"product_cat","embeddable":true,"href":"https:\/\/halleffectkeyboard.com\/es\/wp-json\/wp\/v2\/product_cat?post=5264"},{"taxonomy":"product_tag","embeddable":true,"href":"https:\/\/halleffectkeyboard.com\/es\/wp-json\/wp\/v2\/product_tag?post=5264"}],"curies":[{"name":"wp","href":"https:\/\/api.w.org\/{rel}","templated":true}]}}