{"id":5243,"date":"2026-05-07T11:10:15","date_gmt":"2026-05-07T03:10:15","guid":{"rendered":"https:\/\/halleffectkeyboard.com\/?post_type=product&#038;p=5243"},"modified":"2026-05-07T17:09:50","modified_gmt":"2026-05-07T09:09:50","slug":"atk-99g-mouse-pad","status":"publish","type":"product","link":"https:\/\/halleffectkeyboard.com\/es\/producto\/alfombrilla-de-raton-atk-de-99-g\/","title":{"rendered":"Alfombrilla de rat\u00f3n ATK 99G"},"content":{"rendered":"<h1><strong>Alfombrilla de rat\u00f3n ATK 99G: La alfombrilla de rat\u00f3n definitiva para juegos de eSports de XSoft<br \/>\n<img loading=\"lazy\" decoding=\"async\" class=\"alignnone size-full wp-image-5256\" src=\"https:\/\/halleffectkeyboard.com\/wp-content\/uploads\/2026\/05\/1-7-scaled.jpg\" alt=\"ATK 99G Mouse Pad\" width=\"2560\" height=\"1437\" srcset=\"https:\/\/halleffectkeyboard.com\/wp-content\/uploads\/2026\/05\/1-7-scaled.jpg 2560w, https:\/\/halleffectkeyboard.com\/wp-content\/uploads\/2026\/05\/1-7-300x168.jpg 300w, https:\/\/halleffectkeyboard.com\/wp-content\/uploads\/2026\/05\/1-7-1024x575.jpg 1024w, https:\/\/halleffectkeyboard.com\/wp-content\/uploads\/2026\/05\/1-7-768x431.jpg 768w, https:\/\/halleffectkeyboard.com\/wp-content\/uploads\/2026\/05\/1-7-1536x862.jpg 1536w, https:\/\/halleffectkeyboard.com\/wp-content\/uploads\/2026\/05\/1-7-2048x1150.jpg 2048w, https:\/\/halleffectkeyboard.com\/wp-content\/uploads\/2026\/05\/1-7-18x10.jpg 18w, https:\/\/halleffectkeyboard.com\/wp-content\/uploads\/2026\/05\/1-7-1200x674.jpg 1200w\" sizes=\"auto, (max-width: 2560px) 100vw, 2560px\" data-no-translation=\"\" \/><br \/>\n<\/strong><\/h1>\n<p>Mejora tu experiencia de juego con el <strong>ATK 99G<\/strong>, un nivel superior <strong>Alfombrilla de rat\u00f3n para juegos de eSports<\/strong> Dise\u00f1ado para jugadores competitivos y profesionales. Ya sea que est\u00e9s rastreando objetivos en juegos de disparos de ritmo r\u00e1pido o realizando clics precisos en MOBAs, este <strong>Alfombrilla de rat\u00f3n ATK<\/strong> ofrece la combinaci\u00f3n perfecta de velocidad y control. Si est\u00e1 buscando <strong>Compra la alfombrilla para rat\u00f3n ATK 99G.<\/strong>, Est\u00e1s invirtiendo en una superficie de primera calidad que redefine tu configuraci\u00f3n.<br \/>\n<img loading=\"lazy\" decoding=\"async\" class=\"alignnone size-full wp-image-5260\" src=\"https:\/\/halleffectkeyboard.com\/wp-content\/uploads\/2026\/05\/5-6-scaled.jpg\" alt=\"ATK 99G Mouse Pad\" width=\"2560\" height=\"1437\" srcset=\"https:\/\/halleffectkeyboard.com\/wp-content\/uploads\/2026\/05\/5-6-scaled.jpg 2560w, https:\/\/halleffectkeyboard.com\/wp-content\/uploads\/2026\/05\/5-6-300x168.jpg 300w, https:\/\/halleffectkeyboard.com\/wp-content\/uploads\/2026\/05\/5-6-1024x575.jpg 1024w, https:\/\/halleffectkeyboard.com\/wp-content\/uploads\/2026\/05\/5-6-768x431.jpg 768w, https:\/\/halleffectkeyboard.com\/wp-content\/uploads\/2026\/05\/5-6-1536x862.jpg 1536w, https:\/\/halleffectkeyboard.com\/wp-content\/uploads\/2026\/05\/5-6-2048x1150.jpg 2048w, https:\/\/halleffectkeyboard.com\/wp-content\/uploads\/2026\/05\/5-6-18x10.jpg 18w, https:\/\/halleffectkeyboard.com\/wp-content\/uploads\/2026\/05\/5-6-1200x674.jpg 1200w\" sizes=\"auto, (max-width: 2560px) 100vw, 2560px\" data-no-translation=\"\" \/><\/p>\n<h2><strong>Superficie y control inigualables<\/strong><\/h2>\n<p>En el coraz\u00f3n de la <strong>ATK 99G<\/strong> es un <strong>Alfombrilla de rat\u00f3n de fibra compuesta de primera calidad<\/strong> El dise\u00f1o. El <strong>superficie de fibra compuesta<\/strong> ofrece una textura de micropolar agradable para la piel que garantiza una <strong>deslizamiento suave<\/strong> mientras se mantiene <strong>potencia de frenado equilibrada<\/strong>. Esto lo convierte en algo excepcional. <strong>panel de control de deslizamiento suave<\/strong> y lo \u00faltimo <strong>Alfombrilla de rat\u00f3n para juegos Stopting Power<\/strong>.<\/p>\n<p>Para los jugadores que exigen consistencia, el <strong>ATK 99G<\/strong> Tambi\u00e9n est\u00e1 dise\u00f1ado como un <strong>Alfombrilla de rat\u00f3n para juegos resistente a la humedad<\/strong>, lo que garantiza que tu punter\u00eda se mantenga impecable independientemente del clima o de las intensas sesiones de juego.<br \/>\n<img loading=\"lazy\" decoding=\"async\" class=\"alignnone size-full wp-image-5257\" src=\"https:\/\/halleffectkeyboard.com\/wp-content\/uploads\/2026\/05\/2-7-scaled.jpg\" alt=\"ATK 99G Mouse Pad\" width=\"2560\" height=\"1437\" srcset=\"https:\/\/halleffectkeyboard.com\/wp-content\/uploads\/2026\/05\/2-7-scaled.jpg 2560w, https:\/\/halleffectkeyboard.com\/wp-content\/uploads\/2026\/05\/2-7-300x168.jpg 300w, https:\/\/halleffectkeyboard.com\/wp-content\/uploads\/2026\/05\/2-7-1024x575.jpg 1024w, https:\/\/halleffectkeyboard.com\/wp-content\/uploads\/2026\/05\/2-7-768x431.jpg 768w, https:\/\/halleffectkeyboard.com\/wp-content\/uploads\/2026\/05\/2-7-1536x862.jpg 1536w, https:\/\/halleffectkeyboard.com\/wp-content\/uploads\/2026\/05\/2-7-2048x1150.jpg 2048w, https:\/\/halleffectkeyboard.com\/wp-content\/uploads\/2026\/05\/2-7-18x10.jpg 18w, https:\/\/halleffectkeyboard.com\/wp-content\/uploads\/2026\/05\/2-7-1200x674.jpg 1200w\" sizes=\"auto, (max-width: 2560px) 100vw, 2560px\" data-no-translation=\"\" \/><\/p>\n<h2><strong>Dise\u00f1ado para juegos competitivos<\/strong><\/h2>\n<p>Esta almohadilla es ampliamente considerada como la <strong>La mejor alfombrilla de rat\u00f3n para Valorant con sensibilidad baja.<\/strong> y el <strong>La mejor alfombrilla de rat\u00f3n para CS2<\/strong>. Como un dedicado <strong>Alfombrilla de rat\u00f3n para juegos FPS<\/strong> y <strong>Alfombrilla de rat\u00f3n de control para juegos FPS<\/strong>, Destaca especialmente en escenarios con tiempos de eliminaci\u00f3n cortos (TTK, por sus siglas en ingl\u00e9s) como Apex Legends, CS:GO y Valorant.<\/p>\n<p>No solo para tiradores, su versatilidad lo convierte en un excelente <strong>Alfombrilla de rat\u00f3n MOBA<\/strong>. Para los jugadores que prefieren movimientos de brazo amplios, esto <strong>Alfombrilla de rat\u00f3n grande para juegos<\/strong> apoya <strong>Juegos con baja resoluci\u00f3n (DPI)<\/strong> sin esfuerzo. Como un <strong>Alfombrilla de rat\u00f3n grande para eSports 490\u00d7420<\/strong>, Ofrece un amplio espacio tanto para apuntar con el brazo como con la mu\u00f1eca.<br \/>\n<img loading=\"lazy\" decoding=\"async\" class=\"alignnone size-full wp-image-5259\" src=\"https:\/\/halleffectkeyboard.com\/wp-content\/uploads\/2026\/05\/4-7-scaled.jpg\" alt=\"ATK 99G Mouse Pad\" width=\"2560\" height=\"1437\" srcset=\"https:\/\/halleffectkeyboard.com\/wp-content\/uploads\/2026\/05\/4-7-scaled.jpg 2560w, https:\/\/halleffectkeyboard.com\/wp-content\/uploads\/2026\/05\/4-7-300x168.jpg 300w, https:\/\/halleffectkeyboard.com\/wp-content\/uploads\/2026\/05\/4-7-1024x575.jpg 1024w, https:\/\/halleffectkeyboard.com\/wp-content\/uploads\/2026\/05\/4-7-768x431.jpg 768w, https:\/\/halleffectkeyboard.com\/wp-content\/uploads\/2026\/05\/4-7-1536x862.jpg 1536w, https:\/\/halleffectkeyboard.com\/wp-content\/uploads\/2026\/05\/4-7-2048x1150.jpg 2048w, https:\/\/halleffectkeyboard.com\/wp-content\/uploads\/2026\/05\/4-7-18x10.jpg 18w, https:\/\/halleffectkeyboard.com\/wp-content\/uploads\/2026\/05\/4-7-1200x674.jpg 1200w\" sizes=\"auto, (max-width: 2560px) 100vw, 2560px\" data-no-translation=\"\" \/><\/p>\n<h2><strong>Base y durabilidad de primera calidad<\/strong><\/h2>\n<p>Disponible en versiones Air y Carbon, el <strong>ATK 99G<\/strong> cuenta con un dise\u00f1o personalizado <strong>Alfombrilla de rat\u00f3n base XSoft<\/strong> f\u00f3rmula. Las versiones Carbon utilizan una base de poliuretano (PU) coreano de alta gama, lo que hace que funcione exactamente como un producto premium. <strong>Alfombrilla de rat\u00f3n para juegos Poron Base<\/strong> con incre\u00edbles propiedades antideslizantes.<\/p>\n<p>La durabilidad est\u00e1 garantizada gracias a sus costuras de precisi\u00f3n subsuperficiales. Como producto de alta calidad <strong>Alfombrilla de rat\u00f3n para juegos con borde cosido<\/strong>, Los bordes quedan por debajo del nivel de la superficie para evitar que se deshilachen y garantizar que nunca irriten el brazo durante sesiones prolongadas.<br \/>\n<img loading=\"lazy\" decoding=\"async\" class=\"alignnone size-full wp-image-5261\" src=\"https:\/\/halleffectkeyboard.com\/wp-content\/uploads\/2026\/05\/6-3-scaled.jpg\" alt=\"ATK 99G Mouse Pad\" width=\"2560\" height=\"1437\" srcset=\"https:\/\/halleffectkeyboard.com\/wp-content\/uploads\/2026\/05\/6-3-scaled.jpg 2560w, https:\/\/halleffectkeyboard.com\/wp-content\/uploads\/2026\/05\/6-3-300x168.jpg 300w, https:\/\/halleffectkeyboard.com\/wp-content\/uploads\/2026\/05\/6-3-1024x575.jpg 1024w, https:\/\/halleffectkeyboard.com\/wp-content\/uploads\/2026\/05\/6-3-768x431.jpg 768w, https:\/\/halleffectkeyboard.com\/wp-content\/uploads\/2026\/05\/6-3-1536x862.jpg 1536w, https:\/\/halleffectkeyboard.com\/wp-content\/uploads\/2026\/05\/6-3-2048x1150.jpg 2048w, https:\/\/halleffectkeyboard.com\/wp-content\/uploads\/2026\/05\/6-3-18x10.jpg 18w, https:\/\/halleffectkeyboard.com\/wp-content\/uploads\/2026\/05\/6-3-1200x674.jpg 1200w\" sizes=\"auto, (max-width: 2560px) 100vw, 2560px\" data-no-translation=\"\" \/><\/p>\n<h2><strong>\u00bfC\u00f3mo se compara?<\/strong><\/h2>\n<p>En el competitivo mercado perif\u00e9rico, el <strong>An\u00e1lisis de la ATK 99G<\/strong> El consenso es abrumadoramente positivo. Al observar el <strong>ATK 99G contra Artisan Zero<\/strong>, muchos entusiastas consideran que el ATK 99G es el <strong>mejor artesanal cero alternativa<\/strong> Disponible desde hoy, ofrece un rendimiento premium similar a un precio m\u00e1s accesible.<\/p>\n<p>Para aquellos que debaten entre niveles de suavidad, el <strong>ATK 99G XSoft vs Mid<\/strong> En las discusiones, generalmente se favorece al XSoft por su potencia de frenado superior y su comodidad mullida. Adem\u00e1s, en comparaciones como <strong>ATK 99G contra Lethal Gaming Gear (LGG)<\/strong>, el ATK 99G destaca por su mezcla \u00fanica de fibras compuestas y su excepcional valor. Cada <strong>An\u00e1lisis de la alfombrilla para rat\u00f3n ATK 99G<\/strong> destaca su incre\u00edble relaci\u00f3n coste-rendimiento.<br \/>\n<img loading=\"lazy\" decoding=\"async\" class=\"alignnone size-full wp-image-5262\" src=\"https:\/\/halleffectkeyboard.com\/wp-content\/uploads\/2026\/05\/7-3-scaled.jpg\" alt=\"ATK 99G Mouse Pad\" width=\"2560\" height=\"1437\" srcset=\"https:\/\/halleffectkeyboard.com\/wp-content\/uploads\/2026\/05\/7-3-scaled.jpg 2560w, https:\/\/halleffectkeyboard.com\/wp-content\/uploads\/2026\/05\/7-3-300x168.jpg 300w, https:\/\/halleffectkeyboard.com\/wp-content\/uploads\/2026\/05\/7-3-1024x575.jpg 1024w, https:\/\/halleffectkeyboard.com\/wp-content\/uploads\/2026\/05\/7-3-768x431.jpg 768w, https:\/\/halleffectkeyboard.com\/wp-content\/uploads\/2026\/05\/7-3-1536x862.jpg 1536w, https:\/\/halleffectkeyboard.com\/wp-content\/uploads\/2026\/05\/7-3-2048x1150.jpg 2048w, https:\/\/halleffectkeyboard.com\/wp-content\/uploads\/2026\/05\/7-3-18x10.jpg 18w, https:\/\/halleffectkeyboard.com\/wp-content\/uploads\/2026\/05\/7-3-1200x674.jpg 1200w\" sizes=\"auto, (max-width: 2560px) 100vw, 2560px\" data-no-translation=\"\" \/><\/p>\n<h2><strong>Especificaciones del producto<\/strong><\/h2>\n<ul>\n<li><strong>Marca:<\/strong>\u00a0<strong>ATQ<\/strong><\/li>\n<li><strong>Modelo:<\/strong>\u00a0<strong>ATK 99G<\/strong>\u00a0XSoft<\/li>\n<li><strong>Versiones:<\/strong>\u00a0Aire, Carbono, Pro<\/li>\n<li><strong>Bandera:<\/strong>\u00a0Matcha Verde, Negro<\/li>\n<li><strong>Dimensiones:<\/strong>\u00a0<strong>Alfombrilla de rat\u00f3n de 490x420 mm<\/strong><\/li>\n<li><strong>Espesor:<\/strong>\u00a04 mm (Pro\/Carbono) \/ 4,5 \u00b1 0,5 mm (Aire)<\/li>\n<li><strong>Superficie:<\/strong>\u00a0Fibra compuesta de micropolar<\/li>\n<li><strong>Base:<\/strong>\u00a0Base de poliuretano coreano (Pro\/Carbon) \/ Goma antideslizante engrosada (Air)<\/li>\n<\/ul>\n<h2><strong>Cuidado y mantenimiento<\/strong><\/h2>\n<p>Para mantener su <strong>La mejor alfombrilla de rat\u00f3n para juegos XSoft<\/strong> en perfecto estado:<\/p>\n<ul>\n<li>Evite exponer la alfombrilla del rat\u00f3n a altas temperaturas o a una humedad extrema.<\/li>\n<li><strong>Limpieza:<\/strong>\u00a0Limpie suavemente la superficie con un pa\u00f1o ligeramente h\u00famedo o con toallitas sin alcohol.\u00a0<strong>No remojar ni lavar a m\u00e1quina.<\/strong><\/li>\n<li><em>Nota: Es normal que al desempaquetar el producto se perciba un ligero olor a goma, que desaparecer\u00e1 tras una breve ventilaci\u00f3n.<\/em><\/li>\n<\/ul>\n<p><strong>\u00bfListo para mejorar tu punter\u00eda?<\/strong> No te conformes con menos. Experimenta hoy mismo el equilibrio perfecto entre velocidad y control con la ATK 99G.<\/p>","protected":false},"excerpt":{"rendered":"<p>Experimente la m\u00e1xima precisi\u00f3n con el <strong>Alfombrilla de rat\u00f3n para juegos ATK 99G XSoft<\/strong>, Dise\u00f1ado para los deportes electr\u00f3nicos competitivos.<\/p>\n<ul>\n<li><strong>Superficie de primera calidad:<\/strong>\u00a0Mezcla de fibras compuestas para un deslizamiento suave y una potencia de frenado equilibrada.<\/li>\n<li><strong>Base XSoft:<\/strong>\u00a0Incre\u00edble estabilidad antideslizante y comodidad excepcional para sesiones prolongadas.<\/li>\n<li><strong>Tama\u00f1o de los deportes electr\u00f3nicos:<\/strong>\u00a0490x420 mm, lo que proporciona un amplio espacio para apuntar con el brazo a baja resoluci\u00f3n (DPI).<\/li>\n<li><strong>Construcci\u00f3n duradera:<\/strong>\u00a0Los bordes cosidos bajo la superficie evitan que se deshilache y la irritaci\u00f3n de la mu\u00f1eca.<\/li>\n<\/ul>","protected":false},"featured_media":5250,"comment_status":"open","ping_status":"closed","template":"","meta":[],"product_brand":[226],"product_cat":[553],"product_tag":[555,554],"class_list":{"0":"post-5243","1":"product","2":"type-product","3":"status-publish","4":"has-post-thumbnail","6":"product_brand-atk","7":"product_cat-mousepad","8":"product_tag-gaming-mousepad","9":"product_tag-mousepad","11":"first","12":"instock","13":"taxable","14":"shipping-taxable","15":"purchasable","16":"product-type-variable","17":"wvs-archive-product-wrapper"},"aioseo_notices":[],"ct_brands":[{"id":226,"name":"ATQ","slug":"atk"}],"jetpack_sharing_enabled":true,"_links":{"self":[{"href":"https:\/\/halleffectkeyboard.com\/es\/wp-json\/wp\/v2\/product\/5243","targetHints":{"allow":["GET"]}}],"collection":[{"href":"https:\/\/halleffectkeyboard.com\/es\/wp-json\/wp\/v2\/product"}],"about":[{"href":"https:\/\/halleffectkeyboard.com\/es\/wp-json\/wp\/v2\/types\/product"}],"replies":[{"embeddable":true,"href":"https:\/\/halleffectkeyboard.com\/es\/wp-json\/wp\/v2\/comments?post=5243"}],"version-history":[{"count":4,"href":"https:\/\/halleffectkeyboard.com\/es\/wp-json\/wp\/v2\/product\/5243\/revisions"}],"predecessor-version":[{"id":5263,"href":"https:\/\/halleffectkeyboard.com\/es\/wp-json\/wp\/v2\/product\/5243\/revisions\/5263"}],"wp:featuredmedia":[{"embeddable":true,"href":"https:\/\/halleffectkeyboard.com\/es\/wp-json\/wp\/v2\/media\/5250"}],"wp:attachment":[{"href":"https:\/\/halleffectkeyboard.com\/es\/wp-json\/wp\/v2\/media?parent=5243"}],"wp:term":[{"taxonomy":"product_brand","embeddable":true,"href":"https:\/\/halleffectkeyboard.com\/es\/wp-json\/wp\/v2\/product_brand?post=5243"},{"taxonomy":"product_cat","embeddable":true,"href":"https:\/\/halleffectkeyboard.com\/es\/wp-json\/wp\/v2\/product_cat?post=5243"},{"taxonomy":"product_tag","embeddable":true,"href":"https:\/\/halleffectkeyboard.com\/es\/wp-json\/wp\/v2\/product_tag?post=5243"}],"curies":[{"name":"wp","href":"https:\/\/api.w.org\/{rel}","templated":true}]}}