{"id":5134,"date":"2026-05-06T10:18:17","date_gmt":"2026-05-06T02:18:17","guid":{"rendered":"https:\/\/halleffectkeyboard.com\/?post_type=product&#038;p=5134"},"modified":"2026-05-06T13:54:30","modified_gmt":"2026-05-06T05:54:30","slug":"atk-a98-pro-mechanical-keyboard","status":"publish","type":"product","link":"https:\/\/halleffectkeyboard.com\/es\/producto\/teclado-mecanico-atk-a98-pro\/","title":{"rendered":"Teclado mec\u00e1nico ATK A98 Pro"},"content":{"rendered":"<h1><strong>Teclado mec\u00e1nico ATK A98 Pro: La mejor experiencia inal\u00e1mbrica para juegos y escritura.<br \/>\n<img loading=\"lazy\" decoding=\"async\" class=\"alignnone size-full wp-image-5151\" src=\"https:\/\/halleffectkeyboard.com\/wp-content\/uploads\/2026\/05\/1-1.jpg\" alt=\"ATK A98 Pro Mechanical Keyboard\" width=\"2556\" height=\"1640\" srcset=\"https:\/\/halleffectkeyboard.com\/wp-content\/uploads\/2026\/05\/1-1.jpg 2556w, https:\/\/halleffectkeyboard.com\/wp-content\/uploads\/2026\/05\/1-1-300x192.jpg 300w, https:\/\/halleffectkeyboard.com\/wp-content\/uploads\/2026\/05\/1-1-1024x657.jpg 1024w, https:\/\/halleffectkeyboard.com\/wp-content\/uploads\/2026\/05\/1-1-768x493.jpg 768w, https:\/\/halleffectkeyboard.com\/wp-content\/uploads\/2026\/05\/1-1-1536x986.jpg 1536w, https:\/\/halleffectkeyboard.com\/wp-content\/uploads\/2026\/05\/1-1-2048x1314.jpg 2048w, https:\/\/halleffectkeyboard.com\/wp-content\/uploads\/2026\/05\/1-1-18x12.jpg 18w, https:\/\/halleffectkeyboard.com\/wp-content\/uploads\/2026\/05\/1-1-1200x770.jpg 1200w\" sizes=\"auto, (max-width: 2556px) 100vw, 2556px\" data-no-translation=\"\" \/><br \/>\n<\/strong><\/h1>\n<p>\u00bfEst\u00e1s buscando el? <strong>mejor teclado mec\u00e1nico<\/strong> \u00bfQu\u00e9 combina a la perfecci\u00f3n un rendimiento de juego de primer nivel con la funcionalidad de oficina cotidiana? Conozca el <strong>Teclado mec\u00e1nico ATK A98 Pro<\/strong>. Dise\u00f1ado con un dise\u00f1o compacto de 98 teclas de alta eficiencia, este <strong>teclado mec\u00e1nico inal\u00e1mbrico<\/strong> Ahorra valioso espacio en el escritorio sin sacrificar el teclado num\u00e9rico y las teclas de funci\u00f3n completas. Tanto si eres un jugador empedernido, un programador o alguien que trabaja con varios dispositivos a la vez, el ATK A98 Pro est\u00e1 dise\u00f1ado para optimizar tu configuraci\u00f3n de escritorio.<br \/>\n<img loading=\"lazy\" decoding=\"async\" class=\"alignnone size-full wp-image-5152\" src=\"https:\/\/halleffectkeyboard.com\/wp-content\/uploads\/2026\/05\/2-1.jpg\" alt=\"ATK A98 Pro Mechanical Keyboard\" width=\"2556\" height=\"1640\" srcset=\"https:\/\/halleffectkeyboard.com\/wp-content\/uploads\/2026\/05\/2-1.jpg 2556w, https:\/\/halleffectkeyboard.com\/wp-content\/uploads\/2026\/05\/2-1-300x192.jpg 300w, https:\/\/halleffectkeyboard.com\/wp-content\/uploads\/2026\/05\/2-1-1024x657.jpg 1024w, https:\/\/halleffectkeyboard.com\/wp-content\/uploads\/2026\/05\/2-1-768x493.jpg 768w, https:\/\/halleffectkeyboard.com\/wp-content\/uploads\/2026\/05\/2-1-1536x986.jpg 1536w, https:\/\/halleffectkeyboard.com\/wp-content\/uploads\/2026\/05\/2-1-2048x1314.jpg 2048w, https:\/\/halleffectkeyboard.com\/wp-content\/uploads\/2026\/05\/2-1-18x12.jpg 18w, https:\/\/halleffectkeyboard.com\/wp-content\/uploads\/2026\/05\/2-1-1200x770.jpg 1200w\" sizes=\"auto, (max-width: 2556px) 100vw, 2556px\" data-no-translation=\"\" \/><\/p>\n<h3><strong>Personalizaci\u00f3n y sensaci\u00f3n inigualables<\/strong><\/h3>\n<p>Si te encanta personalizar tu equipo, el ATK A98 Pro es lo \u00faltimo. <strong>teclado mec\u00e1nico personalizado<\/strong>. Est\u00e1 dise\u00f1ado como un sistema completamente <strong>Teclado mec\u00e1nico con interruptores intercambiables en caliente<\/strong>, lo que te da la libertad de cambiar f\u00e1cilmente el <strong>interruptores de teclado intercambiables en caliente<\/strong> sin necesidad de soldadura. Viene de serie con ajuste lineal\/para juegos personalizado. <strong>interruptores mec\u00e1nicos de teclado<\/strong> y estabilizadores finamente lubricados para una pulsaci\u00f3n de tecla suave como la mantequilla y sin chasquidos. Tanto si prefieres los interruptores de juego est\u00e1ndar como si quieres cambiarlos para imitar la sensaci\u00f3n cl\u00e1sica de un <strong>teclado Cherry<\/strong>, este <strong>teclado intercambiable en caliente<\/strong> Ofrece posibilidades ilimitadas para hacerlo t\u00fa mismo.<br \/>\n<img loading=\"lazy\" decoding=\"async\" class=\"alignnone size-full wp-image-5159\" src=\"https:\/\/halleffectkeyboard.com\/wp-content\/uploads\/2026\/05\/8.jpg\" alt=\"ATK A98 Pro Mechanical Keyboard\" width=\"2556\" height=\"1640\" srcset=\"https:\/\/halleffectkeyboard.com\/wp-content\/uploads\/2026\/05\/8.jpg 2556w, https:\/\/halleffectkeyboard.com\/wp-content\/uploads\/2026\/05\/8-300x192.jpg 300w, https:\/\/halleffectkeyboard.com\/wp-content\/uploads\/2026\/05\/8-1024x657.jpg 1024w, https:\/\/halleffectkeyboard.com\/wp-content\/uploads\/2026\/05\/8-768x493.jpg 768w, https:\/\/halleffectkeyboard.com\/wp-content\/uploads\/2026\/05\/8-1536x986.jpg 1536w, https:\/\/halleffectkeyboard.com\/wp-content\/uploads\/2026\/05\/8-2048x1314.jpg 2048w, https:\/\/halleffectkeyboard.com\/wp-content\/uploads\/2026\/05\/8-18x12.jpg 18w, https:\/\/halleffectkeyboard.com\/wp-content\/uploads\/2026\/05\/8-1200x770.jpg 1200w\" sizes=\"auto, (max-width: 2556px) 100vw, 2556px\" data-no-translation=\"\" \/><\/p>\n<h3><strong>Estructura de montaje con junta para una comodidad suprema.<\/strong><\/h3>\n<p>Dile adi\u00f3s a la fatiga de los dedos durante largas sesiones de juego o escritura. El ATK A98 Pro cuenta con una estructura de montaje de junta de primera calidad. Este dise\u00f1o interno avanzado proporciona una excelente absorci\u00f3n de impactos y reducci\u00f3n de ruido, ofreciendo una respuesta de escritura suave, el\u00e1stica y satisfactoria que lo convierte f\u00e1cilmente en el <strong>El mejor teclado mec\u00e1nico econ\u00f3mico<\/strong> en su clase.<br \/>\n<img loading=\"lazy\" decoding=\"async\" class=\"alignnone size-full wp-image-5156\" src=\"https:\/\/halleffectkeyboard.com\/wp-content\/uploads\/2026\/05\/5-1.jpg\" alt=\"ATK A98 Pro Mechanical Keyboard\" width=\"2556\" height=\"1640\" srcset=\"https:\/\/halleffectkeyboard.com\/wp-content\/uploads\/2026\/05\/5-1.jpg 2556w, https:\/\/halleffectkeyboard.com\/wp-content\/uploads\/2026\/05\/5-1-300x192.jpg 300w, https:\/\/halleffectkeyboard.com\/wp-content\/uploads\/2026\/05\/5-1-1024x657.jpg 1024w, https:\/\/halleffectkeyboard.com\/wp-content\/uploads\/2026\/05\/5-1-768x493.jpg 768w, https:\/\/halleffectkeyboard.com\/wp-content\/uploads\/2026\/05\/5-1-1536x986.jpg 1536w, https:\/\/halleffectkeyboard.com\/wp-content\/uploads\/2026\/05\/5-1-2048x1314.jpg 2048w, https:\/\/halleffectkeyboard.com\/wp-content\/uploads\/2026\/05\/5-1-18x12.jpg 18w, https:\/\/halleffectkeyboard.com\/wp-content\/uploads\/2026\/05\/5-1-1200x770.jpg 1200w\" sizes=\"auto, (max-width: 2556px) 100vw, 2556px\" data-no-translation=\"\" \/><\/p>\n<h3><strong>Conectividad trimodal y latencia ultrabaja<\/strong><\/h3>\n<p>Como un producto de alto rendimiento <strong>teclado inal\u00e1mbrico para juegos<\/strong>, El ATK A98 Pro garantiza que nunca estar\u00e1s atado. Cuenta con un sistema de conexi\u00f3n Tri-Mode:<\/p>\n<ul>\n<li><strong>Inal\u00e1mbrico de 2,4 GHz:<\/strong>\u00a0Latencia ultrabaja, tiempo de respuesta de nivel profesional para deportes electr\u00f3nicos y sin retardo.<\/li>\n<li><strong>Bluetooth 5.0:<\/strong>\u00a0Conecta y cambia f\u00e1cilmente entre varios dispositivos (PC, tableta, tel\u00e9fono inteligente).<\/li>\n<li><strong>Tipo C con cable:<\/strong>\u00a0Para cargar y disfrutar de una experiencia de juego ininterrumpida. Ofrece compatibilidad total con Windows, Mac, iOS y Android, lo que facilita el trabajo multiplataforma.\n<p><figure id=\"attachment_5157\" aria-describedby=\"caption-attachment-5157\" style=\"width: 2556px\" class=\"wp-caption alignnone\"><img loading=\"lazy\" decoding=\"async\" class=\"wp-image-5157 size-full\" src=\"https:\/\/halleffectkeyboard.com\/wp-content\/uploads\/2026\/05\/6.jpg\" alt=\"ATK A98 Pro Mechanical Keyboard\" width=\"2556\" height=\"1640\" srcset=\"https:\/\/halleffectkeyboard.com\/wp-content\/uploads\/2026\/05\/6.jpg 2556w, https:\/\/halleffectkeyboard.com\/wp-content\/uploads\/2026\/05\/6-300x192.jpg 300w, https:\/\/halleffectkeyboard.com\/wp-content\/uploads\/2026\/05\/6-1024x657.jpg 1024w, https:\/\/halleffectkeyboard.com\/wp-content\/uploads\/2026\/05\/6-768x493.jpg 768w, https:\/\/halleffectkeyboard.com\/wp-content\/uploads\/2026\/05\/6-1536x986.jpg 1536w, https:\/\/halleffectkeyboard.com\/wp-content\/uploads\/2026\/05\/6-2048x1314.jpg 2048w, https:\/\/halleffectkeyboard.com\/wp-content\/uploads\/2026\/05\/6-18x12.jpg 18w, https:\/\/halleffectkeyboard.com\/wp-content\/uploads\/2026\/05\/6-1200x770.jpg 1200w\" sizes=\"auto, (max-width: 2556px) 100vw, 2556px\" data-no-translation=\"\" \/><figcaption id=\"caption-attachment-5157\" class=\"wp-caption-text\">Teclado mec\u00e1nico ATK A98 Pro<\/figcaption><\/figure><\/li>\n<\/ul>\n<h3><strong>Colores RGB vibrantes y bater\u00eda de larga duraci\u00f3n<\/strong><\/h3>\n<p>Crea la atm\u00f3sfera perfecta para los esports con retroiluminaci\u00f3n RGB por tecla. El ATK A98 Pro cuenta con teclas de alta calidad y resistentes al desgaste con caracteres transl\u00facidos que resaltan perfectamente los efectos de iluminaci\u00f3n personalizables. Alimentado por una bater\u00eda de litio integrada de gran capacidad, este <strong>Teclado mec\u00e1nico<\/strong> Garantiza una bater\u00eda de larga duraci\u00f3n, para que puedas jugar o trabajar intensamente sin preocuparte por quedarte sin energ\u00eda.<\/p>\n<hr \/>\n<h3><strong>Caracter\u00edsticas principales de un vistazo:<\/strong><\/h3>\n<ul>\n<li><strong>Dise\u00f1o compacto de 98 teclas:<\/strong>\u00a0Dise\u00f1o que ahorra espacio sin sacrificar la funcionalidad.<\/li>\n<li><strong>Dise\u00f1o de montaje con junta:<\/strong>\u00a0Reducci\u00f3n del ruido ac\u00fastico y una sensaci\u00f3n de escritura suave y c\u00f3moda.<\/li>\n<li><strong>Conexi\u00f3n trimodal:<\/strong>\u00a0Cambia sin esfuerzo entre conexi\u00f3n por cable, conexi\u00f3n inal\u00e1mbrica de 2,4 GHz y Bluetooth.<\/li>\n<li><strong>Intercambio en caliente de teclas completas:<\/strong>\u00a0Personaliza tu experiencia de escritura f\u00e1cilmente.<\/li>\n<li><strong>Retroiluminaci\u00f3n RGB din\u00e1mica:<\/strong>\u00a0M\u00faltiples modos de iluminaci\u00f3n con colores y brillo personalizables.<\/li>\n<li><strong>Teclas e interruptores de primera calidad:<\/strong>\u00a0Teclas con transparencia resistentes al desgaste e interruptores lineales suaves.<\/li>\n<li><strong>Optimizado para juegos:<\/strong>\u00a0Compatibilidad con la funci\u00f3n N-key rollover (NKRO) y la programaci\u00f3n de macros.<\/li>\n<li><strong>Compatibilidad universal:<\/strong>\u00a0Funciona a la perfecci\u00f3n con Windows, Mac, iOS y Android.<\/li>\n<\/ul>\n<h3><strong>Perfecto para cualquier situaci\u00f3n:<\/strong><\/h3>\n<p>Ya sea para juegos de esports intensos, escribir diariamente en la oficina, entretenimiento en el hogar, una configuraci\u00f3n de dormitorio o trabajo multiplataforma en m\u00faltiples dispositivos, el <strong>ATK A98 Pro<\/strong> Se adapta a tu estilo de vida.<\/p>\n<p>Mejora tu configuraci\u00f3n hoy mismo con el <strong>ATK A98 Pro<\/strong>\u2014donde la calidad de fabricaci\u00f3n superior se une a la m\u00e1xima libertad inal\u00e1mbrica.<br \/>\n<img loading=\"lazy\" decoding=\"async\" class=\"alignnone size-full wp-image-5154\" src=\"https:\/\/halleffectkeyboard.com\/wp-content\/uploads\/2026\/05\/3-1.jpg\" alt=\"ATK A98 Pro Mechanical Keyboard\" width=\"2556\" height=\"1640\" srcset=\"https:\/\/halleffectkeyboard.com\/wp-content\/uploads\/2026\/05\/3-1.jpg 2556w, https:\/\/halleffectkeyboard.com\/wp-content\/uploads\/2026\/05\/3-1-300x192.jpg 300w, https:\/\/halleffectkeyboard.com\/wp-content\/uploads\/2026\/05\/3-1-1024x657.jpg 1024w, https:\/\/halleffectkeyboard.com\/wp-content\/uploads\/2026\/05\/3-1-768x493.jpg 768w, https:\/\/halleffectkeyboard.com\/wp-content\/uploads\/2026\/05\/3-1-1536x986.jpg 1536w, https:\/\/halleffectkeyboard.com\/wp-content\/uploads\/2026\/05\/3-1-2048x1314.jpg 2048w, https:\/\/halleffectkeyboard.com\/wp-content\/uploads\/2026\/05\/3-1-18x12.jpg 18w, https:\/\/halleffectkeyboard.com\/wp-content\/uploads\/2026\/05\/3-1-1200x770.jpg 1200w\" sizes=\"auto, (max-width: 2556px) 100vw, 2556px\" data-no-translation=\"\" \/> <img loading=\"lazy\" decoding=\"async\" class=\"alignnone size-full wp-image-5155\" src=\"https:\/\/halleffectkeyboard.com\/wp-content\/uploads\/2026\/05\/4-1.jpg\" alt=\"ATK A98 Pro Mechanical Keyboard\" width=\"2556\" height=\"1640\" srcset=\"https:\/\/halleffectkeyboard.com\/wp-content\/uploads\/2026\/05\/4-1.jpg 2556w, https:\/\/halleffectkeyboard.com\/wp-content\/uploads\/2026\/05\/4-1-300x192.jpg 300w, https:\/\/halleffectkeyboard.com\/wp-content\/uploads\/2026\/05\/4-1-1024x657.jpg 1024w, https:\/\/halleffectkeyboard.com\/wp-content\/uploads\/2026\/05\/4-1-768x493.jpg 768w, https:\/\/halleffectkeyboard.com\/wp-content\/uploads\/2026\/05\/4-1-1536x986.jpg 1536w, https:\/\/halleffectkeyboard.com\/wp-content\/uploads\/2026\/05\/4-1-2048x1314.jpg 2048w, https:\/\/halleffectkeyboard.com\/wp-content\/uploads\/2026\/05\/4-1-18x12.jpg 18w, https:\/\/halleffectkeyboard.com\/wp-content\/uploads\/2026\/05\/4-1-1200x770.jpg 1200w\" sizes=\"auto, (max-width: 2556px) 100vw, 2556px\" data-no-translation=\"\" \/> <img loading=\"lazy\" decoding=\"async\" class=\"alignnone size-full wp-image-5158\" src=\"https:\/\/halleffectkeyboard.com\/wp-content\/uploads\/2026\/05\/7.jpg\" alt=\"ATK A98 Pro Mechanical Keyboard\" width=\"2556\" height=\"1640\" srcset=\"https:\/\/halleffectkeyboard.com\/wp-content\/uploads\/2026\/05\/7.jpg 2556w, https:\/\/halleffectkeyboard.com\/wp-content\/uploads\/2026\/05\/7-300x192.jpg 300w, https:\/\/halleffectkeyboard.com\/wp-content\/uploads\/2026\/05\/7-1024x657.jpg 1024w, https:\/\/halleffectkeyboard.com\/wp-content\/uploads\/2026\/05\/7-768x493.jpg 768w, https:\/\/halleffectkeyboard.com\/wp-content\/uploads\/2026\/05\/7-1536x986.jpg 1536w, https:\/\/halleffectkeyboard.com\/wp-content\/uploads\/2026\/05\/7-2048x1314.jpg 2048w, https:\/\/halleffectkeyboard.com\/wp-content\/uploads\/2026\/05\/7-18x12.jpg 18w, https:\/\/halleffectkeyboard.com\/wp-content\/uploads\/2026\/05\/7-1200x770.jpg 1200w\" sizes=\"auto, (max-width: 2556px) 100vw, 2556px\" data-no-translation=\"\" \/><\/p>","protected":false},"excerpt":{"rendered":"<p>Mejora tu experiencia de escritura y juego con el <strong>ATK A98 Pro<\/strong>, un premium <strong>teclado mec\u00e1nico inal\u00e1mbrico<\/strong> con un dise\u00f1o de 98 teclas que ahorra espacio. Dise\u00f1ado para la m\u00e1xima comodidad y versatilidad, este <strong>teclado mec\u00e1nico personalizado<\/strong> Cuenta con un soporte de junta reductora de ruido, retroiluminaci\u00f3n RGB vibrante y conectividad de tres modos (2,4 G\/Bluetooth\/con cable) para un uso perfecto en Windows, Mac, iOS y Android. Totalmente personalizable con <strong>interruptores de teclado intercambiables en caliente<\/strong>, Ofrece un rendimiento propio de los deportes electr\u00f3nicos y una sensaci\u00f3n incre\u00edblemente suave para cualquier configuraci\u00f3n.<\/p>","protected":false},"featured_media":5146,"comment_status":"open","ping_status":"closed","template":"","meta":[],"product_brand":[226],"product_cat":[20,243],"product_tag":[22,244,408],"class_list":{"0":"post-5134","1":"product","2":"type-product","3":"status-publish","4":"has-post-thumbnail","6":"product_brand-atk","7":"product_cat-keyboard","8":"product_cat-mechanical-keyboard","9":"product_tag-keyboard","10":"product_tag-mechanical-keyboard","11":"product_tag-wireless-keyboard","13":"first","14":"instock","15":"taxable","16":"shipping-taxable","17":"purchasable","18":"product-type-variable","19":"wvs-archive-product-wrapper"},"aioseo_notices":[],"ct_brands":[{"id":226,"name":"ATQ","slug":"atk"}],"jetpack_sharing_enabled":true,"_links":{"self":[{"href":"https:\/\/halleffectkeyboard.com\/es\/wp-json\/wp\/v2\/product\/5134","targetHints":{"allow":["GET"]}}],"collection":[{"href":"https:\/\/halleffectkeyboard.com\/es\/wp-json\/wp\/v2\/product"}],"about":[{"href":"https:\/\/halleffectkeyboard.com\/es\/wp-json\/wp\/v2\/types\/product"}],"replies":[{"embeddable":true,"href":"https:\/\/halleffectkeyboard.com\/es\/wp-json\/wp\/v2\/comments?post=5134"}],"version-history":[{"count":4,"href":"https:\/\/halleffectkeyboard.com\/es\/wp-json\/wp\/v2\/product\/5134\/revisions"}],"predecessor-version":[{"id":5161,"href":"https:\/\/halleffectkeyboard.com\/es\/wp-json\/wp\/v2\/product\/5134\/revisions\/5161"}],"wp:featuredmedia":[{"embeddable":true,"href":"https:\/\/halleffectkeyboard.com\/es\/wp-json\/wp\/v2\/media\/5146"}],"wp:attachment":[{"href":"https:\/\/halleffectkeyboard.com\/es\/wp-json\/wp\/v2\/media?parent=5134"}],"wp:term":[{"taxonomy":"product_brand","embeddable":true,"href":"https:\/\/halleffectkeyboard.com\/es\/wp-json\/wp\/v2\/product_brand?post=5134"},{"taxonomy":"product_cat","embeddable":true,"href":"https:\/\/halleffectkeyboard.com\/es\/wp-json\/wp\/v2\/product_cat?post=5134"},{"taxonomy":"product_tag","embeddable":true,"href":"https:\/\/halleffectkeyboard.com\/es\/wp-json\/wp\/v2\/product_tag?post=5134"}],"curies":[{"name":"wp","href":"https:\/\/api.w.org\/{rel}","templated":true}]}}