{"id":5030,"date":"2026-04-30T11:22:03","date_gmt":"2026-04-30T03:22:03","guid":{"rendered":"https:\/\/halleffectkeyboard.com\/?post_type=product&#038;p=5030"},"modified":"2026-04-30T14:04:03","modified_gmt":"2026-04-30T06:04:03","slug":"attack-shark-x3-wireless-gaming-mouse","status":"publish","type":"product","link":"https:\/\/halleffectkeyboard.com\/es\/producto\/raton-inalambrico-para-juegos-attack-shark-x3\/","title":{"rendered":"Rat\u00f3n inal\u00e1mbrico para juegos ATTACK SHARK X3"},"content":{"rendered":"<h1><img loading=\"lazy\" decoding=\"async\" class=\"alignnone size-full wp-image-5050\" src=\"https:\/\/halleffectkeyboard.com\/wp-content\/uploads\/2026\/04\/1-34-scaled.jpg\" alt=\"ATTACK SHARK X3 Wireless Gaming Mouse\" width=\"2560\" height=\"1049\" srcset=\"https:\/\/halleffectkeyboard.com\/wp-content\/uploads\/2026\/04\/1-34-scaled.jpg 2560w, https:\/\/halleffectkeyboard.com\/wp-content\/uploads\/2026\/04\/1-34-300x123.jpg 300w, https:\/\/halleffectkeyboard.com\/wp-content\/uploads\/2026\/04\/1-34-1024x420.jpg 1024w, https:\/\/halleffectkeyboard.com\/wp-content\/uploads\/2026\/04\/1-34-768x315.jpg 768w, https:\/\/halleffectkeyboard.com\/wp-content\/uploads\/2026\/04\/1-34-1536x630.jpg 1536w, https:\/\/halleffectkeyboard.com\/wp-content\/uploads\/2026\/04\/1-34-2048x840.jpg 2048w, https:\/\/halleffectkeyboard.com\/wp-content\/uploads\/2026\/04\/1-34-18x7.jpg 18w, https:\/\/halleffectkeyboard.com\/wp-content\/uploads\/2026\/04\/1-34-1200x492.jpg 1200w\" sizes=\"auto, (max-width: 2560px) 100vw, 2560px\" data-no-translation=\"\" \/><\/h1>\n<h1>Rat\u00f3n inal\u00e1mbrico para juegos Attack Shark X3: El m\u00e1ximo rendimiento y ligereza.<\/h1>\n<p>Mejora tu juego con el <strong>Tibur\u00f3n de ataque X3<\/strong>, el <strong>El mejor rat\u00f3n inal\u00e1mbrico para juegos<\/strong> Para jugadores competitivos que exigen velocidad, precisi\u00f3n y comodidad. Dise\u00f1ado como un producto de alto rendimiento. <strong>rat\u00f3n ligero para juegos<\/strong>, El X3 pesa tan solo 49 g, lo que lo convierte en un modelo de primera categor\u00eda. <strong>rat\u00f3n para juegos superligero<\/strong> que rivaliza con los competidores de gama alta sin el precio elevado.<br \/>\n<img loading=\"lazy\" decoding=\"async\" class=\"alignnone size-full wp-image-5059\" src=\"https:\/\/halleffectkeyboard.com\/wp-content\/uploads\/2026\/04\/10-9-scaled.jpg\" alt=\"ATTACK SHARK X3 Wireless Gaming Mouse\" width=\"2560\" height=\"1049\" srcset=\"https:\/\/halleffectkeyboard.com\/wp-content\/uploads\/2026\/04\/10-9-scaled.jpg 2560w, https:\/\/halleffectkeyboard.com\/wp-content\/uploads\/2026\/04\/10-9-300x123.jpg 300w, https:\/\/halleffectkeyboard.com\/wp-content\/uploads\/2026\/04\/10-9-1024x420.jpg 1024w, https:\/\/halleffectkeyboard.com\/wp-content\/uploads\/2026\/04\/10-9-768x315.jpg 768w, https:\/\/halleffectkeyboard.com\/wp-content\/uploads\/2026\/04\/10-9-1536x630.jpg 1536w, https:\/\/halleffectkeyboard.com\/wp-content\/uploads\/2026\/04\/10-9-2048x840.jpg 2048w, https:\/\/halleffectkeyboard.com\/wp-content\/uploads\/2026\/04\/10-9-18x7.jpg 18w, https:\/\/halleffectkeyboard.com\/wp-content\/uploads\/2026\/04\/10-9-1200x492.jpg 1200w\" sizes=\"auto, (max-width: 2560px) 100vw, 2560px\" data-no-translation=\"\" \/><\/p>\n<h3>Ingenier\u00eda de precisi\u00f3n y rendimiento de nivel profesional<\/h3>\n<p>En el coraz\u00f3n de esto <strong>Rat\u00f3n para juegos PAW3395<\/strong> Aqu\u00ed se encuentra el sensor insignia PAW3395, que ofrece unos asombrosos 26000 DPI para una precisi\u00f3n inigualable. Ya sea que est\u00e9s haciendo movimientos r\u00e1pidos en CS:GO, rastreando en Valorant o dominando en t\u00edtulos MOBA, este <strong>rat\u00f3n de alta precisi\u00f3n<\/strong> Garantiza que cada movimiento sea perfecto al p\u00edxel.<br \/>\n<img loading=\"lazy\" decoding=\"async\" class=\"alignnone size-full wp-image-5051\" src=\"https:\/\/halleffectkeyboard.com\/wp-content\/uploads\/2026\/04\/2-30-scaled.jpg\" alt=\"ATTACK SHARK X3 Wireless Gaming Mouse\" width=\"2560\" height=\"1049\" srcset=\"https:\/\/halleffectkeyboard.com\/wp-content\/uploads\/2026\/04\/2-30-scaled.jpg 2560w, https:\/\/halleffectkeyboard.com\/wp-content\/uploads\/2026\/04\/2-30-300x123.jpg 300w, https:\/\/halleffectkeyboard.com\/wp-content\/uploads\/2026\/04\/2-30-1024x420.jpg 1024w, https:\/\/halleffectkeyboard.com\/wp-content\/uploads\/2026\/04\/2-30-768x315.jpg 768w, https:\/\/halleffectkeyboard.com\/wp-content\/uploads\/2026\/04\/2-30-1536x630.jpg 1536w, https:\/\/halleffectkeyboard.com\/wp-content\/uploads\/2026\/04\/2-30-2048x840.jpg 2048w, https:\/\/halleffectkeyboard.com\/wp-content\/uploads\/2026\/04\/2-30-18x7.jpg 18w, https:\/\/halleffectkeyboard.com\/wp-content\/uploads\/2026\/04\/2-30-1200x492.jpg 1200w\" sizes=\"auto, (max-width: 2560px) 100vw, 2560px\" data-no-translation=\"\" \/><\/p>\n<h3>Versatilidad sin igual con conectividad trimodal.<\/h3>\n<p>Experimenta la verdadera libertad con nuestra <strong>rat\u00f3n para juegos trimodal<\/strong> tecnolog\u00eda. Elija entre conectividad inal\u00e1mbrica ultrarr\u00e1pida de 2,4 GHz, Bluetooth o por cable para adaptarla a su configuraci\u00f3n. Como un dispositivo vers\u00e1til. <strong>rat\u00f3n inal\u00e1mbrico y con cable<\/strong>, es el perfecto <strong>Accesorio para la configuraci\u00f3n de juegos de PC<\/strong> Tanto para aficionados a los ordenadores de sobremesa como para jugadores que se desplazan constantemente.<br \/>\n<img loading=\"lazy\" decoding=\"async\" class=\"alignnone size-full wp-image-5053\" src=\"https:\/\/halleffectkeyboard.com\/wp-content\/uploads\/2026\/04\/4-31-scaled.jpg\" alt=\"ATTACK SHARK X3 Wireless Gaming Mouse\" width=\"2560\" height=\"1049\" srcset=\"https:\/\/halleffectkeyboard.com\/wp-content\/uploads\/2026\/04\/4-31-scaled.jpg 2560w, https:\/\/halleffectkeyboard.com\/wp-content\/uploads\/2026\/04\/4-31-300x123.jpg 300w, https:\/\/halleffectkeyboard.com\/wp-content\/uploads\/2026\/04\/4-31-1024x420.jpg 1024w, https:\/\/halleffectkeyboard.com\/wp-content\/uploads\/2026\/04\/4-31-768x315.jpg 768w, https:\/\/halleffectkeyboard.com\/wp-content\/uploads\/2026\/04\/4-31-1536x630.jpg 1536w, https:\/\/halleffectkeyboard.com\/wp-content\/uploads\/2026\/04\/4-31-2048x840.jpg 2048w, https:\/\/halleffectkeyboard.com\/wp-content\/uploads\/2026\/04\/4-31-18x7.jpg 18w, https:\/\/halleffectkeyboard.com\/wp-content\/uploads\/2026\/04\/4-31-1200x492.jpg 1200w\" sizes=\"auto, (max-width: 2560px) 100vw, 2560px\" data-no-translation=\"\" \/><\/p>\n<h3>Dise\u00f1o ergon\u00f3mico y construcci\u00f3n de primera calidad.<\/h3>\n<p>El Attack Shark X3 presenta un dise\u00f1o sim\u00e9trico sofisticado y sin estructura de panal. A diferencia de otras opciones ligeras, mantiene una carcasa s\u00f3lida y ergon\u00f3mica que ofrece una sensaci\u00f3n de alta calidad al tacto.<br \/>\n<img loading=\"lazy\" decoding=\"async\" class=\"alignnone size-full wp-image-5052\" src=\"https:\/\/halleffectkeyboard.com\/wp-content\/uploads\/2026\/04\/3-30-scaled.jpg\" alt=\"ATTACK SHARK X3 Wireless Gaming Mouse\" width=\"2560\" height=\"1049\" srcset=\"https:\/\/halleffectkeyboard.com\/wp-content\/uploads\/2026\/04\/3-30-scaled.jpg 2560w, https:\/\/halleffectkeyboard.com\/wp-content\/uploads\/2026\/04\/3-30-300x123.jpg 300w, https:\/\/halleffectkeyboard.com\/wp-content\/uploads\/2026\/04\/3-30-1024x420.jpg 1024w, https:\/\/halleffectkeyboard.com\/wp-content\/uploads\/2026\/04\/3-30-768x315.jpg 768w, https:\/\/halleffectkeyboard.com\/wp-content\/uploads\/2026\/04\/3-30-1536x630.jpg 1536w, https:\/\/halleffectkeyboard.com\/wp-content\/uploads\/2026\/04\/3-30-2048x840.jpg 2048w, https:\/\/halleffectkeyboard.com\/wp-content\/uploads\/2026\/04\/3-30-18x7.jpg 18w, https:\/\/halleffectkeyboard.com\/wp-content\/uploads\/2026\/04\/3-30-1200x492.jpg 1200w\" sizes=\"auto, (max-width: 2560px) 100vw, 2560px\" data-no-translation=\"\" \/><\/p>\n<p><strong>Mejora tu agarre con nuestra cinta antideslizante de ajuste personalizado:<\/strong><\/p>\n<ul>\n<li><strong>Precortado de precisi\u00f3n:<\/strong>\u00a0Dise\u00f1ado espec\u00edficamente para el X3, lo que garantiza un ajuste profesional y completo.<\/li>\n<li><strong>Control superior:<\/strong>\u00a0Su material texturizado y absorbente del sudor mejora la fricci\u00f3n para sesiones de juego intensas.<\/li>\n<li><strong>Ultradelgado:<\/strong>\u00a0Con tan solo 0,5 mm de grosor, mantiene el perfil bajo del rat\u00f3n.<\/li>\n<li><strong>Sin residuos:<\/strong>\u00a0Gracias a su adhesivo 3M, se mantiene fijo y se despega sin dejar residuos.<\/li>\n<\/ul>\n<h3>\u00bfPor qu\u00e9 elegir el Attack Shark X3?<\/h3>\n<ul>\n<li><strong>El mejor rat\u00f3n inal\u00e1mbrico para juegos econ\u00f3mico:<\/strong>\u00a0Obt\u00e9n especificaciones de gama alta a una fracci\u00f3n del costo. Es lo \u00faltimo.\u00a0<strong>Alternativa al Logitech G Pro X Superlight<\/strong>\u00a0y un competidor directo de los Razer Viper V2 Pro, Pulsar X2 y Lamzu Atlantis.<\/li>\n<li><strong>Interruptores de nivel profesional:<\/strong>\u00a0Equipado con interruptores Kailh GM 8.0 de gran durabilidad para clics n\u00edtidos y t\u00e1ctiles que perduran.<\/li>\n<li><strong>Personalizable:<\/strong>\u00a0Utilice el\u00a0<strong>Software Attack Shark X3<\/strong>\u00a0para reasignar botones, ajustar macros y optimizar tu rendimiento.<\/li>\n<li><strong>Amplia compatibilidad:<\/strong>\u00a0Totalmente compatible como un\u00a0<strong>rat\u00f3n para juegos de Windows<\/strong>\u00a0y un\u00a0<strong>Rat\u00f3n inal\u00e1mbrico compatible con Mac<\/strong>.<br \/>\n<img loading=\"lazy\" decoding=\"async\" class=\"alignnone size-full wp-image-5058\" src=\"https:\/\/halleffectkeyboard.com\/wp-content\/uploads\/2026\/04\/9-10-scaled.jpg\" alt=\"ATTACK SHARK X3 Wireless Gaming Mouse\" width=\"2560\" height=\"1049\" srcset=\"https:\/\/halleffectkeyboard.com\/wp-content\/uploads\/2026\/04\/9-10-scaled.jpg 2560w, https:\/\/halleffectkeyboard.com\/wp-content\/uploads\/2026\/04\/9-10-300x123.jpg 300w, https:\/\/halleffectkeyboard.com\/wp-content\/uploads\/2026\/04\/9-10-1024x420.jpg 1024w, https:\/\/halleffectkeyboard.com\/wp-content\/uploads\/2026\/04\/9-10-768x315.jpg 768w, https:\/\/halleffectkeyboard.com\/wp-content\/uploads\/2026\/04\/9-10-1536x630.jpg 1536w, https:\/\/halleffectkeyboard.com\/wp-content\/uploads\/2026\/04\/9-10-2048x840.jpg 2048w, https:\/\/halleffectkeyboard.com\/wp-content\/uploads\/2026\/04\/9-10-18x7.jpg 18w, https:\/\/halleffectkeyboard.com\/wp-content\/uploads\/2026\/04\/9-10-1200x492.jpg 1200w\" sizes=\"auto, (max-width: 2560px) 100vw, 2560px\" data-no-translation=\"\" \/><\/li>\n<\/ul>\n<h3>Especificaciones t\u00e9cnicas<\/h3>\n<ul>\n<li><strong>Peso:<\/strong>\u00a049 g (Ultraligero)<\/li>\n<li><strong>Sensor:<\/strong>\u00a0PAW3395 (26000 DPI)<\/li>\n<li><strong>Interruptores:<\/strong>\u00a0Kailh GM 8.0<\/li>\n<li><strong>Conexi\u00f3n:<\/strong>\u00a02,4 GHz \/ Bluetooth \/ Cableado<\/li>\n<li><strong>Bater\u00eda:<\/strong>\u00a0Bater\u00eda de larga duraci\u00f3n para un juego prolongado.<br \/>\n<img loading=\"lazy\" decoding=\"async\" class=\"alignnone size-full wp-image-5057\" src=\"https:\/\/halleffectkeyboard.com\/wp-content\/uploads\/2026\/04\/8-15-scaled.jpg\" alt=\"ATTACK SHARK X3 Wireless Gaming Mouse\" width=\"2560\" height=\"1049\" srcset=\"https:\/\/halleffectkeyboard.com\/wp-content\/uploads\/2026\/04\/8-15-scaled.jpg 2560w, https:\/\/halleffectkeyboard.com\/wp-content\/uploads\/2026\/04\/8-15-300x123.jpg 300w, https:\/\/halleffectkeyboard.com\/wp-content\/uploads\/2026\/04\/8-15-1024x420.jpg 1024w, https:\/\/halleffectkeyboard.com\/wp-content\/uploads\/2026\/04\/8-15-768x315.jpg 768w, https:\/\/halleffectkeyboard.com\/wp-content\/uploads\/2026\/04\/8-15-1536x630.jpg 1536w, https:\/\/halleffectkeyboard.com\/wp-content\/uploads\/2026\/04\/8-15-2048x840.jpg 2048w, https:\/\/halleffectkeyboard.com\/wp-content\/uploads\/2026\/04\/8-15-18x7.jpg 18w, https:\/\/halleffectkeyboard.com\/wp-content\/uploads\/2026\/04\/8-15-1200x492.jpg 1200w\" sizes=\"auto, (max-width: 2560px) 100vw, 2560px\" data-no-translation=\"\" \/><\/li>\n<\/ul>\n<p><strong>El paquete incluye:<\/strong> 1 rat\u00f3n para juegos Attack Shark X3, 1 juego de cinta antideslizante para rat\u00f3n (6 piezas), 1 receptor USB y cable. <em>(Nota: El rat\u00f3n NO se incluye con el juego de cintas antideslizantes por separado; este paquete incluye el rat\u00f3n y el juego de cintas).<br \/>\n<img loading=\"lazy\" decoding=\"async\" class=\"alignnone size-full wp-image-5054\" src=\"https:\/\/halleffectkeyboard.com\/wp-content\/uploads\/2026\/04\/5-30-scaled.jpg\" alt=\"ATTACK SHARK X3 Wireless Gaming Mouse\" width=\"2560\" height=\"1049\" srcset=\"https:\/\/halleffectkeyboard.com\/wp-content\/uploads\/2026\/04\/5-30-scaled.jpg 2560w, https:\/\/halleffectkeyboard.com\/wp-content\/uploads\/2026\/04\/5-30-300x123.jpg 300w, https:\/\/halleffectkeyboard.com\/wp-content\/uploads\/2026\/04\/5-30-1024x420.jpg 1024w, https:\/\/halleffectkeyboard.com\/wp-content\/uploads\/2026\/04\/5-30-768x315.jpg 768w, https:\/\/halleffectkeyboard.com\/wp-content\/uploads\/2026\/04\/5-30-1536x630.jpg 1536w, https:\/\/halleffectkeyboard.com\/wp-content\/uploads\/2026\/04\/5-30-2048x840.jpg 2048w, https:\/\/halleffectkeyboard.com\/wp-content\/uploads\/2026\/04\/5-30-18x7.jpg 18w, https:\/\/halleffectkeyboard.com\/wp-content\/uploads\/2026\/04\/5-30-1200x492.jpg 1200w\" sizes=\"auto, (max-width: 2560px) 100vw, 2560px\" data-no-translation=\"\" \/> <img loading=\"lazy\" decoding=\"async\" class=\"alignnone size-full wp-image-5055\" src=\"https:\/\/halleffectkeyboard.com\/wp-content\/uploads\/2026\/04\/6-18-scaled.jpg\" alt=\"ATTACK SHARK X3 Wireless Gaming Mouse\" width=\"2560\" height=\"1049\" srcset=\"https:\/\/halleffectkeyboard.com\/wp-content\/uploads\/2026\/04\/6-18-scaled.jpg 2560w, https:\/\/halleffectkeyboard.com\/wp-content\/uploads\/2026\/04\/6-18-300x123.jpg 300w, https:\/\/halleffectkeyboard.com\/wp-content\/uploads\/2026\/04\/6-18-1024x420.jpg 1024w, https:\/\/halleffectkeyboard.com\/wp-content\/uploads\/2026\/04\/6-18-768x315.jpg 768w, https:\/\/halleffectkeyboard.com\/wp-content\/uploads\/2026\/04\/6-18-1536x630.jpg 1536w, https:\/\/halleffectkeyboard.com\/wp-content\/uploads\/2026\/04\/6-18-2048x840.jpg 2048w, https:\/\/halleffectkeyboard.com\/wp-content\/uploads\/2026\/04\/6-18-18x7.jpg 18w, https:\/\/halleffectkeyboard.com\/wp-content\/uploads\/2026\/04\/6-18-1200x492.jpg 1200w\" sizes=\"auto, (max-width: 2560px) 100vw, 2560px\" data-no-translation=\"\" \/> <img loading=\"lazy\" decoding=\"async\" class=\"alignnone size-full wp-image-5056\" src=\"https:\/\/halleffectkeyboard.com\/wp-content\/uploads\/2026\/04\/7-15-scaled.jpg\" alt=\"ATTACK SHARK X3 Wireless Gaming Mouse\" width=\"2560\" height=\"1049\" srcset=\"https:\/\/halleffectkeyboard.com\/wp-content\/uploads\/2026\/04\/7-15-scaled.jpg 2560w, https:\/\/halleffectkeyboard.com\/wp-content\/uploads\/2026\/04\/7-15-300x123.jpg 300w, https:\/\/halleffectkeyboard.com\/wp-content\/uploads\/2026\/04\/7-15-1024x420.jpg 1024w, https:\/\/halleffectkeyboard.com\/wp-content\/uploads\/2026\/04\/7-15-768x315.jpg 768w, https:\/\/halleffectkeyboard.com\/wp-content\/uploads\/2026\/04\/7-15-1536x630.jpg 1536w, https:\/\/halleffectkeyboard.com\/wp-content\/uploads\/2026\/04\/7-15-2048x840.jpg 2048w, https:\/\/halleffectkeyboard.com\/wp-content\/uploads\/2026\/04\/7-15-18x7.jpg 18w, https:\/\/halleffectkeyboard.com\/wp-content\/uploads\/2026\/04\/7-15-1200x492.jpg 1200w\" sizes=\"auto, (max-width: 2560px) 100vw, 2560px\" data-no-translation=\"\" \/><br \/>\n<\/em><\/p>","protected":false},"excerpt":{"rendered":"<p><strong>Attack Shark X3: The Ultimate 49g Lightweight Wireless Gaming Mouse.<\/strong> Engineered with the flagship PAW3395 sensor and tri-mode connectivity, the X3 delivers pro-grade precision at a budget-friendly price. Experience elite performance, zero lag, and unmatched comfort in every match.<\/p>","protected":false},"featured_media":5031,"comment_status":"open","ping_status":"closed","template":"","meta":[],"product_brand":[411],"product_cat":[331],"product_tag":[499,338,498],"class_list":{"0":"post-5030","1":"product","2":"type-product","3":"status-publish","4":"has-post-thumbnail","6":"product_brand-attack-shark","7":"product_cat-mouse","8":"product_tag-gaming-mouse","9":"product_tag-mouse","10":"product_tag-wireless-mouse","12":"first","13":"instock","14":"taxable","15":"shipping-taxable","16":"purchasable","17":"product-type-variable","18":"wvs-archive-product-wrapper"},"aioseo_notices":[],"ct_brands":[{"id":411,"name":"TIBUR\u00d3N DE ATAQUE","slug":"attack-shark"}],"jetpack_sharing_enabled":true,"_links":{"self":[{"href":"https:\/\/halleffectkeyboard.com\/es\/wp-json\/wp\/v2\/product\/5030","targetHints":{"allow":["GET"]}}],"collection":[{"href":"https:\/\/halleffectkeyboard.com\/es\/wp-json\/wp\/v2\/product"}],"about":[{"href":"https:\/\/halleffectkeyboard.com\/es\/wp-json\/wp\/v2\/types\/product"}],"replies":[{"embeddable":true,"href":"https:\/\/halleffectkeyboard.com\/es\/wp-json\/wp\/v2\/comments?post=5030"}],"version-history":[{"count":4,"href":"https:\/\/halleffectkeyboard.com\/es\/wp-json\/wp\/v2\/product\/5030\/revisions"}],"predecessor-version":[{"id":5060,"href":"https:\/\/halleffectkeyboard.com\/es\/wp-json\/wp\/v2\/product\/5030\/revisions\/5060"}],"wp:featuredmedia":[{"embeddable":true,"href":"https:\/\/halleffectkeyboard.com\/es\/wp-json\/wp\/v2\/media\/5031"}],"wp:attachment":[{"href":"https:\/\/halleffectkeyboard.com\/es\/wp-json\/wp\/v2\/media?parent=5030"}],"wp:term":[{"taxonomy":"product_brand","embeddable":true,"href":"https:\/\/halleffectkeyboard.com\/es\/wp-json\/wp\/v2\/product_brand?post=5030"},{"taxonomy":"product_cat","embeddable":true,"href":"https:\/\/halleffectkeyboard.com\/es\/wp-json\/wp\/v2\/product_cat?post=5030"},{"taxonomy":"product_tag","embeddable":true,"href":"https:\/\/halleffectkeyboard.com\/es\/wp-json\/wp\/v2\/product_tag?post=5030"}],"curies":[{"name":"wp","href":"https:\/\/api.w.org\/{rel}","templated":true}]}}