{"id":4996,"date":"2026-04-29T13:52:35","date_gmt":"2026-04-29T05:52:35","guid":{"rendered":"https:\/\/halleffectkeyboard.com\/?post_type=product&#038;p=4996"},"modified":"2026-04-29T14:47:29","modified_gmt":"2026-04-29T06:47:29","slug":"carbon-fiber-keycaps","status":"publish","type":"product","link":"https:\/\/halleffectkeyboard.com\/es\/producto\/carbon-fiber-keycaps\/","title":{"rendered":"Teclas de fibra de carbono"},"content":{"rendered":"<h1>Teclas de fibra de carbono \u2013 Juego de teclas forjadas con perfil Cherry y aspecto de carbono (119 teclas)<br \/>\n<img loading=\"lazy\" decoding=\"async\" class=\"alignnone size-full wp-image-5011\" src=\"https:\/\/halleffectkeyboard.com\/wp-content\/uploads\/2026\/04\/5-28-scaled.jpg\" alt=\"Carbon Fiber Keycaps\" width=\"2560\" height=\"1049\" srcset=\"https:\/\/halleffectkeyboard.com\/wp-content\/uploads\/2026\/04\/5-28-scaled.jpg 2560w, https:\/\/halleffectkeyboard.com\/wp-content\/uploads\/2026\/04\/5-28-300x123.jpg 300w, https:\/\/halleffectkeyboard.com\/wp-content\/uploads\/2026\/04\/5-28-1024x420.jpg 1024w, https:\/\/halleffectkeyboard.com\/wp-content\/uploads\/2026\/04\/5-28-768x315.jpg 768w, https:\/\/halleffectkeyboard.com\/wp-content\/uploads\/2026\/04\/5-28-1536x630.jpg 1536w, https:\/\/halleffectkeyboard.com\/wp-content\/uploads\/2026\/04\/5-28-2048x840.jpg 2048w, https:\/\/halleffectkeyboard.com\/wp-content\/uploads\/2026\/04\/5-28-18x7.jpg 18w, https:\/\/halleffectkeyboard.com\/wp-content\/uploads\/2026\/04\/5-28-1200x492.jpg 1200w\" sizes=\"auto, (max-width: 2560px) 100vw, 2560px\" data-no-translation=\"\" \/><\/h1>\n<p>Mejora la configuraci\u00f3n de tu teclado mec\u00e1nico con nuestra gama premium. <strong>Teclas de fibra de carbono<\/strong>. Dise\u00f1ado para entusiastas que exigen tanto estilo como sustancia, este <strong>Tecla de teclado de 119 teclas<\/strong> El conjunto presenta una llamativa est\u00e9tica de fibra de carbono forjada, que transforma su espacio de trabajo en un elegante y profesional centro de mando.<\/p>\n<h3>Construcci\u00f3n de alta calidad y est\u00e9tica discreta.<br \/>\n<img loading=\"lazy\" decoding=\"async\" class=\"alignnone size-full wp-image-5007\" src=\"https:\/\/halleffectkeyboard.com\/wp-content\/uploads\/2026\/04\/1-31-scaled.jpg\" alt=\"Carbon Fiber Keycaps\" width=\"2560\" height=\"1049\" srcset=\"https:\/\/halleffectkeyboard.com\/wp-content\/uploads\/2026\/04\/1-31-scaled.jpg 2560w, https:\/\/halleffectkeyboard.com\/wp-content\/uploads\/2026\/04\/1-31-300x123.jpg 300w, https:\/\/halleffectkeyboard.com\/wp-content\/uploads\/2026\/04\/1-31-1024x420.jpg 1024w, https:\/\/halleffectkeyboard.com\/wp-content\/uploads\/2026\/04\/1-31-768x315.jpg 768w, https:\/\/halleffectkeyboard.com\/wp-content\/uploads\/2026\/04\/1-31-1536x630.jpg 1536w, https:\/\/halleffectkeyboard.com\/wp-content\/uploads\/2026\/04\/1-31-2048x840.jpg 2048w, https:\/\/halleffectkeyboard.com\/wp-content\/uploads\/2026\/04\/1-31-18x7.jpg 18w, https:\/\/halleffectkeyboard.com\/wp-content\/uploads\/2026\/04\/1-31-1200x492.jpg 1200w\" sizes=\"auto, (max-width: 2560px) 100vw, 2560px\" data-no-translation=\"\" \/><\/h3>\n<p>Fabricados a partir de un material de PC patentado con infusi\u00f3n de carbono, estos <strong>Teclas negras<\/strong> Ofrece una integridad estructural y resistencia a los impactos excepcionales. Su exclusivo acabado forjado con aspecto de carbono proporciona una textura sutil y agradable que mejora el agarre y ofrece una experiencia t\u00e1ctil superior con cada pulsaci\u00f3n. Gracias a las leyendas impresas en los laterales, resistentes al desgaste y a la decoloraci\u00f3n, el teclado conserva un aspecto limpio, discreto y minimalista con el paso del tiempo.<br \/>\n<img loading=\"lazy\" decoding=\"async\" class=\"alignnone size-full wp-image-5008\" src=\"https:\/\/halleffectkeyboard.com\/wp-content\/uploads\/2026\/04\/2-27-scaled.jpg\" alt=\"Carbon Fiber Keycaps\" width=\"2560\" height=\"1049\" srcset=\"https:\/\/halleffectkeyboard.com\/wp-content\/uploads\/2026\/04\/2-27-scaled.jpg 2560w, https:\/\/halleffectkeyboard.com\/wp-content\/uploads\/2026\/04\/2-27-300x123.jpg 300w, https:\/\/halleffectkeyboard.com\/wp-content\/uploads\/2026\/04\/2-27-1024x420.jpg 1024w, https:\/\/halleffectkeyboard.com\/wp-content\/uploads\/2026\/04\/2-27-768x315.jpg 768w, https:\/\/halleffectkeyboard.com\/wp-content\/uploads\/2026\/04\/2-27-1536x630.jpg 1536w, https:\/\/halleffectkeyboard.com\/wp-content\/uploads\/2026\/04\/2-27-2048x840.jpg 2048w, https:\/\/halleffectkeyboard.com\/wp-content\/uploads\/2026\/04\/2-27-18x7.jpg 18w, https:\/\/halleffectkeyboard.com\/wp-content\/uploads\/2026\/04\/2-27-1200x492.jpg 1200w\" sizes=\"auto, (max-width: 2560px) 100vw, 2560px\" data-no-translation=\"\" \/><\/p>\n<h3>Dise\u00f1o ergon\u00f3mico para un rendimiento \u00f3ptimo<\/h3>\n<p>Experimente la m\u00e1xima comodidad con nuestros <strong>Juego de teclas Cherry con perfil de aspecto de carbono forjado<\/strong>. El perfil cl\u00e1sico de Cherry est\u00e1 dise\u00f1ado ergon\u00f3micamente para reducir la fatiga de los dedos, lo que lo convierte en la opci\u00f3n perfecta para largas sesiones de juego o tareas de escritura prolongadas.<br \/>\n<img loading=\"lazy\" decoding=\"async\" class=\"alignnone size-full wp-image-5010\" src=\"https:\/\/halleffectkeyboard.com\/wp-content\/uploads\/2026\/04\/4-28-scaled.jpg\" alt=\"Carbon Fiber Keycaps\" width=\"2560\" height=\"1049\" srcset=\"https:\/\/halleffectkeyboard.com\/wp-content\/uploads\/2026\/04\/4-28-scaled.jpg 2560w, https:\/\/halleffectkeyboard.com\/wp-content\/uploads\/2026\/04\/4-28-300x123.jpg 300w, https:\/\/halleffectkeyboard.com\/wp-content\/uploads\/2026\/04\/4-28-1024x420.jpg 1024w, https:\/\/halleffectkeyboard.com\/wp-content\/uploads\/2026\/04\/4-28-768x315.jpg 768w, https:\/\/halleffectkeyboard.com\/wp-content\/uploads\/2026\/04\/4-28-1536x630.jpg 1536w, https:\/\/halleffectkeyboard.com\/wp-content\/uploads\/2026\/04\/4-28-2048x840.jpg 2048w, https:\/\/halleffectkeyboard.com\/wp-content\/uploads\/2026\/04\/4-28-18x7.jpg 18w, https:\/\/halleffectkeyboard.com\/wp-content\/uploads\/2026\/04\/4-28-1200x492.jpg 1200w\" sizes=\"auto, (max-width: 2560px) 100vw, 2560px\" data-no-translation=\"\" \/><\/p>\n<h3>Compatibilidad universal<\/h3>\n<p>Este vers\u00e1til <strong>Teclas de teclado de 119 teclas compatibles con teclados mec\u00e1nicos con interruptores MX y distribuci\u00f3n ANSI.<\/strong> Garantiza una actualizaci\u00f3n sin problemas para la mayor\u00eda de las configuraciones. El conjunto incluye 104 teclas est\u00e1ndar y 15 teclas suplementarias, lo que proporciona compatibilidad total con los teclados mec\u00e1nicos 60%, 61%, 68%, 75%, 87%, 98% y de 104 teclas equipados con interruptores MX-stem (en forma de cruz).<br \/>\n<img loading=\"lazy\" decoding=\"async\" class=\"alignnone size-full wp-image-5018\" src=\"https:\/\/halleffectkeyboard.com\/wp-content\/uploads\/2026\/04\/8-14-scaled.jpg\" alt=\"Carbon Fiber Keycaps\" width=\"2560\" height=\"1049\" srcset=\"https:\/\/halleffectkeyboard.com\/wp-content\/uploads\/2026\/04\/8-14-scaled.jpg 2560w, https:\/\/halleffectkeyboard.com\/wp-content\/uploads\/2026\/04\/8-14-300x123.jpg 300w, https:\/\/halleffectkeyboard.com\/wp-content\/uploads\/2026\/04\/8-14-1024x420.jpg 1024w, https:\/\/halleffectkeyboard.com\/wp-content\/uploads\/2026\/04\/8-14-768x315.jpg 768w, https:\/\/halleffectkeyboard.com\/wp-content\/uploads\/2026\/04\/8-14-1536x630.jpg 1536w, https:\/\/halleffectkeyboard.com\/wp-content\/uploads\/2026\/04\/8-14-2048x840.jpg 2048w, https:\/\/halleffectkeyboard.com\/wp-content\/uploads\/2026\/04\/8-14-18x7.jpg 18w, https:\/\/halleffectkeyboard.com\/wp-content\/uploads\/2026\/04\/8-14-1200x492.jpg 1200w\" sizes=\"auto, (max-width: 2560px) 100vw, 2560px\" data-no-translation=\"\" \/><\/p>\n<h3>\u00bfQu\u00e9 hay en la caja?<\/h3>\n<ul>\n<li><strong>119 teclas de fibra de carbono<\/strong><\/li>\n<li><strong>Caja de almacenamiento premium:<\/strong>\u00a0Mant\u00e9n tus teclas de repuesto o sin usar organizadas y protegidas durante muchos a\u00f1os.<\/li>\n<li><em>Nota: El teclado que se muestra en el modelo images es solo para fines demostrativos y no est\u00e1 incluido.<br \/>\n<img loading=\"lazy\" decoding=\"async\" class=\"alignnone size-full wp-image-5009\" src=\"https:\/\/halleffectkeyboard.com\/wp-content\/uploads\/2026\/04\/3-27-scaled.jpg\" alt=\"Carbon Fiber Keycaps\" width=\"2560\" height=\"1049\" srcset=\"https:\/\/halleffectkeyboard.com\/wp-content\/uploads\/2026\/04\/3-27-scaled.jpg 2560w, https:\/\/halleffectkeyboard.com\/wp-content\/uploads\/2026\/04\/3-27-300x123.jpg 300w, https:\/\/halleffectkeyboard.com\/wp-content\/uploads\/2026\/04\/3-27-1024x420.jpg 1024w, https:\/\/halleffectkeyboard.com\/wp-content\/uploads\/2026\/04\/3-27-768x315.jpg 768w, https:\/\/halleffectkeyboard.com\/wp-content\/uploads\/2026\/04\/3-27-1536x630.jpg 1536w, https:\/\/halleffectkeyboard.com\/wp-content\/uploads\/2026\/04\/3-27-2048x840.jpg 2048w, https:\/\/halleffectkeyboard.com\/wp-content\/uploads\/2026\/04\/3-27-18x7.jpg 18w, https:\/\/halleffectkeyboard.com\/wp-content\/uploads\/2026\/04\/3-27-1200x492.jpg 1200w\" sizes=\"auto, (max-width: 2560px) 100vw, 2560px\" data-no-translation=\"\" \/><br \/>\n<\/em><\/li>\n<\/ul>\n<hr \/>\n<h3>Resumen de las caracter\u00edsticas principales:<\/h3>\n<ul>\n<li><strong>Material:<\/strong>\u00a0Mezcla de policarbonato con infusi\u00f3n de carbono de alta durabilidad.<\/li>\n<li><strong>Perfil:<\/strong>\u00a0Perfil ergon\u00f3mico de cerezo.<\/li>\n<li><strong>Dise\u00f1o:<\/strong>\u00a0Est\u00e9tica de carbono forjado con leyendas impresas en el lateral.<\/li>\n<li><strong>Disposici\u00f3n:<\/strong>\u00a0Conjunto de 119 teclas (compatible con la distribuci\u00f3n ANSI).<\/li>\n<li><strong>Compatibilidad:<\/strong>\u00a0Compatible con la mayor\u00eda de teclados mec\u00e1nicos con v\u00e1stago MX (dise\u00f1os 60% a 104%).<\/li>\n<\/ul>\n<p><strong>Mejora tu experiencia de escritura hoy mismo con la combinaci\u00f3n perfecta de durabilidad y dise\u00f1o de alta gama.<\/p>\n<p><\/strong><\/p>","protected":false},"excerpt":{"rendered":"<p>Mejora tu teclado mec\u00e1nico con nuestro juego de teclas de fibra de carbono de 119 teclas. Con un acabado de fibra de carbono forjada de primera calidad, un material de PC duradero con infusi\u00f3n de carbono y un perfil ergon\u00f3mico Cherry, estas teclas negras con impresi\u00f3n lateral ofrecen una est\u00e9tica elegante y discreta, adem\u00e1s de un agarre t\u00e1ctil superior para cualquier teclado con interruptores MX y distribuci\u00f3n ANSI.<\/p>","protected":false},"featured_media":5000,"comment_status":"open","ping_status":"closed","template":"","meta":[],"product_brand":[191],"product_cat":[134],"product_tag":[273,136],"class_list":{"0":"post-4996","1":"product","2":"type-product","3":"status-publish","4":"has-post-thumbnail","6":"product_brand-hek","7":"product_cat-keycaps","8":"product_tag-carbon-fiber-keycaps","9":"product_tag-keycaps","11":"first","12":"instock","13":"taxable","14":"shipping-taxable","15":"purchasable","16":"product-type-variable","17":"wvs-archive-product-wrapper"},"aioseo_notices":[],"ct_brands":[{"id":191,"name":"HEK","slug":"hek"}],"jetpack_sharing_enabled":true,"_links":{"self":[{"href":"https:\/\/halleffectkeyboard.com\/es\/wp-json\/wp\/v2\/product\/4996","targetHints":{"allow":["GET"]}}],"collection":[{"href":"https:\/\/halleffectkeyboard.com\/es\/wp-json\/wp\/v2\/product"}],"about":[{"href":"https:\/\/halleffectkeyboard.com\/es\/wp-json\/wp\/v2\/types\/product"}],"replies":[{"embeddable":true,"href":"https:\/\/halleffectkeyboard.com\/es\/wp-json\/wp\/v2\/comments?post=4996"}],"version-history":[{"count":4,"href":"https:\/\/halleffectkeyboard.com\/es\/wp-json\/wp\/v2\/product\/4996\/revisions"}],"predecessor-version":[{"id":5019,"href":"https:\/\/halleffectkeyboard.com\/es\/wp-json\/wp\/v2\/product\/4996\/revisions\/5019"}],"wp:featuredmedia":[{"embeddable":true,"href":"https:\/\/halleffectkeyboard.com\/es\/wp-json\/wp\/v2\/media\/5000"}],"wp:attachment":[{"href":"https:\/\/halleffectkeyboard.com\/es\/wp-json\/wp\/v2\/media?parent=4996"}],"wp:term":[{"taxonomy":"product_brand","embeddable":true,"href":"https:\/\/halleffectkeyboard.com\/es\/wp-json\/wp\/v2\/product_brand?post=4996"},{"taxonomy":"product_cat","embeddable":true,"href":"https:\/\/halleffectkeyboard.com\/es\/wp-json\/wp\/v2\/product_cat?post=4996"},{"taxonomy":"product_tag","embeddable":true,"href":"https:\/\/halleffectkeyboard.com\/es\/wp-json\/wp\/v2\/product_tag?post=4996"}],"curies":[{"name":"wp","href":"https:\/\/api.w.org\/{rel}","templated":true}]}}