{"id":4277,"date":"2026-04-17T14:10:46","date_gmt":"2026-04-17T06:10:46","guid":{"rendered":"https:\/\/halleffectkeyboard.com\/"},"modified":"2026-04-17T14:21:09","modified_gmt":"2026-04-17T06:21:09","slug":"madlions-mad-light-60he","status":"publish","type":"product","link":"https:\/\/halleffectkeyboard.com\/es\/product\/madlions-mad-light-60he\/","title":{"rendered":"MADLIONS MAD Light 60HE"},"content":{"rendered":"<h1>MADLIONS MAD Light 60HE: El teclado definitivo de 60 teclas con efecto Hall para juegos.<\/h1>\n<p>Buscando el <strong>mejor teclado con efecto Hall<\/strong> \u00bfQuieres mejorar tu configuraci\u00f3n de juego? Conoce el <strong>MADLIONS MAD Light 60HE<\/strong>, un premium <strong>teclado del 60 por ciento<\/strong> Dise\u00f1ado para jugadores competitivos y entusiastas del teclado. Cuenta con funciones avanzadas. <strong>interruptor de efecto Hall<\/strong> tecnolog\u00eda, esta <strong>teclado magn\u00e9tico<\/strong> ofrece velocidad, precisi\u00f3n y durabilidad incomparables. Ya sea que est\u00e9 construyendo un <strong>teclado personalizado<\/strong> o actualizar tu estaci\u00f3n de batalla actual, su ultracompacto <strong>Dise\u00f1o de teclado de 60 teclas<\/strong> Ahorra valioso espacio en el escritorio sin comprometer el rendimiento.<\/p>\n<h2>Velocidad insuperable gracias a la tecnolog\u00eda de efecto Hall.<\/h2>\n<p>Experimenta el futuro de los videojuegos con nuestra tecnolog\u00eda de vanguardia. <strong>teclado de efecto Hall<\/strong>. El MADLIONS MAD Light 60HE utiliza interruptores magn\u00e9ticos con una latencia ultrabaja de 0,1 ms. Con un rango de Rapid Trigger (RT) ajustable de hiperprecisi\u00f3n de 0,01 mm a 3,5 mm, puedes definir tu punto de actuaci\u00f3n exacto para una respuesta instant\u00e1nea. Combinado con una enorme <strong>tasa de sondeo de 8 KHz<\/strong> y <strong>Frecuencia de escaneo de 128 kHz<\/strong>, este <strong>Teclado para juegos de 60 teclas<\/strong> Es 8 veces m\u00e1s r\u00e1pido que los teclados mec\u00e1nicos tradicionales, lo que te proporciona una ventaja competitiva insuperable.<\/p>\n<h2>Carcasa hueca de aluminio de primera calidad e iluminaci\u00f3n RGB.<\/h2>\n<p>Destaca entre la multitud con un impresionante cuerpo de aluminio s\u00f3lido mecanizado por CNC y con recubrimiento en polvo. El exclusivo dise\u00f1o hueco permite que la luz inferior de la PCB delinee los bordes, creando una atm\u00f3sfera de juego inigualable. Con 16,8 millones de retroiluminaci\u00f3n RGB personalizable orientada hacia el norte y teclas de perfil Cherry transparentes para PC, este <strong>Teclado de 60 teclas<\/strong> Garantiza que tus personajes principales brillen con intensidad, iluminando la configuraci\u00f3n de tu juego exactamente como deseas.<\/p>\n<h2>Dise\u00f1o de teclado compacto del 60 por ciento<\/h2>\n<p>Maximiza el espacio de movimiento de tu rat\u00f3n con este ultracompacto. <strong>Dise\u00f1o de teclado del 60 por ciento<\/strong>. Ahorra hasta 40% de espacio en el escritorio al tiempo que conserva de forma inteligente funciones esenciales como las teclas de flecha, lo que lo convierte en uno de los m\u00e1s vers\u00e1tiles. <strong>60 teclados<\/strong> en el mercado. Si alguna vez te preguntas sobre el <strong>Tecla de inicio predeterminada para teclado de 60 teclas<\/strong> Gracias a su dise\u00f1o intuitivo, esta configuraci\u00f3n garantiza una transici\u00f3n fluida tanto para escribir como para jugar.<\/p>\n<h2>Controlador web programable y personalizaci\u00f3n completa<\/h2>\n<p>\u00a1No se requiere descargar ning\u00fan software! Personaliza tu <strong>teclado para juegos<\/strong> Con\u00e9ctalo directamente a trav\u00e9s de nuestro controlador web profesional. Ajusta f\u00e1cilmente las funciones RT, SOCD, DKS, MT y TGL, configura macros, reasigna teclas y personaliza la iluminaci\u00f3n RGB. Su dise\u00f1o con interruptores intercambiables en caliente te permite personalizarlos f\u00e1cilmente sin necesidad de soldar. Gracias a su conexi\u00f3n por cable USB-C estable, ofrece compatibilidad total con sistemas Windows y Mac.<\/p>\n<h3>Especificaciones t\u00e9cnicas<\/h3>\n<ul>\n<li><strong>Nombre del modelo:<\/strong> Teclado hueco de aluminio con interruptores magn\u00e9ticos MAD LIGHT 60 HE<\/li>\n<li><strong>Disposici\u00f3n:<\/strong>\u00a061 teclas (<strong>Dise\u00f1o de teclado de 60 teclas<\/strong>)<\/li>\n<li><strong>Tipo de interruptor:<\/strong>\u00a0<strong>interruptor de efecto Hall<\/strong>\u00a0(Magn\u00e9tico)<\/li>\n<li><strong>Conexi\u00f3n:<\/strong>\u00a0Teclado con cable USB tipo C desmontable<\/li>\n<li><strong>Tasa de sondeo:<\/strong>\u00a08 kHz<\/li>\n<li><strong>Frecuencia de escaneo:<\/strong> 128 kHz<\/li>\n<li><strong>Recorrido RT ajustable:<\/strong>\u00a00,01 \u2013 3,5 mm (precisi\u00f3n de 0,01 mm)<\/li>\n<li><strong>Viajes totales:<\/strong>\u00a03,6 mm<\/li>\n<li><strong>Fuerza de activaci\u00f3n:<\/strong>\u00a033\u00b15 gf<\/li>\n<li><strong>Vida \u00fatil del interruptor:<\/strong>\u00a0100 millones de pulsaciones de teclas<\/li>\n<li><strong>Material de la caja y la placa:<\/strong>\u00a0Aleaci\u00f3n de aluminio CNC s\u00f3lida<\/li>\n<li><strong>Iluminar desde el fondo:<\/strong>\u00a0Soporte para 16,8 millones de colores RGB (m\u00e1s de 20 luces preestablecidas)<\/li>\n<li><strong>NKRO:<\/strong>\u00a0Compatible<\/li>\n<li><strong>Tecnolog\u00eda avanzada:<\/strong>\u00a0Soporta DKS \/ MT \/ TGL \/ SOCD<\/li>\n<li><strong>Compatibilidad del sistema:<\/strong>\u00a0Windows\/Mac<\/li>\n<li><strong>Software:<\/strong>\u00a0Controlador web en l\u00ednea (no requiere descarga)<\/li>\n<\/ul>\n<p><img loading=\"lazy\" decoding=\"async\" class=\"alignnone size-full wp-image-4291\" src=\"https:\/\/halleffectkeyboard.com\/wp-content\/uploads\/2026\/04\/MAD-LIGHT-60-HE-scaled.jpg\" alt=\"MADLIONS MAD Light 60HE\" width=\"2560\" height=\"2489\" srcset=\"https:\/\/halleffectkeyboard.com\/wp-content\/uploads\/2026\/04\/MAD-LIGHT-60-HE-scaled.jpg 2560w, https:\/\/halleffectkeyboard.com\/wp-content\/uploads\/2026\/04\/MAD-LIGHT-60-HE-300x292.jpg 300w, https:\/\/halleffectkeyboard.com\/wp-content\/uploads\/2026\/04\/MAD-LIGHT-60-HE-1024x996.jpg 1024w, https:\/\/halleffectkeyboard.com\/wp-content\/uploads\/2026\/04\/MAD-LIGHT-60-HE-768x747.jpg 768w, https:\/\/halleffectkeyboard.com\/wp-content\/uploads\/2026\/04\/MAD-LIGHT-60-HE-1536x1494.jpg 1536w, https:\/\/halleffectkeyboard.com\/wp-content\/uploads\/2026\/04\/MAD-LIGHT-60-HE-2048x1991.jpg 2048w, https:\/\/halleffectkeyboard.com\/wp-content\/uploads\/2026\/04\/MAD-LIGHT-60-HE-12x12.jpg 12w, https:\/\/halleffectkeyboard.com\/wp-content\/uploads\/2026\/04\/MAD-LIGHT-60-HE-1200x1167.jpg 1200w, https:\/\/halleffectkeyboard.com\/wp-content\/uploads\/2026\/04\/MAD-LIGHT-60-HE-50x50.jpg 50w\" sizes=\"auto, (max-width: 2560px) 100vw, 2560px\" \/> <img loading=\"lazy\" decoding=\"async\" class=\"alignnone size-full wp-image-4292\" src=\"https:\/\/halleffectkeyboard.com\/wp-content\/uploads\/2026\/04\/MAD-LIGHT-60-HE-1-scaled.jpg\" alt=\"MADLIONS MAD Light 60HE\" width=\"2560\" height=\"2489\" srcset=\"https:\/\/halleffectkeyboard.com\/wp-content\/uploads\/2026\/04\/MAD-LIGHT-60-HE-1-scaled.jpg 2560w, https:\/\/halleffectkeyboard.com\/wp-content\/uploads\/2026\/04\/MAD-LIGHT-60-HE-1-300x292.jpg 300w, https:\/\/halleffectkeyboard.com\/wp-content\/uploads\/2026\/04\/MAD-LIGHT-60-HE-1-1024x996.jpg 1024w, https:\/\/halleffectkeyboard.com\/wp-content\/uploads\/2026\/04\/MAD-LIGHT-60-HE-1-768x747.jpg 768w, https:\/\/halleffectkeyboard.com\/wp-content\/uploads\/2026\/04\/MAD-LIGHT-60-HE-1-1536x1494.jpg 1536w, https:\/\/halleffectkeyboard.com\/wp-content\/uploads\/2026\/04\/MAD-LIGHT-60-HE-1-2048x1991.jpg 2048w, https:\/\/halleffectkeyboard.com\/wp-content\/uploads\/2026\/04\/MAD-LIGHT-60-HE-1-12x12.jpg 12w, https:\/\/halleffectkeyboard.com\/wp-content\/uploads\/2026\/04\/MAD-LIGHT-60-HE-1-1200x1167.jpg 1200w, https:\/\/halleffectkeyboard.com\/wp-content\/uploads\/2026\/04\/MAD-LIGHT-60-HE-1-50x50.jpg 50w\" sizes=\"auto, (max-width: 2560px) 100vw, 2560px\" \/> <img loading=\"lazy\" decoding=\"async\" class=\"alignnone size-full wp-image-4293\" src=\"https:\/\/halleffectkeyboard.com\/wp-content\/uploads\/2026\/04\/MAD-LIGHT-60-HE-2-scaled.jpg\" alt=\"MADLIONS MAD Light 60HE\" width=\"2560\" height=\"2489\" srcset=\"https:\/\/halleffectkeyboard.com\/wp-content\/uploads\/2026\/04\/MAD-LIGHT-60-HE-2-scaled.jpg 2560w, https:\/\/halleffectkeyboard.com\/wp-content\/uploads\/2026\/04\/MAD-LIGHT-60-HE-2-300x292.jpg 300w, https:\/\/halleffectkeyboard.com\/wp-content\/uploads\/2026\/04\/MAD-LIGHT-60-HE-2-1024x996.jpg 1024w, https:\/\/halleffectkeyboard.com\/wp-content\/uploads\/2026\/04\/MAD-LIGHT-60-HE-2-768x747.jpg 768w, https:\/\/halleffectkeyboard.com\/wp-content\/uploads\/2026\/04\/MAD-LIGHT-60-HE-2-1536x1494.jpg 1536w, https:\/\/halleffectkeyboard.com\/wp-content\/uploads\/2026\/04\/MAD-LIGHT-60-HE-2-2048x1991.jpg 2048w, https:\/\/halleffectkeyboard.com\/wp-content\/uploads\/2026\/04\/MAD-LIGHT-60-HE-2-12x12.jpg 12w, https:\/\/halleffectkeyboard.com\/wp-content\/uploads\/2026\/04\/MAD-LIGHT-60-HE-2-1200x1167.jpg 1200w, https:\/\/halleffectkeyboard.com\/wp-content\/uploads\/2026\/04\/MAD-LIGHT-60-HE-2-50x50.jpg 50w\" sizes=\"auto, (max-width: 2560px) 100vw, 2560px\" \/> <img loading=\"lazy\" decoding=\"async\" class=\"alignnone size-full wp-image-4294\" src=\"https:\/\/halleffectkeyboard.com\/wp-content\/uploads\/2026\/04\/MAD-LIGHT-60-HE-3-scaled.jpg\" alt=\"MADLIONS MAD Light 60HE\" width=\"2560\" height=\"2489\" srcset=\"https:\/\/halleffectkeyboard.com\/wp-content\/uploads\/2026\/04\/MAD-LIGHT-60-HE-3-scaled.jpg 2560w, https:\/\/halleffectkeyboard.com\/wp-content\/uploads\/2026\/04\/MAD-LIGHT-60-HE-3-300x292.jpg 300w, https:\/\/halleffectkeyboard.com\/wp-content\/uploads\/2026\/04\/MAD-LIGHT-60-HE-3-1024x996.jpg 1024w, https:\/\/halleffectkeyboard.com\/wp-content\/uploads\/2026\/04\/MAD-LIGHT-60-HE-3-768x747.jpg 768w, https:\/\/halleffectkeyboard.com\/wp-content\/uploads\/2026\/04\/MAD-LIGHT-60-HE-3-1536x1494.jpg 1536w, https:\/\/halleffectkeyboard.com\/wp-content\/uploads\/2026\/04\/MAD-LIGHT-60-HE-3-2048x1991.jpg 2048w, https:\/\/halleffectkeyboard.com\/wp-content\/uploads\/2026\/04\/MAD-LIGHT-60-HE-3-12x12.jpg 12w, https:\/\/halleffectkeyboard.com\/wp-content\/uploads\/2026\/04\/MAD-LIGHT-60-HE-3-1200x1167.jpg 1200w, https:\/\/halleffectkeyboard.com\/wp-content\/uploads\/2026\/04\/MAD-LIGHT-60-HE-3-50x50.jpg 50w\" sizes=\"auto, (max-width: 2560px) 100vw, 2560px\" \/> <img loading=\"lazy\" decoding=\"async\" class=\"alignnone size-full wp-image-4295\" src=\"https:\/\/halleffectkeyboard.com\/wp-content\/uploads\/2026\/04\/MAD-LIGHT-60-HE-4-scaled.jpg\" alt=\"MADLIONS MAD Light 60HE\" width=\"2560\" height=\"2489\" srcset=\"https:\/\/halleffectkeyboard.com\/wp-content\/uploads\/2026\/04\/MAD-LIGHT-60-HE-4-scaled.jpg 2560w, https:\/\/halleffectkeyboard.com\/wp-content\/uploads\/2026\/04\/MAD-LIGHT-60-HE-4-300x292.jpg 300w, https:\/\/halleffectkeyboard.com\/wp-content\/uploads\/2026\/04\/MAD-LIGHT-60-HE-4-1024x996.jpg 1024w, https:\/\/halleffectkeyboard.com\/wp-content\/uploads\/2026\/04\/MAD-LIGHT-60-HE-4-768x747.jpg 768w, https:\/\/halleffectkeyboard.com\/wp-content\/uploads\/2026\/04\/MAD-LIGHT-60-HE-4-1536x1494.jpg 1536w, https:\/\/halleffectkeyboard.com\/wp-content\/uploads\/2026\/04\/MAD-LIGHT-60-HE-4-2048x1991.jpg 2048w, https:\/\/halleffectkeyboard.com\/wp-content\/uploads\/2026\/04\/MAD-LIGHT-60-HE-4-12x12.jpg 12w, https:\/\/halleffectkeyboard.com\/wp-content\/uploads\/2026\/04\/MAD-LIGHT-60-HE-4-1200x1167.jpg 1200w, https:\/\/halleffectkeyboard.com\/wp-content\/uploads\/2026\/04\/MAD-LIGHT-60-HE-4-50x50.jpg 50w\" sizes=\"auto, (max-width: 2560px) 100vw, 2560px\" \/> <img loading=\"lazy\" decoding=\"async\" class=\"alignnone size-full wp-image-4296\" src=\"https:\/\/halleffectkeyboard.com\/wp-content\/uploads\/2026\/04\/MAD-LIGHT-60-HE-5-1-scaled.jpg\" alt=\"MADLIONS MAD Light 60HE\" width=\"2560\" height=\"2489\" srcset=\"https:\/\/halleffectkeyboard.com\/wp-content\/uploads\/2026\/04\/MAD-LIGHT-60-HE-5-1-scaled.jpg 2560w, https:\/\/halleffectkeyboard.com\/wp-content\/uploads\/2026\/04\/MAD-LIGHT-60-HE-5-1-300x292.jpg 300w, https:\/\/halleffectkeyboard.com\/wp-content\/uploads\/2026\/04\/MAD-LIGHT-60-HE-5-1-1024x996.jpg 1024w, https:\/\/halleffectkeyboard.com\/wp-content\/uploads\/2026\/04\/MAD-LIGHT-60-HE-5-1-768x747.jpg 768w, https:\/\/halleffectkeyboard.com\/wp-content\/uploads\/2026\/04\/MAD-LIGHT-60-HE-5-1-1536x1494.jpg 1536w, https:\/\/halleffectkeyboard.com\/wp-content\/uploads\/2026\/04\/MAD-LIGHT-60-HE-5-1-2048x1991.jpg 2048w, https:\/\/halleffectkeyboard.com\/wp-content\/uploads\/2026\/04\/MAD-LIGHT-60-HE-5-1-12x12.jpg 12w, https:\/\/halleffectkeyboard.com\/wp-content\/uploads\/2026\/04\/MAD-LIGHT-60-HE-5-1-1200x1167.jpg 1200w, https:\/\/halleffectkeyboard.com\/wp-content\/uploads\/2026\/04\/MAD-LIGHT-60-HE-5-1-50x50.jpg 50w\" sizes=\"auto, (max-width: 2560px) 100vw, 2560px\" \/> <img loading=\"lazy\" decoding=\"async\" class=\"alignnone size-full wp-image-4297\" src=\"https:\/\/halleffectkeyboard.com\/wp-content\/uploads\/2026\/04\/MAD-LIGHT-60-HE-6-scaled.jpg\" alt=\"MADLIONS MAD Light 60HE\" width=\"2560\" height=\"2560\" srcset=\"https:\/\/halleffectkeyboard.com\/wp-content\/uploads\/2026\/04\/MAD-LIGHT-60-HE-6-scaled.jpg 2560w, https:\/\/halleffectkeyboard.com\/wp-content\/uploads\/2026\/04\/MAD-LIGHT-60-HE-6-300x300.jpg 300w, https:\/\/halleffectkeyboard.com\/wp-content\/uploads\/2026\/04\/MAD-LIGHT-60-HE-6-1024x1024.jpg 1024w, https:\/\/halleffectkeyboard.com\/wp-content\/uploads\/2026\/04\/MAD-LIGHT-60-HE-6-150x150.jpg 150w, https:\/\/halleffectkeyboard.com\/wp-content\/uploads\/2026\/04\/MAD-LIGHT-60-HE-6-768x768.jpg 768w, https:\/\/halleffectkeyboard.com\/wp-content\/uploads\/2026\/04\/MAD-LIGHT-60-HE-6-1536x1536.jpg 1536w, https:\/\/halleffectkeyboard.com\/wp-content\/uploads\/2026\/04\/MAD-LIGHT-60-HE-6-2048x2048.jpg 2048w, https:\/\/halleffectkeyboard.com\/wp-content\/uploads\/2026\/04\/MAD-LIGHT-60-HE-6-12x12.jpg 12w, https:\/\/halleffectkeyboard.com\/wp-content\/uploads\/2026\/04\/MAD-LIGHT-60-HE-6-1200x1200.jpg 1200w, https:\/\/halleffectkeyboard.com\/wp-content\/uploads\/2026\/04\/MAD-LIGHT-60-HE-6-100x100.jpg 100w, https:\/\/halleffectkeyboard.com\/wp-content\/uploads\/2026\/04\/MAD-LIGHT-60-HE-6-50x50.jpg 50w\" sizes=\"auto, (max-width: 2560px) 100vw, 2560px\" \/> <img loading=\"lazy\" decoding=\"async\" class=\"alignnone size-full wp-image-4298\" src=\"https:\/\/halleffectkeyboard.com\/wp-content\/uploads\/2026\/04\/MAD-LIGHT-60-HE-7-scaled.jpg\" alt=\"MADLIONS MAD Light 60HE\" width=\"2281\" height=\"2560\" srcset=\"https:\/\/halleffectkeyboard.com\/wp-content\/uploads\/2026\/04\/MAD-LIGHT-60-HE-7-scaled.jpg 2281w, https:\/\/halleffectkeyboard.com\/wp-content\/uploads\/2026\/04\/MAD-LIGHT-60-HE-7-267x300.jpg 267w, https:\/\/halleffectkeyboard.com\/wp-content\/uploads\/2026\/04\/MAD-LIGHT-60-HE-7-912x1024.jpg 912w, https:\/\/halleffectkeyboard.com\/wp-content\/uploads\/2026\/04\/MAD-LIGHT-60-HE-7-768x862.jpg 768w, https:\/\/halleffectkeyboard.com\/wp-content\/uploads\/2026\/04\/MAD-LIGHT-60-HE-7-1369x1536.jpg 1369w, https:\/\/halleffectkeyboard.com\/wp-content\/uploads\/2026\/04\/MAD-LIGHT-60-HE-7-1825x2048.jpg 1825w, https:\/\/halleffectkeyboard.com\/wp-content\/uploads\/2026\/04\/MAD-LIGHT-60-HE-7-11x12.jpg 11w, https:\/\/halleffectkeyboard.com\/wp-content\/uploads\/2026\/04\/MAD-LIGHT-60-HE-7-300x337.jpg 300w, https:\/\/halleffectkeyboard.com\/wp-content\/uploads\/2026\/04\/MAD-LIGHT-60-HE-7-1200x1347.jpg 1200w\" sizes=\"auto, (max-width: 2281px) 100vw, 2281px\" \/> <img loading=\"lazy\" decoding=\"async\" class=\"alignnone size-full wp-image-4299\" src=\"https:\/\/halleffectkeyboard.com\/wp-content\/uploads\/2026\/04\/MAD-LIGHT-60-HE-8-scaled.jpg\" alt=\"MADLIONS MAD Light 60HE\" width=\"2560\" height=\"2509\" srcset=\"https:\/\/halleffectkeyboard.com\/wp-content\/uploads\/2026\/04\/MAD-LIGHT-60-HE-8-scaled.jpg 2560w, https:\/\/halleffectkeyboard.com\/wp-content\/uploads\/2026\/04\/MAD-LIGHT-60-HE-8-300x294.jpg 300w, https:\/\/halleffectkeyboard.com\/wp-content\/uploads\/2026\/04\/MAD-LIGHT-60-HE-8-1024x1004.jpg 1024w, https:\/\/halleffectkeyboard.com\/wp-content\/uploads\/2026\/04\/MAD-LIGHT-60-HE-8-768x753.jpg 768w, https:\/\/halleffectkeyboard.com\/wp-content\/uploads\/2026\/04\/MAD-LIGHT-60-HE-8-1536x1505.jpg 1536w, https:\/\/halleffectkeyboard.com\/wp-content\/uploads\/2026\/04\/MAD-LIGHT-60-HE-8-2048x2007.jpg 2048w, https:\/\/halleffectkeyboard.com\/wp-content\/uploads\/2026\/04\/MAD-LIGHT-60-HE-8-12x12.jpg 12w, https:\/\/halleffectkeyboard.com\/wp-content\/uploads\/2026\/04\/MAD-LIGHT-60-HE-8-1200x1176.jpg 1200w, https:\/\/halleffectkeyboard.com\/wp-content\/uploads\/2026\/04\/MAD-LIGHT-60-HE-8-50x50.jpg 50w\" sizes=\"auto, (max-width: 2560px) 100vw, 2560px\" \/><\/p>\n<p>&nbsp;<\/p>","protected":false},"excerpt":{"rendered":"<p><strong>MADLIONS MAD Light 60HE:<\/strong> Un teclado gaming premium 60% con efecto Hall, carcasa de aluminio CNC, frecuencia de sondeo de 8 kHz y funci\u00f3n Rapid Trigger ajustable para una precisi\u00f3n de juego ultra baja con una latencia de 0,1 ms.<\/p>","protected":false},"featured_media":4286,"comment_status":"open","ping_status":"closed","template":"","meta":[],"product_brand":[79],"product_cat":[322],"product_tag":[59,58,22],"class_list":{"0":"post-4277","1":"product","2":"type-product","3":"status-publish","4":"has-post-thumbnail","6":"product_brand-madlions","7":"product_cat-hall-effect-keyboard","8":"product_tag-custom-keyboard","9":"product_tag-hall-effect-keyboard","10":"product_tag-keyboard","12":"first","13":"instock","14":"taxable","15":"shipping-taxable","16":"purchasable","17":"product-type-variable","18":"wvs-archive-product-wrapper"},"aioseo_notices":[],"ct_brands":[{"id":79,"name":"MADLEONES","slug":"madliones"}],"jetpack_sharing_enabled":true,"_links":{"self":[{"href":"https:\/\/halleffectkeyboard.com\/es\/wp-json\/wp\/v2\/product\/4277","targetHints":{"allow":["GET"]}}],"collection":[{"href":"https:\/\/halleffectkeyboard.com\/es\/wp-json\/wp\/v2\/product"}],"about":[{"href":"https:\/\/halleffectkeyboard.com\/es\/wp-json\/wp\/v2\/types\/product"}],"replies":[{"embeddable":true,"href":"https:\/\/halleffectkeyboard.com\/es\/wp-json\/wp\/v2\/comments?post=4277"}],"version-history":[{"count":3,"href":"https:\/\/halleffectkeyboard.com\/es\/wp-json\/wp\/v2\/product\/4277\/revisions"}],"predecessor-version":[{"id":4302,"href":"https:\/\/halleffectkeyboard.com\/es\/wp-json\/wp\/v2\/product\/4277\/revisions\/4302"}],"wp:featuredmedia":[{"embeddable":true,"href":"https:\/\/halleffectkeyboard.com\/es\/wp-json\/wp\/v2\/media\/4286"}],"wp:attachment":[{"href":"https:\/\/halleffectkeyboard.com\/es\/wp-json\/wp\/v2\/media?parent=4277"}],"wp:term":[{"taxonomy":"product_brand","embeddable":true,"href":"https:\/\/halleffectkeyboard.com\/es\/wp-json\/wp\/v2\/product_brand?post=4277"},{"taxonomy":"product_cat","embeddable":true,"href":"https:\/\/halleffectkeyboard.com\/es\/wp-json\/wp\/v2\/product_cat?post=4277"},{"taxonomy":"product_tag","embeddable":true,"href":"https:\/\/halleffectkeyboard.com\/es\/wp-json\/wp\/v2\/product_tag?post=4277"}],"curies":[{"name":"gracias","href":"https:\/\/api.w.org\/{rel}","templated":true}]}}