{"id":4029,"date":"2026-04-13T19:11:28","date_gmt":"2026-04-13T11:11:28","guid":{"rendered":"https:\/\/halleffectkeyboard.com\/"},"modified":"2026-04-13T20:13:07","modified_gmt":"2026-04-13T12:13:07","slug":"teclado-dividido-gmk70","status":"publish","type":"product","link":"https:\/\/halleffectkeyboard.com\/es\/product\/teclado-dividido-gmk70\/","title":{"rendered":"Teclado dividido GMK70"},"content":{"rendered":"<h1>Kit de teclado dividido GMK70: La experiencia de escritura ergon\u00f3mica y personalizable definitiva.<\/h1>\n<p><strong>Transforma tu experiencia de escritura y juego con el kit de teclado dividido GMK70.<\/strong> Dise\u00f1ado para profesionales, programadores y jugadores, este teclado ergon\u00f3mico barebones 65% ofrece una flexibilidad y comodidad inigualables. Tanto si prefieres una distribuci\u00f3n tradicional como una configuraci\u00f3n totalmente dividida, el GMK70 se adapta a tu postura natural, reduciendo significativamente la tensi\u00f3n en las mu\u00f1ecas durante largas sesiones. Con un elegante dise\u00f1o blanco y un pr\u00e1ctico control de volumen, este kit es la base perfecta para crear el teclado mec\u00e1nico personalizado de tus sue\u00f1os.<\/p>\n<p><img loading=\"lazy\" decoding=\"async\" class=\"alignnone size-full wp-image-4038\" src=\"https:\/\/halleffectkeyboard.com\/wp-content\/uploads\/2026\/04\/GMK70-Split-Mechanical-Keyboard.jpg\" alt=\"Teclado mec\u00e1nico dividido GMK70\" width=\"2048\" height=\"1682\" srcset=\"https:\/\/halleffectkeyboard.com\/wp-content\/uploads\/2026\/04\/GMK70-Split-Mechanical-Keyboard.jpg 2048w, https:\/\/halleffectkeyboard.com\/wp-content\/uploads\/2026\/04\/GMK70-Split-Mechanical-Keyboard-300x246.jpg 300w, https:\/\/halleffectkeyboard.com\/wp-content\/uploads\/2026\/04\/GMK70-Split-Mechanical-Keyboard-1024x841.jpg 1024w, https:\/\/halleffectkeyboard.com\/wp-content\/uploads\/2026\/04\/GMK70-Split-Mechanical-Keyboard-768x631.jpg 768w, https:\/\/halleffectkeyboard.com\/wp-content\/uploads\/2026\/04\/GMK70-Split-Mechanical-Keyboard-1536x1262.jpg 1536w, https:\/\/halleffectkeyboard.com\/wp-content\/uploads\/2026\/04\/GMK70-Split-Mechanical-Keyboard-15x12.jpg 15w, https:\/\/halleffectkeyboard.com\/wp-content\/uploads\/2026\/04\/GMK70-Split-Mechanical-Keyboard-1200x986.jpg 1200w\" sizes=\"auto, (max-width: 2048px) 100vw, 2048px\" \/><\/p>\n<h2>Caracter\u00edsticas principales del teclado dividido GMK70<\/h2>\n<h3>Dise\u00f1o magn\u00e9tico dividido e innovador para una mayor comodidad ergon\u00f3mica.<\/h3>\n<p>Dile adi\u00f3s a la fatiga de la mu\u00f1eca. <strong>Teclado dividido GMK70<\/strong> Su exclusivo dise\u00f1o dividido te permite colocar cada mitad en el \u00e1ngulo y la distancia perfectos para tu cuerpo. \u00bfNecesitas una configuraci\u00f3n est\u00e1ndar? Simplemente une las dos mitades (se adhieren magn\u00e9ticamente para un ajuste perfecto) o con\u00e9ctalas mediante el cable USB-C incluido. Disfruta de una verdadera libertad ergon\u00f3mica, ya sea que est\u00e9s trabajando en la oficina o en medio de una intensa sesi\u00f3n de juego.<\/p>\n<p><img loading=\"lazy\" decoding=\"async\" class=\"alignnone size-full wp-image-4040\" src=\"https:\/\/halleffectkeyboard.com\/wp-content\/uploads\/2026\/04\/GMK70-Split-Keyboard.jpg\" alt=\"Teclado dividido GMK70\" width=\"1722\" height=\"1350\" srcset=\"https:\/\/halleffectkeyboard.com\/wp-content\/uploads\/2026\/04\/GMK70-Split-Keyboard.jpg 1722w, https:\/\/halleffectkeyboard.com\/wp-content\/uploads\/2026\/04\/GMK70-Split-Keyboard-300x235.jpg 300w, https:\/\/halleffectkeyboard.com\/wp-content\/uploads\/2026\/04\/GMK70-Split-Keyboard-1024x803.jpg 1024w, https:\/\/halleffectkeyboard.com\/wp-content\/uploads\/2026\/04\/GMK70-Split-Keyboard-768x602.jpg 768w, https:\/\/halleffectkeyboard.com\/wp-content\/uploads\/2026\/04\/GMK70-Split-Keyboard-1536x1204.jpg 1536w, https:\/\/halleffectkeyboard.com\/wp-content\/uploads\/2026\/04\/GMK70-Split-Keyboard-15x12.jpg 15w, https:\/\/halleffectkeyboard.com\/wp-content\/uploads\/2026\/04\/GMK70-Split-Keyboard-1200x941.jpg 1200w\" sizes=\"auto, (max-width: 1722px) 100vw, 1722px\" \/><\/p>\n<h3>Conectividad trimodal y potente bater\u00eda de 3000 mAh.<\/h3>\n<p>Mantente conectado a tu manera. Este vers\u00e1til kit admite tres modos de conectividad: Bluetooth 5.0, conexi\u00f3n inal\u00e1mbrica de 2,4 GHz con adaptador y una conexi\u00f3n por cable USB-C fiable. Cambia f\u00e1cilmente entre hasta tres dispositivos con atajos sencillos (FN+Q\/W\/E) en modo Bluetooth. Gracias a su potente bater\u00eda recargable de 3000 mAh, el GMK70 garantiza un rendimiento duradero. <em>(Nota: Los modos inal\u00e1mbricos son compatibles al usar el lado izquierdo; la mitad derecha requiere una conexi\u00f3n por cable cuando se usa sola).<\/em><\/p>\n<h3>Totalmente personalizable con soporte programable VIA.<\/h3>\n<p>Toma el control total de tu flujo de trabajo. El <strong>Teclado dividido GMK70<\/strong> Es totalmente compatible con el software VIA, lo que te permite reasignar teclas, configurar m\u00faltiples capas, crear macros complejas y personalizar la iluminaci\u00f3n RGB. Transforma este kit b\u00e1sico en un dispositivo altamente personalizado, adaptado a tus necesidades diarias.<\/p>\n<h3>Montaje con junta de alta calidad y placa de circuito impreso intercambiable en caliente.<\/h3>\n<p>Disfruta de una experiencia de escritura premium y satisfactoria. La estructura con juntas, que incluye almohadillas de silicona y amortiguaci\u00f3n, proporciona una pulsaci\u00f3n suave que minimiza el ruido y la tensi\u00f3n en los dedos. La placa de circuito impreso (PCB) intercambiable en caliente admite interruptores mec\u00e1nicos de 3 y 5 pines, lo que te permite conectar y usar f\u00e1cilmente tus interruptores favoritos sin necesidad de soldar. Crea tu teclado perfecto sin esfuerzo.<\/p>\n<h3>RGB vibrante orientado al sur y compatibilidad universal<\/h3>\n<p>Ilumina tu escritorio con una impresionante retroiluminaci\u00f3n RGB orientada hacia el sur, que garantiza colores m\u00e1s brillantes y vibrantes que se reflejan a la perfecci\u00f3n en las teclas. Cambia f\u00e1cilmente entre los distintos efectos de retroiluminaci\u00f3n con FN+TAB. Adem\u00e1s, el GMK70 ofrece compatibilidad total con m\u00faltiples plataformas, asegurando un funcionamiento fluido tanto en Windows como en macOS.<\/p>\n<h2>Especificaciones t\u00e9cnicas<\/h2>\n<ul>\n<li><strong>Nombre del producto:<\/strong>\u00a0Kit de teclado mec\u00e1nico dividido GMK70<\/li>\n<li><strong>Disposici\u00f3n:<\/strong>\u00a0Kit ergon\u00f3mico b\u00e1sico 65% con rodillo\/perilla de volumen<\/li>\n<li><strong>Color:<\/strong>\u00a0Blanco<\/li>\n<li><strong>Conectividad:<\/strong>\u00a0Modo triple (adaptador inal\u00e1mbrico de 2,4 GHz, Bluetooth 5.0, conexi\u00f3n USB-C con cable)<\/li>\n<li><strong>Capacidad de la bater\u00eda:<\/strong>\u00a0Bater\u00eda recargable de 3000 mAh<\/li>\n<li><strong>Personalizaci\u00f3n:<\/strong>\u00a0VIA Programable, Intercambiable en Caliente (Compatible con interruptores de 3 y 5 pines)<\/li>\n<li><strong>Estilo de montaje:<\/strong>\u00a0Soporte con junta y almohadillas amortiguadoras de sonido<\/li>\n<li><strong>Contraluz:<\/strong>\u00a0LEDs RGB orientados al sur<\/li>\n<li><strong>Compatibilidad del sistema:<\/strong>\u00a0Windows, macOS (Compatible con consolas de videojuegos, port\u00e1tiles, ordenadores de sobremesa, smartphones y tabletas)<\/li>\n<li><strong>Dimensiones:<\/strong>\u00a014,6\u2033L x 4,6\u2033W x 1,6\u2033H<\/li>\n<\/ul>\n<h2>\u00bfPor qu\u00e9 elegir el kit b\u00e1sico GMK70?<\/h2>\n<p>Ya sea que lo utilice para negocios, educaci\u00f3n, edici\u00f3n de fotos\/videos, programaci\u00f3n o juegos, el <strong>Teclado dividido GMK70<\/strong> Ofrece una experiencia ergon\u00f3mica y personalizada. Config\u00faralo a tu gusto, escribe c\u00f3modamente y lleva tu productividad al siguiente nivel.<\/p>","protected":false},"excerpt":{"rendered":"<p>GMK70 Split Keyboard Kit: The Ultimate Ergonomic &amp; Customizable Typing Experience Transform your typing and gaming with the GMK70 Split Keyboard Kit. Designed for professionals, programmers, and gamers, this 65% ergonomic barebones keyboard offers unparalleled flexibility and comfort. Whether you prefer a traditional layout or a fully split configuration, the GMK70 adapts to your natural [&hellip;]<\/p>\n","protected":false},"featured_media":4039,"comment_status":"open","ping_status":"closed","template":"","meta":[],"product_brand":[354],"product_cat":[20,243],"product_tag":[],"class_list":{"0":"post-4029","1":"product","2":"type-product","3":"status-publish","4":"has-post-thumbnail","6":"product_brand-gmk","7":"product_cat-keyboard","8":"product_cat-mechanical-keyboard","10":"first","11":"instock","12":"sale","13":"taxable","14":"shipping-taxable","15":"purchasable","16":"product-type-variable","17":"wvs-archive-product-wrapper"},"aioseo_notices":[],"ct_brands":[{"id":354,"name":"GMK","slug":"gmk"}],"jetpack_sharing_enabled":true,"_links":{"self":[{"href":"https:\/\/halleffectkeyboard.com\/es\/wp-json\/wp\/v2\/product\/4029","targetHints":{"allow":["GET"]}}],"collection":[{"href":"https:\/\/halleffectkeyboard.com\/es\/wp-json\/wp\/v2\/product"}],"about":[{"href":"https:\/\/halleffectkeyboard.com\/es\/wp-json\/wp\/v2\/types\/product"}],"replies":[{"embeddable":true,"href":"https:\/\/halleffectkeyboard.com\/es\/wp-json\/wp\/v2\/comments?post=4029"}],"version-history":[{"count":3,"href":"https:\/\/halleffectkeyboard.com\/es\/wp-json\/wp\/v2\/product\/4029\/revisions"}],"predecessor-version":[{"id":4042,"href":"https:\/\/halleffectkeyboard.com\/es\/wp-json\/wp\/v2\/product\/4029\/revisions\/4042"}],"wp:featuredmedia":[{"embeddable":true,"href":"https:\/\/halleffectkeyboard.com\/es\/wp-json\/wp\/v2\/media\/4039"}],"wp:attachment":[{"href":"https:\/\/halleffectkeyboard.com\/es\/wp-json\/wp\/v2\/media?parent=4029"}],"wp:term":[{"taxonomy":"product_brand","embeddable":true,"href":"https:\/\/halleffectkeyboard.com\/es\/wp-json\/wp\/v2\/product_brand?post=4029"},{"taxonomy":"product_cat","embeddable":true,"href":"https:\/\/halleffectkeyboard.com\/es\/wp-json\/wp\/v2\/product_cat?post=4029"},{"taxonomy":"product_tag","embeddable":true,"href":"https:\/\/halleffectkeyboard.com\/es\/wp-json\/wp\/v2\/product_tag?post=4029"}],"curies":[{"name":"gracias","href":"https:\/\/api.w.org\/{rel}","templated":true}]}}