{"id":3690,"date":"2026-03-11T16:25:51","date_gmt":"2026-03-11T08:25:51","guid":{"rendered":"https:\/\/halleffectkeyboard.com\/?post_type=product&#038;p=3690"},"modified":"2026-03-16T17:47:30","modified_gmt":"2026-03-16T09:47:30","slug":"interruptores-de-efecto-hall-con-forma-de-ovni-de-gravastar","status":"publish","type":"product","link":"https:\/\/halleffectkeyboard.com\/es\/product\/interruptores-de-efecto-hall-con-forma-de-ovni-de-gravastar\/","title":{"rendered":"Interruptores de efecto Hall GravaStar UFO"},"content":{"rendered":"<h1>Interruptores de efecto Hall GravaStar UFO: Precisi\u00f3n de \u00faltima generaci\u00f3n para tu teclado.<\/h1>\n<p>Mejora tu experiencia de juego y escritura con la revolucionaria <strong>Interruptores de efecto Hall GravaStar UFO<\/strong>. Dise\u00f1ados bajo la filosof\u00eda de &quot;&#039;Esqueleto&#039; como forma, &#039;Magn\u00e9tico&#039; como n\u00facleo&quot;, estos interruptores se liberan de los dise\u00f1os convencionales para ofrecer una velocidad y durabilidad sin precedentes, adem\u00e1s de una audaz est\u00e9tica de ciencia ficci\u00f3n inspirada en los mechas.<\/p>\n<p>Dise\u00f1ados a la perfecci\u00f3n para teclados compatibles con efecto Hall, estos <strong>Interruptores de efecto Hall<\/strong> Consigue una precisi\u00f3n a nivel micro y tiempos de respuesta ultrarr\u00e1pidos para juegos FPS, MOBA, MMORPG y simuladores de carreras.<\/p>\n<h2>Caracter\u00edsticas principales y rendimiento<\/h2>\n<ul>\n<li><strong>Control de precisi\u00f3n a nivel micro:<\/strong>\u00a0Equipados con imanes de tierras raras N52H de alta calidad y una densidad de flujo magn\u00e9tico de 600 GS, estos interruptores ofrecen una degradaci\u00f3n de contacto nula. Disfrute de la precisi\u00f3n ajustable del Rapid Trigger (RT) con incrementos de 0,005 mm a 0,001 mm, que convierte sus micromovimientos en acci\u00f3n al instante.<\/li>\n<li><strong>Arquitectura innovadora de esqueleto de 360\u00b0:<\/strong>\u00a0La exclusiva estructura circular de doble riel elimina el material innecesario. Esto optimiza la distribuci\u00f3n de la fuerza, mejora la disipaci\u00f3n del calor y proporciona una iluminaci\u00f3n RGB brillante y sin obstrucciones.<\/li>\n<li><strong>Sensaci\u00f3n lineal ultrasuave:<\/strong>\u00a0Equipados con un muelle extendido de 23 mm (accionamiento inicial de 40 gf), estos interruptores ofrecen una pulsaci\u00f3n lineal suave, c\u00f3moda y estable, pr\u00e1cticamente sin oscilaci\u00f3n del v\u00e1stago.<\/li>\n<li><strong>Firma ac\u00fastica de primera calidad:<\/strong>\u00a0El eje de pared en forma de cruz del POM presenta un dise\u00f1o de salida inferior temprana, combinado con una c\u00e1mara ac\u00fastica sellada en la parte inferior y una carcasa inferior de PA66, para producir un perfil de sonido concentrado y profundo tipo &quot;ficha de mahjong HIFI&quot;.<\/li>\n<li><strong>Accionamiento personalizable:<\/strong>\u00a0Aprovecha al m\u00e1ximo las capacidades de tu teclado con efecto Hall gracias a un rango de recorrido de actuaci\u00f3n personalizable de 0 a 3,5 mm, que se adapta instant\u00e1neamente a tu estilo de juego o escritura preferido.<\/li>\n<\/ul>\n<h2>Especificaciones t\u00e9cnicas<\/h2>\n<ul>\n<li><strong>Tipo de interruptor:<\/strong>\u00a0Interruptor magn\u00e9tico lineal<\/li>\n<li><strong>Esperanza de vida:<\/strong>\u00a0M\u00e1s de 100 millones de ciclos<\/li>\n<li><strong>Fuerza de actuaci\u00f3n inicial:<\/strong>\u00a040\u00b110 g<\/li>\n<li><strong>Fuerza de tope inferior:<\/strong>\u00a050\u00b110 g<\/li>\n<li><strong>Viajes de actuaci\u00f3n:<\/strong>\u00a00 \u2013 3,5 mm (Personalizable)<\/li>\n<li><strong>Viajes totales:<\/strong>\u00a03,50 \u00b1 0,2 mm<\/li>\n<li><strong>Longitud del muelle:<\/strong>\u00a023 mm<\/li>\n<li><strong>Material del v\u00e1stago:<\/strong>\u00a0POM (dise\u00f1o de v\u00e1stago tipo pared)<\/li>\n<li><strong>Viviendas de primera categor\u00eda:<\/strong>\u00a0PC (Acabado de alto brillo)<\/li>\n<li><strong>Carcasa inferior:<\/strong>\u00a0PA66 (Alta resistencia a la tracci\u00f3n)<\/li>\n<li><strong>Gu\u00eda de luz:<\/strong>\u00a0Columna gu\u00eda de luz independiente esmerilada de PC<\/li>\n<\/ul>\n<h2>Aviso importante sobre compatibilidad e instalaci\u00f3n<\/h2>\n<p>Para garantizar un rendimiento \u00f3ptimo con su teclado de efecto Hall, tenga en cuenta las siguientes instrucciones de instalaci\u00f3n:<\/p>\n<ul>\n<li><strong>Herramienta espec\u00edfica requerida:<\/strong>\u00a0Debido a su dise\u00f1o estructural esquel\u00e9tico \u00fanico,\u00a0<strong>Interruptores de efecto Hall GravaStar UFO<\/strong>\u00a0Se requiere un extractor de interruptores especializado para una instalaci\u00f3n y extracci\u00f3n seguras (incluido).<\/li>\n<li><strong>Compatibilidad con estabilizadores:<\/strong>\u00a0Cuando se utilizan con estabilizadores en ciertos tipos de placas, puede existir un ligero riesgo de desprendimiento (aunque esto no afecta a la funcionalidad).<\/li>\n<li><strong>Verificaci\u00f3n previa a la instalaci\u00f3n:<\/strong>\u00a0Para teclas estabilizadas (barra espaciadora, Shift, Enter, etc.), recomendamos encarecidamente verificar la compatibilidad de la placa de su teclado antes de la instalaci\u00f3n para garantizar el mejor rendimiento posible.<\/li>\n<\/ul>\n<hr \/>\n<p><strong>\u00bfListo para revolucionar tu configuraci\u00f3n?<\/strong> Equipa tu teclado con <strong>Interruptores de efecto Hall GravaStar UFO<\/strong> Hoy mismo podr\u00e1 experimentar la combinaci\u00f3n definitiva de dise\u00f1o de ciencia ficci\u00f3n y rendimiento magn\u00e9tico extremo.<\/p>\n<p><img loading=\"lazy\" decoding=\"async\" class=\"alignnone size-full wp-image-3723\" src=\"https:\/\/halleffectkeyboard.com\/wp-content\/uploads\/2026\/03\/Hall-Effect-Switches-scaled.jpg\" alt=\"Interruptor magn\u00e9tico GravaStar UFO - Interruptores de efecto Hall\" width=\"2560\" height=\"1440\" srcset=\"https:\/\/halleffectkeyboard.com\/wp-content\/uploads\/2026\/03\/Hall-Effect-Switches-scaled.jpg 2560w, https:\/\/halleffectkeyboard.com\/wp-content\/uploads\/2026\/03\/Hall-Effect-Switches-300x169.jpg 300w, https:\/\/halleffectkeyboard.com\/wp-content\/uploads\/2026\/03\/Hall-Effect-Switches-1024x576.jpg 1024w, https:\/\/halleffectkeyboard.com\/wp-content\/uploads\/2026\/03\/Hall-Effect-Switches-768x432.jpg 768w, https:\/\/halleffectkeyboard.com\/wp-content\/uploads\/2026\/03\/Hall-Effect-Switches-1536x864.jpg 1536w, https:\/\/halleffectkeyboard.com\/wp-content\/uploads\/2026\/03\/Hall-Effect-Switches-2048x1152.jpg 2048w, https:\/\/halleffectkeyboard.com\/wp-content\/uploads\/2026\/03\/Hall-Effect-Switches-18x10.jpg 18w, https:\/\/halleffectkeyboard.com\/wp-content\/uploads\/2026\/03\/Hall-Effect-Switches-1200x675.jpg 1200w\" sizes=\"auto, (max-width: 2560px) 100vw, 2560px\" \/><img loading=\"lazy\" decoding=\"async\" class=\"alignnone size-full wp-image-3724\" src=\"https:\/\/halleffectkeyboard.com\/wp-content\/uploads\/2026\/03\/Hall-Effect-Switches-2-scaled.jpg\" alt=\"Interruptor magn\u00e9tico GravaStar UFO - Interruptores de efecto Hall\" width=\"2560\" height=\"1440\" srcset=\"https:\/\/halleffectkeyboard.com\/wp-content\/uploads\/2026\/03\/Hall-Effect-Switches-2-scaled.jpg 2560w, https:\/\/halleffectkeyboard.com\/wp-content\/uploads\/2026\/03\/Hall-Effect-Switches-2-300x169.jpg 300w, https:\/\/halleffectkeyboard.com\/wp-content\/uploads\/2026\/03\/Hall-Effect-Switches-2-1024x576.jpg 1024w, https:\/\/halleffectkeyboard.com\/wp-content\/uploads\/2026\/03\/Hall-Effect-Switches-2-768x432.jpg 768w, https:\/\/halleffectkeyboard.com\/wp-content\/uploads\/2026\/03\/Hall-Effect-Switches-2-1536x864.jpg 1536w, https:\/\/halleffectkeyboard.com\/wp-content\/uploads\/2026\/03\/Hall-Effect-Switches-2-2048x1152.jpg 2048w, https:\/\/halleffectkeyboard.com\/wp-content\/uploads\/2026\/03\/Hall-Effect-Switches-2-18x10.jpg 18w, https:\/\/halleffectkeyboard.com\/wp-content\/uploads\/2026\/03\/Hall-Effect-Switches-2-1200x675.jpg 1200w\" sizes=\"auto, (max-width: 2560px) 100vw, 2560px\" \/><img loading=\"lazy\" decoding=\"async\" class=\"alignnone size-full wp-image-3725\" src=\"https:\/\/halleffectkeyboard.com\/wp-content\/uploads\/2026\/03\/Hall-Effect-Switches-3-scaled.jpg\" alt=\"Interruptor magn\u00e9tico GravaStar UFO - Interruptores de efecto Hall\" width=\"2560\" height=\"1440\" srcset=\"https:\/\/halleffectkeyboard.com\/wp-content\/uploads\/2026\/03\/Hall-Effect-Switches-3-scaled.jpg 2560w, https:\/\/halleffectkeyboard.com\/wp-content\/uploads\/2026\/03\/Hall-Effect-Switches-3-300x169.jpg 300w, https:\/\/halleffectkeyboard.com\/wp-content\/uploads\/2026\/03\/Hall-Effect-Switches-3-1024x576.jpg 1024w, https:\/\/halleffectkeyboard.com\/wp-content\/uploads\/2026\/03\/Hall-Effect-Switches-3-768x432.jpg 768w, https:\/\/halleffectkeyboard.com\/wp-content\/uploads\/2026\/03\/Hall-Effect-Switches-3-1536x864.jpg 1536w, https:\/\/halleffectkeyboard.com\/wp-content\/uploads\/2026\/03\/Hall-Effect-Switches-3-2048x1152.jpg 2048w, https:\/\/halleffectkeyboard.com\/wp-content\/uploads\/2026\/03\/Hall-Effect-Switches-3-18x10.jpg 18w, https:\/\/halleffectkeyboard.com\/wp-content\/uploads\/2026\/03\/Hall-Effect-Switches-3-1200x675.jpg 1200w\" sizes=\"auto, (max-width: 2560px) 100vw, 2560px\" \/><img loading=\"lazy\" decoding=\"async\" class=\"alignnone size-full wp-image-3726\" src=\"https:\/\/halleffectkeyboard.com\/wp-content\/uploads\/2026\/03\/Hall-Effect-Switches-4-scaled.jpg\" alt=\"Interruptor magn\u00e9tico GravaStar UFO - Interruptores de efecto Hall\" width=\"2560\" height=\"1440\" srcset=\"https:\/\/halleffectkeyboard.com\/wp-content\/uploads\/2026\/03\/Hall-Effect-Switches-4-scaled.jpg 2560w, https:\/\/halleffectkeyboard.com\/wp-content\/uploads\/2026\/03\/Hall-Effect-Switches-4-300x169.jpg 300w, https:\/\/halleffectkeyboard.com\/wp-content\/uploads\/2026\/03\/Hall-Effect-Switches-4-1024x576.jpg 1024w, https:\/\/halleffectkeyboard.com\/wp-content\/uploads\/2026\/03\/Hall-Effect-Switches-4-768x432.jpg 768w, https:\/\/halleffectkeyboard.com\/wp-content\/uploads\/2026\/03\/Hall-Effect-Switches-4-1536x864.jpg 1536w, https:\/\/halleffectkeyboard.com\/wp-content\/uploads\/2026\/03\/Hall-Effect-Switches-4-2048x1152.jpg 2048w, https:\/\/halleffectkeyboard.com\/wp-content\/uploads\/2026\/03\/Hall-Effect-Switches-4-18x10.jpg 18w, https:\/\/halleffectkeyboard.com\/wp-content\/uploads\/2026\/03\/Hall-Effect-Switches-4-1200x675.jpg 1200w\" sizes=\"auto, (max-width: 2560px) 100vw, 2560px\" \/><img loading=\"lazy\" decoding=\"async\" class=\"alignnone size-full wp-image-3727\" src=\"https:\/\/halleffectkeyboard.com\/wp-content\/uploads\/2026\/03\/Hall-Effect-Switches-5.jpg\" alt=\"Interruptor magn\u00e9tico GravaStar UFO - Interruptores de efecto Hall\" width=\"2513\" height=\"1406\" srcset=\"https:\/\/halleffectkeyboard.com\/wp-content\/uploads\/2026\/03\/Hall-Effect-Switches-5.jpg 2513w, https:\/\/halleffectkeyboard.com\/wp-content\/uploads\/2026\/03\/Hall-Effect-Switches-5-300x168.jpg 300w, https:\/\/halleffectkeyboard.com\/wp-content\/uploads\/2026\/03\/Hall-Effect-Switches-5-1024x573.jpg 1024w, https:\/\/halleffectkeyboard.com\/wp-content\/uploads\/2026\/03\/Hall-Effect-Switches-5-768x430.jpg 768w, https:\/\/halleffectkeyboard.com\/wp-content\/uploads\/2026\/03\/Hall-Effect-Switches-5-1536x859.jpg 1536w, https:\/\/halleffectkeyboard.com\/wp-content\/uploads\/2026\/03\/Hall-Effect-Switches-5-2048x1146.jpg 2048w, https:\/\/halleffectkeyboard.com\/wp-content\/uploads\/2026\/03\/Hall-Effect-Switches-5-18x10.jpg 18w, https:\/\/halleffectkeyboard.com\/wp-content\/uploads\/2026\/03\/Hall-Effect-Switches-5-1200x671.jpg 1200w\" sizes=\"auto, (max-width: 2513px) 100vw, 2513px\" \/><img loading=\"lazy\" decoding=\"async\" class=\"alignnone size-full wp-image-3728\" src=\"https:\/\/halleffectkeyboard.com\/wp-content\/uploads\/2026\/03\/Hall-Effect-Switches-6.jpg\" alt=\"Interruptor magn\u00e9tico GravaStar UFO - Interruptores de efecto Hall\" width=\"2513\" height=\"1406\" srcset=\"https:\/\/halleffectkeyboard.com\/wp-content\/uploads\/2026\/03\/Hall-Effect-Switches-6.jpg 2513w, https:\/\/halleffectkeyboard.com\/wp-content\/uploads\/2026\/03\/Hall-Effect-Switches-6-300x168.jpg 300w, https:\/\/halleffectkeyboard.com\/wp-content\/uploads\/2026\/03\/Hall-Effect-Switches-6-1024x573.jpg 1024w, https:\/\/halleffectkeyboard.com\/wp-content\/uploads\/2026\/03\/Hall-Effect-Switches-6-768x430.jpg 768w, https:\/\/halleffectkeyboard.com\/wp-content\/uploads\/2026\/03\/Hall-Effect-Switches-6-1536x859.jpg 1536w, https:\/\/halleffectkeyboard.com\/wp-content\/uploads\/2026\/03\/Hall-Effect-Switches-6-2048x1146.jpg 2048w, https:\/\/halleffectkeyboard.com\/wp-content\/uploads\/2026\/03\/Hall-Effect-Switches-6-18x10.jpg 18w, https:\/\/halleffectkeyboard.com\/wp-content\/uploads\/2026\/03\/Hall-Effect-Switches-6-1200x671.jpg 1200w\" sizes=\"auto, (max-width: 2513px) 100vw, 2513px\" \/><img loading=\"lazy\" decoding=\"async\" class=\"alignnone size-full wp-image-3729\" src=\"https:\/\/halleffectkeyboard.com\/wp-content\/uploads\/2026\/03\/Hall-Effect-Switches-7.jpg\" alt=\"Interruptor magn\u00e9tico GravaStar UFO - Interruptores de efecto Hall\" width=\"2513\" height=\"1406\" srcset=\"https:\/\/halleffectkeyboard.com\/wp-content\/uploads\/2026\/03\/Hall-Effect-Switches-7.jpg 2513w, https:\/\/halleffectkeyboard.com\/wp-content\/uploads\/2026\/03\/Hall-Effect-Switches-7-300x168.jpg 300w, https:\/\/halleffectkeyboard.com\/wp-content\/uploads\/2026\/03\/Hall-Effect-Switches-7-1024x573.jpg 1024w, https:\/\/halleffectkeyboard.com\/wp-content\/uploads\/2026\/03\/Hall-Effect-Switches-7-768x430.jpg 768w, https:\/\/halleffectkeyboard.com\/wp-content\/uploads\/2026\/03\/Hall-Effect-Switches-7-1536x859.jpg 1536w, https:\/\/halleffectkeyboard.com\/wp-content\/uploads\/2026\/03\/Hall-Effect-Switches-7-2048x1146.jpg 2048w, https:\/\/halleffectkeyboard.com\/wp-content\/uploads\/2026\/03\/Hall-Effect-Switches-7-18x10.jpg 18w, https:\/\/halleffectkeyboard.com\/wp-content\/uploads\/2026\/03\/Hall-Effect-Switches-7-1200x671.jpg 1200w\" sizes=\"auto, (max-width: 2513px) 100vw, 2513px\" \/><img loading=\"lazy\" decoding=\"async\" class=\"alignnone size-full wp-image-3730\" src=\"https:\/\/halleffectkeyboard.com\/wp-content\/uploads\/2026\/03\/Hall-Effect-Switches-8-scaled.jpg\" alt=\"Interruptor magn\u00e9tico GravaStar UFO - Interruptores de efecto Hall\" width=\"2560\" height=\"1440\" srcset=\"https:\/\/halleffectkeyboard.com\/wp-content\/uploads\/2026\/03\/Hall-Effect-Switches-8-scaled.jpg 2560w, https:\/\/halleffectkeyboard.com\/wp-content\/uploads\/2026\/03\/Hall-Effect-Switches-8-300x169.jpg 300w, https:\/\/halleffectkeyboard.com\/wp-content\/uploads\/2026\/03\/Hall-Effect-Switches-8-1024x576.jpg 1024w, https:\/\/halleffectkeyboard.com\/wp-content\/uploads\/2026\/03\/Hall-Effect-Switches-8-768x432.jpg 768w, https:\/\/halleffectkeyboard.com\/wp-content\/uploads\/2026\/03\/Hall-Effect-Switches-8-1536x864.jpg 1536w, https:\/\/halleffectkeyboard.com\/wp-content\/uploads\/2026\/03\/Hall-Effect-Switches-8-2048x1152.jpg 2048w, https:\/\/halleffectkeyboard.com\/wp-content\/uploads\/2026\/03\/Hall-Effect-Switches-8-18x10.jpg 18w, https:\/\/halleffectkeyboard.com\/wp-content\/uploads\/2026\/03\/Hall-Effect-Switches-8-1200x675.jpg 1200w\" sizes=\"auto, (max-width: 2560px) 100vw, 2560px\" \/><img loading=\"lazy\" decoding=\"async\" class=\"alignnone size-full wp-image-3732\" src=\"https:\/\/halleffectkeyboard.com\/wp-content\/uploads\/2026\/03\/Hall-Effect-Switches-10-scaled.jpg\" alt=\"Interruptor magn\u00e9tico GravaStar UFO - Interruptores de efecto Hall\" width=\"2560\" height=\"1440\" srcset=\"https:\/\/halleffectkeyboard.com\/wp-content\/uploads\/2026\/03\/Hall-Effect-Switches-10-scaled.jpg 2560w, https:\/\/halleffectkeyboard.com\/wp-content\/uploads\/2026\/03\/Hall-Effect-Switches-10-300x169.jpg 300w, https:\/\/halleffectkeyboard.com\/wp-content\/uploads\/2026\/03\/Hall-Effect-Switches-10-1024x576.jpg 1024w, https:\/\/halleffectkeyboard.com\/wp-content\/uploads\/2026\/03\/Hall-Effect-Switches-10-768x432.jpg 768w, https:\/\/halleffectkeyboard.com\/wp-content\/uploads\/2026\/03\/Hall-Effect-Switches-10-1536x864.jpg 1536w, https:\/\/halleffectkeyboard.com\/wp-content\/uploads\/2026\/03\/Hall-Effect-Switches-10-2048x1152.jpg 2048w, https:\/\/halleffectkeyboard.com\/wp-content\/uploads\/2026\/03\/Hall-Effect-Switches-10-18x10.jpg 18w, https:\/\/halleffectkeyboard.com\/wp-content\/uploads\/2026\/03\/Hall-Effect-Switches-10-1200x675.jpg 1200w\" sizes=\"auto, (max-width: 2560px) 100vw, 2560px\" \/><img loading=\"lazy\" decoding=\"async\" class=\"alignnone size-full wp-image-3733\" src=\"https:\/\/halleffectkeyboard.com\/wp-content\/uploads\/2026\/03\/Hall-Effect-Switches-11-scaled.jpg\" alt=\"Interruptor magn\u00e9tico GravaStar UFO - Interruptores de efecto Hall\" width=\"2560\" height=\"1440\" srcset=\"https:\/\/halleffectkeyboard.com\/wp-content\/uploads\/2026\/03\/Hall-Effect-Switches-11-scaled.jpg 2560w, https:\/\/halleffectkeyboard.com\/wp-content\/uploads\/2026\/03\/Hall-Effect-Switches-11-300x169.jpg 300w, https:\/\/halleffectkeyboard.com\/wp-content\/uploads\/2026\/03\/Hall-Effect-Switches-11-1024x576.jpg 1024w, https:\/\/halleffectkeyboard.com\/wp-content\/uploads\/2026\/03\/Hall-Effect-Switches-11-768x432.jpg 768w, https:\/\/halleffectkeyboard.com\/wp-content\/uploads\/2026\/03\/Hall-Effect-Switches-11-1536x864.jpg 1536w, https:\/\/halleffectkeyboard.com\/wp-content\/uploads\/2026\/03\/Hall-Effect-Switches-11-2048x1152.jpg 2048w, https:\/\/halleffectkeyboard.com\/wp-content\/uploads\/2026\/03\/Hall-Effect-Switches-11-18x10.jpg 18w, https:\/\/halleffectkeyboard.com\/wp-content\/uploads\/2026\/03\/Hall-Effect-Switches-11-1200x675.jpg 1200w\" sizes=\"auto, (max-width: 2560px) 100vw, 2560px\" \/> <img loading=\"lazy\" decoding=\"async\" class=\"alignnone size-full wp-image-3734\" src=\"https:\/\/halleffectkeyboard.com\/wp-content\/uploads\/2026\/03\/Hall-Effect-Switches-12-scaled.jpg\" alt=\"Interruptor magn\u00e9tico GravaStar UFO - Interruptores de efecto Hall\" width=\"2560\" height=\"1440\" srcset=\"https:\/\/halleffectkeyboard.com\/wp-content\/uploads\/2026\/03\/Hall-Effect-Switches-12-scaled.jpg 2560w, https:\/\/halleffectkeyboard.com\/wp-content\/uploads\/2026\/03\/Hall-Effect-Switches-12-300x169.jpg 300w, https:\/\/halleffectkeyboard.com\/wp-content\/uploads\/2026\/03\/Hall-Effect-Switches-12-1024x576.jpg 1024w, https:\/\/halleffectkeyboard.com\/wp-content\/uploads\/2026\/03\/Hall-Effect-Switches-12-768x432.jpg 768w, https:\/\/halleffectkeyboard.com\/wp-content\/uploads\/2026\/03\/Hall-Effect-Switches-12-1536x864.jpg 1536w, https:\/\/halleffectkeyboard.com\/wp-content\/uploads\/2026\/03\/Hall-Effect-Switches-12-2048x1152.jpg 2048w, https:\/\/halleffectkeyboard.com\/wp-content\/uploads\/2026\/03\/Hall-Effect-Switches-12-18x10.jpg 18w, https:\/\/halleffectkeyboard.com\/wp-content\/uploads\/2026\/03\/Hall-Effect-Switches-12-1200x675.jpg 1200w\" sizes=\"auto, (max-width: 2560px) 100vw, 2560px\" \/><\/p>","protected":false},"excerpt":{"rendered":"<p>Los interruptores de efecto Hall GravaStar UFO ofrecen la m\u00e1xima precisi\u00f3n en los juegos. Disfruta de una respuesta lineal ultrarr\u00e1pida y una activaci\u00f3n RT ajustable.<\/p>","protected":false},"featured_media":3707,"comment_status":"open","ping_status":"closed","template":"","meta":[],"product_brand":[320],"product_cat":[138,323],"product_tag":[185],"class_list":{"0":"post-3690","1":"product","2":"type-product","3":"status-publish","4":"has-post-thumbnail","6":"product_brand-gravastar","7":"product_cat-hall-effect-switches","8":"product_cat-switches","9":"product_tag-hall-effect-switches","11":"first","12":"instock","13":"taxable","14":"shipping-taxable","15":"purchasable","16":"product-type-variable","17":"wvs-archive-product-wrapper"},"aioseo_notices":[],"ct_brands":[{"id":320,"name":"GravaStar","slug":"gravastar"}],"jetpack_sharing_enabled":true,"_links":{"self":[{"href":"https:\/\/halleffectkeyboard.com\/es\/wp-json\/wp\/v2\/product\/3690","targetHints":{"allow":["GET"]}}],"collection":[{"href":"https:\/\/halleffectkeyboard.com\/es\/wp-json\/wp\/v2\/product"}],"about":[{"href":"https:\/\/halleffectkeyboard.com\/es\/wp-json\/wp\/v2\/types\/product"}],"replies":[{"embeddable":true,"href":"https:\/\/halleffectkeyboard.com\/es\/wp-json\/wp\/v2\/comments?post=3690"}],"version-history":[{"count":3,"href":"https:\/\/halleffectkeyboard.com\/es\/wp-json\/wp\/v2\/product\/3690\/revisions"}],"predecessor-version":[{"id":3735,"href":"https:\/\/halleffectkeyboard.com\/es\/wp-json\/wp\/v2\/product\/3690\/revisions\/3735"}],"wp:featuredmedia":[{"embeddable":true,"href":"https:\/\/halleffectkeyboard.com\/es\/wp-json\/wp\/v2\/media\/3707"}],"wp:attachment":[{"href":"https:\/\/halleffectkeyboard.com\/es\/wp-json\/wp\/v2\/media?parent=3690"}],"wp:term":[{"taxonomy":"product_brand","embeddable":true,"href":"https:\/\/halleffectkeyboard.com\/es\/wp-json\/wp\/v2\/product_brand?post=3690"},{"taxonomy":"product_cat","embeddable":true,"href":"https:\/\/halleffectkeyboard.com\/es\/wp-json\/wp\/v2\/product_cat?post=3690"},{"taxonomy":"product_tag","embeddable":true,"href":"https:\/\/halleffectkeyboard.com\/es\/wp-json\/wp\/v2\/product_tag?post=3690"}],"curies":[{"name":"gracias","href":"https:\/\/api.w.org\/{rel}","templated":true}]}}