{"id":3499,"date":"2026-02-04T21:11:26","date_gmt":"2026-02-04T13:11:26","guid":{"rendered":"https:\/\/halleffectkeyboard.com\/?post_type=product&#038;p=3499"},"modified":"2026-02-04T21:11:26","modified_gmt":"2026-02-04T13:11:26","slug":"extractor-de-teclas","status":"publish","type":"product","link":"https:\/\/halleffectkeyboard.com\/es\/product\/extractor-de-teclas\/","title":{"rendered":"Extractor de teclas"},"content":{"rendered":"<h2 data-start=\"122\" data-end=\"164\">Acero inoxidable de 4 teclas <strong data-start=\"147\" data-end=\"164\">Extractor de teclas<\/strong><\/h2>\n<p data-start=\"166\" data-end=\"235\"><strong data-start=\"166\" data-end=\"235\">F\u00e1cil de extraer \u00b7 Sin da\u00f1os \u00b7 Dise\u00f1ado para teclados mec\u00e1nicos<\/strong><\/p>\n<p data-start=\"237\" data-end=\"520\"><strong data-start=\"237\" data-end=\"254\">Extractor de teclas<\/strong> Dise\u00f1ada para una extracci\u00f3n de teclas r\u00e1pida, segura y eficiente, esta herramienta profesional cuenta con un innovador <strong data-start=\"356\" data-end=\"396\">dise\u00f1o de extracci\u00f3n simult\u00e1nea de cuatro teclas<\/strong> Esto permite retirar varias teclas a la vez, lo que mejora enormemente la velocidad de limpieza y la eficiencia en la personalizaci\u00f3n del teclado.<\/p>\n<p data-start=\"522\" data-end=\"834\">Construido con <strong data-start=\"533\" data-end=\"568\">Acero inoxidable de alto contenido en carbono 420<\/strong>, este <strong data-start=\"575\" data-end=\"592\">extractor de teclas<\/strong> Ofrece una excelente durabilidad y resistencia al desgaste. Las garras met\u00e1licas est\u00e1n tratadas t\u00e9rmicamente y pasivadas electrol\u00edticamente para formar una capa protectora en la superficie, mientras que los bordes finamente pulidos garantizan un manejo seguro y evitan da\u00f1os a las teclas o interruptores.<\/p>\n<p data-start=\"836\" data-end=\"1183\">A diferencia de los extractores de teclas est\u00e1ndar, este <strong data-start=\"874\" data-end=\"901\">extractor de teclas multiteclas<\/strong> Est\u00e1 equipado con un sistema de resorte reforzado y una tuerca de lat\u00f3n integrada, lo que proporciona una mayor capacidad de carga, un funcionamiento m\u00e1s suave y una estabilidad a largo plazo. La estructura compacta y ligera hace que este <strong data-start=\"1101\" data-end=\"1118\">extractor de teclas<\/strong> F\u00e1cil de guardar y transportar, perfecto para el mantenimiento diario del teclado.<\/p>\n<p data-start=\"1185\" data-end=\"1555\">El mango ergon\u00f3mico y el dise\u00f1o preciso de la posici\u00f3n de los dedos brindan un agarre c\u00f3modo y un control sin esfuerzo, lo que permite que tanto principiantes como entusiastas del teclado utilicen este <strong data-start=\"1354\" data-end=\"1371\">extractor de teclas<\/strong> r\u00e1pida y segura. Gracias a su precisa estructura de sujeci\u00f3n, este <strong data-start=\"1440\" data-end=\"1457\">extractor de teclas<\/strong> Es ampliamente compatible con la mayor\u00eda de las teclas de teclados mec\u00e1nicos, independientemente de su dise\u00f1o y perfil.<\/p>\n<h3 data-start=\"1557\" data-end=\"1571\">C\u00f3mo usar<\/h3>\n<p data-start=\"1572\" data-end=\"1797\">Simplemente coloque el <strong data-start=\"1589\" data-end=\"1606\">extractor de teclas<\/strong> Las garras a ambos lados de las teclas permiten tirar hacia arriba de manera uniforme y retirarlas limpiamente. No es necesario realinear las posiciones de las teclas, lo que facilita y agiliza la personalizaci\u00f3n y la limpieza.<\/p>\n<h3 data-start=\"1799\" data-end=\"1810\">Resumen<\/h3>\n<p data-start=\"1811\" data-end=\"2046\">Combinatorio <strong data-start=\"1821\" data-end=\"1854\">extracci\u00f3n simult\u00e1nea de cuatro teclas<\/strong>, <strong data-start=\"1856\" data-end=\"1881\">funcionamiento sin da\u00f1os<\/strong>, y un <strong data-start=\"1889\" data-end=\"1922\">Fabricaci\u00f3n duradera en acero inoxidable<\/strong>, este <strong data-start=\"1929\" data-end=\"1946\">extractor de teclas<\/strong> Es una herramienta esencial para cualquiera que limpie, personalice o actualice teclados mec\u00e1nicos con regularidad.<\/p>\n<p data-start=\"1811\" data-end=\"2046\"><img loading=\"lazy\" decoding=\"async\" class=\"alignnone size-full wp-image-3517\" src=\"https:\/\/halleffectkeyboard.com\/wp-content\/uploads\/2026\/02\/12-2.jpg\" alt=\"extractor de teclas\" width=\"1883\" height=\"1981\" srcset=\"https:\/\/halleffectkeyboard.com\/wp-content\/uploads\/2026\/02\/12-2.jpg 1883w, https:\/\/halleffectkeyboard.com\/wp-content\/uploads\/2026\/02\/12-2-285x300.jpg 285w, https:\/\/halleffectkeyboard.com\/wp-content\/uploads\/2026\/02\/12-2-973x1024.jpg 973w, https:\/\/halleffectkeyboard.com\/wp-content\/uploads\/2026\/02\/12-2-768x808.jpg 768w, https:\/\/halleffectkeyboard.com\/wp-content\/uploads\/2026\/02\/12-2-1460x1536.jpg 1460w, https:\/\/halleffectkeyboard.com\/wp-content\/uploads\/2026\/02\/12-2-11x12.jpg 11w, https:\/\/halleffectkeyboard.com\/wp-content\/uploads\/2026\/02\/12-2-300x316.jpg 300w, https:\/\/halleffectkeyboard.com\/wp-content\/uploads\/2026\/02\/12-2-1200x1262.jpg 1200w\" sizes=\"auto, (max-width: 1883px) 100vw, 1883px\" \/><img loading=\"lazy\" decoding=\"async\" class=\"alignnone size-full wp-image-3518\" src=\"https:\/\/halleffectkeyboard.com\/wp-content\/uploads\/2026\/02\/13.jpg\" alt=\"extractor de teclas\" width=\"2000\" height=\"1708\" srcset=\"https:\/\/halleffectkeyboard.com\/wp-content\/uploads\/2026\/02\/13.jpg 2000w, https:\/\/halleffectkeyboard.com\/wp-content\/uploads\/2026\/02\/13-300x256.jpg 300w, https:\/\/halleffectkeyboard.com\/wp-content\/uploads\/2026\/02\/13-1024x874.jpg 1024w, https:\/\/halleffectkeyboard.com\/wp-content\/uploads\/2026\/02\/13-768x656.jpg 768w, https:\/\/halleffectkeyboard.com\/wp-content\/uploads\/2026\/02\/13-1536x1312.jpg 1536w, https:\/\/halleffectkeyboard.com\/wp-content\/uploads\/2026\/02\/13-14x12.jpg 14w, https:\/\/halleffectkeyboard.com\/wp-content\/uploads\/2026\/02\/13-1200x1025.jpg 1200w\" sizes=\"auto, (max-width: 2000px) 100vw, 2000px\" \/><\/p>\n<p data-start=\"1811\" data-end=\"2046\">","protected":false},"excerpt":{"rendered":"<p>4-Key Stainless Steel Keycap Puller Effortless Removal \u00b7 Damage-Free \u00b7 Built for Mechanical Keyboards Keycap Puller designed for fast, safe, and efficient keycap removal, this professional tool features an innovative four-key simultaneous pulling design that allows multiple keycaps to be removed at once, greatly improving cleaning speed and keyboard customization efficiency. Built with 420 high-carbon [&hellip;]<\/p>\n","protected":false},"featured_media":3502,"comment_status":"open","ping_status":"closed","template":"","meta":[],"product_brand":[191],"product_cat":[290],"product_tag":[291,292],"class_list":{"0":"post-3499","1":"product","2":"type-product","3":"status-publish","4":"has-post-thumbnail","6":"product_brand-hek","7":"product_cat-tool","8":"product_tag-keycap-puller","9":"product_tag-tool","11":"first","12":"instock","13":"taxable","14":"shipping-taxable","15":"purchasable","16":"product-type-variable","17":"wvs-archive-product-wrapper"},"aioseo_notices":[],"ct_brands":[{"id":191,"name":"HEK","slug":"hek"}],"jetpack_sharing_enabled":true,"_links":{"self":[{"href":"https:\/\/halleffectkeyboard.com\/es\/wp-json\/wp\/v2\/product\/3499","targetHints":{"allow":["GET"]}}],"collection":[{"href":"https:\/\/halleffectkeyboard.com\/es\/wp-json\/wp\/v2\/product"}],"about":[{"href":"https:\/\/halleffectkeyboard.com\/es\/wp-json\/wp\/v2\/types\/product"}],"replies":[{"embeddable":true,"href":"https:\/\/halleffectkeyboard.com\/es\/wp-json\/wp\/v2\/comments?post=3499"}],"version-history":[{"count":5,"href":"https:\/\/halleffectkeyboard.com\/es\/wp-json\/wp\/v2\/product\/3499\/revisions"}],"predecessor-version":[{"id":3519,"href":"https:\/\/halleffectkeyboard.com\/es\/wp-json\/wp\/v2\/product\/3499\/revisions\/3519"}],"wp:featuredmedia":[{"embeddable":true,"href":"https:\/\/halleffectkeyboard.com\/es\/wp-json\/wp\/v2\/media\/3502"}],"wp:attachment":[{"href":"https:\/\/halleffectkeyboard.com\/es\/wp-json\/wp\/v2\/media?parent=3499"}],"wp:term":[{"taxonomy":"product_brand","embeddable":true,"href":"https:\/\/halleffectkeyboard.com\/es\/wp-json\/wp\/v2\/product_brand?post=3499"},{"taxonomy":"product_cat","embeddable":true,"href":"https:\/\/halleffectkeyboard.com\/es\/wp-json\/wp\/v2\/product_cat?post=3499"},{"taxonomy":"product_tag","embeddable":true,"href":"https:\/\/halleffectkeyboard.com\/es\/wp-json\/wp\/v2\/product_tag?post=3499"}],"curies":[{"name":"gracias","href":"https:\/\/api.w.org\/{rel}","templated":true}]}}