{"id":2994,"date":"2025-08-27T17:50:12","date_gmt":"2025-08-27T09:50:12","guid":{"rendered":"https:\/\/halleffectkeyboard.com\/?post_type=product&#038;p=2994"},"modified":"2026-03-16T17:58:18","modified_gmt":"2026-03-16T09:58:18","slug":"ataque-rs6","status":"publish","type":"product","link":"https:\/\/halleffectkeyboard.com\/es\/product\/ataque-rs6\/","title":{"rendered":"ATK RS6"},"content":{"rendered":"<h1 data-start=\"172\" data-end=\"242\">ATK RS6 ASPAS Edition: Teclado de efecto Hall para precisi\u00f3n en esports<\/h1>\n<p data-start=\"244\" data-end=\"513\">El <strong data-start=\"248\" data-end=\"259\">ATK RS6<\/strong> representa el siguiente nivel de rendimiento en juegos competitivos. Desarrollado en conjunto con <strong data-start=\"339\" data-end=\"348\">ASPAS<\/strong>, uno de los jugadores profesionales MVP de Valorant, esta edici\u00f3n limitada <strong data-start=\"406\" data-end=\"430\">Teclado de efecto Hall<\/strong> Est\u00e1 dise\u00f1ado para brindar velocidad, durabilidad y precisi\u00f3n inigualable en el escenario de los deportes electr\u00f3nicos.<\/p>\n<h3 data-start=\"515\" data-end=\"533\">Caracter\u00edsticas principales<\/h3>\n<p data-start=\"535\" data-end=\"765\"><strong data-start=\"537\" data-end=\"581\">Tasa de sondeo real de 8 K Hz y latencia de 0,08 ms<\/strong><br data-start=\"581\" data-end=\"584\" \/>Experimente una capacidad de respuesta ultrarr\u00e1pida con tecnolog\u00eda l\u00edder en la industria. <strong data-start=\"643\" data-end=\"667\">Interruptores de efecto Hall<\/strong>El RS6 ofrece accionamiento instant\u00e1neo para un juego competitivo, garantizando que nunca se pierda ninguna entrada.<\/p>\n<p data-start=\"767\" data-end=\"1028\"><strong data-start=\"770\" data-end=\"817\">Precisi\u00f3n extrema con accionamiento ajustable<\/strong><br data-start=\"817\" data-end=\"820\" \/>Afina tu <strong data-start=\"835\" data-end=\"856\">interruptores magn\u00e9ticos<\/strong> con un rango de actuaci\u00f3n de <strong data-start=\"886\" data-end=\"906\">0,001 mm a 3,3 mm<\/strong>Ya sea que necesites disparos r\u00e1pidos para juegos FPS o pulsaciones de teclas precisas para estrategia, el RS6 se adapta a tu estilo de juego.<\/p>\n<p data-start=\"1030\" data-end=\"1213\"><strong data-start=\"1033\" data-end=\"1063\">Rendimiento comprobado en los deportes electr\u00f3nicos<\/strong><br data-start=\"1063\" data-end=\"1066\" \/>Desarrollado con el aporte de ASPAS y probado en el escenario del torneo, el ATK RS6 establece un nuevo est\u00e1ndar para <strong data-start=\"1170\" data-end=\"1190\">teclados personalizados<\/strong> Construido para campeones.<\/p>\n<p data-start=\"1215\" data-end=\"1257\"><strong data-start=\"1218\" data-end=\"1255\">Dise\u00f1o innovador de teclado personalizado<\/strong><\/p>\n<ul data-start=\"1258\" data-end=\"1606\">\n<li data-start=\"1258\" data-end=\"1318\">\n<p data-start=\"1260\" data-end=\"1318\"><strong data-start=\"1260\" data-end=\"1286\">Paneles laterales desmontables<\/strong> con un estilo de cuadr\u00edcula distintivo<\/p>\n<\/li>\n<li data-start=\"1319\" data-end=\"1411\">\n<p data-start=\"1321\" data-end=\"1411\"><strong data-start=\"1321\" data-end=\"1343\">Dise\u00f1o compacto del 65%<\/strong> Ahorra espacio en el escritorio mientras conserva las teclas de flecha y las funciones esenciales<\/p>\n<\/li>\n<li data-start=\"1412\" data-end=\"1523\">\n<p data-start=\"1414\" data-end=\"1523\"><strong data-start=\"1414\" data-end=\"1435\">Materiales de primera calidad<\/strong>: carcasa de aluminio, pel\u00edcula de PET, PCB multicapa con espuma Poron para estabilidad y ac\u00fastica<\/p>\n<\/li>\n<li data-start=\"1524\" data-end=\"1606\">\n<p data-start=\"1526\" data-end=\"1606\"><strong data-start=\"1526\" data-end=\"1555\">Iluminaci\u00f3n RGB personalizable<\/strong> Con efectos de ritmo musical para un juego inmersivo.<\/p>\n<\/li>\n<\/ul>\n<p data-start=\"1608\" data-end=\"1643\"><strong data-start=\"1611\" data-end=\"1641\">Calidad de construcci\u00f3n profesional<\/strong><\/p>\n<ul data-start=\"1644\" data-end=\"1899\">\n<li data-start=\"1644\" data-end=\"1717\">\n<p data-start=\"1646\" data-end=\"1717\"><strong data-start=\"1646\" data-end=\"1664\">Velocidad de escaneo de 256K<\/strong> garantiza que cada entrada clave se capture con precisi\u00f3n<\/p>\n<\/li>\n<li data-start=\"1718\" data-end=\"1799\">\n<p data-start=\"1720\" data-end=\"1799\"><strong data-start=\"1720\" data-end=\"1739\">PCB multicapa<\/strong> Con resistencia EMC mejorada para estabilidad bajo presi\u00f3n<\/p>\n<\/li>\n<li data-start=\"1800\" data-end=\"1899\">\n<p data-start=\"1802\" data-end=\"1899\"><strong data-start=\"1802\" data-end=\"1840\">Interruptores de efecto Hall lubricados de f\u00e1brica<\/strong> Garantizan pulsaciones de teclas suaves y un rendimiento duradero<\/p>\n<\/li>\n<\/ul>\n<p data-start=\"1901\" data-end=\"2110\"><strong data-start=\"1904\" data-end=\"1940\">Caja de regalo exclusiva de ASPAS Limited<\/strong><br data-start=\"1940\" data-end=\"1943\" \/>Cada ATK RS6 ASPAS Edition viene con un embalaje premium y extras de colecci\u00f3n, lo que lo convierte en una verdadera pieza central para cualquier entusiasta de los deportes electr\u00f3nicos o coleccionista de teclados personalizados.<\/p>\n<hr data-start=\"2112\" data-end=\"2115\" \/>\n<h3 data-start=\"2117\" data-end=\"2146\">\u00bfPor qu\u00e9 elegir el ATK RS6?<\/h3>\n<p data-start=\"2147\" data-end=\"2425\">El <strong data-start=\"2151\" data-end=\"2183\">Teclado de efecto Hall ATK RS6<\/strong> es m\u00e1s que una simple herramienta de juego: es un instrumento de precisi\u00f3n para jugadores que exigen lo mejor. Con <strong data-start=\"2287\" data-end=\"2313\">Tecnolog\u00eda de efecto Hall<\/strong>, <strong data-start=\"2315\" data-end=\"2336\">interruptores magn\u00e9ticos<\/strong>Con un dise\u00f1o de nivel profesional, este teclado est\u00e1 dise\u00f1ado para brindar velocidad, estabilidad y personalizaci\u00f3n.<\/p>\n<p data-start=\"2427\" data-end=\"2602\">Si est\u00e1s buscando una <strong data-start=\"2453\" data-end=\"2472\">teclado personalizado<\/strong> Que ofrece un rendimiento listo para los deportes electr\u00f3nicos y un dise\u00f1o \u00fanico de edici\u00f3n limitada, el ATK RS6 ASPAS Edition es su mejor opci\u00f3n.<\/p>\n<p data-start=\"2427\" data-end=\"2602\"><img loading=\"lazy\" decoding=\"async\" class=\"alignnone size-full wp-image-3021\" src=\"https:\/\/halleffectkeyboard.com\/wp-content\/uploads\/2025\/08\/1-11.jpg\" alt=\"Teclado de efecto Hall ATK RS6\" width=\"1500\" height=\"2338\" srcset=\"https:\/\/halleffectkeyboard.com\/wp-content\/uploads\/2025\/08\/1-11.jpg 1500w, https:\/\/halleffectkeyboard.com\/wp-content\/uploads\/2025\/08\/1-11-192x300.jpg 192w, https:\/\/halleffectkeyboard.com\/wp-content\/uploads\/2025\/08\/1-11-657x1024.jpg 657w, https:\/\/halleffectkeyboard.com\/wp-content\/uploads\/2025\/08\/1-11-768x1197.jpg 768w, https:\/\/halleffectkeyboard.com\/wp-content\/uploads\/2025\/08\/1-11-985x1536.jpg 985w, https:\/\/halleffectkeyboard.com\/wp-content\/uploads\/2025\/08\/1-11-1314x2048.jpg 1314w, https:\/\/halleffectkeyboard.com\/wp-content\/uploads\/2025\/08\/1-11-300x468.jpg 300w, https:\/\/halleffectkeyboard.com\/wp-content\/uploads\/2025\/08\/1-11-1200x1870.jpg 1200w\" sizes=\"auto, (max-width: 1500px) 100vw, 1500px\" \/><img loading=\"lazy\" decoding=\"async\" class=\"alignnone size-full wp-image-3022\" src=\"https:\/\/halleffectkeyboard.com\/wp-content\/uploads\/2025\/08\/2-10.jpg\" alt=\"Teclado de efecto Hall ATK RS6\" width=\"1500\" height=\"1976\" srcset=\"https:\/\/halleffectkeyboard.com\/wp-content\/uploads\/2025\/08\/2-10.jpg 1500w, https:\/\/halleffectkeyboard.com\/wp-content\/uploads\/2025\/08\/2-10-228x300.jpg 228w, https:\/\/halleffectkeyboard.com\/wp-content\/uploads\/2025\/08\/2-10-777x1024.jpg 777w, https:\/\/halleffectkeyboard.com\/wp-content\/uploads\/2025\/08\/2-10-768x1012.jpg 768w, https:\/\/halleffectkeyboard.com\/wp-content\/uploads\/2025\/08\/2-10-1166x1536.jpg 1166w, https:\/\/halleffectkeyboard.com\/wp-content\/uploads\/2025\/08\/2-10-300x395.jpg 300w, https:\/\/halleffectkeyboard.com\/wp-content\/uploads\/2025\/08\/2-10-1200x1581.jpg 1200w\" sizes=\"auto, (max-width: 1500px) 100vw, 1500px\" \/> <img loading=\"lazy\" decoding=\"async\" class=\"alignnone size-full wp-image-3024\" src=\"https:\/\/halleffectkeyboard.com\/wp-content\/uploads\/2025\/08\/4-7.jpg\" alt=\"Teclado de efecto Hall ATK RS6\" width=\"1500\" height=\"1461\" srcset=\"https:\/\/halleffectkeyboard.com\/wp-content\/uploads\/2025\/08\/4-7.jpg 1500w, https:\/\/halleffectkeyboard.com\/wp-content\/uploads\/2025\/08\/4-7-300x292.jpg 300w, https:\/\/halleffectkeyboard.com\/wp-content\/uploads\/2025\/08\/4-7-1024x997.jpg 1024w, https:\/\/halleffectkeyboard.com\/wp-content\/uploads\/2025\/08\/4-7-768x748.jpg 768w, https:\/\/halleffectkeyboard.com\/wp-content\/uploads\/2025\/08\/4-7-1200x1169.jpg 1200w, https:\/\/halleffectkeyboard.com\/wp-content\/uploads\/2025\/08\/4-7-50x50.jpg 50w\" sizes=\"auto, (max-width: 1500px) 100vw, 1500px\" \/> <img loading=\"lazy\" decoding=\"async\" class=\"alignnone size-full wp-image-3023\" src=\"https:\/\/halleffectkeyboard.com\/wp-content\/uploads\/2025\/08\/3-9-scaled.jpg\" alt=\"Teclado de efecto Hall ATK RS6\" width=\"1352\" height=\"2560\" srcset=\"https:\/\/halleffectkeyboard.com\/wp-content\/uploads\/2025\/08\/3-9-scaled.jpg 1352w, https:\/\/halleffectkeyboard.com\/wp-content\/uploads\/2025\/08\/3-9-158x300.jpg 158w, https:\/\/halleffectkeyboard.com\/wp-content\/uploads\/2025\/08\/3-9-541x1024.jpg 541w, https:\/\/halleffectkeyboard.com\/wp-content\/uploads\/2025\/08\/3-9-768x1454.jpg 768w, https:\/\/halleffectkeyboard.com\/wp-content\/uploads\/2025\/08\/3-9-811x1536.jpg 811w, https:\/\/halleffectkeyboard.com\/wp-content\/uploads\/2025\/08\/3-9-1082x2048.jpg 1082w, https:\/\/halleffectkeyboard.com\/wp-content\/uploads\/2025\/08\/3-9-300x568.jpg 300w, https:\/\/halleffectkeyboard.com\/wp-content\/uploads\/2025\/08\/3-9-1200x2272.jpg 1200w\" sizes=\"auto, (max-width: 1352px) 100vw, 1352px\" \/><\/p>\n<p data-start=\"2427\" data-end=\"2602\"><img loading=\"lazy\" decoding=\"async\" class=\"alignnone size-full wp-image-3025\" src=\"https:\/\/halleffectkeyboard.com\/wp-content\/uploads\/2025\/08\/5-8-scaled.jpg\" alt=\"Teclado de efecto Hall ATK RS6\" width=\"1331\" height=\"2560\" srcset=\"https:\/\/halleffectkeyboard.com\/wp-content\/uploads\/2025\/08\/5-8-scaled.jpg 1331w, https:\/\/halleffectkeyboard.com\/wp-content\/uploads\/2025\/08\/5-8-156x300.jpg 156w, https:\/\/halleffectkeyboard.com\/wp-content\/uploads\/2025\/08\/5-8-533x1024.jpg 533w, https:\/\/halleffectkeyboard.com\/wp-content\/uploads\/2025\/08\/5-8-768x1477.jpg 768w, https:\/\/halleffectkeyboard.com\/wp-content\/uploads\/2025\/08\/5-8-799x1536.jpg 799w, https:\/\/halleffectkeyboard.com\/wp-content\/uploads\/2025\/08\/5-8-1065x2048.jpg 1065w, https:\/\/halleffectkeyboard.com\/wp-content\/uploads\/2025\/08\/5-8-300x577.jpg 300w, https:\/\/halleffectkeyboard.com\/wp-content\/uploads\/2025\/08\/5-8-1200x2307.jpg 1200w\" sizes=\"auto, (max-width: 1331px) 100vw, 1331px\" \/> <img loading=\"lazy\" decoding=\"async\" class=\"alignnone size-full wp-image-3026\" src=\"https:\/\/halleffectkeyboard.com\/wp-content\/uploads\/2025\/08\/6-2-scaled.jpg\" alt=\"Teclado de efecto Hall ATK RS6\" width=\"1127\" height=\"2560\" srcset=\"https:\/\/halleffectkeyboard.com\/wp-content\/uploads\/2025\/08\/6-2-scaled.jpg 1127w, https:\/\/halleffectkeyboard.com\/wp-content\/uploads\/2025\/08\/6-2-132x300.jpg 132w, https:\/\/halleffectkeyboard.com\/wp-content\/uploads\/2025\/08\/6-2-451x1024.jpg 451w, https:\/\/halleffectkeyboard.com\/wp-content\/uploads\/2025\/08\/6-2-768x1745.jpg 768w, https:\/\/halleffectkeyboard.com\/wp-content\/uploads\/2025\/08\/6-2-676x1536.jpg 676w, https:\/\/halleffectkeyboard.com\/wp-content\/uploads\/2025\/08\/6-2-901x2048.jpg 901w, https:\/\/halleffectkeyboard.com\/wp-content\/uploads\/2025\/08\/6-2-300x682.jpg 300w, https:\/\/halleffectkeyboard.com\/wp-content\/uploads\/2025\/08\/6-2-1200x2726.jpg 1200w\" sizes=\"auto, (max-width: 1127px) 100vw, 1127px\" \/> <img loading=\"lazy\" decoding=\"async\" class=\"alignnone size-full wp-image-3027\" src=\"https:\/\/halleffectkeyboard.com\/wp-content\/uploads\/2025\/08\/7-1.jpg\" alt=\"Teclado de efecto Hall ATK RS6\" width=\"1500\" height=\"2446\" srcset=\"https:\/\/halleffectkeyboard.com\/wp-content\/uploads\/2025\/08\/7-1.jpg 1500w, https:\/\/halleffectkeyboard.com\/wp-content\/uploads\/2025\/08\/7-1-184x300.jpg 184w, https:\/\/halleffectkeyboard.com\/wp-content\/uploads\/2025\/08\/7-1-628x1024.jpg 628w, https:\/\/halleffectkeyboard.com\/wp-content\/uploads\/2025\/08\/7-1-768x1252.jpg 768w, https:\/\/halleffectkeyboard.com\/wp-content\/uploads\/2025\/08\/7-1-942x1536.jpg 942w, https:\/\/halleffectkeyboard.com\/wp-content\/uploads\/2025\/08\/7-1-1256x2048.jpg 1256w, https:\/\/halleffectkeyboard.com\/wp-content\/uploads\/2025\/08\/7-1-300x489.jpg 300w, https:\/\/halleffectkeyboard.com\/wp-content\/uploads\/2025\/08\/7-1-1200x1957.jpg 1200w\" sizes=\"auto, (max-width: 1500px) 100vw, 1500px\" \/> <img loading=\"lazy\" decoding=\"async\" class=\"alignnone size-full wp-image-3028\" src=\"https:\/\/halleffectkeyboard.com\/wp-content\/uploads\/2025\/08\/8-1.jpg\" alt=\"Teclado de efecto Hall ATK RS6\" width=\"1500\" height=\"1859\" srcset=\"https:\/\/halleffectkeyboard.com\/wp-content\/uploads\/2025\/08\/8-1.jpg 1500w, https:\/\/halleffectkeyboard.com\/wp-content\/uploads\/2025\/08\/8-1-242x300.jpg 242w, https:\/\/halleffectkeyboard.com\/wp-content\/uploads\/2025\/08\/8-1-826x1024.jpg 826w, https:\/\/halleffectkeyboard.com\/wp-content\/uploads\/2025\/08\/8-1-768x952.jpg 768w, https:\/\/halleffectkeyboard.com\/wp-content\/uploads\/2025\/08\/8-1-1239x1536.jpg 1239w, https:\/\/halleffectkeyboard.com\/wp-content\/uploads\/2025\/08\/8-1-300x372.jpg 300w, https:\/\/halleffectkeyboard.com\/wp-content\/uploads\/2025\/08\/8-1-1200x1487.jpg 1200w\" sizes=\"auto, (max-width: 1500px) 100vw, 1500px\" \/> <img loading=\"lazy\" decoding=\"async\" class=\"alignnone size-full wp-image-3029\" src=\"https:\/\/halleffectkeyboard.com\/wp-content\/uploads\/2025\/08\/9-1.jpg\" alt=\"Teclado de efecto Hall ATK RS6\" width=\"1500\" height=\"2510\" srcset=\"https:\/\/halleffectkeyboard.com\/wp-content\/uploads\/2025\/08\/9-1.jpg 1500w, https:\/\/halleffectkeyboard.com\/wp-content\/uploads\/2025\/08\/9-1-179x300.jpg 179w, https:\/\/halleffectkeyboard.com\/wp-content\/uploads\/2025\/08\/9-1-612x1024.jpg 612w, https:\/\/halleffectkeyboard.com\/wp-content\/uploads\/2025\/08\/9-1-768x1285.jpg 768w, https:\/\/halleffectkeyboard.com\/wp-content\/uploads\/2025\/08\/9-1-918x1536.jpg 918w, https:\/\/halleffectkeyboard.com\/wp-content\/uploads\/2025\/08\/9-1-1224x2048.jpg 1224w, https:\/\/halleffectkeyboard.com\/wp-content\/uploads\/2025\/08\/9-1-300x502.jpg 300w, https:\/\/halleffectkeyboard.com\/wp-content\/uploads\/2025\/08\/9-1-1200x2008.jpg 1200w\" sizes=\"auto, (max-width: 1500px) 100vw, 1500px\" \/> <img loading=\"lazy\" decoding=\"async\" class=\"alignnone size-full wp-image-3030\" src=\"https:\/\/halleffectkeyboard.com\/wp-content\/uploads\/2025\/08\/10-2.jpg\" alt=\"Teclado de efecto Hall ATK RS6\" width=\"1500\" height=\"1769\" srcset=\"https:\/\/halleffectkeyboard.com\/wp-content\/uploads\/2025\/08\/10-2.jpg 1500w, https:\/\/halleffectkeyboard.com\/wp-content\/uploads\/2025\/08\/10-2-254x300.jpg 254w, https:\/\/halleffectkeyboard.com\/wp-content\/uploads\/2025\/08\/10-2-868x1024.jpg 868w, https:\/\/halleffectkeyboard.com\/wp-content\/uploads\/2025\/08\/10-2-768x906.jpg 768w, https:\/\/halleffectkeyboard.com\/wp-content\/uploads\/2025\/08\/10-2-1302x1536.jpg 1302w, https:\/\/halleffectkeyboard.com\/wp-content\/uploads\/2025\/08\/10-2-300x354.jpg 300w, https:\/\/halleffectkeyboard.com\/wp-content\/uploads\/2025\/08\/10-2-1200x1415.jpg 1200w\" sizes=\"auto, (max-width: 1500px) 100vw, 1500px\" \/> <img loading=\"lazy\" decoding=\"async\" class=\"alignnone size-full wp-image-3031\" src=\"https:\/\/halleffectkeyboard.com\/wp-content\/uploads\/2025\/08\/11-2.jpg\" alt=\"Teclado de efecto Hall ATK RS6\" width=\"1500\" height=\"1414\" srcset=\"https:\/\/halleffectkeyboard.com\/wp-content\/uploads\/2025\/08\/11-2.jpg 1500w, https:\/\/halleffectkeyboard.com\/wp-content\/uploads\/2025\/08\/11-2-300x283.jpg 300w, https:\/\/halleffectkeyboard.com\/wp-content\/uploads\/2025\/08\/11-2-1024x965.jpg 1024w, https:\/\/halleffectkeyboard.com\/wp-content\/uploads\/2025\/08\/11-2-768x724.jpg 768w, https:\/\/halleffectkeyboard.com\/wp-content\/uploads\/2025\/08\/11-2-1200x1131.jpg 1200w\" sizes=\"auto, (max-width: 1500px) 100vw, 1500px\" \/> <img loading=\"lazy\" decoding=\"async\" class=\"alignnone size-full wp-image-3032\" src=\"https:\/\/halleffectkeyboard.com\/wp-content\/uploads\/2025\/08\/12-2.jpg\" alt=\"Teclado de efecto Hall ATK RS6\" width=\"1500\" height=\"2480\" srcset=\"https:\/\/halleffectkeyboard.com\/wp-content\/uploads\/2025\/08\/12-2.jpg 1500w, https:\/\/halleffectkeyboard.com\/wp-content\/uploads\/2025\/08\/12-2-181x300.jpg 181w, https:\/\/halleffectkeyboard.com\/wp-content\/uploads\/2025\/08\/12-2-619x1024.jpg 619w, https:\/\/halleffectkeyboard.com\/wp-content\/uploads\/2025\/08\/12-2-768x1270.jpg 768w, https:\/\/halleffectkeyboard.com\/wp-content\/uploads\/2025\/08\/12-2-929x1536.jpg 929w, https:\/\/halleffectkeyboard.com\/wp-content\/uploads\/2025\/08\/12-2-1239x2048.jpg 1239w, https:\/\/halleffectkeyboard.com\/wp-content\/uploads\/2025\/08\/12-2-300x496.jpg 300w, https:\/\/halleffectkeyboard.com\/wp-content\/uploads\/2025\/08\/12-2-1200x1984.jpg 1200w\" sizes=\"auto, (max-width: 1500px) 100vw, 1500px\" \/> <img loading=\"lazy\" decoding=\"async\" class=\"alignnone size-full wp-image-3033\" src=\"https:\/\/halleffectkeyboard.com\/wp-content\/uploads\/2025\/08\/13-2.jpg\" alt=\"Teclado de efecto Hall ATK RS6\" width=\"1500\" height=\"2108\" srcset=\"https:\/\/halleffectkeyboard.com\/wp-content\/uploads\/2025\/08\/13-2.jpg 1500w, https:\/\/halleffectkeyboard.com\/wp-content\/uploads\/2025\/08\/13-2-213x300.jpg 213w, https:\/\/halleffectkeyboard.com\/wp-content\/uploads\/2025\/08\/13-2-729x1024.jpg 729w, https:\/\/halleffectkeyboard.com\/wp-content\/uploads\/2025\/08\/13-2-768x1079.jpg 768w, https:\/\/halleffectkeyboard.com\/wp-content\/uploads\/2025\/08\/13-2-1093x1536.jpg 1093w, https:\/\/halleffectkeyboard.com\/wp-content\/uploads\/2025\/08\/13-2-1457x2048.jpg 1457w, https:\/\/halleffectkeyboard.com\/wp-content\/uploads\/2025\/08\/13-2-300x422.jpg 300w, https:\/\/halleffectkeyboard.com\/wp-content\/uploads\/2025\/08\/13-2-1200x1686.jpg 1200w\" sizes=\"auto, (max-width: 1500px) 100vw, 1500px\" \/> <img loading=\"lazy\" decoding=\"async\" class=\"alignnone size-full wp-image-3034\" src=\"https:\/\/halleffectkeyboard.com\/wp-content\/uploads\/2025\/08\/14-1.jpg\" alt=\"Teclado de efecto Hall ATK RS6\" width=\"1500\" height=\"2031\" srcset=\"https:\/\/halleffectkeyboard.com\/wp-content\/uploads\/2025\/08\/14-1.jpg 1500w, https:\/\/halleffectkeyboard.com\/wp-content\/uploads\/2025\/08\/14-1-222x300.jpg 222w, https:\/\/halleffectkeyboard.com\/wp-content\/uploads\/2025\/08\/14-1-756x1024.jpg 756w, https:\/\/halleffectkeyboard.com\/wp-content\/uploads\/2025\/08\/14-1-768x1040.jpg 768w, https:\/\/halleffectkeyboard.com\/wp-content\/uploads\/2025\/08\/14-1-1134x1536.jpg 1134w, https:\/\/halleffectkeyboard.com\/wp-content\/uploads\/2025\/08\/14-1-300x406.jpg 300w, https:\/\/halleffectkeyboard.com\/wp-content\/uploads\/2025\/08\/14-1-1200x1625.jpg 1200w\" sizes=\"auto, (max-width: 1500px) 100vw, 1500px\" \/> <img loading=\"lazy\" decoding=\"async\" class=\"alignnone size-full wp-image-3035\" src=\"https:\/\/halleffectkeyboard.com\/wp-content\/uploads\/2025\/08\/15.jpg\" alt=\"Teclado de efecto Hall ATK RS6\" width=\"1500\" height=\"2124\" srcset=\"https:\/\/halleffectkeyboard.com\/wp-content\/uploads\/2025\/08\/15.jpg 1500w, https:\/\/halleffectkeyboard.com\/wp-content\/uploads\/2025\/08\/15-212x300.jpg 212w, https:\/\/halleffectkeyboard.com\/wp-content\/uploads\/2025\/08\/15-723x1024.jpg 723w, https:\/\/halleffectkeyboard.com\/wp-content\/uploads\/2025\/08\/15-768x1087.jpg 768w, https:\/\/halleffectkeyboard.com\/wp-content\/uploads\/2025\/08\/15-1085x1536.jpg 1085w, https:\/\/halleffectkeyboard.com\/wp-content\/uploads\/2025\/08\/15-1446x2048.jpg 1446w, https:\/\/halleffectkeyboard.com\/wp-content\/uploads\/2025\/08\/15-300x425.jpg 300w, https:\/\/halleffectkeyboard.com\/wp-content\/uploads\/2025\/08\/15-1200x1699.jpg 1200w\" sizes=\"auto, (max-width: 1500px) 100vw, 1500px\" \/> <img loading=\"lazy\" decoding=\"async\" class=\"alignnone size-full wp-image-3036\" src=\"https:\/\/halleffectkeyboard.com\/wp-content\/uploads\/2025\/08\/16.jpg\" alt=\"Teclado de efecto Hall ATK RS6\" width=\"1500\" height=\"2066\" srcset=\"https:\/\/halleffectkeyboard.com\/wp-content\/uploads\/2025\/08\/16.jpg 1500w, https:\/\/halleffectkeyboard.com\/wp-content\/uploads\/2025\/08\/16-218x300.jpg 218w, https:\/\/halleffectkeyboard.com\/wp-content\/uploads\/2025\/08\/16-743x1024.jpg 743w, https:\/\/halleffectkeyboard.com\/wp-content\/uploads\/2025\/08\/16-768x1058.jpg 768w, https:\/\/halleffectkeyboard.com\/wp-content\/uploads\/2025\/08\/16-1115x1536.jpg 1115w, https:\/\/halleffectkeyboard.com\/wp-content\/uploads\/2025\/08\/16-1487x2048.jpg 1487w, https:\/\/halleffectkeyboard.com\/wp-content\/uploads\/2025\/08\/16-300x413.jpg 300w, https:\/\/halleffectkeyboard.com\/wp-content\/uploads\/2025\/08\/16-1200x1653.jpg 1200w\" sizes=\"auto, (max-width: 1500px) 100vw, 1500px\" \/> <img loading=\"lazy\" decoding=\"async\" class=\"alignnone size-full wp-image-3037\" src=\"https:\/\/halleffectkeyboard.com\/wp-content\/uploads\/2025\/08\/17.jpg\" alt=\"Teclado de efecto Hall ATK RS6\" width=\"1500\" height=\"2055\" srcset=\"https:\/\/halleffectkeyboard.com\/wp-content\/uploads\/2025\/08\/17.jpg 1500w, https:\/\/halleffectkeyboard.com\/wp-content\/uploads\/2025\/08\/17-219x300.jpg 219w, https:\/\/halleffectkeyboard.com\/wp-content\/uploads\/2025\/08\/17-747x1024.jpg 747w, https:\/\/halleffectkeyboard.com\/wp-content\/uploads\/2025\/08\/17-768x1052.jpg 768w, https:\/\/halleffectkeyboard.com\/wp-content\/uploads\/2025\/08\/17-1121x1536.jpg 1121w, https:\/\/halleffectkeyboard.com\/wp-content\/uploads\/2025\/08\/17-1495x2048.jpg 1495w, https:\/\/halleffectkeyboard.com\/wp-content\/uploads\/2025\/08\/17-300x411.jpg 300w, https:\/\/halleffectkeyboard.com\/wp-content\/uploads\/2025\/08\/17-1200x1644.jpg 1200w\" sizes=\"auto, (max-width: 1500px) 100vw, 1500px\" \/> <img loading=\"lazy\" decoding=\"async\" class=\"alignnone size-full wp-image-3038\" src=\"https:\/\/halleffectkeyboard.com\/wp-content\/uploads\/2025\/08\/18.jpg\" alt=\"Teclado de efecto Hall ATK RS6\" width=\"1500\" height=\"2007\" srcset=\"https:\/\/halleffectkeyboard.com\/wp-content\/uploads\/2025\/08\/18.jpg 1500w, https:\/\/halleffectkeyboard.com\/wp-content\/uploads\/2025\/08\/18-224x300.jpg 224w, https:\/\/halleffectkeyboard.com\/wp-content\/uploads\/2025\/08\/18-765x1024.jpg 765w, https:\/\/halleffectkeyboard.com\/wp-content\/uploads\/2025\/08\/18-768x1028.jpg 768w, https:\/\/halleffectkeyboard.com\/wp-content\/uploads\/2025\/08\/18-1148x1536.jpg 1148w, https:\/\/halleffectkeyboard.com\/wp-content\/uploads\/2025\/08\/18-300x401.jpg 300w, https:\/\/halleffectkeyboard.com\/wp-content\/uploads\/2025\/08\/18-1200x1606.jpg 1200w\" sizes=\"auto, (max-width: 1500px) 100vw, 1500px\" \/> <img loading=\"lazy\" decoding=\"async\" class=\"alignnone size-full wp-image-3039\" src=\"https:\/\/halleffectkeyboard.com\/wp-content\/uploads\/2025\/08\/19.jpg\" alt=\"Teclado de efecto Hall ATK RS6\" width=\"1500\" height=\"2370\" srcset=\"https:\/\/halleffectkeyboard.com\/wp-content\/uploads\/2025\/08\/19.jpg 1500w, https:\/\/halleffectkeyboard.com\/wp-content\/uploads\/2025\/08\/19-190x300.jpg 190w, https:\/\/halleffectkeyboard.com\/wp-content\/uploads\/2025\/08\/19-648x1024.jpg 648w, https:\/\/halleffectkeyboard.com\/wp-content\/uploads\/2025\/08\/19-768x1213.jpg 768w, https:\/\/halleffectkeyboard.com\/wp-content\/uploads\/2025\/08\/19-972x1536.jpg 972w, https:\/\/halleffectkeyboard.com\/wp-content\/uploads\/2025\/08\/19-1296x2048.jpg 1296w, https:\/\/halleffectkeyboard.com\/wp-content\/uploads\/2025\/08\/19-300x474.jpg 300w, https:\/\/halleffectkeyboard.com\/wp-content\/uploads\/2025\/08\/19-1200x1896.jpg 1200w\" sizes=\"auto, (max-width: 1500px) 100vw, 1500px\" \/> <img loading=\"lazy\" decoding=\"async\" class=\"alignnone size-full wp-image-3041\" src=\"https:\/\/halleffectkeyboard.com\/wp-content\/uploads\/2025\/08\/21-scaled.jpg\" alt=\"Teclado de efecto Hall ATK RS6\" width=\"1472\" height=\"2560\" srcset=\"https:\/\/halleffectkeyboard.com\/wp-content\/uploads\/2025\/08\/21-scaled.jpg 1472w, https:\/\/halleffectkeyboard.com\/wp-content\/uploads\/2025\/08\/21-173x300.jpg 173w, https:\/\/halleffectkeyboard.com\/wp-content\/uploads\/2025\/08\/21-589x1024.jpg 589w, https:\/\/halleffectkeyboard.com\/wp-content\/uploads\/2025\/08\/21-768x1335.jpg 768w, https:\/\/halleffectkeyboard.com\/wp-content\/uploads\/2025\/08\/21-883x1536.jpg 883w, https:\/\/halleffectkeyboard.com\/wp-content\/uploads\/2025\/08\/21-1178x2048.jpg 1178w, https:\/\/halleffectkeyboard.com\/wp-content\/uploads\/2025\/08\/21-300x522.jpg 300w, https:\/\/halleffectkeyboard.com\/wp-content\/uploads\/2025\/08\/21-1200x2086.jpg 1200w\" sizes=\"auto, (max-width: 1472px) 100vw, 1472px\" \/><\/p>","protected":false},"excerpt":{"rendered":"<p>ATK RS6 ASPAS Edition \u2013 Hall Effect Keyboard for Esports Precision The ATK RS6 represents the next level of competitive gaming performance. Co-developed with ASPAS, one of Valorant\u2019s MVP pro players, this limited-edition Hall Effect Keyboard is designed for speed, durability, and unmatched precision on the esports stage. Key Features True 8K Hz Polling Rate [&hellip;]<\/p>\n","protected":false},"featured_media":2996,"comment_status":"open","ping_status":"closed","template":"","meta":[],"product_brand":[54],"product_cat":[322,20],"product_tag":[],"class_list":{"0":"post-2994","1":"product","2":"type-product","3":"status-publish","4":"has-post-thumbnail","6":"product_brand-aula","7":"product_cat-hall-effect-keyboard","8":"product_cat-keyboard","10":"first","11":"instock","12":"taxable","13":"shipping-taxable","14":"purchasable","15":"product-type-variable","16":"wvs-archive-product-wrapper"},"aioseo_notices":[],"ct_brands":[{"id":54,"name":"AULA","slug":"aula"}],"jetpack_sharing_enabled":true,"_links":{"self":[{"href":"https:\/\/halleffectkeyboard.com\/es\/wp-json\/wp\/v2\/product\/2994","targetHints":{"allow":["GET"]}}],"collection":[{"href":"https:\/\/halleffectkeyboard.com\/es\/wp-json\/wp\/v2\/product"}],"about":[{"href":"https:\/\/halleffectkeyboard.com\/es\/wp-json\/wp\/v2\/types\/product"}],"replies":[{"embeddable":true,"href":"https:\/\/halleffectkeyboard.com\/es\/wp-json\/wp\/v2\/comments?post=2994"}],"version-history":[{"count":5,"href":"https:\/\/halleffectkeyboard.com\/es\/wp-json\/wp\/v2\/product\/2994\/revisions"}],"predecessor-version":[{"id":3045,"href":"https:\/\/halleffectkeyboard.com\/es\/wp-json\/wp\/v2\/product\/2994\/revisions\/3045"}],"wp:featuredmedia":[{"embeddable":true,"href":"https:\/\/halleffectkeyboard.com\/es\/wp-json\/wp\/v2\/media\/2996"}],"wp:attachment":[{"href":"https:\/\/halleffectkeyboard.com\/es\/wp-json\/wp\/v2\/media?parent=2994"}],"wp:term":[{"taxonomy":"product_brand","embeddable":true,"href":"https:\/\/halleffectkeyboard.com\/es\/wp-json\/wp\/v2\/product_brand?post=2994"},{"taxonomy":"product_cat","embeddable":true,"href":"https:\/\/halleffectkeyboard.com\/es\/wp-json\/wp\/v2\/product_cat?post=2994"},{"taxonomy":"product_tag","embeddable":true,"href":"https:\/\/halleffectkeyboard.com\/es\/wp-json\/wp\/v2\/product_tag?post=2994"}],"curies":[{"name":"gracias","href":"https:\/\/api.w.org\/{rel}","templated":true}]}}