{"id":2863,"date":"2025-08-16T20:58:25","date_gmt":"2025-08-16T12:58:25","guid":{"rendered":"https:\/\/halleffectkeyboard.com\/?post_type=product&#038;p=2863"},"modified":"2026-03-16T18:04:33","modified_gmt":"2026-03-16T10:04:33","slug":"gateron-jade-hall-effect-switches","status":"publish","type":"product","link":"https:\/\/halleffectkeyboard.com\/es\/producto\/interruptores-de-efecto-hall-gateron-jade\/","title":{"rendered":"Interruptores de efecto Hall Gateron Jade"},"content":{"rendered":"<h1 data-start=\"147\" data-end=\"212\">Interruptores Gateron Jade Hall Effect: suaves, duraderos y precisos.<\/h1>\n<p data-start=\"214\" data-end=\"546\">El <strong data-start=\"218\" data-end=\"255\">Interruptores de efecto Hall Gateron Jade<\/strong> aportan un nuevo nivel de suavidad y durabilidad a los productos modernos. <strong data-start=\"313\" data-end=\"338\">Teclados con efecto Hall<\/strong>. Construido con tecnolog\u00eda avanzada <strong data-start=\"360\" data-end=\"379\">interruptor magn\u00e9tico<\/strong> Gracias a su tecnolog\u00eda, ofrecen un rendimiento estable, una activaci\u00f3n personalizable y una vida \u00fatil ultralarga, lo que las convierte en la opci\u00f3n perfecta tanto para jugadores como para entusiastas de la mecanograf\u00eda.<\/p>\n<h2 data-start=\"548\" data-end=\"565\">Caracter\u00edsticas principales<\/h2>\n<h3 data-start=\"567\" data-end=\"599\">Escritura lineal ultrasuave<\/h3>\n<p data-start=\"600\" data-end=\"838\">Los interruptores Jade cuentan con una <strong data-start=\"628\" data-end=\"651\">estilo de escritura lineal<\/strong> con un <strong data-start=\"660\" data-end=\"687\">fuerza inicial de 30\u00b17 gf<\/strong> y <strong data-start=\"692\" data-end=\"730\">distancia total recorrida de 3,5\u00b10,2 mm<\/strong>. Cada pulsaci\u00f3n de tecla se siente suave y precisa, brind\u00e1ndote una experiencia de escritura y juego ultra fluida.<\/p>\n<h3 data-start=\"840\" data-end=\"878\">Precisi\u00f3n y flexibilidad magn\u00e9ticas<\/h3>\n<p data-start=\"879\" data-end=\"1162\">Con un <strong data-start=\"887\" data-end=\"924\">flujo magn\u00e9tico inicial de 120\u00b115 Gs<\/strong> y <strong data-start=\"929\" data-end=\"969\">flujo magn\u00e9tico de fondo de 700\u00b180 Gs<\/strong>, estos <strong data-start=\"977\" data-end=\"1001\">Interruptores de efecto Hall<\/strong> Ofrecen un reconocimiento preciso de las pulsaciones de teclas. Gracias al recorrido previo ajustable, los usuarios pueden personalizar los puntos de activaci\u00f3n para adaptarlos a su estilo de juego o flujo de trabajo particular.<\/p>\n<h3 data-start=\"1164\" data-end=\"1195\">Prelubricado para mayor consistencia.<\/h3>\n<p data-start=\"1196\" data-end=\"1363\">Cada interruptor es <strong data-start=\"1212\" data-end=\"1225\">prelubricado<\/strong> Para minimizar la fricci\u00f3n y ofrecer una suavidad uniforme desde el primer momento, garantizando una sensaci\u00f3n refinada sin necesidad de ajustes adicionales.<\/p>\n<h3 data-start=\"1365\" data-end=\"1394\">Durabilidad de larga duraci\u00f3n<\/h3>\n<p data-start=\"1395\" data-end=\"1585\">Dise\u00f1ados para un uso intensivo, los interruptores magn\u00e9ticos Gateron Jade cuentan con una incre\u00edble <strong data-start=\"1474\" data-end=\"1508\">Vida \u00fatil de 100 millones de pulsaciones de teclas<\/strong>, lo que los convierte en uno de los m\u00e1s confiables <strong data-start=\"1547\" data-end=\"1568\">interruptores de teclado<\/strong> en el mercado.<\/p>\n<h2 data-start=\"1587\" data-end=\"1613\">Perfecto para cualquier configuraci\u00f3n<\/h2>\n<p data-start=\"1614\" data-end=\"1672\">El <strong data-start=\"1618\" data-end=\"1655\">Interruptores de efecto Hall Gateron Jade<\/strong> son ideales para:<\/p>\n<ul data-start=\"1673\" data-end=\"1922\">\n<li data-start=\"1673\" data-end=\"1737\">\n<p data-start=\"1675\" data-end=\"1737\">Competitivo <strong data-start=\"1687\" data-end=\"1707\">teclados para juegos<\/strong> con accionamiento personalizable<\/p>\n<\/li>\n<li data-start=\"1738\" data-end=\"1802\">\n<p data-start=\"1740\" data-end=\"1802\">Alto rendimiento <strong data-start=\"1757\" data-end=\"1782\">Teclados con efecto Hall<\/strong> para profesionales<\/p>\n<\/li>\n<li data-start=\"1803\" data-end=\"1862\">\n<p data-start=\"1805\" data-end=\"1862\">Construcciones de entusiastas que buscan productos premium <strong data-start=\"1839\" data-end=\"1860\">interruptores magn\u00e9ticos<\/strong><\/p>\n<\/li>\n<li data-start=\"1863\" data-end=\"1922\">\n<p data-start=\"1865\" data-end=\"1922\">Configuraciones duraderas para una productividad y precisi\u00f3n a largo plazo.<\/p>\n<\/li>\n<\/ul>","protected":false},"excerpt":{"rendered":"<p>Gateron Jade Hall Effect Switches \u2013 Smooth, Durable &amp; Precise The Gateron Jade Hall Effect Switches bring a new level of smoothness and durability to modern Hall Effect keyboards. Built with advanced magnetic switch technology, they deliver stable performance, customizable actuation, and ultra-long lifespan, making them the perfect choice for both gamers and typing enthusiasts. [&hellip;]<\/p>\n","protected":false},"featured_media":2864,"comment_status":"open","ping_status":"closed","template":"","meta":[],"product_brand":[184],"product_cat":[138,323],"product_tag":[185],"class_list":{"0":"post-2863","1":"product","2":"type-product","3":"status-publish","4":"has-post-thumbnail","6":"product_brand-gateron","7":"product_cat-hall-effect-switches","8":"product_cat-switches","9":"product_tag-hall-effect-switches","11":"first","12":"instock","13":"taxable","14":"shipping-taxable","15":"purchasable","16":"product-type-variable","17":"wvs-archive-product-wrapper"},"aioseo_notices":[],"ct_brands":[{"id":184,"name":"Gateron","slug":"gateron"}],"jetpack_sharing_enabled":true,"_links":{"self":[{"href":"https:\/\/halleffectkeyboard.com\/es\/wp-json\/wp\/v2\/product\/2863","targetHints":{"allow":["GET"]}}],"collection":[{"href":"https:\/\/halleffectkeyboard.com\/es\/wp-json\/wp\/v2\/product"}],"about":[{"href":"https:\/\/halleffectkeyboard.com\/es\/wp-json\/wp\/v2\/types\/product"}],"replies":[{"embeddable":true,"href":"https:\/\/halleffectkeyboard.com\/es\/wp-json\/wp\/v2\/comments?post=2863"}],"version-history":[{"count":1,"href":"https:\/\/halleffectkeyboard.com\/es\/wp-json\/wp\/v2\/product\/2863\/revisions"}],"predecessor-version":[{"id":2868,"href":"https:\/\/halleffectkeyboard.com\/es\/wp-json\/wp\/v2\/product\/2863\/revisions\/2868"}],"wp:featuredmedia":[{"embeddable":true,"href":"https:\/\/halleffectkeyboard.com\/es\/wp-json\/wp\/v2\/media\/2864"}],"wp:attachment":[{"href":"https:\/\/halleffectkeyboard.com\/es\/wp-json\/wp\/v2\/media?parent=2863"}],"wp:term":[{"taxonomy":"product_brand","embeddable":true,"href":"https:\/\/halleffectkeyboard.com\/es\/wp-json\/wp\/v2\/product_brand?post=2863"},{"taxonomy":"product_cat","embeddable":true,"href":"https:\/\/halleffectkeyboard.com\/es\/wp-json\/wp\/v2\/product_cat?post=2863"},{"taxonomy":"product_tag","embeddable":true,"href":"https:\/\/halleffectkeyboard.com\/es\/wp-json\/wp\/v2\/product_tag?post=2863"}],"curies":[{"name":"wp","href":"https:\/\/api.w.org\/{rel}","templated":true}]}}