{"id":2667,"date":"2025-05-22T20:29:09","date_gmt":"2025-05-22T12:29:09","guid":{"rendered":"https:\/\/halleffectkeyboard.com\/?post_type=product&#038;p=2667"},"modified":"2025-06-06T07:18:16","modified_gmt":"2025-06-05T23:18:16","slug":"comics-pbt-keycaps","status":"publish","type":"product","link":"https:\/\/halleffectkeyboard.com\/es\/producto\/teclas-pbt-de-comics\/","title":{"rendered":"Teclas PBT con dise\u00f1o de c\u00f3mics"},"content":{"rendered":"<h2 data-start=\"58\" data-end=\"132\"><strong data-start=\"61\" data-end=\"132\">Teclas PBT con dise\u00f1o de c\u00f3mics: estilo de c\u00f3mic vibrante con soporte para distribuci\u00f3n ANSI e ISO.<\/strong><\/h2>\n<p data-start=\"134\" data-end=\"415\">Mejora tu teclado mec\u00e1nico con las teclas Comics PBT, un juego de teclas coloridas inspiradas en c\u00f3mics que combina un dise\u00f1o llamativo con durabilidad y amplia compatibilidad de distribuci\u00f3n. Ideal para jugadores, mecan\u00f3grafos y entusiastas que buscan expresar su estilo sin renunciar a una calidad de fabricaci\u00f3n superior.<\/p>\n<h3 data-start=\"417\" data-end=\"443\">Dos opciones de juego de teclas<\/h3>\n<p data-start=\"445\" data-end=\"646\"><strong data-start=\"445\" data-end=\"474\">Juego completo de 151 teclas (en caja):<\/strong><br data-start=\"474\" data-end=\"477\" \/>Dise\u00f1ado para teclados mec\u00e1nicos de tama\u00f1o est\u00e1ndar y personalizados. Este conjunto incluye teclas para distribuciones ANSI e ISO, lo que lo convierte en una opci\u00f3n vers\u00e1til para usuarios de todo el mundo.<\/p>\n<p data-start=\"648\" data-end=\"825\"><strong data-start=\"648\" data-end=\"680\">Juego compacto de 78 teclas (en bolsa):<\/strong><br data-start=\"680\" data-end=\"683\" \/>Ideal para configuraciones compactas, este conjunto es compatible con los teclados mec\u00e1nicos 60%, 64% y de 68 teclas. Una excelente opci\u00f3n para dise\u00f1os minimalistas o f\u00e1ciles de transportar.<\/p>\n<h3 data-start=\"827\" data-end=\"880\">Material PBT duradero con leyendas impresas por sublimaci\u00f3n.<\/h3>\n<p data-start=\"882\" data-end=\"1092\">Estas teclas est\u00e1n fabricadas con pl\u00e1stico PBT de alta calidad, conocido por su resistencia al brillo, al desgaste y a la decoloraci\u00f3n. Las leyendas se imprimen mediante un proceso de sublimaci\u00f3n de tinta, lo que garantiza una nitidez duradera y colores vibrantes.<\/p>\n<h3 data-start=\"1094\" data-end=\"1142\">Experiencia de escritura c\u00f3moda con Cherry Profile<\/h3>\n<p data-start=\"1144\" data-end=\"1332\">El perfil Cherry ofrece una altura ligeramente menor y un \u00e1ngulo de escritura ergon\u00f3mico. Es el preferido por los entusiastas de los teclados mec\u00e1nicos por su pulsaci\u00f3n suave y precisa, y por la sensaci\u00f3n natural que produce en las manos.<\/p>\n<h3 data-start=\"1334\" data-end=\"1362\">Compatibilidad con el dise\u00f1o ISO<\/h3>\n<p data-start=\"1364\" data-end=\"1567\">El conjunto de 151 teclas incluye teclas espec\u00edficas compatibles con ISO, como la tecla Enter vertical y la tecla Shift ancha. Esto garantiza una compatibilidad total con teclados con distribuci\u00f3n ISO, lo que lo hace ideal para usuarios europeos.<\/p>\n<h3 data-start=\"1569\" data-end=\"1618\">Amplia compatibilidad con teclados mec\u00e1nicos<\/h3>\n<p data-start=\"1620\" data-end=\"1740\">Compatibles con interruptores mec\u00e1nicos Cherry MX y similares, las teclas Comics PBT admiten una amplia gama de dise\u00f1os, entre los que se incluyen:<\/p>\n<ul data-start=\"1741\" data-end=\"1839\">\n<li data-start=\"1741\" data-end=\"1762\">\n<p data-start=\"1743\" data-end=\"1762\">60%, 61, 64, 68 teclas<\/p>\n<\/li>\n<li data-start=\"1763\" data-end=\"1781\">\n<p data-start=\"1765\" data-end=\"1781\">TKL (sin teclado num\u00e9rico)<\/p>\n<\/li>\n<li data-start=\"1782\" data-end=\"1803\">\n<p data-start=\"1784\" data-end=\"1803\">Teclados de tama\u00f1o completo<\/p>\n<\/li>\n<li data-start=\"1804\" data-end=\"1839\">\n<p data-start=\"1806\" data-end=\"1839\">Alice y otros dise\u00f1os ergon\u00f3micos<\/p>\n<\/li>\n<\/ul>\n<p data-start=\"1841\" data-end=\"1948\">Totalmente probado para su uso con teclados de efecto Hall como el MAD60HE, ACE60, YUNZII YZ75 Pro y Wooting 60HE.<\/p>\n<h3 data-start=\"1950\" data-end=\"1978\">Especificaciones t\u00e9cnicas<\/h3>\n<ul data-start=\"1980\" data-end=\"2248\">\n<li data-start=\"1980\" data-end=\"2011\">\n<p data-start=\"1982\" data-end=\"2011\">N\u00famero de teclas: 78 \/ 151 teclas<\/p>\n<\/li>\n<li data-start=\"2012\" data-end=\"2094\">\n<p data-start=\"2014\" data-end=\"2094\">Compatibilidad con distribuci\u00f3n: ANSI \/ ISO (conjunto de 151 teclas), 60%, 64%, 68%, TKL, tama\u00f1o completo, Alice<\/p>\n<\/li>\n<li data-start=\"2095\" data-end=\"2133\">\n<p data-start=\"2097\" data-end=\"2133\">Material: Pl\u00e1stico PBT de alta calidad<\/p>\n<\/li>\n<li data-start=\"2134\" data-end=\"2170\">\n<p data-start=\"2136\" data-end=\"2170\">M\u00e9todo de impresi\u00f3n: Sublimaci\u00f3n de tinta<\/p>\n<\/li>\n<li data-start=\"2171\" data-end=\"2190\">\n<p data-start=\"2173\" data-end=\"2190\">Perfil: Cereza<\/p>\n<\/li>\n<li data-start=\"2191\" data-end=\"2248\">\n<p data-start=\"2193\" data-end=\"2248\">Compatibilidad con interruptores: Cherry MX y compatibles.<\/p>\n<\/li>\n<\/ul>\n<p><img loading=\"lazy\" decoding=\"async\" class=\"alignnone size-full wp-image-2681\" src=\"https:\/\/halleffectkeyboard.com\/wp-content\/uploads\/2025\/05\/02-3.jpg\" alt=\"Comics PBT Keycaps\" width=\"1800\" height=\"1200\" srcset=\"https:\/\/halleffectkeyboard.com\/wp-content\/uploads\/2025\/05\/02-3.jpg 1800w, https:\/\/halleffectkeyboard.com\/wp-content\/uploads\/2025\/05\/02-3-300x200.jpg 300w, https:\/\/halleffectkeyboard.com\/wp-content\/uploads\/2025\/05\/02-3-1024x683.jpg 1024w, https:\/\/halleffectkeyboard.com\/wp-content\/uploads\/2025\/05\/02-3-768x512.jpg 768w, https:\/\/halleffectkeyboard.com\/wp-content\/uploads\/2025\/05\/02-3-1536x1024.jpg 1536w, https:\/\/halleffectkeyboard.com\/wp-content\/uploads\/2025\/05\/02-3-1200x800.jpg 1200w\" sizes=\"auto, (max-width: 1800px) 100vw, 1800px\" data-no-translation=\"\" \/> <img loading=\"lazy\" decoding=\"async\" class=\"alignnone size-full wp-image-2683\" src=\"https:\/\/halleffectkeyboard.com\/wp-content\/uploads\/2025\/05\/04-3.jpg\" alt=\"Comics PBT Keycaps\" width=\"1800\" height=\"1200\" srcset=\"https:\/\/halleffectkeyboard.com\/wp-content\/uploads\/2025\/05\/04-3.jpg 1800w, https:\/\/halleffectkeyboard.com\/wp-content\/uploads\/2025\/05\/04-3-300x200.jpg 300w, https:\/\/halleffectkeyboard.com\/wp-content\/uploads\/2025\/05\/04-3-1024x683.jpg 1024w, https:\/\/halleffectkeyboard.com\/wp-content\/uploads\/2025\/05\/04-3-768x512.jpg 768w, https:\/\/halleffectkeyboard.com\/wp-content\/uploads\/2025\/05\/04-3-1536x1024.jpg 1536w, https:\/\/halleffectkeyboard.com\/wp-content\/uploads\/2025\/05\/04-3-1200x800.jpg 1200w\" sizes=\"auto, (max-width: 1800px) 100vw, 1800px\" data-no-translation=\"\" \/> <img loading=\"lazy\" decoding=\"async\" class=\"alignnone size-full wp-image-2684\" src=\"https:\/\/halleffectkeyboard.com\/wp-content\/uploads\/2025\/05\/05-3.jpg\" alt=\"Comics PBT Keycaps\" width=\"1800\" height=\"1200\" srcset=\"https:\/\/halleffectkeyboard.com\/wp-content\/uploads\/2025\/05\/05-3.jpg 1800w, https:\/\/halleffectkeyboard.com\/wp-content\/uploads\/2025\/05\/05-3-300x200.jpg 300w, https:\/\/halleffectkeyboard.com\/wp-content\/uploads\/2025\/05\/05-3-1024x683.jpg 1024w, https:\/\/halleffectkeyboard.com\/wp-content\/uploads\/2025\/05\/05-3-768x512.jpg 768w, https:\/\/halleffectkeyboard.com\/wp-content\/uploads\/2025\/05\/05-3-1536x1024.jpg 1536w, https:\/\/halleffectkeyboard.com\/wp-content\/uploads\/2025\/05\/05-3-1200x800.jpg 1200w\" sizes=\"auto, (max-width: 1800px) 100vw, 1800px\" data-no-translation=\"\" \/> <img loading=\"lazy\" decoding=\"async\" class=\"alignnone size-full wp-image-2685\" src=\"https:\/\/halleffectkeyboard.com\/wp-content\/uploads\/2025\/05\/06-4.jpg\" alt=\"Comics PBT Keycaps\" width=\"1800\" height=\"1200\" srcset=\"https:\/\/halleffectkeyboard.com\/wp-content\/uploads\/2025\/05\/06-4.jpg 1800w, https:\/\/halleffectkeyboard.com\/wp-content\/uploads\/2025\/05\/06-4-300x200.jpg 300w, https:\/\/halleffectkeyboard.com\/wp-content\/uploads\/2025\/05\/06-4-1024x683.jpg 1024w, https:\/\/halleffectkeyboard.com\/wp-content\/uploads\/2025\/05\/06-4-768x512.jpg 768w, https:\/\/halleffectkeyboard.com\/wp-content\/uploads\/2025\/05\/06-4-1536x1024.jpg 1536w, https:\/\/halleffectkeyboard.com\/wp-content\/uploads\/2025\/05\/06-4-1200x800.jpg 1200w\" sizes=\"auto, (max-width: 1800px) 100vw, 1800px\" data-no-translation=\"\" \/> <img loading=\"lazy\" decoding=\"async\" class=\"alignnone size-full wp-image-2686\" src=\"https:\/\/halleffectkeyboard.com\/wp-content\/uploads\/2025\/05\/07-3.jpg\" alt=\"Comics PBT Keycaps\" width=\"1800\" height=\"1200\" srcset=\"https:\/\/halleffectkeyboard.com\/wp-content\/uploads\/2025\/05\/07-3.jpg 1800w, https:\/\/halleffectkeyboard.com\/wp-content\/uploads\/2025\/05\/07-3-300x200.jpg 300w, https:\/\/halleffectkeyboard.com\/wp-content\/uploads\/2025\/05\/07-3-1024x683.jpg 1024w, https:\/\/halleffectkeyboard.com\/wp-content\/uploads\/2025\/05\/07-3-768x512.jpg 768w, https:\/\/halleffectkeyboard.com\/wp-content\/uploads\/2025\/05\/07-3-1536x1024.jpg 1536w, https:\/\/halleffectkeyboard.com\/wp-content\/uploads\/2025\/05\/07-3-1200x800.jpg 1200w\" sizes=\"auto, (max-width: 1800px) 100vw, 1800px\" data-no-translation=\"\" \/> <img loading=\"lazy\" decoding=\"async\" class=\"alignnone size-full wp-image-2687\" src=\"https:\/\/halleffectkeyboard.com\/wp-content\/uploads\/2025\/05\/08-3.jpg\" alt=\"Comics PBT Keycaps\" width=\"1800\" height=\"1200\" srcset=\"https:\/\/halleffectkeyboard.com\/wp-content\/uploads\/2025\/05\/08-3.jpg 1800w, https:\/\/halleffectkeyboard.com\/wp-content\/uploads\/2025\/05\/08-3-300x200.jpg 300w, https:\/\/halleffectkeyboard.com\/wp-content\/uploads\/2025\/05\/08-3-1024x683.jpg 1024w, https:\/\/halleffectkeyboard.com\/wp-content\/uploads\/2025\/05\/08-3-768x512.jpg 768w, https:\/\/halleffectkeyboard.com\/wp-content\/uploads\/2025\/05\/08-3-1536x1024.jpg 1536w, https:\/\/halleffectkeyboard.com\/wp-content\/uploads\/2025\/05\/08-3-1200x800.jpg 1200w\" sizes=\"auto, (max-width: 1800px) 100vw, 1800px\" data-no-translation=\"\" \/> <img loading=\"lazy\" decoding=\"async\" class=\"alignnone size-full wp-image-2688\" src=\"https:\/\/halleffectkeyboard.com\/wp-content\/uploads\/2025\/05\/09-3.jpg\" alt=\"Comics PBT Keycaps\" width=\"1800\" height=\"1200\" srcset=\"https:\/\/halleffectkeyboard.com\/wp-content\/uploads\/2025\/05\/09-3.jpg 1800w, https:\/\/halleffectkeyboard.com\/wp-content\/uploads\/2025\/05\/09-3-300x200.jpg 300w, https:\/\/halleffectkeyboard.com\/wp-content\/uploads\/2025\/05\/09-3-1024x683.jpg 1024w, https:\/\/halleffectkeyboard.com\/wp-content\/uploads\/2025\/05\/09-3-768x512.jpg 768w, https:\/\/halleffectkeyboard.com\/wp-content\/uploads\/2025\/05\/09-3-1536x1024.jpg 1536w, https:\/\/halleffectkeyboard.com\/wp-content\/uploads\/2025\/05\/09-3-1200x800.jpg 1200w\" sizes=\"auto, (max-width: 1800px) 100vw, 1800px\" data-no-translation=\"\" \/> <img loading=\"lazy\" decoding=\"async\" class=\"alignnone size-full wp-image-2689\" src=\"https:\/\/halleffectkeyboard.com\/wp-content\/uploads\/2025\/05\/10-2.jpg\" alt=\"Comics PBT Keycaps\" width=\"1800\" height=\"1200\" srcset=\"https:\/\/halleffectkeyboard.com\/wp-content\/uploads\/2025\/05\/10-2.jpg 1800w, https:\/\/halleffectkeyboard.com\/wp-content\/uploads\/2025\/05\/10-2-300x200.jpg 300w, https:\/\/halleffectkeyboard.com\/wp-content\/uploads\/2025\/05\/10-2-1024x683.jpg 1024w, https:\/\/halleffectkeyboard.com\/wp-content\/uploads\/2025\/05\/10-2-768x512.jpg 768w, https:\/\/halleffectkeyboard.com\/wp-content\/uploads\/2025\/05\/10-2-1536x1024.jpg 1536w, https:\/\/halleffectkeyboard.com\/wp-content\/uploads\/2025\/05\/10-2-1200x800.jpg 1200w\" sizes=\"auto, (max-width: 1800px) 100vw, 1800px\" data-no-translation=\"\" \/> <img loading=\"lazy\" decoding=\"async\" class=\"alignnone size-full wp-image-2690\" src=\"https:\/\/halleffectkeyboard.com\/wp-content\/uploads\/2025\/05\/11-2.jpg\" alt=\"Comics PBT Keycaps\" width=\"1800\" height=\"1200\" srcset=\"https:\/\/halleffectkeyboard.com\/wp-content\/uploads\/2025\/05\/11-2.jpg 1800w, https:\/\/halleffectkeyboard.com\/wp-content\/uploads\/2025\/05\/11-2-300x200.jpg 300w, https:\/\/halleffectkeyboard.com\/wp-content\/uploads\/2025\/05\/11-2-1024x683.jpg 1024w, https:\/\/halleffectkeyboard.com\/wp-content\/uploads\/2025\/05\/11-2-768x512.jpg 768w, https:\/\/halleffectkeyboard.com\/wp-content\/uploads\/2025\/05\/11-2-1536x1024.jpg 1536w, https:\/\/halleffectkeyboard.com\/wp-content\/uploads\/2025\/05\/11-2-1200x800.jpg 1200w\" sizes=\"auto, (max-width: 1800px) 100vw, 1800px\" data-no-translation=\"\" \/> <img loading=\"lazy\" decoding=\"async\" class=\"alignnone size-full wp-image-2691\" src=\"https:\/\/halleffectkeyboard.com\/wp-content\/uploads\/2025\/05\/12-2.jpg\" alt=\"Comics PBT Keycaps\" width=\"1800\" height=\"1200\" srcset=\"https:\/\/halleffectkeyboard.com\/wp-content\/uploads\/2025\/05\/12-2.jpg 1800w, https:\/\/halleffectkeyboard.com\/wp-content\/uploads\/2025\/05\/12-2-300x200.jpg 300w, https:\/\/halleffectkeyboard.com\/wp-content\/uploads\/2025\/05\/12-2-1024x683.jpg 1024w, https:\/\/halleffectkeyboard.com\/wp-content\/uploads\/2025\/05\/12-2-768x512.jpg 768w, https:\/\/halleffectkeyboard.com\/wp-content\/uploads\/2025\/05\/12-2-1536x1024.jpg 1536w, https:\/\/halleffectkeyboard.com\/wp-content\/uploads\/2025\/05\/12-2-1200x800.jpg 1200w\" sizes=\"auto, (max-width: 1800px) 100vw, 1800px\" data-no-translation=\"\" \/> <img loading=\"lazy\" decoding=\"async\" class=\"alignnone size-full wp-image-2692\" src=\"https:\/\/halleffectkeyboard.com\/wp-content\/uploads\/2025\/05\/13-2.jpg\" alt=\"Comics PBT Keycaps\" width=\"1800\" height=\"1200\" srcset=\"https:\/\/halleffectkeyboard.com\/wp-content\/uploads\/2025\/05\/13-2.jpg 1800w, https:\/\/halleffectkeyboard.com\/wp-content\/uploads\/2025\/05\/13-2-300x200.jpg 300w, https:\/\/halleffectkeyboard.com\/wp-content\/uploads\/2025\/05\/13-2-1024x683.jpg 1024w, https:\/\/halleffectkeyboard.com\/wp-content\/uploads\/2025\/05\/13-2-768x512.jpg 768w, https:\/\/halleffectkeyboard.com\/wp-content\/uploads\/2025\/05\/13-2-1536x1024.jpg 1536w, https:\/\/halleffectkeyboard.com\/wp-content\/uploads\/2025\/05\/13-2-1200x800.jpg 1200w\" sizes=\"auto, (max-width: 1800px) 100vw, 1800px\" data-no-translation=\"\" \/> <img loading=\"lazy\" decoding=\"async\" class=\"alignnone size-full wp-image-2693\" src=\"https:\/\/halleffectkeyboard.com\/wp-content\/uploads\/2025\/05\/14-2.jpg\" alt=\"Comics PBT Keycaps\" width=\"1800\" height=\"1200\" srcset=\"https:\/\/halleffectkeyboard.com\/wp-content\/uploads\/2025\/05\/14-2.jpg 1800w, https:\/\/halleffectkeyboard.com\/wp-content\/uploads\/2025\/05\/14-2-300x200.jpg 300w, https:\/\/halleffectkeyboard.com\/wp-content\/uploads\/2025\/05\/14-2-1024x683.jpg 1024w, https:\/\/halleffectkeyboard.com\/wp-content\/uploads\/2025\/05\/14-2-768x512.jpg 768w, https:\/\/halleffectkeyboard.com\/wp-content\/uploads\/2025\/05\/14-2-1536x1024.jpg 1536w, https:\/\/halleffectkeyboard.com\/wp-content\/uploads\/2025\/05\/14-2-1200x800.jpg 1200w\" sizes=\"auto, (max-width: 1800px) 100vw, 1800px\" data-no-translation=\"\" \/> <img loading=\"lazy\" decoding=\"async\" class=\"alignnone size-full wp-image-2694\" src=\"https:\/\/halleffectkeyboard.com\/wp-content\/uploads\/2025\/05\/15-2.jpg\" alt=\"Comics PBT Keycaps\" width=\"1800\" height=\"1200\" srcset=\"https:\/\/halleffectkeyboard.com\/wp-content\/uploads\/2025\/05\/15-2.jpg 1800w, https:\/\/halleffectkeyboard.com\/wp-content\/uploads\/2025\/05\/15-2-300x200.jpg 300w, https:\/\/halleffectkeyboard.com\/wp-content\/uploads\/2025\/05\/15-2-1024x683.jpg 1024w, https:\/\/halleffectkeyboard.com\/wp-content\/uploads\/2025\/05\/15-2-768x512.jpg 768w, https:\/\/halleffectkeyboard.com\/wp-content\/uploads\/2025\/05\/15-2-1536x1024.jpg 1536w, https:\/\/halleffectkeyboard.com\/wp-content\/uploads\/2025\/05\/15-2-1200x800.jpg 1200w\" sizes=\"auto, (max-width: 1800px) 100vw, 1800px\" data-no-translation=\"\" \/> <img loading=\"lazy\" decoding=\"async\" class=\"alignnone size-full wp-image-2695\" src=\"https:\/\/halleffectkeyboard.com\/wp-content\/uploads\/2025\/05\/16-2.jpg\" alt=\"Comics PBT Keycaps\" width=\"1800\" height=\"1200\" srcset=\"https:\/\/halleffectkeyboard.com\/wp-content\/uploads\/2025\/05\/16-2.jpg 1800w, https:\/\/halleffectkeyboard.com\/wp-content\/uploads\/2025\/05\/16-2-300x200.jpg 300w, https:\/\/halleffectkeyboard.com\/wp-content\/uploads\/2025\/05\/16-2-1024x683.jpg 1024w, https:\/\/halleffectkeyboard.com\/wp-content\/uploads\/2025\/05\/16-2-768x512.jpg 768w, https:\/\/halleffectkeyboard.com\/wp-content\/uploads\/2025\/05\/16-2-1536x1024.jpg 1536w, https:\/\/halleffectkeyboard.com\/wp-content\/uploads\/2025\/05\/16-2-1200x800.jpg 1200w\" sizes=\"auto, (max-width: 1800px) 100vw, 1800px\" data-no-translation=\"\" \/> <img loading=\"lazy\" decoding=\"async\" class=\"alignnone size-full wp-image-2696\" src=\"https:\/\/halleffectkeyboard.com\/wp-content\/uploads\/2025\/05\/17-1.jpg\" alt=\"Comics PBT Keycaps\" width=\"1800\" height=\"1200\" srcset=\"https:\/\/halleffectkeyboard.com\/wp-content\/uploads\/2025\/05\/17-1.jpg 1800w, https:\/\/halleffectkeyboard.com\/wp-content\/uploads\/2025\/05\/17-1-300x200.jpg 300w, https:\/\/halleffectkeyboard.com\/wp-content\/uploads\/2025\/05\/17-1-1024x683.jpg 1024w, https:\/\/halleffectkeyboard.com\/wp-content\/uploads\/2025\/05\/17-1-768x512.jpg 768w, https:\/\/halleffectkeyboard.com\/wp-content\/uploads\/2025\/05\/17-1-1536x1024.jpg 1536w, https:\/\/halleffectkeyboard.com\/wp-content\/uploads\/2025\/05\/17-1-1200x800.jpg 1200w\" sizes=\"auto, (max-width: 1800px) 100vw, 1800px\" data-no-translation=\"\" \/> <img loading=\"lazy\" decoding=\"async\" class=\"alignnone size-full wp-image-2697\" src=\"https:\/\/halleffectkeyboard.com\/wp-content\/uploads\/2025\/05\/18-1.jpg\" alt=\"Comics PBT Keycaps\" width=\"1800\" height=\"1200\" srcset=\"https:\/\/halleffectkeyboard.com\/wp-content\/uploads\/2025\/05\/18-1.jpg 1800w, https:\/\/halleffectkeyboard.com\/wp-content\/uploads\/2025\/05\/18-1-300x200.jpg 300w, https:\/\/halleffectkeyboard.com\/wp-content\/uploads\/2025\/05\/18-1-1024x683.jpg 1024w, https:\/\/halleffectkeyboard.com\/wp-content\/uploads\/2025\/05\/18-1-768x512.jpg 768w, https:\/\/halleffectkeyboard.com\/wp-content\/uploads\/2025\/05\/18-1-1536x1024.jpg 1536w, https:\/\/halleffectkeyboard.com\/wp-content\/uploads\/2025\/05\/18-1-1200x800.jpg 1200w\" sizes=\"auto, (max-width: 1800px) 100vw, 1800px\" data-no-translation=\"\" \/> <img loading=\"lazy\" decoding=\"async\" class=\"alignnone size-full wp-image-2698\" src=\"https:\/\/halleffectkeyboard.com\/wp-content\/uploads\/2025\/05\/19-1.jpg\" alt=\"Comics PBT Keycaps\" width=\"1800\" height=\"1200\" srcset=\"https:\/\/halleffectkeyboard.com\/wp-content\/uploads\/2025\/05\/19-1.jpg 1800w, https:\/\/halleffectkeyboard.com\/wp-content\/uploads\/2025\/05\/19-1-300x200.jpg 300w, https:\/\/halleffectkeyboard.com\/wp-content\/uploads\/2025\/05\/19-1-1024x683.jpg 1024w, https:\/\/halleffectkeyboard.com\/wp-content\/uploads\/2025\/05\/19-1-768x512.jpg 768w, https:\/\/halleffectkeyboard.com\/wp-content\/uploads\/2025\/05\/19-1-1536x1024.jpg 1536w, https:\/\/halleffectkeyboard.com\/wp-content\/uploads\/2025\/05\/19-1-1200x800.jpg 1200w\" sizes=\"auto, (max-width: 1800px) 100vw, 1800px\" data-no-translation=\"\" \/> <img loading=\"lazy\" decoding=\"async\" class=\"alignnone size-full wp-image-2682\" src=\"https:\/\/halleffectkeyboard.com\/wp-content\/uploads\/2025\/05\/03-3.jpg\" alt=\"Comics PBT Keycaps\" width=\"1800\" height=\"1200\" srcset=\"https:\/\/halleffectkeyboard.com\/wp-content\/uploads\/2025\/05\/03-3.jpg 1800w, https:\/\/halleffectkeyboard.com\/wp-content\/uploads\/2025\/05\/03-3-300x200.jpg 300w, https:\/\/halleffectkeyboard.com\/wp-content\/uploads\/2025\/05\/03-3-1024x683.jpg 1024w, https:\/\/halleffectkeyboard.com\/wp-content\/uploads\/2025\/05\/03-3-768x512.jpg 768w, https:\/\/halleffectkeyboard.com\/wp-content\/uploads\/2025\/05\/03-3-1536x1024.jpg 1536w, https:\/\/halleffectkeyboard.com\/wp-content\/uploads\/2025\/05\/03-3-1200x800.jpg 1200w\" sizes=\"auto, (max-width: 1800px) 100vw, 1800px\" data-no-translation=\"\" \/><\/p>","protected":false},"excerpt":{"rendered":"<p>Teclas PBT con dise\u00f1o de c\u00f3mics vibrantes y perfil Cherry. Compatibles con dise\u00f1os ANSI e ISO, aptas para teclados mec\u00e1nicos 60%, TKL y de tama\u00f1o completo. Material PBT duradero.<\/p>","protected":false},"featured_media":2675,"comment_status":"open","ping_status":"closed","template":"","meta":[],"product_brand":[],"product_cat":[134],"product_tag":[169,136,170],"class_list":{"0":"post-2667","1":"product","2":"type-product","3":"status-publish","4":"has-post-thumbnail","6":"product_cat-keycaps","7":"product_tag-comics-pbt-keycaps","8":"product_tag-keycaps","9":"product_tag-pbt-keycaps","11":"first","12":"instock","13":"sale","14":"taxable","15":"shipping-taxable","16":"purchasable","17":"product-type-variable","18":"wvs-archive-product-wrapper"},"aioseo_notices":[],"ct_brands":[],"jetpack_sharing_enabled":true,"_links":{"self":[{"href":"https:\/\/halleffectkeyboard.com\/es\/wp-json\/wp\/v2\/product\/2667","targetHints":{"allow":["GET"]}}],"collection":[{"href":"https:\/\/halleffectkeyboard.com\/es\/wp-json\/wp\/v2\/product"}],"about":[{"href":"https:\/\/halleffectkeyboard.com\/es\/wp-json\/wp\/v2\/types\/product"}],"replies":[{"embeddable":true,"href":"https:\/\/halleffectkeyboard.com\/es\/wp-json\/wp\/v2\/comments?post=2667"}],"version-history":[{"count":7,"href":"https:\/\/halleffectkeyboard.com\/es\/wp-json\/wp\/v2\/product\/2667\/revisions"}],"predecessor-version":[{"id":2706,"href":"https:\/\/halleffectkeyboard.com\/es\/wp-json\/wp\/v2\/product\/2667\/revisions\/2706"}],"wp:featuredmedia":[{"embeddable":true,"href":"https:\/\/halleffectkeyboard.com\/es\/wp-json\/wp\/v2\/media\/2675"}],"wp:attachment":[{"href":"https:\/\/halleffectkeyboard.com\/es\/wp-json\/wp\/v2\/media?parent=2667"}],"wp:term":[{"taxonomy":"product_brand","embeddable":true,"href":"https:\/\/halleffectkeyboard.com\/es\/wp-json\/wp\/v2\/product_brand?post=2667"},{"taxonomy":"product_cat","embeddable":true,"href":"https:\/\/halleffectkeyboard.com\/es\/wp-json\/wp\/v2\/product_cat?post=2667"},{"taxonomy":"product_tag","embeddable":true,"href":"https:\/\/halleffectkeyboard.com\/es\/wp-json\/wp\/v2\/product_tag?post=2667"}],"curies":[{"name":"wp","href":"https:\/\/api.w.org\/{rel}","templated":true}]}}