{"id":2081,"date":"2025-04-29T15:48:36","date_gmt":"2025-04-29T07:48:36","guid":{"rendered":"https:\/\/halleffectkeyboard.com\/?post_type=product&#038;p=2081"},"modified":"2026-05-08T16:16:50","modified_gmt":"2026-05-08T08:16:50","slug":"madlions-mad68he","status":"publish","type":"product","link":"https:\/\/halleffectkeyboard.com\/es\/producto\/madlions-mad68he\/","title":{"rendered":"MADLIONS MAD68HE"},"content":{"rendered":"<h1>Serie MADLIONS MAD68HE \u2013 Teclados magn\u00e9ticos de efecto Hall personalizados<\/h1>\n<p><strong>Consigue la m\u00e1xima precisi\u00f3n y personalizaci\u00f3n con la serie MADLIONS MAD68HE.<\/strong><br \/>\nDise\u00f1ado para jugadores, creadores y profesionales que exigen lo mejor, el <strong>MADLIONS MAD68HE<\/strong> Los teclados ofrecen un rendimiento excepcional, una est\u00e9tica personalizable y una capacidad de respuesta inigualable. Impulsados por interruptores magn\u00e9ticos de efecto Hall, teclas personalizables y una tasa de sondeo ultra alta, <strong>MAD68HE<\/strong> Esta serie redefine la sensaci\u00f3n de precisi\u00f3n.<\/p>\n<p><img loading=\"lazy\" decoding=\"async\" class=\"alignnone size-full wp-image-2111\" src=\"https:\/\/halleffectkeyboard.com\/wp-content\/uploads\/2025\/04\/MAD-68-HE-PRO.jpg\" alt=\"MAD-68-HE-PRO\" width=\"1620\" height=\"1080\" srcset=\"https:\/\/halleffectkeyboard.com\/wp-content\/uploads\/2025\/04\/MAD-68-HE-PRO.jpg 1620w, https:\/\/halleffectkeyboard.com\/wp-content\/uploads\/2025\/04\/MAD-68-HE-PRO-1200x800.jpg 1200w, https:\/\/halleffectkeyboard.com\/wp-content\/uploads\/2025\/04\/MAD-68-HE-PRO-300x200.jpg 300w, https:\/\/halleffectkeyboard.com\/wp-content\/uploads\/2025\/04\/MAD-68-HE-PRO-1024x683.jpg 1024w, https:\/\/halleffectkeyboard.com\/wp-content\/uploads\/2025\/04\/MAD-68-HE-PRO-768x512.jpg 768w, https:\/\/halleffectkeyboard.com\/wp-content\/uploads\/2025\/04\/MAD-68-HE-PRO-1536x1024.jpg 1536w\" sizes=\"auto, (max-width: 1620px) 100vw, 1620px\" data-no-translation=\"\" \/><\/p>\n<h2>\u00bfPor qu\u00e9 elegir la serie de teclados MADLIONS MAD68HE?<\/h2>\n<h3>Interruptor magn\u00e9tico con una precisi\u00f3n de 0,01 mm.<\/h3>\n<p>El <strong>MADLIONS MAD68HE<\/strong> Los teclados est\u00e1n equipados con <strong>\u00c1mbar magn\u00e9tico Pro<\/strong> y <strong>Magn\u00e9tico de Kunlun<\/strong> interruptores, logrando una ultrafina <strong>Punto de actuaci\u00f3n de 0,01 mm<\/strong>. Este nivel de sensibilidad garantiza una precisi\u00f3n perfecta para juegos de ritmo r\u00e1pido, programaci\u00f3n o tareas de mecanograf\u00eda profesionales.<\/p>\n<h3>Latencia ultrabaja y velocidad de sondeo ultrarr\u00e1pida<\/h3>\n<p>Con una impresionante <strong>Frecuencia de sondeo de 8000 Hz<\/strong> y <strong>Latencia ultrabaja de 0,125 ms<\/strong>, el <strong>MADLIONS MAD68HE<\/strong> Esta serie garantiza una respuesta inmediata sin retardo, lo que proporciona a los jugadores competitivos y a los creadores una ventaja de rendimiento crucial.<\/p>\n<h3>Dise\u00f1o y est\u00e9tica totalmente personalizables.<\/h3>\n<p>Presentando <strong>PBT de doble inyecci\u00f3n<\/strong> y <strong>teclas transl\u00facidas con impresi\u00f3n lateral<\/strong>, Cada teclado MADLIONS MAD68HE ofrece una sensaci\u00f3n t\u00e1ctil de primera calidad y admite una impresionante personalizaci\u00f3n de iluminaci\u00f3n RGB. Adapta el estilo de tu configuraci\u00f3n con efectos din\u00e1micos, a la vez que disfrutas de durabilidad y comodidad.<\/p>\n<h3>Funciones avanzadas de pulsaci\u00f3n din\u00e1mica de teclas<\/h3>\n<p>El <strong>MADLIONS MAD68HE<\/strong> La serie incluye funciones avanzadas como:<\/p>\n<ul>\n<li><strong>Eliminaci\u00f3n del SOCD<\/strong> (Despeje simult\u00e1neo de direcciones cardinales opuestas)<\/li>\n<li><strong>Activaci\u00f3n mediante doble toque (DKS)<\/strong><\/li>\n<li><strong>Disparo r\u00e1pido (SR)<\/strong><\/li>\n<li><strong>Bloqueo del gatillo (TGL)<\/strong><\/li>\n<li><strong>Personalizaci\u00f3n global de la clave macro<\/strong><br \/>\nEstas funciones ofrecen la ventaja t\u00e1ctica que necesitan los jugadores, programadores y creadores m\u00e1s exigentes.<\/li>\n<\/ul>\n<h3>Tecnolog\u00eda de efecto Hall para un rendimiento constante y duradero.<\/h3>\n<p>Sensores magn\u00e9ticos de efecto Hall en el interior del <strong>MADLIONS MAD68HE<\/strong> Proporcionan una respuesta precisa y una durabilidad extraordinaria, superando a los interruptores mec\u00e1nicos tradicionales tanto en velocidad como en vida \u00fatil.<\/p>\n<h3>Durabilidad superior con carcasa de aluminio.<\/h3>\n<p>Seleccionar <strong>Modelos MAD68HE<\/strong> presenta una <strong>carcasa de aluminio de alta resistencia<\/strong>, garantizando que tu teclado est\u00e9 preparado para intensas sesiones de juego o un uso profesional riguroso.<\/p>\n<h2><img loading=\"lazy\" decoding=\"async\" class=\"alignnone size-full wp-image-2112\" src=\"https:\/\/halleffectkeyboard.com\/wp-content\/uploads\/2025\/04\/MAD68HE-PRO-1.jpg\" alt=\"MAD68HE-PRO\" width=\"2250\" height=\"1860\" srcset=\"https:\/\/halleffectkeyboard.com\/wp-content\/uploads\/2025\/04\/MAD68HE-PRO-1.jpg 2250w, https:\/\/halleffectkeyboard.com\/wp-content\/uploads\/2025\/04\/MAD68HE-PRO-1-1200x992.jpg 1200w, https:\/\/halleffectkeyboard.com\/wp-content\/uploads\/2025\/04\/MAD68HE-PRO-1-300x248.jpg 300w, https:\/\/halleffectkeyboard.com\/wp-content\/uploads\/2025\/04\/MAD68HE-PRO-1-1024x847.jpg 1024w, https:\/\/halleffectkeyboard.com\/wp-content\/uploads\/2025\/04\/MAD68HE-PRO-1-768x635.jpg 768w, https:\/\/halleffectkeyboard.com\/wp-content\/uploads\/2025\/04\/MAD68HE-PRO-1-1536x1270.jpg 1536w, https:\/\/halleffectkeyboard.com\/wp-content\/uploads\/2025\/04\/MAD68HE-PRO-1-2048x1693.jpg 2048w\" sizes=\"auto, (max-width: 2250px) 100vw, 2250px\" data-no-translation=\"\" \/><\/h2>\n<h2>Modelos de la serie MADLIONS MAD68HE<\/h2>\n<h3>MAD68HE RGB<\/h3>\n<ul>\n<li><strong>Interruptores:<\/strong> \u00c1mbar magn\u00e9tico Pro<\/li>\n<li><strong>Precisi\u00f3n:<\/strong> 0,02 mm<\/li>\n<li><strong>Dise\u00f1ado para:<\/strong> Jugadores que buscan precisi\u00f3n y personalizaci\u00f3n de iluminaci\u00f3n RGB vibrante.<\/li>\n<\/ul>\n<h3>MAD68HE (Profesional)<\/h3>\n<ul>\n<li><strong>Interruptores:<\/strong> Magnetic Amber Pro \/ Magneto Gaming<\/li>\n<li><strong>Precisi\u00f3n:<\/strong> 0,01 mm<\/li>\n<li><strong>Dise\u00f1ado para:<\/strong> Jugadores profesionales y creadores de contenido que exigen el m\u00e1ximo rendimiento.<\/li>\n<\/ul>\n<h3>MAD68R<\/h3>\n<ul>\n<li><strong>Interruptores:<\/strong> Magn\u00e9tico de Kunlun<\/li>\n<li><strong>Precisi\u00f3n:<\/strong> 0,01 mm<\/li>\n<li><strong>Dise\u00f1ado para:<\/strong> Jugadores competitivos que requieren pulsaciones de teclas ultrarr\u00e1pidas y precisas.<\/li>\n<\/ul>\n<h3>MAD68 PRO (Edici\u00f3n con carcasa de aluminio)<\/h3>\n<ul>\n<li><strong>Interruptores:<\/strong> Gateron Jade Esport Pro \/ Plata magn\u00e9tica Esport<\/li>\n<li><strong>Precisi\u00f3n:<\/strong> 0,01 mm<\/li>\n<li><strong>Dise\u00f1ado para:<\/strong> Profesionales de los eSports que necesitan durabilidad y capacidad de respuesta propias de un torneo.<\/li>\n<\/ul>\n<h2><img loading=\"lazy\" decoding=\"async\" class=\"alignnone size-full wp-image-2113\" src=\"https:\/\/halleffectkeyboard.com\/wp-content\/uploads\/2025\/04\/MAD68-HE-PRO.jpg\" alt=\"MAD 68-HE-PRO\" width=\"2250\" height=\"1733\" srcset=\"https:\/\/halleffectkeyboard.com\/wp-content\/uploads\/2025\/04\/MAD68-HE-PRO.jpg 2250w, https:\/\/halleffectkeyboard.com\/wp-content\/uploads\/2025\/04\/MAD68-HE-PRO-1200x924.jpg 1200w, https:\/\/halleffectkeyboard.com\/wp-content\/uploads\/2025\/04\/MAD68-HE-PRO-300x231.jpg 300w, https:\/\/halleffectkeyboard.com\/wp-content\/uploads\/2025\/04\/MAD68-HE-PRO-1024x789.jpg 1024w, https:\/\/halleffectkeyboard.com\/wp-content\/uploads\/2025\/04\/MAD68-HE-PRO-768x592.jpg 768w, https:\/\/halleffectkeyboard.com\/wp-content\/uploads\/2025\/04\/MAD68-HE-PRO-1536x1183.jpg 1536w, https:\/\/halleffectkeyboard.com\/wp-content\/uploads\/2025\/04\/MAD68-HE-PRO-2048x1577.jpg 2048w\" sizes=\"auto, (max-width: 2250px) 100vw, 2250px\" data-no-translation=\"\" \/><\/h2>\n<h2>\u00bfQui\u00e9nes deber\u00edan usar los teclados MADLIONS MAD68HE?<\/h2>\n<ul>\n<li><strong>Jugadores de eSports:<\/strong> Maximiza tu potencial con una activaci\u00f3n de teclas de alta velocidad, interruptores personalizables y tiempos de respuesta propios de torneos.<\/li>\n<li><strong>Programadores y dise\u00f1adores:<\/strong> Consigue flujos de trabajo m\u00e1s r\u00e1pidos con latencia ultrabaja, escritura precisa y macros avanzadas.<\/li>\n<li><strong>Entusiastas de la personalizaci\u00f3n:<\/strong> Crea una configuraci\u00f3n verdaderamente \u00fanica con interruptores intercambiables, iluminaci\u00f3n RGB personalizable y teclas de alta gama.<\/li>\n<\/ul>\n<hr \/>\n<h2>Especificaciones t\u00e9cnicas de la serie MADLIONS MAD68HE<\/h2>\n<table>\n<thead>\n<tr>\n<th align=\"left\">Modelo<\/th>\n<th align=\"left\">Tipo de interruptor<\/th>\n<th align=\"left\">Precisi\u00f3n<\/th>\n<th align=\"left\">\u00cdndice de sondeo<\/th>\n<th align=\"left\">Estado latente<\/th>\n<th align=\"left\">Frecuencia de escaneo<\/th>\n<th align=\"left\">Material del caso<\/th>\n<th align=\"left\">Material de la tecla<\/th>\n<th align=\"left\">Caracter\u00edsticas din\u00e1micas<\/th>\n<\/tr>\n<\/thead>\n<tbody>\n<tr>\n<td align=\"left\">MAD68HE RGB<\/td>\n<td align=\"left\">\u00c1mbar magn\u00e9tico Pro<\/td>\n<td align=\"left\">0,02 mm<\/td>\n<td align=\"left\">8000 Hz<\/td>\n<td align=\"left\">0,125 ms<\/td>\n<td align=\"left\">32.000 Hz<\/td>\n<td align=\"left\">ABS\/Aluminio<\/td>\n<td align=\"left\">PBT de doble inyecci\u00f3n \/ Impresi\u00f3n lateral<\/td>\n<td align=\"left\">SOCD Clearing, RS, DKS, TGL, Macro global<\/td>\n<\/tr>\n<tr>\n<td align=\"left\">MAD68HE (Profesional)<\/td>\n<td align=\"left\">Magnetic Amber Pro \/ Magneto Gaming<\/td>\n<td align=\"left\">0,01 mm<\/td>\n<td align=\"left\">8000 Hz<\/td>\n<td align=\"left\">0,125 ms<\/td>\n<td align=\"left\">32.000 Hz<\/td>\n<td align=\"left\">ABS\/Aluminio<\/td>\n<td align=\"left\">PBT de doble inyecci\u00f3n \/ Impresi\u00f3n lateral<\/td>\n<td align=\"left\">SOCD Clearing, RS, DKS, TGL, Macro global<\/td>\n<\/tr>\n<tr>\n<td align=\"left\">MAD68R<\/td>\n<td align=\"left\">Magn\u00e9tico de Kunlun<\/td>\n<td align=\"left\">0,01 mm<\/td>\n<td align=\"left\">8000 Hz<\/td>\n<td align=\"left\">0,125 ms<\/td>\n<td align=\"left\">32.000 Hz<\/td>\n<td align=\"left\">ABS\/Aluminio<\/td>\n<td align=\"left\">PBT de doble inyecci\u00f3n \/ Impresi\u00f3n lateral<\/td>\n<td align=\"left\">SOCD Clearing, RS, DKS, TGL, Macro global<\/td>\n<\/tr>\n<tr>\n<td align=\"left\">MAD68 PRO (Aluminio)<\/td>\n<td align=\"left\">Gateron Jade Esport Pro \/ Plata magn\u00e9tica Esport<\/td>\n<td align=\"left\">0,01 mm<\/td>\n<td align=\"left\">8000 Hz<\/td>\n<td align=\"left\">0,1 ms<\/td>\n<td align=\"left\">128.000 Hz<\/td>\n<td align=\"left\">Aluminio aeroespacial mecanizado por CNC<\/td>\n<td align=\"left\">PBT de doble inyecci\u00f3n \/ Impresi\u00f3n lateral<\/td>\n<td align=\"left\">SOCD Clearing, RS, DKS, TGL, Macro global<\/td>\n<\/tr>\n<\/tbody>\n<\/table>\n<hr \/>\n<h2 data-start=\"122\" data-end=\"186\"><strong data-start=\"122\" data-end=\"186\">Software en l\u00ednea MADLIONS: personaliza tu teclado al instante.<\/strong><\/h2>\n<p class=\"\" data-start=\"188\" data-end=\"643\">No es necesario descargar nada: el software en l\u00ednea MADLIONS te permite ajustar con precisi\u00f3n tus teclados de las series MAD60HE y MAD60 PRO directamente a trav\u00e9s de tu navegador.<br data-start=\"328\" data-end=\"331\" \/>Ajusta f\u00e1cilmente los puntos de actuaci\u00f3n, personaliza la sensibilidad del gatillo, crea macros y personaliza la iluminaci\u00f3n RGB, todo en tiempo real.<br data-start=\"457\" data-end=\"460\" \/>Experimente una precisi\u00f3n y velocidad de \u00faltima generaci\u00f3n sin las complicaciones de la instalaci\u00f3n.<br data-start=\"537\" data-end=\"540\" \/><a class=\"\" href=\"https:\/\/hub.fgg.com.cn\/\" target=\"_blank\" rel=\"nofollow noopener\" data-start=\"540\" data-end=\"585\">Acceda aqu\u00ed al software en l\u00ednea MADLIONS<\/a> \u00a1Y desbloquea todo el potencial de tu teclado al instante!<\/p>\n<h3><img loading=\"lazy\" decoding=\"async\" class=\"alignnone wp-image-2072 size-full\" title=\"MADLIONS Software\" src=\"https:\/\/halleffectkeyboard.com\/wp-content\/uploads\/2025\/04\/wed-mad60he-1-scaled.jpg\" alt=\"wed-mad60he Software\" width=\"2560\" height=\"2507\" srcset=\"https:\/\/halleffectkeyboard.com\/wp-content\/uploads\/2025\/04\/wed-mad60he-1-scaled.jpg 2560w, https:\/\/halleffectkeyboard.com\/wp-content\/uploads\/2025\/04\/wed-mad60he-1-scaled-1200x1175.jpg 1200w, https:\/\/halleffectkeyboard.com\/wp-content\/uploads\/2025\/04\/wed-mad60he-1-300x294.jpg 300w, https:\/\/halleffectkeyboard.com\/wp-content\/uploads\/2025\/04\/wed-mad60he-1-1024x1003.jpg 1024w, https:\/\/halleffectkeyboard.com\/wp-content\/uploads\/2025\/04\/wed-mad60he-1-768x752.jpg 768w, https:\/\/halleffectkeyboard.com\/wp-content\/uploads\/2025\/04\/wed-mad60he-1-1536x1504.jpg 1536w, https:\/\/halleffectkeyboard.com\/wp-content\/uploads\/2025\/04\/wed-mad60he-1-2048x2006.jpg 2048w, https:\/\/halleffectkeyboard.com\/wp-content\/uploads\/2025\/04\/wed-mad60he-1-50x50.jpg 50w\" sizes=\"auto, (max-width: 2560px) 100vw, 2560px\" data-no-translation=\"\" \/><\/h3>\n<h2>Mejora tu experiencia con MADLIONS MAD68HE<\/h2>\n<p>No importa si est\u00e1s llevando al l\u00edmite los eSports, refinando tus flujos de trabajo creativos o buscando el m\u00e1ximo rendimiento personalizable, el <strong>MADLIONS MAD68HE<\/strong> Los teclados te ofrecen todo lo que necesitas, y mucho m\u00e1s.<br \/>\n<strong><a href=\"https:\/\/halleffectkeyboard.com\/es\/producto\/madlions-mad68he\/\" target=\"_blank\" rel=\"noopener\">Experimenta la precisi\u00f3n. Experimenta MAD68HE.<\/a>.<\/strong><\/p>","protected":false},"excerpt":{"rendered":"<p>MADLIONS MAD68HE Series \u2013 Custom Magnetic Hall Effect Keyboards Unlock Ultimate Precision and Personalization with the MADLIONS MAD68HE Series. Designed for gamers, creators, and professionals who demand the best, the MADLIONS MAD68HE keyboards deliver exceptional performance, customizable aesthetics, and unmatched responsiveness. Powered by Hall Effect magnetic switches, customizable keycaps, and an ultra-high polling rate, the [&hellip;]<\/p>\n","protected":false},"featured_media":2087,"comment_status":"open","ping_status":"closed","template":"","meta":[],"product_brand":[],"product_cat":[572,322,20],"product_tag":[58,120,121,122,123],"class_list":{"0":"post-2081","1":"product","2":"type-product","3":"status-publish","4":"has-post-thumbnail","6":"product_cat-65-keyboard","7":"product_cat-hall-effect-keyboard","8":"product_cat-keyboard","9":"product_tag-hall-effect-keyboard","10":"product_tag-mad68he","11":"product_tag-mad68pro","12":"product_tag-mad68r","13":"product_tag-madlions","15":"first","16":"instock","17":"sale","18":"taxable","19":"shipping-taxable","20":"purchasable","21":"product-type-variable","22":"wvs-archive-product-wrapper"},"aioseo_notices":[],"ct_brands":[],"jetpack_sharing_enabled":true,"_links":{"self":[{"href":"https:\/\/halleffectkeyboard.com\/es\/wp-json\/wp\/v2\/product\/2081","targetHints":{"allow":["GET"]}}],"collection":[{"href":"https:\/\/halleffectkeyboard.com\/es\/wp-json\/wp\/v2\/product"}],"about":[{"href":"https:\/\/halleffectkeyboard.com\/es\/wp-json\/wp\/v2\/types\/product"}],"replies":[{"embeddable":true,"href":"https:\/\/halleffectkeyboard.com\/es\/wp-json\/wp\/v2\/comments?post=2081"}],"version-history":[{"count":8,"href":"https:\/\/halleffectkeyboard.com\/es\/wp-json\/wp\/v2\/product\/2081\/revisions"}],"predecessor-version":[{"id":2164,"href":"https:\/\/halleffectkeyboard.com\/es\/wp-json\/wp\/v2\/product\/2081\/revisions\/2164"}],"wp:featuredmedia":[{"embeddable":true,"href":"https:\/\/halleffectkeyboard.com\/es\/wp-json\/wp\/v2\/media\/2087"}],"wp:attachment":[{"href":"https:\/\/halleffectkeyboard.com\/es\/wp-json\/wp\/v2\/media?parent=2081"}],"wp:term":[{"taxonomy":"product_brand","embeddable":true,"href":"https:\/\/halleffectkeyboard.com\/es\/wp-json\/wp\/v2\/product_brand?post=2081"},{"taxonomy":"product_cat","embeddable":true,"href":"https:\/\/halleffectkeyboard.com\/es\/wp-json\/wp\/v2\/product_cat?post=2081"},{"taxonomy":"product_tag","embeddable":true,"href":"https:\/\/halleffectkeyboard.com\/es\/wp-json\/wp\/v2\/product_tag?post=2081"}],"curies":[{"name":"wp","href":"https:\/\/api.w.org\/{rel}","templated":true}]}}