{"id":1937,"date":"2025-04-23T15:57:53","date_gmt":"2025-04-23T07:57:53","guid":{"rendered":"https:\/\/halleffectkeyboard.com\/?post_type=product&#038;p=1937"},"modified":"2026-03-16T18:06:52","modified_gmt":"2026-03-16T10:06:52","slug":"mchose-ace-60-pro","status":"publish","type":"product","link":"https:\/\/halleffectkeyboard.com\/es\/producto\/mchose-ace-60-pro\/","title":{"rendered":"MCHOSE ACE 60 PRO"},"content":{"rendered":"<h2>MCHOSE Ace 60 Pro \u2013 Teclado para juegos con interruptores magn\u00e9ticos y efecto Hall<\/h2>\n<h3>Mejora tu juego. Domina cada tecla.<\/h3>\n<p>Rompe los l\u00edmites de los teclados mec\u00e1nicos tradicionales con el <strong>MCHOSE Ace 60 Pro<\/strong>, una pr\u00f3xima generaci\u00f3n <strong>Teclado magn\u00e9tico para juegos con efecto Hall<\/strong> Dise\u00f1ado para un rendimiento de \u00e9lite, una activaci\u00f3n ultrarr\u00e1pida y una personalizaci\u00f3n completa. Creado en colaboraci\u00f3n con jugadores profesionales, es la soluci\u00f3n ideal para quienes buscan velocidad, precisi\u00f3n y un control personalizado en un formato elegante y compacto.<\/p>\n<h3><img loading=\"lazy\" decoding=\"async\" class=\"alignnone size-full wp-image-1955\" src=\"https:\/\/halleffectkeyboard.com\/wp-content\/uploads\/2025\/04\/ACE-60-Pro.jpg\" alt=\"ACE-60-Pro\" width=\"2480\" height=\"2423\" srcset=\"https:\/\/halleffectkeyboard.com\/wp-content\/uploads\/2025\/04\/ACE-60-Pro.jpg 2480w, https:\/\/halleffectkeyboard.com\/wp-content\/uploads\/2025\/04\/ACE-60-Pro-1200x1172.jpg 1200w, https:\/\/halleffectkeyboard.com\/wp-content\/uploads\/2025\/04\/ACE-60-Pro-300x293.jpg 300w, https:\/\/halleffectkeyboard.com\/wp-content\/uploads\/2025\/04\/ACE-60-Pro-1024x1000.jpg 1024w, https:\/\/halleffectkeyboard.com\/wp-content\/uploads\/2025\/04\/ACE-60-Pro-768x750.jpg 768w, https:\/\/halleffectkeyboard.com\/wp-content\/uploads\/2025\/04\/ACE-60-Pro-1536x1501.jpg 1536w, https:\/\/halleffectkeyboard.com\/wp-content\/uploads\/2025\/04\/ACE-60-Pro-2048x2001.jpg 2048w, https:\/\/halleffectkeyboard.com\/wp-content\/uploads\/2025\/04\/ACE-60-Pro-50x50.jpg 50w\" sizes=\"auto, (max-width: 2480px) 100vw, 2480px\" data-no-translation=\"\" \/><\/h3>\n<h3>Interruptores magn\u00e9ticos de ultraprecisi\u00f3n<\/h3>\n<p>El Ace 60 Pro incluye <strong>Interruptores magn\u00e9ticos KTEK<\/strong> y <strong>sensores de efecto Hall personalizados<\/strong>, ofreciendo una asombrosa <strong>precisi\u00f3n de actuaci\u00f3n de 0,01 mm<\/strong>. A diferencia de los teclados mec\u00e1nicos tradicionales, este <strong>Teclado de efecto Hall<\/strong> utiliza detecci\u00f3n magn\u00e9tica para <strong>retroalimentaci\u00f3n lineal suave<\/strong>, lo que garantiza una latencia de eliminaci\u00f3n de rebotes nula, una respuesta ultrarr\u00e1pida y una durabilidad incre\u00edble.<\/p>\n<p><img loading=\"lazy\" decoding=\"async\" class=\"alignnone size-full wp-image-1956\" src=\"https:\/\/halleffectkeyboard.com\/wp-content\/uploads\/2025\/04\/mchose-ace-68.jpg\" alt=\"\" width=\"2480\" height=\"1843\" srcset=\"https:\/\/halleffectkeyboard.com\/wp-content\/uploads\/2025\/04\/mchose-ace-68.jpg 2480w, https:\/\/halleffectkeyboard.com\/wp-content\/uploads\/2025\/04\/mchose-ace-68-1200x892.jpg 1200w, https:\/\/halleffectkeyboard.com\/wp-content\/uploads\/2025\/04\/mchose-ace-68-300x223.jpg 300w, https:\/\/halleffectkeyboard.com\/wp-content\/uploads\/2025\/04\/mchose-ace-68-1024x761.jpg 1024w, https:\/\/halleffectkeyboard.com\/wp-content\/uploads\/2025\/04\/mchose-ace-68-768x571.jpg 768w, https:\/\/halleffectkeyboard.com\/wp-content\/uploads\/2025\/04\/mchose-ace-68-1536x1141.jpg 1536w, https:\/\/halleffectkeyboard.com\/wp-content\/uploads\/2025\/04\/mchose-ace-68-2048x1522.jpg 2048w\" sizes=\"auto, (max-width: 2480px) 100vw, 2480px\" data-no-translation=\"\" \/><\/p>\n<h3>Frecuencia de sondeo de 8K | Latencia de 0,1 ms<\/h3>\n<p>Con una velocidad vertiginosa <strong>Frecuencia de sondeo de 8000 Hz<\/strong> y <strong>Tiempo de respuesta de 0,1 ms<\/strong>, Cada pulsaci\u00f3n de tecla se registra instant\u00e1neamente, ideal para los eSports competitivos y los juegos de acci\u00f3n de ritmo r\u00e1pido. Compatible con un <strong>chipset personalizado de alta frecuencia de grado eSports<\/strong>, El Ace60 Pro te mantiene por delante de la competencia.<\/p>\n<p><img loading=\"lazy\" decoding=\"async\" class=\"alignnone wp-image-1957\" src=\"https:\/\/halleffectkeyboard.com\/wp-content\/uploads\/2025\/04\/3-2.jpg\" alt=\"ACE 60 WEB\" width=\"1854\" height=\"1854\" srcset=\"https:\/\/halleffectkeyboard.com\/wp-content\/uploads\/2025\/04\/3-2.jpg 1200w, https:\/\/halleffectkeyboard.com\/wp-content\/uploads\/2025\/04\/3-2-300x300.jpg 300w, https:\/\/halleffectkeyboard.com\/wp-content\/uploads\/2025\/04\/3-2-100x100.jpg 100w, https:\/\/halleffectkeyboard.com\/wp-content\/uploads\/2025\/04\/3-2-1024x1024.jpg 1024w, https:\/\/halleffectkeyboard.com\/wp-content\/uploads\/2025\/04\/3-2-150x150.jpg 150w, https:\/\/halleffectkeyboard.com\/wp-content\/uploads\/2025\/04\/3-2-768x768.jpg 768w, https:\/\/halleffectkeyboard.com\/wp-content\/uploads\/2025\/04\/3-2-600x600.jpg 600w, https:\/\/halleffectkeyboard.com\/wp-content\/uploads\/2025\/04\/3-2-50x50.jpg 50w\" sizes=\"auto, (max-width: 1854px) 100vw, 1854px\" data-no-translation=\"\" \/><\/p>\n<h3>\u00a0Dise\u00f1ado para juegos competitivos<\/h3>\n<p>El <strong>placa de posicionamiento de aleaci\u00f3n de aluminio<\/strong>, Su interior con amortiguaci\u00f3n de espuma y su s\u00f3lida construcci\u00f3n ofrecen una sensaci\u00f3n de escritura de primera calidad y una retroalimentaci\u00f3n ac\u00fastica mejorada. Ya sea que est\u00e9s jugando en casa o compitiendo en el escenario, este <strong>teclado para juegos<\/strong> Est\u00e1 optimizado para un rendimiento de \u00e9lite.<\/p>\n<h3>\u00a0Accionamiento ajustable + Gatillo r\u00e1pido<\/h3>\n<p>Personaliza los puntos de actuaci\u00f3n para cada tecla con <strong>Rango de recorrido de 0,1 mm a 3,4 mm<\/strong>, perfecto para ajustar la sensibilidad de entrada a tu estilo de juego exacto. <strong>Disparo r\u00e1pido<\/strong> Esta funci\u00f3n ajusta din\u00e1micamente los puntos de activaci\u00f3n y reinicio en tiempo real, lo que proporciona a los jugadores de FPS una ventaja competitiva gracias a la rapidez con la que pulsan las teclas y a la desactivaci\u00f3n ultrarr\u00e1pida.<\/p>\n<h3>\u00a0Soporte para funciones avanzadas y Snap Tap<\/h3>\n<p>El innovador <strong>Toque r\u00e1pido<\/strong> Esta funci\u00f3n permite que una tecla realice acciones duales (mantener pulsado para una, pulsar para otra), lo que mejora la versatilidad en el juego. Compatibilidad total con <strong>RS, SOCD, DKS, MT, TGL<\/strong> Las funciones din\u00e1micas de pulsaci\u00f3n de teclas te brindan complejas posibilidades de combinaci\u00f3n, todo al alcance de tu mano.<\/p>\n<h3>\u00a0Teclado personalizado con teclas a medida<\/h3>\n<p>Crea tu configuraci\u00f3n perfecta con <strong>compatibilidad con teclas personalizadas<\/strong> y <strong>conmutaci\u00f3n mezcla<\/strong>. Ya sea que prefieras una activaci\u00f3n suave, una respuesta t\u00e1ctil o un dise\u00f1o h\u00edbrido, el Ace60 Pro te brinda control total. Personaliza tu apariencia con <strong>Teclas de PBT de doble inyecci\u00f3n<\/strong> que resisten el desgaste y el brillo a la vez que exhiben una iluminaci\u00f3n RGB vibrante.<\/p>\n<h3>\u00a0Retroiluminaci\u00f3n RGB con luz suave MCHOSE<\/h3>\n<p>Ilumina tu estaci\u00f3n de batalla con <strong>16 millones de colores<\/strong> y <strong>22 efectos de iluminaci\u00f3n din\u00e1micos<\/strong> impulsado por un <strong>chip de control de iluminaci\u00f3n independiente<\/strong>. El avanzado de MCHOSE <strong>Tecnolog\u00eda de luz suave<\/strong> Garantiza un brillo y una temperatura de color \u00f3ptimos, perfectos para largas sesiones de juego.<\/p>\n<h3>\u00a0Memoria integrada y software de centro web<\/h3>\n<p>El Ace60 Pro incluye <strong>memoria integrada<\/strong>, lo que le permite guardar perfiles y configuraciones directamente en el teclado. Utilice el <strong>MCHOSE se desarroll\u00f3 por su cuenta <a href=\"https:\/\/www.mchose.com.cn:9999\/#\/connectDevice\">controlador web<\/a><\/strong> Para reasignar teclas, ajustar la iluminaci\u00f3n, crear macros y perfeccionar cada detalle, todo ello a trav\u00e9s de una interfaz elegante e intuitiva.<\/p>\n<hr \/>\n<h3>\u00a0\u00bfQu\u00e9 hay en la caja?<\/h3>\n<ul>\n<li>1 teclado MCHOSE Ace60 Pro<\/li>\n<li>1 cable USB tipo C<\/li>\n<li>1 extractor de teclas\/interruptores<\/li>\n<li>2 interruptores magn\u00e9ticos de repuesto<\/li>\n<li>1\u00d7 Funda antipolvo<\/li>\n<li>1\u00d7 Gu\u00eda del usuario<\/li>\n<\/ul>\n<hr \/>\n<h3>\u00a0Presupuesto<\/h3>\n<ul>\n<li><strong>Disposici\u00f3n<\/strong>: 60% Compacto | 61 teclas<\/li>\n<li><strong>Opciones de cambio<\/strong>: KTEK Magn\u00e9tico \/ Azul Hielo Magn\u00e9tico \/ TTC Urano<\/li>\n<li><strong>Rango de actuaci\u00f3n<\/strong>: 0,1\u20133,4 mm<\/li>\n<li><strong>Gama RT<\/strong>: 0,01\u20133,4 mm<\/li>\n<li><strong>Precisi\u00f3n<\/strong>: 0,01 mm<\/li>\n<li><strong>\u00cdndice de sondeo<\/strong>: 8K<\/li>\n<li><strong>Estado latente<\/strong>: 0,1 ms<\/li>\n<li><strong>Conexi\u00f3n<\/strong>: Cableado<\/li>\n<li><strong>Dimensiones<\/strong>: 29 \u00d7 10 \u00d7 2,8 cm<\/li>\n<\/ul>\n<hr \/>\n<h2>MCHOSE Ace 60 \u2013 Rendimiento optimizado, simplicidad magn\u00e9tica<\/h2>\n<p>Para aquellos que buscan un rendimiento de nivel profesional en un paquete m\u00e1s accesible, el <strong>Ace 60<\/strong> ofrece potentes caracter\u00edsticas con <strong>Interruptores magn\u00e9ticos azul hielo<\/strong>, <strong>precisi\u00f3n de actuaci\u00f3n de 0,02 mm<\/strong>, y <strong>tasa de sondeo de 1K<\/strong>. Perfecto para jugadores competitivos que desean los beneficios principales de un <strong>teclado con interruptores magn\u00e9ticos<\/strong> con un dise\u00f1o minimalista y de alto rendimiento.<\/p>","protected":false},"excerpt":{"rendered":"<p>MCHOSE Ace 60 Pro \u2013 Teclado para juegos 60% con efecto Hall, tasa de sondeo de 8K, Rapid Trigger e interruptores magn\u00e9ticos ultraprecisos de 0,01 mm.<\/p>","protected":false},"featured_media":1944,"comment_status":"open","ping_status":"closed","template":"","meta":[],"product_brand":[21],"product_cat":[322,20],"product_tag":[70,58,69],"class_list":{"0":"post-1937","1":"product","2":"type-product","3":"status-publish","4":"has-post-thumbnail","6":"product_brand-mchose","7":"product_cat-hall-effect-keyboard","8":"product_cat-keyboard","9":"product_tag-ace-60-pro","10":"product_tag-hall-effect-keyboard","11":"product_tag-mchose","13":"first","14":"instock","15":"sale","16":"taxable","17":"shipping-taxable","18":"purchasable","19":"product-type-variable","20":"wvs-archive-product-wrapper"},"aioseo_notices":[],"ct_brands":[{"id":21,"name":"MCHOSE","slug":"mchose"}],"jetpack_sharing_enabled":true,"_links":{"self":[{"href":"https:\/\/halleffectkeyboard.com\/es\/wp-json\/wp\/v2\/product\/1937","targetHints":{"allow":["GET"]}}],"collection":[{"href":"https:\/\/halleffectkeyboard.com\/es\/wp-json\/wp\/v2\/product"}],"about":[{"href":"https:\/\/halleffectkeyboard.com\/es\/wp-json\/wp\/v2\/types\/product"}],"replies":[{"embeddable":true,"href":"https:\/\/halleffectkeyboard.com\/es\/wp-json\/wp\/v2\/comments?post=1937"}],"version-history":[{"count":6,"href":"https:\/\/halleffectkeyboard.com\/es\/wp-json\/wp\/v2\/product\/1937\/revisions"}],"predecessor-version":[{"id":1992,"href":"https:\/\/halleffectkeyboard.com\/es\/wp-json\/wp\/v2\/product\/1937\/revisions\/1992"}],"wp:featuredmedia":[{"embeddable":true,"href":"https:\/\/halleffectkeyboard.com\/es\/wp-json\/wp\/v2\/media\/1944"}],"wp:attachment":[{"href":"https:\/\/halleffectkeyboard.com\/es\/wp-json\/wp\/v2\/media?parent=1937"}],"wp:term":[{"taxonomy":"product_brand","embeddable":true,"href":"https:\/\/halleffectkeyboard.com\/es\/wp-json\/wp\/v2\/product_brand?post=1937"},{"taxonomy":"product_cat","embeddable":true,"href":"https:\/\/halleffectkeyboard.com\/es\/wp-json\/wp\/v2\/product_cat?post=1937"},{"taxonomy":"product_tag","embeddable":true,"href":"https:\/\/halleffectkeyboard.com\/es\/wp-json\/wp\/v2\/product_tag?post=1937"}],"curies":[{"name":"wp","href":"https:\/\/api.w.org\/{rel}","templated":true}]}}