{"id":2239,"date":"2025-05-05T19:49:51","date_gmt":"2025-05-05T11:49:51","guid":{"rendered":"https:\/\/halleffectkeyboard.com\/?page_id=2239"},"modified":"2025-05-05T19:49:52","modified_gmt":"2025-05-05T11:49:52","slug":"refund-and-returns-policy","status":"publish","type":"page","link":"https:\/\/halleffectkeyboard.com\/es\/politica-de-reembolsos-y-devoluciones\/","title":{"rendered":"Pol\u00edtica de reembolsos y devoluciones"},"content":{"rendered":"<h2 class=\"wp-block-heading\">\u00c1mbito de aplicaci\u00f3n<\/h2>\n\n\n\n<p>Las siguientes pol\u00edticas se aplican \u00fanicamente a los productos comprados en\u00a0<a href=\"https:\/\/halleffectkeyboard.com\/es\/\" target=\"_blank\" rel=\"noopener\" title=\"\">teclado de efecto de sala.com<\/a>. Si adquiri\u00f3 su art\u00edculo en otro lugar, comun\u00edquese con el vendedor original para devoluciones o asistencia al cliente. Si tiene alg\u00fan problema o pregunta sobre el producto, puede contactarnos a trav\u00e9s de support@halleffectkeyboard.com.<\/p>\n\n\n\n<h2 class=\"wp-block-heading\">Cancelaci\u00f3n de pedido<\/h2>\n\n\n\n<p>Si desea cancelar un pedido, solic\u00edtelo antes de que se env\u00ede. Por lo general, tardamos entre 1 y 3 d\u00edas h\u00e1biles en procesar los pedidos. Si el pedido ya se ha enviado, le enviaremos una notificaci\u00f3n por correo electr\u00f3nico.<\/p>\n\n\n\n<p>Si desea cancelar el pedido una vez enviado, intentaremos contactar con la empresa de mensajer\u00eda para interceptar el paquete; sin embargo, no podemos garantizar la interceptaci\u00f3n. Si lo conseguimos, cancelaremos el pedido, pero los gastos de env\u00edo no son reembolsables. Si la interceptaci\u00f3n falla, deber\u00e1 devolver el paquete una vez que lo reciba. Usted ser\u00e1 responsable de los gastos de env\u00edo de la devoluci\u00f3n. Tras comprobar el estado del paquete devuelto, le reembolsaremos el precio del producto. Tenga en cuenta que los gastos de env\u00edo no son reembolsables.<\/p>\n\n\n\n<h2 class=\"wp-block-heading\">Pol\u00edtica de devoluciones de 7 d\u00edas<\/h2>\n\n\n\n<p>Ofrecemos una pol\u00edtica de devoluciones de 7 d\u00edas, lo que le permite solicitar una devoluci\u00f3n dentro de los 7 d\u00edas posteriores a la recepci\u00f3n de su art\u00edculo (seg\u00fan lo confirme el registro de seguimiento del env\u00edo).<\/p>\n\n\n\n<p>Para poder optar a una devoluci\u00f3n, su art\u00edculo debe cumplir los siguientes criterios:<\/p>\n\n\n\n<ul class=\"wp-block-list\">\n<li>El art\u00edculo debe estar en las mismas condiciones en que lo recibi\u00f3.<\/li>\n\n\n\n<li>Debe estar sin estrenar o sin usar, con las etiquetas puestas.<\/li>\n\n\n\n<li>El art\u00edculo debe estar en su embalaje original.<\/li>\n\n\n\n<li>Debe presentar el recibo o comprobante de compra.<\/li>\n<\/ul>\n\n\n\n<p><strong>Costos de env\u00edo<\/strong>Los gastos de env\u00edo de la devoluci\u00f3n corren a cargo del cliente. Tenga en cuenta que los gastos de env\u00edo originales y los aranceles aduaneros no son reembolsables.<\/p>\n\n\n\n<h2 class=\"wp-block-heading\">Excepciones\/Art\u00edculos no retornables<\/h2>\n\n\n\n<ul class=\"wp-block-list\">\n<li>Art\u00edculos en oferta<\/li>\n\n\n\n<li>Tarjetas de regalo<\/li>\n<\/ul>\n\n\n\n<p>Nuestra pol\u00edtica de devoluciones se aplica exclusivamente a productos de uso personal y no cubre usos comerciales, de alquiler ni usos no previstos. Asimismo, no se aceptar\u00e1n devoluciones por da\u00f1os derivados de un uso indebido, un mantenimiento inadecuado, la falta de mantenimiento preventivo o el incumplimiento de las instrucciones del manual de usuario.<\/p>\n\n\n\n<p>Tenga en cuenta que no se aceptan devoluciones aleatorias. Solo se permiten devoluciones de productos con problemas de calidad que no se puedan resolver mediante el soporte t\u00e9cnico. Al recibir su pedido, inspecci\u00f3nelo cuidadosamente. Si descubre alg\u00fan defecto, da\u00f1o o si recibi\u00f3 el art\u00edculo incorrecto, comun\u00edquese con nosotros de inmediato a trav\u00e9s de\u00a0<a href=\"mailto:support@halleffectkeyboard.com\" title=\"\">support@halleffectkeyboard.com<\/a>. Incluya una foto del paquete y del producto, su n\u00famero de pedido y una descripci\u00f3n del problema. Esto nos permitir\u00e1 evaluar y solucionar la situaci\u00f3n con prontitud.<\/p>\n\n\n\n<h2 class=\"wp-block-heading\">Proceso de devoluci\u00f3n<\/h2>\n\n\n\n<ol class=\"wp-block-list\">\n<li><strong>Contacte con el servicio de atenci\u00f3n al cliente:\u00a0<\/strong>Comun\u00edquese con nuestro servicio de atenci\u00f3n al cliente en\u00a0<a href=\"mailto:support@halleffectkeyboard.com\" title=\"\">support@halleffectkeyboard.com<\/a>\u00a0Para iniciar una consulta sobre devoluciones o reembolsos, incluya su n\u00famero de pedido y el motivo de la devoluci\u00f3n en su mensaje.<\/li>\n\n\n\n<li><strong>Aprobaci\u00f3n de devoluci\u00f3n:\u00a0<\/strong>Una vez que nuestro equipo apruebe su solicitud de devoluci\u00f3n, recibir\u00e1 m\u00e1s instrucciones por correo electr\u00f3nico.<\/li>\n\n\n\n<li><strong>Empaqueta tu art\u00edculo:\u00a0<\/strong>Empaque el art\u00edculo de forma segura en su embalaje original para garantizar un transporte seguro.<\/li>\n\n\n\n<li><strong>Instrucciones de env\u00edo:\u00a0<\/strong>Una vez autorizada la devoluci\u00f3n, nuestro equipo de atenci\u00f3n al cliente le facilitar\u00e1 la direcci\u00f3n de env\u00edo, incluyendo los datos del destinatario y su n\u00famero de tel\u00e9fono.<\/li>\n<\/ol>\n\n\n\n<h2 class=\"wp-block-heading\">Reembolsos<\/h2>\n\n\n\n<p>Le notificaremos una vez que hayamos recibido e inspeccionado su devoluci\u00f3n y le informaremos si su reembolso ha sido aprobado. De ser aprobado, el reembolso se procesar\u00e1 a su m\u00e9todo de pago original en un plazo de 10 d\u00edas h\u00e1biles. Tenga en cuenta que su banco o compa\u00f1\u00eda de tarjeta de cr\u00e9dito podr\u00eda tardar m\u00e1s tiempo en procesar y reflejar el reembolso.<\/p>\n\n\n\n<p>Si han transcurrido m\u00e1s de 15 d\u00edas h\u00e1biles desde que aprobamos su reembolso y no lo ha recibido, p\u00f3ngase en contacto con nosotros para confirmar el estado en\u00a0<a href=\"mailto:support@aulakeyboard.com\">apoyo@<\/a><a href=\"mailto:support@halleffectkeyboard.com\" title=\"\">teclado de efecto Hall<\/a><a href=\"mailto:support@aulakeyboard.com\">.com<\/a>.<\/p>\n\n\n\n<h2 class=\"wp-block-heading\">Intercambios<\/h2>\n\n\n\n<p>Solo ofrecemos cambios para art\u00edculos que est\u00e9n defectuosos o da\u00f1ados al recibirlos. Si necesita cambiar un art\u00edculo por el mismo producto, la forma m\u00e1s r\u00e1pida de garantizar un proceso de cambio sin problemas es la siguiente:<\/p>\n\n\n\n<ol class=\"wp-block-list\">\n<li>Inicie el proceso de devoluci\u00f3n del art\u00edculo defectuoso o da\u00f1ado siguiendo los pasos descritos en nuestra Pol\u00edtica de devoluciones.<\/li>\n\n\n\n<li>Una vez que su devoluci\u00f3n sea aceptada y procesada, realice una compra por separado del nuevo art\u00edculo que desea recibir.<\/li>\n<\/ol>\n\n\n\n<h2 class=\"wp-block-heading\">Descargo de responsabilidad<\/h2>\n\n\n\n<p>Tenga en cuenta que no nos hacemos responsables de los da\u00f1os indirectos derivados del uso del producto. Asimismo, nuestra pol\u00edtica de reembolsos no cubre los da\u00f1os causados por factores externos.<\/p>\n\n\n\n<p>Si tiene alguna pregunta sobre la devoluci\u00f3n o el cambio de su art\u00edculo, p\u00f3ngase en contacto con nosotros en\u00a0<a href=\"mailto:support@halleffectkeyboard.com\" title=\"\">support@halleffectkeyboard.com<\/a>.<\/p>\n\n\n\n<p><\/p>","protected":false},"excerpt":{"rendered":"<p>Scope of Application The following policies apply only to products purchased from\u00a0halleffectkeyboard.com. If you purchased your item elsewhere, please contact the original retailer for returns or customer support.\u00a0If you have any product issues or questions, you are welcome to contact us at\u00a0support@halleffectkeyboard.com. Order Cancellation Should you wish to cancel an order, please make the request [&hellip;]<\/p>\n","protected":false},"author":1,"featured_media":0,"parent":0,"menu_order":0,"comment_status":"closed","ping_status":"closed","template":"","meta":{"footnotes":""},"class_list":["post-2239","page","type-page","status-publish","hentry"],"blocksy_meta":[],"aioseo_notices":[],"jetpack_sharing_enabled":true,"_links":{"self":[{"href":"https:\/\/halleffectkeyboard.com\/es\/wp-json\/wp\/v2\/pages\/2239","targetHints":{"allow":["GET"]}}],"collection":[{"href":"https:\/\/halleffectkeyboard.com\/es\/wp-json\/wp\/v2\/pages"}],"about":[{"href":"https:\/\/halleffectkeyboard.com\/es\/wp-json\/wp\/v2\/types\/page"}],"author":[{"embeddable":true,"href":"https:\/\/halleffectkeyboard.com\/es\/wp-json\/wp\/v2\/users\/1"}],"replies":[{"embeddable":true,"href":"https:\/\/halleffectkeyboard.com\/es\/wp-json\/wp\/v2\/comments?post=2239"}],"version-history":[{"count":2,"href":"https:\/\/halleffectkeyboard.com\/es\/wp-json\/wp\/v2\/pages\/2239\/revisions"}],"predecessor-version":[{"id":2271,"href":"https:\/\/halleffectkeyboard.com\/es\/wp-json\/wp\/v2\/pages\/2239\/revisions\/2271"}],"wp:attachment":[{"href":"https:\/\/halleffectkeyboard.com\/es\/wp-json\/wp\/v2\/media?parent=2239"}],"curies":[{"name":"wp","href":"https:\/\/api.w.org\/{rel}","templated":true}]}}