{"id":6143,"date":"2026-05-15T11:48:07","date_gmt":"2026-05-15T03:48:07","guid":{"rendered":"https:\/\/halleffectkeyboard.com\/?post_type=product&#038;p=6143"},"modified":"2026-05-15T11:48:08","modified_gmt":"2026-05-15T03:48:08","slug":"payson-semi-transparent-keycaps-2","status":"publish","type":"product","link":"https:\/\/halleffectkeyboard.com\/de\/produkt\/payson-halbtransparente-tastenkappen-2\/","title":{"rendered":"PAYSON Halbtransparente Tastenkappen"},"content":{"rendered":"<h1><strong>PAYSON Halbtransparente Tastenkappen: Beleuchten Sie Ihr Tipperlebnis<\/strong><\/h1>\n<p>Verleihen Sie Ihrer mechanischen Tastatur mit dem <strong>PAYSON Halbtransparente Tastenkappen<\/strong>. Diese Produkte wurden f\u00fcr Enthusiasten entwickelt, die sowohl Wert auf \u00c4sthetik als auch auf Leistung legen. <strong>halbtransparente ABS-Tastenkappen<\/strong> bieten ein atemberaubendes visuelles Erlebnis. Egal, ob Sie ein neues System zusammenstellen oder Ihr Alltagsfahrzeug aufr\u00fcsten, unsere <strong>Mechanische Tastaturkappen im OEM-Profil<\/strong> bieten die perfekte Balance aus leuchtendem Design und ergonomischem Komfort.<br \/>\n<img loading=\"lazy\" decoding=\"async\" class=\"alignnone size-full wp-image-6150\" src=\"https:\/\/halleffectkeyboard.com\/wp-content\/uploads\/2026\/05\/2-65-scaled.jpg\" alt=\"PAYSON Semi-Transparent Keycaps\" width=\"2560\" height=\"1437\" srcset=\"https:\/\/halleffectkeyboard.com\/wp-content\/uploads\/2026\/05\/2-65-scaled.jpg 2560w, https:\/\/halleffectkeyboard.com\/wp-content\/uploads\/2026\/05\/2-65-300x168.jpg 300w, https:\/\/halleffectkeyboard.com\/wp-content\/uploads\/2026\/05\/2-65-1024x575.jpg 1024w, https:\/\/halleffectkeyboard.com\/wp-content\/uploads\/2026\/05\/2-65-768x431.jpg 768w, https:\/\/halleffectkeyboard.com\/wp-content\/uploads\/2026\/05\/2-65-1536x862.jpg 1536w, https:\/\/halleffectkeyboard.com\/wp-content\/uploads\/2026\/05\/2-65-2048x1150.jpg 2048w, https:\/\/halleffectkeyboard.com\/wp-content\/uploads\/2026\/05\/2-65-18x10.jpg 18w, https:\/\/halleffectkeyboard.com\/wp-content\/uploads\/2026\/05\/2-65-1200x674.jpg 1200w\" sizes=\"auto, (max-width: 2560px) 100vw, 2560px\" data-no-translation=\"\" \/><\/p>\n<h3><strong>Hauptmerkmale und Vorteile<\/strong><\/h3>\n<ul>\n<li><strong>Atemberaubende Hintergrundbeleuchtung:<\/strong>\u00a0Entworfen als\u00a0<strong>Tastenkappen mit Hintergrundbeleuchtung<\/strong>, Die durchscheinenden Sockel lassen die RGB-Beleuchtung Ihrer Tastatur wundersch\u00f6n durchscheinen und machen sie somit zur perfekten Wahl.\u00a0<strong>durchscheinende Tastenkappen f\u00fcr Spiele<\/strong>\u00a0Setups oder schwach beleuchtete Umgebungen.<\/li>\n<li><strong>Erstklassige Doppelschuss-Verarbeitung:<\/strong>\u00a0Diese\u00a0<strong>Doppelt spritzgegossene Tastenkappen<\/strong>\u00a0scharfe Details,\u00a0<strong>nicht-transparente Tastenkappen<\/strong>\u00a0Das Design sorgt daf\u00fcr, dass die Zeichen scharf und lesbar bleiben und Ihnen Folgendes bieten:\u00a0<strong>langlebige, farbechte Tastenkappen<\/strong>\u00a0das auch nach jahrelanger intensiver Nutzung nicht verblasst.<\/li>\n<li><strong>\u00dcberragendes Tippgef\u00fchl:<\/strong>\u00a0Diese werden aus hochwertigen Materialien hergestellt.\u00a0<strong>robuste Tastenkappen aus ABS-Kunststoff<\/strong>\u00a0widerstehen Verschlei\u00df und Kratzern und bieten eine\u00a0<strong>Tastenkappensatz f\u00fcr leichtg\u00e4ngiges Tippen<\/strong>\u00a0Ein Erlebnis, das sich gro\u00dfartig unter Ihren Fingern anf\u00fchlt.<\/li>\n<li><strong>Ergonomischer Komfort:<\/strong>\u00a0Der\u00a0<strong>ergonomische Tastenkappen in OEM-H\u00f6he<\/strong>\u00a0Sie bieten eine vertraute, nat\u00fcrlich geneigte Form, die die Erm\u00fcdung der Finger deutlich reduziert und sich ideal f\u00fcr l\u00e4ngere Arbeits- oder Gaming-Sessions eignet.<br \/>\n<img loading=\"lazy\" decoding=\"async\" class=\"alignnone size-full wp-image-6149\" src=\"https:\/\/halleffectkeyboard.com\/wp-content\/uploads\/2026\/05\/1-58-scaled.jpg\" alt=\"PAYSON Semi-Transparent Keycaps\" width=\"2560\" height=\"1437\" srcset=\"https:\/\/halleffectkeyboard.com\/wp-content\/uploads\/2026\/05\/1-58-scaled.jpg 2560w, https:\/\/halleffectkeyboard.com\/wp-content\/uploads\/2026\/05\/1-58-300x168.jpg 300w, https:\/\/halleffectkeyboard.com\/wp-content\/uploads\/2026\/05\/1-58-1024x575.jpg 1024w, https:\/\/halleffectkeyboard.com\/wp-content\/uploads\/2026\/05\/1-58-768x431.jpg 768w, https:\/\/halleffectkeyboard.com\/wp-content\/uploads\/2026\/05\/1-58-1536x862.jpg 1536w, https:\/\/halleffectkeyboard.com\/wp-content\/uploads\/2026\/05\/1-58-2048x1150.jpg 2048w, https:\/\/halleffectkeyboard.com\/wp-content\/uploads\/2026\/05\/1-58-18x10.jpg 18w, https:\/\/halleffectkeyboard.com\/wp-content\/uploads\/2026\/05\/1-58-1200x674.jpg 1200w\" sizes=\"auto, (max-width: 2560px) 100vw, 2560px\" data-no-translation=\"\" \/><\/li>\n<\/ul>\n<h3><strong>Drei zeitlose Farbvarianten<\/strong><\/h3>\n<p>W\u00e4hlen Sie die perfekte \u00c4sthetik, die zu Ihrem Schreibtisch-Setup passt:<\/p>\n<ul>\n<li><strong>Han White Jade Tastenkappenset:<\/strong>\u00a0Rein und elegant\u00a0<strong>minimalistische wei\u00dfe Tastenkappen<\/strong>\u00a0f\u00fcr einen sauberen, anspruchsvollen Arbeitsplatz.<\/li>\n<li><strong>Sakura Pink halbtransparente Tastenkappen:<\/strong>\u00a0Sanft und vertr\u00e4umt\u00a0<strong>niedliche, rosa, halbtransparente Tastenkappen<\/strong>\u00a0die Ihrem Board eine lebendige Note verleihen.<\/li>\n<li><strong>Grandma Green ABS-Tastenkappen:<\/strong>\u00a0Einzigartig und stilvoll\u00a0<strong>Retro-gr\u00fcne mechanische Tastatur-Tastenkappen<\/strong>\u00a0f\u00fcr eine Vintage- und gleichzeitig moderne Atmosph\u00e4re.<br \/>\n<img loading=\"lazy\" decoding=\"async\" class=\"alignnone size-full wp-image-6152\" src=\"https:\/\/halleffectkeyboard.com\/wp-content\/uploads\/2026\/05\/4-63-scaled.jpg\" alt=\"PAYSON Semi-Transparent Keycaps\" width=\"2560\" height=\"1437\" srcset=\"https:\/\/halleffectkeyboard.com\/wp-content\/uploads\/2026\/05\/4-63-scaled.jpg 2560w, https:\/\/halleffectkeyboard.com\/wp-content\/uploads\/2026\/05\/4-63-300x168.jpg 300w, https:\/\/halleffectkeyboard.com\/wp-content\/uploads\/2026\/05\/4-63-1024x575.jpg 1024w, https:\/\/halleffectkeyboard.com\/wp-content\/uploads\/2026\/05\/4-63-768x431.jpg 768w, https:\/\/halleffectkeyboard.com\/wp-content\/uploads\/2026\/05\/4-63-1536x862.jpg 1536w, https:\/\/halleffectkeyboard.com\/wp-content\/uploads\/2026\/05\/4-63-2048x1150.jpg 2048w, https:\/\/halleffectkeyboard.com\/wp-content\/uploads\/2026\/05\/4-63-18x10.jpg 18w, https:\/\/halleffectkeyboard.com\/wp-content\/uploads\/2026\/05\/4-63-1200x674.jpg 1200w\" sizes=\"auto, (max-width: 2560px) 100vw, 2560px\" data-no-translation=\"\" \/><\/li>\n<\/ul>\n<h3><strong>Ultimative Kompatibilit\u00e4t<\/strong><\/h3>\n<p>Die passende Gr\u00f6\u00dfe zu finden ist einfach. <strong>118-Tasten-Vollset<\/strong> Beinhaltet alle wichtigen Tasten und Modifikatoren. <strong>universelle mechanische Tastatur-Tastenkappen<\/strong>, Sie sind so konzipiert, dass sie nahtlos in Cherry-MX-kompatible Schalter passen. Egal ob Sie ein kompaktes oder ein normalgro\u00dfes Keyboard verwenden, diese sind <strong>61\/64\/68\/75\/87\/104 kompatible Tastenkappen<\/strong> (unterst\u00fctzt auch 98- und 100-Tasten-Layouts), was es zu einem \u00e4u\u00dferst vielseitigen Ger\u00e4t macht. <strong>Premium-ABS-Tastenkappenset f\u00fcr individuelle Tastaturen<\/strong>.<br \/>\n<img loading=\"lazy\" decoding=\"async\" class=\"alignnone size-full wp-image-6151\" src=\"https:\/\/halleffectkeyboard.com\/wp-content\/uploads\/2026\/05\/3-65-scaled.jpg\" alt=\"PAYSON Semi-Transparent Keycaps\" width=\"2560\" height=\"1437\" srcset=\"https:\/\/halleffectkeyboard.com\/wp-content\/uploads\/2026\/05\/3-65-scaled.jpg 2560w, https:\/\/halleffectkeyboard.com\/wp-content\/uploads\/2026\/05\/3-65-300x168.jpg 300w, https:\/\/halleffectkeyboard.com\/wp-content\/uploads\/2026\/05\/3-65-1024x575.jpg 1024w, https:\/\/halleffectkeyboard.com\/wp-content\/uploads\/2026\/05\/3-65-768x431.jpg 768w, https:\/\/halleffectkeyboard.com\/wp-content\/uploads\/2026\/05\/3-65-1536x862.jpg 1536w, https:\/\/halleffectkeyboard.com\/wp-content\/uploads\/2026\/05\/3-65-2048x1150.jpg 2048w, https:\/\/halleffectkeyboard.com\/wp-content\/uploads\/2026\/05\/3-65-18x10.jpg 18w, https:\/\/halleffectkeyboard.com\/wp-content\/uploads\/2026\/05\/3-65-1200x674.jpg 1200w\" sizes=\"auto, (max-width: 2560px) 100vw, 2560px\" data-no-translation=\"\" \/> <img loading=\"lazy\" decoding=\"async\" class=\"alignnone size-full wp-image-6154\" src=\"https:\/\/halleffectkeyboard.com\/wp-content\/uploads\/2026\/05\/6-28-scaled.jpg\" alt=\"PAYSON Semi-Transparent Keycaps\" width=\"2560\" height=\"1437\" srcset=\"https:\/\/halleffectkeyboard.com\/wp-content\/uploads\/2026\/05\/6-28-scaled.jpg 2560w, https:\/\/halleffectkeyboard.com\/wp-content\/uploads\/2026\/05\/6-28-300x168.jpg 300w, https:\/\/halleffectkeyboard.com\/wp-content\/uploads\/2026\/05\/6-28-1024x575.jpg 1024w, https:\/\/halleffectkeyboard.com\/wp-content\/uploads\/2026\/05\/6-28-768x431.jpg 768w, https:\/\/halleffectkeyboard.com\/wp-content\/uploads\/2026\/05\/6-28-1536x862.jpg 1536w, https:\/\/halleffectkeyboard.com\/wp-content\/uploads\/2026\/05\/6-28-2048x1150.jpg 2048w, https:\/\/halleffectkeyboard.com\/wp-content\/uploads\/2026\/05\/6-28-18x10.jpg 18w, https:\/\/halleffectkeyboard.com\/wp-content\/uploads\/2026\/05\/6-28-1200x674.jpg 1200w\" sizes=\"auto, (max-width: 2560px) 100vw, 2560px\" data-no-translation=\"\" \/> <img loading=\"lazy\" decoding=\"async\" class=\"alignnone size-full wp-image-6153\" src=\"https:\/\/halleffectkeyboard.com\/wp-content\/uploads\/2026\/05\/5-58-scaled.jpg\" alt=\"PAYSON Semi-Transparent Keycaps\" width=\"2560\" height=\"1437\" srcset=\"https:\/\/halleffectkeyboard.com\/wp-content\/uploads\/2026\/05\/5-58-scaled.jpg 2560w, https:\/\/halleffectkeyboard.com\/wp-content\/uploads\/2026\/05\/5-58-300x168.jpg 300w, https:\/\/halleffectkeyboard.com\/wp-content\/uploads\/2026\/05\/5-58-1024x575.jpg 1024w, https:\/\/halleffectkeyboard.com\/wp-content\/uploads\/2026\/05\/5-58-768x431.jpg 768w, https:\/\/halleffectkeyboard.com\/wp-content\/uploads\/2026\/05\/5-58-1536x862.jpg 1536w, https:\/\/halleffectkeyboard.com\/wp-content\/uploads\/2026\/05\/5-58-2048x1150.jpg 2048w, https:\/\/halleffectkeyboard.com\/wp-content\/uploads\/2026\/05\/5-58-18x10.jpg 18w, https:\/\/halleffectkeyboard.com\/wp-content\/uploads\/2026\/05\/5-58-1200x674.jpg 1200w\" sizes=\"auto, (max-width: 2560px) 100vw, 2560px\" data-no-translation=\"\" \/><\/p>\n<h3><strong>Produktspezifikationen<\/strong><\/h3>\n<table>\n<thead>\n<tr>\n<th>Besonderheit<\/th>\n<th>Details<\/th>\n<\/tr>\n<\/thead>\n<tbody>\n<tr>\n<td><strong>Produktname<\/strong><\/td>\n<td><strong>PAYSON Halbtransparente Tastenkappen<\/strong>\u00a0(Han White Jade \/ Sakura Pink \/ Grandma Green)<\/td>\n<\/tr>\n<tr>\n<td><strong>Material<\/strong><\/td>\n<td><strong>ABS-Tastenkappen<\/strong>\u00a0(Hochwertiger, langlebiger Kunststoff)<\/td>\n<\/tr>\n<tr>\n<td><strong>Herstellungsprozess<\/strong><\/td>\n<td>Doppelkomponenten-Spritzguss<\/td>\n<\/tr>\n<tr>\n<td><strong>Tastenkappenprofil<\/strong><\/td>\n<td>OEM (Original) Profil<\/td>\n<\/tr>\n<tr>\n<td><strong>Menge<\/strong><\/td>\n<td>118-Tasten kleines Komplettset<\/td>\n<\/tr>\n<tr>\n<td><strong>Hintergrundbeleuchtungsunterst\u00fctzung<\/strong><\/td>\n<td><strong>Halbtransparente Tastenkappen<\/strong>\u00a0Basis f\u00fcr RGB-\u00dcbertragung; nicht transparente Beschriftungen<\/td>\n<\/tr>\n<tr>\n<td><strong>Schalterkompatibilit\u00e4t<\/strong><\/td>\n<td>Passend f\u00fcr Schalter im Cherry-MX-Stil und Klone.<\/td>\n<\/tr>\n<tr>\n<td><strong>Layoutkompatibilit\u00e4t<\/strong><\/td>\n<td>Unterst\u00fctzt 61 \/ 64 \/ 68 \/ 75 \/ 87 \/ 98 \/ 100 \/ 104-Pixel-Layouts<\/td>\n<\/tr>\n<\/tbody>\n<\/table>\n<h3><strong>Lieferumfang<\/strong><\/h3>\n<ul>\n<li>1 \u00d7 Halbtransparenter ABS-Tastenkappensatz (118 Tasten)<\/li>\n<\/ul>\n<h3><strong>Wichtige Hinweise:<\/strong><\/h3>\n<ul>\n<li><strong>Nur Tastenkappen:<\/strong>\u00a0Dieses Produkt umfasst ausschlie\u00dflich das Tastenkappenset. Tastaturen, Schalter und anderes Zubeh\u00f6r, das in Abbildung images gezeigt wird, sind nicht enthalten.<\/li>\n<li><strong>Farbabweichung:<\/strong>\u00a0Geringf\u00fcgige Farbabweichungen k\u00f6nnen aufgrund unterschiedlicher Monitor- und Bildschirmdarstellungen auftreten.<\/li>\n<li><strong>\u00dcberpr\u00fcfen Sie Ihr Layout:<\/strong>\u00a0Bitte pr\u00fcfen Sie vor dem Kauf, ob die Kompatibilit\u00e4t mit Ihrem spezifischen mechanischen Tastaturlayout gegeben ist.<\/li>\n<\/ul>","protected":false},"excerpt":{"rendered":"<ul>\n<li><strong>Material:<\/strong>\u00a0Hochwertiges ABS mit Doppelspritzgussverfahren f\u00fcr gestochen scharfe, lichtbest\u00e4ndige Beschriftungen.<\/li>\n<li><strong>Profil:<\/strong>\u00a0Ergonomische OEM-H\u00f6he f\u00fcr komfortables Tippen.<\/li>\n<li><strong>Design:<\/strong>\u00a0Durchscheinende Sockel mit nicht-transparenten Buchstaben f\u00fcr den perfekten RGB-Leuchteffekt.<\/li>\n<li><strong>Kompatibilit\u00e4t:<\/strong>\u00a0Das 118-Tasten-Set passt auf die meisten mechanischen Tastaturen mit 61 bis 104 Tasten.<\/li>\n<li><strong>Farben:<\/strong>\u00a0Erh\u00e4ltlich in Han White Jade, Sakura Pink und Grandma Green.<\/li>\n<\/ul>","protected":false},"featured_media":6148,"comment_status":"open","ping_status":"closed","template":"","meta":[],"product_brand":[678],"product_cat":[134],"product_tag":[136,374],"class_list":{"0":"post-6143","1":"product","2":"type-product","3":"status-publish","4":"has-post-thumbnail","6":"product_brand-payson","7":"product_cat-keycaps","8":"product_tag-keycaps","9":"product_tag-translucent-keycaps","11":"first","12":"instock","13":"taxable","14":"shipping-taxable","15":"purchasable","16":"product-type-variable","17":"wvs-archive-product-wrapper"},"aioseo_notices":[],"ct_brands":[{"id":678,"name":"PAYSON","slug":"payson"}],"jetpack_sharing_enabled":true,"_links":{"self":[{"href":"https:\/\/halleffectkeyboard.com\/de\/wp-json\/wp\/v2\/product\/6143","targetHints":{"allow":["GET"]}}],"collection":[{"href":"https:\/\/halleffectkeyboard.com\/de\/wp-json\/wp\/v2\/product"}],"about":[{"href":"https:\/\/halleffectkeyboard.com\/de\/wp-json\/wp\/v2\/types\/product"}],"replies":[{"embeddable":true,"href":"https:\/\/halleffectkeyboard.com\/de\/wp-json\/wp\/v2\/comments?post=6143"}],"version-history":[{"count":1,"href":"https:\/\/halleffectkeyboard.com\/de\/wp-json\/wp\/v2\/product\/6143\/revisions"}],"predecessor-version":[{"id":6161,"href":"https:\/\/halleffectkeyboard.com\/de\/wp-json\/wp\/v2\/product\/6143\/revisions\/6161"}],"wp:featuredmedia":[{"embeddable":true,"href":"https:\/\/halleffectkeyboard.com\/de\/wp-json\/wp\/v2\/media\/6148"}],"wp:attachment":[{"href":"https:\/\/halleffectkeyboard.com\/de\/wp-json\/wp\/v2\/media?parent=6143"}],"wp:term":[{"taxonomy":"product_brand","embeddable":true,"href":"https:\/\/halleffectkeyboard.com\/de\/wp-json\/wp\/v2\/product_brand?post=6143"},{"taxonomy":"product_cat","embeddable":true,"href":"https:\/\/halleffectkeyboard.com\/de\/wp-json\/wp\/v2\/product_cat?post=6143"},{"taxonomy":"product_tag","embeddable":true,"href":"https:\/\/halleffectkeyboard.com\/de\/wp-json\/wp\/v2\/product_tag?post=6143"}],"curies":[{"name":"wp","href":"https:\/\/api.w.org\/{rel}","templated":true}]}}