{"id":5936,"date":"2026-05-14T10:34:19","date_gmt":"2026-05-14T02:34:19","guid":{"rendered":"https:\/\/halleffectkeyboard.com\/?post_type=product&#038;p=5936"},"modified":"2026-05-14T10:34:20","modified_gmt":"2026-05-14T02:34:20","slug":"payson-semi-transparent-keycaps","status":"publish","type":"product","link":"https:\/\/halleffectkeyboard.com\/de\/produkt\/payson-halbtransparente-tastenkappen\/","title":{"rendered":"PAYSON Halbtransparente Tastenkappen"},"content":{"rendered":"<h1>PAYSON Halbtransparente Tastenkappen<\/h1>\n<p>Verbessern Sie Ihr Tipp- und Spielerlebnis mit dem <strong>PAYSON Halbtransparente Tastenkappen<\/strong>. Dieses Premium-Fahrzeug wurde f\u00fcr Enthusiasten entwickelt, die die perfekte Kombination aus \u00c4sthetik und Leistung suchen. <strong>Tastenkappensatz<\/strong> ist die ultimative Wahl f\u00fcr Ihr n\u00e4chstes Bauprojekt. Hergestellt als <strong>Cherry-Profil-Tastenkappen<\/strong>, diese <strong>Tastenkappen in OEM-H\u00f6he<\/strong> (Werksstandard) bieten ein vertrautes, ergonomisches Gef\u00fchl, das Stil, Langlebigkeit und einen dezenten Lichteffekt vereint.<br \/>\n<img loading=\"lazy\" decoding=\"async\" class=\"alignnone size-full wp-image-5944\" src=\"https:\/\/halleffectkeyboard.com\/wp-content\/uploads\/2026\/05\/1-42-scaled.jpg\" alt=\"PAYSON Semi-Transparent Keycaps\" width=\"2560\" height=\"1437\" srcset=\"https:\/\/halleffectkeyboard.com\/wp-content\/uploads\/2026\/05\/1-42-scaled.jpg 2560w, https:\/\/halleffectkeyboard.com\/wp-content\/uploads\/2026\/05\/1-42-300x168.jpg 300w, https:\/\/halleffectkeyboard.com\/wp-content\/uploads\/2026\/05\/1-42-1024x575.jpg 1024w, https:\/\/halleffectkeyboard.com\/wp-content\/uploads\/2026\/05\/1-42-768x431.jpg 768w, https:\/\/halleffectkeyboard.com\/wp-content\/uploads\/2026\/05\/1-42-1536x862.jpg 1536w, https:\/\/halleffectkeyboard.com\/wp-content\/uploads\/2026\/05\/1-42-2048x1150.jpg 2048w, https:\/\/halleffectkeyboard.com\/wp-content\/uploads\/2026\/05\/1-42-18x10.jpg 18w, https:\/\/halleffectkeyboard.com\/wp-content\/uploads\/2026\/05\/1-42-1200x674.jpg 1200w\" sizes=\"auto, (max-width: 2560px) 100vw, 2560px\" data-no-translation=\"\" \/><\/p>\n<h3>Produkt\u00fcbersicht<\/h3>\n<p>R\u00fcsten Sie Ihr System mit diesen hochwertigen Produkten auf. <strong>halbtransparente Tastenkappen<\/strong>. Egal, ob Sie ein neues Board bauen oder nach ... suchen <strong>Ersatz-Tastenkappen f\u00fcr Tastaturen<\/strong>, Dieses Set verleiht einen eleganten Look. Hergestellt aus hochwertigen Materialien, <strong>ABS-Doppelschuss-Tastenkappen<\/strong> zeichnen sich durch ein schlankes, fabrik\u00e4hnliches Design aus. <strong>halbtransparente Tastenkappen<\/strong> Durch den Sockel scheint sanftes Licht und erzeugt so einen atemberaubenden Effekt. <strong>Hintergrundbeleuchtete Tastenkappen (halbtransparent)<\/strong> \u00c4sthetik bei gleichzeitiger Aufrechterhaltung <strong>nicht-transparente Tastenkappen<\/strong> f\u00fcr maximale Lesbarkeit und optimalen Kontrast.<br \/>\n<img loading=\"lazy\" decoding=\"async\" class=\"alignnone size-full wp-image-5945\" src=\"https:\/\/halleffectkeyboard.com\/wp-content\/uploads\/2026\/05\/2-46-scaled.jpg\" alt=\"PAYSON Semi-Transparent Keycaps\" width=\"2560\" height=\"1437\" srcset=\"https:\/\/halleffectkeyboard.com\/wp-content\/uploads\/2026\/05\/2-46-scaled.jpg 2560w, https:\/\/halleffectkeyboard.com\/wp-content\/uploads\/2026\/05\/2-46-300x168.jpg 300w, https:\/\/halleffectkeyboard.com\/wp-content\/uploads\/2026\/05\/2-46-1024x575.jpg 1024w, https:\/\/halleffectkeyboard.com\/wp-content\/uploads\/2026\/05\/2-46-768x431.jpg 768w, https:\/\/halleffectkeyboard.com\/wp-content\/uploads\/2026\/05\/2-46-1536x862.jpg 1536w, https:\/\/halleffectkeyboard.com\/wp-content\/uploads\/2026\/05\/2-46-2048x1150.jpg 2048w, https:\/\/halleffectkeyboard.com\/wp-content\/uploads\/2026\/05\/2-46-18x10.jpg 18w, https:\/\/halleffectkeyboard.com\/wp-content\/uploads\/2026\/05\/2-46-1200x674.jpg 1200w\" sizes=\"auto, (max-width: 2560px) 100vw, 2560px\" data-no-translation=\"\" \/> <img loading=\"lazy\" decoding=\"async\" class=\"alignnone size-full wp-image-5946\" src=\"https:\/\/halleffectkeyboard.com\/wp-content\/uploads\/2026\/05\/3-46-scaled.jpg\" alt=\"PAYSON Semi-Transparent Keycaps\" width=\"2560\" height=\"1437\" srcset=\"https:\/\/halleffectkeyboard.com\/wp-content\/uploads\/2026\/05\/3-46-scaled.jpg 2560w, https:\/\/halleffectkeyboard.com\/wp-content\/uploads\/2026\/05\/3-46-300x168.jpg 300w, https:\/\/halleffectkeyboard.com\/wp-content\/uploads\/2026\/05\/3-46-1024x575.jpg 1024w, https:\/\/halleffectkeyboard.com\/wp-content\/uploads\/2026\/05\/3-46-768x431.jpg 768w, https:\/\/halleffectkeyboard.com\/wp-content\/uploads\/2026\/05\/3-46-1536x862.jpg 1536w, https:\/\/halleffectkeyboard.com\/wp-content\/uploads\/2026\/05\/3-46-2048x1150.jpg 2048w, https:\/\/halleffectkeyboard.com\/wp-content\/uploads\/2026\/05\/3-46-18x10.jpg 18w, https:\/\/halleffectkeyboard.com\/wp-content\/uploads\/2026\/05\/3-46-1200x674.jpg 1200w\" sizes=\"auto, (max-width: 2560px) 100vw, 2560px\" data-no-translation=\"\" \/><\/p>\n<h3>Hauptmerkmale<\/h3>\n<ul>\n<li><strong>Kirschprofil-Design:<\/strong>\u00a0Genie\u00dfen Sie komfortables, ergonomisches Tippen mit diesen\u00a0<strong>Tastenkappen mit Werksprofil<\/strong>, Mit einer klassischen, skulpturalen Form, die sich ideal f\u00fcr Arbeit und Freizeit eignet.<\/li>\n<li><strong>Doppelkomponenten-Spritzgie\u00dfen:<\/strong>\u00a0Unser\u00a0<strong>Doppelt gespritzte Tastenkappen<\/strong>\u00a0Wir garantieren gestochen scharfe, langlebige Beschriftungen, die mit der Zeit weder verblassen noch abnutzen.<\/li>\n<li><strong>Hochwertiges Material:<\/strong>\u00a0Diese sind auf Langlebigkeit ausgelegt\u00a0<strong>robuste ABS-Tastenkappen<\/strong>\u00a0sorgen f\u00fcr eine glatte Oberfl\u00e4che, ausgezeichnete Sto\u00dffestigkeit und ein zufriedenstellendes Akustikprofil.<\/li>\n<li><strong>Subtile Lichteffekte:<\/strong>\u00a0Das halbtransparente Design l\u00e4sst ein weiches, diffuses Licht durchscheinen, ideal zur Aufwertung Ihres Setups, ohne dabei zu hell zu wirken.<\/li>\n<li><strong>Universelle Kompatibilit\u00e4t:<\/strong>\u00a0Entworfen als\u00a0<strong>Tastenkappen f\u00fcr Cherry MX-Schalter<\/strong>\u00a0und Klone, das sind wirklich\u00a0<strong>universelle mechanische Tastenkappen<\/strong>. Sie sind \u00e4u\u00dferst vielseitig.\u00a0<strong>61\/68\/75\/87\/104 kompatible Tastenkappen<\/strong>, Dadurch wird eine perfekte Passform f\u00fcr nahezu jedes Layout gew\u00e4hrleistet.<br \/>\n<img loading=\"lazy\" decoding=\"async\" class=\"alignnone size-full wp-image-5947\" src=\"https:\/\/halleffectkeyboard.com\/wp-content\/uploads\/2026\/05\/4-45-scaled.jpg\" alt=\"PAYSON Semi-Transparent Keycaps\" width=\"2560\" height=\"1437\" srcset=\"https:\/\/halleffectkeyboard.com\/wp-content\/uploads\/2026\/05\/4-45-scaled.jpg 2560w, https:\/\/halleffectkeyboard.com\/wp-content\/uploads\/2026\/05\/4-45-300x168.jpg 300w, https:\/\/halleffectkeyboard.com\/wp-content\/uploads\/2026\/05\/4-45-1024x575.jpg 1024w, https:\/\/halleffectkeyboard.com\/wp-content\/uploads\/2026\/05\/4-45-768x431.jpg 768w, https:\/\/halleffectkeyboard.com\/wp-content\/uploads\/2026\/05\/4-45-1536x862.jpg 1536w, https:\/\/halleffectkeyboard.com\/wp-content\/uploads\/2026\/05\/4-45-2048x1150.jpg 2048w, https:\/\/halleffectkeyboard.com\/wp-content\/uploads\/2026\/05\/4-45-18x10.jpg 18w, https:\/\/halleffectkeyboard.com\/wp-content\/uploads\/2026\/05\/4-45-1200x674.jpg 1200w\" sizes=\"auto, (max-width: 2560px) 100vw, 2560px\" data-no-translation=\"\" \/><\/li>\n<\/ul>\n<h3>Spezifikationen<\/h3>\n<table>\n<thead>\n<tr>\n<th>Artikel<\/th>\n<th>Details<\/th>\n<\/tr>\n<\/thead>\n<tbody>\n<tr>\n<td><strong>Produktname<\/strong><\/td>\n<td><strong>PAYSON Halbtransparente Tastenkappen<\/strong>\u00a0(Cherry-Profil)<\/td>\n<\/tr>\n<tr>\n<td><strong>Material<\/strong><\/td>\n<td>Hochwertiger ABS-Kunststoff<\/td>\n<\/tr>\n<tr>\n<td><strong>Verfahren<\/strong><\/td>\n<td>Doppelkomponenten-Spritzguss<\/td>\n<\/tr>\n<tr>\n<td><strong>Profilh\u00f6he<\/strong><\/td>\n<td>Kirschrot \/ OEM (Werksh\u00f6he)<\/td>\n<\/tr>\n<tr>\n<td><strong>Setgr\u00f6\u00dfe<\/strong><\/td>\n<td><strong>120-Tasten-Tastenkappenset<\/strong>\u00a0(umfasst 60% bis hin zu Layouts in voller Gr\u00f6\u00dfe)<\/td>\n<\/tr>\n<tr>\n<td><strong>Lichtdurchl\u00e4ssigkeit<\/strong><\/td>\n<td>Halbtransparent (sanfter Hintergrundbeleuchtungseffekt, nicht vollst\u00e4ndig durchsichtig)<\/td>\n<\/tr>\n<tr>\n<td><strong>Kompatibilit\u00e4t<\/strong><\/td>\n<td><strong>61\/68\/75\/87\/104 kompatible Tastenkappen<\/strong>\u00a0(Passt auch f\u00fcr 98\/100-Layouts)<\/td>\n<\/tr>\n<\/tbody>\n<\/table>\n<p><img loading=\"lazy\" decoding=\"async\" class=\"alignnone size-full wp-image-5948\" src=\"https:\/\/halleffectkeyboard.com\/wp-content\/uploads\/2026\/05\/5-43-scaled.jpg\" alt=\"PAYSON Semi-Transparent Keycaps\" width=\"2560\" height=\"1437\" srcset=\"https:\/\/halleffectkeyboard.com\/wp-content\/uploads\/2026\/05\/5-43-scaled.jpg 2560w, https:\/\/halleffectkeyboard.com\/wp-content\/uploads\/2026\/05\/5-43-300x168.jpg 300w, https:\/\/halleffectkeyboard.com\/wp-content\/uploads\/2026\/05\/5-43-1024x575.jpg 1024w, https:\/\/halleffectkeyboard.com\/wp-content\/uploads\/2026\/05\/5-43-768x431.jpg 768w, https:\/\/halleffectkeyboard.com\/wp-content\/uploads\/2026\/05\/5-43-1536x862.jpg 1536w, https:\/\/halleffectkeyboard.com\/wp-content\/uploads\/2026\/05\/5-43-2048x1150.jpg 2048w, https:\/\/halleffectkeyboard.com\/wp-content\/uploads\/2026\/05\/5-43-18x10.jpg 18w, https:\/\/halleffectkeyboard.com\/wp-content\/uploads\/2026\/05\/5-43-1200x674.jpg 1200w\" sizes=\"auto, (max-width: 2560px) 100vw, 2560px\" data-no-translation=\"\" \/><\/p>\n<h3>Warum diese Tastenkappen w\u00e4hlen?<\/h3>\n<p>Bei der Suche nach dem\/der\/dem Perfekten <strong>Tastatur-Upgrade-Tastenkappen<\/strong>, Das PAYSON-Set zeichnet sich durch seine Qualit\u00e4t und sein Design aus:<\/p>\n<ul>\n<li><strong>Scharfe, lebendige Legenden:<\/strong>\u00a0Das Doppelschussverfahren sorgt daf\u00fcr, dass die Schriftzeichen auch nach jahrelanger intensiver Nutzung auf Ihrem Bildschirm klar und detailliert bleiben.\u00a0<strong>Tastenkappen f\u00fcr Gaming-Tastaturen<\/strong>.<\/li>\n<li><strong>Pr\u00e4zisionsgeformte Passform:<\/strong>\u00a0Hochwertige Fertigung bedeutet minimalen Verzug und einen passgenauen Sitz auf Ihren Schaltern, wodurch sie ideal sind.\u00a0<strong>individuelle Tastaturtastenkappen<\/strong>.<\/li>\n<li><strong>Vielseitige Layoutunterst\u00fctzung:<\/strong>\u00a0Als umfassendes 120-Tasten-Set enth\u00e4lt es alle notwendigen Tasten f\u00fcr die meisten g\u00e4ngigen Systeme.\u00a0<strong>Tastenkappen f\u00fcr mechanische Tastaturen<\/strong>\u00a0Layouts.<\/li>\n<li><strong>Ausgewogenes Tippgef\u00fchl:<\/strong>\u00a0Das Cherry-Profil bietet ein vertrautes, angenehmes Gef\u00fchl und reduziert die Erm\u00fcdung der Finger bei l\u00e4ngeren Sessions.<br \/>\n<img loading=\"lazy\" decoding=\"async\" class=\"alignnone size-full wp-image-5949\" src=\"https:\/\/halleffectkeyboard.com\/wp-content\/uploads\/2026\/05\/6-19-scaled.jpg\" alt=\"PAYSON Semi-Transparent Keycaps\" width=\"2560\" height=\"1437\" srcset=\"https:\/\/halleffectkeyboard.com\/wp-content\/uploads\/2026\/05\/6-19-scaled.jpg 2560w, https:\/\/halleffectkeyboard.com\/wp-content\/uploads\/2026\/05\/6-19-300x168.jpg 300w, https:\/\/halleffectkeyboard.com\/wp-content\/uploads\/2026\/05\/6-19-1024x575.jpg 1024w, https:\/\/halleffectkeyboard.com\/wp-content\/uploads\/2026\/05\/6-19-768x431.jpg 768w, https:\/\/halleffectkeyboard.com\/wp-content\/uploads\/2026\/05\/6-19-1536x862.jpg 1536w, https:\/\/halleffectkeyboard.com\/wp-content\/uploads\/2026\/05\/6-19-2048x1150.jpg 2048w, https:\/\/halleffectkeyboard.com\/wp-content\/uploads\/2026\/05\/6-19-18x10.jpg 18w, https:\/\/halleffectkeyboard.com\/wp-content\/uploads\/2026\/05\/6-19-1200x674.jpg 1200w\" sizes=\"auto, (max-width: 2560px) 100vw, 2560px\" data-no-translation=\"\" \/><\/li>\n<\/ul>\n<h3>Lieferumfang<\/h3>\n<ul>\n<li>1 \u00d7\u00a0<strong>120-Tasten-Tastenkappenset<\/strong>\u00a0(Komplettes Basisset)<\/li>\n<\/ul>","protected":false},"excerpt":{"rendered":"<p><strong>Kurz zusammengefasst:<\/strong><\/p>\n<ul>\n<li><strong>Profil:<\/strong>\u00a0Klassisches Cherry-Profil f\u00fcr komfortables Tippen.<\/li>\n<li><strong>Material:<\/strong>\u00a0Strapazierf\u00e4higes ABS-Doppelspritzmaterial mit farbechten Beschriftungen.<\/li>\n<li><strong>\u00c4sthetik:<\/strong>\u00a0Halbtransparentes Design f\u00fcr einen sanften, dezenten Hintergrundbeleuchtungseffekt.<\/li>\n<li><strong>Kompatibilit\u00e4t:<\/strong>\u00a0Das 120-Tasten-Set ist kompatibel mit Cherry MX-Schaltern und den Layouts 61\/68\/75\/87\/104.<\/li>\n<\/ul>","protected":false},"featured_media":5939,"comment_status":"open","ping_status":"closed","template":"","meta":[],"product_brand":[678],"product_cat":[134],"product_tag":[704,136],"class_list":{"0":"post-5936","1":"product","2":"type-product","3":"status-publish","4":"has-post-thumbnail","6":"product_brand-payson","7":"product_cat-keycaps","8":"product_tag-cherry-keycaps","9":"product_tag-keycaps","11":"first","12":"instock","13":"taxable","14":"shipping-taxable","15":"purchasable","16":"product-type-variable","17":"wvs-archive-product-wrapper"},"aioseo_notices":[],"ct_brands":[{"id":678,"name":"PAYSON","slug":"payson"}],"jetpack_sharing_enabled":true,"_links":{"self":[{"href":"https:\/\/halleffectkeyboard.com\/de\/wp-json\/wp\/v2\/product\/5936","targetHints":{"allow":["GET"]}}],"collection":[{"href":"https:\/\/halleffectkeyboard.com\/de\/wp-json\/wp\/v2\/product"}],"about":[{"href":"https:\/\/halleffectkeyboard.com\/de\/wp-json\/wp\/v2\/types\/product"}],"replies":[{"embeddable":true,"href":"https:\/\/halleffectkeyboard.com\/de\/wp-json\/wp\/v2\/comments?post=5936"}],"version-history":[{"count":1,"href":"https:\/\/halleffectkeyboard.com\/de\/wp-json\/wp\/v2\/product\/5936\/revisions"}],"predecessor-version":[{"id":5950,"href":"https:\/\/halleffectkeyboard.com\/de\/wp-json\/wp\/v2\/product\/5936\/revisions\/5950"}],"wp:featuredmedia":[{"embeddable":true,"href":"https:\/\/halleffectkeyboard.com\/de\/wp-json\/wp\/v2\/media\/5939"}],"wp:attachment":[{"href":"https:\/\/halleffectkeyboard.com\/de\/wp-json\/wp\/v2\/media?parent=5936"}],"wp:term":[{"taxonomy":"product_brand","embeddable":true,"href":"https:\/\/halleffectkeyboard.com\/de\/wp-json\/wp\/v2\/product_brand?post=5936"},{"taxonomy":"product_cat","embeddable":true,"href":"https:\/\/halleffectkeyboard.com\/de\/wp-json\/wp\/v2\/product_cat?post=5936"},{"taxonomy":"product_tag","embeddable":true,"href":"https:\/\/halleffectkeyboard.com\/de\/wp-json\/wp\/v2\/product_tag?post=5936"}],"curies":[{"name":"wp","href":"https:\/\/api.w.org\/{rel}","templated":true}]}}