{"id":5885,"date":"2026-05-13T15:46:27","date_gmt":"2026-05-13T07:46:27","guid":{"rendered":"https:\/\/halleffectkeyboard.com\/?post_type=product&#038;p=5885"},"modified":"2026-05-13T16:10:24","modified_gmt":"2026-05-13T08:10:24","slug":"payson-keyboard-spacebar-foam-dampener","status":"publish","type":"product","link":"https:\/\/halleffectkeyboard.com\/de\/produkt\/payson-tastatur-leertaste-schaumstoffdampfer\/","title":{"rendered":"PAYSON Schaumstoffd\u00e4mpfer f\u00fcr die Leertaste der Tastatur"},"content":{"rendered":"<h1><strong>PAYSON Schaumstoffd\u00e4mpfer f\u00fcr die Leertaste \u2013 Die ultimative L\u00f6sung gegen das Klappern der Leertaste<\/strong><\/h1>\n<p><strong>Meta-Beschreibung:<\/strong> Verbessern Sie Ihr Tippgef\u00fchl mit dem PAYSON Tastatur-Leertasten-Schaumstoffd\u00e4mpfer. Eliminieren Sie hohle Ger\u00e4usche und das Klappern von Stabilisatoren mit unserem hochwertigen PORON- und EVA-Tastaturschaumstoff. Kompatibel mit PCB- und Plattenmontage-Stabilisatoren.<br \/>\n<img loading=\"lazy\" decoding=\"async\" class=\"alignnone size-full wp-image-5898\" src=\"https:\/\/halleffectkeyboard.com\/wp-content\/uploads\/2026\/05\/5-36-scaled.jpg\" alt=\"PAYSON Keyboard Spacebar Foam Dampener\" width=\"2560\" height=\"1437\" srcset=\"https:\/\/halleffectkeyboard.com\/wp-content\/uploads\/2026\/05\/5-36-scaled.jpg 2560w, https:\/\/halleffectkeyboard.com\/wp-content\/uploads\/2026\/05\/5-36-300x168.jpg 300w, https:\/\/halleffectkeyboard.com\/wp-content\/uploads\/2026\/05\/5-36-1024x575.jpg 1024w, https:\/\/halleffectkeyboard.com\/wp-content\/uploads\/2026\/05\/5-36-768x431.jpg 768w, https:\/\/halleffectkeyboard.com\/wp-content\/uploads\/2026\/05\/5-36-1536x862.jpg 1536w, https:\/\/halleffectkeyboard.com\/wp-content\/uploads\/2026\/05\/5-36-2048x1150.jpg 2048w, https:\/\/halleffectkeyboard.com\/wp-content\/uploads\/2026\/05\/5-36-18x10.jpg 18w, https:\/\/halleffectkeyboard.com\/wp-content\/uploads\/2026\/05\/5-36-1200x674.jpg 1200w\" sizes=\"auto, (max-width: 2560px) 100vw, 2560px\" data-no-translation=\"\" \/><\/p>\n<h2><strong>Produkt\u00fcbersicht<\/strong><\/h2>\n<p>Ver\u00e4ndern Sie Ihr Tipperlebnis mit dem <strong>PAYSON Schaumstoffd\u00e4mpfer f\u00fcr die Leertaste der Tastatur<\/strong>. Wenn Sie l\u00e4stige Echos satt haben, ist dieses Premium-Angebot genau das Richtige f\u00fcr Sie. <strong>Schaumstoff zur D\u00e4mpfung von Tastaturger\u00e4uschen<\/strong> ist das Ultimative <strong>Behebung des hohlen Tastaturklangs<\/strong>. Entwickelt, um als hochwirksames System zu fungieren <strong>Schaumstoff zur Behebung des Ping-Effekts der Leertaste<\/strong>, Es beseitigt das hohle \u201cPing\u201d und Klappern Ihrer Leertaste und anderer gro\u00dfer Tasten. Pr\u00e4zisionsgeschnitten f\u00fcr einfache Installation. <strong>Schaumstoff f\u00fcr mechanische Tastaturen<\/strong> ist mit beiden kompatibel <strong>PCB-Stabilisierungsschaum<\/strong> Setups und <strong>Plattenhalterungsstabilisatorschaum<\/strong> Konfigurationen, die nahtlos mit allen g\u00e4ngigen Tastenkappenprofilen funktionieren.<br \/>\n<img loading=\"lazy\" decoding=\"async\" class=\"alignnone size-full wp-image-5899\" src=\"https:\/\/halleffectkeyboard.com\/wp-content\/uploads\/2026\/05\/6-18-scaled.jpg\" alt=\"PAYSON Keyboard Spacebar Foam Dampener\" width=\"2560\" height=\"1437\" srcset=\"https:\/\/halleffectkeyboard.com\/wp-content\/uploads\/2026\/05\/6-18-scaled.jpg 2560w, https:\/\/halleffectkeyboard.com\/wp-content\/uploads\/2026\/05\/6-18-300x168.jpg 300w, https:\/\/halleffectkeyboard.com\/wp-content\/uploads\/2026\/05\/6-18-1024x575.jpg 1024w, https:\/\/halleffectkeyboard.com\/wp-content\/uploads\/2026\/05\/6-18-768x431.jpg 768w, https:\/\/halleffectkeyboard.com\/wp-content\/uploads\/2026\/05\/6-18-1536x862.jpg 1536w, https:\/\/halleffectkeyboard.com\/wp-content\/uploads\/2026\/05\/6-18-2048x1150.jpg 2048w, https:\/\/halleffectkeyboard.com\/wp-content\/uploads\/2026\/05\/6-18-18x10.jpg 18w, https:\/\/halleffectkeyboard.com\/wp-content\/uploads\/2026\/05\/6-18-1200x674.jpg 1200w\" sizes=\"auto, (max-width: 2560px) 100vw, 2560px\" data-no-translation=\"\" \/><\/p>\n<h2><strong>Hauptmerkmale<\/strong><\/h2>\n<ul>\n<li><strong>Sofortige Schalld\u00e4mpfung:<\/strong>\u00a0Wirkt als m\u00e4chtige\u00a0<strong>Tastatur-Echod\u00e4mpfer<\/strong>\u00a0Und\u00a0<strong>Tastatur-Schalld\u00e4mpfer<\/strong>, Dadurch werden hohle Echos, Federger\u00e4usche und Stabilisatorklappern eliminiert, was zu einem tieferen, satteren Klangprofil f\u00fchrt.<\/li>\n<li><strong>Multi-Profil-Kompatibilit\u00e4t:<\/strong>\u00a0Dieses vielseitige\u00a0<strong>Schaumstoff f\u00fcr die Leertaste<\/strong>\u00a0Funktioniert mit OEM-, Cherry-, SA-, XDA- und anderen Tastenkappenh\u00f6hen mit einfachen Aussparungen.<\/li>\n<li><strong>Einfache modulare Installation:<\/strong>\u00a0Das vorgestanzte Design dieses\u00a0<strong>Tastatur-Mod-Schaumstoff<\/strong>\u00a0erm\u00f6glicht Ihnen das einfache Zuschneiden\u00a0<strong>Tastatur-Leertaste-Polsterung<\/strong>\u00a0Passend f\u00fcr jeden Stabilisatortyp und jede Tastenkappenh\u00f6he.<\/li>\n<li><strong>Hochwertige Materialien:<\/strong>\u00a0Erh\u00e4ltlich in Premium-Ausf\u00fchrung\u00a0<strong>PORON Tastaturschaum<\/strong>\u00a0Und\u00a0<strong>EVA-Tastaturschaumstoff<\/strong>\u00a0Optionen, die Ihren spezifischen Anforderungen an die Schalld\u00e4mpfung gerecht werden.<\/li>\n<li><strong>Langlebige Haltbarkeit:<\/strong>\u00a0Unser zuverl\u00e4ssiger\u00a0<strong>Schaumstoffeinlage f\u00fcr Tastatur<\/strong>\u00a0Beh\u00e4lt Form und Leistungsf\u00e4higkeit auch nach Tausenden von Tastenanschl\u00e4gen.<br \/>\n<img loading=\"lazy\" decoding=\"async\" class=\"alignnone size-full wp-image-5900\" src=\"https:\/\/halleffectkeyboard.com\/wp-content\/uploads\/2026\/05\/7-14-scaled.jpg\" alt=\"PAYSON Keyboard Spacebar Foam Dampener\" width=\"2560\" height=\"1437\" srcset=\"https:\/\/halleffectkeyboard.com\/wp-content\/uploads\/2026\/05\/7-14-scaled.jpg 2560w, https:\/\/halleffectkeyboard.com\/wp-content\/uploads\/2026\/05\/7-14-300x168.jpg 300w, https:\/\/halleffectkeyboard.com\/wp-content\/uploads\/2026\/05\/7-14-1024x575.jpg 1024w, https:\/\/halleffectkeyboard.com\/wp-content\/uploads\/2026\/05\/7-14-768x431.jpg 768w, https:\/\/halleffectkeyboard.com\/wp-content\/uploads\/2026\/05\/7-14-1536x862.jpg 1536w, https:\/\/halleffectkeyboard.com\/wp-content\/uploads\/2026\/05\/7-14-2048x1150.jpg 2048w, https:\/\/halleffectkeyboard.com\/wp-content\/uploads\/2026\/05\/7-14-18x10.jpg 18w, https:\/\/halleffectkeyboard.com\/wp-content\/uploads\/2026\/05\/7-14-1200x674.jpg 1200w\" sizes=\"auto, (max-width: 2560px) 100vw, 2560px\" data-no-translation=\"\" \/><\/li>\n<\/ul>\n<h2><strong>Installationsanleitung von Keycap Profile<\/strong><\/h2>\n<p>Passen Sie Ihre <strong>Tastenkappen-Schalld\u00e4mpfer<\/strong> Einrichtung, die auf Ihr spezifisches Profil abgestimmt ist, um optimale Ergebnisse zu erzielen:<\/p>\n<p><strong>1. OEM \/ Cherry \/ Standard-Tastenkappen<\/strong><\/p>\n<ul>\n<li><strong>Schicht 1:<\/strong>\u00a0Verwenden Sie den 2,5 mm dicken PORON-Schaumstoff in voller L\u00e4nge (vollst\u00e4ndige Abdeckung).<\/li>\n<li><strong>Ebene 2:<\/strong>\u00a0Verwenden Sie 2\/3 des 3,5 mm PORON-Schaumstoffs (das Mittelteil entsorgen).<\/li>\n<li><em>Hinweis f\u00fcr Stabilisatoren mit Rippen:<\/em>\u00a0Der Schaumstoff kann zur einfacheren Montage halbiert werden.<\/li>\n<\/ul>\n<p><strong>2. SA-Profil-Tastenkappen<\/strong><\/p>\n<ul>\n<li><strong>Schicht 1:<\/strong>\u00a0Verwenden Sie den 2,5 mm dicken PORON-Schaumstoff in voller L\u00e4nge (vollst\u00e4ndige Abdeckung).<\/li>\n<li><strong>Ebene 2:<\/strong>\u00a0Verwenden Sie 2\/3 des 3 mm dicken EVA-Schaumstoffs (vergessen Sie den Mittelteil).<\/li>\n<li><strong>Ebene 3:<\/strong>\u00a0Verwenden Sie 2\/3 des 3,5 mm PORON-Schaumstoffs (das Mittelteil entsorgen).<\/li>\n<\/ul>\n<p><strong>3. XDA \/ Flache Tastenkappen<\/strong><\/p>\n<ul>\n<li><strong>Schicht 1:<\/strong>\u00a0Verwenden Sie den 2,5 mm dicken PORON-Schaumstoff in voller L\u00e4nge (vollst\u00e4ndige Abdeckung).<\/li>\n<li><strong>Ebene 2:<\/strong>\u00a0Verwenden Sie 2\/3 des 3,5 mm PORON-Schaumstoffs (das Mittelteil entsorgen).<\/li>\n<\/ul>\n<h3><strong>Wichtiger Hinweis f\u00fcr Plattenmontage-Stabilisatoren<\/strong><\/h3>\n<p>Bei der Verwendung dieses <strong>Stabilisierungsschaumstoffpolster<\/strong> Bei Plattenmontage-Stabilisatoren m\u00fcssen Sie die \u00e4u\u00dferen \u201c3\u201d-Abschnitte an beiden Enden des Schaumstoffstreifens entfernen, um die einwandfreie Kompatibilit\u00e4t und Funktion Ihres Ger\u00e4ts zu gew\u00e4hrleisten. <strong>Tastatur-Stabilisator<\/strong>.<br \/>\n<img loading=\"lazy\" decoding=\"async\" class=\"alignnone size-full wp-image-5894\" src=\"https:\/\/halleffectkeyboard.com\/wp-content\/uploads\/2026\/05\/1-36-scaled.jpg\" alt=\"PAYSON Keyboard Spacebar Foam Dampener\" width=\"2560\" height=\"1437\" srcset=\"https:\/\/halleffectkeyboard.com\/wp-content\/uploads\/2026\/05\/1-36-scaled.jpg 2560w, https:\/\/halleffectkeyboard.com\/wp-content\/uploads\/2026\/05\/1-36-300x168.jpg 300w, https:\/\/halleffectkeyboard.com\/wp-content\/uploads\/2026\/05\/1-36-1024x575.jpg 1024w, https:\/\/halleffectkeyboard.com\/wp-content\/uploads\/2026\/05\/1-36-768x431.jpg 768w, https:\/\/halleffectkeyboard.com\/wp-content\/uploads\/2026\/05\/1-36-1536x862.jpg 1536w, https:\/\/halleffectkeyboard.com\/wp-content\/uploads\/2026\/05\/1-36-2048x1150.jpg 2048w, https:\/\/halleffectkeyboard.com\/wp-content\/uploads\/2026\/05\/1-36-18x10.jpg 18w, https:\/\/halleffectkeyboard.com\/wp-content\/uploads\/2026\/05\/1-36-1200x674.jpg 1200w\" sizes=\"auto, (max-width: 2560px) 100vw, 2560px\" data-no-translation=\"\" \/> <img loading=\"lazy\" decoding=\"async\" class=\"alignnone size-full wp-image-5895\" src=\"https:\/\/halleffectkeyboard.com\/wp-content\/uploads\/2026\/05\/2-39-scaled.jpg\" alt=\"PAYSON Keyboard Spacebar Foam Dampener\" width=\"2560\" height=\"1437\" srcset=\"https:\/\/halleffectkeyboard.com\/wp-content\/uploads\/2026\/05\/2-39-scaled.jpg 2560w, https:\/\/halleffectkeyboard.com\/wp-content\/uploads\/2026\/05\/2-39-300x168.jpg 300w, https:\/\/halleffectkeyboard.com\/wp-content\/uploads\/2026\/05\/2-39-1024x575.jpg 1024w, https:\/\/halleffectkeyboard.com\/wp-content\/uploads\/2026\/05\/2-39-768x431.jpg 768w, https:\/\/halleffectkeyboard.com\/wp-content\/uploads\/2026\/05\/2-39-1536x862.jpg 1536w, https:\/\/halleffectkeyboard.com\/wp-content\/uploads\/2026\/05\/2-39-2048x1150.jpg 2048w, https:\/\/halleffectkeyboard.com\/wp-content\/uploads\/2026\/05\/2-39-18x10.jpg 18w, https:\/\/halleffectkeyboard.com\/wp-content\/uploads\/2026\/05\/2-39-1200x674.jpg 1200w\" sizes=\"auto, (max-width: 2560px) 100vw, 2560px\" data-no-translation=\"\" \/> <img loading=\"lazy\" decoding=\"async\" class=\"alignnone size-full wp-image-5896\" src=\"https:\/\/halleffectkeyboard.com\/wp-content\/uploads\/2026\/05\/3-39-scaled.jpg\" alt=\"PAYSON Keyboard Spacebar Foam Dampener\" width=\"2560\" height=\"1437\" srcset=\"https:\/\/halleffectkeyboard.com\/wp-content\/uploads\/2026\/05\/3-39-scaled.jpg 2560w, https:\/\/halleffectkeyboard.com\/wp-content\/uploads\/2026\/05\/3-39-300x168.jpg 300w, https:\/\/halleffectkeyboard.com\/wp-content\/uploads\/2026\/05\/3-39-1024x575.jpg 1024w, https:\/\/halleffectkeyboard.com\/wp-content\/uploads\/2026\/05\/3-39-768x431.jpg 768w, https:\/\/halleffectkeyboard.com\/wp-content\/uploads\/2026\/05\/3-39-1536x862.jpg 1536w, https:\/\/halleffectkeyboard.com\/wp-content\/uploads\/2026\/05\/3-39-2048x1150.jpg 2048w, https:\/\/halleffectkeyboard.com\/wp-content\/uploads\/2026\/05\/3-39-18x10.jpg 18w, https:\/\/halleffectkeyboard.com\/wp-content\/uploads\/2026\/05\/3-39-1200x674.jpg 1200w\" sizes=\"auto, (max-width: 2560px) 100vw, 2560px\" data-no-translation=\"\" \/> <img loading=\"lazy\" decoding=\"async\" class=\"alignnone size-full wp-image-5897\" src=\"https:\/\/halleffectkeyboard.com\/wp-content\/uploads\/2026\/05\/4-38-scaled.jpg\" alt=\"PAYSON Keyboard Spacebar Foam Dampener\" width=\"2560\" height=\"1437\" srcset=\"https:\/\/halleffectkeyboard.com\/wp-content\/uploads\/2026\/05\/4-38-scaled.jpg 2560w, https:\/\/halleffectkeyboard.com\/wp-content\/uploads\/2026\/05\/4-38-300x168.jpg 300w, https:\/\/halleffectkeyboard.com\/wp-content\/uploads\/2026\/05\/4-38-1024x575.jpg 1024w, https:\/\/halleffectkeyboard.com\/wp-content\/uploads\/2026\/05\/4-38-768x431.jpg 768w, https:\/\/halleffectkeyboard.com\/wp-content\/uploads\/2026\/05\/4-38-1536x862.jpg 1536w, https:\/\/halleffectkeyboard.com\/wp-content\/uploads\/2026\/05\/4-38-2048x1150.jpg 2048w, https:\/\/halleffectkeyboard.com\/wp-content\/uploads\/2026\/05\/4-38-18x10.jpg 18w, https:\/\/halleffectkeyboard.com\/wp-content\/uploads\/2026\/05\/4-38-1200x674.jpg 1200w\" sizes=\"auto, (max-width: 2560px) 100vw, 2560px\" data-no-translation=\"\" \/><\/p>\n<h2><strong>Installationsanleitung<\/strong><\/h2>\n<p>Erreichen Sie das Ultimative <strong>Behebung des Klapperns der Leertaste<\/strong> In wenigen Minuten mit diesen einfachen Schritten:<\/p>\n<ol>\n<li>Entfernen Sie die Leertaste und zerlegen Sie gegebenenfalls den Stabilisator.<\/li>\n<li>W\u00e4hlen Sie die passende Option aus.\u00a0<strong>ma\u00dfgefertigter Tastaturschaum<\/strong>\u00a0Ebene(n) basierend auf Ihrer obigen Tastenkappenprofil-Anleitung.<\/li>\n<li>Schneiden oder rei\u00dfen Sie den Schaumstoffstreifen an den vorgekerbten Linien gem\u00e4\u00df der Anleitung.<\/li>\n<li>Ziehen Sie die Schutzfolie des Klebers ab und bringen Sie ihn vorsichtig an.\u00a0<strong>Schaumstoff f\u00fcr die Leertaste der Tastatur<\/strong>\u00a0innerhalb des Leertastengeh\u00e4uses, wobei es mit der Stabilisatorstruktur ausgerichtet wird.<\/li>\n<li>Den Stabilisator wieder zusammenbauen und die Tastenkappe wieder anbringen.<\/li>\n<\/ol>\n<h2><strong>Lieferumfang<\/strong><\/h2>\n<ul>\n<li>Vorgeschnitten\u00a0<strong>PAYSON Schaumstoffd\u00e4mpfer f\u00fcr die Leertaste der Tastatur<\/strong>\u00a0Streifen<\/li>\n<li>Detaillierte Installationsanleitung<\/li>\n<\/ul>","protected":false},"excerpt":{"rendered":"<ul>\n<li><strong>Hochwertige Materialien:<\/strong>\u00a0Hergestellt aus hochwertigem PORON- und EVA-Schaum.<\/li>\n<li><strong>Universelle Passform:<\/strong>\u00a0Kompatibel mit PCB- und Plattenmontagestabilisatoren.<\/li>\n<li><strong>Unterst\u00fctzung mehrerer Profile:<\/strong>\u00a0Das modulare, vorgestanzte Design passt perfekt zu Cherry-, OEM-, SA- und XDA-Tastenkappen.<\/li>\n<li><strong>Einfache Installation:<\/strong>\u00a0Einfach abziehen und aufkleben f\u00fcr eine sofortige Klangverbesserung.<\/li>\n<\/ul>","protected":false},"featured_media":5891,"comment_status":"open","ping_status":"closed","template":"","meta":[],"product_brand":[678],"product_cat":[290],"product_tag":[700,292],"class_list":{"0":"post-5885","1":"product","2":"type-product","3":"status-publish","4":"has-post-thumbnail","6":"product_brand-payson","7":"product_cat-tool","8":"product_tag-keyboard-tool","9":"product_tag-tool","11":"first","12":"instock","13":"taxable","14":"shipping-taxable","15":"purchasable","16":"product-type-variable","17":"wvs-archive-product-wrapper"},"aioseo_notices":[],"ct_brands":[{"id":678,"name":"PAYSON","slug":"payson"}],"jetpack_sharing_enabled":true,"_links":{"self":[{"href":"https:\/\/halleffectkeyboard.com\/de\/wp-json\/wp\/v2\/product\/5885","targetHints":{"allow":["GET"]}}],"collection":[{"href":"https:\/\/halleffectkeyboard.com\/de\/wp-json\/wp\/v2\/product"}],"about":[{"href":"https:\/\/halleffectkeyboard.com\/de\/wp-json\/wp\/v2\/types\/product"}],"replies":[{"embeddable":true,"href":"https:\/\/halleffectkeyboard.com\/de\/wp-json\/wp\/v2\/comments?post=5885"}],"version-history":[{"count":3,"href":"https:\/\/halleffectkeyboard.com\/de\/wp-json\/wp\/v2\/product\/5885\/revisions"}],"predecessor-version":[{"id":5901,"href":"https:\/\/halleffectkeyboard.com\/de\/wp-json\/wp\/v2\/product\/5885\/revisions\/5901"}],"wp:featuredmedia":[{"embeddable":true,"href":"https:\/\/halleffectkeyboard.com\/de\/wp-json\/wp\/v2\/media\/5891"}],"wp:attachment":[{"href":"https:\/\/halleffectkeyboard.com\/de\/wp-json\/wp\/v2\/media?parent=5885"}],"wp:term":[{"taxonomy":"product_brand","embeddable":true,"href":"https:\/\/halleffectkeyboard.com\/de\/wp-json\/wp\/v2\/product_brand?post=5885"},{"taxonomy":"product_cat","embeddable":true,"href":"https:\/\/halleffectkeyboard.com\/de\/wp-json\/wp\/v2\/product_cat?post=5885"},{"taxonomy":"product_tag","embeddable":true,"href":"https:\/\/halleffectkeyboard.com\/de\/wp-json\/wp\/v2\/product_tag?post=5885"}],"curies":[{"name":"wp","href":"https:\/\/api.w.org\/{rel}","templated":true}]}}