{"id":5614,"date":"2026-05-11T13:51:38","date_gmt":"2026-05-11T05:51:38","guid":{"rendered":"https:\/\/halleffectkeyboard.com\/?post_type=product&#038;p=5614"},"modified":"2026-05-11T15:52:55","modified_gmt":"2026-05-11T07:52:55","slug":"aula-mini60-he-pro-hall-effect-keyboard","status":"publish","type":"product","link":"https:\/\/halleffectkeyboard.com\/de\/produkt\/aula-mini60-he-pro-hall-effekt-tastatur\/","title":{"rendered":"AULA Mini60 HE PRO Hall-Effekt-Keyboard"},"content":{"rendered":"<h1>AULA Mini60 HE PRO Hall-Effekt-Tastatur: Die ultimative 60% Rapid-Trigger-Gaming-Tastatur<br \/>\n<img loading=\"lazy\" decoding=\"async\" class=\"alignnone size-full wp-image-5654\" src=\"https:\/\/halleffectkeyboard.com\/wp-content\/uploads\/2026\/05\/7-10-scaled.jpg\" alt=\"AULA Mini60 HE PRO Hall Effect Keyboard\" width=\"2560\" height=\"1437\" srcset=\"https:\/\/halleffectkeyboard.com\/wp-content\/uploads\/2026\/05\/7-10-scaled.jpg 2560w, https:\/\/halleffectkeyboard.com\/wp-content\/uploads\/2026\/05\/7-10-300x168.jpg 300w, https:\/\/halleffectkeyboard.com\/wp-content\/uploads\/2026\/05\/7-10-1024x575.jpg 1024w, https:\/\/halleffectkeyboard.com\/wp-content\/uploads\/2026\/05\/7-10-768x431.jpg 768w, https:\/\/halleffectkeyboard.com\/wp-content\/uploads\/2026\/05\/7-10-1536x862.jpg 1536w, https:\/\/halleffectkeyboard.com\/wp-content\/uploads\/2026\/05\/7-10-2048x1150.jpg 2048w, https:\/\/halleffectkeyboard.com\/wp-content\/uploads\/2026\/05\/7-10-18x10.jpg 18w, https:\/\/halleffectkeyboard.com\/wp-content\/uploads\/2026\/05\/7-10-1200x674.jpg 1200w\" sizes=\"auto, (max-width: 2560px) 100vw, 2560px\" data-no-translation=\"\" \/><\/h1>\n<p><strong>Produkt\u00fcbersicht<\/strong> Entdecken Sie die Spitze des kompetitiven Gamings mit dem <strong>AULA Mini60 HE PRO<\/strong>, ein Premium <strong>Tastatur mit Hall-Effekt<\/strong> Entwickelt f\u00fcr E-Sport-Profis und Liebhaber mechanischer Tastaturen. Als Spitzenprodukt <strong>60 Tastatur<\/strong>, Es vereint auf perfekte Weise modernste Magnetschaltertechnologie mit einem platzsparenden Design. Ob Sie nun nach dem ultimativen suchen <strong>FPS-Gaming-Tastatur<\/strong>, ein \u00e4u\u00dferst reaktionsschnelles <strong>Valorant-Tastatur<\/strong>, oder blitzschnell <strong>osu! Tastatur<\/strong>, Die AULA Mini60 HE PRO bietet un\u00fcbertroffene Pr\u00e4zision und Geschwindigkeit f\u00fcr all Ihre Anwendungen. <strong>Tastatur f\u00fcr schnelle Spiele<\/strong> Bed\u00fcrfnisse.<br \/>\n<img loading=\"lazy\" decoding=\"async\" class=\"alignnone size-full wp-image-5648\" src=\"https:\/\/halleffectkeyboard.com\/wp-content\/uploads\/2026\/05\/1-22-scaled.jpg\" alt=\"AULA Mini60 HE PRO Hall Effect Keyboard\" width=\"2560\" height=\"1437\" srcset=\"https:\/\/halleffectkeyboard.com\/wp-content\/uploads\/2026\/05\/1-22-scaled.jpg 2560w, https:\/\/halleffectkeyboard.com\/wp-content\/uploads\/2026\/05\/1-22-300x168.jpg 300w, https:\/\/halleffectkeyboard.com\/wp-content\/uploads\/2026\/05\/1-22-1024x575.jpg 1024w, https:\/\/halleffectkeyboard.com\/wp-content\/uploads\/2026\/05\/1-22-768x431.jpg 768w, https:\/\/halleffectkeyboard.com\/wp-content\/uploads\/2026\/05\/1-22-1536x862.jpg 1536w, https:\/\/halleffectkeyboard.com\/wp-content\/uploads\/2026\/05\/1-22-2048x1150.jpg 2048w, https:\/\/halleffectkeyboard.com\/wp-content\/uploads\/2026\/05\/1-22-18x10.jpg 18w, https:\/\/halleffectkeyboard.com\/wp-content\/uploads\/2026\/05\/1-22-1200x674.jpg 1200w\" sizes=\"auto, (max-width: 2560px) 100vw, 2560px\" data-no-translation=\"\" \/><\/p>\n<h3><strong>Hauptmerkmale<\/strong><\/h3>\n<p><strong>Hall-Effekt-Schalter der n\u00e4chsten Generation &amp; 0,01 mm RT-Empfindlichkeit<\/strong> Betreten Sie die Zukunft des Gamings mit fortschrittlichen <strong>Hall-Effekt-Schalter<\/strong>. Als wahrer <strong>Schnelltrigger-Tastatur \/ RT-Tastatur<\/strong>, Der Mini60 HE PRO erm\u00f6glicht \u00fcber seinen Webtreiber eine detaillierte Ansteuerung. <strong>Tastatur mit einstellbarem Ausl\u00f6sepunkt<\/strong> Erm\u00f6glicht die individuelle Anpassung der Ausl\u00f6sepunkte \u2013 von blitzschnellen 0,1 mm f\u00fcr Sch\u00fctzen bis hin zu pr\u00e4zisen 3,4 mm f\u00fcr Texteingabe. Erleben Sie das Ultimative <strong>Tastatur mit magnetischen Schaltern<\/strong> das sich nahtlos sowohl an intensive E-Sport-Aktivit\u00e4ten als auch an die t\u00e4gliche Produktivit\u00e4t anpasst.<\/p>\n<p><img loading=\"lazy\" decoding=\"async\" class=\"alignnone size-full wp-image-5649\" src=\"https:\/\/halleffectkeyboard.com\/wp-content\/uploads\/2026\/05\/2-23-scaled.jpg\" alt=\"AULA Mini60 HE PRO Hall Effect Keyboard\" width=\"2560\" height=\"1437\" srcset=\"https:\/\/halleffectkeyboard.com\/wp-content\/uploads\/2026\/05\/2-23-scaled.jpg 2560w, https:\/\/halleffectkeyboard.com\/wp-content\/uploads\/2026\/05\/2-23-300x168.jpg 300w, https:\/\/halleffectkeyboard.com\/wp-content\/uploads\/2026\/05\/2-23-1024x575.jpg 1024w, https:\/\/halleffectkeyboard.com\/wp-content\/uploads\/2026\/05\/2-23-768x431.jpg 768w, https:\/\/halleffectkeyboard.com\/wp-content\/uploads\/2026\/05\/2-23-1536x862.jpg 1536w, https:\/\/halleffectkeyboard.com\/wp-content\/uploads\/2026\/05\/2-23-2048x1150.jpg 2048w, https:\/\/halleffectkeyboard.com\/wp-content\/uploads\/2026\/05\/2-23-18x10.jpg 18w, https:\/\/halleffectkeyboard.com\/wp-content\/uploads\/2026\/05\/2-23-1200x674.jpg 1200w\" sizes=\"auto, (max-width: 2560px) 100vw, 2560px\" data-no-translation=\"\" \/><\/p>\n<p><strong>Blitzschnelle Abtastrate von 8000 Hz und Abtastrate von 128 kHz<\/strong> Verbessere dein Spielerlebnis mit einem ultra-reaktionsschnellen <strong>8000 Hz Abtastrate<\/strong>. Diese fortgeschrittene <strong>magnetische Tastatur<\/strong> Gew\u00e4hrleistet latenzfreie und blitzschnelle Aktualisierungen bei jedem Tastendruck. In Kombination mit einer Abtastrate von 128 kHz ist es das ideale Ger\u00e4t. <strong>Rhythmusspieltastatur<\/strong> wo jede Millisekunde z\u00e4hlt, wodurch garantiert wird, dass jeder schnelle Befehl sofort erfasst wird.<br \/>\n<img loading=\"lazy\" decoding=\"async\" class=\"alignnone size-full wp-image-5653\" src=\"https:\/\/halleffectkeyboard.com\/wp-content\/uploads\/2026\/05\/6-11-scaled.jpg\" alt=\"AULA Mini60 HE PRO Hall Effect Keyboard\" width=\"2560\" height=\"1437\" srcset=\"https:\/\/halleffectkeyboard.com\/wp-content\/uploads\/2026\/05\/6-11-scaled.jpg 2560w, https:\/\/halleffectkeyboard.com\/wp-content\/uploads\/2026\/05\/6-11-300x168.jpg 300w, https:\/\/halleffectkeyboard.com\/wp-content\/uploads\/2026\/05\/6-11-1024x575.jpg 1024w, https:\/\/halleffectkeyboard.com\/wp-content\/uploads\/2026\/05\/6-11-768x431.jpg 768w, https:\/\/halleffectkeyboard.com\/wp-content\/uploads\/2026\/05\/6-11-1536x862.jpg 1536w, https:\/\/halleffectkeyboard.com\/wp-content\/uploads\/2026\/05\/6-11-2048x1150.jpg 2048w, https:\/\/halleffectkeyboard.com\/wp-content\/uploads\/2026\/05\/6-11-18x10.jpg 18w, https:\/\/halleffectkeyboard.com\/wp-content\/uploads\/2026\/05\/6-11-1200x674.jpg 1200w\" sizes=\"auto, (max-width: 2560px) 100vw, 2560px\" data-no-translation=\"\" \/><\/p>\n<p><strong>Kompaktes 60%-Tastaturlayout f\u00fcr maximale Effizienz<\/strong> Maximieren Sie Ihren Schreibtischplatz mit diesem eleganten <strong>60 Gaming-Tastatur<\/strong>. Der Minimalist <strong>60-Prozent-Tastaturlayout<\/strong> Durch das Entfernen unn\u00f6tiger Tasten erh\u00e4lt die Maus mehr Bewegungsfreiheit und eignet sich daher perfekt f\u00fcr Spieler mit niedriger Mausempfindlichkeit. Trotz ihrer kompakten Gr\u00f6\u00dfe bietet sie volle Funktionalit\u00e4t \u2013 Makros lassen sich problemlos anpassen oder die Tastenbelegung \u00e4ndern. <strong>Standard-Pos1-Taste f\u00fcr 60-Tasten-Tastaturen<\/strong> Setups mit der intuitiven Software. Unter allen <strong>60 Tastaturen<\/strong> auf dem Markt, dies <strong>60-Tastaturlayout<\/strong> zeichnet sich durch ergonomische, zweistufige St\u00e4nder aus, die f\u00fcr Komfort auch bei langen Gaming-Sessions sorgen.<br \/>\n<img loading=\"lazy\" decoding=\"async\" class=\"alignnone size-full wp-image-5651\" src=\"https:\/\/halleffectkeyboard.com\/wp-content\/uploads\/2026\/05\/4-23-scaled.jpg\" alt=\"AULA Mini60 HE PRO Hall Effect Keyboard\" width=\"2560\" height=\"1437\" srcset=\"https:\/\/halleffectkeyboard.com\/wp-content\/uploads\/2026\/05\/4-23-scaled.jpg 2560w, https:\/\/halleffectkeyboard.com\/wp-content\/uploads\/2026\/05\/4-23-300x168.jpg 300w, https:\/\/halleffectkeyboard.com\/wp-content\/uploads\/2026\/05\/4-23-1024x575.jpg 1024w, https:\/\/halleffectkeyboard.com\/wp-content\/uploads\/2026\/05\/4-23-768x431.jpg 768w, https:\/\/halleffectkeyboard.com\/wp-content\/uploads\/2026\/05\/4-23-1536x862.jpg 1536w, https:\/\/halleffectkeyboard.com\/wp-content\/uploads\/2026\/05\/4-23-2048x1150.jpg 2048w, https:\/\/halleffectkeyboard.com\/wp-content\/uploads\/2026\/05\/4-23-18x10.jpg 18w, https:\/\/halleffectkeyboard.com\/wp-content\/uploads\/2026\/05\/4-23-1200x674.jpg 1200w\" sizes=\"auto, (max-width: 2560px) 100vw, 2560px\" data-no-translation=\"\" \/><\/p>\n<p><strong>Drahtlos- und plattform\u00fcbergreifende Beherrschung im Tri-Mode-Modus<\/strong> Die AULA Mini60 HE PRO ist eine \u00e4u\u00dferst vielseitige <strong>Gaming-Tastatur, kompatibel mit Mac und Windows<\/strong>. Es bietet nahtlose Konnektivit\u00e4t in drei Modi: Bluetooth, 2,4-GHz-Funkverbindung mit geringer Latenz und kabelgebundene USB-C-Verbindung. Dank des leistungsstarken 4000-mAh-Akkus k\u00f6nnen Sie m\u00fchelos zwischen PC, Mac und Tablet wechseln, ohne sich Gedanken \u00fcber h\u00e4ufiges Aufladen machen zu m\u00fcssen.<br \/>\n<img loading=\"lazy\" decoding=\"async\" class=\"alignnone size-full wp-image-5650\" src=\"https:\/\/halleffectkeyboard.com\/wp-content\/uploads\/2026\/05\/3-24-scaled.jpg\" alt=\"AULA Mini60 HE PRO Hall Effect Keyboard\" width=\"2560\" height=\"1437\" srcset=\"https:\/\/halleffectkeyboard.com\/wp-content\/uploads\/2026\/05\/3-24-scaled.jpg 2560w, https:\/\/halleffectkeyboard.com\/wp-content\/uploads\/2026\/05\/3-24-300x168.jpg 300w, https:\/\/halleffectkeyboard.com\/wp-content\/uploads\/2026\/05\/3-24-1024x575.jpg 1024w, https:\/\/halleffectkeyboard.com\/wp-content\/uploads\/2026\/05\/3-24-768x431.jpg 768w, https:\/\/halleffectkeyboard.com\/wp-content\/uploads\/2026\/05\/3-24-1536x862.jpg 1536w, https:\/\/halleffectkeyboard.com\/wp-content\/uploads\/2026\/05\/3-24-2048x1150.jpg 2048w, https:\/\/halleffectkeyboard.com\/wp-content\/uploads\/2026\/05\/3-24-18x10.jpg 18w, https:\/\/halleffectkeyboard.com\/wp-content\/uploads\/2026\/05\/3-24-1200x674.jpg 1200w\" sizes=\"auto, (max-width: 2560px) 100vw, 2560px\" data-no-translation=\"\" \/><\/p>\n<p><strong>Atemberaubende RGB-Hintergrundbeleuchtung und Tastenkappen im Cherry-Profil<\/strong> Verleihe deiner Gaming-Station mit lebendiger, individuell anpassbarer RGB-Hintergrundbeleuchtung ein strahlendes Aussehen. <strong>Benutzerdefinierte Tastatur<\/strong> Premium-Funktionen <strong>Cherry-Profil PBT-Tastenkappen mit seitlicher Bedruckung<\/strong> Dadurch wird die RGB-Beleuchtung auch bei schwachem Licht wundersch\u00f6n zur Geltung gebracht. W\u00e4hle aus einer Vielzahl dynamischer Lichteffekte, um eine immersive Gaming-Atmosph\u00e4re zu schaffen.<\/p>\n<p><strong>Programmierbarer Webdriver f\u00fcr ultimative Kontrolle<\/strong> Entfesseln Sie das volle Potenzial Ihres <strong>60-Prozent-Tastatur<\/strong> Mit dem programmierbaren Webtreiber. Implementieren Sie Mod Tap oder Dynamic Keystroke, um einer einzelnen Taste mehrere Funktionen basierend auf Tippen, Halten oder Tastendrucktiefe zuzuweisen. Dies erm\u00f6glicht komplexe Befehlsaktivierungen bei gleichzeitiger voller Kontrolle der Bewegungstasten.<br \/>\n<img loading=\"lazy\" decoding=\"async\" class=\"alignnone size-full wp-image-5652\" src=\"https:\/\/halleffectkeyboard.com\/wp-content\/uploads\/2026\/05\/5-25-scaled.jpg\" alt=\"AULA Mini60 HE PRO Hall Effect Keyboard\" width=\"2560\" height=\"1437\" srcset=\"https:\/\/halleffectkeyboard.com\/wp-content\/uploads\/2026\/05\/5-25-scaled.jpg 2560w, https:\/\/halleffectkeyboard.com\/wp-content\/uploads\/2026\/05\/5-25-300x168.jpg 300w, https:\/\/halleffectkeyboard.com\/wp-content\/uploads\/2026\/05\/5-25-1024x575.jpg 1024w, https:\/\/halleffectkeyboard.com\/wp-content\/uploads\/2026\/05\/5-25-768x431.jpg 768w, https:\/\/halleffectkeyboard.com\/wp-content\/uploads\/2026\/05\/5-25-1536x862.jpg 1536w, https:\/\/halleffectkeyboard.com\/wp-content\/uploads\/2026\/05\/5-25-2048x1150.jpg 2048w, https:\/\/halleffectkeyboard.com\/wp-content\/uploads\/2026\/05\/5-25-18x10.jpg 18w, https:\/\/halleffectkeyboard.com\/wp-content\/uploads\/2026\/05\/5-25-1200x674.jpg 1200w\" sizes=\"auto, (max-width: 2560px) 100vw, 2560px\" data-no-translation=\"\" \/><\/p>\n<hr \/>\n<h3><strong>MAX-Version: Das Premium-Upgrade<\/strong><\/h3>\n<p>F\u00fcr DIY-Enthusiasten und Keyboard-Bastler, die <strong>AULA Mini60 HE PRO MAX-Version<\/strong> hebt die Verarbeitungsqualit\u00e4t auf ein neues Niveau. Dieses verbesserte Produkt <strong>Magnetische Tastatur mit oberer Befestigung<\/strong> Das Zubeh\u00f6r ist hinsichtlich Material, Struktur und Kompatibilit\u00e4t optimiert.<\/p>\n<ul>\n<li><strong>Hochwertige Materialien und Verarbeitung:<\/strong>\u00a0Es besteht aus einer hochdichten, hochharten Platte, die in einem CNC-integrierten Formverfahren hergestellt wird. Die verschlei\u00dffeste, kratzfeste Oberfl\u00e4che verhindert ein Vergilben im Laufe der Zeit, w\u00e4hrend glatte, abgerundete Kanten eine sichere, gratfreie Montage gew\u00e4hrleisten.<\/li>\n<li><strong>Akustische Leistung von HiFi-Ger\u00e4ten:<\/strong>\u00a0Die integrierte verst\u00e4rkte Struktur eliminiert Hohlger\u00e4usche und Vibrationen beim Tippen und sorgt so f\u00fcr ein klareres, nuancierteres HIFI-Klangprofil.<\/li>\n<li><strong>H\u00f6chste Pr\u00e4zision und Kompatibilit\u00e4t:<\/strong>\u00a0Dank der pr\u00e4zisen Lochpositionierung eignet es sich perfekt f\u00fcr g\u00e4ngige Hot-Swap-Leiterplatten, herk\u00f6mmliche mechanische Schalter und Satellitenwellen.<\/li>\n<li><strong>F\u00fcr die Ewigkeit gebaut:<\/strong>\u00a0Dickere, verbesserte Materialien bieten eine h\u00f6here Druckbest\u00e4ndigkeit, verhindern ein Verbiegen und gew\u00e4hrleisten eine l\u00e4ngere Lebensdauer Ihres Produkts.\u00a0<strong>Gaming-Tastatur<\/strong>.<\/li>\n<\/ul>\n<p><strong>Anwendungsszenarien:<\/strong> Perfekt f\u00fcr E-Sport-Wettk\u00e4mpfe, t\u00e4gliches Tippen im B\u00fcro, Tastatur-DIY-Modifikationen und die Aufr\u00fcstung Ihres aktuellen Setups. Dominieren Sie die Bestenlisten und verbessern Sie Ihr Tipperlebnis noch heute mit der AULA Mini60 HE PRO!<\/p>","protected":false},"excerpt":{"rendered":"<ul>\n<li><strong>Pr\u00e4zision der n\u00e4chsten Generation:<\/strong>\u00a0Magnetische Hall-Effekt-Schalter mit einer auf 0,01 mm einstellbaren Schnelltrigger-Empfindlichkeit (RT).<\/li>\n<li><strong>Null Latenz:<\/strong>\u00a08000 Hz Abtastrate und 128 kHz Scanrate f\u00fcr sofortige Reaktionszeiten in schnellen Spielen.<\/li>\n<li><strong>Kompakte Effizienz:<\/strong>\u00a060%-Layout mit hochwertigen Cherry-Profil-PBT-Tastenkappen mit seitlichem Aufdruck und atemberaubender RGB-Beleuchtung.<\/li>\n<li><strong>Plattform\u00fcbergreifende Beherrschung:<\/strong>\u00a0Drei-Modus-Konnektivit\u00e4t (Bluetooth, 2,4 GHz, USB-C), vollst\u00e4ndig kompatibel mit Mac und Windows.<\/li>\n<\/ul>","protected":false},"featured_media":5643,"comment_status":"open","ping_status":"closed","template":"","meta":[],"product_brand":[54],"product_cat":[571,322,20],"product_tag":[606,58,22],"class_list":{"0":"post-5614","1":"product","2":"type-product","3":"status-publish","4":"has-post-thumbnail","6":"product_brand-aula","7":"product_cat-60-keyboard","8":"product_cat-hall-effect-keyboard","9":"product_cat-keyboard","10":"product_tag-60-keyboard","11":"product_tag-hall-effect-keyboard","12":"product_tag-keyboard","14":"first","15":"instock","16":"sale","17":"taxable","18":"shipping-taxable","19":"purchasable","20":"product-type-variable","21":"wvs-archive-product-wrapper"},"aioseo_notices":[],"ct_brands":[{"id":54,"name":"AULA","slug":"aula"}],"jetpack_sharing_enabled":true,"_links":{"self":[{"href":"https:\/\/halleffectkeyboard.com\/de\/wp-json\/wp\/v2\/product\/5614","targetHints":{"allow":["GET"]}}],"collection":[{"href":"https:\/\/halleffectkeyboard.com\/de\/wp-json\/wp\/v2\/product"}],"about":[{"href":"https:\/\/halleffectkeyboard.com\/de\/wp-json\/wp\/v2\/types\/product"}],"replies":[{"embeddable":true,"href":"https:\/\/halleffectkeyboard.com\/de\/wp-json\/wp\/v2\/comments?post=5614"}],"version-history":[{"count":3,"href":"https:\/\/halleffectkeyboard.com\/de\/wp-json\/wp\/v2\/product\/5614\/revisions"}],"predecessor-version":[{"id":5656,"href":"https:\/\/halleffectkeyboard.com\/de\/wp-json\/wp\/v2\/product\/5614\/revisions\/5656"}],"wp:featuredmedia":[{"embeddable":true,"href":"https:\/\/halleffectkeyboard.com\/de\/wp-json\/wp\/v2\/media\/5643"}],"wp:attachment":[{"href":"https:\/\/halleffectkeyboard.com\/de\/wp-json\/wp\/v2\/media?parent=5614"}],"wp:term":[{"taxonomy":"product_brand","embeddable":true,"href":"https:\/\/halleffectkeyboard.com\/de\/wp-json\/wp\/v2\/product_brand?post=5614"},{"taxonomy":"product_cat","embeddable":true,"href":"https:\/\/halleffectkeyboard.com\/de\/wp-json\/wp\/v2\/product_cat?post=5614"},{"taxonomy":"product_tag","embeddable":true,"href":"https:\/\/halleffectkeyboard.com\/de\/wp-json\/wp\/v2\/product_tag?post=5614"}],"curies":[{"name":"wp","href":"https:\/\/api.w.org\/{rel}","templated":true}]}}