{"id":5541,"date":"2026-05-09T15:46:27","date_gmt":"2026-05-09T07:46:27","guid":{"rendered":"https:\/\/halleffectkeyboard.com\/?post_type=product&#038;p=5541"},"modified":"2026-05-11T10:21:17","modified_gmt":"2026-05-11T02:21:17","slug":"aula-ag75-hall-effect-keyboard","status":"publish","type":"product","link":"https:\/\/halleffectkeyboard.com\/de\/produkt\/aula-ag75-hall-effekt-tastatur\/","title":{"rendered":"AULA AG75 Hall-Effekt-Tastatur"},"content":{"rendered":"<h1>AULA AG75 Hall-Effekt-Tastatur: Die ultimative magnetische Gaming-Tastatur 75%<br \/>\n<img loading=\"lazy\" decoding=\"async\" class=\"alignnone size-full wp-image-5596\" src=\"https:\/\/halleffectkeyboard.com\/wp-content\/uploads\/2026\/05\/1-20-scaled.jpg\" alt=\"AULA AG75 Hall Effect Keyboard\" width=\"2560\" height=\"1437\" srcset=\"https:\/\/halleffectkeyboard.com\/wp-content\/uploads\/2026\/05\/1-20-scaled.jpg 2560w, https:\/\/halleffectkeyboard.com\/wp-content\/uploads\/2026\/05\/1-20-300x168.jpg 300w, https:\/\/halleffectkeyboard.com\/wp-content\/uploads\/2026\/05\/1-20-1024x575.jpg 1024w, https:\/\/halleffectkeyboard.com\/wp-content\/uploads\/2026\/05\/1-20-768x431.jpg 768w, https:\/\/halleffectkeyboard.com\/wp-content\/uploads\/2026\/05\/1-20-1536x862.jpg 1536w, https:\/\/halleffectkeyboard.com\/wp-content\/uploads\/2026\/05\/1-20-2048x1150.jpg 2048w, https:\/\/halleffectkeyboard.com\/wp-content\/uploads\/2026\/05\/1-20-18x10.jpg 18w, https:\/\/halleffectkeyboard.com\/wp-content\/uploads\/2026\/05\/1-20-1200x674.jpg 1200w\" sizes=\"auto, (max-width: 2560px) 100vw, 2560px\" data-no-translation=\"\" \/><\/h1>\n<p>Entdecke mit dem n\u00e4chsten Level an Wettkampf-Gaming und Tipppr\u00e4zision das n\u00e4chste Level an \u2026 <strong>AULA AG75<\/strong>, ein Premium <strong>Tastatur mit Hall-Effekt<\/strong> Entwickelt f\u00fcr h\u00f6chste Leistung. Mit einem eleganten, vollst\u00e4ndig CNC-gefr\u00e4sten Aluminiumgeh\u00e4use und hochmodernen Magnetschaltern. <strong>75 Tastatur<\/strong> Die AG75-Serie (Standard, Pro und Ultra) vereint kompakte Abmessungen mit kompromissloser Funktionalit\u00e4t. Egal ob E-Sport-Profi oder Liebhaber individueller mechanischer Tastaturen \u2013 die AG75-Serie bietet ein unvergleichliches Erlebnis.<br \/>\n<img loading=\"lazy\" decoding=\"async\" class=\"alignnone size-full wp-image-5599\" src=\"https:\/\/halleffectkeyboard.com\/wp-content\/uploads\/2026\/05\/4-21-scaled.jpg\" alt=\"AULA AG75 Hall Effect Keyboard\" width=\"2560\" height=\"1437\" srcset=\"https:\/\/halleffectkeyboard.com\/wp-content\/uploads\/2026\/05\/4-21-scaled.jpg 2560w, https:\/\/halleffectkeyboard.com\/wp-content\/uploads\/2026\/05\/4-21-300x168.jpg 300w, https:\/\/halleffectkeyboard.com\/wp-content\/uploads\/2026\/05\/4-21-1024x575.jpg 1024w, https:\/\/halleffectkeyboard.com\/wp-content\/uploads\/2026\/05\/4-21-768x431.jpg 768w, https:\/\/halleffectkeyboard.com\/wp-content\/uploads\/2026\/05\/4-21-1536x862.jpg 1536w, https:\/\/halleffectkeyboard.com\/wp-content\/uploads\/2026\/05\/4-21-2048x1150.jpg 2048w, https:\/\/halleffectkeyboard.com\/wp-content\/uploads\/2026\/05\/4-21-18x10.jpg 18w, https:\/\/halleffectkeyboard.com\/wp-content\/uploads\/2026\/05\/4-21-1200x674.jpg 1200w\" sizes=\"auto, (max-width: 2560px) 100vw, 2560px\" data-no-translation=\"\" \/><\/p>\n<h2>Dominieren Sie mit ultraschneller Leistung<\/h2>\n<p>Die AULA AG75 wurde f\u00fcr Geschwindigkeit entwickelt und ist ein echter <strong>Schnelltrigger-Tastatur \/ RT-Tastatur<\/strong> Dadurch wird die herk\u00f6mmliche Eingangsverz\u00f6gerung eliminiert.<\/p>\n<ul>\n<li><strong>Blitzschnelle Reaktion:<\/strong>\u00a0Erleben Sie echtes Gaming ohne Verz\u00f6gerung mit einem\u00a0<strong>8000 Hz Abtastrate<\/strong>\u00a0und eine erstaunlich niedrige durchschnittliche Latenz von bis zu 0,08 ms (Ultra-Version).<\/li>\n<li><strong>Tastatur mit einstellbarem Ausl\u00f6sepunkt:<\/strong>\u00a0Passen Sie den Tastenhub individuell von 0,001 mm bis 3,4 mm an. Die Schrittgenauigkeit von 0,001 mm und die einstellbare \u201c0\u201d-Totzone machen sie zur perfekten Wahl.\u00a0<strong>FPS-Gaming-Tastatur<\/strong>\u00a0Und\u00a0<strong>Valorant-Tastatur<\/strong>, Dies erm\u00f6glicht sofortige Stopps beim Seitw\u00e4rtsfahren und punktgenaue Pr\u00e4zision.<br \/>\n<img loading=\"lazy\" decoding=\"async\" class=\"alignnone size-full wp-image-5602\" src=\"https:\/\/halleffectkeyboard.com\/wp-content\/uploads\/2026\/05\/7-9-scaled.jpg\" alt=\"AULA AG75 Hall Effect Keyboard\" width=\"2560\" height=\"1437\" srcset=\"https:\/\/halleffectkeyboard.com\/wp-content\/uploads\/2026\/05\/7-9-scaled.jpg 2560w, https:\/\/halleffectkeyboard.com\/wp-content\/uploads\/2026\/05\/7-9-300x168.jpg 300w, https:\/\/halleffectkeyboard.com\/wp-content\/uploads\/2026\/05\/7-9-1024x575.jpg 1024w, https:\/\/halleffectkeyboard.com\/wp-content\/uploads\/2026\/05\/7-9-768x431.jpg 768w, https:\/\/halleffectkeyboard.com\/wp-content\/uploads\/2026\/05\/7-9-1536x862.jpg 1536w, https:\/\/halleffectkeyboard.com\/wp-content\/uploads\/2026\/05\/7-9-2048x1150.jpg 2048w, https:\/\/halleffectkeyboard.com\/wp-content\/uploads\/2026\/05\/7-9-18x10.jpg 18w, https:\/\/halleffectkeyboard.com\/wp-content\/uploads\/2026\/05\/7-9-1200x674.jpg 1200w\" sizes=\"auto, (max-width: 2560px) 100vw, 2560px\" data-no-translation=\"\" \/><\/li>\n<li><strong>Gebaut f\u00fcr Geschwindigkeit:<\/strong>\u00a0Ob Sie einen ben\u00f6tigen\u00a0<strong>osu! Tastatur<\/strong>, A\u00a0<strong>Rhythmusspieltastatur<\/strong>, oder ein zuverl\u00e4ssiger\u00a0<strong>Tastatur f\u00fcr schnelle Spiele<\/strong>, die fortschrittlichen 3. und 4. Generation\u00a0<strong>Hall-Effekt-Schalter<\/strong>\u00a0Sicherstellen, dass jeder Tastendruck sofort registriert wird.<br \/>\n<img loading=\"lazy\" decoding=\"async\" class=\"alignnone size-full wp-image-5597\" src=\"https:\/\/halleffectkeyboard.com\/wp-content\/uploads\/2026\/05\/2-21-scaled.jpg\" alt=\"AULA AG75 Hall Effect Keyboard\" width=\"2560\" height=\"1437\" srcset=\"https:\/\/halleffectkeyboard.com\/wp-content\/uploads\/2026\/05\/2-21-scaled.jpg 2560w, https:\/\/halleffectkeyboard.com\/wp-content\/uploads\/2026\/05\/2-21-300x168.jpg 300w, https:\/\/halleffectkeyboard.com\/wp-content\/uploads\/2026\/05\/2-21-1024x575.jpg 1024w, https:\/\/halleffectkeyboard.com\/wp-content\/uploads\/2026\/05\/2-21-768x431.jpg 768w, https:\/\/halleffectkeyboard.com\/wp-content\/uploads\/2026\/05\/2-21-1536x862.jpg 1536w, https:\/\/halleffectkeyboard.com\/wp-content\/uploads\/2026\/05\/2-21-2048x1150.jpg 2048w, https:\/\/halleffectkeyboard.com\/wp-content\/uploads\/2026\/05\/2-21-18x10.jpg 18w, https:\/\/halleffectkeyboard.com\/wp-content\/uploads\/2026\/05\/2-21-1200x674.jpg 1200w\" sizes=\"auto, (max-width: 2560px) 100vw, 2560px\" data-no-translation=\"\" \/><\/li>\n<\/ul>\n<h2>Premium-Tastaturerlebnis<\/h2>\n<p>Erleben Sie die Akustik und das Spielgef\u00fchl eines High-End-Ger\u00e4ts. <strong>Benutzerdefinierte Tastatur<\/strong> direkt aus der Verpackung.<\/p>\n<ul>\n<li><strong>Hochwertige Verarbeitung:<\/strong>\u00a0Eingebettet in ein eloxiertes oder fein elektrophoretisch hergestelltes Vollaluminiumgeh\u00e4use mit 220 Mesh-Feinheit,\u00a0<strong>magnetische Tastatur<\/strong>\u00a0zeichnet sich durch eine feste, hochwertige Textur aus.<\/li>\n<li><strong>HiFi-Akustik:<\/strong>\u00a0Ausgestattet mit einem 6-lagigen Vollpolsterungssystem (einschlie\u00dflich langsam zur\u00fcckfederndem PO-Schaum, PET-Unterlegscheiben und einer Positionierungsplatte aus Kohlefaser), liefert es ein klares, dumpfes Klangprofil.<\/li>\n<li><strong>Vielseitiges Design:<\/strong>\u00a0Entwickelt, um mit jedem anderen mithalten zu k\u00f6nnen\u00a0<strong>Magnetische Tastatur mit oberer Befestigung<\/strong>, Es verf\u00fcgt \u00fcber eine magnetische Schnellverschlusskonstruktion f\u00fcr einfaches Modifizieren. Es harmoniert hervorragend mit verschiedenen Tastenkappenstilen, einschlie\u00dflich Premium-Modellen.\u00a0<strong>Cherry-Profil PBT-Tastenkappen mit seitlicher Bedruckung<\/strong>\u00a0und die dazugeh\u00f6rigen Sets im mattierten\/metallischen Stil.<br \/>\n<img loading=\"lazy\" decoding=\"async\" class=\"alignnone size-full wp-image-5601\" src=\"https:\/\/halleffectkeyboard.com\/wp-content\/uploads\/2026\/05\/6-10-scaled.jpg\" alt=\"AULA AG75 Hall Effect Keyboard\" width=\"2560\" height=\"1437\" srcset=\"https:\/\/halleffectkeyboard.com\/wp-content\/uploads\/2026\/05\/6-10-scaled.jpg 2560w, https:\/\/halleffectkeyboard.com\/wp-content\/uploads\/2026\/05\/6-10-300x168.jpg 300w, https:\/\/halleffectkeyboard.com\/wp-content\/uploads\/2026\/05\/6-10-1024x575.jpg 1024w, https:\/\/halleffectkeyboard.com\/wp-content\/uploads\/2026\/05\/6-10-768x431.jpg 768w, https:\/\/halleffectkeyboard.com\/wp-content\/uploads\/2026\/05\/6-10-1536x862.jpg 1536w, https:\/\/halleffectkeyboard.com\/wp-content\/uploads\/2026\/05\/6-10-2048x1150.jpg 2048w, https:\/\/halleffectkeyboard.com\/wp-content\/uploads\/2026\/05\/6-10-18x10.jpg 18w, https:\/\/halleffectkeyboard.com\/wp-content\/uploads\/2026\/05\/6-10-1200x674.jpg 1200w\" sizes=\"auto, (max-width: 2560px) 100vw, 2560px\" data-no-translation=\"\" \/><\/li>\n<\/ul>\n<h2>Magnetische Schaltertastatur der n\u00e4chsten Generation<\/h2>\n<p>Treten Sie ein in die Zukunft von <strong>HE-Tastaturen<\/strong> mit den speziell abgestimmten Schaltern von AULA. <strong>Tastatur mit magnetischen Schaltern<\/strong> bietet vier verschiedene Schalteroptionen, die genau Ihren Vorlieben entsprechen:<\/p>\n<ul>\n<li><strong>Mixue Magnetschalter:<\/strong>\u00a0Geschmeidiges, lineares Ansprechverhalten mit sofortiger Ausl\u00f6sung.<\/li>\n<li><strong>Bingxin Silberner Magnetschalter:<\/strong>\u00a0Taktil mit klarem Feedback.<\/li>\n<li><strong>Chaoshen Magnetschalter:<\/strong>\u00a0Linear und ultraschnell f\u00fcr kompetitives Spielen.<\/li>\n<li><strong>Babao Magnetschalter:<\/strong>\u00a0Klarer, tropfenf\u00f6rmiger Klang mit sauberem, unged\u00e4mpftem Ausklang.<br \/>\n<img loading=\"lazy\" decoding=\"async\" class=\"alignnone size-full wp-image-5600\" src=\"https:\/\/halleffectkeyboard.com\/wp-content\/uploads\/2026\/05\/5-23-scaled.jpg\" alt=\"AULA AG75 Hall Effect Keyboard\" width=\"2560\" height=\"1437\" srcset=\"https:\/\/halleffectkeyboard.com\/wp-content\/uploads\/2026\/05\/5-23-scaled.jpg 2560w, https:\/\/halleffectkeyboard.com\/wp-content\/uploads\/2026\/05\/5-23-300x168.jpg 300w, https:\/\/halleffectkeyboard.com\/wp-content\/uploads\/2026\/05\/5-23-1024x575.jpg 1024w, https:\/\/halleffectkeyboard.com\/wp-content\/uploads\/2026\/05\/5-23-768x431.jpg 768w, https:\/\/halleffectkeyboard.com\/wp-content\/uploads\/2026\/05\/5-23-1536x862.jpg 1536w, https:\/\/halleffectkeyboard.com\/wp-content\/uploads\/2026\/05\/5-23-2048x1150.jpg 2048w, https:\/\/halleffectkeyboard.com\/wp-content\/uploads\/2026\/05\/5-23-18x10.jpg 18w, https:\/\/halleffectkeyboard.com\/wp-content\/uploads\/2026\/05\/5-23-1200x674.jpg 1200w\" sizes=\"auto, (max-width: 2560px) 100vw, 2560px\" data-no-translation=\"\" \/><\/li>\n<\/ul>\n<h2>Intelligentes Layout und breite Kompatibilit\u00e4t<\/h2>\n<ul>\n<li><strong>Platzsparendes Design:<\/strong>\u00a0Der\u00a0<strong>75-Prozent-Tastatur<\/strong>\u00a0Durch seinen Formfaktor spart der 25% im Vergleich zu Modellen in voller Gr\u00f6\u00dfe 25% Platz auf Ihrem Schreibtisch. Die optimierte\u00a0<strong>75-Tastaturlayout<\/strong>\u00a0Es beh\u00e4lt die wichtigsten Funktionstasten und Pfeiltasten bei und ist damit eines der praktischsten.\u00a0<strong>75 Tastaturen<\/strong>\u00a0auf dem Markt.<\/li>\n<li><strong>Nahtlose Integration:<\/strong>\u00a0Dies ist ein vollst\u00e4ndiger\u00a0<strong>Gaming-Tastatur, kompatibel mit Mac und Windows<\/strong>\u00a0(unterst\u00fctzt auch Linux).<\/li>\n<li><strong>Erweiterte Software:<\/strong>\u00a0Dank des AULA Web Driver 3.0 k\u00f6nnen Sie RT\/SOCD-Einstellungen einfach zuordnen, Pro-Player-Voreinstellungen einrichten und die lebendige 170-LED-ARGB-Beleuchtung anpassen, ohne Bloatware herunterzuladen.<\/li>\n<li><strong>Dual-Trigger \u201cDual Soul\u201d:<\/strong>\u00a0Wechseln Sie mit einem Klick blitzschnell zwischen zwei benutzerdefinierten Modi \u2013 perfekt f\u00fcr den \u00dcbergang von der Arbeit zum Gaming.<br \/>\n<img loading=\"lazy\" decoding=\"async\" class=\"alignnone size-full wp-image-5598\" src=\"https:\/\/halleffectkeyboard.com\/wp-content\/uploads\/2026\/05\/3-22-scaled.jpg\" alt=\"AULA AG75 Hall Effect Keyboard\" width=\"2560\" height=\"1437\" srcset=\"https:\/\/halleffectkeyboard.com\/wp-content\/uploads\/2026\/05\/3-22-scaled.jpg 2560w, https:\/\/halleffectkeyboard.com\/wp-content\/uploads\/2026\/05\/3-22-300x168.jpg 300w, https:\/\/halleffectkeyboard.com\/wp-content\/uploads\/2026\/05\/3-22-1024x575.jpg 1024w, https:\/\/halleffectkeyboard.com\/wp-content\/uploads\/2026\/05\/3-22-768x431.jpg 768w, https:\/\/halleffectkeyboard.com\/wp-content\/uploads\/2026\/05\/3-22-1536x862.jpg 1536w, https:\/\/halleffectkeyboard.com\/wp-content\/uploads\/2026\/05\/3-22-2048x1150.jpg 2048w, https:\/\/halleffectkeyboard.com\/wp-content\/uploads\/2026\/05\/3-22-18x10.jpg 18w, https:\/\/halleffectkeyboard.com\/wp-content\/uploads\/2026\/05\/3-22-1200x674.jpg 1200w\" sizes=\"auto, (max-width: 2560px) 100vw, 2560px\" data-no-translation=\"\" \/><\/li>\n<\/ul>\n<hr \/>\n<h2>AULA AG75-Serienvergleich: Welches Modell ist das richtige f\u00fcr Sie?<\/h2>\n<table>\n<thead>\n<tr>\n<th>Besonderheit<\/th>\n<th>AULA AG75<\/th>\n<th>AULA AG75 Pro<\/th>\n<th>AULA AG75 Ultra<\/th>\n<\/tr>\n<\/thead>\n<tbody>\n<tr>\n<td><strong>Zielgruppe<\/strong><\/td>\n<td>Wettbewerbsf\u00e4higer Einstieg<\/td>\n<td>Fortgeschrittene Spieler<\/td>\n<td>E-Sport-Profis<\/td>\n<\/tr>\n<tr>\n<td><strong>Sensor<\/strong><\/td>\n<td>Hall-Sensor der 3. Generation<\/td>\n<td>Hall-Sensor der 3. Generation<\/td>\n<td><strong>Hall-Sensor der 4. Generation<\/strong>\u00a0(Am genauesten)<\/td>\n<\/tr>\n<tr>\n<td><strong>Abtastrate \/ Latenz<\/strong><\/td>\n<td>256K \/ 0,1ms<\/td>\n<td>256K \/ 0,1ms<\/td>\n<td><strong>2304K \/ 0,08ms<\/strong><\/td>\n<\/tr>\n<tr>\n<td><strong>Leiterplattenl\u00f6sung<\/strong><\/td>\n<td>Einzelstationsl\u00f6sung<\/td>\n<td>Dual-Station-L\u00f6sung<\/td>\n<td><strong>Starlight 3-Kern-Direktverbindung<\/strong><\/td>\n<\/tr>\n<tr>\n<td><strong>Standardschalter<\/strong><\/td>\n<td>Mixue Magnetic<\/td>\n<td>Bingxin Silber Magnetisch<\/td>\n<td>Chaoshen \/ Babao Magnetic<\/td>\n<\/tr>\n<tr>\n<td><strong>Oberfl\u00e4chenbehandlung<\/strong><\/td>\n<td>220-Mesh-Eloxiert<\/td>\n<td>Feinelektrophorese<\/td>\n<td>220-Mesh-Eloxiert<\/td>\n<\/tr>\n<tr>\n<td><strong>Tastenkappen<\/strong><\/td>\n<td>Mattiert, durchscheinend<\/td>\n<td>Metall\/W\u00e4rmesublimation<\/td>\n<td>Metall\/3-teilig transparent<\/td>\n<\/tr>\n<\/tbody>\n<\/table>\n<p><strong>R\u00fcsten Sie Ihr Setup noch heute mit dem AULA AG75 Hall Effect Keyboard auf \u2013 wo Pr\u00e4zisionstechnik auf Wettbewerbsdominanz trifft.<br \/>\n<img loading=\"lazy\" decoding=\"async\" class=\"alignnone size-full wp-image-5603\" src=\"https:\/\/halleffectkeyboard.com\/wp-content\/uploads\/2026\/05\/8-4-scaled.jpg\" alt=\"AULA AG75 Hall Effect Keyboard\" width=\"2560\" height=\"1437\" srcset=\"https:\/\/halleffectkeyboard.com\/wp-content\/uploads\/2026\/05\/8-4-scaled.jpg 2560w, https:\/\/halleffectkeyboard.com\/wp-content\/uploads\/2026\/05\/8-4-300x168.jpg 300w, https:\/\/halleffectkeyboard.com\/wp-content\/uploads\/2026\/05\/8-4-1024x575.jpg 1024w, https:\/\/halleffectkeyboard.com\/wp-content\/uploads\/2026\/05\/8-4-768x431.jpg 768w, https:\/\/halleffectkeyboard.com\/wp-content\/uploads\/2026\/05\/8-4-1536x862.jpg 1536w, https:\/\/halleffectkeyboard.com\/wp-content\/uploads\/2026\/05\/8-4-2048x1150.jpg 2048w, https:\/\/halleffectkeyboard.com\/wp-content\/uploads\/2026\/05\/8-4-18x10.jpg 18w, https:\/\/halleffectkeyboard.com\/wp-content\/uploads\/2026\/05\/8-4-1200x674.jpg 1200w\" sizes=\"auto, (max-width: 2560px) 100vw, 2560px\" data-no-translation=\"\" \/><br \/>\n<\/strong><\/p>","protected":false},"excerpt":{"rendered":"<ul>\n<li><strong>Ultraschnelle Reaktion:<\/strong>\u00a08000-Hz-Abfragerate mit einer Latenz von bis zu 0,08 ms.<\/li>\n<li><strong>Schnellausl\u00f6ser (RT):<\/strong>\u00a0Einstellbare Bet\u00e4tigung mit 0,001 mm Pr\u00e4zision f\u00fcr sofortiges Seitw\u00e4rtsgehen.<\/li>\n<li><strong>Premium-Ausf\u00fchrung:<\/strong>\u00a0Vollaluminium-CNC-Geh\u00e4use mit 6-lagigem HIFI-Schalld\u00e4mpfungssystem.<\/li>\n<li><strong>Smart 75% Layout:<\/strong>\u00a0Spart Platz auf dem Schreibtisch, ohne auf wichtige Tasten zu verzichten.<\/li>\n<li><strong>Breite Kompatibilit\u00e4t:<\/strong>\u00a0Funktioniert nahtlos mit Mac und Windows.<\/li>\n<\/ul>","protected":false},"featured_media":5574,"comment_status":"open","ping_status":"closed","template":"","meta":[],"product_brand":[54],"product_cat":[574,322,20],"product_tag":[626,58,22],"class_list":{"0":"post-5541","1":"product","2":"type-product","3":"status-publish","4":"has-post-thumbnail","6":"product_brand-aula","7":"product_cat-75-keyboard","8":"product_cat-hall-effect-keyboard","9":"product_cat-keyboard","10":"product_tag-75-keyboard","11":"product_tag-hall-effect-keyboard","12":"product_tag-keyboard","14":"first","15":"instock","16":"taxable","17":"shipping-taxable","18":"purchasable","19":"product-type-variable","20":"wvs-archive-product-wrapper"},"aioseo_notices":[],"ct_brands":[{"id":54,"name":"AULA","slug":"aula"}],"jetpack_sharing_enabled":true,"_links":{"self":[{"href":"https:\/\/halleffectkeyboard.com\/de\/wp-json\/wp\/v2\/product\/5541","targetHints":{"allow":["GET"]}}],"collection":[{"href":"https:\/\/halleffectkeyboard.com\/de\/wp-json\/wp\/v2\/product"}],"about":[{"href":"https:\/\/halleffectkeyboard.com\/de\/wp-json\/wp\/v2\/types\/product"}],"replies":[{"embeddable":true,"href":"https:\/\/halleffectkeyboard.com\/de\/wp-json\/wp\/v2\/comments?post=5541"}],"version-history":[{"count":3,"href":"https:\/\/halleffectkeyboard.com\/de\/wp-json\/wp\/v2\/product\/5541\/revisions"}],"predecessor-version":[{"id":5605,"href":"https:\/\/halleffectkeyboard.com\/de\/wp-json\/wp\/v2\/product\/5541\/revisions\/5605"}],"wp:featuredmedia":[{"embeddable":true,"href":"https:\/\/halleffectkeyboard.com\/de\/wp-json\/wp\/v2\/media\/5574"}],"wp:attachment":[{"href":"https:\/\/halleffectkeyboard.com\/de\/wp-json\/wp\/v2\/media?parent=5541"}],"wp:term":[{"taxonomy":"product_brand","embeddable":true,"href":"https:\/\/halleffectkeyboard.com\/de\/wp-json\/wp\/v2\/product_brand?post=5541"},{"taxonomy":"product_cat","embeddable":true,"href":"https:\/\/halleffectkeyboard.com\/de\/wp-json\/wp\/v2\/product_cat?post=5541"},{"taxonomy":"product_tag","embeddable":true,"href":"https:\/\/halleffectkeyboard.com\/de\/wp-json\/wp\/v2\/product_tag?post=5541"}],"curies":[{"name":"wp","href":"https:\/\/api.w.org\/{rel}","templated":true}]}}