{"id":5500,"date":"2026-05-09T11:36:29","date_gmt":"2026-05-09T03:36:29","guid":{"rendered":"https:\/\/halleffectkeyboard.com\/?post_type=product&#038;p=5500"},"modified":"2026-05-09T15:26:21","modified_gmt":"2026-05-09T07:26:21","slug":"aula-ag60-hall-effect-keyboard","status":"publish","type":"product","link":"https:\/\/halleffectkeyboard.com\/de\/produkt\/aula-ag60-hall-effekt-tastatur\/","title":{"rendered":"AULA AG60 Hall-Effekt-Tastatur"},"content":{"rendered":"<h1>AULA AG60 Hall-Effekt-Tastatur: Die ultimative 60% Rapid-Trigger-Gaming-Tastatur<br \/>\n<img loading=\"lazy\" decoding=\"async\" class=\"alignnone size-full wp-image-5508\" src=\"https:\/\/halleffectkeyboard.com\/wp-content\/uploads\/2026\/05\/1-16-scaled.jpg\" alt=\"AULA AG60 Hall Effect Keyboard\" width=\"2560\" height=\"1437\" srcset=\"https:\/\/halleffectkeyboard.com\/wp-content\/uploads\/2026\/05\/1-16-scaled.jpg 2560w, https:\/\/halleffectkeyboard.com\/wp-content\/uploads\/2026\/05\/1-16-300x168.jpg 300w, https:\/\/halleffectkeyboard.com\/wp-content\/uploads\/2026\/05\/1-16-1024x575.jpg 1024w, https:\/\/halleffectkeyboard.com\/wp-content\/uploads\/2026\/05\/1-16-768x431.jpg 768w, https:\/\/halleffectkeyboard.com\/wp-content\/uploads\/2026\/05\/1-16-1536x862.jpg 1536w, https:\/\/halleffectkeyboard.com\/wp-content\/uploads\/2026\/05\/1-16-2048x1150.jpg 2048w, https:\/\/halleffectkeyboard.com\/wp-content\/uploads\/2026\/05\/1-16-18x10.jpg 18w, https:\/\/halleffectkeyboard.com\/wp-content\/uploads\/2026\/05\/1-16-1200x674.jpg 1200w\" sizes=\"auto, (max-width: 2560px) 100vw, 2560px\" data-no-translation=\"\" \/><\/h1>\n<p><strong>Steigern Sie Ihren Wettbewerbsvorteil mit der AULA AG60 Serie \u2013 der erstklassigen Hall-Effekt-Tastatur, die f\u00fcr Geschwindigkeit, Pr\u00e4zision und minimalistische \u00c4sthetik entwickelt wurde.<\/strong><\/p>\n<p>Der <strong>AULA AG60 Hall-Effekt-Tastatur<\/strong> ist auf Marktf\u00fchrerschaft ausgelegt. Mit branchenf\u00fchrenden Funktionen <strong>Magnetschalter<\/strong> Technologie, ein <strong>8000 Hz Abtastrate<\/strong>, und ein kompakter <strong>60% Tastaturlayout<\/strong>, Dies ist die <strong>Budget-Tastatur mit Rapid Trigger<\/strong> Worauf du gewartet hast.<br \/>\n<img loading=\"lazy\" decoding=\"async\" class=\"alignnone size-full wp-image-5515\" src=\"https:\/\/halleffectkeyboard.com\/wp-content\/uploads\/2026\/05\/7-7-scaled.jpg\" alt=\"AULA AG60 Hall Effect Keyboard\" width=\"2560\" height=\"1437\" srcset=\"https:\/\/halleffectkeyboard.com\/wp-content\/uploads\/2026\/05\/7-7-scaled.jpg 2560w, https:\/\/halleffectkeyboard.com\/wp-content\/uploads\/2026\/05\/7-7-300x168.jpg 300w, https:\/\/halleffectkeyboard.com\/wp-content\/uploads\/2026\/05\/7-7-1024x575.jpg 1024w, https:\/\/halleffectkeyboard.com\/wp-content\/uploads\/2026\/05\/7-7-768x431.jpg 768w, https:\/\/halleffectkeyboard.com\/wp-content\/uploads\/2026\/05\/7-7-1536x862.jpg 1536w, https:\/\/halleffectkeyboard.com\/wp-content\/uploads\/2026\/05\/7-7-2048x1150.jpg 2048w, https:\/\/halleffectkeyboard.com\/wp-content\/uploads\/2026\/05\/7-7-18x10.jpg 18w, https:\/\/halleffectkeyboard.com\/wp-content\/uploads\/2026\/05\/7-7-1200x674.jpg 1200w\" sizes=\"auto, (max-width: 2560px) 100vw, 2560px\" data-no-translation=\"\" \/><\/p>\n<hr \/>\n<h2>Warum sollten Sie sich f\u00fcr das AULA AG60 Hall-Effekt-Keyboard entscheiden?<\/h2>\n<p>Die AULA AG60 ist nicht einfach nur eine weitere <strong>60 Gaming-Tastatur<\/strong>; Es handelt sich um ein Hochleistungstool, das f\u00fcr Gamer entwickelt wurde, die eine Latenz von null verlangen.<\/p>\n<h3>Modernste Magnetschaltertechnologie<\/h3>\n<p>Ausgestattet mit fortschrittlichen <strong>Hall-Effekt-Schalter<\/strong>, Die AULA AG60 bietet eine <strong>einstellbarer Bet\u00e4tigungspunkt<\/strong> (von 0,1 mm bis 4,0 mm). Ob Sie eine federleichte Ber\u00fchrung ben\u00f6tigen f\u00fcr <strong>temporeiche Spiele<\/strong> oder ein bewusster Strich beim Tippen, dieser <strong>Tastatur mit magnetischen Schaltern<\/strong> Passt sich Ihnen an.<\/p>\n<ul>\n<li><strong>Schnellausl\u00f6ser (RT):<\/strong>\u00a0Erleben Sie einen nahezu sofortigen Reset mit\u00a0<strong>RT 0,001 mm<\/strong>\u00a0Pr\u00e4zision, unerl\u00e4sslich f\u00fcr\u00a0<strong>Valorant<\/strong>,\u00a0<strong>CS2<\/strong>, Und\u00a0<strong>Osu! Tastatur<\/strong>\u00a0Enthusiasten.<\/li>\n<li><strong>8000-Hz-Abtastrate:<\/strong>\u00a0Mit einem\u00a0<strong>8K-Abstimmungsrate<\/strong>, Profitieren Sie von einer Eingabeverz\u00f6gerung von nur 0,1 ms, die Ihnen einen Wettbewerbsvorteil sichert.<br \/>\n<img loading=\"lazy\" decoding=\"async\" class=\"alignnone size-full wp-image-5509\" src=\"https:\/\/halleffectkeyboard.com\/wp-content\/uploads\/2026\/05\/2-16-scaled.jpg\" alt=\"AULA AG60 Hall Effect Keyboard\" width=\"2560\" height=\"1437\" srcset=\"https:\/\/halleffectkeyboard.com\/wp-content\/uploads\/2026\/05\/2-16-scaled.jpg 2560w, https:\/\/halleffectkeyboard.com\/wp-content\/uploads\/2026\/05\/2-16-300x168.jpg 300w, https:\/\/halleffectkeyboard.com\/wp-content\/uploads\/2026\/05\/2-16-1024x575.jpg 1024w, https:\/\/halleffectkeyboard.com\/wp-content\/uploads\/2026\/05\/2-16-768x431.jpg 768w, https:\/\/halleffectkeyboard.com\/wp-content\/uploads\/2026\/05\/2-16-1536x862.jpg 1536w, https:\/\/halleffectkeyboard.com\/wp-content\/uploads\/2026\/05\/2-16-2048x1150.jpg 2048w, https:\/\/halleffectkeyboard.com\/wp-content\/uploads\/2026\/05\/2-16-18x10.jpg 18w, https:\/\/halleffectkeyboard.com\/wp-content\/uploads\/2026\/05\/2-16-1200x674.jpg 1200w\" sizes=\"auto, (max-width: 2560px) 100vw, 2560px\" data-no-translation=\"\" \/><\/li>\n<\/ul>\n<h3>Kompaktes 60%-Layout f\u00fcr minimalistische Setups<\/h3>\n<p>Der <strong>60-Prozent-Tastaturlayout<\/strong> ist der Goldstandard f\u00fcr <strong>FPS-Gaming-Tastaturen<\/strong>. Durch das Entfernen des Nummernblocks und der Funktionstastenreihe gewinnt man massiv Platz auf dem Schreibtisch f\u00fcr Mausbewegungen mit geringer Empfindlichkeit. <em>Hinweis: Ben\u00f6tigen Sie Navigationstasten? <strong>Standard-Pos1-Taste f\u00fcr 60-Tasten-Tastaturen<\/strong> ist \u00fcber intuitive Fn-Layer-Shortcuts leicht zug\u00e4nglich und in unserer Software vollst\u00e4ndig anpassbar.<\/em><\/p>\n<h3>Premium-Konfiguration &amp; -Anpassung<\/h3>\n<ul>\n<li><strong>Individuelle Tastaturerfahrung:<\/strong>\u00a0Mit\u00a0<strong>Volle Tastenbelegung im laufenden Betrieb m\u00f6glich<\/strong>\u00a0Dank der Sockel k\u00f6nnen Sie die Schalter problemlos austauschen, ohne l\u00f6ten zu m\u00fcssen.<\/li>\n<li><strong>\u00dcberragende Akustik:<\/strong>\u00a0Unser\u00a0<strong>Magnetische Tastatur mit oberer Befestigung<\/strong>\u00a0Das Design umfasst eine mehrschichtige Schalld\u00e4mpfung, die f\u00fcr ein sattes und angenehmes Klangprofil sorgt.<\/li>\n<li><strong>Langlebige \u00c4sthetik:<\/strong>\u00a0Ausgestattet mit\u00a0<strong>Cherry-Profil PBT-Tastenkappen mit seitlichem Aufdruck<\/strong>\u00a0die \u00f6lbest\u00e4ndig und farbecht sind, gepaart mit einer lebendigen\u00a0<strong>Twin-Star RGB-Hintergrundbeleuchtung<\/strong>.<br \/>\n<img loading=\"lazy\" decoding=\"async\" class=\"alignnone size-full wp-image-5510\" src=\"https:\/\/halleffectkeyboard.com\/wp-content\/uploads\/2026\/05\/3-17-scaled.jpg\" alt=\"AULA AG60 Hall Effect Keyboard\" width=\"2560\" height=\"1437\" srcset=\"https:\/\/halleffectkeyboard.com\/wp-content\/uploads\/2026\/05\/3-17-scaled.jpg 2560w, https:\/\/halleffectkeyboard.com\/wp-content\/uploads\/2026\/05\/3-17-300x168.jpg 300w, https:\/\/halleffectkeyboard.com\/wp-content\/uploads\/2026\/05\/3-17-1024x575.jpg 1024w, https:\/\/halleffectkeyboard.com\/wp-content\/uploads\/2026\/05\/3-17-768x431.jpg 768w, https:\/\/halleffectkeyboard.com\/wp-content\/uploads\/2026\/05\/3-17-1536x862.jpg 1536w, https:\/\/halleffectkeyboard.com\/wp-content\/uploads\/2026\/05\/3-17-2048x1150.jpg 2048w, https:\/\/halleffectkeyboard.com\/wp-content\/uploads\/2026\/05\/3-17-18x10.jpg 18w, https:\/\/halleffectkeyboard.com\/wp-content\/uploads\/2026\/05\/3-17-1200x674.jpg 1200w\" sizes=\"auto, (max-width: 2560px) 100vw, 2560px\" data-no-translation=\"\" \/><\/li>\n<\/ul>\n<hr \/>\n<h2>Wichtigste Spezifikationen<\/h2>\n<table>\n<thead>\n<tr>\n<th>Besonderheit<\/th>\n<th>Spezifikation<\/th>\n<\/tr>\n<\/thead>\n<tbody>\n<tr>\n<td><strong>Produkt<\/strong><\/td>\n<td>AULA AG60-Serie<\/td>\n<\/tr>\n<tr>\n<td><strong>Schaltertyp<\/strong><\/td>\n<td>Hall-Effekt-\/Magnetschalter<\/td>\n<\/tr>\n<tr>\n<td><strong>Wahlbeteiligung<\/strong><\/td>\n<td>8000 Hz (0,1 ms Latenz)<\/td>\n<\/tr>\n<tr>\n<td><strong>Schnellausl\u00f6ser<\/strong><\/td>\n<td>Ja (0,001 mm Genauigkeit)<\/td>\n<\/tr>\n<tr>\n<td><strong>Layout<\/strong><\/td>\n<td>60% (61 Tasten)<\/td>\n<\/tr>\n<tr>\n<td><strong>Kompatibilit\u00e4t<\/strong><\/td>\n<td>Gaming-Tastatur, kompatibel mit Mac und Windows<\/td>\n<\/tr>\n<tr>\n<td><strong>Konnektivit\u00e4t<\/strong><\/td>\n<td>Stabile kabelgebundene USB-Verbindung<\/td>\n<\/tr>\n<\/tbody>\n<\/table>\n<p>&nbsp;<\/p>\n<p><img loading=\"lazy\" decoding=\"async\" class=\"alignnone size-full wp-image-5511\" src=\"https:\/\/halleffectkeyboard.com\/wp-content\/uploads\/2026\/05\/4-16-scaled.jpg\" alt=\"AULA AG60 Hall Effect Keyboard\" width=\"2560\" height=\"1437\" srcset=\"https:\/\/halleffectkeyboard.com\/wp-content\/uploads\/2026\/05\/4-16-scaled.jpg 2560w, https:\/\/halleffectkeyboard.com\/wp-content\/uploads\/2026\/05\/4-16-300x168.jpg 300w, https:\/\/halleffectkeyboard.com\/wp-content\/uploads\/2026\/05\/4-16-1024x575.jpg 1024w, https:\/\/halleffectkeyboard.com\/wp-content\/uploads\/2026\/05\/4-16-768x431.jpg 768w, https:\/\/halleffectkeyboard.com\/wp-content\/uploads\/2026\/05\/4-16-1536x862.jpg 1536w, https:\/\/halleffectkeyboard.com\/wp-content\/uploads\/2026\/05\/4-16-2048x1150.jpg 2048w, https:\/\/halleffectkeyboard.com\/wp-content\/uploads\/2026\/05\/4-16-18x10.jpg 18w, https:\/\/halleffectkeyboard.com\/wp-content\/uploads\/2026\/05\/4-16-1200x674.jpg 1200w\" sizes=\"auto, (max-width: 2560px) 100vw, 2560px\" data-no-translation=\"\" \/><\/p>\n<hr \/>\n<h2>Optimiert f\u00fcr wettbewerbsorientierten E-Sport<\/h2>\n<p>Ob Sie ein <strong>E-Sport-Spieler<\/strong> Ob f\u00fcr Gelegenheitsnutzer oder einfach nur so, die AULA AG60 ist die perfekte Wahl. <strong>60-Prozent-Tastatur<\/strong>.<\/p>\n<ul>\n<li><strong>FPS-Spiele:<\/strong>\u00a0Das Ultimative\u00a0<strong>Valorant-Tastatur<\/strong>\u00a0Und\u00a0<strong>CS2-Tastatur<\/strong>\u00a0f\u00fcr pr\u00e4zise Bewegungen.<\/li>\n<li><strong>Rhythmusspiele:<\/strong>\u00a0Die bevorzugte\u00a0<strong>Osu! Tastatur<\/strong>\u00a0f\u00fcr Hochgeschwindigkeits-Tapping.<\/li>\n<li><strong>Vielseitigkeit:<\/strong>\u00a0Ein vollst\u00e4ndig\u00a0<strong>Gaming-Tastatur, kompatibel mit Mac und Windows<\/strong>\u00a0Das passt an jeden Arbeitsplatz.<br \/>\n<img loading=\"lazy\" decoding=\"async\" class=\"alignnone size-full wp-image-5515\" src=\"https:\/\/halleffectkeyboard.com\/wp-content\/uploads\/2026\/05\/7-7-scaled.jpg\" alt=\"AULA AG60 Hall Effect Keyboard\" width=\"2560\" height=\"1437\" srcset=\"https:\/\/halleffectkeyboard.com\/wp-content\/uploads\/2026\/05\/7-7-scaled.jpg 2560w, https:\/\/halleffectkeyboard.com\/wp-content\/uploads\/2026\/05\/7-7-300x168.jpg 300w, https:\/\/halleffectkeyboard.com\/wp-content\/uploads\/2026\/05\/7-7-1024x575.jpg 1024w, https:\/\/halleffectkeyboard.com\/wp-content\/uploads\/2026\/05\/7-7-768x431.jpg 768w, https:\/\/halleffectkeyboard.com\/wp-content\/uploads\/2026\/05\/7-7-1536x862.jpg 1536w, https:\/\/halleffectkeyboard.com\/wp-content\/uploads\/2026\/05\/7-7-2048x1150.jpg 2048w, https:\/\/halleffectkeyboard.com\/wp-content\/uploads\/2026\/05\/7-7-18x10.jpg 18w, https:\/\/halleffectkeyboard.com\/wp-content\/uploads\/2026\/05\/7-7-1200x674.jpg 1200w\" sizes=\"auto, (max-width: 2560px) 100vw, 2560px\" data-no-translation=\"\" \/><\/li>\n<\/ul>\n<hr \/>\n<h2><img loading=\"lazy\" decoding=\"async\" class=\"alignnone size-full wp-image-5516\" src=\"https:\/\/halleffectkeyboard.com\/wp-content\/uploads\/2026\/05\/5-17-scaled.jpg\" alt=\"AULA AG60 Hall Effect Keyboard\" width=\"2560\" height=\"1437\" srcset=\"https:\/\/halleffectkeyboard.com\/wp-content\/uploads\/2026\/05\/5-17-scaled.jpg 2560w, https:\/\/halleffectkeyboard.com\/wp-content\/uploads\/2026\/05\/5-17-300x168.jpg 300w, https:\/\/halleffectkeyboard.com\/wp-content\/uploads\/2026\/05\/5-17-1024x575.jpg 1024w, https:\/\/halleffectkeyboard.com\/wp-content\/uploads\/2026\/05\/5-17-768x431.jpg 768w, https:\/\/halleffectkeyboard.com\/wp-content\/uploads\/2026\/05\/5-17-1536x862.jpg 1536w, https:\/\/halleffectkeyboard.com\/wp-content\/uploads\/2026\/05\/5-17-2048x1150.jpg 2048w, https:\/\/halleffectkeyboard.com\/wp-content\/uploads\/2026\/05\/5-17-18x10.jpg 18w, https:\/\/halleffectkeyboard.com\/wp-content\/uploads\/2026\/05\/5-17-1200x674.jpg 1200w\" sizes=\"auto, (max-width: 2560px) 100vw, 2560px\" data-no-translation=\"\" \/><br \/>\nH\u00e4ufig gestellte Fragen (FAQ)<\/h2>\n<p><strong>F: Ist der AULA AG60 eine gute Alternative zum Wooting 60HE?<\/strong> A: Absolut. Die AULA AG60 bietet professionelle Leistung. <strong>Hall-Effekt<\/strong> Leistung, einschlie\u00dflich <strong>Schnellausl\u00f6ser<\/strong> Und <strong>8000-Hz-Abfrage<\/strong>, zu einem Bruchteil der Kosten.<\/p>\n<p><strong>F: Worin besteht der Unterschied zwischen AULA AG60, Pro und Max?<\/strong> A: Die <strong>AULA AG60-Serie<\/strong> bietet verschiedene Leistungsstufen an. Die Basisversion AG60 bietet die grundlegenden Funktionen. <strong>magnetische Tastatur<\/strong> Die Pro- und Max-Versionen bieten eine verbesserte Leistung, verf\u00fcgen \u00fcber hochwertigere Materialien und fortschrittliche Softwarefunktionen.<\/p>\n<p><strong>F: Handelt es sich um eine Sonderanfertigung?<\/strong> A: Ja, es ist ein <strong>benutzerdefinierte Tastatur<\/strong> Plattform. Mit <strong>Hot-Swap-f\u00e4hige Schalter<\/strong> und ein <strong>obere Montage<\/strong> Aufgrund seiner Struktur ist es perfekt f\u00fcr Enthusiasten.<\/p>","protected":false},"excerpt":{"rendered":"<p>Mit der AULA AG60, einer Premium-Tastatur mit magnetischen 60%-Schaltern, dominieren Sie Ihre Gegner. Dank 0,1 ms Latenz, 8000 Hz Abtastrate und der hochpr\u00e4zisen Rapid-Trigger-Technologie ist sie die ultimative kompakte Gaming-Tastatur f\u00fcr FPS-, Valorant- und Rhythmusspiele. Erleben Sie professionelle Leistung in einem eleganten, Hot-Swap-f\u00e4higen und minimalistischen Design.<\/p>","protected":false},"featured_media":5504,"comment_status":"open","ping_status":"closed","template":"","meta":[],"product_brand":[54],"product_cat":[571,322,20],"product_tag":[606,58,22],"class_list":{"0":"post-5500","1":"product","2":"type-product","3":"status-publish","4":"has-post-thumbnail","6":"product_brand-aula","7":"product_cat-60-keyboard","8":"product_cat-hall-effect-keyboard","9":"product_cat-keyboard","10":"product_tag-60-keyboard","11":"product_tag-hall-effect-keyboard","12":"product_tag-keyboard","14":"first","15":"instock","16":"taxable","17":"shipping-taxable","18":"purchasable","19":"product-type-variable","20":"wvs-archive-product-wrapper"},"aioseo_notices":[],"ct_brands":[{"id":54,"name":"AULA","slug":"aula"}],"jetpack_sharing_enabled":true,"_links":{"self":[{"href":"https:\/\/halleffectkeyboard.com\/de\/wp-json\/wp\/v2\/product\/5500","targetHints":{"allow":["GET"]}}],"collection":[{"href":"https:\/\/halleffectkeyboard.com\/de\/wp-json\/wp\/v2\/product"}],"about":[{"href":"https:\/\/halleffectkeyboard.com\/de\/wp-json\/wp\/v2\/types\/product"}],"replies":[{"embeddable":true,"href":"https:\/\/halleffectkeyboard.com\/de\/wp-json\/wp\/v2\/comments?post=5500"}],"version-history":[{"count":4,"href":"https:\/\/halleffectkeyboard.com\/de\/wp-json\/wp\/v2\/product\/5500\/revisions"}],"predecessor-version":[{"id":5517,"href":"https:\/\/halleffectkeyboard.com\/de\/wp-json\/wp\/v2\/product\/5500\/revisions\/5517"}],"wp:featuredmedia":[{"embeddable":true,"href":"https:\/\/halleffectkeyboard.com\/de\/wp-json\/wp\/v2\/media\/5504"}],"wp:attachment":[{"href":"https:\/\/halleffectkeyboard.com\/de\/wp-json\/wp\/v2\/media?parent=5500"}],"wp:term":[{"taxonomy":"product_brand","embeddable":true,"href":"https:\/\/halleffectkeyboard.com\/de\/wp-json\/wp\/v2\/product_brand?post=5500"},{"taxonomy":"product_cat","embeddable":true,"href":"https:\/\/halleffectkeyboard.com\/de\/wp-json\/wp\/v2\/product_cat?post=5500"},{"taxonomy":"product_tag","embeddable":true,"href":"https:\/\/halleffectkeyboard.com\/de\/wp-json\/wp\/v2\/product_tag?post=5500"}],"curies":[{"name":"wp","href":"https:\/\/api.w.org\/{rel}","templated":true}]}}