{"id":5297,"date":"2026-05-07T16:29:22","date_gmt":"2026-05-07T08:29:22","guid":{"rendered":"https:\/\/halleffectkeyboard.com\/?post_type=product&#038;p=5297"},"modified":"2026-05-07T16:49:58","modified_gmt":"2026-05-07T08:49:58","slug":"atk-x-qk-hex80-hall-effect-keyboard","status":"publish","type":"product","link":"https:\/\/halleffectkeyboard.com\/de\/produkt\/atk-x-qk-hex80-hall-effekt-tastatur\/","title":{"rendered":"ATK x QK Hex80 Hall-Effekt-Tastatur"},"content":{"rendered":"<h1><strong>ATK x QK Hex80: Die ultimative 8K TKL-Tastatur mit Hall-Effekt<br \/>\n<img loading=\"lazy\" decoding=\"async\" class=\"alignnone size-full wp-image-5325\" src=\"https:\/\/halleffectkeyboard.com\/wp-content\/uploads\/2026\/05\/7-5-scaled.jpg\" alt=\"ATK x QK Hex80 Hall Effect Keyboard\" width=\"2560\" height=\"1437\" srcset=\"https:\/\/halleffectkeyboard.com\/wp-content\/uploads\/2026\/05\/7-5-scaled.jpg 2560w, https:\/\/halleffectkeyboard.com\/wp-content\/uploads\/2026\/05\/7-5-300x168.jpg 300w, https:\/\/halleffectkeyboard.com\/wp-content\/uploads\/2026\/05\/7-5-1024x575.jpg 1024w, https:\/\/halleffectkeyboard.com\/wp-content\/uploads\/2026\/05\/7-5-768x431.jpg 768w, https:\/\/halleffectkeyboard.com\/wp-content\/uploads\/2026\/05\/7-5-1536x862.jpg 1536w, https:\/\/halleffectkeyboard.com\/wp-content\/uploads\/2026\/05\/7-5-2048x1150.jpg 2048w, https:\/\/halleffectkeyboard.com\/wp-content\/uploads\/2026\/05\/7-5-18x10.jpg 18w, https:\/\/halleffectkeyboard.com\/wp-content\/uploads\/2026\/05\/7-5-1200x674.jpg 1200w\" sizes=\"auto, (max-width: 2560px) 100vw, 2560px\" data-no-translation=\"\" \/><br \/>\n<\/strong><\/h1>\n<p>Auf der Suche nach dem <strong>beste magnetische TKL-Tastatur<\/strong> Du willst dein Spielerlebnis verbessern? Dann lerne die <strong>ATK x QK Hex80 Hall-Effekt-Tastatur<\/strong>, eine wegweisende Zusammenarbeit zwischen <strong>ATK<\/strong> Und <strong>Qwertykeys (QK)<\/strong>. Entwickelt f\u00fcr ambitionierte Gamer und Liebhaber individueller Tastaturen, <strong>80%-Tastatur<\/strong> kombiniert modernste <strong>Schnellausl\u00f6ser<\/strong> Technologie mit erstklassiger, ma\u00dfgeschneiderter Akustik.<\/p>\n<p>Egal, ob Sie nach dem\/der\/dem suchen <strong>beste Tastatur f\u00fcr Valorant<\/strong>, ein blitzschnell <strong>Rapid Trigger-Tastatur f\u00fcr osu!<\/strong>, oder die <strong>Beste Tastatur f\u00fcr Seitw\u00e4rtsbewegungen in CS2<\/strong>, Die <strong>ATK Hex80<\/strong> bietet un\u00fcbertroffene Pr\u00e4zision und ein erstklassiges Tipperlebnis.<br \/>\n<img loading=\"lazy\" decoding=\"async\" class=\"alignnone size-full wp-image-5319\" src=\"https:\/\/halleffectkeyboard.com\/wp-content\/uploads\/2026\/05\/1-11-scaled.jpg\" alt=\"ATK x QK Hex80 Hall Effect Keyboard\" width=\"2560\" height=\"1437\" srcset=\"https:\/\/halleffectkeyboard.com\/wp-content\/uploads\/2026\/05\/1-11-scaled.jpg 2560w, https:\/\/halleffectkeyboard.com\/wp-content\/uploads\/2026\/05\/1-11-300x168.jpg 300w, https:\/\/halleffectkeyboard.com\/wp-content\/uploads\/2026\/05\/1-11-1024x575.jpg 1024w, https:\/\/halleffectkeyboard.com\/wp-content\/uploads\/2026\/05\/1-11-768x431.jpg 768w, https:\/\/halleffectkeyboard.com\/wp-content\/uploads\/2026\/05\/1-11-1536x862.jpg 1536w, https:\/\/halleffectkeyboard.com\/wp-content\/uploads\/2026\/05\/1-11-2048x1150.jpg 2048w, https:\/\/halleffectkeyboard.com\/wp-content\/uploads\/2026\/05\/1-11-18x10.jpg 18w, https:\/\/halleffectkeyboard.com\/wp-content\/uploads\/2026\/05\/1-11-1200x674.jpg 1200w\" sizes=\"auto, (max-width: 2560px) 100vw, 2560px\" data-no-translation=\"\" \/><\/p>\n<h2><strong>Un\u00fcbertroffene E-Sport-Leistung<\/strong><\/h2>\n<p>Ausgestattet mit der ATK Blazing Wind Magnetic Switch Solution und mit Premium-Funktionen <strong>OwLab Ti Magnetschalter<\/strong>, Das <strong>HE-Tastatur<\/strong> ist auf pure Geschwindigkeit ausgelegt.<\/p>\n<ul>\n<li><strong>0,005 mm Bet\u00e4tigungsweg Tastatur:<\/strong>\u00a0Branchenf\u00fchrende, einstellbare Ausl\u00f6setiefe (0,005 mm \u2013 3,3 mm) f\u00fcr pixelgenaue Steuerung.<\/li>\n<li><strong>8K Hz Rapid Trigger Keyboard:<\/strong>\u00a0Erleben Sie verz\u00f6gerungsfreies Arbeiten mit einem\u00a0<strong>Tastatur mit 8K-Abtastrate<\/strong>\u00a0Architektur, die eine extrem niedrige Latenz von 0,08 ms erm\u00f6glicht.<\/li>\n<li><strong>Extremmodus:<\/strong>\u00a0Erm\u00f6glicht ultraschnelles, stabiles Triggern ohne Eingabefehler und ist damit das ultimative\u00a0<strong>E-Sport-Gaming-Tastatur<\/strong>.<img loading=\"lazy\" decoding=\"async\" class=\"alignnone size-full wp-image-5320\" src=\"https:\/\/halleffectkeyboard.com\/wp-content\/uploads\/2026\/05\/2-11-scaled.jpg\" alt=\"ATK x QK Hex80 Hall Effect Keyboard\" width=\"2560\" height=\"1437\" srcset=\"https:\/\/halleffectkeyboard.com\/wp-content\/uploads\/2026\/05\/2-11-scaled.jpg 2560w, https:\/\/halleffectkeyboard.com\/wp-content\/uploads\/2026\/05\/2-11-300x168.jpg 300w, https:\/\/halleffectkeyboard.com\/wp-content\/uploads\/2026\/05\/2-11-1024x575.jpg 1024w, https:\/\/halleffectkeyboard.com\/wp-content\/uploads\/2026\/05\/2-11-768x431.jpg 768w, https:\/\/halleffectkeyboard.com\/wp-content\/uploads\/2026\/05\/2-11-1536x862.jpg 1536w, https:\/\/halleffectkeyboard.com\/wp-content\/uploads\/2026\/05\/2-11-2048x1150.jpg 2048w, https:\/\/halleffectkeyboard.com\/wp-content\/uploads\/2026\/05\/2-11-18x10.jpg 18w, https:\/\/halleffectkeyboard.com\/wp-content\/uploads\/2026\/05\/2-11-1200x674.jpg 1200w\" sizes=\"auto, (max-width: 2560px) 100vw, 2560px\" data-no-translation=\"\" \/><\/li>\n<\/ul>\n<h2><strong><img loading=\"lazy\" decoding=\"async\" class=\"alignnone size-full wp-image-5321\" src=\"https:\/\/halleffectkeyboard.com\/wp-content\/uploads\/2026\/05\/3-12-scaled.jpg\" alt=\"ATK x QK Hex80 Hall Effect Keyboard\" width=\"2560\" height=\"1437\" srcset=\"https:\/\/halleffectkeyboard.com\/wp-content\/uploads\/2026\/05\/3-12-scaled.jpg 2560w, https:\/\/halleffectkeyboard.com\/wp-content\/uploads\/2026\/05\/3-12-300x168.jpg 300w, https:\/\/halleffectkeyboard.com\/wp-content\/uploads\/2026\/05\/3-12-1024x575.jpg 1024w, https:\/\/halleffectkeyboard.com\/wp-content\/uploads\/2026\/05\/3-12-768x431.jpg 768w, https:\/\/halleffectkeyboard.com\/wp-content\/uploads\/2026\/05\/3-12-1536x862.jpg 1536w, https:\/\/halleffectkeyboard.com\/wp-content\/uploads\/2026\/05\/3-12-2048x1150.jpg 2048w, https:\/\/halleffectkeyboard.com\/wp-content\/uploads\/2026\/05\/3-12-18x10.jpg 18w, https:\/\/halleffectkeyboard.com\/wp-content\/uploads\/2026\/05\/3-12-1200x674.jpg 1200w\" sizes=\"auto, (max-width: 2560px) 100vw, 2560px\" data-no-translation=\"\" \/><br \/>\nHochwertige Verarbeitung &amp; \u201cThockey\u201d-Akustik<\/strong><\/h2>\n<p>Im Gegensatz zu herk\u00f6mmlichen Gaming-Peripherieger\u00e4ten <strong>QK Hex80<\/strong> ist ein <strong>vorkonfigurierte Tastatur<\/strong> das keine Kompromisse beim Klang oder Spielgef\u00fchl eingeht.<\/p>\n<ul>\n<li><strong>HE-Tastatur mit Dichtungsmontage:<\/strong>\u00a0Verf\u00fcgt \u00fcber ein mehrschichtiges Schalld\u00e4mpfungssystem, das zu einem klaren, tiefen Klangprofil f\u00fchrt und es zu einem echten\u00a0<strong>Thocky-Magnettastatur<\/strong>.<\/li>\n<li><strong>HE-Tastatur mit Aluminiumgeh\u00e4use:<\/strong>\u00a0CNC-gefr\u00e4stes Aluminium mit einer veredelten, eloxierten\/spr\u00fchbeschichteten Oberfl\u00e4che aus 220-Mesh-Siebgewebe f\u00fcr au\u00dfergew\u00f6hnliche Haltbarkeit und Textur.<\/li>\n<li><strong>Mattierte PC-Tastenkappen:<\/strong>\u00a0Komfortable Tastenkappen im Cherry-Profil, die eine hervorragende RGB-Lichtdurchl\u00e4ssigkeit bieten.<br \/>\n<img loading=\"lazy\" decoding=\"async\" class=\"alignnone size-full wp-image-5322\" src=\"https:\/\/halleffectkeyboard.com\/wp-content\/uploads\/2026\/05\/4-11-scaled.jpg\" alt=\"ATK x QK Hex80 Hall Effect Keyboard\" width=\"2560\" height=\"1437\" srcset=\"https:\/\/halleffectkeyboard.com\/wp-content\/uploads\/2026\/05\/4-11-scaled.jpg 2560w, https:\/\/halleffectkeyboard.com\/wp-content\/uploads\/2026\/05\/4-11-300x168.jpg 300w, https:\/\/halleffectkeyboard.com\/wp-content\/uploads\/2026\/05\/4-11-1024x575.jpg 1024w, https:\/\/halleffectkeyboard.com\/wp-content\/uploads\/2026\/05\/4-11-768x431.jpg 768w, https:\/\/halleffectkeyboard.com\/wp-content\/uploads\/2026\/05\/4-11-1536x862.jpg 1536w, https:\/\/halleffectkeyboard.com\/wp-content\/uploads\/2026\/05\/4-11-2048x1150.jpg 2048w, https:\/\/halleffectkeyboard.com\/wp-content\/uploads\/2026\/05\/4-11-18x10.jpg 18w, https:\/\/halleffectkeyboard.com\/wp-content\/uploads\/2026\/05\/4-11-1200x674.jpg 1200w\" sizes=\"auto, (max-width: 2560px) 100vw, 2560px\" data-no-translation=\"\" \/><\/li>\n<\/ul>\n<h2><strong>Wie schneidet es im Vergleich ab?<\/strong><\/h2>\n<p>Wenn Sie nach dem\/der\/dem suchen <strong>beste Wooting-Alternative<\/strong>, Die <strong>ATK QK Hex80 Hall-Effekt-Tastatur<\/strong> ist die endg\u00fcltige Antwort. Beim Vergleich der <strong>ATK Hex80 vs Wooting 80HE<\/strong>, <strong>QK Hex80 vs Boog75<\/strong>, oder <strong>ATK Hex80 vs DrunkDeer A75<\/strong>, Das Hex80 zeichnet sich durch seine \u00fcberragende, ma\u00dfgefertigte Akustik aus, die es seiner <strong>Tastatur mit Hall-Effekt und Dichtungsmontage<\/strong> Struktur. H\u00f6ren Sie sich einfach irgendetwas an. <strong>Qwertykeys Hex80 Testbericht<\/strong> oder <strong>ATK Hex80 Soundtest<\/strong> Den gewaltigen Unterschied in der Tippqualit\u00e4t zu h\u00f6ren.<br \/>\n<img loading=\"lazy\" decoding=\"async\" class=\"alignnone size-full wp-image-5324\" src=\"https:\/\/halleffectkeyboard.com\/wp-content\/uploads\/2026\/05\/6-5-scaled.jpg\" alt=\"ATK x QK Hex80 Hall Effect Keyboard\" width=\"2560\" height=\"1437\" srcset=\"https:\/\/halleffectkeyboard.com\/wp-content\/uploads\/2026\/05\/6-5-scaled.jpg 2560w, https:\/\/halleffectkeyboard.com\/wp-content\/uploads\/2026\/05\/6-5-300x168.jpg 300w, https:\/\/halleffectkeyboard.com\/wp-content\/uploads\/2026\/05\/6-5-1024x575.jpg 1024w, https:\/\/halleffectkeyboard.com\/wp-content\/uploads\/2026\/05\/6-5-768x431.jpg 768w, https:\/\/halleffectkeyboard.com\/wp-content\/uploads\/2026\/05\/6-5-1536x862.jpg 1536w, https:\/\/halleffectkeyboard.com\/wp-content\/uploads\/2026\/05\/6-5-2048x1150.jpg 2048w, https:\/\/halleffectkeyboard.com\/wp-content\/uploads\/2026\/05\/6-5-18x10.jpg 18w, https:\/\/halleffectkeyboard.com\/wp-content\/uploads\/2026\/05\/6-5-1200x674.jpg 1200w\" sizes=\"auto, (max-width: 2560px) 100vw, 2560px\" data-no-translation=\"\" \/><\/p>\n<h2><strong>Kernspezifikationen<\/strong><\/h2>\n<ul>\n<li><strong>Layout:<\/strong>\u00a0<strong>TKL-Tastatur<\/strong>\u00a0\/ 88 Tasten<\/li>\n<li><strong>Struktur:<\/strong>\u00a0Dichtungsmontage mit mehrlagiger D\u00e4mpfung<\/li>\n<li><strong>Geh\u00e4usematerial:<\/strong>\u00a0CNC-gefr\u00e4stes Aluminium<\/li>\n<li><strong>Schalter:<\/strong>\u00a0<strong>OwLab Ti-Schaltertastatur<\/strong>\u00a0(Tastatur mit magnetischen Schaltern)<\/li>\n<li><strong>RT-Bereich:<\/strong>\u00a00,005 mm \u2013 3,3 mm (Schritte von 0,005 mm)<\/li>\n<li><strong>Wahlbeteiligung:<\/strong>\u00a0Bis zu 8000 Hz (8K)<\/li>\n<li><strong>Latenz:<\/strong>\u00a00,08 ms<\/li>\n<li><strong>Merkmale:<\/strong>\u00a0RT-Extremmodus, vollst\u00e4ndig programmierbare Tasten, RGB-Beleuchtung<br \/>\n<img loading=\"lazy\" decoding=\"async\" class=\"alignnone size-full wp-image-5323\" src=\"https:\/\/halleffectkeyboard.com\/wp-content\/uploads\/2026\/05\/5-10-scaled.jpg\" alt=\"ATK x QK Hex80 Hall Effect Keyboard\" width=\"2560\" height=\"1437\" srcset=\"https:\/\/halleffectkeyboard.com\/wp-content\/uploads\/2026\/05\/5-10-scaled.jpg 2560w, https:\/\/halleffectkeyboard.com\/wp-content\/uploads\/2026\/05\/5-10-300x168.jpg 300w, https:\/\/halleffectkeyboard.com\/wp-content\/uploads\/2026\/05\/5-10-1024x575.jpg 1024w, https:\/\/halleffectkeyboard.com\/wp-content\/uploads\/2026\/05\/5-10-768x431.jpg 768w, https:\/\/halleffectkeyboard.com\/wp-content\/uploads\/2026\/05\/5-10-1536x862.jpg 1536w, https:\/\/halleffectkeyboard.com\/wp-content\/uploads\/2026\/05\/5-10-2048x1150.jpg 2048w, https:\/\/halleffectkeyboard.com\/wp-content\/uploads\/2026\/05\/5-10-18x10.jpg 18w, https:\/\/halleffectkeyboard.com\/wp-content\/uploads\/2026\/05\/5-10-1200x674.jpg 1200w\" sizes=\"auto, (max-width: 2560px) 100vw, 2560px\" data-no-translation=\"\" \/><\/li>\n<\/ul>\n<h2><strong>R\u00fcsten Sie Ihr System noch heute auf!<\/strong><\/h2>\n<p>Bereit, die Ranglisten anzuf\u00fchren? Wenn du willst <strong>ATK QK Hex80 kaufen<\/strong>, Sie investieren in ein erstklassiges Produkt. <strong>HE-Gaming-Tastatur nach Ma\u00df auf Lager<\/strong> Das definiert die Meta neu. Es bietet ein unglaublich wettbewerbsf\u00e4higes Umfeld. <strong>Preis f\u00fcr QWERTY-Tastaturen (Hex80 HE)<\/strong> Mit seinen Funktionen bietet es die perfekte Mischung aus roher E-Sport-Geschwindigkeit und handwerklicher Perfektion auf Enthusiastenniveau.<\/p>","protected":false},"excerpt":{"rendered":"<p>Dominiere die Konkurrenz mit dem ultimativen <strong>TKL-Magnettastatur<\/strong>, Die Hex80 wurde in Zusammenarbeit von ATK und Qwertykeys entwickelt. Sie vereint kompromisslose Geschwindigkeit f\u00fcr E-Sport mit erstklassiger Akustik und ist f\u00fcr Spieler konzipiert, die keine Kompromisse eingehen wollen.<\/p>\n<ul>\n<li><strong>Ultraschnelle Geschwindigkeit:<\/strong>\u00a08 kHz Abfragerate bei einer nahezu nicht vorhandenen Latenz von 0,08 ms.<\/li>\n<li><strong>Pixelgenaue Steuerung:<\/strong>\u00a0Einstellbarer Schnellausl\u00f6ser (RT) mit branchenf\u00fchrender Pr\u00e4zision von 0,005 mm.<\/li>\n<li><strong>Premium-Sonderanfertigung:<\/strong>\u00a0CNC-gefr\u00e4stes Aluminiumgeh\u00e4use mit Dichtungsmontage.<\/li>\n<li><strong>\u00dcberragende Akustik:<\/strong>\u00a0Mehrschichtige Schalld\u00e4mpfung und OwLab Ti-Magnetschalter f\u00fcr ein besonders befriedigendes, \u201cthocky\u201d Tippgef\u00fchl.<\/li>\n<\/ul>","protected":false},"featured_media":5312,"comment_status":"open","ping_status":"closed","template":"","meta":[],"product_brand":[226],"product_cat":[322,20],"product_tag":[386,185,22],"class_list":{"0":"post-5297","1":"product","2":"type-product","3":"status-publish","4":"has-post-thumbnail","6":"product_brand-atk","7":"product_cat-hall-effect-keyboard","8":"product_cat-keyboard","9":"product_tag-gaming-keyboard","10":"product_tag-hall-effect-switches","11":"product_tag-keyboard","13":"first","14":"instock","15":"taxable","16":"shipping-taxable","17":"purchasable","18":"product-type-variable","19":"wvs-archive-product-wrapper"},"aioseo_notices":[],"ct_brands":[{"id":226,"name":"ATK","slug":"atk"}],"jetpack_sharing_enabled":true,"_links":{"self":[{"href":"https:\/\/halleffectkeyboard.com\/de\/wp-json\/wp\/v2\/product\/5297","targetHints":{"allow":["GET"]}}],"collection":[{"href":"https:\/\/halleffectkeyboard.com\/de\/wp-json\/wp\/v2\/product"}],"about":[{"href":"https:\/\/halleffectkeyboard.com\/de\/wp-json\/wp\/v2\/types\/product"}],"replies":[{"embeddable":true,"href":"https:\/\/halleffectkeyboard.com\/de\/wp-json\/wp\/v2\/comments?post=5297"}],"version-history":[{"count":3,"href":"https:\/\/halleffectkeyboard.com\/de\/wp-json\/wp\/v2\/product\/5297\/revisions"}],"predecessor-version":[{"id":5328,"href":"https:\/\/halleffectkeyboard.com\/de\/wp-json\/wp\/v2\/product\/5297\/revisions\/5328"}],"wp:featuredmedia":[{"embeddable":true,"href":"https:\/\/halleffectkeyboard.com\/de\/wp-json\/wp\/v2\/media\/5312"}],"wp:attachment":[{"href":"https:\/\/halleffectkeyboard.com\/de\/wp-json\/wp\/v2\/media?parent=5297"}],"wp:term":[{"taxonomy":"product_brand","embeddable":true,"href":"https:\/\/halleffectkeyboard.com\/de\/wp-json\/wp\/v2\/product_brand?post=5297"},{"taxonomy":"product_cat","embeddable":true,"href":"https:\/\/halleffectkeyboard.com\/de\/wp-json\/wp\/v2\/product_cat?post=5297"},{"taxonomy":"product_tag","embeddable":true,"href":"https:\/\/halleffectkeyboard.com\/de\/wp-json\/wp\/v2\/product_tag?post=5297"}],"curies":[{"name":"wp","href":"https:\/\/api.w.org\/{rel}","templated":true}]}}