{"id":5264,"date":"2026-05-07T14:04:15","date_gmt":"2026-05-07T06:04:15","guid":{"rendered":"https:\/\/halleffectkeyboard.com\/?post_type=product&#038;p=5264"},"modified":"2026-05-07T15:09:52","modified_gmt":"2026-05-07T07:09:52","slug":"atk-f1-extreme-wireless-mouse-leviatan-edition","status":"publish","type":"product","link":"https:\/\/halleffectkeyboard.com\/de\/produkt\/atk-f1-extreme-wireless-mouse-leviatan-edition\/","title":{"rendered":"ATK F1 Extreme Wireless Mouse \u2013 LEVIATAN Edition"},"content":{"rendered":"<h1>ATK F1 Extreme Wireless Mouse \u2013 LEVIATAN Edition<\/h1>\n<h2>Die ultimative Co-Branding-Gaming-Maus f\u00fcr E-Sport-Profis<br \/>\n<img loading=\"lazy\" decoding=\"async\" class=\"alignnone size-full wp-image-5271\" src=\"https:\/\/halleffectkeyboard.com\/wp-content\/uploads\/2026\/05\/1-9-scaled.jpg\" alt=\"ATK F1 Extreme Wireless Mouse - LEVIATAN Edition\" width=\"2560\" height=\"1437\" srcset=\"https:\/\/halleffectkeyboard.com\/wp-content\/uploads\/2026\/05\/1-9-scaled.jpg 2560w, https:\/\/halleffectkeyboard.com\/wp-content\/uploads\/2026\/05\/1-9-300x168.jpg 300w, https:\/\/halleffectkeyboard.com\/wp-content\/uploads\/2026\/05\/1-9-1024x575.jpg 1024w, https:\/\/halleffectkeyboard.com\/wp-content\/uploads\/2026\/05\/1-9-768x431.jpg 768w, https:\/\/halleffectkeyboard.com\/wp-content\/uploads\/2026\/05\/1-9-1536x862.jpg 1536w, https:\/\/halleffectkeyboard.com\/wp-content\/uploads\/2026\/05\/1-9-2048x1150.jpg 2048w, https:\/\/halleffectkeyboard.com\/wp-content\/uploads\/2026\/05\/1-9-18x10.jpg 18w, https:\/\/halleffectkeyboard.com\/wp-content\/uploads\/2026\/05\/1-9-1200x674.jpg 1200w\" sizes=\"auto, (max-width: 2560px) 100vw, 2560px\" data-no-translation=\"\" \/><\/h2>\n<p>Erleben Sie den H\u00f6hepunkt des kompetitiven Gamings mit dem <strong>ATK F1 Extreme Wireless Mouse \u2013 LEVIATAN Edition<\/strong>. Entstanden aus einem exklusiven <strong>Zusammenarbeit mit LEVIATAN<\/strong>, dieses High-End <strong>kabellose E-Sport-Maus<\/strong> Verbindet erstklassige Hardware mit einem ultraleichten, ergonomischen Design. Als offizieller <strong>Leviatan Team Gaming-Maus<\/strong>, Die <strong>ATK Blazing Sky F1 Extreme<\/strong> wurde entwickelt, um sowohl professionellen Spielern als auch FPS-Enthusiasten pr\u00e4zises Tracking, extrem niedrige Latenz und ganzt\u00e4gigen Komfort zu bieten.<\/p>\n<h2><img loading=\"lazy\" decoding=\"async\" class=\"alignnone size-full wp-image-5274\" src=\"https:\/\/halleffectkeyboard.com\/wp-content\/uploads\/2026\/05\/4-9-scaled.jpg\" alt=\"ATK F1 Extreme Wireless Mouse - LEVIATAN Edition\" width=\"2560\" height=\"1437\" srcset=\"https:\/\/halleffectkeyboard.com\/wp-content\/uploads\/2026\/05\/4-9-scaled.jpg 2560w, https:\/\/halleffectkeyboard.com\/wp-content\/uploads\/2026\/05\/4-9-300x168.jpg 300w, https:\/\/halleffectkeyboard.com\/wp-content\/uploads\/2026\/05\/4-9-1024x575.jpg 1024w, https:\/\/halleffectkeyboard.com\/wp-content\/uploads\/2026\/05\/4-9-768x431.jpg 768w, https:\/\/halleffectkeyboard.com\/wp-content\/uploads\/2026\/05\/4-9-1536x862.jpg 1536w, https:\/\/halleffectkeyboard.com\/wp-content\/uploads\/2026\/05\/4-9-2048x1150.jpg 2048w, https:\/\/halleffectkeyboard.com\/wp-content\/uploads\/2026\/05\/4-9-18x10.jpg 18w, https:\/\/halleffectkeyboard.com\/wp-content\/uploads\/2026\/05\/4-9-1200x674.jpg 1200w\" sizes=\"auto, (max-width: 2560px) 100vw, 2560px\" data-no-translation=\"\" \/><br \/>\nUn\u00fcbertroffene Kernleistung und Hardware<\/h2>\n<ul>\n<li><strong>Flaggschiff-Sensor PAW3950:<\/strong>\u00a0Beherrschen Sie den Wettbewerb mit der branchenf\u00fchrenden\u00a0<strong>PAW3950-Sensor<\/strong>. Das\u00a0<strong>PAW3950 kabellose Maus<\/strong>\u00a0bietet native Ultra-High-DPI-Aufl\u00f6sung, keine Cursorbeschleunigung und keinen Tracking-Drift und ist damit die\u00a0<strong>beste Maus f\u00fcr Valorant-Esports<\/strong>\u00a0wo schnelles Zielen und feinste Anpassungen entscheidend sind.<\/li>\n<li><strong>8K Hz Kabellose Gaming-Maus:<\/strong>\u00a0Verpassen Sie kein Bild. Mit dabei:\u00a0<strong>8K-Abtastrate-Maus \/ 8K-Dongle<\/strong>\u00a0Einrichtung, diese\u00a0<strong>PAW3950 8K kabellose Maus<\/strong>\u00a0garantiert eine Verbindung mit extrem niedriger Latenz und stabiler Signal\u00fcbertragung.<\/li>\n<li><strong>Steuerchip der n\u00e4chsten Generation:<\/strong>\u00a0Der integrierte, hochspezialisierte Hauptsteuerchip gew\u00e4hrleistet eine extrem pr\u00e4zise Cursorverfolgung.\u00a0<strong>webbasierte Software-Gaming-Maus<\/strong>, Sie k\u00f6nnen DPI, Abtastrate und RGB-Beleuchtung ganz einfach anpassen, ohne aufw\u00e4ndige Desktop-Anwendungen zu ben\u00f6tigen.<br \/>\n<img loading=\"lazy\" decoding=\"async\" class=\"alignnone size-full wp-image-5273\" src=\"https:\/\/halleffectkeyboard.com\/wp-content\/uploads\/2026\/05\/3-10-scaled.jpg\" alt=\"ATK F1 Extreme Wireless Mouse - LEVIATAN Edition\" width=\"2560\" height=\"1437\" srcset=\"https:\/\/halleffectkeyboard.com\/wp-content\/uploads\/2026\/05\/3-10-scaled.jpg 2560w, https:\/\/halleffectkeyboard.com\/wp-content\/uploads\/2026\/05\/3-10-300x168.jpg 300w, https:\/\/halleffectkeyboard.com\/wp-content\/uploads\/2026\/05\/3-10-1024x575.jpg 1024w, https:\/\/halleffectkeyboard.com\/wp-content\/uploads\/2026\/05\/3-10-768x431.jpg 768w, https:\/\/halleffectkeyboard.com\/wp-content\/uploads\/2026\/05\/3-10-1536x862.jpg 1536w, https:\/\/halleffectkeyboard.com\/wp-content\/uploads\/2026\/05\/3-10-2048x1150.jpg 2048w, https:\/\/halleffectkeyboard.com\/wp-content\/uploads\/2026\/05\/3-10-18x10.jpg 18w, https:\/\/halleffectkeyboard.com\/wp-content\/uploads\/2026\/05\/3-10-1200x674.jpg 1200w\" sizes=\"auto, (max-width: 2560px) 100vw, 2560px\" data-no-translation=\"\" \/><\/li>\n<\/ul>\n<h2>Ultraleichte Ergonomie &amp; exklusives Design<\/h2>\n<ul>\n<li><strong>35 g ultraleichte Gaming-Maus:<\/strong>\u00a0Mit einem erstaunlichen Gewicht von 35 Gramm\u00a0<strong>35g Gaming-Maus<\/strong>\u00a0Erm\u00f6glicht m\u00fcheloses Ziehen und Wischen. Seine klassische, ergonomische Form f\u00fcr die rechte Hand macht es zum perfekten Begleiter.\u00a0<strong>Leichte Maus f\u00fcr Claw-Grip<\/strong>\u00a0und ein Ideal\u00a0<strong>Gaming-Maus mit Fingertip-Griff<\/strong>, wodurch die Erm\u00fcdung des Handgelenks deutlich verringert wird.<br \/>\n<img loading=\"lazy\" decoding=\"async\" class=\"alignnone size-full wp-image-5272\" src=\"https:\/\/halleffectkeyboard.com\/wp-content\/uploads\/2026\/05\/2-9-scaled.jpg\" alt=\"ATK F1 Extreme Wireless Mouse - LEVIATAN Edition\" width=\"2560\" height=\"1437\" srcset=\"https:\/\/halleffectkeyboard.com\/wp-content\/uploads\/2026\/05\/2-9-scaled.jpg 2560w, https:\/\/halleffectkeyboard.com\/wp-content\/uploads\/2026\/05\/2-9-300x168.jpg 300w, https:\/\/halleffectkeyboard.com\/wp-content\/uploads\/2026\/05\/2-9-1024x575.jpg 1024w, https:\/\/halleffectkeyboard.com\/wp-content\/uploads\/2026\/05\/2-9-768x431.jpg 768w, https:\/\/halleffectkeyboard.com\/wp-content\/uploads\/2026\/05\/2-9-1536x862.jpg 1536w, https:\/\/halleffectkeyboard.com\/wp-content\/uploads\/2026\/05\/2-9-2048x1150.jpg 2048w, https:\/\/halleffectkeyboard.com\/wp-content\/uploads\/2026\/05\/2-9-18x10.jpg 18w, https:\/\/halleffectkeyboard.com\/wp-content\/uploads\/2026\/05\/2-9-1200x674.jpg 1200w\" sizes=\"auto, (max-width: 2560px) 100vw, 2560px\" data-no-translation=\"\" \/><\/li>\n<li><strong>Hochwertige, eisig-glatte Oberfl\u00e4che:<\/strong>\u00a0Heben Sie sich mit dem exklusiven Produkt ab.\u00a0<strong>LEVIATAN Edition Maus<\/strong>\u00a0\u00c4sthetisch ansprechend. Es zeichnet sich durch ein individuelles Farbschema, ein markantes Co-Branding und eine hochwertige Anti-Rutsch-Beschichtung aus.\u00a0<strong>Eisiges Finish<\/strong>. Dieses schwei\u00dfresistente\u00a0<strong>Gaming-Maus mit Eisbeschichtung<\/strong>\u00a0gew\u00e4hrleistet einen festen Halt auch bei intensiven Spielen.<\/li>\n<li><strong>Langlebige optische Schalter:<\/strong>\u00a0Konzipiert als Hochleistungsfahrzeug\u00a0<strong>optische Schalter, kabellose Maus<\/strong>, Es bietet ein pr\u00e4zises Klick-Feedback, einen schnellen R\u00fcckprall und eine verl\u00e4ngerte Lebensdauer f\u00fcr kontinuierliches, schnelles Klicken.<br \/>\n<img loading=\"lazy\" decoding=\"async\" class=\"alignnone size-full wp-image-5276\" src=\"https:\/\/halleffectkeyboard.com\/wp-content\/uploads\/2026\/05\/6-4-scaled.jpg\" alt=\"ATK F1 Extreme Wireless Mouse - LEVIATAN Edition\" width=\"2560\" height=\"1437\" srcset=\"https:\/\/halleffectkeyboard.com\/wp-content\/uploads\/2026\/05\/6-4-scaled.jpg 2560w, https:\/\/halleffectkeyboard.com\/wp-content\/uploads\/2026\/05\/6-4-300x168.jpg 300w, https:\/\/halleffectkeyboard.com\/wp-content\/uploads\/2026\/05\/6-4-1024x575.jpg 1024w, https:\/\/halleffectkeyboard.com\/wp-content\/uploads\/2026\/05\/6-4-768x431.jpg 768w, https:\/\/halleffectkeyboard.com\/wp-content\/uploads\/2026\/05\/6-4-1536x862.jpg 1536w, https:\/\/halleffectkeyboard.com\/wp-content\/uploads\/2026\/05\/6-4-2048x1150.jpg 2048w, https:\/\/halleffectkeyboard.com\/wp-content\/uploads\/2026\/05\/6-4-18x10.jpg 18w, https:\/\/halleffectkeyboard.com\/wp-content\/uploads\/2026\/05\/6-4-1200x674.jpg 1200w\" sizes=\"auto, (max-width: 2560px) 100vw, 2560px\" data-no-translation=\"\" \/><\/li>\n<\/ul>\n<h2>Zusammenfassung der technischen Spezifikationen<\/h2>\n<ul>\n<li><strong>Produkt:<\/strong>\u00a0<strong>ATK Blazing Sky F1<\/strong>\u00a0(Extreme Edition)<\/li>\n<li><strong>Sensor:<\/strong>\u00a0Optischer Sensor PAW3950<\/li>\n<li><strong>Gewicht:<\/strong>\u00a035 g<\/li>\n<li><strong>Wahlbeteiligung:<\/strong>\u00a0Bis zu 8000 Hz (8K-Dongle im Lieferumfang enthalten)<\/li>\n<li><strong>Konnektivit\u00e4t:<\/strong>\u00a02,4-GHz-Dualmodus (drahtlos + kabelgebunden)<\/li>\n<li><strong>Batterie:<\/strong>\u00a0Hochleistungsakku mit Schnellladefunktion<\/li>\n<li><strong>Gleitfl\u00fcge:<\/strong>\u00a0Hochwertige, ultra-glatte PTFE-Mausf\u00fc\u00dfe<\/li>\n<li><strong>Kompatibilit\u00e4t:<\/strong>\u00a0Plug-and-Play f\u00fcr Windows, macOS und Linux<\/li>\n<\/ul>\n<h2><img loading=\"lazy\" decoding=\"async\" class=\"alignnone size-full wp-image-5275\" src=\"https:\/\/halleffectkeyboard.com\/wp-content\/uploads\/2026\/05\/5-8-scaled.jpg\" alt=\"ATK F1 Extreme Wireless Mouse - LEVIATAN Edition\" width=\"2560\" height=\"1437\" srcset=\"https:\/\/halleffectkeyboard.com\/wp-content\/uploads\/2026\/05\/5-8-scaled.jpg 2560w, https:\/\/halleffectkeyboard.com\/wp-content\/uploads\/2026\/05\/5-8-300x168.jpg 300w, https:\/\/halleffectkeyboard.com\/wp-content\/uploads\/2026\/05\/5-8-1024x575.jpg 1024w, https:\/\/halleffectkeyboard.com\/wp-content\/uploads\/2026\/05\/5-8-768x431.jpg 768w, https:\/\/halleffectkeyboard.com\/wp-content\/uploads\/2026\/05\/5-8-1536x862.jpg 1536w, https:\/\/halleffectkeyboard.com\/wp-content\/uploads\/2026\/05\/5-8-2048x1150.jpg 2048w, https:\/\/halleffectkeyboard.com\/wp-content\/uploads\/2026\/05\/5-8-18x10.jpg 18w, https:\/\/halleffectkeyboard.com\/wp-content\/uploads\/2026\/05\/5-8-1200x674.jpg 1200w\" sizes=\"auto, (max-width: 2560px) 100vw, 2560px\" data-no-translation=\"\" \/><br \/>\nR\u00fcsten Sie Ihr System noch heute auf!<\/h2>\n<p>Bereit, dein Spiel mit der gleichen Ausr\u00fcstung wie die Profis auf ein neues Level zu heben? Schau dir die <strong>Preis f\u00fcr ATK Blazing Sky F1 Extreme<\/strong> Und <strong>ATK F1 Extreme Leviatan kaufen<\/strong> Sichere dir noch heute dein St\u00fcck E-Sport-Geschichte. Werde Teil der Elite-Gamer mit dem <strong>ATK F1 Extreme Wireless Maus<\/strong>.<\/p>","protected":false},"excerpt":{"rendered":"<p>Erleben Sie erstklassige E-Sport-Leistung mit dem <strong>ATK F1 Extreme Wireless Mouse \u2013 LEVIATAN Edition<\/strong>. Diese exklusive Gaming-Maus in Co-Branding wiegt nur 35 g und ist mit dem Flaggschiff-Sensor PAW3950, einer Abtastrate von 8.000 Hz f\u00fcr extrem niedrige Latenz und einer hochwertigen, rutschfesten Oberfl\u00e4che ausgestattet. Entwickelt f\u00fcr professionelle FPS-Spieler, die h\u00f6chste Pr\u00e4zision und Geschwindigkeit fordern.<\/p>","protected":false},"featured_media":5266,"comment_status":"open","ping_status":"closed","template":"","meta":[],"product_brand":[226],"product_cat":[331],"product_tag":[499,338,498],"class_list":{"0":"post-5264","1":"product","2":"type-product","3":"status-publish","4":"has-post-thumbnail","6":"product_brand-atk","7":"product_cat-mouse","8":"product_tag-gaming-mouse","9":"product_tag-mouse","10":"product_tag-wireless-mouse","12":"first","13":"instock","14":"taxable","15":"shipping-taxable","16":"purchasable","17":"product-type-variable","18":"wvs-archive-product-wrapper"},"aioseo_notices":[],"ct_brands":[{"id":226,"name":"ATK","slug":"atk"}],"jetpack_sharing_enabled":true,"_links":{"self":[{"href":"https:\/\/halleffectkeyboard.com\/de\/wp-json\/wp\/v2\/product\/5264","targetHints":{"allow":["GET"]}}],"collection":[{"href":"https:\/\/halleffectkeyboard.com\/de\/wp-json\/wp\/v2\/product"}],"about":[{"href":"https:\/\/halleffectkeyboard.com\/de\/wp-json\/wp\/v2\/types\/product"}],"replies":[{"embeddable":true,"href":"https:\/\/halleffectkeyboard.com\/de\/wp-json\/wp\/v2\/comments?post=5264"}],"version-history":[{"count":3,"href":"https:\/\/halleffectkeyboard.com\/de\/wp-json\/wp\/v2\/product\/5264\/revisions"}],"predecessor-version":[{"id":5279,"href":"https:\/\/halleffectkeyboard.com\/de\/wp-json\/wp\/v2\/product\/5264\/revisions\/5279"}],"wp:featuredmedia":[{"embeddable":true,"href":"https:\/\/halleffectkeyboard.com\/de\/wp-json\/wp\/v2\/media\/5266"}],"wp:attachment":[{"href":"https:\/\/halleffectkeyboard.com\/de\/wp-json\/wp\/v2\/media?parent=5264"}],"wp:term":[{"taxonomy":"product_brand","embeddable":true,"href":"https:\/\/halleffectkeyboard.com\/de\/wp-json\/wp\/v2\/product_brand?post=5264"},{"taxonomy":"product_cat","embeddable":true,"href":"https:\/\/halleffectkeyboard.com\/de\/wp-json\/wp\/v2\/product_cat?post=5264"},{"taxonomy":"product_tag","embeddable":true,"href":"https:\/\/halleffectkeyboard.com\/de\/wp-json\/wp\/v2\/product_tag?post=5264"}],"curies":[{"name":"wp","href":"https:\/\/api.w.org\/{rel}","templated":true}]}}